{"id":5449,"date":"2024-05-02T12:42:34","date_gmt":"2024-05-02T12:42:34","guid":{"rendered":"https:\/\/skaitytaknyga.lt\/?post_type=product&#038;p=5449"},"modified":"2026-03-05T12:20:47","modified_gmt":"2026-03-05T10:20:47","slug":"a-kristi-paskyrimo-vieta-nezinoma","status":"publish","type":"product","link":"https:\/\/skaitytaknyga.lt\/en\/produktas\/a-kristi-paskyrimo-vieta-nezinoma\/","title":{"rendered":"A. Kristi \u201ePaskyrimo vieta ne\u017einoma\u201c"},"content":{"rendered":"<p>Knygoje spausdinami \u017eymios detektyv\u0173 ra\u0161ytojos A. Kristi du romanai (\u201ePaskyrimo vieta ne\u017einoma\u201c ir \u201eTrij\u0173 veiksm\u0173 drama\u201c) bei apysaka (\u201eIspani\u0161ka skrynia\u201c). Pirmasis k\u016brinys kiek netik\u0117tas: autor\u0117, pasirinkusi jai \u201eneb\u016bding\u0105\u201c tem\u0105, rezgia intriguojant\u012f pasakojim\u0105 apie paslaptingai dingstan\u010dius mokslininkus ir Afrikos dykumoje \u012fkurt\u0105 mokslo tyrimo centr\u0105.<\/p>\n<p>Kituose dviejuose k\u016briniuose veikia garsusis seklys Erkiuklis Puaro. Pats pakli\u016bdamas \u012f gana keblias situacijas, detektyvas meistri\u0161kai i\u0161narplioja sud\u0117tingas \u017emog\u017eudystes.<\/p>\n","protected":false},"excerpt":{"rendered":"<p>Knygoje spausdinami \u017eymios detektyv\u0173 ra\u0161ytojos A. Kristi du romanai (\u201ePaskyrimo vieta ne\u017einoma\u201c ir \u201eTrij\u0173 veiksm\u0173 drama\u201c) bei apysaka (\u201eIspani\u0161ka skrynia\u201c). Pirmasis k\u016brinys kiek netik\u0117tas: autor\u0117, pasirinkusi jai \u201eneb\u016bding\u0105\u201c tem\u0105, rezgia intriguojant\u012f pasakojim\u0105 apie paslaptingai dingstan\u010dius mokslininkus ir Afrikos dykumoje \u012fkurt\u0105 mokslo tyrimo centr\u0105. Kituose dviejuose k\u016briniuose veikia garsusis seklys Erkiuklis Puaro. Pats pakli\u016bdamas \u012f gana keblias situacijas, detektyvas meistri\u0161kai i\u0161narplioja sud\u0117tingas \u017emog\u017eudystes.<\/p>\n","protected":false},"featured_media":2700,"comment_status":"closed","ping_status":"closed","template":"","meta":{"_acf_changed":false,"site-sidebar-layout":"default","site-content-layout":"","ast-site-content-layout":"default","site-content-style":"default","site-sidebar-style":"default","ast-global-header-display":"","ast-banner-title-visibility":"","ast-main-header-display":"","ast-hfb-above-header-display":"","ast-hfb-below-header-display":"","ast-hfb-mobile-header-display":"","site-post-title":"","ast-breadcrumbs-content":"","ast-featured-img":"","footer-sml-layout":"","ast-disable-related-posts":"","theme-transparent-header-meta":"","adv-header-id-meta":"","stick-header-meta":"","header-above-stick-meta":"","header-main-stick-meta":"","header-below-stick-meta":"","astra-migrate-meta-layouts":"default","ast-page-background-enabled":"default","ast-page-background-meta":{"desktop":{"background-color":"","background-image":"","background-repeat":"repeat","background-position":"center center","background-size":"auto","background-attachment":"scroll","background-type":"","background-media":"","overlay-type":"","overlay-color":"","overlay-opacity":"","overlay-gradient":""},"tablet":{"background-color":"","background-image":"","background-repeat":"repeat","background-position":"center center","background-size":"auto","background-attachment":"scroll","background-type":"","background-media":"","overlay-type":"","overlay-color":"","overlay-opacity":"","overlay-gradient":""},"mobile":{"background-color":"","background-image":"","background-repeat":"repeat","background-position":"center center","background-size":"auto","background-attachment":"scroll","background-type":"","background-media":"","overlay-type":"","overlay-color":"","overlay-opacity":"","overlay-gradient":""}},"ast-content-background-meta":{"desktop":{"background-color":"var(--ast-global-color-4)","background-image":"","background-repeat":"repeat","background-position":"center center","background-size":"auto","background-attachment":"scroll","background-type":"","background-media":"","overlay-type":"","overlay-color":"","overlay-opacity":"","overlay-gradient":""},"tablet":{"background-color":"var(--ast-global-color-4)","background-image":"","background-repeat":"repeat","background-position":"center center","background-size":"auto","background-attachment":"scroll","background-type":"","background-media":"","overlay-type":"","overlay-color":"","overlay-opacity":"","overlay-gradient":""},"mobile":{"background-color":"var(--ast-global-color-4)","background-image":"","background-repeat":"repeat","background-position":"center center","background-size":"auto","background-attachment":"scroll","background-type":"","background-media":"","overlay-type":"","overlay-color":"","overlay-opacity":"","overlay-gradient":""}}},"product_brand":[],"product_cat":[9581],"product_tag":[],"class_list":{"0":"post-5449","1":"product","2":"type-product","3":"status-publish","4":"has-post-thumbnail","6":"product_cat-kriminaliniai-romanai","7":"desktop-align-left","8":"tablet-align-left","9":"mobile-align-left","11":"first","12":"outofstock","13":"shipping-taxable","14":"purchasable","15":"product-type-simple"},"acf":[],"yoast_head":"<!-- This site is optimized with the Yoast SEO plugin v27.4 - https:\/\/yoast.com\/product\/yoast-seo-wordpress\/ -->\n<title>A. Kristi \u201ePaskyrimo vieta ne\u017einoma\u201c - Skaitytaknyga<\/title>\n<meta name=\"description\" content=\"Knygoje spausdinami \u017eymios detektyv\u0173 ra\u0161ytojos A. Kristi du romanai (\u201ePaskyrimo vieta ne\u017einoma\u201c ir \u201eTrij\u0173 veiksm\u0173 drama\u201c) bei apysaka (\u201eIspani\u0161ka\" \/>\n<meta name=\"robots\" content=\"index, follow, max-snippet:-1, max-image-preview:large, max-video-preview:-1\" \/>\n<link rel=\"canonical\" href=\"https:\/\/skaitytaknyga.lt\/en\/produktas\/a-kristi-paskyrimo-vieta-nezinoma\/\" \/>\n<meta property=\"og:locale\" content=\"en_GB\" \/>\n<meta property=\"og:locale:alternate\" content=\"lt_LT\" \/>\n<meta property=\"og:type\" content=\"article\" \/>\n<meta property=\"og:title\" content=\"A. Kristi \u201ePaskyrimo vieta ne\u017einoma\u201c - Skaitytaknyga\" \/>\n<meta property=\"og:description\" content=\"Knygoje spausdinami \u017eymios detektyv\u0173 ra\u0161ytojos A. Kristi du romanai (\u201ePaskyrimo vieta ne\u017einoma\u201c ir \u201eTrij\u0173 veiksm\u0173 drama\u201c) bei apysaka (\u201eIspani\u0161ka\" \/>\n<meta property=\"og:url\" content=\"https:\/\/skaitytaknyga.lt\/en\/produktas\/a-kristi-paskyrimo-vieta-nezinoma\/\" \/>\n<meta property=\"og:site_name\" content=\"Skaitytaknyga\" \/>\n<meta property=\"article:publisher\" content=\"https:\/\/www.facebook.com\/skaitytaknyga\/\" \/>\n<meta property=\"article:modified_time\" content=\"2026-03-05T10:20:47+00:00\" \/>\n<meta property=\"og:image\" content=\"https:\/\/skaitytaknyga.lt\/wp-content\/uploads\/2024\/04\/1462880331_img0027.jpg\" \/>\n\t<meta property=\"og:image:width\" content=\"266\" \/>\n\t<meta property=\"og:image:height\" content=\"430\" \/>\n\t<meta property=\"og:image:type\" content=\"image\/jpeg\" \/>\n<meta name=\"twitter:card\" content=\"summary_large_image\" \/>\n<script type=\"application\/ld+json\" class=\"yoast-schema-graph\">{\"@context\":\"https:\\\/\\\/schema.org\",\"@graph\":[{\"@type\":\"WebPage\",\"@id\":\"https:\\\/\\\/skaitytaknyga.lt\\\/produktas\\\/a-kristi-paskyrimo-vieta-nezinoma\\\/\",\"url\":\"https:\\\/\\\/skaitytaknyga.lt\\\/produktas\\\/a-kristi-paskyrimo-vieta-nezinoma\\\/\",\"name\":\"A. Kristi \u201ePaskyrimo vieta ne\u017einoma\u201c - Skaitytaknyga\",\"isPartOf\":{\"@id\":\"https:\\\/\\\/skaitytaknyga.lt\\\/#website\"},\"primaryImageOfPage\":{\"@id\":\"https:\\\/\\\/skaitytaknyga.lt\\\/produktas\\\/a-kristi-paskyrimo-vieta-nezinoma\\\/#primaryimage\"},\"image\":{\"@id\":\"https:\\\/\\\/skaitytaknyga.lt\\\/produktas\\\/a-kristi-paskyrimo-vieta-nezinoma\\\/#primaryimage\"},\"thumbnailUrl\":\"https:\\\/\\\/skaitytaknyga.lt\\\/wp-content\\\/uploads\\\/2024\\\/04\\\/1462880331_img0027.jpg\",\"datePublished\":\"2024-05-02T12:42:34+00:00\",\"dateModified\":\"2026-03-05T10:20:47+00:00\",\"description\":\"Knygoje spausdinami \u017eymios detektyv\u0173 ra\u0161ytojos A. Kristi du romanai (\u201ePaskyrimo vieta ne\u017einoma\u201c ir \u201eTrij\u0173 veiksm\u0173 drama\u201c) bei apysaka (\u201eIspani\u0161ka\",\"breadcrumb\":{\"@id\":\"https:\\\/\\\/skaitytaknyga.lt\\\/produktas\\\/a-kristi-paskyrimo-vieta-nezinoma\\\/#breadcrumb\"},\"inLanguage\":\"en-GB\",\"potentialAction\":[{\"@type\":\"ReadAction\",\"target\":[\"https:\\\/\\\/skaitytaknyga.lt\\\/produktas\\\/a-kristi-paskyrimo-vieta-nezinoma\\\/\"]}]},{\"@type\":\"ImageObject\",\"inLanguage\":\"en-GB\",\"@id\":\"https:\\\/\\\/skaitytaknyga.lt\\\/produktas\\\/a-kristi-paskyrimo-vieta-nezinoma\\\/#primaryimage\",\"url\":\"https:\\\/\\\/skaitytaknyga.lt\\\/wp-content\\\/uploads\\\/2024\\\/04\\\/1462880331_img0027.jpg\",\"contentUrl\":\"https:\\\/\\\/skaitytaknyga.lt\\\/wp-content\\\/uploads\\\/2024\\\/04\\\/1462880331_img0027.jpg\",\"width\":266,\"height\":430,\"caption\":\"1462880331 img0027\"},{\"@type\":\"BreadcrumbList\",\"@id\":\"https:\\\/\\\/skaitytaknyga.lt\\\/produktas\\\/a-kristi-paskyrimo-vieta-nezinoma\\\/#breadcrumb\",\"itemListElement\":[{\"@type\":\"ListItem\",\"position\":1,\"name\":\"Home\",\"item\":\"https:\\\/\\\/skaitytaknyga.lt\\\/\"},{\"@type\":\"ListItem\",\"position\":2,\"name\":\"Parduotuv\u0117\",\"item\":\"https:\\\/\\\/skaitytaknyga.lt\\\/knygu-parduotuve\\\/\"},{\"@type\":\"ListItem\",\"position\":3,\"name\":\"A. Kristi \u201ePaskyrimo vieta ne\u017einoma\u201c\"}]},{\"@type\":\"WebSite\",\"@id\":\"https:\\\/\\\/skaitytaknyga.lt\\\/#website\",\"url\":\"https:\\\/\\\/skaitytaknyga.lt\\\/\",\"name\":\"skaitytaknyga.lt\",\"description\":\"Skaitytaknyga.lt \u2013 tai ma\u017eas \u0161eimos verslas, kuris prasid\u0117jo nuo meil\u0117s knygoms ir siekio i\u0161gelb\u0117ti knygas nuo likimo prie konteinerio. Kas vienam nereikalingas daiktas \u2013 kitam lobis, o mes esame tarpininkai, kurie padeda abiems tapti laimingesniems ???? \u017dinome kaip nelengva i\u0161gyventi ma\u017eiems verslams, tad nuo \u0161iol, \u010dia rasite ir kit\u0173, ma\u017e\u0173 \u0161eim\u0173 versl\u0173, rank\u0173 darbo, dovan\u0173 sau ir artimiesiems.\",\"publisher\":{\"@id\":\"https:\\\/\\\/skaitytaknyga.lt\\\/#organization\"},\"potentialAction\":[{\"@type\":\"SearchAction\",\"target\":{\"@type\":\"EntryPoint\",\"urlTemplate\":\"https:\\\/\\\/skaitytaknyga.lt\\\/?s={search_term_string}\"},\"query-input\":{\"@type\":\"PropertyValueSpecification\",\"valueRequired\":true,\"valueName\":\"search_term_string\"}}],\"inLanguage\":\"en-GB\"},{\"@type\":\"Organization\",\"@id\":\"https:\\\/\\\/skaitytaknyga.lt\\\/#organization\",\"name\":\"skaitytaknyga.lt\",\"url\":\"https:\\\/\\\/skaitytaknyga.lt\\\/\",\"logo\":{\"@type\":\"ImageObject\",\"inLanguage\":\"en-GB\",\"@id\":\"https:\\\/\\\/skaitytaknyga.lt\\\/#\\\/schema\\\/logo\\\/image\\\/\",\"url\":\"https:\\\/\\\/skaitytaknyga.lt\\\/wp-content\\\/uploads\\\/2024\\\/05\\\/cropped-cropped-cropped-02_00843_jt3bggkj1j3HLc7SyY6rEUpg.jpeg\",\"contentUrl\":\"https:\\\/\\\/skaitytaknyga.lt\\\/wp-content\\\/uploads\\\/2024\\\/05\\\/cropped-cropped-cropped-02_00843_jt3bggkj1j3HLc7SyY6rEUpg.jpeg\",\"width\":1600,\"height\":1600,\"caption\":\"skaitytaknyga.lt\"},\"image\":{\"@id\":\"https:\\\/\\\/skaitytaknyga.lt\\\/#\\\/schema\\\/logo\\\/image\\\/\"},\"sameAs\":[\"https:\\\/\\\/www.facebook.com\\\/skaitytaknyga\\\/\"]}]}<\/script>\n<!-- \/ Yoast SEO plugin. -->","yoast_head_json":{"title":"A. Kristi \u201ePaskyrimo vieta ne\u017einoma\u201c - Skaitytaknyga","description":"Knygoje spausdinami \u017eymios detektyv\u0173 ra\u0161ytojos A. Kristi du romanai (\u201ePaskyrimo vieta ne\u017einoma\u201c ir \u201eTrij\u0173 veiksm\u0173 drama\u201c) bei apysaka (\u201eIspani\u0161ka","robots":{"index":"index","follow":"follow","max-snippet":"max-snippet:-1","max-image-preview":"max-image-preview:large","max-video-preview":"max-video-preview:-1"},"canonical":"https:\/\/skaitytaknyga.lt\/en\/produktas\/a-kristi-paskyrimo-vieta-nezinoma\/","og_locale":"en_GB","og_type":"article","og_title":"A. Kristi \u201ePaskyrimo vieta ne\u017einoma\u201c - Skaitytaknyga","og_description":"Knygoje spausdinami \u017eymios detektyv\u0173 ra\u0161ytojos A. Kristi du romanai (\u201ePaskyrimo vieta ne\u017einoma\u201c ir \u201eTrij\u0173 veiksm\u0173 drama\u201c) bei apysaka (\u201eIspani\u0161ka","og_url":"https:\/\/skaitytaknyga.lt\/en\/produktas\/a-kristi-paskyrimo-vieta-nezinoma\/","og_site_name":"Skaitytaknyga","article_publisher":"https:\/\/www.facebook.com\/skaitytaknyga\/","article_modified_time":"2026-03-05T10:20:47+00:00","og_image":[{"width":266,"height":430,"url":"https:\/\/skaitytaknyga.lt\/wp-content\/uploads\/2024\/04\/1462880331_img0027.jpg","type":"image\/jpeg"}],"twitter_card":"summary_large_image","schema":{"@context":"https:\/\/schema.org","@graph":[{"@type":"WebPage","@id":"https:\/\/skaitytaknyga.lt\/produktas\/a-kristi-paskyrimo-vieta-nezinoma\/","url":"https:\/\/skaitytaknyga.lt\/produktas\/a-kristi-paskyrimo-vieta-nezinoma\/","name":"A. Kristi \u201ePaskyrimo vieta ne\u017einoma\u201c - Skaitytaknyga","isPartOf":{"@id":"https:\/\/skaitytaknyga.lt\/#website"},"primaryImageOfPage":{"@id":"https:\/\/skaitytaknyga.lt\/produktas\/a-kristi-paskyrimo-vieta-nezinoma\/#primaryimage"},"image":{"@id":"https:\/\/skaitytaknyga.lt\/produktas\/a-kristi-paskyrimo-vieta-nezinoma\/#primaryimage"},"thumbnailUrl":"https:\/\/skaitytaknyga.lt\/wp-content\/uploads\/2024\/04\/1462880331_img0027.jpg","datePublished":"2024-05-02T12:42:34+00:00","dateModified":"2026-03-05T10:20:47+00:00","description":"Knygoje spausdinami \u017eymios detektyv\u0173 ra\u0161ytojos A. Kristi du romanai (\u201ePaskyrimo vieta ne\u017einoma\u201c ir \u201eTrij\u0173 veiksm\u0173 drama\u201c) bei apysaka (\u201eIspani\u0161ka","breadcrumb":{"@id":"https:\/\/skaitytaknyga.lt\/produktas\/a-kristi-paskyrimo-vieta-nezinoma\/#breadcrumb"},"inLanguage":"en-GB","potentialAction":[{"@type":"ReadAction","target":["https:\/\/skaitytaknyga.lt\/produktas\/a-kristi-paskyrimo-vieta-nezinoma\/"]}]},{"@type":"ImageObject","inLanguage":"en-GB","@id":"https:\/\/skaitytaknyga.lt\/produktas\/a-kristi-paskyrimo-vieta-nezinoma\/#primaryimage","url":"https:\/\/skaitytaknyga.lt\/wp-content\/uploads\/2024\/04\/1462880331_img0027.jpg","contentUrl":"https:\/\/skaitytaknyga.lt\/wp-content\/uploads\/2024\/04\/1462880331_img0027.jpg","width":266,"height":430,"caption":"1462880331 img0027"},{"@type":"BreadcrumbList","@id":"https:\/\/skaitytaknyga.lt\/produktas\/a-kristi-paskyrimo-vieta-nezinoma\/#breadcrumb","itemListElement":[{"@type":"ListItem","position":1,"name":"Home","item":"https:\/\/skaitytaknyga.lt\/"},{"@type":"ListItem","position":2,"name":"Parduotuv\u0117","item":"https:\/\/skaitytaknyga.lt\/knygu-parduotuve\/"},{"@type":"ListItem","position":3,"name":"A. Kristi \u201ePaskyrimo vieta ne\u017einoma\u201c"}]},{"@type":"WebSite","@id":"https:\/\/skaitytaknyga.lt\/#website","url":"https:\/\/skaitytaknyga.lt\/","name":"skaitytaknyga.lt","description":"Skaitytaknyga.lt \u2013 tai ma\u017eas \u0161eimos verslas, kuris prasid\u0117jo nuo meil\u0117s knygoms ir siekio i\u0161gelb\u0117ti knygas nuo likimo prie konteinerio. Kas vienam nereikalingas daiktas \u2013 kitam lobis, o mes esame tarpininkai, kurie padeda abiems tapti laimingesniems ???? \u017dinome kaip nelengva i\u0161gyventi ma\u017eiems verslams, tad nuo \u0161iol, \u010dia rasite ir kit\u0173, ma\u017e\u0173 \u0161eim\u0173 versl\u0173, rank\u0173 darbo, dovan\u0173 sau ir artimiesiems.","publisher":{"@id":"https:\/\/skaitytaknyga.lt\/#organization"},"potentialAction":[{"@type":"SearchAction","target":{"@type":"EntryPoint","urlTemplate":"https:\/\/skaitytaknyga.lt\/?s={search_term_string}"},"query-input":{"@type":"PropertyValueSpecification","valueRequired":true,"valueName":"search_term_string"}}],"inLanguage":"en-GB"},{"@type":"Organization","@id":"https:\/\/skaitytaknyga.lt\/#organization","name":"skaitytaknyga.lt","url":"https:\/\/skaitytaknyga.lt\/","logo":{"@type":"ImageObject","inLanguage":"en-GB","@id":"https:\/\/skaitytaknyga.lt\/#\/schema\/logo\/image\/","url":"https:\/\/skaitytaknyga.lt\/wp-content\/uploads\/2024\/05\/cropped-cropped-cropped-02_00843_jt3bggkj1j3HLc7SyY6rEUpg.jpeg","contentUrl":"https:\/\/skaitytaknyga.lt\/wp-content\/uploads\/2024\/05\/cropped-cropped-cropped-02_00843_jt3bggkj1j3HLc7SyY6rEUpg.jpeg","width":1600,"height":1600,"caption":"skaitytaknyga.lt"},"image":{"@id":"https:\/\/skaitytaknyga.lt\/#\/schema\/logo\/image\/"},"sameAs":["https:\/\/www.facebook.com\/skaitytaknyga\/"]}]}},"_links":{"self":[{"href":"https:\/\/skaitytaknyga.lt\/en\/wp-json\/wp\/v2\/product\/5449","targetHints":{"allow":["GET"]}}],"collection":[{"href":"https:\/\/skaitytaknyga.lt\/en\/wp-json\/wp\/v2\/product"}],"about":[{"href":"https:\/\/skaitytaknyga.lt\/en\/wp-json\/wp\/v2\/types\/product"}],"replies":[{"embeddable":true,"href":"https:\/\/skaitytaknyga.lt\/en\/wp-json\/wp\/v2\/comments?post=5449"}],"wp:featuredmedia":[{"embeddable":true,"href":"https:\/\/skaitytaknyga.lt\/en\/wp-json\/wp\/v2\/media\/2700"}],"wp:attachment":[{"href":"https:\/\/skaitytaknyga.lt\/en\/wp-json\/wp\/v2\/media?parent=5449"}],"wp:term":[{"taxonomy":"product_brand","embeddable":true,"href":"https:\/\/skaitytaknyga.lt\/en\/wp-json\/wp\/v2\/product_brand?post=5449"},{"taxonomy":"product_cat","embeddable":true,"href":"https:\/\/skaitytaknyga.lt\/en\/wp-json\/wp\/v2\/product_cat?post=5449"},{"taxonomy":"product_tag","embeddable":true,"href":"https:\/\/skaitytaknyga.lt\/en\/wp-json\/wp\/v2\/product_tag?post=5449"}],"curies":[{"name":"wp","href":"https:\/\/api.w.org\/{rel}","templated":true}]}}