{"id":5441,"date":"2024-05-02T12:42:28","date_gmt":"2024-05-02T12:42:28","guid":{"rendered":"https:\/\/skaitytaknyga.lt\/?post_type=product&#038;p=5441"},"modified":"2026-04-10T18:52:26","modified_gmt":"2026-04-10T15:52:26","slug":"c-harris-mirusiuju-klubas-3-dalis","status":"publish","type":"product","link":"https:\/\/skaitytaknyga.lt\/en\/produktas\/c-harris-mirusiuju-klubas-3-dalis\/","title":{"rendered":"Mirusi\u0173j\u0173 klubas (3 dalis)"},"content":{"rendered":"<p>Suk\u0117s Stekhaus vaikinas vampyras Bilas turi paslapt\u012f. Jis leid\u017eia laik\u0105 palink\u0119s prie kompiuterio, ne tik kad nepastebi i\u0161 darbo bare gr\u012f\u017eusios Suk\u0117s, bet netgi nesurenka i\u0161gert\u0173 sintetinio kraujo buteli\u0173&#8230; Dar labiau mergina nuli\u016bsta ir sutrinka, kai mylimasis pasako tur\u012fs i\u0161vykti \u012f Sietl\u0105. Ji i\u0161kart supranta, jog tai melas. O kai po keli\u0173 dien\u0173 jos darbdavys vampyras Erikas prane\u0161a, kad Bilas pagrobtas, Suk\u0117 nebe\u017eino, k\u0105 ir galvoti. Ji vis tiek i\u0161keliauja gelb\u0117ti mylimojo \u012f \u0161iurp\u0173 Mirusi\u0173j\u0173 klub\u0105 lydima steb\u0117tinai patrauklaus vilkolakio. Kai mergina pagaliau suranda Bil\u0105, darant\u012f rimt\u0105 i\u0161davyst\u0119, nebe\u017eino, ar gelb\u0117ti j\u012f, ar smailinti kuolus&#8230;<\/p>\n<p>\u0160i tre\u010dioji Suk\u0117s Stekhaus ciklo knyga &#8211; apie \u017eemi\u0161k\u0105, proting\u0105, linksm\u0105 ir \u012fdomi\u0105 dvide\u0161imt \u0161e\u0161eri\u0173 met\u0173 mergin\u0105, kuri draugauja su vampyrais, vilkolakiais ir kitomis nepaprastomis b\u016btyb\u0117mis, gyvenan\u010diomis tarp m\u016bs\u0173. Draugauja, galima sakyti, i\u0161 reikalo, nes turi vien\u0105 \u201etr\u016bkum\u0105\u201c &#8211; sugeba skaityti kit\u0173 mintis. D\u0117l jo Suk\u0117, miestelio \u017emoni\u0173 laikoma keistuole, nesugeba u\u017emegzti santyki\u0173 su normaliais vaikinais. Tiksliau, nesugeb\u0117jo, kol sutiko Bil\u0105, vampyr\u0105, kurio min\u010di\u0173 tiesiog negird\u0117jo. \u0160is i\u0161mok\u0117 j\u0105 valdyti savo galias ir \u012ftrauk\u0117 \u012f antgamti\u0161k\u0105 bendruomen\u0119. Poros stipryb\u0119 jau patikrino audringi nuotykiai, bet Suk\u0117 kasdien vis labiau \u012fsitikina, kad j\u0173 pasauliai siaubingai skirtingi ir tie skirtumai j\u0173 santykius daro neatsparius i\u0161orinio pasaulio i\u0161bandymams.<\/p>\n<p>Ribas tarp fantastikos, siaubo ir detektyvo \u017eanr\u0173 i\u0161trinanti romanti\u0161ka serija, sulaukusi stulbinamo pripa\u017einimo JAV, Did\u017eiojoje Britanijoje, Ispanijoje, Vokietijoje, Pranc\u016bzijoje, Rusijoje ir daugelyje kit\u0173 \u0161ali\u0173, laikoma pagrindiniu Stephenie Meyer \u201eSaul\u0117lyd\u017eio&#8221; sagos \u012fkv\u0117pimo \u0161altiniu. Serialo \u201e\u0160e\u0161ios p\u0117dos po \u017eeme&#8221; k\u016br\u0117jai pagal \u0161ias Ch. Harris knygas kuria populiar\u0173 serial\u0105 \u201eTikras kraujas&#8221;.<\/p>\n","protected":false},"excerpt":{"rendered":"<p>Suk\u0117s Stekhaus vaikinas vampyras Bilas turi paslapt\u012f. Jis leid\u017eia laik\u0105 palink\u0119s prie kompiuterio, ne tik kad nepastebi i\u0161 darbo bare gr\u012f\u017eusios Suk\u0117s, bet netgi nesurenka i\u0161gert\u0173 sintetinio kraujo buteli\u0173&#8230; Dar labiau mergina nuli\u016bsta ir sutrinka, kai mylimasis pasako tur\u012fs i\u0161vykti \u012f Sietl\u0105. Ji i\u0161kart supranta, jog tai melas. O kai po keli\u0173 dien\u0173 jos darbdavys vampyras Erikas prane\u0161a, kad Bilas pagrobtas, Suk\u0117 nebe\u017eino, k\u0105 ir galvoti. Ji vis tiek i\u0161keliauja gelb\u0117ti mylimojo \u012f \u0161iurp\u0173 Mirusi\u0173j\u0173 klub\u0105 lydima steb\u0117tinai patrauklaus vilkolakio. Kai mergina pagaliau suranda Bil\u0105, darant\u012f rimt\u0105 i\u0161davyst\u0119, nebe\u017eino, ar gelb\u0117ti j\u012f, ar smailinti kuolus&#8230; \u0160i tre\u010dioji Suk\u0117s Stekhaus ciklo knyga &#8211; apie \u017eemi\u0161k\u0105, proting\u0105, linksm\u0105 ir \u012fdomi\u0105 dvide\u0161imt \u0161e\u0161eri\u0173 met\u0173 mergin\u0105, kuri draugauja su vampyrais, vilkolakiais ir kitomis nepaprastomis b\u016btyb\u0117mis, gyvenan\u010diomis tarp m\u016bs\u0173. Draugauja, galima sakyti, i\u0161 reikalo, nes turi vien\u0105 \u201etr\u016bkum\u0105\u201c &#8211; sugeba skaityti kit\u0173 mintis. D\u0117l jo Suk\u0117, miestelio \u017emoni\u0173 laikoma keistuole, nesugeba u\u017emegzti santyki\u0173 su normaliais vaikinais. Tiksliau, nesugeb\u0117jo, kol sutiko Bil\u0105, vampyr\u0105, kurio min\u010di\u0173 tiesiog negird\u0117jo. \u0160is i\u0161mok\u0117 j\u0105 valdyti savo galias ir \u012ftrauk\u0117 \u012f antgamti\u0161k\u0105 bendruomen\u0119. Poros stipryb\u0119 jau patikrino audringi nuotykiai, bet Suk\u0117 kasdien vis labiau \u012fsitikina, kad j\u0173 pasauliai siaubingai skirtingi ir tie skirtumai j\u0173 santykius daro neatsparius i\u0161orinio pasaulio i\u0161bandymams. Ribas tarp fantastikos, siaubo ir detektyvo \u017eanr\u0173 i\u0161trinanti romanti\u0161ka serija, sulaukusi stulbinamo pripa\u017einimo JAV, Did\u017eiojoje Britanijoje, Ispanijoje, Vokietijoje, Pranc\u016bzijoje, Rusijoje ir daugelyje kit\u0173 \u0161ali\u0173, laikoma pagrindiniu Stephenie Meyer \u201eSaul\u0117lyd\u017eio&#8221; sagos \u012fkv\u0117pimo \u0161altiniu. Serialo \u201e\u0160e\u0161ios p\u0117dos po \u017eeme&#8221; k\u016br\u0117jai pagal \u0161ias Ch. Harris knygas kuria populiar\u0173 serial\u0105 \u201eTikras kraujas&#8221;.<\/p>\n","protected":false},"featured_media":2548,"comment_status":"closed","ping_status":"closed","template":"","meta":{"_acf_changed":false,"site-sidebar-layout":"default","site-content-layout":"","ast-site-content-layout":"default","site-content-style":"default","site-sidebar-style":"default","ast-global-header-display":"","ast-banner-title-visibility":"","ast-main-header-display":"","ast-hfb-above-header-display":"","ast-hfb-below-header-display":"","ast-hfb-mobile-header-display":"","site-post-title":"","ast-breadcrumbs-content":"","ast-featured-img":"","footer-sml-layout":"","ast-disable-related-posts":"","theme-transparent-header-meta":"","adv-header-id-meta":"","stick-header-meta":"","header-above-stick-meta":"","header-main-stick-meta":"","header-below-stick-meta":"","astra-migrate-meta-layouts":"default","ast-page-background-enabled":"default","ast-page-background-meta":{"desktop":{"background-color":"","background-image":"","background-repeat":"repeat","background-position":"center center","background-size":"auto","background-attachment":"scroll","background-type":"","background-media":"","overlay-type":"","overlay-color":"","overlay-opacity":"","overlay-gradient":""},"tablet":{"background-color":"","background-image":"","background-repeat":"repeat","background-position":"center center","background-size":"auto","background-attachment":"scroll","background-type":"","background-media":"","overlay-type":"","overlay-color":"","overlay-opacity":"","overlay-gradient":""},"mobile":{"background-color":"","background-image":"","background-repeat":"repeat","background-position":"center center","background-size":"auto","background-attachment":"scroll","background-type":"","background-media":"","overlay-type":"","overlay-color":"","overlay-opacity":"","overlay-gradient":""}},"ast-content-background-meta":{"desktop":{"background-color":"var(--ast-global-color-4)","background-image":"","background-repeat":"repeat","background-position":"center center","background-size":"auto","background-attachment":"scroll","background-type":"","background-media":"","overlay-type":"","overlay-color":"","overlay-opacity":"","overlay-gradient":""},"tablet":{"background-color":"var(--ast-global-color-4)","background-image":"","background-repeat":"repeat","background-position":"center center","background-size":"auto","background-attachment":"scroll","background-type":"","background-media":"","overlay-type":"","overlay-color":"","overlay-opacity":"","overlay-gradient":""},"mobile":{"background-color":"var(--ast-global-color-4)","background-image":"","background-repeat":"repeat","background-position":"center center","background-size":"auto","background-attachment":"scroll","background-type":"","background-media":"","overlay-type":"","overlay-color":"","overlay-opacity":"","overlay-gradient":""}}},"product_brand":[],"product_cat":[15],"product_tag":[2540,2538,1796,2541,1587,2539],"class_list":{"0":"post-5441","1":"product","2":"type-product","3":"status-publish","4":"has-post-thumbnail","6":"product_cat-uncategorized","7":"product_tag-antgamtiniai-reiskiniai","8":"product_tag-charlaine-harris","9":"product_tag-meile","10":"product_tag-suki-stekhaus-serija","11":"product_tag-trileris","12":"product_tag-vampyrai","13":"desktop-align-left","14":"tablet-align-left","15":"mobile-align-left","17":"first","18":"instock","19":"featured","20":"shipping-taxable","21":"purchasable","22":"product-type-simple"},"acf":[],"yoast_head":"<!-- This site is optimized with the Yoast SEO plugin v27.0 - https:\/\/yoast.com\/product\/yoast-seo-wordpress\/ -->\n<title>Mirusi\u0173j\u0173 klubas (3 dalis)<\/title>\n<meta name=\"description\" content=\"Suk\u0117s Stekhaus vaikinas vampyras Bilas turi paslapt\u012f. Jis leid\u017eia laik\u0105 palink\u0119s prie kompiuterio, ne tik kad nepastebi i\u0161 darbo bare gr\u012f\u017eusios Suk\u0117s, bet\" \/>\n<meta name=\"robots\" content=\"index, follow, max-snippet:-1, max-image-preview:large, max-video-preview:-1\" \/>\n<link rel=\"canonical\" href=\"https:\/\/skaitytaknyga.lt\/en\/produktas\/c-harris-mirusiuju-klubas-3-dalis\/\" \/>\n<meta property=\"og:locale\" content=\"en_GB\" \/>\n<meta property=\"og:locale:alternate\" content=\"lt_LT\" \/>\n<meta property=\"og:type\" content=\"article\" \/>\n<meta property=\"og:title\" content=\"Mirusi\u0173j\u0173 klubas (3 dalis)\" \/>\n<meta property=\"og:description\" content=\"Suk\u0117s Stekhaus vaikinas vampyras Bilas turi paslapt\u012f. Jis leid\u017eia laik\u0105 palink\u0119s prie kompiuterio, ne tik kad nepastebi i\u0161 darbo bare gr\u012f\u017eusios Suk\u0117s, bet\" \/>\n<meta property=\"og:url\" content=\"https:\/\/skaitytaknyga.lt\/en\/produktas\/c-harris-mirusiuju-klubas-3-dalis\/\" \/>\n<meta property=\"og:site_name\" content=\"Skaitytaknyga\" \/>\n<meta property=\"article:publisher\" content=\"https:\/\/www.facebook.com\/skaitytaknyga\/\" \/>\n<meta property=\"article:modified_time\" content=\"2026-04-10T15:52:26+00:00\" \/>\n<meta property=\"og:image\" content=\"https:\/\/skaitytaknyga.lt\/wp-content\/uploads\/2024\/04\/2dmirusiujuklubassupervir.jpg\" \/>\n\t<meta property=\"og:image:width\" content=\"272\" \/>\n\t<meta property=\"og:image:height\" content=\"430\" \/>\n\t<meta property=\"og:image:type\" content=\"image\/jpeg\" \/>\n<meta name=\"twitter:card\" content=\"summary_large_image\" \/>\n<meta name=\"twitter:label1\" content=\"Estimated reading time\" \/>\n\t<meta name=\"twitter:data1\" content=\"1 minute\" \/>\n<script type=\"application\/ld+json\" class=\"yoast-schema-graph\">{\"@context\":\"https:\/\/schema.org\",\"@graph\":[{\"@type\":\"WebPage\",\"@id\":\"https:\/\/skaitytaknyga.lt\/produktas\/c-harris-mirusiuju-klubas-3-dalis\/\",\"url\":\"https:\/\/skaitytaknyga.lt\/produktas\/c-harris-mirusiuju-klubas-3-dalis\/\",\"name\":\"Mirusi\u0173j\u0173 klubas (3 dalis)\",\"isPartOf\":{\"@id\":\"https:\/\/skaitytaknyga.lt\/#website\"},\"primaryImageOfPage\":{\"@id\":\"https:\/\/skaitytaknyga.lt\/produktas\/c-harris-mirusiuju-klubas-3-dalis\/#primaryimage\"},\"image\":{\"@id\":\"https:\/\/skaitytaknyga.lt\/produktas\/c-harris-mirusiuju-klubas-3-dalis\/#primaryimage\"},\"thumbnailUrl\":\"https:\/\/skaitytaknyga.lt\/wp-content\/uploads\/2024\/04\/2dmirusiujuklubassupervir.jpg\",\"datePublished\":\"2024-05-02T12:42:28+00:00\",\"dateModified\":\"2026-04-10T15:52:26+00:00\",\"description\":\"Suk\u0117s Stekhaus vaikinas vampyras Bilas turi paslapt\u012f. Jis leid\u017eia laik\u0105 palink\u0119s prie kompiuterio, ne tik kad nepastebi i\u0161 darbo bare gr\u012f\u017eusios Suk\u0117s, bet\",\"breadcrumb\":{\"@id\":\"https:\/\/skaitytaknyga.lt\/produktas\/c-harris-mirusiuju-klubas-3-dalis\/#breadcrumb\"},\"inLanguage\":\"en-GB\",\"potentialAction\":[{\"@type\":\"ReadAction\",\"target\":[\"https:\/\/skaitytaknyga.lt\/produktas\/c-harris-mirusiuju-klubas-3-dalis\/\"]}]},{\"@type\":\"ImageObject\",\"inLanguage\":\"en-GB\",\"@id\":\"https:\/\/skaitytaknyga.lt\/produktas\/c-harris-mirusiuju-klubas-3-dalis\/#primaryimage\",\"url\":\"https:\/\/skaitytaknyga.lt\/wp-content\/uploads\/2024\/04\/2dmirusiujuklubassupervir.jpg\",\"contentUrl\":\"https:\/\/skaitytaknyga.lt\/wp-content\/uploads\/2024\/04\/2dmirusiujuklubassupervir.jpg\",\"width\":272,\"height\":430,\"caption\":\"2dmirusiujuklubassupervir\"},{\"@type\":\"BreadcrumbList\",\"@id\":\"https:\/\/skaitytaknyga.lt\/produktas\/c-harris-mirusiuju-klubas-3-dalis\/#breadcrumb\",\"itemListElement\":[{\"@type\":\"ListItem\",\"position\":1,\"name\":\"Home\",\"item\":\"https:\/\/skaitytaknyga.lt\/\"},{\"@type\":\"ListItem\",\"position\":2,\"name\":\"Parduotuv\u0117\",\"item\":\"https:\/\/skaitytaknyga.lt\/knygu-parduotuve\/\"},{\"@type\":\"ListItem\",\"position\":3,\"name\":\"Mirusi\u0173j\u0173 klubas (3 dalis)\"}]},{\"@type\":\"WebSite\",\"@id\":\"https:\/\/skaitytaknyga.lt\/#website\",\"url\":\"https:\/\/skaitytaknyga.lt\/\",\"name\":\"skaitytaknyga.lt\",\"description\":\"Skaitytaknyga.lt \u2013 tai ma\u017eas \u0161eimos verslas, kuris prasid\u0117jo nuo meil\u0117s knygoms ir siekio i\u0161gelb\u0117ti knygas nuo likimo prie konteinerio. Kas vienam nereikalingas daiktas \u2013 kitam lobis, o mes esame tarpininkai, kurie padeda abiems tapti laimingesniems ???? \u017dinome kaip nelengva i\u0161gyventi ma\u017eiems verslams, tad nuo \u0161iol, \u010dia rasite ir kit\u0173, ma\u017e\u0173 \u0161eim\u0173 versl\u0173, rank\u0173 darbo, dovan\u0173 sau ir artimiesiems.\",\"publisher\":{\"@id\":\"https:\/\/skaitytaknyga.lt\/#organization\"},\"potentialAction\":[{\"@type\":\"SearchAction\",\"target\":{\"@type\":\"EntryPoint\",\"urlTemplate\":\"https:\/\/skaitytaknyga.lt\/?s={search_term_string}\"},\"query-input\":{\"@type\":\"PropertyValueSpecification\",\"valueRequired\":true,\"valueName\":\"search_term_string\"}}],\"inLanguage\":\"en-GB\"},{\"@type\":\"Organization\",\"@id\":\"https:\/\/skaitytaknyga.lt\/#organization\",\"name\":\"skaitytaknyga.lt\",\"url\":\"https:\/\/skaitytaknyga.lt\/\",\"logo\":{\"@type\":\"ImageObject\",\"inLanguage\":\"en-GB\",\"@id\":\"https:\/\/skaitytaknyga.lt\/#\/schema\/logo\/image\/\",\"url\":\"https:\/\/skaitytaknyga.lt\/wp-content\/uploads\/2024\/05\/cropped-cropped-cropped-02_00843_jt3bggkj1j3HLc7SyY6rEUpg.jpeg\",\"contentUrl\":\"https:\/\/skaitytaknyga.lt\/wp-content\/uploads\/2024\/05\/cropped-cropped-cropped-02_00843_jt3bggkj1j3HLc7SyY6rEUpg.jpeg\",\"width\":1600,\"height\":1600,\"caption\":\"skaitytaknyga.lt\"},\"image\":{\"@id\":\"https:\/\/skaitytaknyga.lt\/#\/schema\/logo\/image\/\"},\"sameAs\":[\"https:\/\/www.facebook.com\/skaitytaknyga\/\"]}]}<\/script>\n<!-- \/ Yoast SEO plugin. -->","yoast_head_json":{"title":"Mirusi\u0173j\u0173 klubas (3 dalis)","description":"Suk\u0117s Stekhaus vaikinas vampyras Bilas turi paslapt\u012f. Jis leid\u017eia laik\u0105 palink\u0119s prie kompiuterio, ne tik kad nepastebi i\u0161 darbo bare gr\u012f\u017eusios Suk\u0117s, bet","robots":{"index":"index","follow":"follow","max-snippet":"max-snippet:-1","max-image-preview":"max-image-preview:large","max-video-preview":"max-video-preview:-1"},"canonical":"https:\/\/skaitytaknyga.lt\/en\/produktas\/c-harris-mirusiuju-klubas-3-dalis\/","og_locale":"en_GB","og_type":"article","og_title":"[:lt]Mirusi\u0173j\u0173 klubas (3 dalis)[:] - Skaitytaknyga","og_description":"Suk\u0117s Stekhaus vaikinas vampyras Bilas turi paslapt\u012f. Jis leid\u017eia laik\u0105 palink\u0119s prie kompiuterio, ne tik kad nepastebi i\u0161 darbo bare gr\u012f\u017eusios Suk\u0117s, bet","og_url":"https:\/\/skaitytaknyga.lt\/en\/produktas\/c-harris-mirusiuju-klubas-3-dalis\/","og_site_name":"Skaitytaknyga","article_publisher":"https:\/\/www.facebook.com\/skaitytaknyga\/","article_modified_time":"2026-04-10T15:52:26+00:00","og_image":[{"width":272,"height":430,"url":"https:\/\/skaitytaknyga.lt\/wp-content\/uploads\/2024\/04\/2dmirusiujuklubassupervir.jpg","type":"image\/jpeg"}],"twitter_card":"summary_large_image","twitter_misc":{"Estimated reading time":"1 minute"},"schema":{"@context":"https:\/\/schema.org","@graph":[{"@type":"WebPage","@id":"https:\/\/skaitytaknyga.lt\/produktas\/c-harris-mirusiuju-klubas-3-dalis\/","url":"https:\/\/skaitytaknyga.lt\/produktas\/c-harris-mirusiuju-klubas-3-dalis\/","name":"Mirusi\u0173j\u0173 klubas (3 dalis)","isPartOf":{"@id":"https:\/\/skaitytaknyga.lt\/#website"},"primaryImageOfPage":{"@id":"https:\/\/skaitytaknyga.lt\/produktas\/c-harris-mirusiuju-klubas-3-dalis\/#primaryimage"},"image":{"@id":"https:\/\/skaitytaknyga.lt\/produktas\/c-harris-mirusiuju-klubas-3-dalis\/#primaryimage"},"thumbnailUrl":"https:\/\/skaitytaknyga.lt\/wp-content\/uploads\/2024\/04\/2dmirusiujuklubassupervir.jpg","datePublished":"2024-05-02T12:42:28+00:00","dateModified":"2026-04-10T15:52:26+00:00","description":"Suk\u0117s Stekhaus vaikinas vampyras Bilas turi paslapt\u012f. Jis leid\u017eia laik\u0105 palink\u0119s prie kompiuterio, ne tik kad nepastebi i\u0161 darbo bare gr\u012f\u017eusios Suk\u0117s, bet","breadcrumb":{"@id":"https:\/\/skaitytaknyga.lt\/produktas\/c-harris-mirusiuju-klubas-3-dalis\/#breadcrumb"},"inLanguage":"en-GB","potentialAction":[{"@type":"ReadAction","target":["https:\/\/skaitytaknyga.lt\/produktas\/c-harris-mirusiuju-klubas-3-dalis\/"]}]},{"@type":"ImageObject","inLanguage":"en-GB","@id":"https:\/\/skaitytaknyga.lt\/produktas\/c-harris-mirusiuju-klubas-3-dalis\/#primaryimage","url":"https:\/\/skaitytaknyga.lt\/wp-content\/uploads\/2024\/04\/2dmirusiujuklubassupervir.jpg","contentUrl":"https:\/\/skaitytaknyga.lt\/wp-content\/uploads\/2024\/04\/2dmirusiujuklubassupervir.jpg","width":272,"height":430,"caption":"2dmirusiujuklubassupervir"},{"@type":"BreadcrumbList","@id":"https:\/\/skaitytaknyga.lt\/produktas\/c-harris-mirusiuju-klubas-3-dalis\/#breadcrumb","itemListElement":[{"@type":"ListItem","position":1,"name":"Home","item":"https:\/\/skaitytaknyga.lt\/"},{"@type":"ListItem","position":2,"name":"Parduotuv\u0117","item":"https:\/\/skaitytaknyga.lt\/knygu-parduotuve\/"},{"@type":"ListItem","position":3,"name":"Mirusi\u0173j\u0173 klubas (3 dalis)"}]},{"@type":"WebSite","@id":"https:\/\/skaitytaknyga.lt\/#website","url":"https:\/\/skaitytaknyga.lt\/","name":"skaitytaknyga.lt","description":"Skaitytaknyga.lt \u2013 tai ma\u017eas \u0161eimos verslas, kuris prasid\u0117jo nuo meil\u0117s knygoms ir siekio i\u0161gelb\u0117ti knygas nuo likimo prie konteinerio. Kas vienam nereikalingas daiktas \u2013 kitam lobis, o mes esame tarpininkai, kurie padeda abiems tapti laimingesniems ???? \u017dinome kaip nelengva i\u0161gyventi ma\u017eiems verslams, tad nuo \u0161iol, \u010dia rasite ir kit\u0173, ma\u017e\u0173 \u0161eim\u0173 versl\u0173, rank\u0173 darbo, dovan\u0173 sau ir artimiesiems.","publisher":{"@id":"https:\/\/skaitytaknyga.lt\/#organization"},"potentialAction":[{"@type":"SearchAction","target":{"@type":"EntryPoint","urlTemplate":"https:\/\/skaitytaknyga.lt\/?s={search_term_string}"},"query-input":{"@type":"PropertyValueSpecification","valueRequired":true,"valueName":"search_term_string"}}],"inLanguage":"en-GB"},{"@type":"Organization","@id":"https:\/\/skaitytaknyga.lt\/#organization","name":"skaitytaknyga.lt","url":"https:\/\/skaitytaknyga.lt\/","logo":{"@type":"ImageObject","inLanguage":"en-GB","@id":"https:\/\/skaitytaknyga.lt\/#\/schema\/logo\/image\/","url":"https:\/\/skaitytaknyga.lt\/wp-content\/uploads\/2024\/05\/cropped-cropped-cropped-02_00843_jt3bggkj1j3HLc7SyY6rEUpg.jpeg","contentUrl":"https:\/\/skaitytaknyga.lt\/wp-content\/uploads\/2024\/05\/cropped-cropped-cropped-02_00843_jt3bggkj1j3HLc7SyY6rEUpg.jpeg","width":1600,"height":1600,"caption":"skaitytaknyga.lt"},"image":{"@id":"https:\/\/skaitytaknyga.lt\/#\/schema\/logo\/image\/"},"sameAs":["https:\/\/www.facebook.com\/skaitytaknyga\/"]}]}},"_links":{"self":[{"href":"https:\/\/skaitytaknyga.lt\/en\/wp-json\/wp\/v2\/product\/5441","targetHints":{"allow":["GET"]}}],"collection":[{"href":"https:\/\/skaitytaknyga.lt\/en\/wp-json\/wp\/v2\/product"}],"about":[{"href":"https:\/\/skaitytaknyga.lt\/en\/wp-json\/wp\/v2\/types\/product"}],"replies":[{"embeddable":true,"href":"https:\/\/skaitytaknyga.lt\/en\/wp-json\/wp\/v2\/comments?post=5441"}],"wp:featuredmedia":[{"embeddable":true,"href":"https:\/\/skaitytaknyga.lt\/en\/wp-json\/wp\/v2\/media\/2548"}],"wp:attachment":[{"href":"https:\/\/skaitytaknyga.lt\/en\/wp-json\/wp\/v2\/media?parent=5441"}],"wp:term":[{"taxonomy":"product_brand","embeddable":true,"href":"https:\/\/skaitytaknyga.lt\/en\/wp-json\/wp\/v2\/product_brand?post=5441"},{"taxonomy":"product_cat","embeddable":true,"href":"https:\/\/skaitytaknyga.lt\/en\/wp-json\/wp\/v2\/product_cat?post=5441"},{"taxonomy":"product_tag","embeddable":true,"href":"https:\/\/skaitytaknyga.lt\/en\/wp-json\/wp\/v2\/product_tag?post=5441"}],"curies":[{"name":"wp","href":"https:\/\/api.w.org\/{rel}","templated":true}]}}