{"id":5436,"date":"2024-05-02T12:42:27","date_gmt":"2024-05-02T12:42:27","guid":{"rendered":"https:\/\/skaitytaknyga.lt\/?post_type=product&#038;p=5436"},"modified":"2026-03-10T16:52:12","modified_gmt":"2026-03-10T14:52:12","slug":"l-gounelle-diena-kai-ismokau-gyventi","status":"publish","type":"product","link":"https:\/\/skaitytaknyga.lt\/en\/produktas\/l-gounelle-diena-kai-ismokau-gyventi\/","title":{"rendered":"L. Gounelle \u201eDiena kai i\u0161mokau gyventi\u201c"},"content":{"rendered":"<p>Trisde\u0161imt \u0161e\u0161eri\u0173 D\u017eonatano gyvenimas pana\u0161us \u012f daugelio \u0161iuolaikini\u0173 \u017emoni\u0173, m\u0117ginan\u010di\u0173 neatsilikti nuo pa\u0161\u0117lusio gyvenimo tempo: noras tapti geriausiu ir nesibaigiantys reikalai, pa\u0161lij\u0119 santykiai su mylima moterimi ir nesugeb\u0117jimas atsipalaiduoti net dievinamos dukrel\u0117s draugijoje. Jaunas vyras jau\u010dia, kad jo gyvenimas jam tarsi nebepriklauso ir niekas nebeteikia d\u017eiaugsmo. Jis b\u0117ga nuo \u0161i\u0173 min\u010di\u0173 dar labiau panirdamas \u012f darbus. Visi taip gyvena, ramina save. Kol vien\u0105 saul\u0117t\u0105 sekmadienio ryt\u0105 netik\u0117ti atsitiktinai sutiktos \u010digon\u0117s \u017eod\u017eiai visk\u0105 apver\u010dia auk\u0161tyn kojomis.<\/p>\n<p>D\u017eonatanas supranta\u00a0\u2013 nuo \u0161ios akimirkos viskas bus kitaip. Jis jau nebei\u0161vengs klausim\u0173: kokia prasm\u0117 \u0161itaip gyventi? Kur link tai veda? Ir i\u0161sigelb\u0117ti gal\u0117s tik visi\u0161kai pakeit\u0119s savo gyvenim\u0105. Taip D\u017eonatanas ry\u017etasi did\u017eiausiam gyvenimo nuotykiui: visk\u0105 met\u0119s leid\u017eiasi \u012f sav\u0119s pa\u017einimo kelion\u0119. Jo laukia ilgas kelias, o sutikti \u017emon\u0117s ir atrastos tiesos pad\u0117s naujai \u012fvertinti gyvenim\u0105 ir tai, kas jam, kaip ir bet kuriam kitam \u017emogui, yra svarbiausia.<\/p>\n<p>\u0160i nepaprasta istorija, para\u0161yta remiantis filosof\u0173 ir geriausi\u0173 \u0161iuolaikini\u0173 psicholog\u0173 bei mokslinink\u0173 \u012f\u017evalgomis, paskatins susim\u0105styti apie gyvenim\u0105, santykius su \u017emon\u0117mis ir suteiks kasdienybei nauj\u0173 spalv\u0173.<\/p>\n","protected":false},"excerpt":{"rendered":"<p>Trisde\u0161imt \u0161e\u0161eri\u0173 D\u017eonatano gyvenimas pana\u0161us \u012f daugelio \u0161iuolaikini\u0173 \u017emoni\u0173, m\u0117ginan\u010di\u0173 neatsilikti nuo pa\u0161\u0117lusio gyvenimo tempo: noras tapti geriausiu ir nesibaigiantys reikalai, pa\u0161lij\u0119 santykiai su mylima moterimi ir nesugeb\u0117jimas atsipalaiduoti net dievinamos dukrel\u0117s draugijoje. Jaunas vyras jau\u010dia, kad jo gyvenimas jam tarsi nebepriklauso ir niekas nebeteikia d\u017eiaugsmo. Jis b\u0117ga nuo \u0161i\u0173 min\u010di\u0173 dar labiau panirdamas \u012f darbus. Visi taip gyvena, ramina save. Kol vien\u0105 saul\u0117t\u0105 sekmadienio ryt\u0105 netik\u0117ti atsitiktinai sutiktos \u010digon\u0117s \u017eod\u017eiai visk\u0105 apver\u010dia auk\u0161tyn kojomis. D\u017eonatanas supranta\u00a0\u2013 nuo \u0161ios akimirkos viskas bus kitaip. Jis jau nebei\u0161vengs klausim\u0173: kokia prasm\u0117 \u0161itaip gyventi? Kur link tai veda? Ir i\u0161sigelb\u0117ti gal\u0117s tik visi\u0161kai pakeit\u0119s savo gyvenim\u0105. Taip D\u017eonatanas ry\u017etasi did\u017eiausiam gyvenimo nuotykiui: visk\u0105 met\u0119s leid\u017eiasi \u012f sav\u0119s pa\u017einimo kelion\u0119. Jo laukia ilgas kelias, o sutikti \u017emon\u0117s ir atrastos tiesos pad\u0117s naujai \u012fvertinti gyvenim\u0105 ir tai, kas jam, kaip ir bet kuriam kitam \u017emogui, yra svarbiausia. \u0160i nepaprasta istorija, para\u0161yta remiantis filosof\u0173 ir geriausi\u0173 \u0161iuolaikini\u0173 psicholog\u0173 bei mokslinink\u0173 \u012f\u017evalgomis, paskatins susim\u0105styti apie gyvenim\u0105, santykius su \u017emon\u0117mis ir suteiks kasdienybei nauj\u0173 spalv\u0173.<\/p>\n","protected":false},"featured_media":2501,"comment_status":"closed","ping_status":"closed","template":"","meta":{"_acf_changed":false,"site-sidebar-layout":"default","site-content-layout":"","ast-site-content-layout":"default","site-content-style":"default","site-sidebar-style":"default","ast-global-header-display":"","ast-banner-title-visibility":"","ast-main-header-display":"","ast-hfb-above-header-display":"","ast-hfb-below-header-display":"","ast-hfb-mobile-header-display":"","site-post-title":"","ast-breadcrumbs-content":"","ast-featured-img":"","footer-sml-layout":"","ast-disable-related-posts":"","theme-transparent-header-meta":"default","adv-header-id-meta":"","stick-header-meta":"","header-above-stick-meta":"","header-main-stick-meta":"","header-below-stick-meta":"","astra-migrate-meta-layouts":"set","ast-page-background-enabled":"default","ast-page-background-meta":{"desktop":{"background-color":"","background-image":"","background-repeat":"repeat","background-position":"center center","background-size":"auto","background-attachment":"scroll","background-type":"","background-media":"","overlay-type":"","overlay-color":"","overlay-opacity":"","overlay-gradient":""},"tablet":{"background-color":"","background-image":"","background-repeat":"repeat","background-position":"center center","background-size":"auto","background-attachment":"scroll","background-type":"","background-media":"","overlay-type":"","overlay-color":"","overlay-opacity":"","overlay-gradient":""},"mobile":{"background-color":"","background-image":"","background-repeat":"repeat","background-position":"center center","background-size":"auto","background-attachment":"scroll","background-type":"","background-media":"","overlay-type":"","overlay-color":"","overlay-opacity":"","overlay-gradient":""}},"ast-content-background-meta":{"desktop":{"background-color":"var(--ast-global-color-4)","background-image":"","background-repeat":"repeat","background-position":"center center","background-size":"auto","background-attachment":"scroll","background-type":"","background-media":"","overlay-type":"","overlay-color":"","overlay-opacity":"","overlay-gradient":""},"tablet":{"background-color":"var(--ast-global-color-4)","background-image":"","background-repeat":"repeat","background-position":"center center","background-size":"auto","background-attachment":"scroll","background-type":"","background-media":"","overlay-type":"","overlay-color":"","overlay-opacity":"","overlay-gradient":""},"mobile":{"background-color":"var(--ast-global-color-4)","background-image":"","background-repeat":"repeat","background-position":"center center","background-size":"auto","background-attachment":"scroll","background-type":"","background-media":"","overlay-type":"","overlay-color":"","overlay-opacity":"","overlay-gradient":""}}},"product_brand":[],"product_cat":[15],"product_tag":[],"class_list":{"0":"post-5436","1":"product","2":"type-product","3":"status-publish","4":"has-post-thumbnail","6":"product_cat-uncategorized","7":"desktop-align-left","8":"tablet-align-left","9":"mobile-align-left","11":"first","12":"instock","13":"shipping-taxable","14":"purchasable","15":"product-type-simple"},"acf":[],"yoast_head":"<!-- This site is optimized with the Yoast SEO plugin v27.0 - https:\/\/yoast.com\/product\/yoast-seo-wordpress\/ -->\n<title>L. Gounelle \u201eDiena kai i\u0161mokau gyventi\u201c<\/title>\n<meta name=\"description\" content=\"Trisde\u0161imt \u0161e\u0161eri\u0173 D\u017eonatano gyvenimas pana\u0161us \u012f daugelio \u0161iuolaikini\u0173 \u017emoni\u0173, m\u0117ginan\u010di\u0173 neatsilikti nuo pa\u0161\u0117lusio gyvenimo tempo: noras tapti geriausiu\" \/>\n<meta name=\"robots\" content=\"index, follow, max-snippet:-1, max-image-preview:large, max-video-preview:-1\" \/>\n<link rel=\"canonical\" href=\"https:\/\/skaitytaknyga.lt\/en\/produktas\/l-gounelle-diena-kai-ismokau-gyventi\/\" \/>\n<meta property=\"og:locale\" content=\"en_GB\" \/>\n<meta property=\"og:locale:alternate\" content=\"lt_LT\" \/>\n<meta property=\"og:type\" content=\"article\" \/>\n<meta property=\"og:title\" content=\"L. Gounelle \u201eDiena kai i\u0161mokau gyventi\u201c\" \/>\n<meta property=\"og:description\" content=\"Trisde\u0161imt \u0161e\u0161eri\u0173 D\u017eonatano gyvenimas pana\u0161us \u012f daugelio \u0161iuolaikini\u0173 \u017emoni\u0173, m\u0117ginan\u010di\u0173 neatsilikti nuo pa\u0161\u0117lusio gyvenimo tempo: noras tapti geriausiu\" \/>\n<meta property=\"og:url\" content=\"https:\/\/skaitytaknyga.lt\/en\/produktas\/l-gounelle-diena-kai-ismokau-gyventi\/\" \/>\n<meta property=\"og:site_name\" content=\"Skaitytaknyga\" \/>\n<meta property=\"article:publisher\" content=\"https:\/\/www.facebook.com\/skaitytaknyga\/\" \/>\n<meta property=\"article:modified_time\" content=\"2026-03-10T14:52:12+00:00\" \/>\n<meta property=\"og:image\" content=\"https:\/\/skaitytaknyga.lt\/wp-content\/uploads\/2024\/04\/1462890477_diena.png\" \/>\n\t<meta property=\"og:image:width\" content=\"258\" \/>\n\t<meta property=\"og:image:height\" content=\"430\" \/>\n\t<meta property=\"og:image:type\" content=\"image\/png\" \/>\n<meta name=\"twitter:card\" content=\"summary_large_image\" \/>\n<meta name=\"twitter:label1\" content=\"Estimated reading time\" \/>\n\t<meta name=\"twitter:data1\" content=\"2 minutes\" \/>\n<script type=\"application\/ld+json\" class=\"yoast-schema-graph\">{\"@context\":\"https:\/\/schema.org\",\"@graph\":[{\"@type\":\"WebPage\",\"@id\":\"https:\/\/skaitytaknyga.lt\/produktas\/l-gounelle-diena-kai-ismokau-gyventi\/\",\"url\":\"https:\/\/skaitytaknyga.lt\/produktas\/l-gounelle-diena-kai-ismokau-gyventi\/\",\"name\":\"L. Gounelle \u201eDiena kai i\u0161mokau gyventi\u201c\",\"isPartOf\":{\"@id\":\"https:\/\/skaitytaknyga.lt\/#website\"},\"primaryImageOfPage\":{\"@id\":\"https:\/\/skaitytaknyga.lt\/produktas\/l-gounelle-diena-kai-ismokau-gyventi\/#primaryimage\"},\"image\":{\"@id\":\"https:\/\/skaitytaknyga.lt\/produktas\/l-gounelle-diena-kai-ismokau-gyventi\/#primaryimage\"},\"thumbnailUrl\":\"https:\/\/skaitytaknyga.lt\/wp-content\/uploads\/2024\/04\/1462890477_diena.png\",\"datePublished\":\"2024-05-02T12:42:27+00:00\",\"dateModified\":\"2026-03-10T14:52:12+00:00\",\"description\":\"Trisde\u0161imt \u0161e\u0161eri\u0173 D\u017eonatano gyvenimas pana\u0161us \u012f daugelio \u0161iuolaikini\u0173 \u017emoni\u0173, m\u0117ginan\u010di\u0173 neatsilikti nuo pa\u0161\u0117lusio gyvenimo tempo: noras tapti geriausiu\",\"breadcrumb\":{\"@id\":\"https:\/\/skaitytaknyga.lt\/produktas\/l-gounelle-diena-kai-ismokau-gyventi\/#breadcrumb\"},\"inLanguage\":\"en-GB\",\"potentialAction\":[{\"@type\":\"ReadAction\",\"target\":[\"https:\/\/skaitytaknyga.lt\/produktas\/l-gounelle-diena-kai-ismokau-gyventi\/\"]}]},{\"@type\":\"ImageObject\",\"inLanguage\":\"en-GB\",\"@id\":\"https:\/\/skaitytaknyga.lt\/produktas\/l-gounelle-diena-kai-ismokau-gyventi\/#primaryimage\",\"url\":\"https:\/\/skaitytaknyga.lt\/wp-content\/uploads\/2024\/04\/1462890477_diena.png\",\"contentUrl\":\"https:\/\/skaitytaknyga.lt\/wp-content\/uploads\/2024\/04\/1462890477_diena.png\",\"width\":258,\"height\":430,\"caption\":\"1462890477 diena\"},{\"@type\":\"BreadcrumbList\",\"@id\":\"https:\/\/skaitytaknyga.lt\/produktas\/l-gounelle-diena-kai-ismokau-gyventi\/#breadcrumb\",\"itemListElement\":[{\"@type\":\"ListItem\",\"position\":1,\"name\":\"Home\",\"item\":\"https:\/\/skaitytaknyga.lt\/\"},{\"@type\":\"ListItem\",\"position\":2,\"name\":\"Parduotuv\u0117\",\"item\":\"https:\/\/skaitytaknyga.lt\/knygu-parduotuve\/\"},{\"@type\":\"ListItem\",\"position\":3,\"name\":\"L. Gounelle \u201eDiena kai i\u0161mokau gyventi\u201c\"}]},{\"@type\":\"WebSite\",\"@id\":\"https:\/\/skaitytaknyga.lt\/#website\",\"url\":\"https:\/\/skaitytaknyga.lt\/\",\"name\":\"skaitytaknyga.lt\",\"description\":\"Skaitytaknyga.lt \u2013 tai ma\u017eas \u0161eimos verslas, kuris prasid\u0117jo nuo meil\u0117s knygoms ir siekio i\u0161gelb\u0117ti knygas nuo likimo prie konteinerio. Kas vienam nereikalingas daiktas \u2013 kitam lobis, o mes esame tarpininkai, kurie padeda abiems tapti laimingesniems ???? \u017dinome kaip nelengva i\u0161gyventi ma\u017eiems verslams, tad nuo \u0161iol, \u010dia rasite ir kit\u0173, ma\u017e\u0173 \u0161eim\u0173 versl\u0173, rank\u0173 darbo, dovan\u0173 sau ir artimiesiems.\",\"publisher\":{\"@id\":\"https:\/\/skaitytaknyga.lt\/#organization\"},\"potentialAction\":[{\"@type\":\"SearchAction\",\"target\":{\"@type\":\"EntryPoint\",\"urlTemplate\":\"https:\/\/skaitytaknyga.lt\/?s={search_term_string}\"},\"query-input\":{\"@type\":\"PropertyValueSpecification\",\"valueRequired\":true,\"valueName\":\"search_term_string\"}}],\"inLanguage\":\"en-GB\"},{\"@type\":\"Organization\",\"@id\":\"https:\/\/skaitytaknyga.lt\/#organization\",\"name\":\"skaitytaknyga.lt\",\"url\":\"https:\/\/skaitytaknyga.lt\/\",\"logo\":{\"@type\":\"ImageObject\",\"inLanguage\":\"en-GB\",\"@id\":\"https:\/\/skaitytaknyga.lt\/#\/schema\/logo\/image\/\",\"url\":\"https:\/\/skaitytaknyga.lt\/wp-content\/uploads\/2024\/05\/cropped-cropped-cropped-02_00843_jt3bggkj1j3HLc7SyY6rEUpg.jpeg\",\"contentUrl\":\"https:\/\/skaitytaknyga.lt\/wp-content\/uploads\/2024\/05\/cropped-cropped-cropped-02_00843_jt3bggkj1j3HLc7SyY6rEUpg.jpeg\",\"width\":1600,\"height\":1600,\"caption\":\"skaitytaknyga.lt\"},\"image\":{\"@id\":\"https:\/\/skaitytaknyga.lt\/#\/schema\/logo\/image\/\"},\"sameAs\":[\"https:\/\/www.facebook.com\/skaitytaknyga\/\"]}]}<\/script>\n<!-- \/ Yoast SEO plugin. -->","yoast_head_json":{"title":"L. Gounelle \u201eDiena kai i\u0161mokau gyventi\u201c","description":"Trisde\u0161imt \u0161e\u0161eri\u0173 D\u017eonatano gyvenimas pana\u0161us \u012f daugelio \u0161iuolaikini\u0173 \u017emoni\u0173, m\u0117ginan\u010di\u0173 neatsilikti nuo pa\u0161\u0117lusio gyvenimo tempo: noras tapti geriausiu","robots":{"index":"index","follow":"follow","max-snippet":"max-snippet:-1","max-image-preview":"max-image-preview:large","max-video-preview":"max-video-preview:-1"},"canonical":"https:\/\/skaitytaknyga.lt\/en\/produktas\/l-gounelle-diena-kai-ismokau-gyventi\/","og_locale":"en_GB","og_type":"article","og_title":"[:lt]L. Gounelle \u201eDiena kai i\u0161mokau gyventi\u201c[:] - Skaitytaknyga","og_description":"Trisde\u0161imt \u0161e\u0161eri\u0173 D\u017eonatano gyvenimas pana\u0161us \u012f daugelio \u0161iuolaikini\u0173 \u017emoni\u0173, m\u0117ginan\u010di\u0173 neatsilikti nuo pa\u0161\u0117lusio gyvenimo tempo: noras tapti geriausiu","og_url":"https:\/\/skaitytaknyga.lt\/en\/produktas\/l-gounelle-diena-kai-ismokau-gyventi\/","og_site_name":"Skaitytaknyga","article_publisher":"https:\/\/www.facebook.com\/skaitytaknyga\/","article_modified_time":"2026-03-10T14:52:12+00:00","og_image":[{"width":258,"height":430,"url":"https:\/\/skaitytaknyga.lt\/wp-content\/uploads\/2024\/04\/1462890477_diena.png","type":"image\/png"}],"twitter_card":"summary_large_image","twitter_misc":{"Estimated reading time":"2 minutes"},"schema":{"@context":"https:\/\/schema.org","@graph":[{"@type":"WebPage","@id":"https:\/\/skaitytaknyga.lt\/produktas\/l-gounelle-diena-kai-ismokau-gyventi\/","url":"https:\/\/skaitytaknyga.lt\/produktas\/l-gounelle-diena-kai-ismokau-gyventi\/","name":"L. Gounelle \u201eDiena kai i\u0161mokau gyventi\u201c","isPartOf":{"@id":"https:\/\/skaitytaknyga.lt\/#website"},"primaryImageOfPage":{"@id":"https:\/\/skaitytaknyga.lt\/produktas\/l-gounelle-diena-kai-ismokau-gyventi\/#primaryimage"},"image":{"@id":"https:\/\/skaitytaknyga.lt\/produktas\/l-gounelle-diena-kai-ismokau-gyventi\/#primaryimage"},"thumbnailUrl":"https:\/\/skaitytaknyga.lt\/wp-content\/uploads\/2024\/04\/1462890477_diena.png","datePublished":"2024-05-02T12:42:27+00:00","dateModified":"2026-03-10T14:52:12+00:00","description":"Trisde\u0161imt \u0161e\u0161eri\u0173 D\u017eonatano gyvenimas pana\u0161us \u012f daugelio \u0161iuolaikini\u0173 \u017emoni\u0173, m\u0117ginan\u010di\u0173 neatsilikti nuo pa\u0161\u0117lusio gyvenimo tempo: noras tapti geriausiu","breadcrumb":{"@id":"https:\/\/skaitytaknyga.lt\/produktas\/l-gounelle-diena-kai-ismokau-gyventi\/#breadcrumb"},"inLanguage":"en-GB","potentialAction":[{"@type":"ReadAction","target":["https:\/\/skaitytaknyga.lt\/produktas\/l-gounelle-diena-kai-ismokau-gyventi\/"]}]},{"@type":"ImageObject","inLanguage":"en-GB","@id":"https:\/\/skaitytaknyga.lt\/produktas\/l-gounelle-diena-kai-ismokau-gyventi\/#primaryimage","url":"https:\/\/skaitytaknyga.lt\/wp-content\/uploads\/2024\/04\/1462890477_diena.png","contentUrl":"https:\/\/skaitytaknyga.lt\/wp-content\/uploads\/2024\/04\/1462890477_diena.png","width":258,"height":430,"caption":"1462890477 diena"},{"@type":"BreadcrumbList","@id":"https:\/\/skaitytaknyga.lt\/produktas\/l-gounelle-diena-kai-ismokau-gyventi\/#breadcrumb","itemListElement":[{"@type":"ListItem","position":1,"name":"Home","item":"https:\/\/skaitytaknyga.lt\/"},{"@type":"ListItem","position":2,"name":"Parduotuv\u0117","item":"https:\/\/skaitytaknyga.lt\/knygu-parduotuve\/"},{"@type":"ListItem","position":3,"name":"L. Gounelle \u201eDiena kai i\u0161mokau gyventi\u201c"}]},{"@type":"WebSite","@id":"https:\/\/skaitytaknyga.lt\/#website","url":"https:\/\/skaitytaknyga.lt\/","name":"skaitytaknyga.lt","description":"Skaitytaknyga.lt \u2013 tai ma\u017eas \u0161eimos verslas, kuris prasid\u0117jo nuo meil\u0117s knygoms ir siekio i\u0161gelb\u0117ti knygas nuo likimo prie konteinerio. Kas vienam nereikalingas daiktas \u2013 kitam lobis, o mes esame tarpininkai, kurie padeda abiems tapti laimingesniems ???? \u017dinome kaip nelengva i\u0161gyventi ma\u017eiems verslams, tad nuo \u0161iol, \u010dia rasite ir kit\u0173, ma\u017e\u0173 \u0161eim\u0173 versl\u0173, rank\u0173 darbo, dovan\u0173 sau ir artimiesiems.","publisher":{"@id":"https:\/\/skaitytaknyga.lt\/#organization"},"potentialAction":[{"@type":"SearchAction","target":{"@type":"EntryPoint","urlTemplate":"https:\/\/skaitytaknyga.lt\/?s={search_term_string}"},"query-input":{"@type":"PropertyValueSpecification","valueRequired":true,"valueName":"search_term_string"}}],"inLanguage":"en-GB"},{"@type":"Organization","@id":"https:\/\/skaitytaknyga.lt\/#organization","name":"skaitytaknyga.lt","url":"https:\/\/skaitytaknyga.lt\/","logo":{"@type":"ImageObject","inLanguage":"en-GB","@id":"https:\/\/skaitytaknyga.lt\/#\/schema\/logo\/image\/","url":"https:\/\/skaitytaknyga.lt\/wp-content\/uploads\/2024\/05\/cropped-cropped-cropped-02_00843_jt3bggkj1j3HLc7SyY6rEUpg.jpeg","contentUrl":"https:\/\/skaitytaknyga.lt\/wp-content\/uploads\/2024\/05\/cropped-cropped-cropped-02_00843_jt3bggkj1j3HLc7SyY6rEUpg.jpeg","width":1600,"height":1600,"caption":"skaitytaknyga.lt"},"image":{"@id":"https:\/\/skaitytaknyga.lt\/#\/schema\/logo\/image\/"},"sameAs":["https:\/\/www.facebook.com\/skaitytaknyga\/"]}]}},"_links":{"self":[{"href":"https:\/\/skaitytaknyga.lt\/en\/wp-json\/wp\/v2\/product\/5436","targetHints":{"allow":["GET"]}}],"collection":[{"href":"https:\/\/skaitytaknyga.lt\/en\/wp-json\/wp\/v2\/product"}],"about":[{"href":"https:\/\/skaitytaknyga.lt\/en\/wp-json\/wp\/v2\/types\/product"}],"replies":[{"embeddable":true,"href":"https:\/\/skaitytaknyga.lt\/en\/wp-json\/wp\/v2\/comments?post=5436"}],"wp:featuredmedia":[{"embeddable":true,"href":"https:\/\/skaitytaknyga.lt\/en\/wp-json\/wp\/v2\/media\/2501"}],"wp:attachment":[{"href":"https:\/\/skaitytaknyga.lt\/en\/wp-json\/wp\/v2\/media?parent=5436"}],"wp:term":[{"taxonomy":"product_brand","embeddable":true,"href":"https:\/\/skaitytaknyga.lt\/en\/wp-json\/wp\/v2\/product_brand?post=5436"},{"taxonomy":"product_cat","embeddable":true,"href":"https:\/\/skaitytaknyga.lt\/en\/wp-json\/wp\/v2\/product_cat?post=5436"},{"taxonomy":"product_tag","embeddable":true,"href":"https:\/\/skaitytaknyga.lt\/en\/wp-json\/wp\/v2\/product_tag?post=5436"}],"curies":[{"name":"wp","href":"https:\/\/api.w.org\/{rel}","templated":true}]}}