{"id":5431,"date":"2024-05-02T12:42:22","date_gmt":"2024-05-02T12:42:22","guid":{"rendered":"https:\/\/skaitytaknyga.lt\/?post_type=product&#038;p=5431"},"modified":"2025-06-15T20:41:14","modified_gmt":"2025-06-15T17:41:14","slug":"l-gaude-karaliaus-congoro-mirtis","status":"publish","type":"product","link":"https:\/\/skaitytaknyga.lt\/en\/produktas\/l-gaude-karaliaus-congoro-mirtis\/","title":{"rendered":"Karaliaus Congoro mirtis"},"content":{"rendered":"<p>Prot\u0117vi\u0173 Afrikos \u0161irdyje senas Masabos karalius Congoras, mil\u017eini\u0161kos imperijos valdovas, ruo\u0161iasi i\u0161tekinti savo dukter\u012f. Bet su\u017ead\u0117tuvi\u0173 dien\u0105 staiga atsiranda kitas jaunikis. Kyla karas, miestas virsta apgulta Troja, nesantaikos apimtais T\u0117bais. Karalius mir\u0161ta, ta\u010diau negali ils\u0117tis ramyb\u0117je nusiaubtame mieste. Jauniausiajam s\u016bnui Subai tenka u\u017eduotis apkeliauti \u0161al\u012f ir pastatyti septynis kapus pagal did\u017eiai garbinamo \u2013 ir did\u017eiai neapken\u010diamo \u2013 karaliaus Congoro atvaizd\u0105.<\/p>\n<p>Naujas Laurent\u2019o Gaud\u00e9 romanas epinio pasakojimo stiliumi ir puikia kalba atskleid\u017eia pirmines \u012fvyki\u0173 prie\u017eastis, heroj\u0173 dr\u0105s\u0105, liepsning\u0105 gro\u017e\u012f ir lemting\u0105 pralaim\u0117jimo nuojaut\u0105. Kiekvienam i\u0161 j\u0173 tenka vienaip ar kitaip patirti g\u0117d\u0105. Tokia slaptoji tiesa, pranokstanti \u0161irdies pol\u0117kius ir genties \u012fstatymus. Galb\u016bt tai ir yra tragedijos esm\u0117.<\/p>\n","protected":false},"excerpt":{"rendered":"<p>Prot\u0117vi\u0173 Afrikos \u0161irdyje senas Masabos karalius Congoras, mil\u017eini\u0161kos imperijos valdovas, ruo\u0161iasi i\u0161tekinti savo dukter\u012f. Bet su\u017ead\u0117tuvi\u0173 dien\u0105 staiga atsiranda kitas jaunikis. Kyla karas, miestas virsta apgulta Troja, nesantaikos apimtais T\u0117bais. Karalius mir\u0161ta, ta\u010diau negali ils\u0117tis ramyb\u0117je nusiaubtame mieste. Jauniausiajam s\u016bnui Subai tenka u\u017eduotis apkeliauti \u0161al\u012f ir pastatyti septynis kapus pagal did\u017eiai garbinamo \u2013 ir did\u017eiai neapken\u010diamo \u2013 karaliaus Congoro atvaizd\u0105. Naujas Laurent\u2019o Gaud\u00e9 romanas epinio pasakojimo stiliumi ir puikia kalba atskleid\u017eia pirmines \u012fvyki\u0173 prie\u017eastis, heroj\u0173 dr\u0105s\u0105, liepsning\u0105 gro\u017e\u012f ir lemting\u0105 pralaim\u0117jimo nuojaut\u0105. Kiekvienam i\u0161 j\u0173 tenka vienaip ar kitaip patirti g\u0117d\u0105. Tokia slaptoji tiesa, pranokstanti \u0161irdies pol\u0117kius ir genties \u012fstatymus. Galb\u016bt tai ir yra tragedijos esm\u0117.<\/p>\n","protected":false},"featured_media":2400,"comment_status":"closed","ping_status":"closed","template":"","meta":{"_acf_changed":false,"site-sidebar-layout":"default","site-content-layout":"","ast-site-content-layout":"default","site-content-style":"default","site-sidebar-style":"default","ast-global-header-display":"","ast-banner-title-visibility":"","ast-main-header-display":"","ast-hfb-above-header-display":"","ast-hfb-below-header-display":"","ast-hfb-mobile-header-display":"","site-post-title":"","ast-breadcrumbs-content":"","ast-featured-img":"","footer-sml-layout":"","ast-disable-related-posts":"","theme-transparent-header-meta":"","adv-header-id-meta":"","stick-header-meta":"","header-above-stick-meta":"","header-main-stick-meta":"","header-below-stick-meta":"","astra-migrate-meta-layouts":"default","ast-page-background-enabled":"default","ast-page-background-meta":{"desktop":{"background-color":"","background-image":"","background-repeat":"repeat","background-position":"center center","background-size":"auto","background-attachment":"scroll","background-type":"","background-media":"","overlay-type":"","overlay-color":"","overlay-opacity":"","overlay-gradient":""},"tablet":{"background-color":"","background-image":"","background-repeat":"repeat","background-position":"center center","background-size":"auto","background-attachment":"scroll","background-type":"","background-media":"","overlay-type":"","overlay-color":"","overlay-opacity":"","overlay-gradient":""},"mobile":{"background-color":"","background-image":"","background-repeat":"repeat","background-position":"center center","background-size":"auto","background-attachment":"scroll","background-type":"","background-media":"","overlay-type":"","overlay-color":"","overlay-opacity":"","overlay-gradient":""}},"ast-content-background-meta":{"desktop":{"background-color":"var(--ast-global-color-4)","background-image":"","background-repeat":"repeat","background-position":"center center","background-size":"auto","background-attachment":"scroll","background-type":"","background-media":"","overlay-type":"","overlay-color":"","overlay-opacity":"","overlay-gradient":""},"tablet":{"background-color":"var(--ast-global-color-4)","background-image":"","background-repeat":"repeat","background-position":"center center","background-size":"auto","background-attachment":"scroll","background-type":"","background-media":"","overlay-type":"","overlay-color":"","overlay-opacity":"","overlay-gradient":""},"mobile":{"background-color":"var(--ast-global-color-4)","background-image":"","background-repeat":"repeat","background-position":"center center","background-size":"auto","background-attachment":"scroll","background-type":"","background-media":"","overlay-type":"","overlay-color":"","overlay-opacity":"","overlay-gradient":""}}},"product_brand":[],"product_cat":[31],"product_tag":[],"class_list":{"0":"post-5431","1":"product","2":"type-product","3":"status-publish","4":"has-post-thumbnail","6":"product_cat-grozine-literatura","7":"desktop-align-left","8":"tablet-align-left","9":"mobile-align-left","11":"first","12":"instock","13":"shipping-taxable","14":"purchasable","15":"product-type-simple"},"acf":[],"yoast_head":"<!-- This site is optimized with the Yoast SEO plugin v27.0 - https:\/\/yoast.com\/product\/yoast-seo-wordpress\/ -->\n<title>Karaliaus Congoro mirtis<\/title>\n<meta name=\"description\" content=\"Prot\u0117vi\u0173 Afrikos \u0161irdyje senas Masabos karalius Congoras, mil\u017eini\u0161kos imperijos valdovas, ruo\u0161iasi i\u0161tekinti savo dukter\u012f. Bet su\u017ead\u0117tuvi\u0173 dien\u0105 staiga\" \/>\n<meta name=\"robots\" content=\"index, follow, max-snippet:-1, max-image-preview:large, max-video-preview:-1\" \/>\n<link rel=\"canonical\" href=\"https:\/\/skaitytaknyga.lt\/en\/produktas\/l-gaude-karaliaus-congoro-mirtis\/\" \/>\n<meta property=\"og:locale\" content=\"en_GB\" \/>\n<meta property=\"og:locale:alternate\" content=\"lt_LT\" \/>\n<meta property=\"og:type\" content=\"article\" \/>\n<meta property=\"og:title\" content=\"Karaliaus Congoro mirtis\" \/>\n<meta property=\"og:description\" content=\"Prot\u0117vi\u0173 Afrikos \u0161irdyje senas Masabos karalius Congoras, mil\u017eini\u0161kos imperijos valdovas, ruo\u0161iasi i\u0161tekinti savo dukter\u012f. Bet su\u017ead\u0117tuvi\u0173 dien\u0105 staiga\" \/>\n<meta property=\"og:url\" content=\"https:\/\/skaitytaknyga.lt\/en\/produktas\/l-gaude-karaliaus-congoro-mirtis\/\" \/>\n<meta property=\"og:site_name\" content=\"Skaitytaknyga\" \/>\n<meta property=\"article:publisher\" content=\"https:\/\/www.facebook.com\/skaitytaknyga\/\" \/>\n<meta property=\"article:modified_time\" content=\"2025-06-15T17:41:14+00:00\" \/>\n<meta property=\"og:image\" content=\"https:\/\/skaitytaknyga.lt\/wp-content\/uploads\/2024\/04\/181622-dsc-0845.jpg\" \/>\n\t<meta property=\"og:image:width\" content=\"450\" \/>\n\t<meta property=\"og:image:height\" content=\"800\" \/>\n\t<meta property=\"og:image:type\" content=\"image\/jpeg\" \/>\n<meta name=\"twitter:card\" content=\"summary_large_image\" \/>\n<meta name=\"twitter:label1\" content=\"Estimated reading time\" \/>\n\t<meta name=\"twitter:data1\" content=\"1 minute\" \/>\n<script type=\"application\/ld+json\" class=\"yoast-schema-graph\">{\"@context\":\"https:\/\/schema.org\",\"@graph\":[{\"@type\":\"WebPage\",\"@id\":\"https:\/\/skaitytaknyga.lt\/produktas\/l-gaude-karaliaus-congoro-mirtis\/\",\"url\":\"https:\/\/skaitytaknyga.lt\/produktas\/l-gaude-karaliaus-congoro-mirtis\/\",\"name\":\"Karaliaus Congoro mirtis\",\"isPartOf\":{\"@id\":\"https:\/\/skaitytaknyga.lt\/#website\"},\"primaryImageOfPage\":{\"@id\":\"https:\/\/skaitytaknyga.lt\/produktas\/l-gaude-karaliaus-congoro-mirtis\/#primaryimage\"},\"image\":{\"@id\":\"https:\/\/skaitytaknyga.lt\/produktas\/l-gaude-karaliaus-congoro-mirtis\/#primaryimage\"},\"thumbnailUrl\":\"https:\/\/skaitytaknyga.lt\/wp-content\/uploads\/2024\/04\/181622-dsc-0845.jpg\",\"datePublished\":\"2024-05-02T12:42:22+00:00\",\"dateModified\":\"2025-06-15T17:41:14+00:00\",\"description\":\"Prot\u0117vi\u0173 Afrikos \u0161irdyje senas Masabos karalius Congoras, mil\u017eini\u0161kos imperijos valdovas, ruo\u0161iasi i\u0161tekinti savo dukter\u012f. Bet su\u017ead\u0117tuvi\u0173 dien\u0105 staiga\",\"breadcrumb\":{\"@id\":\"https:\/\/skaitytaknyga.lt\/produktas\/l-gaude-karaliaus-congoro-mirtis\/#breadcrumb\"},\"inLanguage\":\"en-GB\",\"potentialAction\":[{\"@type\":\"ReadAction\",\"target\":[\"https:\/\/skaitytaknyga.lt\/produktas\/l-gaude-karaliaus-congoro-mirtis\/\"]}]},{\"@type\":\"ImageObject\",\"inLanguage\":\"en-GB\",\"@id\":\"https:\/\/skaitytaknyga.lt\/produktas\/l-gaude-karaliaus-congoro-mirtis\/#primaryimage\",\"url\":\"https:\/\/skaitytaknyga.lt\/wp-content\/uploads\/2024\/04\/181622-dsc-0845.jpg\",\"contentUrl\":\"https:\/\/skaitytaknyga.lt\/wp-content\/uploads\/2024\/04\/181622-dsc-0845.jpg\",\"width\":450,\"height\":800,\"caption\":\"181622 dsc 0845\"},{\"@type\":\"BreadcrumbList\",\"@id\":\"https:\/\/skaitytaknyga.lt\/produktas\/l-gaude-karaliaus-congoro-mirtis\/#breadcrumb\",\"itemListElement\":[{\"@type\":\"ListItem\",\"position\":1,\"name\":\"Home\",\"item\":\"https:\/\/skaitytaknyga.lt\/\"},{\"@type\":\"ListItem\",\"position\":2,\"name\":\"Parduotuv\u0117\",\"item\":\"https:\/\/skaitytaknyga.lt\/knygu-parduotuve\/\"},{\"@type\":\"ListItem\",\"position\":3,\"name\":\"Karaliaus Congoro mirtis\"}]},{\"@type\":\"WebSite\",\"@id\":\"https:\/\/skaitytaknyga.lt\/#website\",\"url\":\"https:\/\/skaitytaknyga.lt\/\",\"name\":\"skaitytaknyga.lt\",\"description\":\"Skaitytaknyga.lt \u2013 tai ma\u017eas \u0161eimos verslas, kuris prasid\u0117jo nuo meil\u0117s knygoms ir siekio i\u0161gelb\u0117ti knygas nuo likimo prie konteinerio. Kas vienam nereikalingas daiktas \u2013 kitam lobis, o mes esame tarpininkai, kurie padeda abiems tapti laimingesniems ???? \u017dinome kaip nelengva i\u0161gyventi ma\u017eiems verslams, tad nuo \u0161iol, \u010dia rasite ir kit\u0173, ma\u017e\u0173 \u0161eim\u0173 versl\u0173, rank\u0173 darbo, dovan\u0173 sau ir artimiesiems.\",\"publisher\":{\"@id\":\"https:\/\/skaitytaknyga.lt\/#organization\"},\"potentialAction\":[{\"@type\":\"SearchAction\",\"target\":{\"@type\":\"EntryPoint\",\"urlTemplate\":\"https:\/\/skaitytaknyga.lt\/?s={search_term_string}\"},\"query-input\":{\"@type\":\"PropertyValueSpecification\",\"valueRequired\":true,\"valueName\":\"search_term_string\"}}],\"inLanguage\":\"en-GB\"},{\"@type\":\"Organization\",\"@id\":\"https:\/\/skaitytaknyga.lt\/#organization\",\"name\":\"skaitytaknyga.lt\",\"url\":\"https:\/\/skaitytaknyga.lt\/\",\"logo\":{\"@type\":\"ImageObject\",\"inLanguage\":\"en-GB\",\"@id\":\"https:\/\/skaitytaknyga.lt\/#\/schema\/logo\/image\/\",\"url\":\"https:\/\/skaitytaknyga.lt\/wp-content\/uploads\/2024\/05\/cropped-cropped-cropped-02_00843_jt3bggkj1j3HLc7SyY6rEUpg.jpeg\",\"contentUrl\":\"https:\/\/skaitytaknyga.lt\/wp-content\/uploads\/2024\/05\/cropped-cropped-cropped-02_00843_jt3bggkj1j3HLc7SyY6rEUpg.jpeg\",\"width\":1600,\"height\":1600,\"caption\":\"skaitytaknyga.lt\"},\"image\":{\"@id\":\"https:\/\/skaitytaknyga.lt\/#\/schema\/logo\/image\/\"},\"sameAs\":[\"https:\/\/www.facebook.com\/skaitytaknyga\/\"]}]}<\/script>\n<!-- \/ Yoast SEO plugin. -->","yoast_head_json":{"title":"Karaliaus Congoro mirtis","description":"Prot\u0117vi\u0173 Afrikos \u0161irdyje senas Masabos karalius Congoras, mil\u017eini\u0161kos imperijos valdovas, ruo\u0161iasi i\u0161tekinti savo dukter\u012f. Bet su\u017ead\u0117tuvi\u0173 dien\u0105 staiga","robots":{"index":"index","follow":"follow","max-snippet":"max-snippet:-1","max-image-preview":"max-image-preview:large","max-video-preview":"max-video-preview:-1"},"canonical":"https:\/\/skaitytaknyga.lt\/en\/produktas\/l-gaude-karaliaus-congoro-mirtis\/","og_locale":"en_GB","og_type":"article","og_title":"[:lt]Karaliaus Congoro mirtis[:] - Skaitytaknyga","og_description":"Prot\u0117vi\u0173 Afrikos \u0161irdyje senas Masabos karalius Congoras, mil\u017eini\u0161kos imperijos valdovas, ruo\u0161iasi i\u0161tekinti savo dukter\u012f. Bet su\u017ead\u0117tuvi\u0173 dien\u0105 staiga","og_url":"https:\/\/skaitytaknyga.lt\/en\/produktas\/l-gaude-karaliaus-congoro-mirtis\/","og_site_name":"Skaitytaknyga","article_publisher":"https:\/\/www.facebook.com\/skaitytaknyga\/","article_modified_time":"2025-06-15T17:41:14+00:00","og_image":[{"width":450,"height":800,"url":"https:\/\/skaitytaknyga.lt\/wp-content\/uploads\/2024\/04\/181622-dsc-0845.jpg","type":"image\/jpeg"}],"twitter_card":"summary_large_image","twitter_misc":{"Estimated reading time":"1 minute"},"schema":{"@context":"https:\/\/schema.org","@graph":[{"@type":"WebPage","@id":"https:\/\/skaitytaknyga.lt\/produktas\/l-gaude-karaliaus-congoro-mirtis\/","url":"https:\/\/skaitytaknyga.lt\/produktas\/l-gaude-karaliaus-congoro-mirtis\/","name":"Karaliaus Congoro mirtis","isPartOf":{"@id":"https:\/\/skaitytaknyga.lt\/#website"},"primaryImageOfPage":{"@id":"https:\/\/skaitytaknyga.lt\/produktas\/l-gaude-karaliaus-congoro-mirtis\/#primaryimage"},"image":{"@id":"https:\/\/skaitytaknyga.lt\/produktas\/l-gaude-karaliaus-congoro-mirtis\/#primaryimage"},"thumbnailUrl":"https:\/\/skaitytaknyga.lt\/wp-content\/uploads\/2024\/04\/181622-dsc-0845.jpg","datePublished":"2024-05-02T12:42:22+00:00","dateModified":"2025-06-15T17:41:14+00:00","description":"Prot\u0117vi\u0173 Afrikos \u0161irdyje senas Masabos karalius Congoras, mil\u017eini\u0161kos imperijos valdovas, ruo\u0161iasi i\u0161tekinti savo dukter\u012f. Bet su\u017ead\u0117tuvi\u0173 dien\u0105 staiga","breadcrumb":{"@id":"https:\/\/skaitytaknyga.lt\/produktas\/l-gaude-karaliaus-congoro-mirtis\/#breadcrumb"},"inLanguage":"en-GB","potentialAction":[{"@type":"ReadAction","target":["https:\/\/skaitytaknyga.lt\/produktas\/l-gaude-karaliaus-congoro-mirtis\/"]}]},{"@type":"ImageObject","inLanguage":"en-GB","@id":"https:\/\/skaitytaknyga.lt\/produktas\/l-gaude-karaliaus-congoro-mirtis\/#primaryimage","url":"https:\/\/skaitytaknyga.lt\/wp-content\/uploads\/2024\/04\/181622-dsc-0845.jpg","contentUrl":"https:\/\/skaitytaknyga.lt\/wp-content\/uploads\/2024\/04\/181622-dsc-0845.jpg","width":450,"height":800,"caption":"181622 dsc 0845"},{"@type":"BreadcrumbList","@id":"https:\/\/skaitytaknyga.lt\/produktas\/l-gaude-karaliaus-congoro-mirtis\/#breadcrumb","itemListElement":[{"@type":"ListItem","position":1,"name":"Home","item":"https:\/\/skaitytaknyga.lt\/"},{"@type":"ListItem","position":2,"name":"Parduotuv\u0117","item":"https:\/\/skaitytaknyga.lt\/knygu-parduotuve\/"},{"@type":"ListItem","position":3,"name":"Karaliaus Congoro mirtis"}]},{"@type":"WebSite","@id":"https:\/\/skaitytaknyga.lt\/#website","url":"https:\/\/skaitytaknyga.lt\/","name":"skaitytaknyga.lt","description":"Skaitytaknyga.lt \u2013 tai ma\u017eas \u0161eimos verslas, kuris prasid\u0117jo nuo meil\u0117s knygoms ir siekio i\u0161gelb\u0117ti knygas nuo likimo prie konteinerio. Kas vienam nereikalingas daiktas \u2013 kitam lobis, o mes esame tarpininkai, kurie padeda abiems tapti laimingesniems ???? \u017dinome kaip nelengva i\u0161gyventi ma\u017eiems verslams, tad nuo \u0161iol, \u010dia rasite ir kit\u0173, ma\u017e\u0173 \u0161eim\u0173 versl\u0173, rank\u0173 darbo, dovan\u0173 sau ir artimiesiems.","publisher":{"@id":"https:\/\/skaitytaknyga.lt\/#organization"},"potentialAction":[{"@type":"SearchAction","target":{"@type":"EntryPoint","urlTemplate":"https:\/\/skaitytaknyga.lt\/?s={search_term_string}"},"query-input":{"@type":"PropertyValueSpecification","valueRequired":true,"valueName":"search_term_string"}}],"inLanguage":"en-GB"},{"@type":"Organization","@id":"https:\/\/skaitytaknyga.lt\/#organization","name":"skaitytaknyga.lt","url":"https:\/\/skaitytaknyga.lt\/","logo":{"@type":"ImageObject","inLanguage":"en-GB","@id":"https:\/\/skaitytaknyga.lt\/#\/schema\/logo\/image\/","url":"https:\/\/skaitytaknyga.lt\/wp-content\/uploads\/2024\/05\/cropped-cropped-cropped-02_00843_jt3bggkj1j3HLc7SyY6rEUpg.jpeg","contentUrl":"https:\/\/skaitytaknyga.lt\/wp-content\/uploads\/2024\/05\/cropped-cropped-cropped-02_00843_jt3bggkj1j3HLc7SyY6rEUpg.jpeg","width":1600,"height":1600,"caption":"skaitytaknyga.lt"},"image":{"@id":"https:\/\/skaitytaknyga.lt\/#\/schema\/logo\/image\/"},"sameAs":["https:\/\/www.facebook.com\/skaitytaknyga\/"]}]}},"_links":{"self":[{"href":"https:\/\/skaitytaknyga.lt\/en\/wp-json\/wp\/v2\/product\/5431","targetHints":{"allow":["GET"]}}],"collection":[{"href":"https:\/\/skaitytaknyga.lt\/en\/wp-json\/wp\/v2\/product"}],"about":[{"href":"https:\/\/skaitytaknyga.lt\/en\/wp-json\/wp\/v2\/types\/product"}],"replies":[{"embeddable":true,"href":"https:\/\/skaitytaknyga.lt\/en\/wp-json\/wp\/v2\/comments?post=5431"}],"wp:featuredmedia":[{"embeddable":true,"href":"https:\/\/skaitytaknyga.lt\/en\/wp-json\/wp\/v2\/media\/2400"}],"wp:attachment":[{"href":"https:\/\/skaitytaknyga.lt\/en\/wp-json\/wp\/v2\/media?parent=5431"}],"wp:term":[{"taxonomy":"product_brand","embeddable":true,"href":"https:\/\/skaitytaknyga.lt\/en\/wp-json\/wp\/v2\/product_brand?post=5431"},{"taxonomy":"product_cat","embeddable":true,"href":"https:\/\/skaitytaknyga.lt\/en\/wp-json\/wp\/v2\/product_cat?post=5431"},{"taxonomy":"product_tag","embeddable":true,"href":"https:\/\/skaitytaknyga.lt\/en\/wp-json\/wp\/v2\/product_tag?post=5431"}],"curies":[{"name":"wp","href":"https:\/\/api.w.org\/{rel}","templated":true}]}}