{"id":5428,"date":"2024-05-02T12:42:22","date_gmt":"2024-05-02T12:42:22","guid":{"rendered":"https:\/\/skaitytaknyga.lt\/?post_type=product&#038;p=5428"},"modified":"2024-05-02T12:42:23","modified_gmt":"2024-05-02T12:42:23","slug":"m-orths-kambarine","status":"publish","type":"product","link":"https:\/\/skaitytaknyga.lt\/en\/produktas\/m-orths-kambarine\/","title":{"rendered":"M. Orths \u201eKambarin\u0117\u201c"},"content":{"rendered":"<p>Lin Capatek dirba vie\u0161bu\u010dio \u201eEdenas\u201c kambarine. Lin ne \u0161iaip sau valo. Ji valo labai r\u016bpestingai. Mergina vis ilgiau u\u017etrunka kambariuose, paker\u0117ta to, k\u0105 ten mato ir randa. Ra\u0161teliai, knygos, higienos reikmen\u0173 krep\u0161eliai, vaistai. I\u0161 prad\u017ei\u0173 Lin elgiasi atsargiai, ta\u010diau v\u0117liau vis labiau \u012fsidr\u0105sina, net su\u012f\u017e\u016bl\u0117ja \u2013 ne tik uostin\u0117ja svetimus drabu\u017eius, bet ir matuojasi. Ji nori priart\u0117ti prie kit\u0173 \u017emoni\u0173, bandyti prisiliesti prie j\u0173 gyvenimo. Kiekvien\u0105 antradien\u012f lenda po viena i\u0161 vie\u0161bu\u010dio lov\u0173 ir klausosi, kas vyksta vir\u0161 jos. Lin siekia b\u016bti greta \u017emoni\u0173 ir kartu likti nematoma.<\/p>\n<p>\u201eKambarin\u0117\u201c \u2013 \u00a0ry\u0161kus keistos merginos portretas. Tai intymi istorija \u012f obsesijas linkusios, ie\u0161kan\u010dios moters, trok\u0161tan\u010dios su\u017einoti, kaip pavyksta \u017emon\u0117ms tai, kas jai \u0161itaip sunkiai sekasi, t. y., gyventi.<\/p>\n","protected":false},"excerpt":{"rendered":"<p>Lin Capatek dirba vie\u0161bu\u010dio \u201eEdenas\u201c kambarine. Lin ne \u0161iaip sau valo. Ji valo labai r\u016bpestingai. Mergina vis ilgiau u\u017etrunka kambariuose, paker\u0117ta to, k\u0105 ten mato ir randa. Ra\u0161teliai, knygos, higienos reikmen\u0173 krep\u0161eliai, vaistai. I\u0161 prad\u017ei\u0173 Lin elgiasi atsargiai, ta\u010diau v\u0117liau vis labiau \u012fsidr\u0105sina, net su\u012f\u017e\u016bl\u0117ja \u2013 ne tik uostin\u0117ja svetimus drabu\u017eius, bet ir matuojasi. Ji nori priart\u0117ti prie kit\u0173 \u017emoni\u0173, bandyti prisiliesti prie j\u0173 gyvenimo. Kiekvien\u0105 antradien\u012f lenda po viena i\u0161 vie\u0161bu\u010dio lov\u0173 ir klausosi, kas vyksta vir\u0161 jos. Lin siekia b\u016bti greta \u017emoni\u0173 ir kartu likti nematoma. \u201eKambarin\u0117\u201c \u2013 \u00a0ry\u0161kus keistos merginos portretas. Tai intymi istorija \u012f obsesijas linkusios, ie\u0161kan\u010dios moters, trok\u0161tan\u010dios su\u017einoti, kaip pavyksta \u017emon\u0117ms tai, kas jai \u0161itaip sunkiai sekasi, t. y., gyventi.<\/p>\n","protected":false},"featured_media":2397,"comment_status":"closed","ping_status":"closed","template":"","meta":{"_acf_changed":false,"site-sidebar-layout":"default","site-content-layout":"","ast-site-content-layout":"default","site-content-style":"default","site-sidebar-style":"default","ast-global-header-display":"","ast-banner-title-visibility":"","ast-main-header-display":"","ast-hfb-above-header-display":"","ast-hfb-below-header-display":"","ast-hfb-mobile-header-display":"","site-post-title":"","ast-breadcrumbs-content":"","ast-featured-img":"","footer-sml-layout":"","ast-disable-related-posts":"","theme-transparent-header-meta":"","adv-header-id-meta":"","stick-header-meta":"","header-above-stick-meta":"","header-main-stick-meta":"","header-below-stick-meta":"","astra-migrate-meta-layouts":"default","ast-page-background-enabled":"default","ast-page-background-meta":{"desktop":{"background-color":"","background-image":"","background-repeat":"repeat","background-position":"center center","background-size":"auto","background-attachment":"scroll","background-type":"","background-media":"","overlay-type":"","overlay-color":"","overlay-opacity":"","overlay-gradient":""},"tablet":{"background-color":"","background-image":"","background-repeat":"repeat","background-position":"center center","background-size":"auto","background-attachment":"scroll","background-type":"","background-media":"","overlay-type":"","overlay-color":"","overlay-opacity":"","overlay-gradient":""},"mobile":{"background-color":"","background-image":"","background-repeat":"repeat","background-position":"center center","background-size":"auto","background-attachment":"scroll","background-type":"","background-media":"","overlay-type":"","overlay-color":"","overlay-opacity":"","overlay-gradient":""}},"ast-content-background-meta":{"desktop":{"background-color":"var(--ast-global-color-4)","background-image":"","background-repeat":"repeat","background-position":"center center","background-size":"auto","background-attachment":"scroll","background-type":"","background-media":"","overlay-type":"","overlay-color":"","overlay-opacity":"","overlay-gradient":""},"tablet":{"background-color":"var(--ast-global-color-4)","background-image":"","background-repeat":"repeat","background-position":"center center","background-size":"auto","background-attachment":"scroll","background-type":"","background-media":"","overlay-type":"","overlay-color":"","overlay-opacity":"","overlay-gradient":""},"mobile":{"background-color":"var(--ast-global-color-4)","background-image":"","background-repeat":"repeat","background-position":"center center","background-size":"auto","background-attachment":"scroll","background-type":"","background-media":"","overlay-type":"","overlay-color":"","overlay-opacity":"","overlay-gradient":""}}},"product_brand":[],"product_cat":[31],"product_tag":[],"class_list":{"0":"post-5428","1":"product","2":"type-product","3":"status-publish","4":"has-post-thumbnail","6":"product_cat-grozine-literatura","7":"desktop-align-left","8":"tablet-align-left","9":"mobile-align-left","11":"first","12":"instock","13":"shipping-taxable","14":"purchasable","15":"product-type-simple"},"acf":[],"yoast_head":"<!-- This site is optimized with the Yoast SEO plugin v27.0 - https:\/\/yoast.com\/product\/yoast-seo-wordpress\/ -->\n<title>M. Orths \u201eKambarin\u0117\u201c - Skaitytaknyga<\/title>\n<meta name=\"description\" content=\"Lin Capatek dirba vie\u0161bu\u010dio \u201eEdenas\u201c kambarine. Lin ne \u0161iaip sau valo. Ji valo labai r\u016bpestingai. Mergina vis ilgiau u\u017etrunka kambariuose, paker\u0117ta to, k\u0105\" \/>\n<meta name=\"robots\" content=\"index, follow, max-snippet:-1, max-image-preview:large, max-video-preview:-1\" \/>\n<link rel=\"canonical\" href=\"https:\/\/skaitytaknyga.lt\/en\/produktas\/m-orths-kambarine\/\" \/>\n<meta property=\"og:locale\" content=\"en_GB\" \/>\n<meta property=\"og:locale:alternate\" content=\"lt_LT\" \/>\n<meta property=\"og:type\" content=\"article\" \/>\n<meta property=\"og:title\" content=\"M. Orths \u201eKambarin\u0117\u201c - Skaitytaknyga\" \/>\n<meta property=\"og:description\" content=\"Lin Capatek dirba vie\u0161bu\u010dio \u201eEdenas\u201c kambarine. Lin ne \u0161iaip sau valo. Ji valo labai r\u016bpestingai. Mergina vis ilgiau u\u017etrunka kambariuose, paker\u0117ta to, k\u0105\" \/>\n<meta property=\"og:url\" content=\"https:\/\/skaitytaknyga.lt\/en\/produktas\/m-orths-kambarine\/\" \/>\n<meta property=\"og:site_name\" content=\"Skaitytaknyga\" \/>\n<meta property=\"article:publisher\" content=\"https:\/\/www.facebook.com\/skaitytaknyga\/\" \/>\n<meta property=\"article:modified_time\" content=\"2024-05-02T12:42:23+00:00\" \/>\n<meta property=\"og:image\" content=\"https:\/\/skaitytaknyga.lt\/wp-content\/uploads\/2024\/04\/1462873938_kambarine-1.jpg\" \/>\n\t<meta property=\"og:image:width\" content=\"441\" \/>\n\t<meta property=\"og:image:height\" content=\"666\" \/>\n\t<meta property=\"og:image:type\" content=\"image\/jpeg\" \/>\n<meta name=\"twitter:card\" content=\"summary_large_image\" \/>\n<meta name=\"twitter:label1\" content=\"Estimated reading time\" \/>\n\t<meta name=\"twitter:data1\" content=\"1 minute\" \/>\n<script type=\"application\/ld+json\" class=\"yoast-schema-graph\">{\"@context\":\"https:\/\/schema.org\",\"@graph\":[{\"@type\":\"WebPage\",\"@id\":\"https:\/\/skaitytaknyga.lt\/produktas\/m-orths-kambarine\/\",\"url\":\"https:\/\/skaitytaknyga.lt\/produktas\/m-orths-kambarine\/\",\"name\":\"M. Orths \u201eKambarin\u0117\u201c - Skaitytaknyga\",\"isPartOf\":{\"@id\":\"https:\/\/skaitytaknyga.lt\/#website\"},\"primaryImageOfPage\":{\"@id\":\"https:\/\/skaitytaknyga.lt\/produktas\/m-orths-kambarine\/#primaryimage\"},\"image\":{\"@id\":\"https:\/\/skaitytaknyga.lt\/produktas\/m-orths-kambarine\/#primaryimage\"},\"thumbnailUrl\":\"https:\/\/skaitytaknyga.lt\/wp-content\/uploads\/2024\/04\/1462873938_kambarine-1.jpg\",\"datePublished\":\"2024-05-02T12:42:22+00:00\",\"dateModified\":\"2024-05-02T12:42:23+00:00\",\"description\":\"Lin Capatek dirba vie\u0161bu\u010dio \u201eEdenas\u201c kambarine. Lin ne \u0161iaip sau valo. Ji valo labai r\u016bpestingai. Mergina vis ilgiau u\u017etrunka kambariuose, paker\u0117ta to, k\u0105\",\"breadcrumb\":{\"@id\":\"https:\/\/skaitytaknyga.lt\/produktas\/m-orths-kambarine\/#breadcrumb\"},\"inLanguage\":\"en-GB\",\"potentialAction\":[{\"@type\":\"ReadAction\",\"target\":[\"https:\/\/skaitytaknyga.lt\/produktas\/m-orths-kambarine\/\"]}]},{\"@type\":\"ImageObject\",\"inLanguage\":\"en-GB\",\"@id\":\"https:\/\/skaitytaknyga.lt\/produktas\/m-orths-kambarine\/#primaryimage\",\"url\":\"https:\/\/skaitytaknyga.lt\/wp-content\/uploads\/2024\/04\/1462873938_kambarine-1.jpg\",\"contentUrl\":\"https:\/\/skaitytaknyga.lt\/wp-content\/uploads\/2024\/04\/1462873938_kambarine-1.jpg\",\"width\":441,\"height\":666,\"caption\":\"1462873938 kambarine 1\"},{\"@type\":\"BreadcrumbList\",\"@id\":\"https:\/\/skaitytaknyga.lt\/produktas\/m-orths-kambarine\/#breadcrumb\",\"itemListElement\":[{\"@type\":\"ListItem\",\"position\":1,\"name\":\"Home\",\"item\":\"https:\/\/skaitytaknyga.lt\/\"},{\"@type\":\"ListItem\",\"position\":2,\"name\":\"Parduotuv\u0117\",\"item\":\"https:\/\/skaitytaknyga.lt\/knygu-parduotuve\/\"},{\"@type\":\"ListItem\",\"position\":3,\"name\":\"M. Orths \u201eKambarin\u0117\u201c\"}]},{\"@type\":\"WebSite\",\"@id\":\"https:\/\/skaitytaknyga.lt\/#website\",\"url\":\"https:\/\/skaitytaknyga.lt\/\",\"name\":\"skaitytaknyga.lt\",\"description\":\"Skaitytaknyga.lt \u2013 tai ma\u017eas \u0161eimos verslas, kuris prasid\u0117jo nuo meil\u0117s knygoms ir siekio i\u0161gelb\u0117ti knygas nuo likimo prie konteinerio. Kas vienam nereikalingas daiktas \u2013 kitam lobis, o mes esame tarpininkai, kurie padeda abiems tapti laimingesniems ???? \u017dinome kaip nelengva i\u0161gyventi ma\u017eiems verslams, tad nuo \u0161iol, \u010dia rasite ir kit\u0173, ma\u017e\u0173 \u0161eim\u0173 versl\u0173, rank\u0173 darbo, dovan\u0173 sau ir artimiesiems.\",\"publisher\":{\"@id\":\"https:\/\/skaitytaknyga.lt\/#organization\"},\"potentialAction\":[{\"@type\":\"SearchAction\",\"target\":{\"@type\":\"EntryPoint\",\"urlTemplate\":\"https:\/\/skaitytaknyga.lt\/?s={search_term_string}\"},\"query-input\":{\"@type\":\"PropertyValueSpecification\",\"valueRequired\":true,\"valueName\":\"search_term_string\"}}],\"inLanguage\":\"en-GB\"},{\"@type\":\"Organization\",\"@id\":\"https:\/\/skaitytaknyga.lt\/#organization\",\"name\":\"skaitytaknyga.lt\",\"url\":\"https:\/\/skaitytaknyga.lt\/\",\"logo\":{\"@type\":\"ImageObject\",\"inLanguage\":\"en-GB\",\"@id\":\"https:\/\/skaitytaknyga.lt\/#\/schema\/logo\/image\/\",\"url\":\"https:\/\/skaitytaknyga.lt\/wp-content\/uploads\/2024\/05\/cropped-cropped-cropped-02_00843_jt3bggkj1j3HLc7SyY6rEUpg.jpeg\",\"contentUrl\":\"https:\/\/skaitytaknyga.lt\/wp-content\/uploads\/2024\/05\/cropped-cropped-cropped-02_00843_jt3bggkj1j3HLc7SyY6rEUpg.jpeg\",\"width\":1600,\"height\":1600,\"caption\":\"skaitytaknyga.lt\"},\"image\":{\"@id\":\"https:\/\/skaitytaknyga.lt\/#\/schema\/logo\/image\/\"},\"sameAs\":[\"https:\/\/www.facebook.com\/skaitytaknyga\/\"]}]}<\/script>\n<!-- \/ Yoast SEO plugin. -->","yoast_head_json":{"title":"M. Orths \u201eKambarin\u0117\u201c - Skaitytaknyga","description":"Lin Capatek dirba vie\u0161bu\u010dio \u201eEdenas\u201c kambarine. Lin ne \u0161iaip sau valo. Ji valo labai r\u016bpestingai. Mergina vis ilgiau u\u017etrunka kambariuose, paker\u0117ta to, k\u0105","robots":{"index":"index","follow":"follow","max-snippet":"max-snippet:-1","max-image-preview":"max-image-preview:large","max-video-preview":"max-video-preview:-1"},"canonical":"https:\/\/skaitytaknyga.lt\/en\/produktas\/m-orths-kambarine\/","og_locale":"en_GB","og_type":"article","og_title":"M. Orths \u201eKambarin\u0117\u201c - Skaitytaknyga","og_description":"Lin Capatek dirba vie\u0161bu\u010dio \u201eEdenas\u201c kambarine. Lin ne \u0161iaip sau valo. Ji valo labai r\u016bpestingai. Mergina vis ilgiau u\u017etrunka kambariuose, paker\u0117ta to, k\u0105","og_url":"https:\/\/skaitytaknyga.lt\/en\/produktas\/m-orths-kambarine\/","og_site_name":"Skaitytaknyga","article_publisher":"https:\/\/www.facebook.com\/skaitytaknyga\/","article_modified_time":"2024-05-02T12:42:23+00:00","og_image":[{"width":441,"height":666,"url":"https:\/\/skaitytaknyga.lt\/wp-content\/uploads\/2024\/04\/1462873938_kambarine-1.jpg","type":"image\/jpeg"}],"twitter_card":"summary_large_image","twitter_misc":{"Estimated reading time":"1 minute"},"schema":{"@context":"https:\/\/schema.org","@graph":[{"@type":"WebPage","@id":"https:\/\/skaitytaknyga.lt\/produktas\/m-orths-kambarine\/","url":"https:\/\/skaitytaknyga.lt\/produktas\/m-orths-kambarine\/","name":"M. Orths \u201eKambarin\u0117\u201c - Skaitytaknyga","isPartOf":{"@id":"https:\/\/skaitytaknyga.lt\/#website"},"primaryImageOfPage":{"@id":"https:\/\/skaitytaknyga.lt\/produktas\/m-orths-kambarine\/#primaryimage"},"image":{"@id":"https:\/\/skaitytaknyga.lt\/produktas\/m-orths-kambarine\/#primaryimage"},"thumbnailUrl":"https:\/\/skaitytaknyga.lt\/wp-content\/uploads\/2024\/04\/1462873938_kambarine-1.jpg","datePublished":"2024-05-02T12:42:22+00:00","dateModified":"2024-05-02T12:42:23+00:00","description":"Lin Capatek dirba vie\u0161bu\u010dio \u201eEdenas\u201c kambarine. Lin ne \u0161iaip sau valo. Ji valo labai r\u016bpestingai. Mergina vis ilgiau u\u017etrunka kambariuose, paker\u0117ta to, k\u0105","breadcrumb":{"@id":"https:\/\/skaitytaknyga.lt\/produktas\/m-orths-kambarine\/#breadcrumb"},"inLanguage":"en-GB","potentialAction":[{"@type":"ReadAction","target":["https:\/\/skaitytaknyga.lt\/produktas\/m-orths-kambarine\/"]}]},{"@type":"ImageObject","inLanguage":"en-GB","@id":"https:\/\/skaitytaknyga.lt\/produktas\/m-orths-kambarine\/#primaryimage","url":"https:\/\/skaitytaknyga.lt\/wp-content\/uploads\/2024\/04\/1462873938_kambarine-1.jpg","contentUrl":"https:\/\/skaitytaknyga.lt\/wp-content\/uploads\/2024\/04\/1462873938_kambarine-1.jpg","width":441,"height":666,"caption":"1462873938 kambarine 1"},{"@type":"BreadcrumbList","@id":"https:\/\/skaitytaknyga.lt\/produktas\/m-orths-kambarine\/#breadcrumb","itemListElement":[{"@type":"ListItem","position":1,"name":"Home","item":"https:\/\/skaitytaknyga.lt\/"},{"@type":"ListItem","position":2,"name":"Parduotuv\u0117","item":"https:\/\/skaitytaknyga.lt\/knygu-parduotuve\/"},{"@type":"ListItem","position":3,"name":"M. Orths \u201eKambarin\u0117\u201c"}]},{"@type":"WebSite","@id":"https:\/\/skaitytaknyga.lt\/#website","url":"https:\/\/skaitytaknyga.lt\/","name":"skaitytaknyga.lt","description":"Skaitytaknyga.lt \u2013 tai ma\u017eas \u0161eimos verslas, kuris prasid\u0117jo nuo meil\u0117s knygoms ir siekio i\u0161gelb\u0117ti knygas nuo likimo prie konteinerio. Kas vienam nereikalingas daiktas \u2013 kitam lobis, o mes esame tarpininkai, kurie padeda abiems tapti laimingesniems ???? \u017dinome kaip nelengva i\u0161gyventi ma\u017eiems verslams, tad nuo \u0161iol, \u010dia rasite ir kit\u0173, ma\u017e\u0173 \u0161eim\u0173 versl\u0173, rank\u0173 darbo, dovan\u0173 sau ir artimiesiems.","publisher":{"@id":"https:\/\/skaitytaknyga.lt\/#organization"},"potentialAction":[{"@type":"SearchAction","target":{"@type":"EntryPoint","urlTemplate":"https:\/\/skaitytaknyga.lt\/?s={search_term_string}"},"query-input":{"@type":"PropertyValueSpecification","valueRequired":true,"valueName":"search_term_string"}}],"inLanguage":"en-GB"},{"@type":"Organization","@id":"https:\/\/skaitytaknyga.lt\/#organization","name":"skaitytaknyga.lt","url":"https:\/\/skaitytaknyga.lt\/","logo":{"@type":"ImageObject","inLanguage":"en-GB","@id":"https:\/\/skaitytaknyga.lt\/#\/schema\/logo\/image\/","url":"https:\/\/skaitytaknyga.lt\/wp-content\/uploads\/2024\/05\/cropped-cropped-cropped-02_00843_jt3bggkj1j3HLc7SyY6rEUpg.jpeg","contentUrl":"https:\/\/skaitytaknyga.lt\/wp-content\/uploads\/2024\/05\/cropped-cropped-cropped-02_00843_jt3bggkj1j3HLc7SyY6rEUpg.jpeg","width":1600,"height":1600,"caption":"skaitytaknyga.lt"},"image":{"@id":"https:\/\/skaitytaknyga.lt\/#\/schema\/logo\/image\/"},"sameAs":["https:\/\/www.facebook.com\/skaitytaknyga\/"]}]}},"_links":{"self":[{"href":"https:\/\/skaitytaknyga.lt\/en\/wp-json\/wp\/v2\/product\/5428","targetHints":{"allow":["GET"]}}],"collection":[{"href":"https:\/\/skaitytaknyga.lt\/en\/wp-json\/wp\/v2\/product"}],"about":[{"href":"https:\/\/skaitytaknyga.lt\/en\/wp-json\/wp\/v2\/types\/product"}],"replies":[{"embeddable":true,"href":"https:\/\/skaitytaknyga.lt\/en\/wp-json\/wp\/v2\/comments?post=5428"}],"wp:featuredmedia":[{"embeddable":true,"href":"https:\/\/skaitytaknyga.lt\/en\/wp-json\/wp\/v2\/media\/2397"}],"wp:attachment":[{"href":"https:\/\/skaitytaknyga.lt\/en\/wp-json\/wp\/v2\/media?parent=5428"}],"wp:term":[{"taxonomy":"product_brand","embeddable":true,"href":"https:\/\/skaitytaknyga.lt\/en\/wp-json\/wp\/v2\/product_brand?post=5428"},{"taxonomy":"product_cat","embeddable":true,"href":"https:\/\/skaitytaknyga.lt\/en\/wp-json\/wp\/v2\/product_cat?post=5428"},{"taxonomy":"product_tag","embeddable":true,"href":"https:\/\/skaitytaknyga.lt\/en\/wp-json\/wp\/v2\/product_tag?post=5428"}],"curies":[{"name":"wp","href":"https:\/\/api.w.org\/{rel}","templated":true}]}}