{"id":5424,"date":"2024-05-02T12:42:20","date_gmt":"2024-05-02T12:42:20","guid":{"rendered":"https:\/\/skaitytaknyga.lt\/?post_type=product&#038;p=5424"},"modified":"2026-03-05T16:00:54","modified_gmt":"2026-03-05T14:00:54","slug":"g-simenon-zmogus-kuris-ziuredavo-i-nuvaziuojancius-traukinius","status":"publish","type":"product","link":"https:\/\/skaitytaknyga.lt\/en\/produktas\/g-simenon-zmogus-kuris-ziuredavo-i-nuvaziuojancius-traukinius\/","title":{"rendered":"G. Simenon \u201e\u017dmogus, kuris \u017ei\u016br\u0117davo \u012f nuva\u017eiuojan\u010dius traukinius\u201c"},"content":{"rendered":"<p>Keso Popingos gyvenimas daugel\u012f met\u0173 sruveno ramiai. Vien\u0105 dien\u0105 bendrov\u0117, kurioje jis dirba ir \u012f kuri\u0105 yra \u012fd\u0117j\u0119s visus savo pinigus, bankrutuoja. Nuo \u0161ios akimirkos jo gyvenimas gali pakrypti visai kita vaga\u2026 K\u0105 pasirinks Kesas Popinga \u2013 bandys i\u0161saugoti savo mies\u010dioni\u0161k\u0105 nam\u0173 jaukum\u0105 ar s\u0117s \u012f naktin\u012f traukin\u012f, riedant\u012f i\u0161svajotos laisv\u0117s link?<\/p>\n<p>Kas jis i\u0161 ties\u0173 \u2013 beprotis maniakas, pavojingas \u017eudikas ar tik nelemtai susiklos\u010diusi\u0173 aplinkybi\u0173 auka?<\/p>\n<p>Apie autori\u0173<\/p>\n<p>Georgesas Simenonas (\u017dor\u017eas Simenonas, 1903 \u2013 1989) \u2013 legendinis XX a. detektyvo meistras. Autoriaus knyg\u0173 parduota per 500 milijon\u0173 egzempliori\u0173, jos i\u0161verstos \u012f daugiau kaip \u0161imt\u0105 pasaulio kalb\u0173. Be garsiojo komisaro Megr\u0117 ciklo, ra\u0161ytojas suk\u016br\u0117 ne ma\u017eiau \u012fsp\u016bding\u0105 vadinam\u0173j\u0173 Simenono roman\u0173 serij\u0105. Juose k\u0117l\u0117 \u017emoni\u0173, aps\u0117st\u0173 \u012fvairiausi\u0173 manij\u0173, kankinam\u0173 vieni\u0161umo, nusivylimo, susvetim\u0117jimo ir m\u0117ginan\u010di\u0173 rasti savo viet\u0105 gyvenime, temas, k\u016br\u0117 intriguojan\u010dius psichologinius veik\u0117j\u0173 portretus. \u201e\u017dmogus, kuris \u017ei\u016br\u0117davo \u012f nuva\u017eiuojan\u010dius traukinius\u201c \u2013 vienas garsiausi\u0173 \u0161ios serijos roman\u0173.<\/p>\n","protected":false},"excerpt":{"rendered":"<p>Keso Popingos gyvenimas daugel\u012f met\u0173 sruveno ramiai. Vien\u0105 dien\u0105 bendrov\u0117, kurioje jis dirba ir \u012f kuri\u0105 yra \u012fd\u0117j\u0119s visus savo pinigus, bankrutuoja. Nuo \u0161ios akimirkos jo gyvenimas gali pakrypti visai kita vaga\u2026 K\u0105 pasirinks Kesas Popinga \u2013 bandys i\u0161saugoti savo mies\u010dioni\u0161k\u0105 nam\u0173 jaukum\u0105 ar s\u0117s \u012f naktin\u012f traukin\u012f, riedant\u012f i\u0161svajotos laisv\u0117s link?<\/p>\n<p>Kas jis i\u0161 ties\u0173 \u2013 beprotis maniakas, pavojingas \u017eudikas ar tik nelemtai susiklos\u010diusi\u0173 aplinkybi\u0173 auka?<\/p>\n","protected":false},"featured_media":2241,"comment_status":"closed","ping_status":"closed","template":"","meta":{"_acf_changed":false,"site-sidebar-layout":"default","site-content-layout":"","ast-site-content-layout":"default","site-content-style":"default","site-sidebar-style":"default","ast-global-header-display":"","ast-banner-title-visibility":"","ast-main-header-display":"","ast-hfb-above-header-display":"","ast-hfb-below-header-display":"","ast-hfb-mobile-header-display":"","site-post-title":"","ast-breadcrumbs-content":"","ast-featured-img":"","footer-sml-layout":"","ast-disable-related-posts":"","theme-transparent-header-meta":"","adv-header-id-meta":"","stick-header-meta":"","header-above-stick-meta":"","header-main-stick-meta":"","header-below-stick-meta":"","astra-migrate-meta-layouts":"default","ast-page-background-enabled":"default","ast-page-background-meta":{"desktop":{"background-color":"","background-image":"","background-repeat":"repeat","background-position":"center center","background-size":"auto","background-attachment":"scroll","background-type":"","background-media":"","overlay-type":"","overlay-color":"","overlay-opacity":"","overlay-gradient":""},"tablet":{"background-color":"","background-image":"","background-repeat":"repeat","background-position":"center center","background-size":"auto","background-attachment":"scroll","background-type":"","background-media":"","overlay-type":"","overlay-color":"","overlay-opacity":"","overlay-gradient":""},"mobile":{"background-color":"","background-image":"","background-repeat":"repeat","background-position":"center center","background-size":"auto","background-attachment":"scroll","background-type":"","background-media":"","overlay-type":"","overlay-color":"","overlay-opacity":"","overlay-gradient":""}},"ast-content-background-meta":{"desktop":{"background-color":"var(--ast-global-color-4)","background-image":"","background-repeat":"repeat","background-position":"center center","background-size":"auto","background-attachment":"scroll","background-type":"","background-media":"","overlay-type":"","overlay-color":"","overlay-opacity":"","overlay-gradient":""},"tablet":{"background-color":"var(--ast-global-color-4)","background-image":"","background-repeat":"repeat","background-position":"center center","background-size":"auto","background-attachment":"scroll","background-type":"","background-media":"","overlay-type":"","overlay-color":"","overlay-opacity":"","overlay-gradient":""},"mobile":{"background-color":"var(--ast-global-color-4)","background-image":"","background-repeat":"repeat","background-position":"center center","background-size":"auto","background-attachment":"scroll","background-type":"","background-media":"","overlay-type":"","overlay-color":"","overlay-opacity":"","overlay-gradient":""}}},"product_brand":[],"product_cat":[9581],"product_tag":[],"class_list":{"0":"post-5424","1":"product","2":"type-product","3":"status-publish","4":"has-post-thumbnail","6":"product_cat-kriminaliniai-romanai","7":"desktop-align-left","8":"tablet-align-left","9":"mobile-align-left","11":"first","12":"outofstock","13":"shipping-taxable","14":"purchasable","15":"product-type-simple"},"acf":[],"yoast_head":"<!-- This site is optimized with the Yoast SEO plugin v27.0 - https:\/\/yoast.com\/product\/yoast-seo-wordpress\/ -->\n<title>G. Simenon \u201e\u017dmogus, kuris \u017ei\u016br\u0117davo \u012f nuva\u017eiuojan\u010dius traukinius\u201c<\/title>\n<meta name=\"description\" content=\"Keso Popingos gyvenimas daugel\u012f met\u0173 sruveno ramiai. Vien\u0105 dien\u0105 bendrov\u0117, kurioje jis dirba ir \u012f kuri\u0105 yra \u012fd\u0117j\u0119s visus savo pinigus, bankrutuoja. Nuo \u0161ios akimirkos jo gyvenimas gali pakrypti visai kita vaga\u2026 K\u0105 pasirinks Kesas Popinga \u2013 bandys i\u0161saugoti savo mies\u010dioni\u0161k\u0105 nam\u0173 jaukum\u0105 ar s\u0117s \u012f naktin\u012f traukin\u012f, riedant\u012f i\u0161svajotos laisv\u0117s link?  Kas jis i\u0161 ties\u0173 \u2013 beprotis maniakas, pavojingas \u017eudikas ar tik nelemtai susiklos\u010diusi\u0173 aplinkybi\u0173 auka?\" \/>\n<meta name=\"robots\" content=\"index, follow, max-snippet:-1, max-image-preview:large, max-video-preview:-1\" \/>\n<link rel=\"canonical\" href=\"https:\/\/skaitytaknyga.lt\/en\/produktas\/g-simenon-zmogus-kuris-ziuredavo-i-nuvaziuojancius-traukinius\/\" \/>\n<meta property=\"og:locale\" content=\"en_GB\" \/>\n<meta property=\"og:locale:alternate\" content=\"lt_LT\" \/>\n<meta property=\"og:type\" content=\"article\" \/>\n<meta property=\"og:title\" content=\"G. Simenon \u201e\u017dmogus, kuris \u017ei\u016br\u0117davo \u012f nuva\u017eiuojan\u010dius traukinius\u201c\" \/>\n<meta property=\"og:description\" content=\"Keso Popingos gyvenimas daugel\u012f met\u0173 sruveno ramiai. Vien\u0105 dien\u0105 bendrov\u0117, kurioje jis dirba ir \u012f kuri\u0105 yra \u012fd\u0117j\u0119s visus savo pinigus, bankrutuoja. Nuo \u0161ios akimirkos jo gyvenimas gali pakrypti visai kita vaga\u2026 K\u0105 pasirinks Kesas Popinga \u2013 bandys i\u0161saugoti savo mies\u010dioni\u0161k\u0105 nam\u0173 jaukum\u0105 ar s\u0117s \u012f naktin\u012f traukin\u012f, riedant\u012f i\u0161svajotos laisv\u0117s link?  Kas jis i\u0161 ties\u0173 \u2013 beprotis maniakas, pavojingas \u017eudikas ar tik nelemtai susiklos\u010diusi\u0173 aplinkybi\u0173 auka?\" \/>\n<meta property=\"og:url\" content=\"https:\/\/skaitytaknyga.lt\/en\/produktas\/g-simenon-zmogus-kuris-ziuredavo-i-nuvaziuojancius-traukinius\/\" \/>\n<meta property=\"og:site_name\" content=\"Skaitytaknyga\" \/>\n<meta property=\"article:publisher\" content=\"https:\/\/www.facebook.com\/skaitytaknyga\/\" \/>\n<meta property=\"article:modified_time\" content=\"2026-03-05T14:00:54+00:00\" \/>\n<meta property=\"og:image\" content=\"https:\/\/skaitytaknyga.lt\/wp-content\/uploads\/2024\/04\/unnamed.jpg\" \/>\n\t<meta property=\"og:image:width\" content=\"311\" \/>\n\t<meta property=\"og:image:height\" content=\"512\" \/>\n\t<meta property=\"og:image:type\" content=\"image\/jpeg\" \/>\n<meta name=\"twitter:card\" content=\"summary_large_image\" \/>\n<meta name=\"twitter:label1\" content=\"Estimated reading time\" \/>\n\t<meta name=\"twitter:data1\" content=\"1 minute\" \/>\n<script type=\"application\/ld+json\" class=\"yoast-schema-graph\">{\"@context\":\"https:\/\/schema.org\",\"@graph\":[{\"@type\":\"WebPage\",\"@id\":\"https:\/\/skaitytaknyga.lt\/produktas\/g-simenon-zmogus-kuris-ziuredavo-i-nuvaziuojancius-traukinius\/\",\"url\":\"https:\/\/skaitytaknyga.lt\/produktas\/g-simenon-zmogus-kuris-ziuredavo-i-nuvaziuojancius-traukinius\/\",\"name\":\"G. Simenon \u201e\u017dmogus, kuris \u017ei\u016br\u0117davo \u012f nuva\u017eiuojan\u010dius traukinius\u201c\",\"isPartOf\":{\"@id\":\"https:\/\/skaitytaknyga.lt\/#website\"},\"primaryImageOfPage\":{\"@id\":\"https:\/\/skaitytaknyga.lt\/produktas\/g-simenon-zmogus-kuris-ziuredavo-i-nuvaziuojancius-traukinius\/#primaryimage\"},\"image\":{\"@id\":\"https:\/\/skaitytaknyga.lt\/produktas\/g-simenon-zmogus-kuris-ziuredavo-i-nuvaziuojancius-traukinius\/#primaryimage\"},\"thumbnailUrl\":\"https:\/\/skaitytaknyga.lt\/wp-content\/uploads\/2024\/04\/unnamed.jpg\",\"datePublished\":\"2024-05-02T12:42:20+00:00\",\"dateModified\":\"2026-03-05T14:00:54+00:00\",\"description\":\"Keso Popingos gyvenimas daugel\u012f met\u0173 sruveno ramiai. Vien\u0105 dien\u0105 bendrov\u0117, kurioje jis dirba ir \u012f kuri\u0105 yra \u012fd\u0117j\u0119s visus savo pinigus, bankrutuoja. Nuo \u0161ios akimirkos jo gyvenimas gali pakrypti visai kita vaga\u2026 K\u0105 pasirinks Kesas Popinga \u2013 bandys i\u0161saugoti savo mies\u010dioni\u0161k\u0105 nam\u0173 jaukum\u0105 ar s\u0117s \u012f naktin\u012f traukin\u012f, riedant\u012f i\u0161svajotos laisv\u0117s link? Kas jis i\u0161 ties\u0173 \u2013 beprotis maniakas, pavojingas \u017eudikas ar tik nelemtai susiklos\u010diusi\u0173 aplinkybi\u0173 auka?\",\"breadcrumb\":{\"@id\":\"https:\/\/skaitytaknyga.lt\/produktas\/g-simenon-zmogus-kuris-ziuredavo-i-nuvaziuojancius-traukinius\/#breadcrumb\"},\"inLanguage\":\"en-GB\",\"potentialAction\":[{\"@type\":\"ReadAction\",\"target\":[\"https:\/\/skaitytaknyga.lt\/produktas\/g-simenon-zmogus-kuris-ziuredavo-i-nuvaziuojancius-traukinius\/\"]}]},{\"@type\":\"ImageObject\",\"inLanguage\":\"en-GB\",\"@id\":\"https:\/\/skaitytaknyga.lt\/produktas\/g-simenon-zmogus-kuris-ziuredavo-i-nuvaziuojancius-traukinius\/#primaryimage\",\"url\":\"https:\/\/skaitytaknyga.lt\/wp-content\/uploads\/2024\/04\/unnamed.jpg\",\"contentUrl\":\"https:\/\/skaitytaknyga.lt\/wp-content\/uploads\/2024\/04\/unnamed.jpg\",\"width\":311,\"height\":512,\"caption\":\"unnamed\"},{\"@type\":\"BreadcrumbList\",\"@id\":\"https:\/\/skaitytaknyga.lt\/produktas\/g-simenon-zmogus-kuris-ziuredavo-i-nuvaziuojancius-traukinius\/#breadcrumb\",\"itemListElement\":[{\"@type\":\"ListItem\",\"position\":1,\"name\":\"Home\",\"item\":\"https:\/\/skaitytaknyga.lt\/\"},{\"@type\":\"ListItem\",\"position\":2,\"name\":\"Parduotuv\u0117\",\"item\":\"https:\/\/skaitytaknyga.lt\/knygu-parduotuve\/\"},{\"@type\":\"ListItem\",\"position\":3,\"name\":\"G. Simenon \u201e\u017dmogus, kuris \u017ei\u016br\u0117davo \u012f nuva\u017eiuojan\u010dius traukinius\u201c\"}]},{\"@type\":\"WebSite\",\"@id\":\"https:\/\/skaitytaknyga.lt\/#website\",\"url\":\"https:\/\/skaitytaknyga.lt\/\",\"name\":\"skaitytaknyga.lt\",\"description\":\"Skaitytaknyga.lt \u2013 tai ma\u017eas \u0161eimos verslas, kuris prasid\u0117jo nuo meil\u0117s knygoms ir siekio i\u0161gelb\u0117ti knygas nuo likimo prie konteinerio. Kas vienam nereikalingas daiktas \u2013 kitam lobis, o mes esame tarpininkai, kurie padeda abiems tapti laimingesniems ???? \u017dinome kaip nelengva i\u0161gyventi ma\u017eiems verslams, tad nuo \u0161iol, \u010dia rasite ir kit\u0173, ma\u017e\u0173 \u0161eim\u0173 versl\u0173, rank\u0173 darbo, dovan\u0173 sau ir artimiesiems.\",\"publisher\":{\"@id\":\"https:\/\/skaitytaknyga.lt\/#organization\"},\"potentialAction\":[{\"@type\":\"SearchAction\",\"target\":{\"@type\":\"EntryPoint\",\"urlTemplate\":\"https:\/\/skaitytaknyga.lt\/?s={search_term_string}\"},\"query-input\":{\"@type\":\"PropertyValueSpecification\",\"valueRequired\":true,\"valueName\":\"search_term_string\"}}],\"inLanguage\":\"en-GB\"},{\"@type\":\"Organization\",\"@id\":\"https:\/\/skaitytaknyga.lt\/#organization\",\"name\":\"skaitytaknyga.lt\",\"url\":\"https:\/\/skaitytaknyga.lt\/\",\"logo\":{\"@type\":\"ImageObject\",\"inLanguage\":\"en-GB\",\"@id\":\"https:\/\/skaitytaknyga.lt\/#\/schema\/logo\/image\/\",\"url\":\"https:\/\/skaitytaknyga.lt\/wp-content\/uploads\/2024\/05\/cropped-cropped-cropped-02_00843_jt3bggkj1j3HLc7SyY6rEUpg.jpeg\",\"contentUrl\":\"https:\/\/skaitytaknyga.lt\/wp-content\/uploads\/2024\/05\/cropped-cropped-cropped-02_00843_jt3bggkj1j3HLc7SyY6rEUpg.jpeg\",\"width\":1600,\"height\":1600,\"caption\":\"skaitytaknyga.lt\"},\"image\":{\"@id\":\"https:\/\/skaitytaknyga.lt\/#\/schema\/logo\/image\/\"},\"sameAs\":[\"https:\/\/www.facebook.com\/skaitytaknyga\/\"]}]}<\/script>\n<!-- \/ Yoast SEO plugin. -->","yoast_head_json":{"title":"G. Simenon \u201e\u017dmogus, kuris \u017ei\u016br\u0117davo \u012f nuva\u017eiuojan\u010dius traukinius\u201c","description":"Keso Popingos gyvenimas daugel\u012f met\u0173 sruveno ramiai. Vien\u0105 dien\u0105 bendrov\u0117, kurioje jis dirba ir \u012f kuri\u0105 yra \u012fd\u0117j\u0119s visus savo pinigus, bankrutuoja. Nuo \u0161ios akimirkos jo gyvenimas gali pakrypti visai kita vaga\u2026 K\u0105 pasirinks Kesas Popinga \u2013 bandys i\u0161saugoti savo mies\u010dioni\u0161k\u0105 nam\u0173 jaukum\u0105 ar s\u0117s \u012f naktin\u012f traukin\u012f, riedant\u012f i\u0161svajotos laisv\u0117s link?  Kas jis i\u0161 ties\u0173 \u2013 beprotis maniakas, pavojingas \u017eudikas ar tik nelemtai susiklos\u010diusi\u0173 aplinkybi\u0173 auka?","robots":{"index":"index","follow":"follow","max-snippet":"max-snippet:-1","max-image-preview":"max-image-preview:large","max-video-preview":"max-video-preview:-1"},"canonical":"https:\/\/skaitytaknyga.lt\/en\/produktas\/g-simenon-zmogus-kuris-ziuredavo-i-nuvaziuojancius-traukinius\/","og_locale":"en_GB","og_type":"article","og_title":"[:lt]G. Simenon \u201e\u017dmogus, kuris \u017ei\u016br\u0117davo \u012f nuva\u017eiuojan\u010dius traukinius\u201c[:] - Skaitytaknyga","og_description":"Keso Popingos gyvenimas daugel\u012f met\u0173 sruveno ramiai. Vien\u0105 dien\u0105 bendrov\u0117, kurioje jis dirba ir \u012f kuri\u0105 yra \u012fd\u0117j\u0119s visus savo pinigus, bankrutuoja. Nuo \u0161ios akimirkos jo gyvenimas gali pakrypti visai kita vaga\u2026 K\u0105 pasirinks Kesas Popinga \u2013 bandys i\u0161saugoti savo mies\u010dioni\u0161k\u0105 nam\u0173 jaukum\u0105 ar s\u0117s \u012f naktin\u012f traukin\u012f, riedant\u012f i\u0161svajotos laisv\u0117s link?  Kas jis i\u0161 ties\u0173 \u2013 beprotis maniakas, pavojingas \u017eudikas ar tik nelemtai susiklos\u010diusi\u0173 aplinkybi\u0173 auka?","og_url":"https:\/\/skaitytaknyga.lt\/en\/produktas\/g-simenon-zmogus-kuris-ziuredavo-i-nuvaziuojancius-traukinius\/","og_site_name":"Skaitytaknyga","article_publisher":"https:\/\/www.facebook.com\/skaitytaknyga\/","article_modified_time":"2026-03-05T14:00:54+00:00","og_image":[{"width":311,"height":512,"url":"https:\/\/skaitytaknyga.lt\/wp-content\/uploads\/2024\/04\/unnamed.jpg","type":"image\/jpeg"}],"twitter_card":"summary_large_image","twitter_misc":{"Estimated reading time":"1 minute"},"schema":{"@context":"https:\/\/schema.org","@graph":[{"@type":"WebPage","@id":"https:\/\/skaitytaknyga.lt\/produktas\/g-simenon-zmogus-kuris-ziuredavo-i-nuvaziuojancius-traukinius\/","url":"https:\/\/skaitytaknyga.lt\/produktas\/g-simenon-zmogus-kuris-ziuredavo-i-nuvaziuojancius-traukinius\/","name":"G. Simenon \u201e\u017dmogus, kuris \u017ei\u016br\u0117davo \u012f nuva\u017eiuojan\u010dius traukinius\u201c","isPartOf":{"@id":"https:\/\/skaitytaknyga.lt\/#website"},"primaryImageOfPage":{"@id":"https:\/\/skaitytaknyga.lt\/produktas\/g-simenon-zmogus-kuris-ziuredavo-i-nuvaziuojancius-traukinius\/#primaryimage"},"image":{"@id":"https:\/\/skaitytaknyga.lt\/produktas\/g-simenon-zmogus-kuris-ziuredavo-i-nuvaziuojancius-traukinius\/#primaryimage"},"thumbnailUrl":"https:\/\/skaitytaknyga.lt\/wp-content\/uploads\/2024\/04\/unnamed.jpg","datePublished":"2024-05-02T12:42:20+00:00","dateModified":"2026-03-05T14:00:54+00:00","description":"Keso Popingos gyvenimas daugel\u012f met\u0173 sruveno ramiai. Vien\u0105 dien\u0105 bendrov\u0117, kurioje jis dirba ir \u012f kuri\u0105 yra \u012fd\u0117j\u0119s visus savo pinigus, bankrutuoja. Nuo \u0161ios akimirkos jo gyvenimas gali pakrypti visai kita vaga\u2026 K\u0105 pasirinks Kesas Popinga \u2013 bandys i\u0161saugoti savo mies\u010dioni\u0161k\u0105 nam\u0173 jaukum\u0105 ar s\u0117s \u012f naktin\u012f traukin\u012f, riedant\u012f i\u0161svajotos laisv\u0117s link? Kas jis i\u0161 ties\u0173 \u2013 beprotis maniakas, pavojingas \u017eudikas ar tik nelemtai susiklos\u010diusi\u0173 aplinkybi\u0173 auka?","breadcrumb":{"@id":"https:\/\/skaitytaknyga.lt\/produktas\/g-simenon-zmogus-kuris-ziuredavo-i-nuvaziuojancius-traukinius\/#breadcrumb"},"inLanguage":"en-GB","potentialAction":[{"@type":"ReadAction","target":["https:\/\/skaitytaknyga.lt\/produktas\/g-simenon-zmogus-kuris-ziuredavo-i-nuvaziuojancius-traukinius\/"]}]},{"@type":"ImageObject","inLanguage":"en-GB","@id":"https:\/\/skaitytaknyga.lt\/produktas\/g-simenon-zmogus-kuris-ziuredavo-i-nuvaziuojancius-traukinius\/#primaryimage","url":"https:\/\/skaitytaknyga.lt\/wp-content\/uploads\/2024\/04\/unnamed.jpg","contentUrl":"https:\/\/skaitytaknyga.lt\/wp-content\/uploads\/2024\/04\/unnamed.jpg","width":311,"height":512,"caption":"unnamed"},{"@type":"BreadcrumbList","@id":"https:\/\/skaitytaknyga.lt\/produktas\/g-simenon-zmogus-kuris-ziuredavo-i-nuvaziuojancius-traukinius\/#breadcrumb","itemListElement":[{"@type":"ListItem","position":1,"name":"Home","item":"https:\/\/skaitytaknyga.lt\/"},{"@type":"ListItem","position":2,"name":"Parduotuv\u0117","item":"https:\/\/skaitytaknyga.lt\/knygu-parduotuve\/"},{"@type":"ListItem","position":3,"name":"G. Simenon \u201e\u017dmogus, kuris \u017ei\u016br\u0117davo \u012f nuva\u017eiuojan\u010dius traukinius\u201c"}]},{"@type":"WebSite","@id":"https:\/\/skaitytaknyga.lt\/#website","url":"https:\/\/skaitytaknyga.lt\/","name":"skaitytaknyga.lt","description":"Skaitytaknyga.lt \u2013 tai ma\u017eas \u0161eimos verslas, kuris prasid\u0117jo nuo meil\u0117s knygoms ir siekio i\u0161gelb\u0117ti knygas nuo likimo prie konteinerio. Kas vienam nereikalingas daiktas \u2013 kitam lobis, o mes esame tarpininkai, kurie padeda abiems tapti laimingesniems ???? \u017dinome kaip nelengva i\u0161gyventi ma\u017eiems verslams, tad nuo \u0161iol, \u010dia rasite ir kit\u0173, ma\u017e\u0173 \u0161eim\u0173 versl\u0173, rank\u0173 darbo, dovan\u0173 sau ir artimiesiems.","publisher":{"@id":"https:\/\/skaitytaknyga.lt\/#organization"},"potentialAction":[{"@type":"SearchAction","target":{"@type":"EntryPoint","urlTemplate":"https:\/\/skaitytaknyga.lt\/?s={search_term_string}"},"query-input":{"@type":"PropertyValueSpecification","valueRequired":true,"valueName":"search_term_string"}}],"inLanguage":"en-GB"},{"@type":"Organization","@id":"https:\/\/skaitytaknyga.lt\/#organization","name":"skaitytaknyga.lt","url":"https:\/\/skaitytaknyga.lt\/","logo":{"@type":"ImageObject","inLanguage":"en-GB","@id":"https:\/\/skaitytaknyga.lt\/#\/schema\/logo\/image\/","url":"https:\/\/skaitytaknyga.lt\/wp-content\/uploads\/2024\/05\/cropped-cropped-cropped-02_00843_jt3bggkj1j3HLc7SyY6rEUpg.jpeg","contentUrl":"https:\/\/skaitytaknyga.lt\/wp-content\/uploads\/2024\/05\/cropped-cropped-cropped-02_00843_jt3bggkj1j3HLc7SyY6rEUpg.jpeg","width":1600,"height":1600,"caption":"skaitytaknyga.lt"},"image":{"@id":"https:\/\/skaitytaknyga.lt\/#\/schema\/logo\/image\/"},"sameAs":["https:\/\/www.facebook.com\/skaitytaknyga\/"]}]}},"_links":{"self":[{"href":"https:\/\/skaitytaknyga.lt\/en\/wp-json\/wp\/v2\/product\/5424","targetHints":{"allow":["GET"]}}],"collection":[{"href":"https:\/\/skaitytaknyga.lt\/en\/wp-json\/wp\/v2\/product"}],"about":[{"href":"https:\/\/skaitytaknyga.lt\/en\/wp-json\/wp\/v2\/types\/product"}],"replies":[{"embeddable":true,"href":"https:\/\/skaitytaknyga.lt\/en\/wp-json\/wp\/v2\/comments?post=5424"}],"wp:featuredmedia":[{"embeddable":true,"href":"https:\/\/skaitytaknyga.lt\/en\/wp-json\/wp\/v2\/media\/2241"}],"wp:attachment":[{"href":"https:\/\/skaitytaknyga.lt\/en\/wp-json\/wp\/v2\/media?parent=5424"}],"wp:term":[{"taxonomy":"product_brand","embeddable":true,"href":"https:\/\/skaitytaknyga.lt\/en\/wp-json\/wp\/v2\/product_brand?post=5424"},{"taxonomy":"product_cat","embeddable":true,"href":"https:\/\/skaitytaknyga.lt\/en\/wp-json\/wp\/v2\/product_cat?post=5424"},{"taxonomy":"product_tag","embeddable":true,"href":"https:\/\/skaitytaknyga.lt\/en\/wp-json\/wp\/v2\/product_tag?post=5424"}],"curies":[{"name":"wp","href":"https:\/\/api.w.org\/{rel}","templated":true}]}}