{"id":5187,"date":"2024-04-17T14:03:28","date_gmt":"2024-04-17T14:03:28","guid":{"rendered":"https:\/\/skaitytaknyga.lt\/?post_type=product&#038;p=5187"},"modified":"2026-03-05T15:58:10","modified_gmt":"2026-03-05T13:58:10","slug":"t-adams-be-iseities","status":"publish","type":"product","link":"https:\/\/skaitytaknyga.lt\/en\/produktas\/t-adams-be-iseities\/","title":{"rendered":"Be i\u0161eities"},"content":{"rendered":"<div>O k\u0105 darytum tu?<\/div>\n<div><\/div>\n<div>Neveikiantis telefonas. Nei\u0161va\u017eiuojamai u\u017epustytas kelias. Stingdantis \u017eiemos nakties \u0161altis. Keturi nepa\u017e\u012fstamieji, \u012fstrig\u0119 pakel\u0117s aik\u0161tel\u0117je. Vieno i\u0161 j\u0173 furgone \u2013 pagrobta ma\u017ea mergait\u0117. Taigi \u2013 k\u0105 darytum tu?<\/div>\n<div><\/div>\n<div>Koled\u017eo student\u0117 Derb\u0117 Torn skuba pas v\u0117\u017eio operacijos ligonin\u0117je laukian\u010di\u0105 mam\u0105, bet p\u016bga \u012fkalina j\u0105 Kolorado kaln\u0173 greitkelyje. Nakt\u012f jai teks praleisti poilsio stotel\u0117je su keturiais nepa\u017e\u012fstamaisiais. Lyg to b\u016bt\u0173 negana, pro vieno i\u0161 stovin\u010di\u0173 automobili\u0173 lang\u0105 ji pamato narve u\u017erakint\u0105 mergait\u0119. Mobiliojo ry\u0161io n\u0117ra, telefonas beveik i\u0161sikrov\u0119s, keliai u\u017eversti nei\u0161brendamomis pusnimis ir visai neai\u0161ku, kuris i\u0161 keturi\u0173 keliautoj\u0173 \u2013 pagrob\u0117jas. Derb\u0117 ne\u017eino, kuo gali pasitik\u0117ti. Bet tikrai \u017eino, kad privalo i\u0161gelb\u0117ti vaik\u0105 ir surasti i\u0161eit\u012f, net jei atrodo, kad i\u0161eities n\u0117ra.<\/div>\n<div><\/div>\n<div>A\u0161trus, baugus ir \u012ftampos kupinas Tayloro Adamso trileris \u201eBE I\u0160EITIES\u201c \u012ftraukia tarsi meistri\u0161kas veiksmo filmas. Kai jau atrodo, kad pagalba \u010dia pat, tenka atlaikyti dar sunkesn\u012f i\u0161bandym\u0105&#8230;<\/div>\n","protected":false},"excerpt":{"rendered":"<div>O k\u0105 darytum tu?<\/div>\n<div><\/div>\n<div>Neveikiantis telefonas. Nei\u0161va\u017eiuojamai u\u017epustytas kelias. Stingdantis \u017eiemos nakties \u0161altis. Keturi nepa\u017e\u012fstamieji, \u012fstrig\u0119 pakel\u0117s aik\u0161tel\u0117je. Vieno i\u0161 j\u0173 furgone \u2013 pagrobta ma\u017ea mergait\u0117. Taigi \u2013 k\u0105 darytum tu?<\/div>\n<div><\/div>\n<div>Koled\u017eo student\u0117 Derb\u0117 Torn skuba pas v\u0117\u017eio operacijos ligonin\u0117je laukian\u010di\u0105 mam\u0105, bet p\u016bga \u012fkalina j\u0105 Kolorado kaln\u0173 greitkelyje. Nakt\u012f jai teks praleisti poilsio stotel\u0117je su keturiais nepa\u017e\u012fstamaisiais. Lyg to b\u016bt\u0173 negana, pro vieno i\u0161 stovin\u010di\u0173 automobili\u0173 lang\u0105 ji pamato narve u\u017erakint\u0105 mergait\u0119. Mobiliojo ry\u0161io n\u0117ra, telefonas beveik i\u0161sikrov\u0119s, keliai u\u017eversti nei\u0161brendamomis pusnimis ir visai neai\u0161ku, kuris i\u0161 keturi\u0173 keliautoj\u0173 \u2013 pagrob\u0117jas. Derb\u0117 ne\u017eino, kuo gali pasitik\u0117ti. Bet tikrai \u017eino, kad privalo i\u0161gelb\u0117ti vaik\u0105 ir surasti i\u0161eit\u012f, net jei atrodo, kad i\u0161eities n\u0117ra.<\/div>\n<div><\/div>\n<div>A\u0161trus, baugus ir \u012ftampos kupinas Tayloro Adamso trileris \u201eBE I\u0160EITIES\u201c \u012ftraukia tarsi meistri\u0161kas veiksmo filmas. Kai jau atrodo, kad pagalba \u010dia pat, tenka atlaikyti dar sunkesn\u012f i\u0161bandym\u0105&#8230;<\/div>\n","protected":false},"featured_media":5495,"comment_status":"closed","ping_status":"closed","template":"","meta":{"_acf_changed":false,"site-sidebar-layout":"default","site-content-layout":"","ast-site-content-layout":"default","site-content-style":"default","site-sidebar-style":"default","ast-global-header-display":"","ast-banner-title-visibility":"","ast-main-header-display":"","ast-hfb-above-header-display":"","ast-hfb-below-header-display":"","ast-hfb-mobile-header-display":"","site-post-title":"","ast-breadcrumbs-content":"","ast-featured-img":"","footer-sml-layout":"","ast-disable-related-posts":"","theme-transparent-header-meta":"","adv-header-id-meta":"","stick-header-meta":"","header-above-stick-meta":"","header-main-stick-meta":"","header-below-stick-meta":"","astra-migrate-meta-layouts":"default","ast-page-background-enabled":"default","ast-page-background-meta":{"desktop":{"background-color":"","background-image":"","background-repeat":"repeat","background-position":"center center","background-size":"auto","background-attachment":"scroll","background-type":"","background-media":"","overlay-type":"","overlay-color":"","overlay-opacity":"","overlay-gradient":""},"tablet":{"background-color":"","background-image":"","background-repeat":"repeat","background-position":"center center","background-size":"auto","background-attachment":"scroll","background-type":"","background-media":"","overlay-type":"","overlay-color":"","overlay-opacity":"","overlay-gradient":""},"mobile":{"background-color":"","background-image":"","background-repeat":"repeat","background-position":"center center","background-size":"auto","background-attachment":"scroll","background-type":"","background-media":"","overlay-type":"","overlay-color":"","overlay-opacity":"","overlay-gradient":""}},"ast-content-background-meta":{"desktop":{"background-color":"var(--ast-global-color-4)","background-image":"","background-repeat":"repeat","background-position":"center center","background-size":"auto","background-attachment":"scroll","background-type":"","background-media":"","overlay-type":"","overlay-color":"","overlay-opacity":"","overlay-gradient":""},"tablet":{"background-color":"var(--ast-global-color-4)","background-image":"","background-repeat":"repeat","background-position":"center center","background-size":"auto","background-attachment":"scroll","background-type":"","background-media":"","overlay-type":"","overlay-color":"","overlay-opacity":"","overlay-gradient":""},"mobile":{"background-color":"var(--ast-global-color-4)","background-image":"","background-repeat":"repeat","background-position":"center center","background-size":"auto","background-attachment":"scroll","background-type":"","background-media":"","overlay-type":"","overlay-color":"","overlay-opacity":"","overlay-gradient":""}}},"product_brand":[],"product_cat":[9580],"product_tag":[],"class_list":{"0":"post-5187","1":"product","2":"type-product","3":"status-publish","4":"has-post-thumbnail","6":"product_cat-psichologiniai-detektyvai","7":"desktop-align-left","8":"tablet-align-left","9":"mobile-align-left","11":"first","12":"instock","13":"shipping-taxable","14":"purchasable","15":"product-type-simple"},"acf":[],"yoast_head":"<!-- This site is optimized with the Yoast SEO plugin v27.0 - https:\/\/yoast.com\/product\/yoast-seo-wordpress\/ -->\n<title>Be i\u0161eities<\/title>\n<meta name=\"description\" content=\"O k\u0105 darytum tu?  Neveikiantis telefonas. Nei\u0161va\u017eiuojamai u\u017epustytas kelias. Stingdantis \u017eiemos nakties \u0161altis. Keturi nepa\u017e\u012fstamieji, \u012fstrig\u0119 pakel\u0117s aik\u0161tel\u0117je. Vieno i\u0161 j\u0173 furgone \u2013 pagrobta ma\u017ea mergait\u0117. Taigi \u2013 k\u0105 darytum tu?  Koled\u017eo student\u0117 Derb\u0117 Torn skuba pas v\u0117\u017eio operacijos ligonin\u0117je laukian\u010di\u0105 mam\u0105, bet p\u016bga \u012fkalina j\u0105 Kolorado kaln\u0173 greitkelyje. Nakt\u012f jai teks praleisti poilsio stotel\u0117je su keturiais nepa\u017e\u012fstamaisiais. Lyg to b\u016bt\u0173 negana, pro vieno i\u0161 stovin\u010di\u0173 automobili\u0173 lang\u0105 ji pamato narve u\u017erakint\u0105 mergait\u0119. Mobiliojo ry\u0161io n\u0117ra, telefonas beveik i\u0161sikrov\u0119s, keliai u\u017eversti nei\u0161brendamomis pusnimis ir visai neai\u0161ku, kuris i\u0161 keturi\u0173 keliautoj\u0173 \u2013 pagrob\u0117jas. Derb\u0117 ne\u017eino, kuo gali pasitik\u0117ti. Bet tikrai \u017eino, kad privalo i\u0161gelb\u0117ti vaik\u0105 ir surasti i\u0161eit\u012f, net jei atrodo, kad i\u0161eities n\u0117ra.  A\u0161trus, baugus ir \u012ftampos kupinas Tayloro Adamso trileris \u201eBE I\u0160EITIES\u201c \u012ftraukia tarsi meistri\u0161kas veiksmo filmas. Kai jau atrodo, kad pagalba \u010dia pat, tenka atlaikyti dar sunkesn\u012f i\u0161bandym\u0105...\" \/>\n<meta name=\"robots\" content=\"index, follow, max-snippet:-1, max-image-preview:large, max-video-preview:-1\" \/>\n<link rel=\"canonical\" href=\"https:\/\/skaitytaknyga.lt\/en\/produktas\/t-adams-be-iseities\/\" \/>\n<meta property=\"og:locale\" content=\"en_GB\" \/>\n<meta property=\"og:locale:alternate\" content=\"lt_LT\" \/>\n<meta property=\"og:type\" content=\"article\" \/>\n<meta property=\"og:title\" content=\"Be i\u0161eities\" \/>\n<meta property=\"og:description\" content=\"O k\u0105 darytum tu?  Neveikiantis telefonas. Nei\u0161va\u017eiuojamai u\u017epustytas kelias. Stingdantis \u017eiemos nakties \u0161altis. Keturi nepa\u017e\u012fstamieji, \u012fstrig\u0119 pakel\u0117s aik\u0161tel\u0117je. Vieno i\u0161 j\u0173 furgone \u2013 pagrobta ma\u017ea mergait\u0117. Taigi \u2013 k\u0105 darytum tu?  Koled\u017eo student\u0117 Derb\u0117 Torn skuba pas v\u0117\u017eio operacijos ligonin\u0117je laukian\u010di\u0105 mam\u0105, bet p\u016bga \u012fkalina j\u0105 Kolorado kaln\u0173 greitkelyje. Nakt\u012f jai teks praleisti poilsio stotel\u0117je su keturiais nepa\u017e\u012fstamaisiais. Lyg to b\u016bt\u0173 negana, pro vieno i\u0161 stovin\u010di\u0173 automobili\u0173 lang\u0105 ji pamato narve u\u017erakint\u0105 mergait\u0119. Mobiliojo ry\u0161io n\u0117ra, telefonas beveik i\u0161sikrov\u0119s, keliai u\u017eversti nei\u0161brendamomis pusnimis ir visai neai\u0161ku, kuris i\u0161 keturi\u0173 keliautoj\u0173 \u2013 pagrob\u0117jas. Derb\u0117 ne\u017eino, kuo gali pasitik\u0117ti. Bet tikrai \u017eino, kad privalo i\u0161gelb\u0117ti vaik\u0105 ir surasti i\u0161eit\u012f, net jei atrodo, kad i\u0161eities n\u0117ra.  A\u0161trus, baugus ir \u012ftampos kupinas Tayloro Adamso trileris \u201eBE I\u0160EITIES\u201c \u012ftraukia tarsi meistri\u0161kas veiksmo filmas. Kai jau atrodo, kad pagalba \u010dia pat, tenka atlaikyti dar sunkesn\u012f i\u0161bandym\u0105...\" \/>\n<meta property=\"og:url\" content=\"https:\/\/skaitytaknyga.lt\/en\/produktas\/t-adams-be-iseities\/\" \/>\n<meta property=\"og:site_name\" content=\"Skaitytaknyga\" \/>\n<meta property=\"article:publisher\" content=\"https:\/\/www.facebook.com\/skaitytaknyga\/\" \/>\n<meta property=\"article:modified_time\" content=\"2026-03-05T13:58:10+00:00\" \/>\n<meta property=\"og:image\" content=\"https:\/\/skaitytaknyga.lt\/wp-content\/uploads\/2024\/05\/000000000002178210-5bd2adf85e3c1-asset-knyguklubas-9786098233001_be_iseities.png\" \/>\n\t<meta property=\"og:image:width\" content=\"552\" \/>\n\t<meta property=\"og:image:height\" content=\"825\" \/>\n\t<meta property=\"og:image:type\" content=\"image\/png\" \/>\n<meta name=\"twitter:card\" content=\"summary_large_image\" \/>\n<meta name=\"twitter:label1\" content=\"Estimated reading time\" \/>\n\t<meta name=\"twitter:data1\" content=\"1 minute\" \/>\n<script type=\"application\/ld+json\" class=\"yoast-schema-graph\">{\"@context\":\"https:\/\/schema.org\",\"@graph\":[{\"@type\":\"WebPage\",\"@id\":\"https:\/\/skaitytaknyga.lt\/produktas\/t-adams-be-iseities\/\",\"url\":\"https:\/\/skaitytaknyga.lt\/produktas\/t-adams-be-iseities\/\",\"name\":\"Be i\u0161eities\",\"isPartOf\":{\"@id\":\"https:\/\/skaitytaknyga.lt\/#website\"},\"primaryImageOfPage\":{\"@id\":\"https:\/\/skaitytaknyga.lt\/produktas\/t-adams-be-iseities\/#primaryimage\"},\"image\":{\"@id\":\"https:\/\/skaitytaknyga.lt\/produktas\/t-adams-be-iseities\/#primaryimage\"},\"thumbnailUrl\":\"https:\/\/skaitytaknyga.lt\/wp-content\/uploads\/2024\/05\/000000000002178210-5bd2adf85e3c1-asset-knyguklubas-9786098233001_be_iseities.png\",\"datePublished\":\"2024-04-17T14:03:28+00:00\",\"dateModified\":\"2026-03-05T13:58:10+00:00\",\"description\":\"O k\u0105 darytum tu? Neveikiantis telefonas. Nei\u0161va\u017eiuojamai u\u017epustytas kelias. Stingdantis \u017eiemos nakties \u0161altis. Keturi nepa\u017e\u012fstamieji, \u012fstrig\u0119 pakel\u0117s aik\u0161tel\u0117je. Vieno i\u0161 j\u0173 furgone \u2013 pagrobta ma\u017ea mergait\u0117. Taigi \u2013 k\u0105 darytum tu? Koled\u017eo student\u0117 Derb\u0117 Torn skuba pas v\u0117\u017eio operacijos ligonin\u0117je laukian\u010di\u0105 mam\u0105, bet p\u016bga \u012fkalina j\u0105 Kolorado kaln\u0173 greitkelyje. Nakt\u012f jai teks praleisti poilsio stotel\u0117je su keturiais nepa\u017e\u012fstamaisiais. Lyg to b\u016bt\u0173 negana, pro vieno i\u0161 stovin\u010di\u0173 automobili\u0173 lang\u0105 ji pamato narve u\u017erakint\u0105 mergait\u0119. Mobiliojo ry\u0161io n\u0117ra, telefonas beveik i\u0161sikrov\u0119s, keliai u\u017eversti nei\u0161brendamomis pusnimis ir visai neai\u0161ku, kuris i\u0161 keturi\u0173 keliautoj\u0173 \u2013 pagrob\u0117jas. Derb\u0117 ne\u017eino, kuo gali pasitik\u0117ti. Bet tikrai \u017eino, kad privalo i\u0161gelb\u0117ti vaik\u0105 ir surasti i\u0161eit\u012f, net jei atrodo, kad i\u0161eities n\u0117ra. A\u0161trus, baugus ir \u012ftampos kupinas Tayloro Adamso trileris \u201eBE I\u0160EITIES\u201c \u012ftraukia tarsi meistri\u0161kas veiksmo filmas. Kai jau atrodo, kad pagalba \u010dia pat, tenka atlaikyti dar sunkesn\u012f i\u0161bandym\u0105...\",\"breadcrumb\":{\"@id\":\"https:\/\/skaitytaknyga.lt\/produktas\/t-adams-be-iseities\/#breadcrumb\"},\"inLanguage\":\"en-GB\",\"potentialAction\":[{\"@type\":\"ReadAction\",\"target\":[\"https:\/\/skaitytaknyga.lt\/produktas\/t-adams-be-iseities\/\"]}]},{\"@type\":\"ImageObject\",\"inLanguage\":\"en-GB\",\"@id\":\"https:\/\/skaitytaknyga.lt\/produktas\/t-adams-be-iseities\/#primaryimage\",\"url\":\"https:\/\/skaitytaknyga.lt\/wp-content\/uploads\/2024\/05\/000000000002178210-5bd2adf85e3c1-asset-knyguklubas-9786098233001_be_iseities.png\",\"contentUrl\":\"https:\/\/skaitytaknyga.lt\/wp-content\/uploads\/2024\/05\/000000000002178210-5bd2adf85e3c1-asset-knyguklubas-9786098233001_be_iseities.png\",\"width\":552,\"height\":825},{\"@type\":\"BreadcrumbList\",\"@id\":\"https:\/\/skaitytaknyga.lt\/produktas\/t-adams-be-iseities\/#breadcrumb\",\"itemListElement\":[{\"@type\":\"ListItem\",\"position\":1,\"name\":\"Home\",\"item\":\"https:\/\/skaitytaknyga.lt\/\"},{\"@type\":\"ListItem\",\"position\":2,\"name\":\"Parduotuv\u0117\",\"item\":\"https:\/\/skaitytaknyga.lt\/knygu-parduotuve\/\"},{\"@type\":\"ListItem\",\"position\":3,\"name\":\"Be i\u0161eities\"}]},{\"@type\":\"WebSite\",\"@id\":\"https:\/\/skaitytaknyga.lt\/#website\",\"url\":\"https:\/\/skaitytaknyga.lt\/\",\"name\":\"skaitytaknyga.lt\",\"description\":\"Skaitytaknyga.lt \u2013 tai ma\u017eas \u0161eimos verslas, kuris prasid\u0117jo nuo meil\u0117s knygoms ir siekio i\u0161gelb\u0117ti knygas nuo likimo prie konteinerio. Kas vienam nereikalingas daiktas \u2013 kitam lobis, o mes esame tarpininkai, kurie padeda abiems tapti laimingesniems ???? \u017dinome kaip nelengva i\u0161gyventi ma\u017eiems verslams, tad nuo \u0161iol, \u010dia rasite ir kit\u0173, ma\u017e\u0173 \u0161eim\u0173 versl\u0173, rank\u0173 darbo, dovan\u0173 sau ir artimiesiems.\",\"publisher\":{\"@id\":\"https:\/\/skaitytaknyga.lt\/#organization\"},\"potentialAction\":[{\"@type\":\"SearchAction\",\"target\":{\"@type\":\"EntryPoint\",\"urlTemplate\":\"https:\/\/skaitytaknyga.lt\/?s={search_term_string}\"},\"query-input\":{\"@type\":\"PropertyValueSpecification\",\"valueRequired\":true,\"valueName\":\"search_term_string\"}}],\"inLanguage\":\"en-GB\"},{\"@type\":\"Organization\",\"@id\":\"https:\/\/skaitytaknyga.lt\/#organization\",\"name\":\"skaitytaknyga.lt\",\"url\":\"https:\/\/skaitytaknyga.lt\/\",\"logo\":{\"@type\":\"ImageObject\",\"inLanguage\":\"en-GB\",\"@id\":\"https:\/\/skaitytaknyga.lt\/#\/schema\/logo\/image\/\",\"url\":\"https:\/\/skaitytaknyga.lt\/wp-content\/uploads\/2024\/05\/cropped-cropped-cropped-02_00843_jt3bggkj1j3HLc7SyY6rEUpg.jpeg\",\"contentUrl\":\"https:\/\/skaitytaknyga.lt\/wp-content\/uploads\/2024\/05\/cropped-cropped-cropped-02_00843_jt3bggkj1j3HLc7SyY6rEUpg.jpeg\",\"width\":1600,\"height\":1600,\"caption\":\"skaitytaknyga.lt\"},\"image\":{\"@id\":\"https:\/\/skaitytaknyga.lt\/#\/schema\/logo\/image\/\"},\"sameAs\":[\"https:\/\/www.facebook.com\/skaitytaknyga\/\"]}]}<\/script>\n<!-- \/ Yoast SEO plugin. -->","yoast_head_json":{"title":"Be i\u0161eities","description":"O k\u0105 darytum tu?  Neveikiantis telefonas. Nei\u0161va\u017eiuojamai u\u017epustytas kelias. Stingdantis \u017eiemos nakties \u0161altis. Keturi nepa\u017e\u012fstamieji, \u012fstrig\u0119 pakel\u0117s aik\u0161tel\u0117je. Vieno i\u0161 j\u0173 furgone \u2013 pagrobta ma\u017ea mergait\u0117. Taigi \u2013 k\u0105 darytum tu?  Koled\u017eo student\u0117 Derb\u0117 Torn skuba pas v\u0117\u017eio operacijos ligonin\u0117je laukian\u010di\u0105 mam\u0105, bet p\u016bga \u012fkalina j\u0105 Kolorado kaln\u0173 greitkelyje. Nakt\u012f jai teks praleisti poilsio stotel\u0117je su keturiais nepa\u017e\u012fstamaisiais. Lyg to b\u016bt\u0173 negana, pro vieno i\u0161 stovin\u010di\u0173 automobili\u0173 lang\u0105 ji pamato narve u\u017erakint\u0105 mergait\u0119. Mobiliojo ry\u0161io n\u0117ra, telefonas beveik i\u0161sikrov\u0119s, keliai u\u017eversti nei\u0161brendamomis pusnimis ir visai neai\u0161ku, kuris i\u0161 keturi\u0173 keliautoj\u0173 \u2013 pagrob\u0117jas. Derb\u0117 ne\u017eino, kuo gali pasitik\u0117ti. Bet tikrai \u017eino, kad privalo i\u0161gelb\u0117ti vaik\u0105 ir surasti i\u0161eit\u012f, net jei atrodo, kad i\u0161eities n\u0117ra.  A\u0161trus, baugus ir \u012ftampos kupinas Tayloro Adamso trileris \u201eBE I\u0160EITIES\u201c \u012ftraukia tarsi meistri\u0161kas veiksmo filmas. Kai jau atrodo, kad pagalba \u010dia pat, tenka atlaikyti dar sunkesn\u012f i\u0161bandym\u0105...","robots":{"index":"index","follow":"follow","max-snippet":"max-snippet:-1","max-image-preview":"max-image-preview:large","max-video-preview":"max-video-preview:-1"},"canonical":"https:\/\/skaitytaknyga.lt\/en\/produktas\/t-adams-be-iseities\/","og_locale":"en_GB","og_type":"article","og_title":"[:lt]Be i\u0161eities[:] - Skaitytaknyga","og_description":"O k\u0105 darytum tu?  Neveikiantis telefonas. Nei\u0161va\u017eiuojamai u\u017epustytas kelias. Stingdantis \u017eiemos nakties \u0161altis. Keturi nepa\u017e\u012fstamieji, \u012fstrig\u0119 pakel\u0117s aik\u0161tel\u0117je. Vieno i\u0161 j\u0173 furgone \u2013 pagrobta ma\u017ea mergait\u0117. Taigi \u2013 k\u0105 darytum tu?  Koled\u017eo student\u0117 Derb\u0117 Torn skuba pas v\u0117\u017eio operacijos ligonin\u0117je laukian\u010di\u0105 mam\u0105, bet p\u016bga \u012fkalina j\u0105 Kolorado kaln\u0173 greitkelyje. Nakt\u012f jai teks praleisti poilsio stotel\u0117je su keturiais nepa\u017e\u012fstamaisiais. Lyg to b\u016bt\u0173 negana, pro vieno i\u0161 stovin\u010di\u0173 automobili\u0173 lang\u0105 ji pamato narve u\u017erakint\u0105 mergait\u0119. Mobiliojo ry\u0161io n\u0117ra, telefonas beveik i\u0161sikrov\u0119s, keliai u\u017eversti nei\u0161brendamomis pusnimis ir visai neai\u0161ku, kuris i\u0161 keturi\u0173 keliautoj\u0173 \u2013 pagrob\u0117jas. Derb\u0117 ne\u017eino, kuo gali pasitik\u0117ti. Bet tikrai \u017eino, kad privalo i\u0161gelb\u0117ti vaik\u0105 ir surasti i\u0161eit\u012f, net jei atrodo, kad i\u0161eities n\u0117ra.  A\u0161trus, baugus ir \u012ftampos kupinas Tayloro Adamso trileris \u201eBE I\u0160EITIES\u201c \u012ftraukia tarsi meistri\u0161kas veiksmo filmas. Kai jau atrodo, kad pagalba \u010dia pat, tenka atlaikyti dar sunkesn\u012f i\u0161bandym\u0105...","og_url":"https:\/\/skaitytaknyga.lt\/en\/produktas\/t-adams-be-iseities\/","og_site_name":"Skaitytaknyga","article_publisher":"https:\/\/www.facebook.com\/skaitytaknyga\/","article_modified_time":"2026-03-05T13:58:10+00:00","og_image":[{"width":552,"height":825,"url":"https:\/\/skaitytaknyga.lt\/wp-content\/uploads\/2024\/05\/000000000002178210-5bd2adf85e3c1-asset-knyguklubas-9786098233001_be_iseities.png","type":"image\/png"}],"twitter_card":"summary_large_image","twitter_misc":{"Estimated reading time":"1 minute"},"schema":{"@context":"https:\/\/schema.org","@graph":[{"@type":"WebPage","@id":"https:\/\/skaitytaknyga.lt\/produktas\/t-adams-be-iseities\/","url":"https:\/\/skaitytaknyga.lt\/produktas\/t-adams-be-iseities\/","name":"Be i\u0161eities","isPartOf":{"@id":"https:\/\/skaitytaknyga.lt\/#website"},"primaryImageOfPage":{"@id":"https:\/\/skaitytaknyga.lt\/produktas\/t-adams-be-iseities\/#primaryimage"},"image":{"@id":"https:\/\/skaitytaknyga.lt\/produktas\/t-adams-be-iseities\/#primaryimage"},"thumbnailUrl":"https:\/\/skaitytaknyga.lt\/wp-content\/uploads\/2024\/05\/000000000002178210-5bd2adf85e3c1-asset-knyguklubas-9786098233001_be_iseities.png","datePublished":"2024-04-17T14:03:28+00:00","dateModified":"2026-03-05T13:58:10+00:00","description":"O k\u0105 darytum tu? Neveikiantis telefonas. Nei\u0161va\u017eiuojamai u\u017epustytas kelias. Stingdantis \u017eiemos nakties \u0161altis. Keturi nepa\u017e\u012fstamieji, \u012fstrig\u0119 pakel\u0117s aik\u0161tel\u0117je. Vieno i\u0161 j\u0173 furgone \u2013 pagrobta ma\u017ea mergait\u0117. Taigi \u2013 k\u0105 darytum tu? Koled\u017eo student\u0117 Derb\u0117 Torn skuba pas v\u0117\u017eio operacijos ligonin\u0117je laukian\u010di\u0105 mam\u0105, bet p\u016bga \u012fkalina j\u0105 Kolorado kaln\u0173 greitkelyje. Nakt\u012f jai teks praleisti poilsio stotel\u0117je su keturiais nepa\u017e\u012fstamaisiais. Lyg to b\u016bt\u0173 negana, pro vieno i\u0161 stovin\u010di\u0173 automobili\u0173 lang\u0105 ji pamato narve u\u017erakint\u0105 mergait\u0119. Mobiliojo ry\u0161io n\u0117ra, telefonas beveik i\u0161sikrov\u0119s, keliai u\u017eversti nei\u0161brendamomis pusnimis ir visai neai\u0161ku, kuris i\u0161 keturi\u0173 keliautoj\u0173 \u2013 pagrob\u0117jas. Derb\u0117 ne\u017eino, kuo gali pasitik\u0117ti. Bet tikrai \u017eino, kad privalo i\u0161gelb\u0117ti vaik\u0105 ir surasti i\u0161eit\u012f, net jei atrodo, kad i\u0161eities n\u0117ra. A\u0161trus, baugus ir \u012ftampos kupinas Tayloro Adamso trileris \u201eBE I\u0160EITIES\u201c \u012ftraukia tarsi meistri\u0161kas veiksmo filmas. Kai jau atrodo, kad pagalba \u010dia pat, tenka atlaikyti dar sunkesn\u012f i\u0161bandym\u0105...","breadcrumb":{"@id":"https:\/\/skaitytaknyga.lt\/produktas\/t-adams-be-iseities\/#breadcrumb"},"inLanguage":"en-GB","potentialAction":[{"@type":"ReadAction","target":["https:\/\/skaitytaknyga.lt\/produktas\/t-adams-be-iseities\/"]}]},{"@type":"ImageObject","inLanguage":"en-GB","@id":"https:\/\/skaitytaknyga.lt\/produktas\/t-adams-be-iseities\/#primaryimage","url":"https:\/\/skaitytaknyga.lt\/wp-content\/uploads\/2024\/05\/000000000002178210-5bd2adf85e3c1-asset-knyguklubas-9786098233001_be_iseities.png","contentUrl":"https:\/\/skaitytaknyga.lt\/wp-content\/uploads\/2024\/05\/000000000002178210-5bd2adf85e3c1-asset-knyguklubas-9786098233001_be_iseities.png","width":552,"height":825},{"@type":"BreadcrumbList","@id":"https:\/\/skaitytaknyga.lt\/produktas\/t-adams-be-iseities\/#breadcrumb","itemListElement":[{"@type":"ListItem","position":1,"name":"Home","item":"https:\/\/skaitytaknyga.lt\/"},{"@type":"ListItem","position":2,"name":"Parduotuv\u0117","item":"https:\/\/skaitytaknyga.lt\/knygu-parduotuve\/"},{"@type":"ListItem","position":3,"name":"Be i\u0161eities"}]},{"@type":"WebSite","@id":"https:\/\/skaitytaknyga.lt\/#website","url":"https:\/\/skaitytaknyga.lt\/","name":"skaitytaknyga.lt","description":"Skaitytaknyga.lt \u2013 tai ma\u017eas \u0161eimos verslas, kuris prasid\u0117jo nuo meil\u0117s knygoms ir siekio i\u0161gelb\u0117ti knygas nuo likimo prie konteinerio. Kas vienam nereikalingas daiktas \u2013 kitam lobis, o mes esame tarpininkai, kurie padeda abiems tapti laimingesniems ???? \u017dinome kaip nelengva i\u0161gyventi ma\u017eiems verslams, tad nuo \u0161iol, \u010dia rasite ir kit\u0173, ma\u017e\u0173 \u0161eim\u0173 versl\u0173, rank\u0173 darbo, dovan\u0173 sau ir artimiesiems.","publisher":{"@id":"https:\/\/skaitytaknyga.lt\/#organization"},"potentialAction":[{"@type":"SearchAction","target":{"@type":"EntryPoint","urlTemplate":"https:\/\/skaitytaknyga.lt\/?s={search_term_string}"},"query-input":{"@type":"PropertyValueSpecification","valueRequired":true,"valueName":"search_term_string"}}],"inLanguage":"en-GB"},{"@type":"Organization","@id":"https:\/\/skaitytaknyga.lt\/#organization","name":"skaitytaknyga.lt","url":"https:\/\/skaitytaknyga.lt\/","logo":{"@type":"ImageObject","inLanguage":"en-GB","@id":"https:\/\/skaitytaknyga.lt\/#\/schema\/logo\/image\/","url":"https:\/\/skaitytaknyga.lt\/wp-content\/uploads\/2024\/05\/cropped-cropped-cropped-02_00843_jt3bggkj1j3HLc7SyY6rEUpg.jpeg","contentUrl":"https:\/\/skaitytaknyga.lt\/wp-content\/uploads\/2024\/05\/cropped-cropped-cropped-02_00843_jt3bggkj1j3HLc7SyY6rEUpg.jpeg","width":1600,"height":1600,"caption":"skaitytaknyga.lt"},"image":{"@id":"https:\/\/skaitytaknyga.lt\/#\/schema\/logo\/image\/"},"sameAs":["https:\/\/www.facebook.com\/skaitytaknyga\/"]}]}},"_links":{"self":[{"href":"https:\/\/skaitytaknyga.lt\/en\/wp-json\/wp\/v2\/product\/5187","targetHints":{"allow":["GET"]}}],"collection":[{"href":"https:\/\/skaitytaknyga.lt\/en\/wp-json\/wp\/v2\/product"}],"about":[{"href":"https:\/\/skaitytaknyga.lt\/en\/wp-json\/wp\/v2\/types\/product"}],"replies":[{"embeddable":true,"href":"https:\/\/skaitytaknyga.lt\/en\/wp-json\/wp\/v2\/comments?post=5187"}],"wp:featuredmedia":[{"embeddable":true,"href":"https:\/\/skaitytaknyga.lt\/en\/wp-json\/wp\/v2\/media\/5495"}],"wp:attachment":[{"href":"https:\/\/skaitytaknyga.lt\/en\/wp-json\/wp\/v2\/media?parent=5187"}],"wp:term":[{"taxonomy":"product_brand","embeddable":true,"href":"https:\/\/skaitytaknyga.lt\/en\/wp-json\/wp\/v2\/product_brand?post=5187"},{"taxonomy":"product_cat","embeddable":true,"href":"https:\/\/skaitytaknyga.lt\/en\/wp-json\/wp\/v2\/product_cat?post=5187"},{"taxonomy":"product_tag","embeddable":true,"href":"https:\/\/skaitytaknyga.lt\/en\/wp-json\/wp\/v2\/product_tag?post=5187"}],"curies":[{"name":"wp","href":"https:\/\/api.w.org\/{rel}","templated":true}]}}