{"id":5175,"date":"2024-04-17T14:03:07","date_gmt":"2024-04-17T14:03:07","guid":{"rendered":"https:\/\/skaitytaknyga.lt\/?post_type=product&#038;p=5175"},"modified":"2025-07-07T09:27:00","modified_gmt":"2025-07-07T06:27:00","slug":"nora-roberts-likimo-zvaigzdes","status":"publish","type":"product","link":"https:\/\/skaitytaknyga.lt\/en\/produktas\/nora-roberts-likimo-zvaigzdes\/","title":{"rendered":"Likimo \u017evaig\u017ed\u0117s"},"content":{"rendered":"<p>The New York Times bestseleri\u0173 autor\u0117s Noros Roberts \u201e\u017dvaig\u017ed\u017ei\u0173 serg\u0117toj\u0173\u201c trilogija apie tris poras, kurios susitinka, kad pasitelkusios laikui nepavald\u017ei\u0105 meil\u0119, \u012fmint\u0173 neatmenam\u0173 laik\u0173 paslapt\u012f. Dailinink\u0117 Sa\u0161a Rigs gyvena atsiskyrusi, persekiojama ko\u0161mari\u0161k\u0173 sapn\u0173 ir vizij\u0173, kuriose reg\u0117tus vaizdus ji perkelia \u012f savo \u012fsp\u016bdingus paveikslus. \u0160ios vizijos dailinink\u0119 nuvilioja \u012f nuostabi\u0105j\u0105 Korfu sal\u0105 Graikijoje. Ten ji sutinka penkis bendra\u017eygius \u2014 burtinink\u0105, mokslinink\u0119, keliautoj\u0105, kovotoj\u0105 ir romantik\u0119. Visi \u010dia susitelk\u0117 \u012fvykdyti misij\u0105 \u2014 surasti tris M\u0117nulio deivi\u0173 sukurtas \u017evaig\u017edes. Sa\u0161a \u2014 ai\u0161kiareg\u0117, komandos \u0161erdis, ji stengiasi i\u0161laikyti bendra\u017eygi\u0173 grup\u0119 viening\u0105, o Branas Kiljanas \u2014 ne\u012ftik\u0117tin\u0173 magi\u0161k\u0173 gali\u0173 turintis vyras, Sa\u0161ai padeda \u2014 j\u0105 palaiko, skatina ir tiki ja. Sa\u0161a ir Branas \u2014 du i\u0161 \u0161e\u0161i\u0173 komandos, kuri turi giliai j\u016broje surasti Ugnies \u017evaig\u017ed\u0119. Ta\u010diau tamsiosios j\u0117gos nesnaud\u017eia \u2014 Ugnies \u017evaig\u017ed\u0119 surasti pasiry\u017eusios komandos nari\u0173 pasitik\u0117jimui, vienybei bei meilei tenka vis nauji i\u0161bandymai.<\/p>\n","protected":false},"excerpt":{"rendered":"<p>The New York Times bestseleri\u0173 autor\u0117s Noros Roberts \u201e\u017dvaig\u017ed\u017ei\u0173 serg\u0117toj\u0173\u201c trilogija apie tris poras, kurios susitinka, kad pasitelkusios laikui nepavald\u017ei\u0105 meil\u0119, \u012fmint\u0173 neatmenam\u0173 laik\u0173 paslapt\u012f. Dailinink\u0117 Sa\u0161a Rigs gyvena atsiskyrusi, persekiojama ko\u0161mari\u0161k\u0173 sapn\u0173 ir vizij\u0173, kuriose reg\u0117tus vaizdus ji perkelia \u012f savo \u012fsp\u016bdingus paveikslus. \u0160ios vizijos dailinink\u0119 nuvilioja \u012f nuostabi\u0105j\u0105 Korfu sal\u0105 Graikijoje. Ten ji sutinka penkis bendra\u017eygius \u2014 burtinink\u0105, mokslinink\u0119, keliautoj\u0105, kovotoj\u0105 ir romantik\u0119. Visi \u010dia susitelk\u0117 \u012fvykdyti misij\u0105 \u2014 surasti tris M\u0117nulio deivi\u0173 sukurtas \u017evaig\u017edes. Sa\u0161a \u2014 ai\u0161kiareg\u0117, komandos \u0161erdis, ji stengiasi i\u0161laikyti bendra\u017eygi\u0173 grup\u0119 viening\u0105, o Branas Kiljanas \u2014 ne\u012ftik\u0117tin\u0173 magi\u0161k\u0173 gali\u0173 turintis vyras, Sa\u0161ai padeda \u2014 j\u0105 palaiko, skatina ir tiki ja. Sa\u0161a ir Branas \u2014 du i\u0161 \u0161e\u0161i\u0173 komandos, kuri turi giliai j\u016broje surasti Ugnies \u017evaig\u017ed\u0119. Ta\u010diau tamsiosios j\u0117gos nesnaud\u017eia \u2014 Ugnies \u017evaig\u017ed\u0119 surasti pasiry\u017eusios komandos nari\u0173 pasitik\u0117jimui, vienybei bei meilei tenka vis nauji i\u0161bandymai.<\/p>\n","protected":false},"featured_media":5471,"comment_status":"closed","ping_status":"closed","template":"","meta":{"_acf_changed":false,"site-sidebar-layout":"default","site-content-layout":"","ast-site-content-layout":"default","site-content-style":"default","site-sidebar-style":"default","ast-global-header-display":"","ast-banner-title-visibility":"","ast-main-header-display":"","ast-hfb-above-header-display":"","ast-hfb-below-header-display":"","ast-hfb-mobile-header-display":"","site-post-title":"","ast-breadcrumbs-content":"","ast-featured-img":"","footer-sml-layout":"","ast-disable-related-posts":"","theme-transparent-header-meta":"","adv-header-id-meta":"","stick-header-meta":"","header-above-stick-meta":"","header-main-stick-meta":"","header-below-stick-meta":"","astra-migrate-meta-layouts":"default","ast-page-background-enabled":"default","ast-page-background-meta":{"desktop":{"background-color":"","background-image":"","background-repeat":"repeat","background-position":"center center","background-size":"auto","background-attachment":"scroll","background-type":"","background-media":"","overlay-type":"","overlay-color":"","overlay-opacity":"","overlay-gradient":""},"tablet":{"background-color":"","background-image":"","background-repeat":"repeat","background-position":"center center","background-size":"auto","background-attachment":"scroll","background-type":"","background-media":"","overlay-type":"","overlay-color":"","overlay-opacity":"","overlay-gradient":""},"mobile":{"background-color":"","background-image":"","background-repeat":"repeat","background-position":"center center","background-size":"auto","background-attachment":"scroll","background-type":"","background-media":"","overlay-type":"","overlay-color":"","overlay-opacity":"","overlay-gradient":""}},"ast-content-background-meta":{"desktop":{"background-color":"var(--ast-global-color-4)","background-image":"","background-repeat":"repeat","background-position":"center center","background-size":"auto","background-attachment":"scroll","background-type":"","background-media":"","overlay-type":"","overlay-color":"","overlay-opacity":"","overlay-gradient":""},"tablet":{"background-color":"var(--ast-global-color-4)","background-image":"","background-repeat":"repeat","background-position":"center center","background-size":"auto","background-attachment":"scroll","background-type":"","background-media":"","overlay-type":"","overlay-color":"","overlay-opacity":"","overlay-gradient":""},"mobile":{"background-color":"var(--ast-global-color-4)","background-image":"","background-repeat":"repeat","background-position":"center center","background-size":"auto","background-attachment":"scroll","background-type":"","background-media":"","overlay-type":"","overlay-color":"","overlay-opacity":"","overlay-gradient":""}}},"product_brand":[],"product_cat":[31],"product_tag":[1504,1755,1796,3060,1451,1478,3151],"class_list":{"0":"post-5175","1":"product","2":"type-product","3":"status-publish","4":"has-post-thumbnail","6":"product_cat-grozine-literatura","7":"product_tag-fantastika","8":"product_tag-magija","9":"product_tag-meile","10":"product_tag-nora-roberts","11":"product_tag-nuotykiai","12":"product_tag-paslaptys","13":"product_tag-trilogija","14":"desktop-align-left","15":"tablet-align-left","16":"mobile-align-left","18":"first","19":"outofstock","20":"shipping-taxable","21":"purchasable","22":"product-type-simple"},"acf":[],"yoast_head":"<!-- This site is optimized with the Yoast SEO plugin v27.0 - https:\/\/yoast.com\/product\/yoast-seo-wordpress\/ -->\n<title>Likimo \u017evaig\u017ed\u0117s<\/title>\n<meta name=\"description\" content=\"The New York Times bestseleri\u0173 autor\u0117s Noros Roberts \u201e\u017dvaig\u017ed\u017ei\u0173 serg\u0117toj\u0173\u201c trilogija apie tris poras, kurios susitinka, kad pasitelkusios laikui nepavald\u017ei\u0105 meil\u0119, \u012fmint\u0173 neatmenam\u0173 laik\u0173 paslapt\u012f. Dailinink\u0117 Sa\u0161a Rigs gyvena atsiskyrusi, persekiojama ko\u0161mari\u0161k\u0173 sapn\u0173 ir vizij\u0173, kuriose reg\u0117tus vaizdus ji perkelia \u012f savo \u012fsp\u016bdingus paveikslus. \u0160ios vizijos dailinink\u0119 nuvilioja \u012f nuostabi\u0105j\u0105 Korfu sal\u0105 Graikijoje. Ten ji sutinka penkis bendra\u017eygius \u2014 burtinink\u0105, mokslinink\u0119, keliautoj\u0105, kovotoj\u0105 ir romantik\u0119. Visi \u010dia susitelk\u0117 \u012fvykdyti misij\u0105 \u2014 surasti tris M\u0117nulio deivi\u0173 sukurtas \u017evaig\u017edes. Sa\u0161a \u2014 ai\u0161kiareg\u0117, komandos \u0161erdis, ji stengiasi i\u0161laikyti bendra\u017eygi\u0173 grup\u0119 viening\u0105, o Branas Kiljanas \u2014 ne\u012ftik\u0117tin\u0173 magi\u0161k\u0173 gali\u0173 turintis vyras, Sa\u0161ai padeda \u2014 j\u0105 palaiko, skatina ir tiki ja. Sa\u0161a ir Branas \u2014 du i\u0161 \u0161e\u0161i\u0173 komandos, kuri turi giliai j\u016broje surasti Ugnies \u017evaig\u017ed\u0119. Ta\u010diau tamsiosios j\u0117gos nesnaud\u017eia \u2014 Ugnies \u017evaig\u017ed\u0119 surasti pasiry\u017eusios komandos nari\u0173 pasitik\u0117jimui, vienybei bei meilei tenka vis nauji i\u0161bandymai.\" \/>\n<meta name=\"robots\" content=\"index, follow, max-snippet:-1, max-image-preview:large, max-video-preview:-1\" \/>\n<link rel=\"canonical\" href=\"https:\/\/skaitytaknyga.lt\/en\/produktas\/nora-roberts-likimo-zvaigzdes\/\" \/>\n<meta property=\"og:locale\" content=\"en_GB\" \/>\n<meta property=\"og:locale:alternate\" content=\"lt_LT\" \/>\n<meta property=\"og:type\" content=\"article\" \/>\n<meta property=\"og:title\" content=\"Likimo \u017evaig\u017ed\u0117s\" \/>\n<meta property=\"og:description\" content=\"The New York Times bestseleri\u0173 autor\u0117s Noros Roberts \u201e\u017dvaig\u017ed\u017ei\u0173 serg\u0117toj\u0173\u201c trilogija apie tris poras, kurios susitinka, kad pasitelkusios laikui nepavald\u017ei\u0105 meil\u0119, \u012fmint\u0173 neatmenam\u0173 laik\u0173 paslapt\u012f. Dailinink\u0117 Sa\u0161a Rigs gyvena atsiskyrusi, persekiojama ko\u0161mari\u0161k\u0173 sapn\u0173 ir vizij\u0173, kuriose reg\u0117tus vaizdus ji perkelia \u012f savo \u012fsp\u016bdingus paveikslus. \u0160ios vizijos dailinink\u0119 nuvilioja \u012f nuostabi\u0105j\u0105 Korfu sal\u0105 Graikijoje. Ten ji sutinka penkis bendra\u017eygius \u2014 burtinink\u0105, mokslinink\u0119, keliautoj\u0105, kovotoj\u0105 ir romantik\u0119. Visi \u010dia susitelk\u0117 \u012fvykdyti misij\u0105 \u2014 surasti tris M\u0117nulio deivi\u0173 sukurtas \u017evaig\u017edes. Sa\u0161a \u2014 ai\u0161kiareg\u0117, komandos \u0161erdis, ji stengiasi i\u0161laikyti bendra\u017eygi\u0173 grup\u0119 viening\u0105, o Branas Kiljanas \u2014 ne\u012ftik\u0117tin\u0173 magi\u0161k\u0173 gali\u0173 turintis vyras, Sa\u0161ai padeda \u2014 j\u0105 palaiko, skatina ir tiki ja. Sa\u0161a ir Branas \u2014 du i\u0161 \u0161e\u0161i\u0173 komandos, kuri turi giliai j\u016broje surasti Ugnies \u017evaig\u017ed\u0119. Ta\u010diau tamsiosios j\u0117gos nesnaud\u017eia \u2014 Ugnies \u017evaig\u017ed\u0119 surasti pasiry\u017eusios komandos nari\u0173 pasitik\u0117jimui, vienybei bei meilei tenka vis nauji i\u0161bandymai.\" \/>\n<meta property=\"og:url\" content=\"https:\/\/skaitytaknyga.lt\/en\/produktas\/nora-roberts-likimo-zvaigzdes\/\" \/>\n<meta property=\"og:site_name\" content=\"Skaitytaknyga\" \/>\n<meta property=\"article:publisher\" content=\"https:\/\/www.facebook.com\/skaitytaknyga\/\" \/>\n<meta property=\"article:modified_time\" content=\"2025-07-07T06:27:00+00:00\" \/>\n<meta property=\"og:image\" content=\"https:\/\/skaitytaknyga.lt\/wp-content\/uploads\/2024\/05\/1468912302_nora_robers_likimo_zvaigzdes_26_virselis__1468824032.jpg\" \/>\n\t<meta property=\"og:image:width\" content=\"527\" \/>\n\t<meta property=\"og:image:height\" content=\"800\" \/>\n\t<meta property=\"og:image:type\" content=\"image\/jpeg\" \/>\n<meta name=\"twitter:card\" content=\"summary_large_image\" \/>\n<meta name=\"twitter:label1\" content=\"Estimated reading time\" \/>\n\t<meta name=\"twitter:data1\" content=\"1 minute\" \/>\n<script type=\"application\/ld+json\" class=\"yoast-schema-graph\">{\"@context\":\"https:\/\/schema.org\",\"@graph\":[{\"@type\":\"WebPage\",\"@id\":\"https:\/\/skaitytaknyga.lt\/produktas\/nora-roberts-likimo-zvaigzdes\/\",\"url\":\"https:\/\/skaitytaknyga.lt\/produktas\/nora-roberts-likimo-zvaigzdes\/\",\"name\":\"Likimo \u017evaig\u017ed\u0117s\",\"isPartOf\":{\"@id\":\"https:\/\/skaitytaknyga.lt\/#website\"},\"primaryImageOfPage\":{\"@id\":\"https:\/\/skaitytaknyga.lt\/produktas\/nora-roberts-likimo-zvaigzdes\/#primaryimage\"},\"image\":{\"@id\":\"https:\/\/skaitytaknyga.lt\/produktas\/nora-roberts-likimo-zvaigzdes\/#primaryimage\"},\"thumbnailUrl\":\"https:\/\/skaitytaknyga.lt\/wp-content\/uploads\/2024\/05\/1468912302_nora_robers_likimo_zvaigzdes_26_virselis__1468824032.jpg\",\"datePublished\":\"2024-04-17T14:03:07+00:00\",\"dateModified\":\"2025-07-07T06:27:00+00:00\",\"description\":\"The New York Times bestseleri\u0173 autor\u0117s Noros Roberts \u201e\u017dvaig\u017ed\u017ei\u0173 serg\u0117toj\u0173\u201c trilogija apie tris poras, kurios susitinka, kad pasitelkusios laikui nepavald\u017ei\u0105 meil\u0119, \u012fmint\u0173 neatmenam\u0173 laik\u0173 paslapt\u012f. Dailinink\u0117 Sa\u0161a Rigs gyvena atsiskyrusi, persekiojama ko\u0161mari\u0161k\u0173 sapn\u0173 ir vizij\u0173, kuriose reg\u0117tus vaizdus ji perkelia \u012f savo \u012fsp\u016bdingus paveikslus. \u0160ios vizijos dailinink\u0119 nuvilioja \u012f nuostabi\u0105j\u0105 Korfu sal\u0105 Graikijoje. Ten ji sutinka penkis bendra\u017eygius \u2014 burtinink\u0105, mokslinink\u0119, keliautoj\u0105, kovotoj\u0105 ir romantik\u0119. Visi \u010dia susitelk\u0117 \u012fvykdyti misij\u0105 \u2014 surasti tris M\u0117nulio deivi\u0173 sukurtas \u017evaig\u017edes. Sa\u0161a \u2014 ai\u0161kiareg\u0117, komandos \u0161erdis, ji stengiasi i\u0161laikyti bendra\u017eygi\u0173 grup\u0119 viening\u0105, o Branas Kiljanas \u2014 ne\u012ftik\u0117tin\u0173 magi\u0161k\u0173 gali\u0173 turintis vyras, Sa\u0161ai padeda \u2014 j\u0105 palaiko, skatina ir tiki ja. Sa\u0161a ir Branas \u2014 du i\u0161 \u0161e\u0161i\u0173 komandos, kuri turi giliai j\u016broje surasti Ugnies \u017evaig\u017ed\u0119. Ta\u010diau tamsiosios j\u0117gos nesnaud\u017eia \u2014 Ugnies \u017evaig\u017ed\u0119 surasti pasiry\u017eusios komandos nari\u0173 pasitik\u0117jimui, vienybei bei meilei tenka vis nauji i\u0161bandymai.\",\"breadcrumb\":{\"@id\":\"https:\/\/skaitytaknyga.lt\/produktas\/nora-roberts-likimo-zvaigzdes\/#breadcrumb\"},\"inLanguage\":\"en-GB\",\"potentialAction\":[{\"@type\":\"ReadAction\",\"target\":[\"https:\/\/skaitytaknyga.lt\/produktas\/nora-roberts-likimo-zvaigzdes\/\"]}]},{\"@type\":\"ImageObject\",\"inLanguage\":\"en-GB\",\"@id\":\"https:\/\/skaitytaknyga.lt\/produktas\/nora-roberts-likimo-zvaigzdes\/#primaryimage\",\"url\":\"https:\/\/skaitytaknyga.lt\/wp-content\/uploads\/2024\/05\/1468912302_nora_robers_likimo_zvaigzdes_26_virselis__1468824032.jpg\",\"contentUrl\":\"https:\/\/skaitytaknyga.lt\/wp-content\/uploads\/2024\/05\/1468912302_nora_robers_likimo_zvaigzdes_26_virselis__1468824032.jpg\",\"width\":527,\"height\":800},{\"@type\":\"BreadcrumbList\",\"@id\":\"https:\/\/skaitytaknyga.lt\/produktas\/nora-roberts-likimo-zvaigzdes\/#breadcrumb\",\"itemListElement\":[{\"@type\":\"ListItem\",\"position\":1,\"name\":\"Home\",\"item\":\"https:\/\/skaitytaknyga.lt\/\"},{\"@type\":\"ListItem\",\"position\":2,\"name\":\"Parduotuv\u0117\",\"item\":\"https:\/\/skaitytaknyga.lt\/knygu-parduotuve\/\"},{\"@type\":\"ListItem\",\"position\":3,\"name\":\"Likimo \u017evaig\u017ed\u0117s\"}]},{\"@type\":\"WebSite\",\"@id\":\"https:\/\/skaitytaknyga.lt\/#website\",\"url\":\"https:\/\/skaitytaknyga.lt\/\",\"name\":\"skaitytaknyga.lt\",\"description\":\"Skaitytaknyga.lt \u2013 tai ma\u017eas \u0161eimos verslas, kuris prasid\u0117jo nuo meil\u0117s knygoms ir siekio i\u0161gelb\u0117ti knygas nuo likimo prie konteinerio. Kas vienam nereikalingas daiktas \u2013 kitam lobis, o mes esame tarpininkai, kurie padeda abiems tapti laimingesniems ???? \u017dinome kaip nelengva i\u0161gyventi ma\u017eiems verslams, tad nuo \u0161iol, \u010dia rasite ir kit\u0173, ma\u017e\u0173 \u0161eim\u0173 versl\u0173, rank\u0173 darbo, dovan\u0173 sau ir artimiesiems.\",\"publisher\":{\"@id\":\"https:\/\/skaitytaknyga.lt\/#organization\"},\"potentialAction\":[{\"@type\":\"SearchAction\",\"target\":{\"@type\":\"EntryPoint\",\"urlTemplate\":\"https:\/\/skaitytaknyga.lt\/?s={search_term_string}\"},\"query-input\":{\"@type\":\"PropertyValueSpecification\",\"valueRequired\":true,\"valueName\":\"search_term_string\"}}],\"inLanguage\":\"en-GB\"},{\"@type\":\"Organization\",\"@id\":\"https:\/\/skaitytaknyga.lt\/#organization\",\"name\":\"skaitytaknyga.lt\",\"url\":\"https:\/\/skaitytaknyga.lt\/\",\"logo\":{\"@type\":\"ImageObject\",\"inLanguage\":\"en-GB\",\"@id\":\"https:\/\/skaitytaknyga.lt\/#\/schema\/logo\/image\/\",\"url\":\"https:\/\/skaitytaknyga.lt\/wp-content\/uploads\/2024\/05\/cropped-cropped-cropped-02_00843_jt3bggkj1j3HLc7SyY6rEUpg.jpeg\",\"contentUrl\":\"https:\/\/skaitytaknyga.lt\/wp-content\/uploads\/2024\/05\/cropped-cropped-cropped-02_00843_jt3bggkj1j3HLc7SyY6rEUpg.jpeg\",\"width\":1600,\"height\":1600,\"caption\":\"skaitytaknyga.lt\"},\"image\":{\"@id\":\"https:\/\/skaitytaknyga.lt\/#\/schema\/logo\/image\/\"},\"sameAs\":[\"https:\/\/www.facebook.com\/skaitytaknyga\/\"]}]}<\/script>\n<!-- \/ Yoast SEO plugin. -->","yoast_head_json":{"title":"Likimo \u017evaig\u017ed\u0117s","description":"The New York Times bestseleri\u0173 autor\u0117s Noros Roberts \u201e\u017dvaig\u017ed\u017ei\u0173 serg\u0117toj\u0173\u201c trilogija apie tris poras, kurios susitinka, kad pasitelkusios laikui nepavald\u017ei\u0105 meil\u0119, \u012fmint\u0173 neatmenam\u0173 laik\u0173 paslapt\u012f. Dailinink\u0117 Sa\u0161a Rigs gyvena atsiskyrusi, persekiojama ko\u0161mari\u0161k\u0173 sapn\u0173 ir vizij\u0173, kuriose reg\u0117tus vaizdus ji perkelia \u012f savo \u012fsp\u016bdingus paveikslus. \u0160ios vizijos dailinink\u0119 nuvilioja \u012f nuostabi\u0105j\u0105 Korfu sal\u0105 Graikijoje. Ten ji sutinka penkis bendra\u017eygius \u2014 burtinink\u0105, mokslinink\u0119, keliautoj\u0105, kovotoj\u0105 ir romantik\u0119. Visi \u010dia susitelk\u0117 \u012fvykdyti misij\u0105 \u2014 surasti tris M\u0117nulio deivi\u0173 sukurtas \u017evaig\u017edes. Sa\u0161a \u2014 ai\u0161kiareg\u0117, komandos \u0161erdis, ji stengiasi i\u0161laikyti bendra\u017eygi\u0173 grup\u0119 viening\u0105, o Branas Kiljanas \u2014 ne\u012ftik\u0117tin\u0173 magi\u0161k\u0173 gali\u0173 turintis vyras, Sa\u0161ai padeda \u2014 j\u0105 palaiko, skatina ir tiki ja. Sa\u0161a ir Branas \u2014 du i\u0161 \u0161e\u0161i\u0173 komandos, kuri turi giliai j\u016broje surasti Ugnies \u017evaig\u017ed\u0119. Ta\u010diau tamsiosios j\u0117gos nesnaud\u017eia \u2014 Ugnies \u017evaig\u017ed\u0119 surasti pasiry\u017eusios komandos nari\u0173 pasitik\u0117jimui, vienybei bei meilei tenka vis nauji i\u0161bandymai.","robots":{"index":"index","follow":"follow","max-snippet":"max-snippet:-1","max-image-preview":"max-image-preview:large","max-video-preview":"max-video-preview:-1"},"canonical":"https:\/\/skaitytaknyga.lt\/en\/produktas\/nora-roberts-likimo-zvaigzdes\/","og_locale":"en_GB","og_type":"article","og_title":"[:lt]Likimo \u017evaig\u017ed\u0117s[:] - Skaitytaknyga","og_description":"The New York Times bestseleri\u0173 autor\u0117s Noros Roberts \u201e\u017dvaig\u017ed\u017ei\u0173 serg\u0117toj\u0173\u201c trilogija apie tris poras, kurios susitinka, kad pasitelkusios laikui nepavald\u017ei\u0105 meil\u0119, \u012fmint\u0173 neatmenam\u0173 laik\u0173 paslapt\u012f. Dailinink\u0117 Sa\u0161a Rigs gyvena atsiskyrusi, persekiojama ko\u0161mari\u0161k\u0173 sapn\u0173 ir vizij\u0173, kuriose reg\u0117tus vaizdus ji perkelia \u012f savo \u012fsp\u016bdingus paveikslus. \u0160ios vizijos dailinink\u0119 nuvilioja \u012f nuostabi\u0105j\u0105 Korfu sal\u0105 Graikijoje. Ten ji sutinka penkis bendra\u017eygius \u2014 burtinink\u0105, mokslinink\u0119, keliautoj\u0105, kovotoj\u0105 ir romantik\u0119. Visi \u010dia susitelk\u0117 \u012fvykdyti misij\u0105 \u2014 surasti tris M\u0117nulio deivi\u0173 sukurtas \u017evaig\u017edes. Sa\u0161a \u2014 ai\u0161kiareg\u0117, komandos \u0161erdis, ji stengiasi i\u0161laikyti bendra\u017eygi\u0173 grup\u0119 viening\u0105, o Branas Kiljanas \u2014 ne\u012ftik\u0117tin\u0173 magi\u0161k\u0173 gali\u0173 turintis vyras, Sa\u0161ai padeda \u2014 j\u0105 palaiko, skatina ir tiki ja. Sa\u0161a ir Branas \u2014 du i\u0161 \u0161e\u0161i\u0173 komandos, kuri turi giliai j\u016broje surasti Ugnies \u017evaig\u017ed\u0119. Ta\u010diau tamsiosios j\u0117gos nesnaud\u017eia \u2014 Ugnies \u017evaig\u017ed\u0119 surasti pasiry\u017eusios komandos nari\u0173 pasitik\u0117jimui, vienybei bei meilei tenka vis nauji i\u0161bandymai.","og_url":"https:\/\/skaitytaknyga.lt\/en\/produktas\/nora-roberts-likimo-zvaigzdes\/","og_site_name":"Skaitytaknyga","article_publisher":"https:\/\/www.facebook.com\/skaitytaknyga\/","article_modified_time":"2025-07-07T06:27:00+00:00","og_image":[{"width":527,"height":800,"url":"https:\/\/skaitytaknyga.lt\/wp-content\/uploads\/2024\/05\/1468912302_nora_robers_likimo_zvaigzdes_26_virselis__1468824032.jpg","type":"image\/jpeg"}],"twitter_card":"summary_large_image","twitter_misc":{"Estimated reading time":"1 minute"},"schema":{"@context":"https:\/\/schema.org","@graph":[{"@type":"WebPage","@id":"https:\/\/skaitytaknyga.lt\/produktas\/nora-roberts-likimo-zvaigzdes\/","url":"https:\/\/skaitytaknyga.lt\/produktas\/nora-roberts-likimo-zvaigzdes\/","name":"Likimo \u017evaig\u017ed\u0117s","isPartOf":{"@id":"https:\/\/skaitytaknyga.lt\/#website"},"primaryImageOfPage":{"@id":"https:\/\/skaitytaknyga.lt\/produktas\/nora-roberts-likimo-zvaigzdes\/#primaryimage"},"image":{"@id":"https:\/\/skaitytaknyga.lt\/produktas\/nora-roberts-likimo-zvaigzdes\/#primaryimage"},"thumbnailUrl":"https:\/\/skaitytaknyga.lt\/wp-content\/uploads\/2024\/05\/1468912302_nora_robers_likimo_zvaigzdes_26_virselis__1468824032.jpg","datePublished":"2024-04-17T14:03:07+00:00","dateModified":"2025-07-07T06:27:00+00:00","description":"The New York Times bestseleri\u0173 autor\u0117s Noros Roberts \u201e\u017dvaig\u017ed\u017ei\u0173 serg\u0117toj\u0173\u201c trilogija apie tris poras, kurios susitinka, kad pasitelkusios laikui nepavald\u017ei\u0105 meil\u0119, \u012fmint\u0173 neatmenam\u0173 laik\u0173 paslapt\u012f. Dailinink\u0117 Sa\u0161a Rigs gyvena atsiskyrusi, persekiojama ko\u0161mari\u0161k\u0173 sapn\u0173 ir vizij\u0173, kuriose reg\u0117tus vaizdus ji perkelia \u012f savo \u012fsp\u016bdingus paveikslus. \u0160ios vizijos dailinink\u0119 nuvilioja \u012f nuostabi\u0105j\u0105 Korfu sal\u0105 Graikijoje. Ten ji sutinka penkis bendra\u017eygius \u2014 burtinink\u0105, mokslinink\u0119, keliautoj\u0105, kovotoj\u0105 ir romantik\u0119. Visi \u010dia susitelk\u0117 \u012fvykdyti misij\u0105 \u2014 surasti tris M\u0117nulio deivi\u0173 sukurtas \u017evaig\u017edes. Sa\u0161a \u2014 ai\u0161kiareg\u0117, komandos \u0161erdis, ji stengiasi i\u0161laikyti bendra\u017eygi\u0173 grup\u0119 viening\u0105, o Branas Kiljanas \u2014 ne\u012ftik\u0117tin\u0173 magi\u0161k\u0173 gali\u0173 turintis vyras, Sa\u0161ai padeda \u2014 j\u0105 palaiko, skatina ir tiki ja. Sa\u0161a ir Branas \u2014 du i\u0161 \u0161e\u0161i\u0173 komandos, kuri turi giliai j\u016broje surasti Ugnies \u017evaig\u017ed\u0119. Ta\u010diau tamsiosios j\u0117gos nesnaud\u017eia \u2014 Ugnies \u017evaig\u017ed\u0119 surasti pasiry\u017eusios komandos nari\u0173 pasitik\u0117jimui, vienybei bei meilei tenka vis nauji i\u0161bandymai.","breadcrumb":{"@id":"https:\/\/skaitytaknyga.lt\/produktas\/nora-roberts-likimo-zvaigzdes\/#breadcrumb"},"inLanguage":"en-GB","potentialAction":[{"@type":"ReadAction","target":["https:\/\/skaitytaknyga.lt\/produktas\/nora-roberts-likimo-zvaigzdes\/"]}]},{"@type":"ImageObject","inLanguage":"en-GB","@id":"https:\/\/skaitytaknyga.lt\/produktas\/nora-roberts-likimo-zvaigzdes\/#primaryimage","url":"https:\/\/skaitytaknyga.lt\/wp-content\/uploads\/2024\/05\/1468912302_nora_robers_likimo_zvaigzdes_26_virselis__1468824032.jpg","contentUrl":"https:\/\/skaitytaknyga.lt\/wp-content\/uploads\/2024\/05\/1468912302_nora_robers_likimo_zvaigzdes_26_virselis__1468824032.jpg","width":527,"height":800},{"@type":"BreadcrumbList","@id":"https:\/\/skaitytaknyga.lt\/produktas\/nora-roberts-likimo-zvaigzdes\/#breadcrumb","itemListElement":[{"@type":"ListItem","position":1,"name":"Home","item":"https:\/\/skaitytaknyga.lt\/"},{"@type":"ListItem","position":2,"name":"Parduotuv\u0117","item":"https:\/\/skaitytaknyga.lt\/knygu-parduotuve\/"},{"@type":"ListItem","position":3,"name":"Likimo \u017evaig\u017ed\u0117s"}]},{"@type":"WebSite","@id":"https:\/\/skaitytaknyga.lt\/#website","url":"https:\/\/skaitytaknyga.lt\/","name":"skaitytaknyga.lt","description":"Skaitytaknyga.lt \u2013 tai ma\u017eas \u0161eimos verslas, kuris prasid\u0117jo nuo meil\u0117s knygoms ir siekio i\u0161gelb\u0117ti knygas nuo likimo prie konteinerio. Kas vienam nereikalingas daiktas \u2013 kitam lobis, o mes esame tarpininkai, kurie padeda abiems tapti laimingesniems ???? \u017dinome kaip nelengva i\u0161gyventi ma\u017eiems verslams, tad nuo \u0161iol, \u010dia rasite ir kit\u0173, ma\u017e\u0173 \u0161eim\u0173 versl\u0173, rank\u0173 darbo, dovan\u0173 sau ir artimiesiems.","publisher":{"@id":"https:\/\/skaitytaknyga.lt\/#organization"},"potentialAction":[{"@type":"SearchAction","target":{"@type":"EntryPoint","urlTemplate":"https:\/\/skaitytaknyga.lt\/?s={search_term_string}"},"query-input":{"@type":"PropertyValueSpecification","valueRequired":true,"valueName":"search_term_string"}}],"inLanguage":"en-GB"},{"@type":"Organization","@id":"https:\/\/skaitytaknyga.lt\/#organization","name":"skaitytaknyga.lt","url":"https:\/\/skaitytaknyga.lt\/","logo":{"@type":"ImageObject","inLanguage":"en-GB","@id":"https:\/\/skaitytaknyga.lt\/#\/schema\/logo\/image\/","url":"https:\/\/skaitytaknyga.lt\/wp-content\/uploads\/2024\/05\/cropped-cropped-cropped-02_00843_jt3bggkj1j3HLc7SyY6rEUpg.jpeg","contentUrl":"https:\/\/skaitytaknyga.lt\/wp-content\/uploads\/2024\/05\/cropped-cropped-cropped-02_00843_jt3bggkj1j3HLc7SyY6rEUpg.jpeg","width":1600,"height":1600,"caption":"skaitytaknyga.lt"},"image":{"@id":"https:\/\/skaitytaknyga.lt\/#\/schema\/logo\/image\/"},"sameAs":["https:\/\/www.facebook.com\/skaitytaknyga\/"]}]}},"_links":{"self":[{"href":"https:\/\/skaitytaknyga.lt\/en\/wp-json\/wp\/v2\/product\/5175","targetHints":{"allow":["GET"]}}],"collection":[{"href":"https:\/\/skaitytaknyga.lt\/en\/wp-json\/wp\/v2\/product"}],"about":[{"href":"https:\/\/skaitytaknyga.lt\/en\/wp-json\/wp\/v2\/types\/product"}],"replies":[{"embeddable":true,"href":"https:\/\/skaitytaknyga.lt\/en\/wp-json\/wp\/v2\/comments?post=5175"}],"wp:featuredmedia":[{"embeddable":true,"href":"https:\/\/skaitytaknyga.lt\/en\/wp-json\/wp\/v2\/media\/5471"}],"wp:attachment":[{"href":"https:\/\/skaitytaknyga.lt\/en\/wp-json\/wp\/v2\/media?parent=5175"}],"wp:term":[{"taxonomy":"product_brand","embeddable":true,"href":"https:\/\/skaitytaknyga.lt\/en\/wp-json\/wp\/v2\/product_brand?post=5175"},{"taxonomy":"product_cat","embeddable":true,"href":"https:\/\/skaitytaknyga.lt\/en\/wp-json\/wp\/v2\/product_cat?post=5175"},{"taxonomy":"product_tag","embeddable":true,"href":"https:\/\/skaitytaknyga.lt\/en\/wp-json\/wp\/v2\/product_tag?post=5175"}],"curies":[{"name":"wp","href":"https:\/\/api.w.org\/{rel}","templated":true}]}}