{"id":5160,"date":"2024-04-17T14:02:42","date_gmt":"2024-04-17T14:02:42","guid":{"rendered":"https:\/\/skaitytaknyga.lt\/?post_type=product&#038;p=5160"},"modified":"2026-03-05T16:00:55","modified_gmt":"2026-03-05T14:00:55","slug":"a-marinina-griztamoji-galia-2-knyga","status":"publish","type":"product","link":"https:\/\/skaitytaknyga.lt\/en\/produktas\/a-marinina-griztamoji-galia-2-knyga\/","title":{"rendered":"Gr\u012f\u017etamoji galia 2 knyga"},"content":{"rendered":"<p>Laikoma, kad \u012fstatymas atgaline data negalioja, jis neturi gr\u012f\u017etamosios galios. Taip, bet tik ne \u017emogi\u0161k\u0173j\u0173 santyki\u0173 \u012fstatymas. Argi galima \u012f grie\u017etus laiko r\u0117mus \u012fsprausti giminyst\u0117s jausmus, meil\u0119, draugyst\u0119, garb\u0119, tarnyst\u0117s pareig\u0105? Kaip galima nustatyti \u0161ioms s\u0105vokoms atskaitos ta\u0161k\u0105? Jos nepavald\u017eios laikui, jei kalbama apie \u017emones, iki galo atsidavusius savo reikalui.<\/p>\n<p>Savi\u017eudyb\u0117 n\u0117ra nei\u0161vengiama beprotyb\u0117s \u017eym\u0117, bet&#8230; statistikos duomenimis, tre\u010ddalis savi\u017eudybi\u0173 vyksta ap\u0117mus sielos negalios priepuoliams, o du j\u0173 tre\u010ddalius lemia visi kiti atvejai \u2014 girtuokliavimas, materialiniai praradimai, sielvartas ir nuoskaudos, bausm\u0117s baim\u0117, nelaiminga meil\u0117.<\/p>\n","protected":false},"excerpt":{"rendered":"<p>Laikoma, kad \u012fstatymas atgaline data negalioja, jis neturi gr\u012f\u017etamosios galios. Taip, bet tik ne \u017emogi\u0161k\u0173j\u0173 santyki\u0173 \u012fstatymas. Argi galima \u012f grie\u017etus laiko r\u0117mus \u012fsprausti giminyst\u0117s jausmus, meil\u0119, draugyst\u0119, garb\u0119, tarnyst\u0117s pareig\u0105? Kaip galima nustatyti \u0161ioms s\u0105vokoms atskaitos ta\u0161k\u0105? Jos nepavald\u017eios laikui, jei kalbama apie \u017emones, iki galo atsidavusius savo reikalui.<\/p>\n<p>Savi\u017eudyb\u0117 n\u0117ra nei\u0161vengiama beprotyb\u0117s \u017eym\u0117, bet&#8230; statistikos duomenimis, tre\u010ddalis savi\u017eudybi\u0173 vyksta ap\u0117mus sielos negalios priepuoliams, o du j\u0173 tre\u010ddalius lemia visi kiti atvejai \u2014 girtuokliavimas, materialiniai praradimai, sielvartas ir nuoskaudos, bausm\u0117s baim\u0117, nelaiminga meil\u0117.<\/p>\n","protected":false},"featured_media":5468,"comment_status":"closed","ping_status":"closed","template":"","meta":{"_acf_changed":false,"site-sidebar-layout":"default","site-content-layout":"","ast-site-content-layout":"default","site-content-style":"default","site-sidebar-style":"default","ast-global-header-display":"","ast-banner-title-visibility":"","ast-main-header-display":"","ast-hfb-above-header-display":"","ast-hfb-below-header-display":"","ast-hfb-mobile-header-display":"","site-post-title":"","ast-breadcrumbs-content":"","ast-featured-img":"","footer-sml-layout":"","ast-disable-related-posts":"","theme-transparent-header-meta":"","adv-header-id-meta":"","stick-header-meta":"","header-above-stick-meta":"","header-main-stick-meta":"","header-below-stick-meta":"","astra-migrate-meta-layouts":"default","ast-page-background-enabled":"default","ast-page-background-meta":{"desktop":{"background-color":"","background-image":"","background-repeat":"repeat","background-position":"center center","background-size":"auto","background-attachment":"scroll","background-type":"","background-media":"","overlay-type":"","overlay-color":"","overlay-opacity":"","overlay-gradient":""},"tablet":{"background-color":"","background-image":"","background-repeat":"repeat","background-position":"center center","background-size":"auto","background-attachment":"scroll","background-type":"","background-media":"","overlay-type":"","overlay-color":"","overlay-opacity":"","overlay-gradient":""},"mobile":{"background-color":"","background-image":"","background-repeat":"repeat","background-position":"center center","background-size":"auto","background-attachment":"scroll","background-type":"","background-media":"","overlay-type":"","overlay-color":"","overlay-opacity":"","overlay-gradient":""}},"ast-content-background-meta":{"desktop":{"background-color":"var(--ast-global-color-4)","background-image":"","background-repeat":"repeat","background-position":"center center","background-size":"auto","background-attachment":"scroll","background-type":"","background-media":"","overlay-type":"","overlay-color":"","overlay-opacity":"","overlay-gradient":""},"tablet":{"background-color":"var(--ast-global-color-4)","background-image":"","background-repeat":"repeat","background-position":"center center","background-size":"auto","background-attachment":"scroll","background-type":"","background-media":"","overlay-type":"","overlay-color":"","overlay-opacity":"","overlay-gradient":""},"mobile":{"background-color":"var(--ast-global-color-4)","background-image":"","background-repeat":"repeat","background-position":"center center","background-size":"auto","background-attachment":"scroll","background-type":"","background-media":"","overlay-type":"","overlay-color":"","overlay-opacity":"","overlay-gradient":""}}},"product_brand":[],"product_cat":[9581],"product_tag":[3174,1647,3178,3177,3175,3176,1796,1652,3179],"class_list":{"0":"post-5160","1":"product","2":"type-product","3":"status-publish","4":"has-post-thumbnail","6":"product_cat-kriminaliniai-romanai","7":"product_tag-aleksandra-marinina","8":"product_tag-draugyste","9":"product_tag-garbe","10":"product_tag-giminyste","11":"product_tag-griztamoji-galia","12":"product_tag-istatymas","13":"product_tag-meile","14":"product_tag-savizudybe","15":"product_tag-statistika","16":"desktop-align-left","17":"tablet-align-left","18":"mobile-align-left","20":"first","21":"outofstock","22":"shipping-taxable","23":"purchasable","24":"product-type-simple"},"acf":[],"yoast_head":"<!-- This site is optimized with the Yoast SEO plugin v27.0 - https:\/\/yoast.com\/product\/yoast-seo-wordpress\/ -->\n<title>Gr\u012f\u017etamoji galia 2 knyga<\/title>\n<meta name=\"description\" content=\"Laikoma, kad \u012fstatymas atgaline data negalioja, jis neturi gr\u012f\u017etamosios galios. Taip, bet tik ne \u017emogi\u0161k\u0173j\u0173 santyki\u0173 \u012fstatymas. Argi galima \u012f grie\u017etus laiko r\u0117mus \u012fsprausti giminyst\u0117s jausmus, meil\u0119, draugyst\u0119, garb\u0119, tarnyst\u0117s pareig\u0105? Kaip galima nustatyti \u0161ioms s\u0105vokoms atskaitos ta\u0161k\u0105? Jos nepavald\u017eios laikui, jei kalbama apie \u017emones, iki galo atsidavusius savo reikalui.  Savi\u017eudyb\u0117 n\u0117ra nei\u0161vengiama beprotyb\u0117s \u017eym\u0117, bet... statistikos duomenimis, tre\u010ddalis savi\u017eudybi\u0173 vyksta ap\u0117mus sielos negalios priepuoliams, o du j\u0173 tre\u010ddalius lemia visi kiti atvejai \u2014 girtuokliavimas, materialiniai praradimai, sielvartas ir nuoskaudos, bausm\u0117s baim\u0117, nelaiminga meil\u0117.\" \/>\n<meta name=\"robots\" content=\"index, follow, max-snippet:-1, max-image-preview:large, max-video-preview:-1\" \/>\n<link rel=\"canonical\" href=\"https:\/\/skaitytaknyga.lt\/en\/produktas\/a-marinina-griztamoji-galia-2-knyga\/\" \/>\n<meta property=\"og:locale\" content=\"en_GB\" \/>\n<meta property=\"og:locale:alternate\" content=\"lt_LT\" \/>\n<meta property=\"og:type\" content=\"article\" \/>\n<meta property=\"og:title\" content=\"Gr\u012f\u017etamoji galia 2 knyga\" \/>\n<meta property=\"og:description\" content=\"Laikoma, kad \u012fstatymas atgaline data negalioja, jis neturi gr\u012f\u017etamosios galios. Taip, bet tik ne \u017emogi\u0161k\u0173j\u0173 santyki\u0173 \u012fstatymas. Argi galima \u012f grie\u017etus laiko r\u0117mus \u012fsprausti giminyst\u0117s jausmus, meil\u0119, draugyst\u0119, garb\u0119, tarnyst\u0117s pareig\u0105? Kaip galima nustatyti \u0161ioms s\u0105vokoms atskaitos ta\u0161k\u0105? Jos nepavald\u017eios laikui, jei kalbama apie \u017emones, iki galo atsidavusius savo reikalui.  Savi\u017eudyb\u0117 n\u0117ra nei\u0161vengiama beprotyb\u0117s \u017eym\u0117, bet... statistikos duomenimis, tre\u010ddalis savi\u017eudybi\u0173 vyksta ap\u0117mus sielos negalios priepuoliams, o du j\u0173 tre\u010ddalius lemia visi kiti atvejai \u2014 girtuokliavimas, materialiniai praradimai, sielvartas ir nuoskaudos, bausm\u0117s baim\u0117, nelaiminga meil\u0117.\" \/>\n<meta property=\"og:url\" content=\"https:\/\/skaitytaknyga.lt\/en\/produktas\/a-marinina-griztamoji-galia-2-knyga\/\" \/>\n<meta property=\"og:site_name\" content=\"Skaitytaknyga\" \/>\n<meta property=\"article:publisher\" content=\"https:\/\/www.facebook.com\/skaitytaknyga\/\" \/>\n<meta property=\"article:modified_time\" content=\"2026-03-05T14:00:55+00:00\" \/>\n<meta property=\"og:image\" content=\"https:\/\/skaitytaknyga.lt\/wp-content\/uploads\/2024\/05\/1502953813_griztamoji-galia_ii_1502890942.jpg\" \/>\n\t<meta property=\"og:image:width\" content=\"284\" \/>\n\t<meta property=\"og:image:height\" content=\"430\" \/>\n\t<meta property=\"og:image:type\" content=\"image\/jpeg\" \/>\n<meta name=\"twitter:card\" content=\"summary_large_image\" \/>\n<meta name=\"twitter:label1\" content=\"Estimated reading time\" \/>\n\t<meta name=\"twitter:data1\" content=\"1 minute\" \/>\n<script type=\"application\/ld+json\" class=\"yoast-schema-graph\">{\"@context\":\"https:\/\/schema.org\",\"@graph\":[{\"@type\":\"WebPage\",\"@id\":\"https:\/\/skaitytaknyga.lt\/produktas\/a-marinina-griztamoji-galia-2-knyga\/\",\"url\":\"https:\/\/skaitytaknyga.lt\/produktas\/a-marinina-griztamoji-galia-2-knyga\/\",\"name\":\"Gr\u012f\u017etamoji galia 2 knyga\",\"isPartOf\":{\"@id\":\"https:\/\/skaitytaknyga.lt\/#website\"},\"primaryImageOfPage\":{\"@id\":\"https:\/\/skaitytaknyga.lt\/produktas\/a-marinina-griztamoji-galia-2-knyga\/#primaryimage\"},\"image\":{\"@id\":\"https:\/\/skaitytaknyga.lt\/produktas\/a-marinina-griztamoji-galia-2-knyga\/#primaryimage\"},\"thumbnailUrl\":\"https:\/\/skaitytaknyga.lt\/wp-content\/uploads\/2024\/05\/1502953813_griztamoji-galia_ii_1502890942.jpg\",\"datePublished\":\"2024-04-17T14:02:42+00:00\",\"dateModified\":\"2026-03-05T14:00:55+00:00\",\"description\":\"Laikoma, kad \u012fstatymas atgaline data negalioja, jis neturi gr\u012f\u017etamosios galios. Taip, bet tik ne \u017emogi\u0161k\u0173j\u0173 santyki\u0173 \u012fstatymas. Argi galima \u012f grie\u017etus laiko r\u0117mus \u012fsprausti giminyst\u0117s jausmus, meil\u0119, draugyst\u0119, garb\u0119, tarnyst\u0117s pareig\u0105? Kaip galima nustatyti \u0161ioms s\u0105vokoms atskaitos ta\u0161k\u0105? Jos nepavald\u017eios laikui, jei kalbama apie \u017emones, iki galo atsidavusius savo reikalui. Savi\u017eudyb\u0117 n\u0117ra nei\u0161vengiama beprotyb\u0117s \u017eym\u0117, bet... statistikos duomenimis, tre\u010ddalis savi\u017eudybi\u0173 vyksta ap\u0117mus sielos negalios priepuoliams, o du j\u0173 tre\u010ddalius lemia visi kiti atvejai \u2014 girtuokliavimas, materialiniai praradimai, sielvartas ir nuoskaudos, bausm\u0117s baim\u0117, nelaiminga meil\u0117.\",\"breadcrumb\":{\"@id\":\"https:\/\/skaitytaknyga.lt\/produktas\/a-marinina-griztamoji-galia-2-knyga\/#breadcrumb\"},\"inLanguage\":\"en-GB\",\"potentialAction\":[{\"@type\":\"ReadAction\",\"target\":[\"https:\/\/skaitytaknyga.lt\/produktas\/a-marinina-griztamoji-galia-2-knyga\/\"]}]},{\"@type\":\"ImageObject\",\"inLanguage\":\"en-GB\",\"@id\":\"https:\/\/skaitytaknyga.lt\/produktas\/a-marinina-griztamoji-galia-2-knyga\/#primaryimage\",\"url\":\"https:\/\/skaitytaknyga.lt\/wp-content\/uploads\/2024\/05\/1502953813_griztamoji-galia_ii_1502890942.jpg\",\"contentUrl\":\"https:\/\/skaitytaknyga.lt\/wp-content\/uploads\/2024\/05\/1502953813_griztamoji-galia_ii_1502890942.jpg\",\"width\":284,\"height\":430},{\"@type\":\"BreadcrumbList\",\"@id\":\"https:\/\/skaitytaknyga.lt\/produktas\/a-marinina-griztamoji-galia-2-knyga\/#breadcrumb\",\"itemListElement\":[{\"@type\":\"ListItem\",\"position\":1,\"name\":\"Home\",\"item\":\"https:\/\/skaitytaknyga.lt\/\"},{\"@type\":\"ListItem\",\"position\":2,\"name\":\"Parduotuv\u0117\",\"item\":\"https:\/\/skaitytaknyga.lt\/knygu-parduotuve\/\"},{\"@type\":\"ListItem\",\"position\":3,\"name\":\"Gr\u012f\u017etamoji galia 2 knyga\"}]},{\"@type\":\"WebSite\",\"@id\":\"https:\/\/skaitytaknyga.lt\/#website\",\"url\":\"https:\/\/skaitytaknyga.lt\/\",\"name\":\"skaitytaknyga.lt\",\"description\":\"Skaitytaknyga.lt \u2013 tai ma\u017eas \u0161eimos verslas, kuris prasid\u0117jo nuo meil\u0117s knygoms ir siekio i\u0161gelb\u0117ti knygas nuo likimo prie konteinerio. Kas vienam nereikalingas daiktas \u2013 kitam lobis, o mes esame tarpininkai, kurie padeda abiems tapti laimingesniems ???? \u017dinome kaip nelengva i\u0161gyventi ma\u017eiems verslams, tad nuo \u0161iol, \u010dia rasite ir kit\u0173, ma\u017e\u0173 \u0161eim\u0173 versl\u0173, rank\u0173 darbo, dovan\u0173 sau ir artimiesiems.\",\"publisher\":{\"@id\":\"https:\/\/skaitytaknyga.lt\/#organization\"},\"potentialAction\":[{\"@type\":\"SearchAction\",\"target\":{\"@type\":\"EntryPoint\",\"urlTemplate\":\"https:\/\/skaitytaknyga.lt\/?s={search_term_string}\"},\"query-input\":{\"@type\":\"PropertyValueSpecification\",\"valueRequired\":true,\"valueName\":\"search_term_string\"}}],\"inLanguage\":\"en-GB\"},{\"@type\":\"Organization\",\"@id\":\"https:\/\/skaitytaknyga.lt\/#organization\",\"name\":\"skaitytaknyga.lt\",\"url\":\"https:\/\/skaitytaknyga.lt\/\",\"logo\":{\"@type\":\"ImageObject\",\"inLanguage\":\"en-GB\",\"@id\":\"https:\/\/skaitytaknyga.lt\/#\/schema\/logo\/image\/\",\"url\":\"https:\/\/skaitytaknyga.lt\/wp-content\/uploads\/2024\/05\/cropped-cropped-cropped-02_00843_jt3bggkj1j3HLc7SyY6rEUpg.jpeg\",\"contentUrl\":\"https:\/\/skaitytaknyga.lt\/wp-content\/uploads\/2024\/05\/cropped-cropped-cropped-02_00843_jt3bggkj1j3HLc7SyY6rEUpg.jpeg\",\"width\":1600,\"height\":1600,\"caption\":\"skaitytaknyga.lt\"},\"image\":{\"@id\":\"https:\/\/skaitytaknyga.lt\/#\/schema\/logo\/image\/\"},\"sameAs\":[\"https:\/\/www.facebook.com\/skaitytaknyga\/\"]}]}<\/script>\n<!-- \/ Yoast SEO plugin. -->","yoast_head_json":{"title":"Gr\u012f\u017etamoji galia 2 knyga","description":"Laikoma, kad \u012fstatymas atgaline data negalioja, jis neturi gr\u012f\u017etamosios galios. Taip, bet tik ne \u017emogi\u0161k\u0173j\u0173 santyki\u0173 \u012fstatymas. Argi galima \u012f grie\u017etus laiko r\u0117mus \u012fsprausti giminyst\u0117s jausmus, meil\u0119, draugyst\u0119, garb\u0119, tarnyst\u0117s pareig\u0105? Kaip galima nustatyti \u0161ioms s\u0105vokoms atskaitos ta\u0161k\u0105? Jos nepavald\u017eios laikui, jei kalbama apie \u017emones, iki galo atsidavusius savo reikalui.  Savi\u017eudyb\u0117 n\u0117ra nei\u0161vengiama beprotyb\u0117s \u017eym\u0117, bet... statistikos duomenimis, tre\u010ddalis savi\u017eudybi\u0173 vyksta ap\u0117mus sielos negalios priepuoliams, o du j\u0173 tre\u010ddalius lemia visi kiti atvejai \u2014 girtuokliavimas, materialiniai praradimai, sielvartas ir nuoskaudos, bausm\u0117s baim\u0117, nelaiminga meil\u0117.","robots":{"index":"index","follow":"follow","max-snippet":"max-snippet:-1","max-image-preview":"max-image-preview:large","max-video-preview":"max-video-preview:-1"},"canonical":"https:\/\/skaitytaknyga.lt\/en\/produktas\/a-marinina-griztamoji-galia-2-knyga\/","og_locale":"en_GB","og_type":"article","og_title":"[:lt]Gr\u012f\u017etamoji galia 2 knyga[:] - Skaitytaknyga","og_description":"Laikoma, kad \u012fstatymas atgaline data negalioja, jis neturi gr\u012f\u017etamosios galios. Taip, bet tik ne \u017emogi\u0161k\u0173j\u0173 santyki\u0173 \u012fstatymas. Argi galima \u012f grie\u017etus laiko r\u0117mus \u012fsprausti giminyst\u0117s jausmus, meil\u0119, draugyst\u0119, garb\u0119, tarnyst\u0117s pareig\u0105? Kaip galima nustatyti \u0161ioms s\u0105vokoms atskaitos ta\u0161k\u0105? Jos nepavald\u017eios laikui, jei kalbama apie \u017emones, iki galo atsidavusius savo reikalui.  Savi\u017eudyb\u0117 n\u0117ra nei\u0161vengiama beprotyb\u0117s \u017eym\u0117, bet... statistikos duomenimis, tre\u010ddalis savi\u017eudybi\u0173 vyksta ap\u0117mus sielos negalios priepuoliams, o du j\u0173 tre\u010ddalius lemia visi kiti atvejai \u2014 girtuokliavimas, materialiniai praradimai, sielvartas ir nuoskaudos, bausm\u0117s baim\u0117, nelaiminga meil\u0117.","og_url":"https:\/\/skaitytaknyga.lt\/en\/produktas\/a-marinina-griztamoji-galia-2-knyga\/","og_site_name":"Skaitytaknyga","article_publisher":"https:\/\/www.facebook.com\/skaitytaknyga\/","article_modified_time":"2026-03-05T14:00:55+00:00","og_image":[{"width":284,"height":430,"url":"https:\/\/skaitytaknyga.lt\/wp-content\/uploads\/2024\/05\/1502953813_griztamoji-galia_ii_1502890942.jpg","type":"image\/jpeg"}],"twitter_card":"summary_large_image","twitter_misc":{"Estimated reading time":"1 minute"},"schema":{"@context":"https:\/\/schema.org","@graph":[{"@type":"WebPage","@id":"https:\/\/skaitytaknyga.lt\/produktas\/a-marinina-griztamoji-galia-2-knyga\/","url":"https:\/\/skaitytaknyga.lt\/produktas\/a-marinina-griztamoji-galia-2-knyga\/","name":"Gr\u012f\u017etamoji galia 2 knyga","isPartOf":{"@id":"https:\/\/skaitytaknyga.lt\/#website"},"primaryImageOfPage":{"@id":"https:\/\/skaitytaknyga.lt\/produktas\/a-marinina-griztamoji-galia-2-knyga\/#primaryimage"},"image":{"@id":"https:\/\/skaitytaknyga.lt\/produktas\/a-marinina-griztamoji-galia-2-knyga\/#primaryimage"},"thumbnailUrl":"https:\/\/skaitytaknyga.lt\/wp-content\/uploads\/2024\/05\/1502953813_griztamoji-galia_ii_1502890942.jpg","datePublished":"2024-04-17T14:02:42+00:00","dateModified":"2026-03-05T14:00:55+00:00","description":"Laikoma, kad \u012fstatymas atgaline data negalioja, jis neturi gr\u012f\u017etamosios galios. Taip, bet tik ne \u017emogi\u0161k\u0173j\u0173 santyki\u0173 \u012fstatymas. Argi galima \u012f grie\u017etus laiko r\u0117mus \u012fsprausti giminyst\u0117s jausmus, meil\u0119, draugyst\u0119, garb\u0119, tarnyst\u0117s pareig\u0105? Kaip galima nustatyti \u0161ioms s\u0105vokoms atskaitos ta\u0161k\u0105? Jos nepavald\u017eios laikui, jei kalbama apie \u017emones, iki galo atsidavusius savo reikalui. Savi\u017eudyb\u0117 n\u0117ra nei\u0161vengiama beprotyb\u0117s \u017eym\u0117, bet... statistikos duomenimis, tre\u010ddalis savi\u017eudybi\u0173 vyksta ap\u0117mus sielos negalios priepuoliams, o du j\u0173 tre\u010ddalius lemia visi kiti atvejai \u2014 girtuokliavimas, materialiniai praradimai, sielvartas ir nuoskaudos, bausm\u0117s baim\u0117, nelaiminga meil\u0117.","breadcrumb":{"@id":"https:\/\/skaitytaknyga.lt\/produktas\/a-marinina-griztamoji-galia-2-knyga\/#breadcrumb"},"inLanguage":"en-GB","potentialAction":[{"@type":"ReadAction","target":["https:\/\/skaitytaknyga.lt\/produktas\/a-marinina-griztamoji-galia-2-knyga\/"]}]},{"@type":"ImageObject","inLanguage":"en-GB","@id":"https:\/\/skaitytaknyga.lt\/produktas\/a-marinina-griztamoji-galia-2-knyga\/#primaryimage","url":"https:\/\/skaitytaknyga.lt\/wp-content\/uploads\/2024\/05\/1502953813_griztamoji-galia_ii_1502890942.jpg","contentUrl":"https:\/\/skaitytaknyga.lt\/wp-content\/uploads\/2024\/05\/1502953813_griztamoji-galia_ii_1502890942.jpg","width":284,"height":430},{"@type":"BreadcrumbList","@id":"https:\/\/skaitytaknyga.lt\/produktas\/a-marinina-griztamoji-galia-2-knyga\/#breadcrumb","itemListElement":[{"@type":"ListItem","position":1,"name":"Home","item":"https:\/\/skaitytaknyga.lt\/"},{"@type":"ListItem","position":2,"name":"Parduotuv\u0117","item":"https:\/\/skaitytaknyga.lt\/knygu-parduotuve\/"},{"@type":"ListItem","position":3,"name":"Gr\u012f\u017etamoji galia 2 knyga"}]},{"@type":"WebSite","@id":"https:\/\/skaitytaknyga.lt\/#website","url":"https:\/\/skaitytaknyga.lt\/","name":"skaitytaknyga.lt","description":"Skaitytaknyga.lt \u2013 tai ma\u017eas \u0161eimos verslas, kuris prasid\u0117jo nuo meil\u0117s knygoms ir siekio i\u0161gelb\u0117ti knygas nuo likimo prie konteinerio. Kas vienam nereikalingas daiktas \u2013 kitam lobis, o mes esame tarpininkai, kurie padeda abiems tapti laimingesniems ???? \u017dinome kaip nelengva i\u0161gyventi ma\u017eiems verslams, tad nuo \u0161iol, \u010dia rasite ir kit\u0173, ma\u017e\u0173 \u0161eim\u0173 versl\u0173, rank\u0173 darbo, dovan\u0173 sau ir artimiesiems.","publisher":{"@id":"https:\/\/skaitytaknyga.lt\/#organization"},"potentialAction":[{"@type":"SearchAction","target":{"@type":"EntryPoint","urlTemplate":"https:\/\/skaitytaknyga.lt\/?s={search_term_string}"},"query-input":{"@type":"PropertyValueSpecification","valueRequired":true,"valueName":"search_term_string"}}],"inLanguage":"en-GB"},{"@type":"Organization","@id":"https:\/\/skaitytaknyga.lt\/#organization","name":"skaitytaknyga.lt","url":"https:\/\/skaitytaknyga.lt\/","logo":{"@type":"ImageObject","inLanguage":"en-GB","@id":"https:\/\/skaitytaknyga.lt\/#\/schema\/logo\/image\/","url":"https:\/\/skaitytaknyga.lt\/wp-content\/uploads\/2024\/05\/cropped-cropped-cropped-02_00843_jt3bggkj1j3HLc7SyY6rEUpg.jpeg","contentUrl":"https:\/\/skaitytaknyga.lt\/wp-content\/uploads\/2024\/05\/cropped-cropped-cropped-02_00843_jt3bggkj1j3HLc7SyY6rEUpg.jpeg","width":1600,"height":1600,"caption":"skaitytaknyga.lt"},"image":{"@id":"https:\/\/skaitytaknyga.lt\/#\/schema\/logo\/image\/"},"sameAs":["https:\/\/www.facebook.com\/skaitytaknyga\/"]}]}},"_links":{"self":[{"href":"https:\/\/skaitytaknyga.lt\/en\/wp-json\/wp\/v2\/product\/5160","targetHints":{"allow":["GET"]}}],"collection":[{"href":"https:\/\/skaitytaknyga.lt\/en\/wp-json\/wp\/v2\/product"}],"about":[{"href":"https:\/\/skaitytaknyga.lt\/en\/wp-json\/wp\/v2\/types\/product"}],"replies":[{"embeddable":true,"href":"https:\/\/skaitytaknyga.lt\/en\/wp-json\/wp\/v2\/comments?post=5160"}],"wp:featuredmedia":[{"embeddable":true,"href":"https:\/\/skaitytaknyga.lt\/en\/wp-json\/wp\/v2\/media\/5468"}],"wp:attachment":[{"href":"https:\/\/skaitytaknyga.lt\/en\/wp-json\/wp\/v2\/media?parent=5160"}],"wp:term":[{"taxonomy":"product_brand","embeddable":true,"href":"https:\/\/skaitytaknyga.lt\/en\/wp-json\/wp\/v2\/product_brand?post=5160"},{"taxonomy":"product_cat","embeddable":true,"href":"https:\/\/skaitytaknyga.lt\/en\/wp-json\/wp\/v2\/product_cat?post=5160"},{"taxonomy":"product_tag","embeddable":true,"href":"https:\/\/skaitytaknyga.lt\/en\/wp-json\/wp\/v2\/product_tag?post=5160"}],"curies":[{"name":"wp","href":"https:\/\/api.w.org\/{rel}","templated":true}]}}