{"id":5154,"date":"2024-04-17T14:02:41","date_gmt":"2024-04-17T14:02:41","guid":{"rendered":"https:\/\/skaitytaknyga.lt\/?post_type=product&#038;p=5154"},"modified":"2024-05-03T07:29:05","modified_gmt":"2024-05-03T07:29:05","slug":"zara-stoneley-vestuviu-svecias","status":"publish","type":"product","link":"https:\/\/skaitytaknyga.lt\/en\/produktas\/zara-stoneley-vestuviu-svecias\/","title":{"rendered":"Zara Stoneley \u201eVestuvi\u0173 sve\u010dias\u201c"},"content":{"rendered":"<p>Zara Stoneley para\u0161\u0117 romantin\u0119 komedij\u0105, kuri \u012ftraukia ir \u017eavi nat\u016bralumu, tikrovi\u0161kumu ir pritrenkian\u010diu humoru.\u00a0<b>\u201eVestuvi\u0173 sve\u010dias\u201c<\/b>\u00a0pasakoja apie tai, kaip paprastas nekaltas melas gali pakeisti net kelet\u0105 gyvenim\u0173.<\/p>\n<p>Kai Samanta D\u017eenkisn pakvie\u010diama \u012f geriausios draug\u0117s vestuves vyriausi\u0105ja pamerge, d\u017eiaugsmui n\u0117ra rib\u0173. Samantai tai svajon\u0117s i\u0161sipildymas ir nuostabus draugyst\u0117s \u012fprasminimas. Ta\u010diau ne viskas taip paprasta. Pasirodo, vyriausiuoju pabroliu pakviestas buv\u0119s Samantos vaikinas, kuris jau turi nauj\u0105 draug\u0119. Ir tarsi viso to dar b\u016bt\u0173 ma\u017ea, jo naujoji draug\u0117 laukiasi!<\/p>\n<p>\u017dinoma, Samanta visiems sak\u0117, kad ji taip pat turi nauj\u0105 vaikin\u0105, ta\u010diau tai&#8230; netiesa. Nelieka nieko kita, tik gelb\u0117tis i\u0161 \u0161ios keblios situacijos vieninteliu \u012fmanomu b\u016bdu \u2013 pasisamdyti profesional\u0173 aktori\u0173.<\/p>\n<p>Samantos vaikino darb\u0105 atlikti teks gra\u017euoliui aktoriui D\u017eeikui Porteriui. Savo vaidmen\u012f jis atlieka tiesiog tobulai ir niekas net neabejoja, kad D\u017eeikas iki aus\u0173 \u012fsimyl\u0117j\u0119s Samant\u0105. Problema i\u0161kyla tik tuomet, kai Samanta staiga suvokia, kad ji n\u0117ra tikra, jog D\u017eeikas vaidina\u2026<\/p>\n<p>Su kiekvienu knygos \u201eVestuvi\u0173 sve\u010dias\u201c puslapiu vestuvi\u0173 savait\u0117 \u0160kotijoje tampa vis \u012fdomesn\u0117.<\/p>\n","protected":false},"excerpt":{"rendered":"<p>Zara Stoneley para\u0161\u0117 romantin\u0119 komedij\u0105, kuri \u012ftraukia ir \u017eavi nat\u016bralumu, tikrovi\u0161kumu ir pritrenkian\u010diu humoru.\u00a0<b>\u201eVestuvi\u0173 sve\u010dias\u201c<\/b>\u00a0pasakoja apie tai, kaip paprastas nekaltas melas gali pakeisti net kelet\u0105 gyvenim\u0173.<\/p>\n<p>Kai Samanta D\u017eenkisn pakvie\u010diama \u012f geriausios draug\u0117s vestuves vyriausi\u0105ja pamerge, d\u017eiaugsmui n\u0117ra rib\u0173. Samantai tai svajon\u0117s i\u0161sipildymas ir nuostabus draugyst\u0117s \u012fprasminimas. Ta\u010diau ne viskas taip paprasta. Pasirodo, vyriausiuoju pabroliu pakviestas buv\u0119s Samantos vaikinas, kuris jau turi nauj\u0105 draug\u0119. Ir tarsi viso to dar b\u016bt\u0173 ma\u017ea, jo naujoji draug\u0117 laukiasi!<\/p>\n<p>\u017dinoma, Samanta visiems sak\u0117, kad ji taip pat turi nauj\u0105 vaikin\u0105, ta\u010diau tai&#8230; netiesa. Nelieka nieko kita, tik gelb\u0117tis i\u0161 \u0161ios keblios situacijos vieninteliu \u012fmanomu b\u016bdu \u2013 pasisamdyti profesional\u0173 aktori\u0173.<\/p>\n<p>Samantos vaikino darb\u0105 atlikti teks gra\u017euoliui aktoriui D\u017eeikui Porteriui. Savo vaidmen\u012f jis atlieka tiesiog tobulai ir niekas net neabejoja, kad D\u017eeikas iki aus\u0173 \u012fsimyl\u0117j\u0119s Samant\u0105. Problema i\u0161kyla tik tuomet, kai Samanta staiga suvokia, kad ji n\u0117ra tikra, jog D\u017eeikas vaidina\u2026<\/p>\n<p>Su kiekvienu knygos \u201eVestuvi\u0173 sve\u010dias\u201c puslapiu vestuvi\u0173 savait\u0117 \u0160kotijoje tampa vis \u012fdomesn\u0117.<\/p>\n","protected":false},"featured_media":5197,"comment_status":"closed","ping_status":"closed","template":"","meta":{"_acf_changed":false,"site-sidebar-layout":"default","site-content-layout":"","ast-site-content-layout":"default","site-content-style":"default","site-sidebar-style":"default","ast-global-header-display":"","ast-banner-title-visibility":"","ast-main-header-display":"","ast-hfb-above-header-display":"","ast-hfb-below-header-display":"","ast-hfb-mobile-header-display":"","site-post-title":"","ast-breadcrumbs-content":"","ast-featured-img":"","footer-sml-layout":"","ast-disable-related-posts":"","theme-transparent-header-meta":"","adv-header-id-meta":"","stick-header-meta":"","header-above-stick-meta":"","header-main-stick-meta":"","header-below-stick-meta":"","astra-migrate-meta-layouts":"default","ast-page-background-enabled":"default","ast-page-background-meta":{"desktop":{"background-color":"","background-image":"","background-repeat":"repeat","background-position":"center center","background-size":"auto","background-attachment":"scroll","background-type":"","background-media":"","overlay-type":"","overlay-color":"","overlay-opacity":"","overlay-gradient":""},"tablet":{"background-color":"","background-image":"","background-repeat":"repeat","background-position":"center center","background-size":"auto","background-attachment":"scroll","background-type":"","background-media":"","overlay-type":"","overlay-color":"","overlay-opacity":"","overlay-gradient":""},"mobile":{"background-color":"","background-image":"","background-repeat":"repeat","background-position":"center center","background-size":"auto","background-attachment":"scroll","background-type":"","background-media":"","overlay-type":"","overlay-color":"","overlay-opacity":"","overlay-gradient":""}},"ast-content-background-meta":{"desktop":{"background-color":"var(--ast-global-color-4)","background-image":"","background-repeat":"repeat","background-position":"center center","background-size":"auto","background-attachment":"scroll","background-type":"","background-media":"","overlay-type":"","overlay-color":"","overlay-opacity":"","overlay-gradient":""},"tablet":{"background-color":"var(--ast-global-color-4)","background-image":"","background-repeat":"repeat","background-position":"center center","background-size":"auto","background-attachment":"scroll","background-type":"","background-media":"","overlay-type":"","overlay-color":"","overlay-opacity":"","overlay-gradient":""},"mobile":{"background-color":"var(--ast-global-color-4)","background-image":"","background-repeat":"repeat","background-position":"center center","background-size":"auto","background-attachment":"scroll","background-type":"","background-media":"","overlay-type":"","overlay-color":"","overlay-opacity":"","overlay-gradient":""}}},"product_brand":[],"product_cat":[31],"product_tag":[],"class_list":{"0":"post-5154","1":"product","2":"type-product","3":"status-publish","4":"has-post-thumbnail","6":"product_cat-grozine-literatura","7":"desktop-align-left","8":"tablet-align-left","9":"mobile-align-left","11":"first","12":"instock","13":"shipping-taxable","14":"purchasable","15":"product-type-simple"},"acf":[],"yoast_head":"<!-- This site is optimized with the Yoast SEO plugin v27.0 - https:\/\/yoast.com\/product\/yoast-seo-wordpress\/ -->\n<title>Zara Stoneley \u201eVestuvi\u0173 sve\u010dias\u201c - Skaitytaknyga<\/title>\n<meta name=\"description\" content=\"Zara Stoneley para\u0161\u0117 romantin\u0119 komedij\u0105, kuri \u012ftraukia ir \u017eavi nat\u016bralumu, tikrovi\u0161kumu ir pritrenkian\u010diu humoru.\u00a0\u201eVestuvi\u0173 sve\u010dias\u201c\u00a0pasakoja apie tai, kaip paprastas nekaltas melas gali pakeisti net kelet\u0105 gyvenim\u0173.  Kai Samanta D\u017eenkisn pakvie\u010diama \u012f geriausios draug\u0117s vestuves vyriausi\u0105ja pamerge, d\u017eiaugsmui n\u0117ra rib\u0173. Samantai tai svajon\u0117s i\u0161sipildymas ir nuostabus draugyst\u0117s \u012fprasminimas. Ta\u010diau ne viskas taip paprasta. Pasirodo, vyriausiuoju pabroliu pakviestas buv\u0119s Samantos vaikinas, kuris jau turi nauj\u0105 draug\u0119. Ir tarsi viso to dar b\u016bt\u0173 ma\u017ea, jo naujoji draug\u0117 laukiasi!  \u017dinoma, Samanta visiems sak\u0117, kad ji taip pat turi nauj\u0105 vaikin\u0105, ta\u010diau tai... netiesa. Nelieka nieko kita, tik gelb\u0117tis i\u0161 \u0161ios keblios situacijos vieninteliu \u012fmanomu b\u016bdu \u2013 pasisamdyti profesional\u0173 aktori\u0173.  Samantos vaikino darb\u0105 atlikti teks gra\u017euoliui aktoriui D\u017eeikui Porteriui. Savo vaidmen\u012f jis atlieka tiesiog tobulai ir niekas net neabejoja, kad D\u017eeikas iki aus\u0173 \u012fsimyl\u0117j\u0119s Samant\u0105. Problema i\u0161kyla tik tuomet, kai Samanta staiga suvokia, kad ji n\u0117ra tikra, jog D\u017eeikas vaidina\u2026  Su kiekvienu knygos \u201eVestuvi\u0173 sve\u010dias\u201c puslapiu vestuvi\u0173 savait\u0117 \u0160kotijoje tampa vis \u012fdomesn\u0117.\" \/>\n<meta name=\"robots\" content=\"index, follow, max-snippet:-1, max-image-preview:large, max-video-preview:-1\" \/>\n<link rel=\"canonical\" href=\"https:\/\/skaitytaknyga.lt\/en\/produktas\/zara-stoneley-vestuviu-svecias\/\" \/>\n<meta property=\"og:locale\" content=\"en_GB\" \/>\n<meta property=\"og:locale:alternate\" content=\"lt_LT\" \/>\n<meta property=\"og:type\" content=\"article\" \/>\n<meta property=\"og:title\" content=\"Zara Stoneley \u201eVestuvi\u0173 sve\u010dias\u201c - Skaitytaknyga\" \/>\n<meta property=\"og:description\" content=\"Zara Stoneley para\u0161\u0117 romantin\u0119 komedij\u0105, kuri \u012ftraukia ir \u017eavi nat\u016bralumu, tikrovi\u0161kumu ir pritrenkian\u010diu humoru.\u00a0\u201eVestuvi\u0173 sve\u010dias\u201c\u00a0pasakoja apie tai, kaip paprastas nekaltas melas gali pakeisti net kelet\u0105 gyvenim\u0173.  Kai Samanta D\u017eenkisn pakvie\u010diama \u012f geriausios draug\u0117s vestuves vyriausi\u0105ja pamerge, d\u017eiaugsmui n\u0117ra rib\u0173. Samantai tai svajon\u0117s i\u0161sipildymas ir nuostabus draugyst\u0117s \u012fprasminimas. Ta\u010diau ne viskas taip paprasta. Pasirodo, vyriausiuoju pabroliu pakviestas buv\u0119s Samantos vaikinas, kuris jau turi nauj\u0105 draug\u0119. Ir tarsi viso to dar b\u016bt\u0173 ma\u017ea, jo naujoji draug\u0117 laukiasi!  \u017dinoma, Samanta visiems sak\u0117, kad ji taip pat turi nauj\u0105 vaikin\u0105, ta\u010diau tai... netiesa. Nelieka nieko kita, tik gelb\u0117tis i\u0161 \u0161ios keblios situacijos vieninteliu \u012fmanomu b\u016bdu \u2013 pasisamdyti profesional\u0173 aktori\u0173.  Samantos vaikino darb\u0105 atlikti teks gra\u017euoliui aktoriui D\u017eeikui Porteriui. Savo vaidmen\u012f jis atlieka tiesiog tobulai ir niekas net neabejoja, kad D\u017eeikas iki aus\u0173 \u012fsimyl\u0117j\u0119s Samant\u0105. Problema i\u0161kyla tik tuomet, kai Samanta staiga suvokia, kad ji n\u0117ra tikra, jog D\u017eeikas vaidina\u2026  Su kiekvienu knygos \u201eVestuvi\u0173 sve\u010dias\u201c puslapiu vestuvi\u0173 savait\u0117 \u0160kotijoje tampa vis \u012fdomesn\u0117.\" \/>\n<meta property=\"og:url\" content=\"https:\/\/skaitytaknyga.lt\/en\/produktas\/zara-stoneley-vestuviu-svecias\/\" \/>\n<meta property=\"og:site_name\" content=\"Skaitytaknyga\" \/>\n<meta property=\"article:publisher\" content=\"https:\/\/www.facebook.com\/skaitytaknyga\/\" \/>\n<meta property=\"article:modified_time\" content=\"2024-05-03T07:29:05+00:00\" \/>\n<meta property=\"og:image\" content=\"https:\/\/skaitytaknyga.lt\/wp-content\/uploads\/2024\/04\/vestuviu_svecias.jpg\" \/>\n\t<meta property=\"og:image:width\" content=\"1024\" \/>\n\t<meta property=\"og:image:height\" content=\"1024\" \/>\n\t<meta property=\"og:image:type\" content=\"image\/jpeg\" \/>\n<meta name=\"twitter:card\" content=\"summary_large_image\" \/>\n<meta name=\"twitter:label1\" content=\"Estimated reading time\" \/>\n\t<meta name=\"twitter:data1\" content=\"1 minute\" \/>\n<script type=\"application\/ld+json\" class=\"yoast-schema-graph\">{\"@context\":\"https:\/\/schema.org\",\"@graph\":[{\"@type\":\"WebPage\",\"@id\":\"https:\/\/skaitytaknyga.lt\/produktas\/zara-stoneley-vestuviu-svecias\/\",\"url\":\"https:\/\/skaitytaknyga.lt\/produktas\/zara-stoneley-vestuviu-svecias\/\",\"name\":\"Zara Stoneley \u201eVestuvi\u0173 sve\u010dias\u201c - Skaitytaknyga\",\"isPartOf\":{\"@id\":\"https:\/\/skaitytaknyga.lt\/#website\"},\"primaryImageOfPage\":{\"@id\":\"https:\/\/skaitytaknyga.lt\/produktas\/zara-stoneley-vestuviu-svecias\/#primaryimage\"},\"image\":{\"@id\":\"https:\/\/skaitytaknyga.lt\/produktas\/zara-stoneley-vestuviu-svecias\/#primaryimage\"},\"thumbnailUrl\":\"https:\/\/skaitytaknyga.lt\/wp-content\/uploads\/2024\/04\/vestuviu_svecias.jpg\",\"datePublished\":\"2024-04-17T14:02:41+00:00\",\"dateModified\":\"2024-05-03T07:29:05+00:00\",\"description\":\"Zara Stoneley para\u0161\u0117 romantin\u0119 komedij\u0105, kuri \u012ftraukia ir \u017eavi nat\u016bralumu, tikrovi\u0161kumu ir pritrenkian\u010diu humoru.\u00a0\u201eVestuvi\u0173 sve\u010dias\u201c\u00a0pasakoja apie tai, kaip paprastas nekaltas melas gali pakeisti net kelet\u0105 gyvenim\u0173. Kai Samanta D\u017eenkisn pakvie\u010diama \u012f geriausios draug\u0117s vestuves vyriausi\u0105ja pamerge, d\u017eiaugsmui n\u0117ra rib\u0173. Samantai tai svajon\u0117s i\u0161sipildymas ir nuostabus draugyst\u0117s \u012fprasminimas. Ta\u010diau ne viskas taip paprasta. Pasirodo, vyriausiuoju pabroliu pakviestas buv\u0119s Samantos vaikinas, kuris jau turi nauj\u0105 draug\u0119. Ir tarsi viso to dar b\u016bt\u0173 ma\u017ea, jo naujoji draug\u0117 laukiasi! \u017dinoma, Samanta visiems sak\u0117, kad ji taip pat turi nauj\u0105 vaikin\u0105, ta\u010diau tai... netiesa. Nelieka nieko kita, tik gelb\u0117tis i\u0161 \u0161ios keblios situacijos vieninteliu \u012fmanomu b\u016bdu \u2013 pasisamdyti profesional\u0173 aktori\u0173. Samantos vaikino darb\u0105 atlikti teks gra\u017euoliui aktoriui D\u017eeikui Porteriui. Savo vaidmen\u012f jis atlieka tiesiog tobulai ir niekas net neabejoja, kad D\u017eeikas iki aus\u0173 \u012fsimyl\u0117j\u0119s Samant\u0105. Problema i\u0161kyla tik tuomet, kai Samanta staiga suvokia, kad ji n\u0117ra tikra, jog D\u017eeikas vaidina\u2026 Su kiekvienu knygos \u201eVestuvi\u0173 sve\u010dias\u201c puslapiu vestuvi\u0173 savait\u0117 \u0160kotijoje tampa vis \u012fdomesn\u0117.\",\"breadcrumb\":{\"@id\":\"https:\/\/skaitytaknyga.lt\/produktas\/zara-stoneley-vestuviu-svecias\/#breadcrumb\"},\"inLanguage\":\"en-GB\",\"potentialAction\":[{\"@type\":\"ReadAction\",\"target\":[\"https:\/\/skaitytaknyga.lt\/produktas\/zara-stoneley-vestuviu-svecias\/\"]}]},{\"@type\":\"ImageObject\",\"inLanguage\":\"en-GB\",\"@id\":\"https:\/\/skaitytaknyga.lt\/produktas\/zara-stoneley-vestuviu-svecias\/#primaryimage\",\"url\":\"https:\/\/skaitytaknyga.lt\/wp-content\/uploads\/2024\/04\/vestuviu_svecias.jpg\",\"contentUrl\":\"https:\/\/skaitytaknyga.lt\/wp-content\/uploads\/2024\/04\/vestuviu_svecias.jpg\",\"width\":1024,\"height\":1024},{\"@type\":\"BreadcrumbList\",\"@id\":\"https:\/\/skaitytaknyga.lt\/produktas\/zara-stoneley-vestuviu-svecias\/#breadcrumb\",\"itemListElement\":[{\"@type\":\"ListItem\",\"position\":1,\"name\":\"Home\",\"item\":\"https:\/\/skaitytaknyga.lt\/\"},{\"@type\":\"ListItem\",\"position\":2,\"name\":\"Parduotuv\u0117\",\"item\":\"https:\/\/skaitytaknyga.lt\/knygu-parduotuve\/\"},{\"@type\":\"ListItem\",\"position\":3,\"name\":\"Zara Stoneley \u201eVestuvi\u0173 sve\u010dias\u201c\"}]},{\"@type\":\"WebSite\",\"@id\":\"https:\/\/skaitytaknyga.lt\/#website\",\"url\":\"https:\/\/skaitytaknyga.lt\/\",\"name\":\"skaitytaknyga.lt\",\"description\":\"Skaitytaknyga.lt \u2013 tai ma\u017eas \u0161eimos verslas, kuris prasid\u0117jo nuo meil\u0117s knygoms ir siekio i\u0161gelb\u0117ti knygas nuo likimo prie konteinerio. Kas vienam nereikalingas daiktas \u2013 kitam lobis, o mes esame tarpininkai, kurie padeda abiems tapti laimingesniems ???? \u017dinome kaip nelengva i\u0161gyventi ma\u017eiems verslams, tad nuo \u0161iol, \u010dia rasite ir kit\u0173, ma\u017e\u0173 \u0161eim\u0173 versl\u0173, rank\u0173 darbo, dovan\u0173 sau ir artimiesiems.\",\"publisher\":{\"@id\":\"https:\/\/skaitytaknyga.lt\/#organization\"},\"potentialAction\":[{\"@type\":\"SearchAction\",\"target\":{\"@type\":\"EntryPoint\",\"urlTemplate\":\"https:\/\/skaitytaknyga.lt\/?s={search_term_string}\"},\"query-input\":{\"@type\":\"PropertyValueSpecification\",\"valueRequired\":true,\"valueName\":\"search_term_string\"}}],\"inLanguage\":\"en-GB\"},{\"@type\":\"Organization\",\"@id\":\"https:\/\/skaitytaknyga.lt\/#organization\",\"name\":\"skaitytaknyga.lt\",\"url\":\"https:\/\/skaitytaknyga.lt\/\",\"logo\":{\"@type\":\"ImageObject\",\"inLanguage\":\"en-GB\",\"@id\":\"https:\/\/skaitytaknyga.lt\/#\/schema\/logo\/image\/\",\"url\":\"https:\/\/skaitytaknyga.lt\/wp-content\/uploads\/2024\/05\/cropped-cropped-cropped-02_00843_jt3bggkj1j3HLc7SyY6rEUpg.jpeg\",\"contentUrl\":\"https:\/\/skaitytaknyga.lt\/wp-content\/uploads\/2024\/05\/cropped-cropped-cropped-02_00843_jt3bggkj1j3HLc7SyY6rEUpg.jpeg\",\"width\":1600,\"height\":1600,\"caption\":\"skaitytaknyga.lt\"},\"image\":{\"@id\":\"https:\/\/skaitytaknyga.lt\/#\/schema\/logo\/image\/\"},\"sameAs\":[\"https:\/\/www.facebook.com\/skaitytaknyga\/\"]}]}<\/script>\n<!-- \/ Yoast SEO plugin. -->","yoast_head_json":{"title":"Zara Stoneley \u201eVestuvi\u0173 sve\u010dias\u201c - Skaitytaknyga","description":"Zara Stoneley para\u0161\u0117 romantin\u0119 komedij\u0105, kuri \u012ftraukia ir \u017eavi nat\u016bralumu, tikrovi\u0161kumu ir pritrenkian\u010diu humoru.\u00a0\u201eVestuvi\u0173 sve\u010dias\u201c\u00a0pasakoja apie tai, kaip paprastas nekaltas melas gali pakeisti net kelet\u0105 gyvenim\u0173.  Kai Samanta D\u017eenkisn pakvie\u010diama \u012f geriausios draug\u0117s vestuves vyriausi\u0105ja pamerge, d\u017eiaugsmui n\u0117ra rib\u0173. Samantai tai svajon\u0117s i\u0161sipildymas ir nuostabus draugyst\u0117s \u012fprasminimas. Ta\u010diau ne viskas taip paprasta. Pasirodo, vyriausiuoju pabroliu pakviestas buv\u0119s Samantos vaikinas, kuris jau turi nauj\u0105 draug\u0119. Ir tarsi viso to dar b\u016bt\u0173 ma\u017ea, jo naujoji draug\u0117 laukiasi!  \u017dinoma, Samanta visiems sak\u0117, kad ji taip pat turi nauj\u0105 vaikin\u0105, ta\u010diau tai... netiesa. Nelieka nieko kita, tik gelb\u0117tis i\u0161 \u0161ios keblios situacijos vieninteliu \u012fmanomu b\u016bdu \u2013 pasisamdyti profesional\u0173 aktori\u0173.  Samantos vaikino darb\u0105 atlikti teks gra\u017euoliui aktoriui D\u017eeikui Porteriui. Savo vaidmen\u012f jis atlieka tiesiog tobulai ir niekas net neabejoja, kad D\u017eeikas iki aus\u0173 \u012fsimyl\u0117j\u0119s Samant\u0105. Problema i\u0161kyla tik tuomet, kai Samanta staiga suvokia, kad ji n\u0117ra tikra, jog D\u017eeikas vaidina\u2026  Su kiekvienu knygos \u201eVestuvi\u0173 sve\u010dias\u201c puslapiu vestuvi\u0173 savait\u0117 \u0160kotijoje tampa vis \u012fdomesn\u0117.","robots":{"index":"index","follow":"follow","max-snippet":"max-snippet:-1","max-image-preview":"max-image-preview:large","max-video-preview":"max-video-preview:-1"},"canonical":"https:\/\/skaitytaknyga.lt\/en\/produktas\/zara-stoneley-vestuviu-svecias\/","og_locale":"en_GB","og_type":"article","og_title":"Zara Stoneley \u201eVestuvi\u0173 sve\u010dias\u201c - Skaitytaknyga","og_description":"Zara Stoneley para\u0161\u0117 romantin\u0119 komedij\u0105, kuri \u012ftraukia ir \u017eavi nat\u016bralumu, tikrovi\u0161kumu ir pritrenkian\u010diu humoru.\u00a0\u201eVestuvi\u0173 sve\u010dias\u201c\u00a0pasakoja apie tai, kaip paprastas nekaltas melas gali pakeisti net kelet\u0105 gyvenim\u0173.  Kai Samanta D\u017eenkisn pakvie\u010diama \u012f geriausios draug\u0117s vestuves vyriausi\u0105ja pamerge, d\u017eiaugsmui n\u0117ra rib\u0173. Samantai tai svajon\u0117s i\u0161sipildymas ir nuostabus draugyst\u0117s \u012fprasminimas. Ta\u010diau ne viskas taip paprasta. Pasirodo, vyriausiuoju pabroliu pakviestas buv\u0119s Samantos vaikinas, kuris jau turi nauj\u0105 draug\u0119. Ir tarsi viso to dar b\u016bt\u0173 ma\u017ea, jo naujoji draug\u0117 laukiasi!  \u017dinoma, Samanta visiems sak\u0117, kad ji taip pat turi nauj\u0105 vaikin\u0105, ta\u010diau tai... netiesa. Nelieka nieko kita, tik gelb\u0117tis i\u0161 \u0161ios keblios situacijos vieninteliu \u012fmanomu b\u016bdu \u2013 pasisamdyti profesional\u0173 aktori\u0173.  Samantos vaikino darb\u0105 atlikti teks gra\u017euoliui aktoriui D\u017eeikui Porteriui. Savo vaidmen\u012f jis atlieka tiesiog tobulai ir niekas net neabejoja, kad D\u017eeikas iki aus\u0173 \u012fsimyl\u0117j\u0119s Samant\u0105. Problema i\u0161kyla tik tuomet, kai Samanta staiga suvokia, kad ji n\u0117ra tikra, jog D\u017eeikas vaidina\u2026  Su kiekvienu knygos \u201eVestuvi\u0173 sve\u010dias\u201c puslapiu vestuvi\u0173 savait\u0117 \u0160kotijoje tampa vis \u012fdomesn\u0117.","og_url":"https:\/\/skaitytaknyga.lt\/en\/produktas\/zara-stoneley-vestuviu-svecias\/","og_site_name":"Skaitytaknyga","article_publisher":"https:\/\/www.facebook.com\/skaitytaknyga\/","article_modified_time":"2024-05-03T07:29:05+00:00","og_image":[{"width":1024,"height":1024,"url":"https:\/\/skaitytaknyga.lt\/wp-content\/uploads\/2024\/04\/vestuviu_svecias.jpg","type":"image\/jpeg"}],"twitter_card":"summary_large_image","twitter_misc":{"Estimated reading time":"1 minute"},"schema":{"@context":"https:\/\/schema.org","@graph":[{"@type":"WebPage","@id":"https:\/\/skaitytaknyga.lt\/produktas\/zara-stoneley-vestuviu-svecias\/","url":"https:\/\/skaitytaknyga.lt\/produktas\/zara-stoneley-vestuviu-svecias\/","name":"Zara Stoneley \u201eVestuvi\u0173 sve\u010dias\u201c - Skaitytaknyga","isPartOf":{"@id":"https:\/\/skaitytaknyga.lt\/#website"},"primaryImageOfPage":{"@id":"https:\/\/skaitytaknyga.lt\/produktas\/zara-stoneley-vestuviu-svecias\/#primaryimage"},"image":{"@id":"https:\/\/skaitytaknyga.lt\/produktas\/zara-stoneley-vestuviu-svecias\/#primaryimage"},"thumbnailUrl":"https:\/\/skaitytaknyga.lt\/wp-content\/uploads\/2024\/04\/vestuviu_svecias.jpg","datePublished":"2024-04-17T14:02:41+00:00","dateModified":"2024-05-03T07:29:05+00:00","description":"Zara Stoneley para\u0161\u0117 romantin\u0119 komedij\u0105, kuri \u012ftraukia ir \u017eavi nat\u016bralumu, tikrovi\u0161kumu ir pritrenkian\u010diu humoru.\u00a0\u201eVestuvi\u0173 sve\u010dias\u201c\u00a0pasakoja apie tai, kaip paprastas nekaltas melas gali pakeisti net kelet\u0105 gyvenim\u0173. Kai Samanta D\u017eenkisn pakvie\u010diama \u012f geriausios draug\u0117s vestuves vyriausi\u0105ja pamerge, d\u017eiaugsmui n\u0117ra rib\u0173. Samantai tai svajon\u0117s i\u0161sipildymas ir nuostabus draugyst\u0117s \u012fprasminimas. Ta\u010diau ne viskas taip paprasta. Pasirodo, vyriausiuoju pabroliu pakviestas buv\u0119s Samantos vaikinas, kuris jau turi nauj\u0105 draug\u0119. Ir tarsi viso to dar b\u016bt\u0173 ma\u017ea, jo naujoji draug\u0117 laukiasi! \u017dinoma, Samanta visiems sak\u0117, kad ji taip pat turi nauj\u0105 vaikin\u0105, ta\u010diau tai... netiesa. Nelieka nieko kita, tik gelb\u0117tis i\u0161 \u0161ios keblios situacijos vieninteliu \u012fmanomu b\u016bdu \u2013 pasisamdyti profesional\u0173 aktori\u0173. Samantos vaikino darb\u0105 atlikti teks gra\u017euoliui aktoriui D\u017eeikui Porteriui. Savo vaidmen\u012f jis atlieka tiesiog tobulai ir niekas net neabejoja, kad D\u017eeikas iki aus\u0173 \u012fsimyl\u0117j\u0119s Samant\u0105. Problema i\u0161kyla tik tuomet, kai Samanta staiga suvokia, kad ji n\u0117ra tikra, jog D\u017eeikas vaidina\u2026 Su kiekvienu knygos \u201eVestuvi\u0173 sve\u010dias\u201c puslapiu vestuvi\u0173 savait\u0117 \u0160kotijoje tampa vis \u012fdomesn\u0117.","breadcrumb":{"@id":"https:\/\/skaitytaknyga.lt\/produktas\/zara-stoneley-vestuviu-svecias\/#breadcrumb"},"inLanguage":"en-GB","potentialAction":[{"@type":"ReadAction","target":["https:\/\/skaitytaknyga.lt\/produktas\/zara-stoneley-vestuviu-svecias\/"]}]},{"@type":"ImageObject","inLanguage":"en-GB","@id":"https:\/\/skaitytaknyga.lt\/produktas\/zara-stoneley-vestuviu-svecias\/#primaryimage","url":"https:\/\/skaitytaknyga.lt\/wp-content\/uploads\/2024\/04\/vestuviu_svecias.jpg","contentUrl":"https:\/\/skaitytaknyga.lt\/wp-content\/uploads\/2024\/04\/vestuviu_svecias.jpg","width":1024,"height":1024},{"@type":"BreadcrumbList","@id":"https:\/\/skaitytaknyga.lt\/produktas\/zara-stoneley-vestuviu-svecias\/#breadcrumb","itemListElement":[{"@type":"ListItem","position":1,"name":"Home","item":"https:\/\/skaitytaknyga.lt\/"},{"@type":"ListItem","position":2,"name":"Parduotuv\u0117","item":"https:\/\/skaitytaknyga.lt\/knygu-parduotuve\/"},{"@type":"ListItem","position":3,"name":"Zara Stoneley \u201eVestuvi\u0173 sve\u010dias\u201c"}]},{"@type":"WebSite","@id":"https:\/\/skaitytaknyga.lt\/#website","url":"https:\/\/skaitytaknyga.lt\/","name":"skaitytaknyga.lt","description":"Skaitytaknyga.lt \u2013 tai ma\u017eas \u0161eimos verslas, kuris prasid\u0117jo nuo meil\u0117s knygoms ir siekio i\u0161gelb\u0117ti knygas nuo likimo prie konteinerio. Kas vienam nereikalingas daiktas \u2013 kitam lobis, o mes esame tarpininkai, kurie padeda abiems tapti laimingesniems ???? \u017dinome kaip nelengva i\u0161gyventi ma\u017eiems verslams, tad nuo \u0161iol, \u010dia rasite ir kit\u0173, ma\u017e\u0173 \u0161eim\u0173 versl\u0173, rank\u0173 darbo, dovan\u0173 sau ir artimiesiems.","publisher":{"@id":"https:\/\/skaitytaknyga.lt\/#organization"},"potentialAction":[{"@type":"SearchAction","target":{"@type":"EntryPoint","urlTemplate":"https:\/\/skaitytaknyga.lt\/?s={search_term_string}"},"query-input":{"@type":"PropertyValueSpecification","valueRequired":true,"valueName":"search_term_string"}}],"inLanguage":"en-GB"},{"@type":"Organization","@id":"https:\/\/skaitytaknyga.lt\/#organization","name":"skaitytaknyga.lt","url":"https:\/\/skaitytaknyga.lt\/","logo":{"@type":"ImageObject","inLanguage":"en-GB","@id":"https:\/\/skaitytaknyga.lt\/#\/schema\/logo\/image\/","url":"https:\/\/skaitytaknyga.lt\/wp-content\/uploads\/2024\/05\/cropped-cropped-cropped-02_00843_jt3bggkj1j3HLc7SyY6rEUpg.jpeg","contentUrl":"https:\/\/skaitytaknyga.lt\/wp-content\/uploads\/2024\/05\/cropped-cropped-cropped-02_00843_jt3bggkj1j3HLc7SyY6rEUpg.jpeg","width":1600,"height":1600,"caption":"skaitytaknyga.lt"},"image":{"@id":"https:\/\/skaitytaknyga.lt\/#\/schema\/logo\/image\/"},"sameAs":["https:\/\/www.facebook.com\/skaitytaknyga\/"]}]}},"_links":{"self":[{"href":"https:\/\/skaitytaknyga.lt\/en\/wp-json\/wp\/v2\/product\/5154","targetHints":{"allow":["GET"]}}],"collection":[{"href":"https:\/\/skaitytaknyga.lt\/en\/wp-json\/wp\/v2\/product"}],"about":[{"href":"https:\/\/skaitytaknyga.lt\/en\/wp-json\/wp\/v2\/types\/product"}],"replies":[{"embeddable":true,"href":"https:\/\/skaitytaknyga.lt\/en\/wp-json\/wp\/v2\/comments?post=5154"}],"wp:featuredmedia":[{"embeddable":true,"href":"https:\/\/skaitytaknyga.lt\/en\/wp-json\/wp\/v2\/media\/5197"}],"wp:attachment":[{"href":"https:\/\/skaitytaknyga.lt\/en\/wp-json\/wp\/v2\/media?parent=5154"}],"wp:term":[{"taxonomy":"product_brand","embeddable":true,"href":"https:\/\/skaitytaknyga.lt\/en\/wp-json\/wp\/v2\/product_brand?post=5154"},{"taxonomy":"product_cat","embeddable":true,"href":"https:\/\/skaitytaknyga.lt\/en\/wp-json\/wp\/v2\/product_cat?post=5154"},{"taxonomy":"product_tag","embeddable":true,"href":"https:\/\/skaitytaknyga.lt\/en\/wp-json\/wp\/v2\/product_tag?post=5154"}],"curies":[{"name":"wp","href":"https:\/\/api.w.org\/{rel}","templated":true}]}}