{"id":5153,"date":"2024-04-17T14:02:41","date_gmt":"2024-04-17T14:02:41","guid":{"rendered":"https:\/\/skaitytaknyga.lt\/?post_type=product&#038;p=5153"},"modified":"2025-05-15T10:58:23","modified_gmt":"2025-05-15T07:58:23","slug":"melanie-benjamin-penktosios-aveniu-gulbes","status":"publish","type":"product","link":"https:\/\/skaitytaknyga.lt\/en\/produktas\/melanie-benjamin-penktosios-aveniu-gulbes\/","title":{"rendered":"Penktosios aveniu gulb\u0117s"},"content":{"rendered":"<div>\u0160e\u0161tojo de\u0161imtme\u010dio Niujorkas. Elegancija, prabanga ir deimantais spindinti Manhatano auk\u0161tuomen\u0117.<\/div>\n<div>Prarastasis pasaulis, kuriame paslaptys yra brangiausia valiuta, o senoviniai perlai ir gero martinio taur\u0117 \u2013 privalomi ir labai svarb\u016bs kasdienyb\u0117s atributai. \u0160iame pasaulyje vis\u0173 \u017evilgsnius prikausto ir subtiliai madas diktuoja jos: galingos, \u017eavios, akinamai gra\u017eios auk\u0161tuomen\u0117s moterys, anapus fasadinio gyvenimo kruop\u0161\u010diai slepian\u010dios begalin\u0119 tu\u0161tum\u0105.<\/div>\n<div>Jam tai proga pakli\u016bti \u012f privilegijuot\u0105 ir pavyd\u0105 keliant\u012f Manheteno elito gyvenim\u0105. Joms \u2013 kasdienybei spalv\u0173 suteikianti ekstravaganti\u0161ko ra\u0161ytojo ir tokio paslaugaus bi\u010diulio draugyst\u0117. To, kuriam galima patik\u0117ti net did\u017eiausias paslaptis. Ar tikrai?<\/div>\n<div>Savimyli\u0161kas Trumano \u017eavesys ir tragizmu nuspalvintas Ma\u017eyl\u0117s Peili spind\u0117jimas susipina \u012f sodr\u0173 pasakojim\u0105, kuriame auk\u0161tuomen\u0117s paskalos virsta meno forma, aistringomis var\u017eybomis ir pagaliau \u2013 mirtinu ginklu.<\/div>\n","protected":false},"excerpt":{"rendered":"<div>\u0160e\u0161tojo de\u0161imtme\u010dio Niujorkas. Elegancija, prabanga ir deimantais spindinti Manhatano auk\u0161tuomen\u0117.<\/div>\n<div>Prarastasis pasaulis, kuriame paslaptys yra brangiausia valiuta, o senoviniai perlai ir gero martinio taur\u0117 \u2013 privalomi ir labai svarb\u016bs kasdienyb\u0117s atributai. \u0160iame pasaulyje vis\u0173 \u017evilgsnius prikausto ir subtiliai madas diktuoja jos: galingos, \u017eavios, akinamai gra\u017eios auk\u0161tuomen\u0117s moterys, anapus fasadinio gyvenimo kruop\u0161\u010diai slepian\u010dios begalin\u0119 tu\u0161tum\u0105.<\/div>\n<div>Jam tai proga pakli\u016bti \u012f privilegijuot\u0105 ir pavyd\u0105 keliant\u012f Manheteno elito gyvenim\u0105. Joms \u2013 kasdienybei spalv\u0173 suteikianti ekstravaganti\u0161ko ra\u0161ytojo ir tokio paslaugaus bi\u010diulio draugyst\u0117. To, kuriam galima patik\u0117ti net did\u017eiausias paslaptis. Ar tikrai?<\/div>\n<div>Savimyli\u0161kas Trumano \u017eavesys ir tragizmu nuspalvintas Ma\u017eyl\u0117s Peili spind\u0117jimas susipina \u012f sodr\u0173 pasakojim\u0105, kuriame auk\u0161tuomen\u0117s paskalos virsta meno forma, aistringomis var\u017eybomis ir pagaliau \u2013 mirtinu ginklu.<\/div>\n","protected":false},"featured_media":5196,"comment_status":"closed","ping_status":"closed","template":"","meta":{"_acf_changed":false,"site-sidebar-layout":"default","site-content-layout":"","ast-site-content-layout":"default","site-content-style":"default","site-sidebar-style":"default","ast-global-header-display":"","ast-banner-title-visibility":"","ast-main-header-display":"","ast-hfb-above-header-display":"","ast-hfb-below-header-display":"","ast-hfb-mobile-header-display":"","site-post-title":"","ast-breadcrumbs-content":"","ast-featured-img":"","footer-sml-layout":"","ast-disable-related-posts":"","theme-transparent-header-meta":"","adv-header-id-meta":"","stick-header-meta":"","header-above-stick-meta":"","header-main-stick-meta":"","header-below-stick-meta":"","astra-migrate-meta-layouts":"default","ast-page-background-enabled":"default","ast-page-background-meta":{"desktop":{"background-color":"","background-image":"","background-repeat":"repeat","background-position":"center center","background-size":"auto","background-attachment":"scroll","background-type":"","background-media":"","overlay-type":"","overlay-color":"","overlay-opacity":"","overlay-gradient":""},"tablet":{"background-color":"","background-image":"","background-repeat":"repeat","background-position":"center center","background-size":"auto","background-attachment":"scroll","background-type":"","background-media":"","overlay-type":"","overlay-color":"","overlay-opacity":"","overlay-gradient":""},"mobile":{"background-color":"","background-image":"","background-repeat":"repeat","background-position":"center center","background-size":"auto","background-attachment":"scroll","background-type":"","background-media":"","overlay-type":"","overlay-color":"","overlay-opacity":"","overlay-gradient":""}},"ast-content-background-meta":{"desktop":{"background-color":"var(--ast-global-color-4)","background-image":"","background-repeat":"repeat","background-position":"center center","background-size":"auto","background-attachment":"scroll","background-type":"","background-media":"","overlay-type":"","overlay-color":"","overlay-opacity":"","overlay-gradient":""},"tablet":{"background-color":"var(--ast-global-color-4)","background-image":"","background-repeat":"repeat","background-position":"center center","background-size":"auto","background-attachment":"scroll","background-type":"","background-media":"","overlay-type":"","overlay-color":"","overlay-opacity":"","overlay-gradient":""},"mobile":{"background-color":"var(--ast-global-color-4)","background-image":"","background-repeat":"repeat","background-position":"center center","background-size":"auto","background-attachment":"scroll","background-type":"","background-media":"","overlay-type":"","overlay-color":"","overlay-opacity":"","overlay-gradient":""}}},"product_brand":[],"product_cat":[31],"product_tag":[3050,2069,3049,3052,2582,1705,1478,3051],"class_list":{"0":"post-5153","1":"product","2":"type-product","3":"status-publish","4":"has-post-thumbnail","6":"product_cat-grozine-literatura","7":"product_tag-aukstuomene","8":"product_tag-istorinis-romanas","9":"product_tag-melanie-benjamin","10":"product_tag-menas","11":"product_tag-moterys","12":"product_tag-niujorkas","13":"product_tag-paslaptys","14":"product_tag-trumano-capote","15":"desktop-align-left","16":"tablet-align-left","17":"mobile-align-left","19":"first","20":"instock","21":"shipping-taxable","22":"purchasable","23":"product-type-simple"},"acf":[],"yoast_head":"<!-- This site is optimized with the Yoast SEO plugin v27.4 - https:\/\/yoast.com\/product\/yoast-seo-wordpress\/ -->\n<title>Penktosios aveniu gulb\u0117s<\/title>\n<meta name=\"description\" content=\"\u0160e\u0161tojo de\u0161imtme\u010dio Niujorkas. Elegancija, prabanga ir deimantais spindinti Manhatano auk\u0161tuomen\u0117. Prarastasis pasaulis, kuriame paslaptys yra brangiausia valiuta, o senoviniai perlai ir gero martinio taur\u0117 \u2013 privalomi ir labai svarb\u016bs kasdienyb\u0117s atributai. \u0160iame pasaulyje vis\u0173 \u017evilgsnius prikausto ir subtiliai madas diktuoja jos: galingos, \u017eavios, akinamai gra\u017eios auk\u0161tuomen\u0117s moterys, anapus fasadinio gyvenimo kruop\u0161\u010diai slepian\u010dios begalin\u0119 tu\u0161tum\u0105. Jam tai proga pakli\u016bti \u012f privilegijuot\u0105 ir pavyd\u0105 keliant\u012f Manheteno elito gyvenim\u0105. Joms \u2013 kasdienybei spalv\u0173 suteikianti ekstravaganti\u0161ko ra\u0161ytojo ir tokio paslaugaus bi\u010diulio draugyst\u0117. To, kuriam galima patik\u0117ti net did\u017eiausias paslaptis. Ar tikrai? Savimyli\u0161kas Trumano \u017eavesys ir tragizmu nuspalvintas Ma\u017eyl\u0117s Peili spind\u0117jimas susipina \u012f sodr\u0173 pasakojim\u0105, kuriame auk\u0161tuomen\u0117s paskalos virsta meno forma, aistringomis var\u017eybomis ir pagaliau \u2013 mirtinu ginklu.\" \/>\n<meta name=\"robots\" content=\"index, follow, max-snippet:-1, max-image-preview:large, max-video-preview:-1\" \/>\n<link rel=\"canonical\" href=\"https:\/\/skaitytaknyga.lt\/en\/produktas\/melanie-benjamin-penktosios-aveniu-gulbes\/\" \/>\n<meta property=\"og:locale\" content=\"en_GB\" \/>\n<meta property=\"og:locale:alternate\" content=\"lt_LT\" \/>\n<meta property=\"og:type\" content=\"article\" \/>\n<meta property=\"og:title\" content=\"Penktosios aveniu gulb\u0117s\" \/>\n<meta property=\"og:description\" content=\"\u0160e\u0161tojo de\u0161imtme\u010dio Niujorkas. Elegancija, prabanga ir deimantais spindinti Manhatano auk\u0161tuomen\u0117. Prarastasis pasaulis, kuriame paslaptys yra brangiausia valiuta, o senoviniai perlai ir gero martinio taur\u0117 \u2013 privalomi ir labai svarb\u016bs kasdienyb\u0117s atributai. \u0160iame pasaulyje vis\u0173 \u017evilgsnius prikausto ir subtiliai madas diktuoja jos: galingos, \u017eavios, akinamai gra\u017eios auk\u0161tuomen\u0117s moterys, anapus fasadinio gyvenimo kruop\u0161\u010diai slepian\u010dios begalin\u0119 tu\u0161tum\u0105. Jam tai proga pakli\u016bti \u012f privilegijuot\u0105 ir pavyd\u0105 keliant\u012f Manheteno elito gyvenim\u0105. Joms \u2013 kasdienybei spalv\u0173 suteikianti ekstravaganti\u0161ko ra\u0161ytojo ir tokio paslaugaus bi\u010diulio draugyst\u0117. To, kuriam galima patik\u0117ti net did\u017eiausias paslaptis. Ar tikrai? Savimyli\u0161kas Trumano \u017eavesys ir tragizmu nuspalvintas Ma\u017eyl\u0117s Peili spind\u0117jimas susipina \u012f sodr\u0173 pasakojim\u0105, kuriame auk\u0161tuomen\u0117s paskalos virsta meno forma, aistringomis var\u017eybomis ir pagaliau \u2013 mirtinu ginklu.\" \/>\n<meta property=\"og:url\" content=\"https:\/\/skaitytaknyga.lt\/en\/produktas\/melanie-benjamin-penktosios-aveniu-gulbes\/\" \/>\n<meta property=\"og:site_name\" content=\"Skaitytaknyga\" \/>\n<meta property=\"article:publisher\" content=\"https:\/\/www.facebook.com\/skaitytaknyga\/\" \/>\n<meta property=\"article:modified_time\" content=\"2025-05-15T07:58:23+00:00\" \/>\n<meta property=\"og:image\" content=\"https:\/\/skaitytaknyga.lt\/wp-content\/uploads\/2024\/04\/95513768-1000x1000-1.jpg\" \/>\n\t<meta property=\"og:image:width\" content=\"1000\" \/>\n\t<meta property=\"og:image:height\" content=\"1000\" \/>\n\t<meta property=\"og:image:type\" content=\"image\/jpeg\" \/>\n<meta name=\"twitter:card\" content=\"summary_large_image\" \/>\n<meta name=\"twitter:label1\" content=\"Estimated reading time\" \/>\n\t<meta name=\"twitter:data1\" content=\"1 minute\" \/>\n<script type=\"application\/ld+json\" class=\"yoast-schema-graph\">{\"@context\":\"https:\\\/\\\/schema.org\",\"@graph\":[{\"@type\":\"WebPage\",\"@id\":\"https:\\\/\\\/skaitytaknyga.lt\\\/produktas\\\/melanie-benjamin-penktosios-aveniu-gulbes\\\/\",\"url\":\"https:\\\/\\\/skaitytaknyga.lt\\\/produktas\\\/melanie-benjamin-penktosios-aveniu-gulbes\\\/\",\"name\":\"Penktosios aveniu gulb\u0117s\",\"isPartOf\":{\"@id\":\"https:\\\/\\\/skaitytaknyga.lt\\\/#website\"},\"primaryImageOfPage\":{\"@id\":\"https:\\\/\\\/skaitytaknyga.lt\\\/produktas\\\/melanie-benjamin-penktosios-aveniu-gulbes\\\/#primaryimage\"},\"image\":{\"@id\":\"https:\\\/\\\/skaitytaknyga.lt\\\/produktas\\\/melanie-benjamin-penktosios-aveniu-gulbes\\\/#primaryimage\"},\"thumbnailUrl\":\"https:\\\/\\\/skaitytaknyga.lt\\\/wp-content\\\/uploads\\\/2024\\\/04\\\/95513768-1000x1000-1.jpg\",\"datePublished\":\"2024-04-17T14:02:41+00:00\",\"dateModified\":\"2025-05-15T07:58:23+00:00\",\"description\":\"\u0160e\u0161tojo de\u0161imtme\u010dio Niujorkas. Elegancija, prabanga ir deimantais spindinti Manhatano auk\u0161tuomen\u0117. Prarastasis pasaulis, kuriame paslaptys yra brangiausia valiuta, o senoviniai perlai ir gero martinio taur\u0117 \u2013 privalomi ir labai svarb\u016bs kasdienyb\u0117s atributai. \u0160iame pasaulyje vis\u0173 \u017evilgsnius prikausto ir subtiliai madas diktuoja jos: galingos, \u017eavios, akinamai gra\u017eios auk\u0161tuomen\u0117s moterys, anapus fasadinio gyvenimo kruop\u0161\u010diai slepian\u010dios begalin\u0119 tu\u0161tum\u0105. Jam tai proga pakli\u016bti \u012f privilegijuot\u0105 ir pavyd\u0105 keliant\u012f Manheteno elito gyvenim\u0105. Joms \u2013 kasdienybei spalv\u0173 suteikianti ekstravaganti\u0161ko ra\u0161ytojo ir tokio paslaugaus bi\u010diulio draugyst\u0117. To, kuriam galima patik\u0117ti net did\u017eiausias paslaptis. Ar tikrai? Savimyli\u0161kas Trumano \u017eavesys ir tragizmu nuspalvintas Ma\u017eyl\u0117s Peili spind\u0117jimas susipina \u012f sodr\u0173 pasakojim\u0105, kuriame auk\u0161tuomen\u0117s paskalos virsta meno forma, aistringomis var\u017eybomis ir pagaliau \u2013 mirtinu ginklu.\",\"breadcrumb\":{\"@id\":\"https:\\\/\\\/skaitytaknyga.lt\\\/produktas\\\/melanie-benjamin-penktosios-aveniu-gulbes\\\/#breadcrumb\"},\"inLanguage\":\"en-GB\",\"potentialAction\":[{\"@type\":\"ReadAction\",\"target\":[\"https:\\\/\\\/skaitytaknyga.lt\\\/produktas\\\/melanie-benjamin-penktosios-aveniu-gulbes\\\/\"]}]},{\"@type\":\"ImageObject\",\"inLanguage\":\"en-GB\",\"@id\":\"https:\\\/\\\/skaitytaknyga.lt\\\/produktas\\\/melanie-benjamin-penktosios-aveniu-gulbes\\\/#primaryimage\",\"url\":\"https:\\\/\\\/skaitytaknyga.lt\\\/wp-content\\\/uploads\\\/2024\\\/04\\\/95513768-1000x1000-1.jpg\",\"contentUrl\":\"https:\\\/\\\/skaitytaknyga.lt\\\/wp-content\\\/uploads\\\/2024\\\/04\\\/95513768-1000x1000-1.jpg\",\"width\":1000,\"height\":1000},{\"@type\":\"BreadcrumbList\",\"@id\":\"https:\\\/\\\/skaitytaknyga.lt\\\/produktas\\\/melanie-benjamin-penktosios-aveniu-gulbes\\\/#breadcrumb\",\"itemListElement\":[{\"@type\":\"ListItem\",\"position\":1,\"name\":\"Home\",\"item\":\"https:\\\/\\\/skaitytaknyga.lt\\\/\"},{\"@type\":\"ListItem\",\"position\":2,\"name\":\"Parduotuv\u0117\",\"item\":\"https:\\\/\\\/skaitytaknyga.lt\\\/knygu-parduotuve\\\/\"},{\"@type\":\"ListItem\",\"position\":3,\"name\":\"Penktosios aveniu gulb\u0117s\"}]},{\"@type\":\"WebSite\",\"@id\":\"https:\\\/\\\/skaitytaknyga.lt\\\/#website\",\"url\":\"https:\\\/\\\/skaitytaknyga.lt\\\/\",\"name\":\"skaitytaknyga.lt\",\"description\":\"Skaitytaknyga.lt \u2013 tai ma\u017eas \u0161eimos verslas, kuris prasid\u0117jo nuo meil\u0117s knygoms ir siekio i\u0161gelb\u0117ti knygas nuo likimo prie konteinerio. Kas vienam nereikalingas daiktas \u2013 kitam lobis, o mes esame tarpininkai, kurie padeda abiems tapti laimingesniems ???? \u017dinome kaip nelengva i\u0161gyventi ma\u017eiems verslams, tad nuo \u0161iol, \u010dia rasite ir kit\u0173, ma\u017e\u0173 \u0161eim\u0173 versl\u0173, rank\u0173 darbo, dovan\u0173 sau ir artimiesiems.\",\"publisher\":{\"@id\":\"https:\\\/\\\/skaitytaknyga.lt\\\/#organization\"},\"potentialAction\":[{\"@type\":\"SearchAction\",\"target\":{\"@type\":\"EntryPoint\",\"urlTemplate\":\"https:\\\/\\\/skaitytaknyga.lt\\\/?s={search_term_string}\"},\"query-input\":{\"@type\":\"PropertyValueSpecification\",\"valueRequired\":true,\"valueName\":\"search_term_string\"}}],\"inLanguage\":\"en-GB\"},{\"@type\":\"Organization\",\"@id\":\"https:\\\/\\\/skaitytaknyga.lt\\\/#organization\",\"name\":\"skaitytaknyga.lt\",\"url\":\"https:\\\/\\\/skaitytaknyga.lt\\\/\",\"logo\":{\"@type\":\"ImageObject\",\"inLanguage\":\"en-GB\",\"@id\":\"https:\\\/\\\/skaitytaknyga.lt\\\/#\\\/schema\\\/logo\\\/image\\\/\",\"url\":\"https:\\\/\\\/skaitytaknyga.lt\\\/wp-content\\\/uploads\\\/2024\\\/05\\\/cropped-cropped-cropped-02_00843_jt3bggkj1j3HLc7SyY6rEUpg.jpeg\",\"contentUrl\":\"https:\\\/\\\/skaitytaknyga.lt\\\/wp-content\\\/uploads\\\/2024\\\/05\\\/cropped-cropped-cropped-02_00843_jt3bggkj1j3HLc7SyY6rEUpg.jpeg\",\"width\":1600,\"height\":1600,\"caption\":\"skaitytaknyga.lt\"},\"image\":{\"@id\":\"https:\\\/\\\/skaitytaknyga.lt\\\/#\\\/schema\\\/logo\\\/image\\\/\"},\"sameAs\":[\"https:\\\/\\\/www.facebook.com\\\/skaitytaknyga\\\/\"]}]}<\/script>\n<!-- \/ Yoast SEO plugin. -->","yoast_head_json":{"title":"Penktosios aveniu gulb\u0117s","description":"\u0160e\u0161tojo de\u0161imtme\u010dio Niujorkas. Elegancija, prabanga ir deimantais spindinti Manhatano auk\u0161tuomen\u0117. Prarastasis pasaulis, kuriame paslaptys yra brangiausia valiuta, o senoviniai perlai ir gero martinio taur\u0117 \u2013 privalomi ir labai svarb\u016bs kasdienyb\u0117s atributai. \u0160iame pasaulyje vis\u0173 \u017evilgsnius prikausto ir subtiliai madas diktuoja jos: galingos, \u017eavios, akinamai gra\u017eios auk\u0161tuomen\u0117s moterys, anapus fasadinio gyvenimo kruop\u0161\u010diai slepian\u010dios begalin\u0119 tu\u0161tum\u0105. Jam tai proga pakli\u016bti \u012f privilegijuot\u0105 ir pavyd\u0105 keliant\u012f Manheteno elito gyvenim\u0105. Joms \u2013 kasdienybei spalv\u0173 suteikianti ekstravaganti\u0161ko ra\u0161ytojo ir tokio paslaugaus bi\u010diulio draugyst\u0117. To, kuriam galima patik\u0117ti net did\u017eiausias paslaptis. Ar tikrai? Savimyli\u0161kas Trumano \u017eavesys ir tragizmu nuspalvintas Ma\u017eyl\u0117s Peili spind\u0117jimas susipina \u012f sodr\u0173 pasakojim\u0105, kuriame auk\u0161tuomen\u0117s paskalos virsta meno forma, aistringomis var\u017eybomis ir pagaliau \u2013 mirtinu ginklu.","robots":{"index":"index","follow":"follow","max-snippet":"max-snippet:-1","max-image-preview":"max-image-preview:large","max-video-preview":"max-video-preview:-1"},"canonical":"https:\/\/skaitytaknyga.lt\/en\/produktas\/melanie-benjamin-penktosios-aveniu-gulbes\/","og_locale":"en_GB","og_type":"article","og_title":"[:lt]Penktosios aveniu gulb\u0117s[:] - Skaitytaknyga","og_description":"\u0160e\u0161tojo de\u0161imtme\u010dio Niujorkas. Elegancija, prabanga ir deimantais spindinti Manhatano auk\u0161tuomen\u0117. Prarastasis pasaulis, kuriame paslaptys yra brangiausia valiuta, o senoviniai perlai ir gero martinio taur\u0117 \u2013 privalomi ir labai svarb\u016bs kasdienyb\u0117s atributai. \u0160iame pasaulyje vis\u0173 \u017evilgsnius prikausto ir subtiliai madas diktuoja jos: galingos, \u017eavios, akinamai gra\u017eios auk\u0161tuomen\u0117s moterys, anapus fasadinio gyvenimo kruop\u0161\u010diai slepian\u010dios begalin\u0119 tu\u0161tum\u0105. Jam tai proga pakli\u016bti \u012f privilegijuot\u0105 ir pavyd\u0105 keliant\u012f Manheteno elito gyvenim\u0105. Joms \u2013 kasdienybei spalv\u0173 suteikianti ekstravaganti\u0161ko ra\u0161ytojo ir tokio paslaugaus bi\u010diulio draugyst\u0117. To, kuriam galima patik\u0117ti net did\u017eiausias paslaptis. Ar tikrai? Savimyli\u0161kas Trumano \u017eavesys ir tragizmu nuspalvintas Ma\u017eyl\u0117s Peili spind\u0117jimas susipina \u012f sodr\u0173 pasakojim\u0105, kuriame auk\u0161tuomen\u0117s paskalos virsta meno forma, aistringomis var\u017eybomis ir pagaliau \u2013 mirtinu ginklu.","og_url":"https:\/\/skaitytaknyga.lt\/en\/produktas\/melanie-benjamin-penktosios-aveniu-gulbes\/","og_site_name":"Skaitytaknyga","article_publisher":"https:\/\/www.facebook.com\/skaitytaknyga\/","article_modified_time":"2025-05-15T07:58:23+00:00","og_image":[{"width":1000,"height":1000,"url":"https:\/\/skaitytaknyga.lt\/wp-content\/uploads\/2024\/04\/95513768-1000x1000-1.jpg","type":"image\/jpeg"}],"twitter_card":"summary_large_image","twitter_misc":{"Estimated reading time":"1 minute"},"schema":{"@context":"https:\/\/schema.org","@graph":[{"@type":"WebPage","@id":"https:\/\/skaitytaknyga.lt\/produktas\/melanie-benjamin-penktosios-aveniu-gulbes\/","url":"https:\/\/skaitytaknyga.lt\/produktas\/melanie-benjamin-penktosios-aveniu-gulbes\/","name":"Penktosios aveniu gulb\u0117s","isPartOf":{"@id":"https:\/\/skaitytaknyga.lt\/#website"},"primaryImageOfPage":{"@id":"https:\/\/skaitytaknyga.lt\/produktas\/melanie-benjamin-penktosios-aveniu-gulbes\/#primaryimage"},"image":{"@id":"https:\/\/skaitytaknyga.lt\/produktas\/melanie-benjamin-penktosios-aveniu-gulbes\/#primaryimage"},"thumbnailUrl":"https:\/\/skaitytaknyga.lt\/wp-content\/uploads\/2024\/04\/95513768-1000x1000-1.jpg","datePublished":"2024-04-17T14:02:41+00:00","dateModified":"2025-05-15T07:58:23+00:00","description":"\u0160e\u0161tojo de\u0161imtme\u010dio Niujorkas. Elegancija, prabanga ir deimantais spindinti Manhatano auk\u0161tuomen\u0117. Prarastasis pasaulis, kuriame paslaptys yra brangiausia valiuta, o senoviniai perlai ir gero martinio taur\u0117 \u2013 privalomi ir labai svarb\u016bs kasdienyb\u0117s atributai. \u0160iame pasaulyje vis\u0173 \u017evilgsnius prikausto ir subtiliai madas diktuoja jos: galingos, \u017eavios, akinamai gra\u017eios auk\u0161tuomen\u0117s moterys, anapus fasadinio gyvenimo kruop\u0161\u010diai slepian\u010dios begalin\u0119 tu\u0161tum\u0105. Jam tai proga pakli\u016bti \u012f privilegijuot\u0105 ir pavyd\u0105 keliant\u012f Manheteno elito gyvenim\u0105. Joms \u2013 kasdienybei spalv\u0173 suteikianti ekstravaganti\u0161ko ra\u0161ytojo ir tokio paslaugaus bi\u010diulio draugyst\u0117. To, kuriam galima patik\u0117ti net did\u017eiausias paslaptis. Ar tikrai? Savimyli\u0161kas Trumano \u017eavesys ir tragizmu nuspalvintas Ma\u017eyl\u0117s Peili spind\u0117jimas susipina \u012f sodr\u0173 pasakojim\u0105, kuriame auk\u0161tuomen\u0117s paskalos virsta meno forma, aistringomis var\u017eybomis ir pagaliau \u2013 mirtinu ginklu.","breadcrumb":{"@id":"https:\/\/skaitytaknyga.lt\/produktas\/melanie-benjamin-penktosios-aveniu-gulbes\/#breadcrumb"},"inLanguage":"en-GB","potentialAction":[{"@type":"ReadAction","target":["https:\/\/skaitytaknyga.lt\/produktas\/melanie-benjamin-penktosios-aveniu-gulbes\/"]}]},{"@type":"ImageObject","inLanguage":"en-GB","@id":"https:\/\/skaitytaknyga.lt\/produktas\/melanie-benjamin-penktosios-aveniu-gulbes\/#primaryimage","url":"https:\/\/skaitytaknyga.lt\/wp-content\/uploads\/2024\/04\/95513768-1000x1000-1.jpg","contentUrl":"https:\/\/skaitytaknyga.lt\/wp-content\/uploads\/2024\/04\/95513768-1000x1000-1.jpg","width":1000,"height":1000},{"@type":"BreadcrumbList","@id":"https:\/\/skaitytaknyga.lt\/produktas\/melanie-benjamin-penktosios-aveniu-gulbes\/#breadcrumb","itemListElement":[{"@type":"ListItem","position":1,"name":"Home","item":"https:\/\/skaitytaknyga.lt\/"},{"@type":"ListItem","position":2,"name":"Parduotuv\u0117","item":"https:\/\/skaitytaknyga.lt\/knygu-parduotuve\/"},{"@type":"ListItem","position":3,"name":"Penktosios aveniu gulb\u0117s"}]},{"@type":"WebSite","@id":"https:\/\/skaitytaknyga.lt\/#website","url":"https:\/\/skaitytaknyga.lt\/","name":"skaitytaknyga.lt","description":"Skaitytaknyga.lt \u2013 tai ma\u017eas \u0161eimos verslas, kuris prasid\u0117jo nuo meil\u0117s knygoms ir siekio i\u0161gelb\u0117ti knygas nuo likimo prie konteinerio. Kas vienam nereikalingas daiktas \u2013 kitam lobis, o mes esame tarpininkai, kurie padeda abiems tapti laimingesniems ???? \u017dinome kaip nelengva i\u0161gyventi ma\u017eiems verslams, tad nuo \u0161iol, \u010dia rasite ir kit\u0173, ma\u017e\u0173 \u0161eim\u0173 versl\u0173, rank\u0173 darbo, dovan\u0173 sau ir artimiesiems.","publisher":{"@id":"https:\/\/skaitytaknyga.lt\/#organization"},"potentialAction":[{"@type":"SearchAction","target":{"@type":"EntryPoint","urlTemplate":"https:\/\/skaitytaknyga.lt\/?s={search_term_string}"},"query-input":{"@type":"PropertyValueSpecification","valueRequired":true,"valueName":"search_term_string"}}],"inLanguage":"en-GB"},{"@type":"Organization","@id":"https:\/\/skaitytaknyga.lt\/#organization","name":"skaitytaknyga.lt","url":"https:\/\/skaitytaknyga.lt\/","logo":{"@type":"ImageObject","inLanguage":"en-GB","@id":"https:\/\/skaitytaknyga.lt\/#\/schema\/logo\/image\/","url":"https:\/\/skaitytaknyga.lt\/wp-content\/uploads\/2024\/05\/cropped-cropped-cropped-02_00843_jt3bggkj1j3HLc7SyY6rEUpg.jpeg","contentUrl":"https:\/\/skaitytaknyga.lt\/wp-content\/uploads\/2024\/05\/cropped-cropped-cropped-02_00843_jt3bggkj1j3HLc7SyY6rEUpg.jpeg","width":1600,"height":1600,"caption":"skaitytaknyga.lt"},"image":{"@id":"https:\/\/skaitytaknyga.lt\/#\/schema\/logo\/image\/"},"sameAs":["https:\/\/www.facebook.com\/skaitytaknyga\/"]}]}},"_links":{"self":[{"href":"https:\/\/skaitytaknyga.lt\/en\/wp-json\/wp\/v2\/product\/5153","targetHints":{"allow":["GET"]}}],"collection":[{"href":"https:\/\/skaitytaknyga.lt\/en\/wp-json\/wp\/v2\/product"}],"about":[{"href":"https:\/\/skaitytaknyga.lt\/en\/wp-json\/wp\/v2\/types\/product"}],"replies":[{"embeddable":true,"href":"https:\/\/skaitytaknyga.lt\/en\/wp-json\/wp\/v2\/comments?post=5153"}],"wp:featuredmedia":[{"embeddable":true,"href":"https:\/\/skaitytaknyga.lt\/en\/wp-json\/wp\/v2\/media\/5196"}],"wp:attachment":[{"href":"https:\/\/skaitytaknyga.lt\/en\/wp-json\/wp\/v2\/media?parent=5153"}],"wp:term":[{"taxonomy":"product_brand","embeddable":true,"href":"https:\/\/skaitytaknyga.lt\/en\/wp-json\/wp\/v2\/product_brand?post=5153"},{"taxonomy":"product_cat","embeddable":true,"href":"https:\/\/skaitytaknyga.lt\/en\/wp-json\/wp\/v2\/product_cat?post=5153"},{"taxonomy":"product_tag","embeddable":true,"href":"https:\/\/skaitytaknyga.lt\/en\/wp-json\/wp\/v2\/product_tag?post=5153"}],"curies":[{"name":"wp","href":"https:\/\/api.w.org\/{rel}","templated":true}]}}