{"id":5110,"date":"2024-04-17T14:01:40","date_gmt":"2024-04-17T14:01:40","guid":{"rendered":"https:\/\/skaitytaknyga.lt\/?post_type=product&#038;p=5110"},"modified":"2025-05-15T12:56:19","modified_gmt":"2025-05-15T09:56:19","slug":"christina-rickardsson-niekada-nesustok","status":"publish","type":"product","link":"https:\/\/skaitytaknyga.lt\/en\/produktas\/christina-rickardsson-niekada-nesustok\/","title":{"rendered":"Niekada nesustok"},"content":{"rendered":"<div>Nuo San Paulo gatvi\u0173 Brazilijoje iki Norlando \u0160vedijoje.<\/div>\n<div><\/div>\n<div>\u201eNiekada nesustok\u201c \u2013 tikra istorija apie tapatyb\u0117s paie\u0161kas.<\/div>\n<div><\/div>\n<div>Christiana Mara Coelho gim\u0117 Brazilijoje visi\u0161kame skurde. Pirmuosius septynerius metus gyveno mi\u0161k\u0173 olose ir elgetavo San Paulo gatv\u0117se. Tur\u0117jo mylin\u010di\u0105 mam\u0105, bet vien\u0105 dien\u0105 su ma\u017euoju broliuku atsid\u016br\u0117 vaik\u0173 namuose.<\/div>\n<div><\/div>\n<div>Christina Rickardsson u\u017eaugo \u0160vedijoje, j\u0105 su broliu \u012fvaikinusioje \u0161eimoje. Buvo apsupta \u012ft\u0117vi\u0173 d\u0117mesio, meil\u0117s ir r\u016bpestingumo, ta\u010diau kankinamai ilg\u0117josi to, k\u0105 prarado.<\/div>\n<div><\/div>\n<div>Ji visada jaut\u0117, kad turi prisitaikyti \u2013 prie gatv\u0117s \u012fstatym\u0173, vaik\u0173 nam\u0173 taisykli\u0173 ir sprendim\u0173, prie naujos aplinkos \u0160vedijoje. Ji buvo dvilyp\u0117 asmenyb\u0117 \u2013 Christina i\u0161 Norlando ir Christiana i\u0161 Brazilijos. Ne visada b\u016bdavo lengva jas suvienyti. Ir kai vien\u0105 dien\u0105 jos pasaulis visi\u0161kai sugriuvo, Christina ry\u017eosi stoti \u012f akistat\u0105 su praeitimi \u2013 gr\u012f\u017eti \u012f Brazilij\u0105 ie\u0161koti biologin\u0117s motinos ir i\u0161siai\u0161kinti, kas gi i\u0161 ties\u0173 ji yra.<\/div>\n<div><\/div>\n<div>Christina Rickardsson \u012fk\u016br\u0117 fond\u0105 \u201eCoelho Growth Foundation&#8221;, kuris siekia pad\u0117ti skurde gyvenantiems vaikams.<\/div>\n<div><\/div>\n","protected":false},"excerpt":{"rendered":"<div>Nuo San Paulo gatvi\u0173 Brazilijoje iki Norlando \u0160vedijoje.<\/div>\n<div><\/div>\n<div>\u201eNiekada nesustok\u201c \u2013 tikra istorija apie tapatyb\u0117s paie\u0161kas.<\/div>\n<div><\/div>\n<div>Christiana Mara Coelho gim\u0117 Brazilijoje visi\u0161kame skurde. Pirmuosius septynerius metus gyveno mi\u0161k\u0173 olose ir elgetavo San Paulo gatv\u0117se. Tur\u0117jo mylin\u010di\u0105 mam\u0105, bet vien\u0105 dien\u0105 su ma\u017euoju broliuku atsid\u016br\u0117 vaik\u0173 namuose.<\/div>\n<div><\/div>\n<div>Christina Rickardsson u\u017eaugo \u0160vedijoje, j\u0105 su broliu \u012fvaikinusioje \u0161eimoje. Buvo apsupta \u012ft\u0117vi\u0173 d\u0117mesio, meil\u0117s ir r\u016bpestingumo, ta\u010diau kankinamai ilg\u0117josi to, k\u0105 prarado.<\/div>\n<div><\/div>\n<div>Ji visada jaut\u0117, kad turi prisitaikyti \u2013 prie gatv\u0117s \u012fstatym\u0173, vaik\u0173 nam\u0173 taisykli\u0173 ir sprendim\u0173, prie naujos aplinkos \u0160vedijoje. Ji buvo dvilyp\u0117 asmenyb\u0117 \u2013 Christina i\u0161 Norlando ir Christiana i\u0161 Brazilijos. Ne visada b\u016bdavo lengva jas suvienyti. Ir kai vien\u0105 dien\u0105 jos pasaulis visi\u0161kai sugriuvo, Christina ry\u017eosi stoti \u012f akistat\u0105 su praeitimi \u2013 gr\u012f\u017eti \u012f Brazilij\u0105 ie\u0161koti biologin\u0117s motinos ir i\u0161siai\u0161kinti, kas gi i\u0161 ties\u0173 ji yra.<\/div>\n<div><\/div>\n<div>Christina Rickardsson \u012fk\u016br\u0117 fond\u0105 \u201eCoelho Growth Foundation&#8221;, kuris siekia pad\u0117ti skurde gyvenantiems vaikams.<\/div>\n<div><\/div>\n","protected":false},"featured_media":5164,"comment_status":"closed","ping_status":"closed","template":"","meta":{"_acf_changed":false,"site-sidebar-layout":"default","site-content-layout":"","ast-site-content-layout":"default","site-content-style":"default","site-sidebar-style":"default","ast-global-header-display":"","ast-banner-title-visibility":"","ast-main-header-display":"","ast-hfb-above-header-display":"","ast-hfb-below-header-display":"","ast-hfb-mobile-header-display":"","site-post-title":"","ast-breadcrumbs-content":"","ast-featured-img":"","footer-sml-layout":"","ast-disable-related-posts":"","theme-transparent-header-meta":"","adv-header-id-meta":"","stick-header-meta":"","header-above-stick-meta":"","header-main-stick-meta":"","header-below-stick-meta":"","astra-migrate-meta-layouts":"default","ast-page-background-enabled":"default","ast-page-background-meta":{"desktop":{"background-color":"","background-image":"","background-repeat":"repeat","background-position":"center center","background-size":"auto","background-attachment":"scroll","background-type":"","background-media":"","overlay-type":"","overlay-color":"","overlay-opacity":"","overlay-gradient":""},"tablet":{"background-color":"","background-image":"","background-repeat":"repeat","background-position":"center center","background-size":"auto","background-attachment":"scroll","background-type":"","background-media":"","overlay-type":"","overlay-color":"","overlay-opacity":"","overlay-gradient":""},"mobile":{"background-color":"","background-image":"","background-repeat":"repeat","background-position":"center center","background-size":"auto","background-attachment":"scroll","background-type":"","background-media":"","overlay-type":"","overlay-color":"","overlay-opacity":"","overlay-gradient":""}},"ast-content-background-meta":{"desktop":{"background-color":"var(--ast-global-color-4)","background-image":"","background-repeat":"repeat","background-position":"center center","background-size":"auto","background-attachment":"scroll","background-type":"","background-media":"","overlay-type":"","overlay-color":"","overlay-opacity":"","overlay-gradient":""},"tablet":{"background-color":"var(--ast-global-color-4)","background-image":"","background-repeat":"repeat","background-position":"center center","background-size":"auto","background-attachment":"scroll","background-type":"","background-media":"","overlay-type":"","overlay-color":"","overlay-opacity":"","overlay-gradient":""},"mobile":{"background-color":"var(--ast-global-color-4)","background-image":"","background-repeat":"repeat","background-position":"center center","background-size":"auto","background-attachment":"scroll","background-type":"","background-media":"","overlay-type":"","overlay-color":"","overlay-opacity":"","overlay-gradient":""}}},"product_brand":[],"product_cat":[31],"product_tag":[2692,3132,3130,3133,3134,3131],"class_list":{"0":"post-5110","1":"product","2":"type-product","3":"status-publish","4":"has-post-thumbnail","6":"product_cat-grozine-literatura","7":"product_tag-autobiografija","8":"product_tag-brazilija","9":"product_tag-christina-rickardsson","10":"product_tag-svedija","11":"product_tag-tapatybes-paieskos","12":"product_tag-vaikyste","13":"pa_leidimo-metai-645","14":"desktop-align-left","15":"tablet-align-left","16":"mobile-align-left","18":"first","19":"instock","20":"shipping-taxable","21":"purchasable","22":"product-type-simple"},"acf":[],"yoast_head":"<!-- This site is optimized with the Yoast SEO plugin v27.0 - https:\/\/yoast.com\/product\/yoast-seo-wordpress\/ -->\n<title>Niekada nesustok<\/title>\n<meta name=\"description\" content=\"Nuo San Paulo gatvi\u0173 Brazilijoje iki Norlando \u0160vedijoje.  \u201eNiekada nesustok\u201c \u2013 tikra istorija apie tapatyb\u0117s paie\u0161kas.  Christiana Mara Coelho gim\u0117 Brazilijoje visi\u0161kame skurde. Pirmuosius septynerius metus gyveno mi\u0161k\u0173 olose ir elgetavo San Paulo gatv\u0117se. Tur\u0117jo mylin\u010di\u0105 mam\u0105, bet vien\u0105 dien\u0105 su ma\u017euoju broliuku atsid\u016br\u0117 vaik\u0173 namuose.  Christina Rickardsson u\u017eaugo \u0160vedijoje, j\u0105 su broliu \u012fvaikinusioje \u0161eimoje. Buvo apsupta \u012ft\u0117vi\u0173 d\u0117mesio, meil\u0117s ir r\u016bpestingumo, ta\u010diau kankinamai ilg\u0117josi to, k\u0105 prarado.  Ji visada jaut\u0117, kad turi prisitaikyti \u2013 prie gatv\u0117s \u012fstatym\u0173, vaik\u0173 nam\u0173 taisykli\u0173 ir sprendim\u0173, prie naujos aplinkos \u0160vedijoje. Ji buvo dvilyp\u0117 asmenyb\u0117 \u2013 Christina i\u0161 Norlando ir Christiana i\u0161 Brazilijos. Ne visada b\u016bdavo lengva jas suvienyti. Ir kai vien\u0105 dien\u0105 jos pasaulis visi\u0161kai sugriuvo, Christina ry\u017eosi stoti \u012f akistat\u0105 su praeitimi \u2013 gr\u012f\u017eti \u012f Brazilij\u0105 ie\u0161koti biologin\u0117s motinos ir i\u0161siai\u0161kinti, kas gi i\u0161 ties\u0173 ji yra.  Christina Rickardsson \u012fk\u016br\u0117 fond\u0105 \u201eCoelho Growth Foundation&quot;, kuris siekia pad\u0117ti skurde gyvenantiems vaikams.\" \/>\n<meta name=\"robots\" content=\"index, follow, max-snippet:-1, max-image-preview:large, max-video-preview:-1\" \/>\n<link rel=\"canonical\" href=\"https:\/\/skaitytaknyga.lt\/en\/produktas\/christina-rickardsson-niekada-nesustok\/\" \/>\n<meta property=\"og:locale\" content=\"en_GB\" \/>\n<meta property=\"og:locale:alternate\" content=\"lt_LT\" \/>\n<meta property=\"og:type\" content=\"article\" \/>\n<meta property=\"og:title\" content=\"Niekada nesustok\" \/>\n<meta property=\"og:description\" content=\"Nuo San Paulo gatvi\u0173 Brazilijoje iki Norlando \u0160vedijoje.  \u201eNiekada nesustok\u201c \u2013 tikra istorija apie tapatyb\u0117s paie\u0161kas.  Christiana Mara Coelho gim\u0117 Brazilijoje visi\u0161kame skurde. Pirmuosius septynerius metus gyveno mi\u0161k\u0173 olose ir elgetavo San Paulo gatv\u0117se. Tur\u0117jo mylin\u010di\u0105 mam\u0105, bet vien\u0105 dien\u0105 su ma\u017euoju broliuku atsid\u016br\u0117 vaik\u0173 namuose.  Christina Rickardsson u\u017eaugo \u0160vedijoje, j\u0105 su broliu \u012fvaikinusioje \u0161eimoje. Buvo apsupta \u012ft\u0117vi\u0173 d\u0117mesio, meil\u0117s ir r\u016bpestingumo, ta\u010diau kankinamai ilg\u0117josi to, k\u0105 prarado.  Ji visada jaut\u0117, kad turi prisitaikyti \u2013 prie gatv\u0117s \u012fstatym\u0173, vaik\u0173 nam\u0173 taisykli\u0173 ir sprendim\u0173, prie naujos aplinkos \u0160vedijoje. Ji buvo dvilyp\u0117 asmenyb\u0117 \u2013 Christina i\u0161 Norlando ir Christiana i\u0161 Brazilijos. Ne visada b\u016bdavo lengva jas suvienyti. Ir kai vien\u0105 dien\u0105 jos pasaulis visi\u0161kai sugriuvo, Christina ry\u017eosi stoti \u012f akistat\u0105 su praeitimi \u2013 gr\u012f\u017eti \u012f Brazilij\u0105 ie\u0161koti biologin\u0117s motinos ir i\u0161siai\u0161kinti, kas gi i\u0161 ties\u0173 ji yra.  Christina Rickardsson \u012fk\u016br\u0117 fond\u0105 \u201eCoelho Growth Foundation&quot;, kuris siekia pad\u0117ti skurde gyvenantiems vaikams.\" \/>\n<meta property=\"og:url\" content=\"https:\/\/skaitytaknyga.lt\/en\/produktas\/christina-rickardsson-niekada-nesustok\/\" \/>\n<meta property=\"og:site_name\" content=\"Skaitytaknyga\" \/>\n<meta property=\"article:publisher\" content=\"https:\/\/www.facebook.com\/skaitytaknyga\/\" \/>\n<meta property=\"article:modified_time\" content=\"2025-05-15T09:56:19+00:00\" \/>\n<meta property=\"og:image\" content=\"https:\/\/skaitytaknyga.lt\/wp-content\/uploads\/2024\/04\/000000000002180916-5cdd41a49a812-asset-knyguklubas-9786098233308_niekada_nesustok.jpg\" \/>\n\t<meta property=\"og:image:width\" content=\"470\" \/>\n\t<meta property=\"og:image:height\" content=\"700\" \/>\n\t<meta property=\"og:image:type\" content=\"image\/jpeg\" \/>\n<meta name=\"twitter:card\" content=\"summary_large_image\" \/>\n<meta name=\"twitter:label1\" content=\"Estimated reading time\" \/>\n\t<meta name=\"twitter:data1\" content=\"1 minute\" \/>\n<script type=\"application\/ld+json\" class=\"yoast-schema-graph\">{\"@context\":\"https:\/\/schema.org\",\"@graph\":[{\"@type\":\"WebPage\",\"@id\":\"https:\/\/skaitytaknyga.lt\/produktas\/christina-rickardsson-niekada-nesustok\/\",\"url\":\"https:\/\/skaitytaknyga.lt\/produktas\/christina-rickardsson-niekada-nesustok\/\",\"name\":\"Niekada nesustok\",\"isPartOf\":{\"@id\":\"https:\/\/skaitytaknyga.lt\/#website\"},\"primaryImageOfPage\":{\"@id\":\"https:\/\/skaitytaknyga.lt\/produktas\/christina-rickardsson-niekada-nesustok\/#primaryimage\"},\"image\":{\"@id\":\"https:\/\/skaitytaknyga.lt\/produktas\/christina-rickardsson-niekada-nesustok\/#primaryimage\"},\"thumbnailUrl\":\"https:\/\/skaitytaknyga.lt\/wp-content\/uploads\/2024\/04\/000000000002180916-5cdd41a49a812-asset-knyguklubas-9786098233308_niekada_nesustok.jpg\",\"datePublished\":\"2024-04-17T14:01:40+00:00\",\"dateModified\":\"2025-05-15T09:56:19+00:00\",\"description\":\"Nuo San Paulo gatvi\u0173 Brazilijoje iki Norlando \u0160vedijoje. \u201eNiekada nesustok\u201c \u2013 tikra istorija apie tapatyb\u0117s paie\u0161kas. Christiana Mara Coelho gim\u0117 Brazilijoje visi\u0161kame skurde. Pirmuosius septynerius metus gyveno mi\u0161k\u0173 olose ir elgetavo San Paulo gatv\u0117se. Tur\u0117jo mylin\u010di\u0105 mam\u0105, bet vien\u0105 dien\u0105 su ma\u017euoju broliuku atsid\u016br\u0117 vaik\u0173 namuose. Christina Rickardsson u\u017eaugo \u0160vedijoje, j\u0105 su broliu \u012fvaikinusioje \u0161eimoje. Buvo apsupta \u012ft\u0117vi\u0173 d\u0117mesio, meil\u0117s ir r\u016bpestingumo, ta\u010diau kankinamai ilg\u0117josi to, k\u0105 prarado. Ji visada jaut\u0117, kad turi prisitaikyti \u2013 prie gatv\u0117s \u012fstatym\u0173, vaik\u0173 nam\u0173 taisykli\u0173 ir sprendim\u0173, prie naujos aplinkos \u0160vedijoje. Ji buvo dvilyp\u0117 asmenyb\u0117 \u2013 Christina i\u0161 Norlando ir Christiana i\u0161 Brazilijos. Ne visada b\u016bdavo lengva jas suvienyti. Ir kai vien\u0105 dien\u0105 jos pasaulis visi\u0161kai sugriuvo, Christina ry\u017eosi stoti \u012f akistat\u0105 su praeitimi \u2013 gr\u012f\u017eti \u012f Brazilij\u0105 ie\u0161koti biologin\u0117s motinos ir i\u0161siai\u0161kinti, kas gi i\u0161 ties\u0173 ji yra. Christina Rickardsson \u012fk\u016br\u0117 fond\u0105 \u201eCoelho Growth Foundation\\\", kuris siekia pad\u0117ti skurde gyvenantiems vaikams.\",\"breadcrumb\":{\"@id\":\"https:\/\/skaitytaknyga.lt\/produktas\/christina-rickardsson-niekada-nesustok\/#breadcrumb\"},\"inLanguage\":\"en-GB\",\"potentialAction\":[{\"@type\":\"ReadAction\",\"target\":[\"https:\/\/skaitytaknyga.lt\/produktas\/christina-rickardsson-niekada-nesustok\/\"]}]},{\"@type\":\"ImageObject\",\"inLanguage\":\"en-GB\",\"@id\":\"https:\/\/skaitytaknyga.lt\/produktas\/christina-rickardsson-niekada-nesustok\/#primaryimage\",\"url\":\"https:\/\/skaitytaknyga.lt\/wp-content\/uploads\/2024\/04\/000000000002180916-5cdd41a49a812-asset-knyguklubas-9786098233308_niekada_nesustok.jpg\",\"contentUrl\":\"https:\/\/skaitytaknyga.lt\/wp-content\/uploads\/2024\/04\/000000000002180916-5cdd41a49a812-asset-knyguklubas-9786098233308_niekada_nesustok.jpg\",\"width\":470,\"height\":700},{\"@type\":\"BreadcrumbList\",\"@id\":\"https:\/\/skaitytaknyga.lt\/produktas\/christina-rickardsson-niekada-nesustok\/#breadcrumb\",\"itemListElement\":[{\"@type\":\"ListItem\",\"position\":1,\"name\":\"Home\",\"item\":\"https:\/\/skaitytaknyga.lt\/\"},{\"@type\":\"ListItem\",\"position\":2,\"name\":\"Parduotuv\u0117\",\"item\":\"https:\/\/skaitytaknyga.lt\/knygu-parduotuve\/\"},{\"@type\":\"ListItem\",\"position\":3,\"name\":\"Niekada nesustok\"}]},{\"@type\":\"WebSite\",\"@id\":\"https:\/\/skaitytaknyga.lt\/#website\",\"url\":\"https:\/\/skaitytaknyga.lt\/\",\"name\":\"skaitytaknyga.lt\",\"description\":\"Skaitytaknyga.lt \u2013 tai ma\u017eas \u0161eimos verslas, kuris prasid\u0117jo nuo meil\u0117s knygoms ir siekio i\u0161gelb\u0117ti knygas nuo likimo prie konteinerio. Kas vienam nereikalingas daiktas \u2013 kitam lobis, o mes esame tarpininkai, kurie padeda abiems tapti laimingesniems ???? \u017dinome kaip nelengva i\u0161gyventi ma\u017eiems verslams, tad nuo \u0161iol, \u010dia rasite ir kit\u0173, ma\u017e\u0173 \u0161eim\u0173 versl\u0173, rank\u0173 darbo, dovan\u0173 sau ir artimiesiems.\",\"publisher\":{\"@id\":\"https:\/\/skaitytaknyga.lt\/#organization\"},\"potentialAction\":[{\"@type\":\"SearchAction\",\"target\":{\"@type\":\"EntryPoint\",\"urlTemplate\":\"https:\/\/skaitytaknyga.lt\/?s={search_term_string}\"},\"query-input\":{\"@type\":\"PropertyValueSpecification\",\"valueRequired\":true,\"valueName\":\"search_term_string\"}}],\"inLanguage\":\"en-GB\"},{\"@type\":\"Organization\",\"@id\":\"https:\/\/skaitytaknyga.lt\/#organization\",\"name\":\"skaitytaknyga.lt\",\"url\":\"https:\/\/skaitytaknyga.lt\/\",\"logo\":{\"@type\":\"ImageObject\",\"inLanguage\":\"en-GB\",\"@id\":\"https:\/\/skaitytaknyga.lt\/#\/schema\/logo\/image\/\",\"url\":\"https:\/\/skaitytaknyga.lt\/wp-content\/uploads\/2024\/05\/cropped-cropped-cropped-02_00843_jt3bggkj1j3HLc7SyY6rEUpg.jpeg\",\"contentUrl\":\"https:\/\/skaitytaknyga.lt\/wp-content\/uploads\/2024\/05\/cropped-cropped-cropped-02_00843_jt3bggkj1j3HLc7SyY6rEUpg.jpeg\",\"width\":1600,\"height\":1600,\"caption\":\"skaitytaknyga.lt\"},\"image\":{\"@id\":\"https:\/\/skaitytaknyga.lt\/#\/schema\/logo\/image\/\"},\"sameAs\":[\"https:\/\/www.facebook.com\/skaitytaknyga\/\"]}]}<\/script>\n<!-- \/ Yoast SEO plugin. -->","yoast_head_json":{"title":"Niekada nesustok","description":"Nuo San Paulo gatvi\u0173 Brazilijoje iki Norlando \u0160vedijoje.  \u201eNiekada nesustok\u201c \u2013 tikra istorija apie tapatyb\u0117s paie\u0161kas.  Christiana Mara Coelho gim\u0117 Brazilijoje visi\u0161kame skurde. Pirmuosius septynerius metus gyveno mi\u0161k\u0173 olose ir elgetavo San Paulo gatv\u0117se. Tur\u0117jo mylin\u010di\u0105 mam\u0105, bet vien\u0105 dien\u0105 su ma\u017euoju broliuku atsid\u016br\u0117 vaik\u0173 namuose.  Christina Rickardsson u\u017eaugo \u0160vedijoje, j\u0105 su broliu \u012fvaikinusioje \u0161eimoje. Buvo apsupta \u012ft\u0117vi\u0173 d\u0117mesio, meil\u0117s ir r\u016bpestingumo, ta\u010diau kankinamai ilg\u0117josi to, k\u0105 prarado.  Ji visada jaut\u0117, kad turi prisitaikyti \u2013 prie gatv\u0117s \u012fstatym\u0173, vaik\u0173 nam\u0173 taisykli\u0173 ir sprendim\u0173, prie naujos aplinkos \u0160vedijoje. Ji buvo dvilyp\u0117 asmenyb\u0117 \u2013 Christina i\u0161 Norlando ir Christiana i\u0161 Brazilijos. Ne visada b\u016bdavo lengva jas suvienyti. Ir kai vien\u0105 dien\u0105 jos pasaulis visi\u0161kai sugriuvo, Christina ry\u017eosi stoti \u012f akistat\u0105 su praeitimi \u2013 gr\u012f\u017eti \u012f Brazilij\u0105 ie\u0161koti biologin\u0117s motinos ir i\u0161siai\u0161kinti, kas gi i\u0161 ties\u0173 ji yra.  Christina Rickardsson \u012fk\u016br\u0117 fond\u0105 \u201eCoelho Growth Foundation\", kuris siekia pad\u0117ti skurde gyvenantiems vaikams.","robots":{"index":"index","follow":"follow","max-snippet":"max-snippet:-1","max-image-preview":"max-image-preview:large","max-video-preview":"max-video-preview:-1"},"canonical":"https:\/\/skaitytaknyga.lt\/en\/produktas\/christina-rickardsson-niekada-nesustok\/","og_locale":"en_GB","og_type":"article","og_title":"[:lt]Niekada nesustok[:] - Skaitytaknyga","og_description":"Nuo San Paulo gatvi\u0173 Brazilijoje iki Norlando \u0160vedijoje.  \u201eNiekada nesustok\u201c \u2013 tikra istorija apie tapatyb\u0117s paie\u0161kas.  Christiana Mara Coelho gim\u0117 Brazilijoje visi\u0161kame skurde. Pirmuosius septynerius metus gyveno mi\u0161k\u0173 olose ir elgetavo San Paulo gatv\u0117se. Tur\u0117jo mylin\u010di\u0105 mam\u0105, bet vien\u0105 dien\u0105 su ma\u017euoju broliuku atsid\u016br\u0117 vaik\u0173 namuose.  Christina Rickardsson u\u017eaugo \u0160vedijoje, j\u0105 su broliu \u012fvaikinusioje \u0161eimoje. Buvo apsupta \u012ft\u0117vi\u0173 d\u0117mesio, meil\u0117s ir r\u016bpestingumo, ta\u010diau kankinamai ilg\u0117josi to, k\u0105 prarado.  Ji visada jaut\u0117, kad turi prisitaikyti \u2013 prie gatv\u0117s \u012fstatym\u0173, vaik\u0173 nam\u0173 taisykli\u0173 ir sprendim\u0173, prie naujos aplinkos \u0160vedijoje. Ji buvo dvilyp\u0117 asmenyb\u0117 \u2013 Christina i\u0161 Norlando ir Christiana i\u0161 Brazilijos. Ne visada b\u016bdavo lengva jas suvienyti. Ir kai vien\u0105 dien\u0105 jos pasaulis visi\u0161kai sugriuvo, Christina ry\u017eosi stoti \u012f akistat\u0105 su praeitimi \u2013 gr\u012f\u017eti \u012f Brazilij\u0105 ie\u0161koti biologin\u0117s motinos ir i\u0161siai\u0161kinti, kas gi i\u0161 ties\u0173 ji yra.  Christina Rickardsson \u012fk\u016br\u0117 fond\u0105 \u201eCoelho Growth Foundation\", kuris siekia pad\u0117ti skurde gyvenantiems vaikams.","og_url":"https:\/\/skaitytaknyga.lt\/en\/produktas\/christina-rickardsson-niekada-nesustok\/","og_site_name":"Skaitytaknyga","article_publisher":"https:\/\/www.facebook.com\/skaitytaknyga\/","article_modified_time":"2025-05-15T09:56:19+00:00","og_image":[{"width":470,"height":700,"url":"https:\/\/skaitytaknyga.lt\/wp-content\/uploads\/2024\/04\/000000000002180916-5cdd41a49a812-asset-knyguklubas-9786098233308_niekada_nesustok.jpg","type":"image\/jpeg"}],"twitter_card":"summary_large_image","twitter_misc":{"Estimated reading time":"1 minute"},"schema":{"@context":"https:\/\/schema.org","@graph":[{"@type":"WebPage","@id":"https:\/\/skaitytaknyga.lt\/produktas\/christina-rickardsson-niekada-nesustok\/","url":"https:\/\/skaitytaknyga.lt\/produktas\/christina-rickardsson-niekada-nesustok\/","name":"Niekada nesustok","isPartOf":{"@id":"https:\/\/skaitytaknyga.lt\/#website"},"primaryImageOfPage":{"@id":"https:\/\/skaitytaknyga.lt\/produktas\/christina-rickardsson-niekada-nesustok\/#primaryimage"},"image":{"@id":"https:\/\/skaitytaknyga.lt\/produktas\/christina-rickardsson-niekada-nesustok\/#primaryimage"},"thumbnailUrl":"https:\/\/skaitytaknyga.lt\/wp-content\/uploads\/2024\/04\/000000000002180916-5cdd41a49a812-asset-knyguklubas-9786098233308_niekada_nesustok.jpg","datePublished":"2024-04-17T14:01:40+00:00","dateModified":"2025-05-15T09:56:19+00:00","description":"Nuo San Paulo gatvi\u0173 Brazilijoje iki Norlando \u0160vedijoje. \u201eNiekada nesustok\u201c \u2013 tikra istorija apie tapatyb\u0117s paie\u0161kas. Christiana Mara Coelho gim\u0117 Brazilijoje visi\u0161kame skurde. Pirmuosius septynerius metus gyveno mi\u0161k\u0173 olose ir elgetavo San Paulo gatv\u0117se. Tur\u0117jo mylin\u010di\u0105 mam\u0105, bet vien\u0105 dien\u0105 su ma\u017euoju broliuku atsid\u016br\u0117 vaik\u0173 namuose. Christina Rickardsson u\u017eaugo \u0160vedijoje, j\u0105 su broliu \u012fvaikinusioje \u0161eimoje. Buvo apsupta \u012ft\u0117vi\u0173 d\u0117mesio, meil\u0117s ir r\u016bpestingumo, ta\u010diau kankinamai ilg\u0117josi to, k\u0105 prarado. Ji visada jaut\u0117, kad turi prisitaikyti \u2013 prie gatv\u0117s \u012fstatym\u0173, vaik\u0173 nam\u0173 taisykli\u0173 ir sprendim\u0173, prie naujos aplinkos \u0160vedijoje. Ji buvo dvilyp\u0117 asmenyb\u0117 \u2013 Christina i\u0161 Norlando ir Christiana i\u0161 Brazilijos. Ne visada b\u016bdavo lengva jas suvienyti. Ir kai vien\u0105 dien\u0105 jos pasaulis visi\u0161kai sugriuvo, Christina ry\u017eosi stoti \u012f akistat\u0105 su praeitimi \u2013 gr\u012f\u017eti \u012f Brazilij\u0105 ie\u0161koti biologin\u0117s motinos ir i\u0161siai\u0161kinti, kas gi i\u0161 ties\u0173 ji yra. Christina Rickardsson \u012fk\u016br\u0117 fond\u0105 \u201eCoelho Growth Foundation\", kuris siekia pad\u0117ti skurde gyvenantiems vaikams.","breadcrumb":{"@id":"https:\/\/skaitytaknyga.lt\/produktas\/christina-rickardsson-niekada-nesustok\/#breadcrumb"},"inLanguage":"en-GB","potentialAction":[{"@type":"ReadAction","target":["https:\/\/skaitytaknyga.lt\/produktas\/christina-rickardsson-niekada-nesustok\/"]}]},{"@type":"ImageObject","inLanguage":"en-GB","@id":"https:\/\/skaitytaknyga.lt\/produktas\/christina-rickardsson-niekada-nesustok\/#primaryimage","url":"https:\/\/skaitytaknyga.lt\/wp-content\/uploads\/2024\/04\/000000000002180916-5cdd41a49a812-asset-knyguklubas-9786098233308_niekada_nesustok.jpg","contentUrl":"https:\/\/skaitytaknyga.lt\/wp-content\/uploads\/2024\/04\/000000000002180916-5cdd41a49a812-asset-knyguklubas-9786098233308_niekada_nesustok.jpg","width":470,"height":700},{"@type":"BreadcrumbList","@id":"https:\/\/skaitytaknyga.lt\/produktas\/christina-rickardsson-niekada-nesustok\/#breadcrumb","itemListElement":[{"@type":"ListItem","position":1,"name":"Home","item":"https:\/\/skaitytaknyga.lt\/"},{"@type":"ListItem","position":2,"name":"Parduotuv\u0117","item":"https:\/\/skaitytaknyga.lt\/knygu-parduotuve\/"},{"@type":"ListItem","position":3,"name":"Niekada nesustok"}]},{"@type":"WebSite","@id":"https:\/\/skaitytaknyga.lt\/#website","url":"https:\/\/skaitytaknyga.lt\/","name":"skaitytaknyga.lt","description":"Skaitytaknyga.lt \u2013 tai ma\u017eas \u0161eimos verslas, kuris prasid\u0117jo nuo meil\u0117s knygoms ir siekio i\u0161gelb\u0117ti knygas nuo likimo prie konteinerio. Kas vienam nereikalingas daiktas \u2013 kitam lobis, o mes esame tarpininkai, kurie padeda abiems tapti laimingesniems ???? \u017dinome kaip nelengva i\u0161gyventi ma\u017eiems verslams, tad nuo \u0161iol, \u010dia rasite ir kit\u0173, ma\u017e\u0173 \u0161eim\u0173 versl\u0173, rank\u0173 darbo, dovan\u0173 sau ir artimiesiems.","publisher":{"@id":"https:\/\/skaitytaknyga.lt\/#organization"},"potentialAction":[{"@type":"SearchAction","target":{"@type":"EntryPoint","urlTemplate":"https:\/\/skaitytaknyga.lt\/?s={search_term_string}"},"query-input":{"@type":"PropertyValueSpecification","valueRequired":true,"valueName":"search_term_string"}}],"inLanguage":"en-GB"},{"@type":"Organization","@id":"https:\/\/skaitytaknyga.lt\/#organization","name":"skaitytaknyga.lt","url":"https:\/\/skaitytaknyga.lt\/","logo":{"@type":"ImageObject","inLanguage":"en-GB","@id":"https:\/\/skaitytaknyga.lt\/#\/schema\/logo\/image\/","url":"https:\/\/skaitytaknyga.lt\/wp-content\/uploads\/2024\/05\/cropped-cropped-cropped-02_00843_jt3bggkj1j3HLc7SyY6rEUpg.jpeg","contentUrl":"https:\/\/skaitytaknyga.lt\/wp-content\/uploads\/2024\/05\/cropped-cropped-cropped-02_00843_jt3bggkj1j3HLc7SyY6rEUpg.jpeg","width":1600,"height":1600,"caption":"skaitytaknyga.lt"},"image":{"@id":"https:\/\/skaitytaknyga.lt\/#\/schema\/logo\/image\/"},"sameAs":["https:\/\/www.facebook.com\/skaitytaknyga\/"]}]}},"_links":{"self":[{"href":"https:\/\/skaitytaknyga.lt\/en\/wp-json\/wp\/v2\/product\/5110","targetHints":{"allow":["GET"]}}],"collection":[{"href":"https:\/\/skaitytaknyga.lt\/en\/wp-json\/wp\/v2\/product"}],"about":[{"href":"https:\/\/skaitytaknyga.lt\/en\/wp-json\/wp\/v2\/types\/product"}],"replies":[{"embeddable":true,"href":"https:\/\/skaitytaknyga.lt\/en\/wp-json\/wp\/v2\/comments?post=5110"}],"wp:featuredmedia":[{"embeddable":true,"href":"https:\/\/skaitytaknyga.lt\/en\/wp-json\/wp\/v2\/media\/5164"}],"wp:attachment":[{"href":"https:\/\/skaitytaknyga.lt\/en\/wp-json\/wp\/v2\/media?parent=5110"}],"wp:term":[{"taxonomy":"product_brand","embeddable":true,"href":"https:\/\/skaitytaknyga.lt\/en\/wp-json\/wp\/v2\/product_brand?post=5110"},{"taxonomy":"product_cat","embeddable":true,"href":"https:\/\/skaitytaknyga.lt\/en\/wp-json\/wp\/v2\/product_cat?post=5110"},{"taxonomy":"product_tag","embeddable":true,"href":"https:\/\/skaitytaknyga.lt\/en\/wp-json\/wp\/v2\/product_tag?post=5110"}],"curies":[{"name":"wp","href":"https:\/\/api.w.org\/{rel}","templated":true}]}}