{"id":5109,"date":"2024-04-17T14:01:40","date_gmt":"2024-04-17T14:01:40","guid":{"rendered":"https:\/\/skaitytaknyga.lt\/?post_type=product&#038;p=5109"},"modified":"2025-06-15T20:23:29","modified_gmt":"2025-06-15T17:23:29","slug":"tobias-beck-islisk-is-savo-dezes","status":"publish","type":"product","link":"https:\/\/skaitytaknyga.lt\/en\/produktas\/tobias-beck-islisk-is-savo-dezes\/","title":{"rendered":"I\u0161l\u012fsk i\u0161 savo d\u0117\u017e\u0117s!"},"content":{"rendered":"<div>Ko gero, esate susid\u016br\u0119 su nepataisomais bambekliais \u2013 \u017emon\u0117mis, kurie vis\u0105 dien\u0105 skund\u017eiasi, kuriems niekas ne\u012ftinka, kurie nuolat renkasi aukos vaidmen\u012f. Oras v\u0117l prastas, \u0161iandien pirmadienis, kaimynas u\u017e\u0117m\u0117 viet\u0105 stov\u0117jimo aik\u0161tel\u0117je, ir dar ta skyl\u0117 riestainyje \u2013 kur tai matyta! Prasta nuotaika yra u\u017ekre\u010diama ir neigiamai veikia aplinkinius.<\/div>\n<div><\/div>\n<div>Lektorius ir motyvatorius Tobias Beckas \u0161ioje \u0161maik\u0161\u010dioje knygoje pataria, kaip s\u0117kmingai gyventi savo gyvenim\u0105 ir nepasiduoti kit\u0173 kontrolei. Taikliais pavyzd\u017eiais jis rodo, kaip atsikratyti nepataisom\u0173 bambekli\u0173, kad patys nevirstume viskuo nepatenkintais niurzgomis.<\/div>\n<div><\/div>\n<div>Gyventi laisvai \u2013 rei\u0161kia priimti pasaul\u012f tok\u012f, koks jis yra, ir baigti sk\u0173stis. Prisiimti atsakomyb\u0119 u\u017e save bei kitus ir bendrauti su \u017emon\u0117mis, kurie aktyviai veikia, o ne dejuoti, kaip viskas blogai.<\/div>\n<div><\/div>\n<div>U\u017euot m\u0105st\u0119 apie problemas ir rizikos veiksnius, i\u0161mokite reg\u0117ti progas ir galimybes. Pasukite keliu, kuriuo veda svajon\u0117s ir vizijos. Raskite \u017emoni\u0173, kurie pad\u0117s jums augti ir tobul\u0117ti \u2013 kad gyventum\u0117te s\u0117kmingai ir laisvai.<\/div>\n<div><\/div>\n","protected":false},"excerpt":{"rendered":"<div>Ko gero, esate susid\u016br\u0119 su nepataisomais bambekliais \u2013 \u017emon\u0117mis, kurie vis\u0105 dien\u0105 skund\u017eiasi, kuriems niekas ne\u012ftinka, kurie nuolat renkasi aukos vaidmen\u012f. Oras v\u0117l prastas, \u0161iandien pirmadienis, kaimynas u\u017e\u0117m\u0117 viet\u0105 stov\u0117jimo aik\u0161tel\u0117je, ir dar ta skyl\u0117 riestainyje \u2013 kur tai matyta! Prasta nuotaika yra u\u017ekre\u010diama ir neigiamai veikia aplinkinius.<\/div>\n<div><\/div>\n<div>Lektorius ir motyvatorius Tobias Beckas \u0161ioje \u0161maik\u0161\u010dioje knygoje pataria, kaip s\u0117kmingai gyventi savo gyvenim\u0105 ir nepasiduoti kit\u0173 kontrolei. Taikliais pavyzd\u017eiais jis rodo, kaip atsikratyti nepataisom\u0173 bambekli\u0173, kad patys nevirstume viskuo nepatenkintais niurzgomis.<\/div>\n<div><\/div>\n<div>Gyventi laisvai \u2013 rei\u0161kia priimti pasaul\u012f tok\u012f, koks jis yra, ir baigti sk\u0173stis. Prisiimti atsakomyb\u0119 u\u017e save bei kitus ir bendrauti su \u017emon\u0117mis, kurie aktyviai veikia, o ne dejuoti, kaip viskas blogai.<\/div>\n<div><\/div>\n<div>U\u017euot m\u0105st\u0119 apie problemas ir rizikos veiksnius, i\u0161mokite reg\u0117ti progas ir galimybes. Pasukite keliu, kuriuo veda svajon\u0117s ir vizijos. Raskite \u017emoni\u0173, kurie pad\u0117s jums augti ir tobul\u0117ti \u2013 kad gyventum\u0117te s\u0117kmingai ir laisvai.<\/div>\n<div><\/div>\n","protected":false},"featured_media":5163,"comment_status":"closed","ping_status":"closed","template":"","meta":{"_acf_changed":false,"site-sidebar-layout":"default","site-content-layout":"","ast-site-content-layout":"default","site-content-style":"default","site-sidebar-style":"default","ast-global-header-display":"","ast-banner-title-visibility":"","ast-main-header-display":"","ast-hfb-above-header-display":"","ast-hfb-below-header-display":"","ast-hfb-mobile-header-display":"","site-post-title":"","ast-breadcrumbs-content":"","ast-featured-img":"","footer-sml-layout":"","ast-disable-related-posts":"","theme-transparent-header-meta":"","adv-header-id-meta":"","stick-header-meta":"","header-above-stick-meta":"","header-main-stick-meta":"","header-below-stick-meta":"","astra-migrate-meta-layouts":"default","ast-page-background-enabled":"default","ast-page-background-meta":{"desktop":{"background-color":"","background-image":"","background-repeat":"repeat","background-position":"center center","background-size":"auto","background-attachment":"scroll","background-type":"","background-media":"","overlay-type":"","overlay-color":"","overlay-opacity":"","overlay-gradient":""},"tablet":{"background-color":"","background-image":"","background-repeat":"repeat","background-position":"center center","background-size":"auto","background-attachment":"scroll","background-type":"","background-media":"","overlay-type":"","overlay-color":"","overlay-opacity":"","overlay-gradient":""},"mobile":{"background-color":"","background-image":"","background-repeat":"repeat","background-position":"center center","background-size":"auto","background-attachment":"scroll","background-type":"","background-media":"","overlay-type":"","overlay-color":"","overlay-opacity":"","overlay-gradient":""}},"ast-content-background-meta":{"desktop":{"background-color":"var(--ast-global-color-4)","background-image":"","background-repeat":"repeat","background-position":"center center","background-size":"auto","background-attachment":"scroll","background-type":"","background-media":"","overlay-type":"","overlay-color":"","overlay-opacity":"","overlay-gradient":""},"tablet":{"background-color":"var(--ast-global-color-4)","background-image":"","background-repeat":"repeat","background-position":"center center","background-size":"auto","background-attachment":"scroll","background-type":"","background-media":"","overlay-type":"","overlay-color":"","overlay-opacity":"","overlay-gradient":""},"mobile":{"background-color":"var(--ast-global-color-4)","background-image":"","background-repeat":"repeat","background-position":"center center","background-size":"auto","background-attachment":"scroll","background-type":"","background-media":"","overlay-type":"","overlay-color":"","overlay-opacity":"","overlay-gradient":""}}},"product_brand":[],"product_cat":[30],"product_tag":[],"class_list":{"0":"post-5109","1":"product","2":"type-product","3":"status-publish","4":"has-post-thumbnail","6":"product_cat-psichologija-ir-saviugda","7":"pa_leidimo-metai-645","8":"pa_virselis-minkstas","9":"desktop-align-left","10":"tablet-align-left","11":"mobile-align-left","13":"first","14":"instock","15":"shipping-taxable","16":"purchasable","17":"product-type-simple"},"acf":[],"yoast_head":"<!-- This site is optimized with the Yoast SEO plugin v27.0 - https:\/\/yoast.com\/product\/yoast-seo-wordpress\/ -->\n<title>I\u0161l\u012fsk i\u0161 savo d\u0117\u017e\u0117s!<\/title>\n<meta name=\"description\" content=\"Ko gero, esate susid\u016br\u0119 su nepataisomais bambekliais \u2013 \u017emon\u0117mis, kurie vis\u0105 dien\u0105 skund\u017eiasi, kuriems niekas ne\u012ftinka, kurie nuolat renkasi aukos vaidmen\u012f. Oras v\u0117l prastas, \u0161iandien pirmadienis, kaimynas u\u017e\u0117m\u0117 viet\u0105 stov\u0117jimo aik\u0161tel\u0117je, ir dar ta skyl\u0117 riestainyje \u2013 kur tai matyta! Prasta nuotaika yra u\u017ekre\u010diama ir neigiamai veikia aplinkinius.  Lektorius ir motyvatorius Tobias Beckas \u0161ioje \u0161maik\u0161\u010dioje knygoje pataria, kaip s\u0117kmingai gyventi savo gyvenim\u0105 ir nepasiduoti kit\u0173 kontrolei. Taikliais pavyzd\u017eiais jis rodo, kaip atsikratyti nepataisom\u0173 bambekli\u0173, kad patys nevirstume viskuo nepatenkintais niurzgomis.  Gyventi laisvai \u2013 rei\u0161kia priimti pasaul\u012f tok\u012f, koks jis yra, ir baigti sk\u0173stis. Prisiimti atsakomyb\u0119 u\u017e save bei kitus ir bendrauti su \u017emon\u0117mis, kurie aktyviai veikia, o ne dejuoti, kaip viskas blogai.  U\u017euot m\u0105st\u0119 apie problemas ir rizikos veiksnius, i\u0161mokite reg\u0117ti progas ir galimybes. Pasukite keliu, kuriuo veda svajon\u0117s ir vizijos. Raskite \u017emoni\u0173, kurie pad\u0117s jums augti ir tobul\u0117ti \u2013 kad gyventum\u0117te s\u0117kmingai ir laisvai.\" \/>\n<meta name=\"robots\" content=\"index, follow, max-snippet:-1, max-image-preview:large, max-video-preview:-1\" \/>\n<link rel=\"canonical\" href=\"https:\/\/skaitytaknyga.lt\/en\/produktas\/tobias-beck-islisk-is-savo-dezes\/\" \/>\n<meta property=\"og:locale\" content=\"en_GB\" \/>\n<meta property=\"og:locale:alternate\" content=\"lt_LT\" \/>\n<meta property=\"og:type\" content=\"article\" \/>\n<meta property=\"og:title\" content=\"I\u0161l\u012fsk i\u0161 savo d\u0117\u017e\u0117s!\" \/>\n<meta property=\"og:description\" content=\"Ko gero, esate susid\u016br\u0119 su nepataisomais bambekliais \u2013 \u017emon\u0117mis, kurie vis\u0105 dien\u0105 skund\u017eiasi, kuriems niekas ne\u012ftinka, kurie nuolat renkasi aukos vaidmen\u012f. Oras v\u0117l prastas, \u0161iandien pirmadienis, kaimynas u\u017e\u0117m\u0117 viet\u0105 stov\u0117jimo aik\u0161tel\u0117je, ir dar ta skyl\u0117 riestainyje \u2013 kur tai matyta! Prasta nuotaika yra u\u017ekre\u010diama ir neigiamai veikia aplinkinius.  Lektorius ir motyvatorius Tobias Beckas \u0161ioje \u0161maik\u0161\u010dioje knygoje pataria, kaip s\u0117kmingai gyventi savo gyvenim\u0105 ir nepasiduoti kit\u0173 kontrolei. Taikliais pavyzd\u017eiais jis rodo, kaip atsikratyti nepataisom\u0173 bambekli\u0173, kad patys nevirstume viskuo nepatenkintais niurzgomis.  Gyventi laisvai \u2013 rei\u0161kia priimti pasaul\u012f tok\u012f, koks jis yra, ir baigti sk\u0173stis. Prisiimti atsakomyb\u0119 u\u017e save bei kitus ir bendrauti su \u017emon\u0117mis, kurie aktyviai veikia, o ne dejuoti, kaip viskas blogai.  U\u017euot m\u0105st\u0119 apie problemas ir rizikos veiksnius, i\u0161mokite reg\u0117ti progas ir galimybes. Pasukite keliu, kuriuo veda svajon\u0117s ir vizijos. Raskite \u017emoni\u0173, kurie pad\u0117s jums augti ir tobul\u0117ti \u2013 kad gyventum\u0117te s\u0117kmingai ir laisvai.\" \/>\n<meta property=\"og:url\" content=\"https:\/\/skaitytaknyga.lt\/en\/produktas\/tobias-beck-islisk-is-savo-dezes\/\" \/>\n<meta property=\"og:site_name\" content=\"Skaitytaknyga\" \/>\n<meta property=\"article:publisher\" content=\"https:\/\/www.facebook.com\/skaitytaknyga\/\" \/>\n<meta property=\"article:modified_time\" content=\"2025-06-15T17:23:29+00:00\" \/>\n<meta property=\"og:image\" content=\"https:\/\/skaitytaknyga.lt\/wp-content\/uploads\/2024\/04\/000000000002181087-5d09e5872cd49-asset-knyguklubas-9786098233377_islisk_is_savo_dezes.jpg\" \/>\n\t<meta property=\"og:image:width\" content=\"412\" \/>\n\t<meta property=\"og:image:height\" content=\"605\" \/>\n\t<meta property=\"og:image:type\" content=\"image\/jpeg\" \/>\n<meta name=\"twitter:card\" content=\"summary_large_image\" \/>\n<meta name=\"twitter:label1\" content=\"Estimated reading time\" \/>\n\t<meta name=\"twitter:data1\" content=\"1 minute\" \/>\n<script type=\"application\/ld+json\" class=\"yoast-schema-graph\">{\"@context\":\"https:\/\/schema.org\",\"@graph\":[{\"@type\":\"WebPage\",\"@id\":\"https:\/\/skaitytaknyga.lt\/produktas\/tobias-beck-islisk-is-savo-dezes\/\",\"url\":\"https:\/\/skaitytaknyga.lt\/produktas\/tobias-beck-islisk-is-savo-dezes\/\",\"name\":\"I\u0161l\u012fsk i\u0161 savo d\u0117\u017e\u0117s!\",\"isPartOf\":{\"@id\":\"https:\/\/skaitytaknyga.lt\/#website\"},\"primaryImageOfPage\":{\"@id\":\"https:\/\/skaitytaknyga.lt\/produktas\/tobias-beck-islisk-is-savo-dezes\/#primaryimage\"},\"image\":{\"@id\":\"https:\/\/skaitytaknyga.lt\/produktas\/tobias-beck-islisk-is-savo-dezes\/#primaryimage\"},\"thumbnailUrl\":\"https:\/\/skaitytaknyga.lt\/wp-content\/uploads\/2024\/04\/000000000002181087-5d09e5872cd49-asset-knyguklubas-9786098233377_islisk_is_savo_dezes.jpg\",\"datePublished\":\"2024-04-17T14:01:40+00:00\",\"dateModified\":\"2025-06-15T17:23:29+00:00\",\"description\":\"Ko gero, esate susid\u016br\u0119 su nepataisomais bambekliais \u2013 \u017emon\u0117mis, kurie vis\u0105 dien\u0105 skund\u017eiasi, kuriems niekas ne\u012ftinka, kurie nuolat renkasi aukos vaidmen\u012f. Oras v\u0117l prastas, \u0161iandien pirmadienis, kaimynas u\u017e\u0117m\u0117 viet\u0105 stov\u0117jimo aik\u0161tel\u0117je, ir dar ta skyl\u0117 riestainyje \u2013 kur tai matyta! Prasta nuotaika yra u\u017ekre\u010diama ir neigiamai veikia aplinkinius. Lektorius ir motyvatorius Tobias Beckas \u0161ioje \u0161maik\u0161\u010dioje knygoje pataria, kaip s\u0117kmingai gyventi savo gyvenim\u0105 ir nepasiduoti kit\u0173 kontrolei. Taikliais pavyzd\u017eiais jis rodo, kaip atsikratyti nepataisom\u0173 bambekli\u0173, kad patys nevirstume viskuo nepatenkintais niurzgomis. Gyventi laisvai \u2013 rei\u0161kia priimti pasaul\u012f tok\u012f, koks jis yra, ir baigti sk\u0173stis. Prisiimti atsakomyb\u0119 u\u017e save bei kitus ir bendrauti su \u017emon\u0117mis, kurie aktyviai veikia, o ne dejuoti, kaip viskas blogai. U\u017euot m\u0105st\u0119 apie problemas ir rizikos veiksnius, i\u0161mokite reg\u0117ti progas ir galimybes. Pasukite keliu, kuriuo veda svajon\u0117s ir vizijos. Raskite \u017emoni\u0173, kurie pad\u0117s jums augti ir tobul\u0117ti \u2013 kad gyventum\u0117te s\u0117kmingai ir laisvai.\",\"breadcrumb\":{\"@id\":\"https:\/\/skaitytaknyga.lt\/produktas\/tobias-beck-islisk-is-savo-dezes\/#breadcrumb\"},\"inLanguage\":\"en-GB\",\"potentialAction\":[{\"@type\":\"ReadAction\",\"target\":[\"https:\/\/skaitytaknyga.lt\/produktas\/tobias-beck-islisk-is-savo-dezes\/\"]}]},{\"@type\":\"ImageObject\",\"inLanguage\":\"en-GB\",\"@id\":\"https:\/\/skaitytaknyga.lt\/produktas\/tobias-beck-islisk-is-savo-dezes\/#primaryimage\",\"url\":\"https:\/\/skaitytaknyga.lt\/wp-content\/uploads\/2024\/04\/000000000002181087-5d09e5872cd49-asset-knyguklubas-9786098233377_islisk_is_savo_dezes.jpg\",\"contentUrl\":\"https:\/\/skaitytaknyga.lt\/wp-content\/uploads\/2024\/04\/000000000002181087-5d09e5872cd49-asset-knyguklubas-9786098233377_islisk_is_savo_dezes.jpg\",\"width\":412,\"height\":605},{\"@type\":\"BreadcrumbList\",\"@id\":\"https:\/\/skaitytaknyga.lt\/produktas\/tobias-beck-islisk-is-savo-dezes\/#breadcrumb\",\"itemListElement\":[{\"@type\":\"ListItem\",\"position\":1,\"name\":\"Home\",\"item\":\"https:\/\/skaitytaknyga.lt\/\"},{\"@type\":\"ListItem\",\"position\":2,\"name\":\"Parduotuv\u0117\",\"item\":\"https:\/\/skaitytaknyga.lt\/knygu-parduotuve\/\"},{\"@type\":\"ListItem\",\"position\":3,\"name\":\"I\u0161l\u012fsk i\u0161 savo d\u0117\u017e\u0117s!\"}]},{\"@type\":\"WebSite\",\"@id\":\"https:\/\/skaitytaknyga.lt\/#website\",\"url\":\"https:\/\/skaitytaknyga.lt\/\",\"name\":\"skaitytaknyga.lt\",\"description\":\"Skaitytaknyga.lt \u2013 tai ma\u017eas \u0161eimos verslas, kuris prasid\u0117jo nuo meil\u0117s knygoms ir siekio i\u0161gelb\u0117ti knygas nuo likimo prie konteinerio. Kas vienam nereikalingas daiktas \u2013 kitam lobis, o mes esame tarpininkai, kurie padeda abiems tapti laimingesniems ???? \u017dinome kaip nelengva i\u0161gyventi ma\u017eiems verslams, tad nuo \u0161iol, \u010dia rasite ir kit\u0173, ma\u017e\u0173 \u0161eim\u0173 versl\u0173, rank\u0173 darbo, dovan\u0173 sau ir artimiesiems.\",\"publisher\":{\"@id\":\"https:\/\/skaitytaknyga.lt\/#organization\"},\"potentialAction\":[{\"@type\":\"SearchAction\",\"target\":{\"@type\":\"EntryPoint\",\"urlTemplate\":\"https:\/\/skaitytaknyga.lt\/?s={search_term_string}\"},\"query-input\":{\"@type\":\"PropertyValueSpecification\",\"valueRequired\":true,\"valueName\":\"search_term_string\"}}],\"inLanguage\":\"en-GB\"},{\"@type\":\"Organization\",\"@id\":\"https:\/\/skaitytaknyga.lt\/#organization\",\"name\":\"skaitytaknyga.lt\",\"url\":\"https:\/\/skaitytaknyga.lt\/\",\"logo\":{\"@type\":\"ImageObject\",\"inLanguage\":\"en-GB\",\"@id\":\"https:\/\/skaitytaknyga.lt\/#\/schema\/logo\/image\/\",\"url\":\"https:\/\/skaitytaknyga.lt\/wp-content\/uploads\/2024\/05\/cropped-cropped-cropped-02_00843_jt3bggkj1j3HLc7SyY6rEUpg.jpeg\",\"contentUrl\":\"https:\/\/skaitytaknyga.lt\/wp-content\/uploads\/2024\/05\/cropped-cropped-cropped-02_00843_jt3bggkj1j3HLc7SyY6rEUpg.jpeg\",\"width\":1600,\"height\":1600,\"caption\":\"skaitytaknyga.lt\"},\"image\":{\"@id\":\"https:\/\/skaitytaknyga.lt\/#\/schema\/logo\/image\/\"},\"sameAs\":[\"https:\/\/www.facebook.com\/skaitytaknyga\/\"]}]}<\/script>\n<!-- \/ Yoast SEO plugin. -->","yoast_head_json":{"title":"I\u0161l\u012fsk i\u0161 savo d\u0117\u017e\u0117s!","description":"Ko gero, esate susid\u016br\u0119 su nepataisomais bambekliais \u2013 \u017emon\u0117mis, kurie vis\u0105 dien\u0105 skund\u017eiasi, kuriems niekas ne\u012ftinka, kurie nuolat renkasi aukos vaidmen\u012f. Oras v\u0117l prastas, \u0161iandien pirmadienis, kaimynas u\u017e\u0117m\u0117 viet\u0105 stov\u0117jimo aik\u0161tel\u0117je, ir dar ta skyl\u0117 riestainyje \u2013 kur tai matyta! Prasta nuotaika yra u\u017ekre\u010diama ir neigiamai veikia aplinkinius.  Lektorius ir motyvatorius Tobias Beckas \u0161ioje \u0161maik\u0161\u010dioje knygoje pataria, kaip s\u0117kmingai gyventi savo gyvenim\u0105 ir nepasiduoti kit\u0173 kontrolei. Taikliais pavyzd\u017eiais jis rodo, kaip atsikratyti nepataisom\u0173 bambekli\u0173, kad patys nevirstume viskuo nepatenkintais niurzgomis.  Gyventi laisvai \u2013 rei\u0161kia priimti pasaul\u012f tok\u012f, koks jis yra, ir baigti sk\u0173stis. Prisiimti atsakomyb\u0119 u\u017e save bei kitus ir bendrauti su \u017emon\u0117mis, kurie aktyviai veikia, o ne dejuoti, kaip viskas blogai.  U\u017euot m\u0105st\u0119 apie problemas ir rizikos veiksnius, i\u0161mokite reg\u0117ti progas ir galimybes. Pasukite keliu, kuriuo veda svajon\u0117s ir vizijos. Raskite \u017emoni\u0173, kurie pad\u0117s jums augti ir tobul\u0117ti \u2013 kad gyventum\u0117te s\u0117kmingai ir laisvai.","robots":{"index":"index","follow":"follow","max-snippet":"max-snippet:-1","max-image-preview":"max-image-preview:large","max-video-preview":"max-video-preview:-1"},"canonical":"https:\/\/skaitytaknyga.lt\/en\/produktas\/tobias-beck-islisk-is-savo-dezes\/","og_locale":"en_GB","og_type":"article","og_title":"[:lt]I\u0161l\u012fsk i\u0161 savo d\u0117\u017e\u0117s![:] - Skaitytaknyga","og_description":"Ko gero, esate susid\u016br\u0119 su nepataisomais bambekliais \u2013 \u017emon\u0117mis, kurie vis\u0105 dien\u0105 skund\u017eiasi, kuriems niekas ne\u012ftinka, kurie nuolat renkasi aukos vaidmen\u012f. Oras v\u0117l prastas, \u0161iandien pirmadienis, kaimynas u\u017e\u0117m\u0117 viet\u0105 stov\u0117jimo aik\u0161tel\u0117je, ir dar ta skyl\u0117 riestainyje \u2013 kur tai matyta! Prasta nuotaika yra u\u017ekre\u010diama ir neigiamai veikia aplinkinius.  Lektorius ir motyvatorius Tobias Beckas \u0161ioje \u0161maik\u0161\u010dioje knygoje pataria, kaip s\u0117kmingai gyventi savo gyvenim\u0105 ir nepasiduoti kit\u0173 kontrolei. Taikliais pavyzd\u017eiais jis rodo, kaip atsikratyti nepataisom\u0173 bambekli\u0173, kad patys nevirstume viskuo nepatenkintais niurzgomis.  Gyventi laisvai \u2013 rei\u0161kia priimti pasaul\u012f tok\u012f, koks jis yra, ir baigti sk\u0173stis. Prisiimti atsakomyb\u0119 u\u017e save bei kitus ir bendrauti su \u017emon\u0117mis, kurie aktyviai veikia, o ne dejuoti, kaip viskas blogai.  U\u017euot m\u0105st\u0119 apie problemas ir rizikos veiksnius, i\u0161mokite reg\u0117ti progas ir galimybes. Pasukite keliu, kuriuo veda svajon\u0117s ir vizijos. Raskite \u017emoni\u0173, kurie pad\u0117s jums augti ir tobul\u0117ti \u2013 kad gyventum\u0117te s\u0117kmingai ir laisvai.","og_url":"https:\/\/skaitytaknyga.lt\/en\/produktas\/tobias-beck-islisk-is-savo-dezes\/","og_site_name":"Skaitytaknyga","article_publisher":"https:\/\/www.facebook.com\/skaitytaknyga\/","article_modified_time":"2025-06-15T17:23:29+00:00","og_image":[{"width":412,"height":605,"url":"https:\/\/skaitytaknyga.lt\/wp-content\/uploads\/2024\/04\/000000000002181087-5d09e5872cd49-asset-knyguklubas-9786098233377_islisk_is_savo_dezes.jpg","type":"image\/jpeg"}],"twitter_card":"summary_large_image","twitter_misc":{"Estimated reading time":"1 minute"},"schema":{"@context":"https:\/\/schema.org","@graph":[{"@type":"WebPage","@id":"https:\/\/skaitytaknyga.lt\/produktas\/tobias-beck-islisk-is-savo-dezes\/","url":"https:\/\/skaitytaknyga.lt\/produktas\/tobias-beck-islisk-is-savo-dezes\/","name":"I\u0161l\u012fsk i\u0161 savo d\u0117\u017e\u0117s!","isPartOf":{"@id":"https:\/\/skaitytaknyga.lt\/#website"},"primaryImageOfPage":{"@id":"https:\/\/skaitytaknyga.lt\/produktas\/tobias-beck-islisk-is-savo-dezes\/#primaryimage"},"image":{"@id":"https:\/\/skaitytaknyga.lt\/produktas\/tobias-beck-islisk-is-savo-dezes\/#primaryimage"},"thumbnailUrl":"https:\/\/skaitytaknyga.lt\/wp-content\/uploads\/2024\/04\/000000000002181087-5d09e5872cd49-asset-knyguklubas-9786098233377_islisk_is_savo_dezes.jpg","datePublished":"2024-04-17T14:01:40+00:00","dateModified":"2025-06-15T17:23:29+00:00","description":"Ko gero, esate susid\u016br\u0119 su nepataisomais bambekliais \u2013 \u017emon\u0117mis, kurie vis\u0105 dien\u0105 skund\u017eiasi, kuriems niekas ne\u012ftinka, kurie nuolat renkasi aukos vaidmen\u012f. Oras v\u0117l prastas, \u0161iandien pirmadienis, kaimynas u\u017e\u0117m\u0117 viet\u0105 stov\u0117jimo aik\u0161tel\u0117je, ir dar ta skyl\u0117 riestainyje \u2013 kur tai matyta! Prasta nuotaika yra u\u017ekre\u010diama ir neigiamai veikia aplinkinius. Lektorius ir motyvatorius Tobias Beckas \u0161ioje \u0161maik\u0161\u010dioje knygoje pataria, kaip s\u0117kmingai gyventi savo gyvenim\u0105 ir nepasiduoti kit\u0173 kontrolei. Taikliais pavyzd\u017eiais jis rodo, kaip atsikratyti nepataisom\u0173 bambekli\u0173, kad patys nevirstume viskuo nepatenkintais niurzgomis. Gyventi laisvai \u2013 rei\u0161kia priimti pasaul\u012f tok\u012f, koks jis yra, ir baigti sk\u0173stis. Prisiimti atsakomyb\u0119 u\u017e save bei kitus ir bendrauti su \u017emon\u0117mis, kurie aktyviai veikia, o ne dejuoti, kaip viskas blogai. U\u017euot m\u0105st\u0119 apie problemas ir rizikos veiksnius, i\u0161mokite reg\u0117ti progas ir galimybes. Pasukite keliu, kuriuo veda svajon\u0117s ir vizijos. Raskite \u017emoni\u0173, kurie pad\u0117s jums augti ir tobul\u0117ti \u2013 kad gyventum\u0117te s\u0117kmingai ir laisvai.","breadcrumb":{"@id":"https:\/\/skaitytaknyga.lt\/produktas\/tobias-beck-islisk-is-savo-dezes\/#breadcrumb"},"inLanguage":"en-GB","potentialAction":[{"@type":"ReadAction","target":["https:\/\/skaitytaknyga.lt\/produktas\/tobias-beck-islisk-is-savo-dezes\/"]}]},{"@type":"ImageObject","inLanguage":"en-GB","@id":"https:\/\/skaitytaknyga.lt\/produktas\/tobias-beck-islisk-is-savo-dezes\/#primaryimage","url":"https:\/\/skaitytaknyga.lt\/wp-content\/uploads\/2024\/04\/000000000002181087-5d09e5872cd49-asset-knyguklubas-9786098233377_islisk_is_savo_dezes.jpg","contentUrl":"https:\/\/skaitytaknyga.lt\/wp-content\/uploads\/2024\/04\/000000000002181087-5d09e5872cd49-asset-knyguklubas-9786098233377_islisk_is_savo_dezes.jpg","width":412,"height":605},{"@type":"BreadcrumbList","@id":"https:\/\/skaitytaknyga.lt\/produktas\/tobias-beck-islisk-is-savo-dezes\/#breadcrumb","itemListElement":[{"@type":"ListItem","position":1,"name":"Home","item":"https:\/\/skaitytaknyga.lt\/"},{"@type":"ListItem","position":2,"name":"Parduotuv\u0117","item":"https:\/\/skaitytaknyga.lt\/knygu-parduotuve\/"},{"@type":"ListItem","position":3,"name":"I\u0161l\u012fsk i\u0161 savo d\u0117\u017e\u0117s!"}]},{"@type":"WebSite","@id":"https:\/\/skaitytaknyga.lt\/#website","url":"https:\/\/skaitytaknyga.lt\/","name":"skaitytaknyga.lt","description":"Skaitytaknyga.lt \u2013 tai ma\u017eas \u0161eimos verslas, kuris prasid\u0117jo nuo meil\u0117s knygoms ir siekio i\u0161gelb\u0117ti knygas nuo likimo prie konteinerio. Kas vienam nereikalingas daiktas \u2013 kitam lobis, o mes esame tarpininkai, kurie padeda abiems tapti laimingesniems ???? \u017dinome kaip nelengva i\u0161gyventi ma\u017eiems verslams, tad nuo \u0161iol, \u010dia rasite ir kit\u0173, ma\u017e\u0173 \u0161eim\u0173 versl\u0173, rank\u0173 darbo, dovan\u0173 sau ir artimiesiems.","publisher":{"@id":"https:\/\/skaitytaknyga.lt\/#organization"},"potentialAction":[{"@type":"SearchAction","target":{"@type":"EntryPoint","urlTemplate":"https:\/\/skaitytaknyga.lt\/?s={search_term_string}"},"query-input":{"@type":"PropertyValueSpecification","valueRequired":true,"valueName":"search_term_string"}}],"inLanguage":"en-GB"},{"@type":"Organization","@id":"https:\/\/skaitytaknyga.lt\/#organization","name":"skaitytaknyga.lt","url":"https:\/\/skaitytaknyga.lt\/","logo":{"@type":"ImageObject","inLanguage":"en-GB","@id":"https:\/\/skaitytaknyga.lt\/#\/schema\/logo\/image\/","url":"https:\/\/skaitytaknyga.lt\/wp-content\/uploads\/2024\/05\/cropped-cropped-cropped-02_00843_jt3bggkj1j3HLc7SyY6rEUpg.jpeg","contentUrl":"https:\/\/skaitytaknyga.lt\/wp-content\/uploads\/2024\/05\/cropped-cropped-cropped-02_00843_jt3bggkj1j3HLc7SyY6rEUpg.jpeg","width":1600,"height":1600,"caption":"skaitytaknyga.lt"},"image":{"@id":"https:\/\/skaitytaknyga.lt\/#\/schema\/logo\/image\/"},"sameAs":["https:\/\/www.facebook.com\/skaitytaknyga\/"]}]}},"_links":{"self":[{"href":"https:\/\/skaitytaknyga.lt\/en\/wp-json\/wp\/v2\/product\/5109","targetHints":{"allow":["GET"]}}],"collection":[{"href":"https:\/\/skaitytaknyga.lt\/en\/wp-json\/wp\/v2\/product"}],"about":[{"href":"https:\/\/skaitytaknyga.lt\/en\/wp-json\/wp\/v2\/types\/product"}],"replies":[{"embeddable":true,"href":"https:\/\/skaitytaknyga.lt\/en\/wp-json\/wp\/v2\/comments?post=5109"}],"wp:featuredmedia":[{"embeddable":true,"href":"https:\/\/skaitytaknyga.lt\/en\/wp-json\/wp\/v2\/media\/5163"}],"wp:attachment":[{"href":"https:\/\/skaitytaknyga.lt\/en\/wp-json\/wp\/v2\/media?parent=5109"}],"wp:term":[{"taxonomy":"product_brand","embeddable":true,"href":"https:\/\/skaitytaknyga.lt\/en\/wp-json\/wp\/v2\/product_brand?post=5109"},{"taxonomy":"product_cat","embeddable":true,"href":"https:\/\/skaitytaknyga.lt\/en\/wp-json\/wp\/v2\/product_cat?post=5109"},{"taxonomy":"product_tag","embeddable":true,"href":"https:\/\/skaitytaknyga.lt\/en\/wp-json\/wp\/v2\/product_tag?post=5109"}],"curies":[{"name":"wp","href":"https:\/\/api.w.org\/{rel}","templated":true}]}}