{"id":5104,"date":"2024-04-17T14:01:40","date_gmt":"2024-04-17T14:01:40","guid":{"rendered":"https:\/\/skaitytaknyga.lt\/?post_type=product&#038;p=5104"},"modified":"2024-05-03T07:28:48","modified_gmt":"2024-05-03T07:28:48","slug":"ian-mcewan-kevalas","status":"publish","type":"product","link":"https:\/\/skaitytaknyga.lt\/en\/produktas\/ian-mcewan-kevalas\/","title":{"rendered":"Ian McEwan \u201eKevalas\u201c"},"content":{"rendered":"<p>Trud\u0117 i\u0161dav\u0117 savo vyr\u0105 D\u017eon\u0105. Ji vis dar gyvena sutuoktinio name \u2014 nu\u0161iurusioje ne\u012fkainojamoje Londono pilait\u0117je, \u2014 bet D\u017eono \u010dia n\u0117ra. Ji susimetusi su D\u017eono broliu, banalybi\u0173 meistru Klodu; jiedu kurpia plan\u0105. Ta\u010diau j\u0173 s\u0105moksl\u0105 stebi liudininkas \u2014 smalsuolis devyni\u0173 m\u0117nesi\u0173 jos \u012fs\u010di\u0173 gyventojas. I\u0161 ne\u012fprastos perspektyvos pasakojam\u0105 \u201eKevalo\u201c istorij\u0105 apie \u017emog\u017eudyst\u0119 ir apgaul\u0119 suk\u016br\u0117 pasaulinio lygio meistras. \u201eB\u016bti \u012fspraustam rie\u0161uto kevale, dviejuose coliuose dramblio kaulo, sm\u0117lio gr\u016bdelyje i\u0161vysti vis\u0105 pasaul\u012f&#8230; Kod\u0117l gi ne, jeigu visa literat\u016bra, visas menas, visos \u017emonijos pastangos yra tik ta\u0161kelis vis\u0173 \u012fmanomybi\u0173 visatoje.\u201c Apie autori\u0173: Ian McEwan (Janas Makjuanas) yra daugiau nei tuzino nepaprastai populiari\u0173 knyg\u0173 autorius, \u012fskaitant ir jau i\u0161verstus \u012f lietuvi\u0173 kalb\u0105 romanus, kaip antai \u201e\u010cesilo pakrant\u0117je\u201c, \u201eAtpirkimas\u201c, \u201e\u0160e\u0161tadienis\u201c, \u201eAmsterdamas\u201c, \u201eVaiko gerov\u0117\u201c ir kt. \u0160e\u0161ios \u0161io autoriaus knygos buvo nominuotos Bookerio premijai, i\u0161 j\u0173 dauguma pateko \u012f trump\u0105j\u012f s\u0105ra\u0161\u0105, o romanas \u201eAmsterdamas\u201c 1998 metais \u0161i\u0105 premij\u0105 laim\u0117jo.<\/p>\n","protected":false},"excerpt":{"rendered":"<p>Trud\u0117 i\u0161dav\u0117 savo vyr\u0105 D\u017eon\u0105. Ji vis dar gyvena sutuoktinio name \u2014 nu\u0161iurusioje ne\u012fkainojamoje Londono pilait\u0117je, \u2014 bet D\u017eono \u010dia n\u0117ra. Ji susimetusi su D\u017eono broliu, banalybi\u0173 meistru Klodu; jiedu kurpia plan\u0105. Ta\u010diau j\u0173 s\u0105moksl\u0105 stebi liudininkas \u2014 smalsuolis devyni\u0173 m\u0117nesi\u0173 jos \u012fs\u010di\u0173 gyventojas. I\u0161 ne\u012fprastos perspektyvos pasakojam\u0105 \u201eKevalo\u201c istorij\u0105 apie \u017emog\u017eudyst\u0119 ir apgaul\u0119 suk\u016br\u0117 pasaulinio lygio meistras. \u201eB\u016bti \u012fspraustam rie\u0161uto kevale, dviejuose coliuose dramblio kaulo, sm\u0117lio gr\u016bdelyje i\u0161vysti vis\u0105 pasaul\u012f&#8230; Kod\u0117l gi ne, jeigu visa literat\u016bra, visas menas, visos \u017emonijos pastangos yra tik ta\u0161kelis vis\u0173 \u012fmanomybi\u0173 visatoje.\u201c Apie autori\u0173: Ian McEwan (Janas Makjuanas) yra daugiau nei tuzino nepaprastai populiari\u0173 knyg\u0173 autorius, \u012fskaitant ir jau i\u0161verstus \u012f lietuvi\u0173 kalb\u0105 romanus, kaip antai \u201e\u010cesilo pakrant\u0117je\u201c, \u201eAtpirkimas\u201c, \u201e\u0160e\u0161tadienis\u201c, \u201eAmsterdamas\u201c, \u201eVaiko gerov\u0117\u201c ir kt. \u0160e\u0161ios \u0161io autoriaus knygos buvo nominuotos Bookerio premijai, i\u0161 j\u0173 dauguma pateko \u012f trump\u0105j\u012f s\u0105ra\u0161\u0105, o romanas \u201eAmsterdamas\u201c 1998 metais \u0161i\u0105 premij\u0105 laim\u0117jo.<\/p>\n","protected":false},"featured_media":5135,"comment_status":"closed","ping_status":"closed","template":"","meta":{"_acf_changed":false,"site-sidebar-layout":"default","site-content-layout":"","ast-site-content-layout":"default","site-content-style":"default","site-sidebar-style":"default","ast-global-header-display":"","ast-banner-title-visibility":"","ast-main-header-display":"","ast-hfb-above-header-display":"","ast-hfb-below-header-display":"","ast-hfb-mobile-header-display":"","site-post-title":"","ast-breadcrumbs-content":"","ast-featured-img":"","footer-sml-layout":"","ast-disable-related-posts":"","theme-transparent-header-meta":"","adv-header-id-meta":"","stick-header-meta":"","header-above-stick-meta":"","header-main-stick-meta":"","header-below-stick-meta":"","astra-migrate-meta-layouts":"default","ast-page-background-enabled":"default","ast-page-background-meta":{"desktop":{"background-color":"","background-image":"","background-repeat":"repeat","background-position":"center center","background-size":"auto","background-attachment":"scroll","background-type":"","background-media":"","overlay-type":"","overlay-color":"","overlay-opacity":"","overlay-gradient":""},"tablet":{"background-color":"","background-image":"","background-repeat":"repeat","background-position":"center center","background-size":"auto","background-attachment":"scroll","background-type":"","background-media":"","overlay-type":"","overlay-color":"","overlay-opacity":"","overlay-gradient":""},"mobile":{"background-color":"","background-image":"","background-repeat":"repeat","background-position":"center center","background-size":"auto","background-attachment":"scroll","background-type":"","background-media":"","overlay-type":"","overlay-color":"","overlay-opacity":"","overlay-gradient":""}},"ast-content-background-meta":{"desktop":{"background-color":"var(--ast-global-color-4)","background-image":"","background-repeat":"repeat","background-position":"center center","background-size":"auto","background-attachment":"scroll","background-type":"","background-media":"","overlay-type":"","overlay-color":"","overlay-opacity":"","overlay-gradient":""},"tablet":{"background-color":"var(--ast-global-color-4)","background-image":"","background-repeat":"repeat","background-position":"center center","background-size":"auto","background-attachment":"scroll","background-type":"","background-media":"","overlay-type":"","overlay-color":"","overlay-opacity":"","overlay-gradient":""},"mobile":{"background-color":"var(--ast-global-color-4)","background-image":"","background-repeat":"repeat","background-position":"center center","background-size":"auto","background-attachment":"scroll","background-type":"","background-media":"","overlay-type":"","overlay-color":"","overlay-opacity":"","overlay-gradient":""}}},"product_brand":[],"product_cat":[31],"product_tag":[],"class_list":{"0":"post-5104","1":"product","2":"type-product","3":"status-publish","4":"has-post-thumbnail","6":"product_cat-grozine-literatura","7":"desktop-align-left","8":"tablet-align-left","9":"mobile-align-left","11":"first","12":"instock","13":"shipping-taxable","14":"purchasable","15":"product-type-simple"},"acf":[],"yoast_head":"<!-- This site is optimized with the Yoast SEO plugin v27.0 - https:\/\/yoast.com\/product\/yoast-seo-wordpress\/ -->\n<title>Ian McEwan \u201eKevalas\u201c - Skaitytaknyga<\/title>\n<meta name=\"description\" content=\"Trud\u0117 i\u0161dav\u0117 savo vyr\u0105 D\u017eon\u0105. Ji vis dar gyvena sutuoktinio name \u2014 nu\u0161iurusioje ne\u012fkainojamoje Londono pilait\u0117je, \u2014 bet D\u017eono \u010dia n\u0117ra. Ji susimetusi su D\u017eono broliu, banalybi\u0173 meistru Klodu; jiedu kurpia plan\u0105. Ta\u010diau j\u0173 s\u0105moksl\u0105 stebi liudininkas \u2014 smalsuolis devyni\u0173 m\u0117nesi\u0173 jos \u012fs\u010di\u0173 gyventojas. I\u0161 ne\u012fprastos perspektyvos pasakojam\u0105 \u201eKevalo\u201c istorij\u0105 apie \u017emog\u017eudyst\u0119 ir apgaul\u0119 suk\u016br\u0117 pasaulinio lygio meistras. \u201eB\u016bti \u012fspraustam rie\u0161uto kevale, dviejuose coliuose dramblio kaulo, sm\u0117lio gr\u016bdelyje i\u0161vysti vis\u0105 pasaul\u012f... Kod\u0117l gi ne, jeigu visa literat\u016bra, visas menas, visos \u017emonijos pastangos yra tik ta\u0161kelis vis\u0173 \u012fmanomybi\u0173 visatoje.\u201c Apie autori\u0173: Ian McEwan (Janas Makjuanas) yra daugiau nei tuzino nepaprastai populiari\u0173 knyg\u0173 autorius, \u012fskaitant ir jau i\u0161verstus \u012f lietuvi\u0173 kalb\u0105 romanus, kaip antai \u201e\u010cesilo pakrant\u0117je\u201c, \u201eAtpirkimas\u201c, \u201e\u0160e\u0161tadienis\u201c, \u201eAmsterdamas\u201c, \u201eVaiko gerov\u0117\u201c ir kt. \u0160e\u0161ios \u0161io autoriaus knygos buvo nominuotos Bookerio premijai, i\u0161 j\u0173 dauguma pateko \u012f trump\u0105j\u012f s\u0105ra\u0161\u0105, o romanas \u201eAmsterdamas\u201c 1998 metais \u0161i\u0105 premij\u0105 laim\u0117jo.\" \/>\n<meta name=\"robots\" content=\"index, follow, max-snippet:-1, max-image-preview:large, max-video-preview:-1\" \/>\n<link rel=\"canonical\" href=\"https:\/\/skaitytaknyga.lt\/en\/produktas\/ian-mcewan-kevalas\/\" \/>\n<meta property=\"og:locale\" content=\"en_GB\" \/>\n<meta property=\"og:locale:alternate\" content=\"lt_LT\" \/>\n<meta property=\"og:type\" content=\"article\" \/>\n<meta property=\"og:title\" content=\"Ian McEwan \u201eKevalas\u201c - Skaitytaknyga\" \/>\n<meta property=\"og:description\" content=\"Trud\u0117 i\u0161dav\u0117 savo vyr\u0105 D\u017eon\u0105. Ji vis dar gyvena sutuoktinio name \u2014 nu\u0161iurusioje ne\u012fkainojamoje Londono pilait\u0117je, \u2014 bet D\u017eono \u010dia n\u0117ra. Ji susimetusi su D\u017eono broliu, banalybi\u0173 meistru Klodu; jiedu kurpia plan\u0105. Ta\u010diau j\u0173 s\u0105moksl\u0105 stebi liudininkas \u2014 smalsuolis devyni\u0173 m\u0117nesi\u0173 jos \u012fs\u010di\u0173 gyventojas. I\u0161 ne\u012fprastos perspektyvos pasakojam\u0105 \u201eKevalo\u201c istorij\u0105 apie \u017emog\u017eudyst\u0119 ir apgaul\u0119 suk\u016br\u0117 pasaulinio lygio meistras. \u201eB\u016bti \u012fspraustam rie\u0161uto kevale, dviejuose coliuose dramblio kaulo, sm\u0117lio gr\u016bdelyje i\u0161vysti vis\u0105 pasaul\u012f... Kod\u0117l gi ne, jeigu visa literat\u016bra, visas menas, visos \u017emonijos pastangos yra tik ta\u0161kelis vis\u0173 \u012fmanomybi\u0173 visatoje.\u201c Apie autori\u0173: Ian McEwan (Janas Makjuanas) yra daugiau nei tuzino nepaprastai populiari\u0173 knyg\u0173 autorius, \u012fskaitant ir jau i\u0161verstus \u012f lietuvi\u0173 kalb\u0105 romanus, kaip antai \u201e\u010cesilo pakrant\u0117je\u201c, \u201eAtpirkimas\u201c, \u201e\u0160e\u0161tadienis\u201c, \u201eAmsterdamas\u201c, \u201eVaiko gerov\u0117\u201c ir kt. \u0160e\u0161ios \u0161io autoriaus knygos buvo nominuotos Bookerio premijai, i\u0161 j\u0173 dauguma pateko \u012f trump\u0105j\u012f s\u0105ra\u0161\u0105, o romanas \u201eAmsterdamas\u201c 1998 metais \u0161i\u0105 premij\u0105 laim\u0117jo.\" \/>\n<meta property=\"og:url\" content=\"https:\/\/skaitytaknyga.lt\/en\/produktas\/ian-mcewan-kevalas\/\" \/>\n<meta property=\"og:site_name\" content=\"Skaitytaknyga\" \/>\n<meta property=\"article:publisher\" content=\"https:\/\/www.facebook.com\/skaitytaknyga\/\" \/>\n<meta property=\"article:modified_time\" content=\"2024-05-03T07:28:48+00:00\" \/>\n<meta property=\"og:image\" content=\"https:\/\/skaitytaknyga.lt\/wp-content\/uploads\/2024\/04\/1483603584_kevalas_1483519263.jpg\" \/>\n\t<meta property=\"og:image:width\" content=\"283\" \/>\n\t<meta property=\"og:image:height\" content=\"430\" \/>\n\t<meta property=\"og:image:type\" content=\"image\/jpeg\" \/>\n<meta name=\"twitter:card\" content=\"summary_large_image\" \/>\n<meta name=\"twitter:label1\" content=\"Estimated reading time\" \/>\n\t<meta name=\"twitter:data1\" content=\"1 minute\" \/>\n<script type=\"application\/ld+json\" class=\"yoast-schema-graph\">{\"@context\":\"https:\/\/schema.org\",\"@graph\":[{\"@type\":\"WebPage\",\"@id\":\"https:\/\/skaitytaknyga.lt\/produktas\/ian-mcewan-kevalas\/\",\"url\":\"https:\/\/skaitytaknyga.lt\/produktas\/ian-mcewan-kevalas\/\",\"name\":\"Ian McEwan \u201eKevalas\u201c - Skaitytaknyga\",\"isPartOf\":{\"@id\":\"https:\/\/skaitytaknyga.lt\/#website\"},\"primaryImageOfPage\":{\"@id\":\"https:\/\/skaitytaknyga.lt\/produktas\/ian-mcewan-kevalas\/#primaryimage\"},\"image\":{\"@id\":\"https:\/\/skaitytaknyga.lt\/produktas\/ian-mcewan-kevalas\/#primaryimage\"},\"thumbnailUrl\":\"https:\/\/skaitytaknyga.lt\/wp-content\/uploads\/2024\/04\/1483603584_kevalas_1483519263.jpg\",\"datePublished\":\"2024-04-17T14:01:40+00:00\",\"dateModified\":\"2024-05-03T07:28:48+00:00\",\"description\":\"Trud\u0117 i\u0161dav\u0117 savo vyr\u0105 D\u017eon\u0105. Ji vis dar gyvena sutuoktinio name \u2014 nu\u0161iurusioje ne\u012fkainojamoje Londono pilait\u0117je, \u2014 bet D\u017eono \u010dia n\u0117ra. Ji susimetusi su D\u017eono broliu, banalybi\u0173 meistru Klodu; jiedu kurpia plan\u0105. Ta\u010diau j\u0173 s\u0105moksl\u0105 stebi liudininkas \u2014 smalsuolis devyni\u0173 m\u0117nesi\u0173 jos \u012fs\u010di\u0173 gyventojas. I\u0161 ne\u012fprastos perspektyvos pasakojam\u0105 \u201eKevalo\u201c istorij\u0105 apie \u017emog\u017eudyst\u0119 ir apgaul\u0119 suk\u016br\u0117 pasaulinio lygio meistras. \u201eB\u016bti \u012fspraustam rie\u0161uto kevale, dviejuose coliuose dramblio kaulo, sm\u0117lio gr\u016bdelyje i\u0161vysti vis\u0105 pasaul\u012f... Kod\u0117l gi ne, jeigu visa literat\u016bra, visas menas, visos \u017emonijos pastangos yra tik ta\u0161kelis vis\u0173 \u012fmanomybi\u0173 visatoje.\u201c Apie autori\u0173: Ian McEwan (Janas Makjuanas) yra daugiau nei tuzino nepaprastai populiari\u0173 knyg\u0173 autorius, \u012fskaitant ir jau i\u0161verstus \u012f lietuvi\u0173 kalb\u0105 romanus, kaip antai \u201e\u010cesilo pakrant\u0117je\u201c, \u201eAtpirkimas\u201c, \u201e\u0160e\u0161tadienis\u201c, \u201eAmsterdamas\u201c, \u201eVaiko gerov\u0117\u201c ir kt. \u0160e\u0161ios \u0161io autoriaus knygos buvo nominuotos Bookerio premijai, i\u0161 j\u0173 dauguma pateko \u012f trump\u0105j\u012f s\u0105ra\u0161\u0105, o romanas \u201eAmsterdamas\u201c 1998 metais \u0161i\u0105 premij\u0105 laim\u0117jo.\",\"breadcrumb\":{\"@id\":\"https:\/\/skaitytaknyga.lt\/produktas\/ian-mcewan-kevalas\/#breadcrumb\"},\"inLanguage\":\"en-GB\",\"potentialAction\":[{\"@type\":\"ReadAction\",\"target\":[\"https:\/\/skaitytaknyga.lt\/produktas\/ian-mcewan-kevalas\/\"]}]},{\"@type\":\"ImageObject\",\"inLanguage\":\"en-GB\",\"@id\":\"https:\/\/skaitytaknyga.lt\/produktas\/ian-mcewan-kevalas\/#primaryimage\",\"url\":\"https:\/\/skaitytaknyga.lt\/wp-content\/uploads\/2024\/04\/1483603584_kevalas_1483519263.jpg\",\"contentUrl\":\"https:\/\/skaitytaknyga.lt\/wp-content\/uploads\/2024\/04\/1483603584_kevalas_1483519263.jpg\",\"width\":283,\"height\":430},{\"@type\":\"BreadcrumbList\",\"@id\":\"https:\/\/skaitytaknyga.lt\/produktas\/ian-mcewan-kevalas\/#breadcrumb\",\"itemListElement\":[{\"@type\":\"ListItem\",\"position\":1,\"name\":\"Home\",\"item\":\"https:\/\/skaitytaknyga.lt\/\"},{\"@type\":\"ListItem\",\"position\":2,\"name\":\"Parduotuv\u0117\",\"item\":\"https:\/\/skaitytaknyga.lt\/knygu-parduotuve\/\"},{\"@type\":\"ListItem\",\"position\":3,\"name\":\"Ian McEwan \u201eKevalas\u201c\"}]},{\"@type\":\"WebSite\",\"@id\":\"https:\/\/skaitytaknyga.lt\/#website\",\"url\":\"https:\/\/skaitytaknyga.lt\/\",\"name\":\"skaitytaknyga.lt\",\"description\":\"Skaitytaknyga.lt \u2013 tai ma\u017eas \u0161eimos verslas, kuris prasid\u0117jo nuo meil\u0117s knygoms ir siekio i\u0161gelb\u0117ti knygas nuo likimo prie konteinerio. Kas vienam nereikalingas daiktas \u2013 kitam lobis, o mes esame tarpininkai, kurie padeda abiems tapti laimingesniems ???? \u017dinome kaip nelengva i\u0161gyventi ma\u017eiems verslams, tad nuo \u0161iol, \u010dia rasite ir kit\u0173, ma\u017e\u0173 \u0161eim\u0173 versl\u0173, rank\u0173 darbo, dovan\u0173 sau ir artimiesiems.\",\"publisher\":{\"@id\":\"https:\/\/skaitytaknyga.lt\/#organization\"},\"potentialAction\":[{\"@type\":\"SearchAction\",\"target\":{\"@type\":\"EntryPoint\",\"urlTemplate\":\"https:\/\/skaitytaknyga.lt\/?s={search_term_string}\"},\"query-input\":{\"@type\":\"PropertyValueSpecification\",\"valueRequired\":true,\"valueName\":\"search_term_string\"}}],\"inLanguage\":\"en-GB\"},{\"@type\":\"Organization\",\"@id\":\"https:\/\/skaitytaknyga.lt\/#organization\",\"name\":\"skaitytaknyga.lt\",\"url\":\"https:\/\/skaitytaknyga.lt\/\",\"logo\":{\"@type\":\"ImageObject\",\"inLanguage\":\"en-GB\",\"@id\":\"https:\/\/skaitytaknyga.lt\/#\/schema\/logo\/image\/\",\"url\":\"https:\/\/skaitytaknyga.lt\/wp-content\/uploads\/2024\/05\/cropped-cropped-cropped-02_00843_jt3bggkj1j3HLc7SyY6rEUpg.jpeg\",\"contentUrl\":\"https:\/\/skaitytaknyga.lt\/wp-content\/uploads\/2024\/05\/cropped-cropped-cropped-02_00843_jt3bggkj1j3HLc7SyY6rEUpg.jpeg\",\"width\":1600,\"height\":1600,\"caption\":\"skaitytaknyga.lt\"},\"image\":{\"@id\":\"https:\/\/skaitytaknyga.lt\/#\/schema\/logo\/image\/\"},\"sameAs\":[\"https:\/\/www.facebook.com\/skaitytaknyga\/\"]}]}<\/script>\n<!-- \/ Yoast SEO plugin. -->","yoast_head_json":{"title":"Ian McEwan \u201eKevalas\u201c - Skaitytaknyga","description":"Trud\u0117 i\u0161dav\u0117 savo vyr\u0105 D\u017eon\u0105. Ji vis dar gyvena sutuoktinio name \u2014 nu\u0161iurusioje ne\u012fkainojamoje Londono pilait\u0117je, \u2014 bet D\u017eono \u010dia n\u0117ra. Ji susimetusi su D\u017eono broliu, banalybi\u0173 meistru Klodu; jiedu kurpia plan\u0105. Ta\u010diau j\u0173 s\u0105moksl\u0105 stebi liudininkas \u2014 smalsuolis devyni\u0173 m\u0117nesi\u0173 jos \u012fs\u010di\u0173 gyventojas. I\u0161 ne\u012fprastos perspektyvos pasakojam\u0105 \u201eKevalo\u201c istorij\u0105 apie \u017emog\u017eudyst\u0119 ir apgaul\u0119 suk\u016br\u0117 pasaulinio lygio meistras. \u201eB\u016bti \u012fspraustam rie\u0161uto kevale, dviejuose coliuose dramblio kaulo, sm\u0117lio gr\u016bdelyje i\u0161vysti vis\u0105 pasaul\u012f... Kod\u0117l gi ne, jeigu visa literat\u016bra, visas menas, visos \u017emonijos pastangos yra tik ta\u0161kelis vis\u0173 \u012fmanomybi\u0173 visatoje.\u201c Apie autori\u0173: Ian McEwan (Janas Makjuanas) yra daugiau nei tuzino nepaprastai populiari\u0173 knyg\u0173 autorius, \u012fskaitant ir jau i\u0161verstus \u012f lietuvi\u0173 kalb\u0105 romanus, kaip antai \u201e\u010cesilo pakrant\u0117je\u201c, \u201eAtpirkimas\u201c, \u201e\u0160e\u0161tadienis\u201c, \u201eAmsterdamas\u201c, \u201eVaiko gerov\u0117\u201c ir kt. \u0160e\u0161ios \u0161io autoriaus knygos buvo nominuotos Bookerio premijai, i\u0161 j\u0173 dauguma pateko \u012f trump\u0105j\u012f s\u0105ra\u0161\u0105, o romanas \u201eAmsterdamas\u201c 1998 metais \u0161i\u0105 premij\u0105 laim\u0117jo.","robots":{"index":"index","follow":"follow","max-snippet":"max-snippet:-1","max-image-preview":"max-image-preview:large","max-video-preview":"max-video-preview:-1"},"canonical":"https:\/\/skaitytaknyga.lt\/en\/produktas\/ian-mcewan-kevalas\/","og_locale":"en_GB","og_type":"article","og_title":"Ian McEwan \u201eKevalas\u201c - Skaitytaknyga","og_description":"Trud\u0117 i\u0161dav\u0117 savo vyr\u0105 D\u017eon\u0105. Ji vis dar gyvena sutuoktinio name \u2014 nu\u0161iurusioje ne\u012fkainojamoje Londono pilait\u0117je, \u2014 bet D\u017eono \u010dia n\u0117ra. Ji susimetusi su D\u017eono broliu, banalybi\u0173 meistru Klodu; jiedu kurpia plan\u0105. Ta\u010diau j\u0173 s\u0105moksl\u0105 stebi liudininkas \u2014 smalsuolis devyni\u0173 m\u0117nesi\u0173 jos \u012fs\u010di\u0173 gyventojas. I\u0161 ne\u012fprastos perspektyvos pasakojam\u0105 \u201eKevalo\u201c istorij\u0105 apie \u017emog\u017eudyst\u0119 ir apgaul\u0119 suk\u016br\u0117 pasaulinio lygio meistras. \u201eB\u016bti \u012fspraustam rie\u0161uto kevale, dviejuose coliuose dramblio kaulo, sm\u0117lio gr\u016bdelyje i\u0161vysti vis\u0105 pasaul\u012f... Kod\u0117l gi ne, jeigu visa literat\u016bra, visas menas, visos \u017emonijos pastangos yra tik ta\u0161kelis vis\u0173 \u012fmanomybi\u0173 visatoje.\u201c Apie autori\u0173: Ian McEwan (Janas Makjuanas) yra daugiau nei tuzino nepaprastai populiari\u0173 knyg\u0173 autorius, \u012fskaitant ir jau i\u0161verstus \u012f lietuvi\u0173 kalb\u0105 romanus, kaip antai \u201e\u010cesilo pakrant\u0117je\u201c, \u201eAtpirkimas\u201c, \u201e\u0160e\u0161tadienis\u201c, \u201eAmsterdamas\u201c, \u201eVaiko gerov\u0117\u201c ir kt. \u0160e\u0161ios \u0161io autoriaus knygos buvo nominuotos Bookerio premijai, i\u0161 j\u0173 dauguma pateko \u012f trump\u0105j\u012f s\u0105ra\u0161\u0105, o romanas \u201eAmsterdamas\u201c 1998 metais \u0161i\u0105 premij\u0105 laim\u0117jo.","og_url":"https:\/\/skaitytaknyga.lt\/en\/produktas\/ian-mcewan-kevalas\/","og_site_name":"Skaitytaknyga","article_publisher":"https:\/\/www.facebook.com\/skaitytaknyga\/","article_modified_time":"2024-05-03T07:28:48+00:00","og_image":[{"width":283,"height":430,"url":"https:\/\/skaitytaknyga.lt\/wp-content\/uploads\/2024\/04\/1483603584_kevalas_1483519263.jpg","type":"image\/jpeg"}],"twitter_card":"summary_large_image","twitter_misc":{"Estimated reading time":"1 minute"},"schema":{"@context":"https:\/\/schema.org","@graph":[{"@type":"WebPage","@id":"https:\/\/skaitytaknyga.lt\/produktas\/ian-mcewan-kevalas\/","url":"https:\/\/skaitytaknyga.lt\/produktas\/ian-mcewan-kevalas\/","name":"Ian McEwan \u201eKevalas\u201c - Skaitytaknyga","isPartOf":{"@id":"https:\/\/skaitytaknyga.lt\/#website"},"primaryImageOfPage":{"@id":"https:\/\/skaitytaknyga.lt\/produktas\/ian-mcewan-kevalas\/#primaryimage"},"image":{"@id":"https:\/\/skaitytaknyga.lt\/produktas\/ian-mcewan-kevalas\/#primaryimage"},"thumbnailUrl":"https:\/\/skaitytaknyga.lt\/wp-content\/uploads\/2024\/04\/1483603584_kevalas_1483519263.jpg","datePublished":"2024-04-17T14:01:40+00:00","dateModified":"2024-05-03T07:28:48+00:00","description":"Trud\u0117 i\u0161dav\u0117 savo vyr\u0105 D\u017eon\u0105. Ji vis dar gyvena sutuoktinio name \u2014 nu\u0161iurusioje ne\u012fkainojamoje Londono pilait\u0117je, \u2014 bet D\u017eono \u010dia n\u0117ra. Ji susimetusi su D\u017eono broliu, banalybi\u0173 meistru Klodu; jiedu kurpia plan\u0105. Ta\u010diau j\u0173 s\u0105moksl\u0105 stebi liudininkas \u2014 smalsuolis devyni\u0173 m\u0117nesi\u0173 jos \u012fs\u010di\u0173 gyventojas. I\u0161 ne\u012fprastos perspektyvos pasakojam\u0105 \u201eKevalo\u201c istorij\u0105 apie \u017emog\u017eudyst\u0119 ir apgaul\u0119 suk\u016br\u0117 pasaulinio lygio meistras. \u201eB\u016bti \u012fspraustam rie\u0161uto kevale, dviejuose coliuose dramblio kaulo, sm\u0117lio gr\u016bdelyje i\u0161vysti vis\u0105 pasaul\u012f... Kod\u0117l gi ne, jeigu visa literat\u016bra, visas menas, visos \u017emonijos pastangos yra tik ta\u0161kelis vis\u0173 \u012fmanomybi\u0173 visatoje.\u201c Apie autori\u0173: Ian McEwan (Janas Makjuanas) yra daugiau nei tuzino nepaprastai populiari\u0173 knyg\u0173 autorius, \u012fskaitant ir jau i\u0161verstus \u012f lietuvi\u0173 kalb\u0105 romanus, kaip antai \u201e\u010cesilo pakrant\u0117je\u201c, \u201eAtpirkimas\u201c, \u201e\u0160e\u0161tadienis\u201c, \u201eAmsterdamas\u201c, \u201eVaiko gerov\u0117\u201c ir kt. \u0160e\u0161ios \u0161io autoriaus knygos buvo nominuotos Bookerio premijai, i\u0161 j\u0173 dauguma pateko \u012f trump\u0105j\u012f s\u0105ra\u0161\u0105, o romanas \u201eAmsterdamas\u201c 1998 metais \u0161i\u0105 premij\u0105 laim\u0117jo.","breadcrumb":{"@id":"https:\/\/skaitytaknyga.lt\/produktas\/ian-mcewan-kevalas\/#breadcrumb"},"inLanguage":"en-GB","potentialAction":[{"@type":"ReadAction","target":["https:\/\/skaitytaknyga.lt\/produktas\/ian-mcewan-kevalas\/"]}]},{"@type":"ImageObject","inLanguage":"en-GB","@id":"https:\/\/skaitytaknyga.lt\/produktas\/ian-mcewan-kevalas\/#primaryimage","url":"https:\/\/skaitytaknyga.lt\/wp-content\/uploads\/2024\/04\/1483603584_kevalas_1483519263.jpg","contentUrl":"https:\/\/skaitytaknyga.lt\/wp-content\/uploads\/2024\/04\/1483603584_kevalas_1483519263.jpg","width":283,"height":430},{"@type":"BreadcrumbList","@id":"https:\/\/skaitytaknyga.lt\/produktas\/ian-mcewan-kevalas\/#breadcrumb","itemListElement":[{"@type":"ListItem","position":1,"name":"Home","item":"https:\/\/skaitytaknyga.lt\/"},{"@type":"ListItem","position":2,"name":"Parduotuv\u0117","item":"https:\/\/skaitytaknyga.lt\/knygu-parduotuve\/"},{"@type":"ListItem","position":3,"name":"Ian McEwan \u201eKevalas\u201c"}]},{"@type":"WebSite","@id":"https:\/\/skaitytaknyga.lt\/#website","url":"https:\/\/skaitytaknyga.lt\/","name":"skaitytaknyga.lt","description":"Skaitytaknyga.lt \u2013 tai ma\u017eas \u0161eimos verslas, kuris prasid\u0117jo nuo meil\u0117s knygoms ir siekio i\u0161gelb\u0117ti knygas nuo likimo prie konteinerio. Kas vienam nereikalingas daiktas \u2013 kitam lobis, o mes esame tarpininkai, kurie padeda abiems tapti laimingesniems ???? \u017dinome kaip nelengva i\u0161gyventi ma\u017eiems verslams, tad nuo \u0161iol, \u010dia rasite ir kit\u0173, ma\u017e\u0173 \u0161eim\u0173 versl\u0173, rank\u0173 darbo, dovan\u0173 sau ir artimiesiems.","publisher":{"@id":"https:\/\/skaitytaknyga.lt\/#organization"},"potentialAction":[{"@type":"SearchAction","target":{"@type":"EntryPoint","urlTemplate":"https:\/\/skaitytaknyga.lt\/?s={search_term_string}"},"query-input":{"@type":"PropertyValueSpecification","valueRequired":true,"valueName":"search_term_string"}}],"inLanguage":"en-GB"},{"@type":"Organization","@id":"https:\/\/skaitytaknyga.lt\/#organization","name":"skaitytaknyga.lt","url":"https:\/\/skaitytaknyga.lt\/","logo":{"@type":"ImageObject","inLanguage":"en-GB","@id":"https:\/\/skaitytaknyga.lt\/#\/schema\/logo\/image\/","url":"https:\/\/skaitytaknyga.lt\/wp-content\/uploads\/2024\/05\/cropped-cropped-cropped-02_00843_jt3bggkj1j3HLc7SyY6rEUpg.jpeg","contentUrl":"https:\/\/skaitytaknyga.lt\/wp-content\/uploads\/2024\/05\/cropped-cropped-cropped-02_00843_jt3bggkj1j3HLc7SyY6rEUpg.jpeg","width":1600,"height":1600,"caption":"skaitytaknyga.lt"},"image":{"@id":"https:\/\/skaitytaknyga.lt\/#\/schema\/logo\/image\/"},"sameAs":["https:\/\/www.facebook.com\/skaitytaknyga\/"]}]}},"_links":{"self":[{"href":"https:\/\/skaitytaknyga.lt\/en\/wp-json\/wp\/v2\/product\/5104","targetHints":{"allow":["GET"]}}],"collection":[{"href":"https:\/\/skaitytaknyga.lt\/en\/wp-json\/wp\/v2\/product"}],"about":[{"href":"https:\/\/skaitytaknyga.lt\/en\/wp-json\/wp\/v2\/types\/product"}],"replies":[{"embeddable":true,"href":"https:\/\/skaitytaknyga.lt\/en\/wp-json\/wp\/v2\/comments?post=5104"}],"wp:featuredmedia":[{"embeddable":true,"href":"https:\/\/skaitytaknyga.lt\/en\/wp-json\/wp\/v2\/media\/5135"}],"wp:attachment":[{"href":"https:\/\/skaitytaknyga.lt\/en\/wp-json\/wp\/v2\/media?parent=5104"}],"wp:term":[{"taxonomy":"product_brand","embeddable":true,"href":"https:\/\/skaitytaknyga.lt\/en\/wp-json\/wp\/v2\/product_brand?post=5104"},{"taxonomy":"product_cat","embeddable":true,"href":"https:\/\/skaitytaknyga.lt\/en\/wp-json\/wp\/v2\/product_cat?post=5104"},{"taxonomy":"product_tag","embeddable":true,"href":"https:\/\/skaitytaknyga.lt\/en\/wp-json\/wp\/v2\/product_tag?post=5104"}],"curies":[{"name":"wp","href":"https:\/\/api.w.org\/{rel}","templated":true}]}}