{"id":5070,"date":"2024-04-17T14:01:17","date_gmt":"2024-04-17T14:01:17","guid":{"rendered":"https:\/\/skaitytaknyga.lt\/?post_type=product&#038;p=5070"},"modified":"2025-10-11T18:13:55","modified_gmt":"2025-10-11T15:13:55","slug":"maurice-leblanc-arsenas-liupenas-vagis-dzentelmenas","status":"publish","type":"product","link":"https:\/\/skaitytaknyga.lt\/en\/produktas\/maurice-leblanc-arsenas-liupenas-vagis-dzentelmenas\/","title":{"rendered":"Maurice Leblanc \u201eArsenas Liupenas, vagis d\u017eentelmenas\u201c"},"content":{"rendered":"<p>Pranc\u016bz\u0173 ra\u0161ytojas Morisas Leblanas (1864\u20131941 m.), i\u0161leid\u0119s kelet\u0105 psichoanalitini\u0173 roman\u0173, leid\u0117jo Pjero Lafito papra\u0161ytas para\u0161\u0117 detektyvin\u0119 apysak\u0105, kurios herojus Arsenas Liupenas tur\u0117jo didel\u012f pasisekim\u0105. Taip prasid\u0117jo ilga apie 20 knyg\u0173 serija.<\/p>\n<p>Pranc\u016bzijoje Arsenas Liupenas tapo savoti\u0161ku Robinu Hudu ir i\u0161gars\u0117jo ne ma\u017eiau kaip \u0160erlokas Holmsas Anglijoje. Jo profesija ypatinga: vagis d\u017eentelmenas, tikras meno m\u0117g\u0117jas, i\u0161manantis daikt\u0173 vert\u0119, bet netampantis j\u0173 vergu. Jis niekada ne\u017eudo, jo ginklai \u2013 protas ir vikrumas. \u0160is \u017eavus, eleganti\u0161kas vyri\u0161kis, ironi\u0161kas var\u017eovams, galanti\u0161kas moterims, peln\u0117 \u017emoni\u0173 simpatijas ir nuo XX a. prad\u017eios n\u0117 kiek nepaseno. Apie jo \u017eygius kuriami filmai, dainuojamos dainos, o Morisas Leblanas vadinamas Pranc\u016bzijos Konanu Doiliu.<\/p>\n","protected":false},"excerpt":{"rendered":"<p>Pranc\u016bz\u0173 ra\u0161ytojas Morisas Leblanas (1864\u20131941 m.), i\u0161leid\u0119s kelet\u0105 psichoanalitini\u0173 roman\u0173, leid\u0117jo Pjero Lafito papra\u0161ytas para\u0161\u0117 detektyvin\u0119 apysak\u0105, kurios herojus Arsenas Liupenas tur\u0117jo didel\u012f pasisekim\u0105. Taip prasid\u0117jo ilga apie 20 knyg\u0173 serija.<\/p>\n<p>Pranc\u016bzijoje Arsenas Liupenas tapo savoti\u0161ku Robinu Hudu ir i\u0161gars\u0117jo ne ma\u017eiau kaip \u0160erlokas Holmsas Anglijoje. Jo profesija ypatinga: vagis d\u017eentelmenas, tikras meno m\u0117g\u0117jas, i\u0161manantis daikt\u0173 vert\u0119, bet netampantis j\u0173 vergu. Jis niekada ne\u017eudo, jo ginklai \u2013 protas ir vikrumas. \u0160is \u017eavus, eleganti\u0161kas vyri\u0161kis, ironi\u0161kas var\u017eovams, galanti\u0161kas moterims, peln\u0117 \u017emoni\u0173 simpatijas ir nuo XX a. prad\u017eios n\u0117 kiek nepaseno. Apie jo \u017eygius kuriami filmai, dainuojamos dainos, o Morisas Leblanas vadinamas Pranc\u016bzijos Konanu Doiliu.<\/p>\n","protected":false},"featured_media":5119,"comment_status":"closed","ping_status":"closed","template":"","meta":{"_acf_changed":false,"site-sidebar-layout":"default","site-content-layout":"","ast-site-content-layout":"default","site-content-style":"default","site-sidebar-style":"default","ast-global-header-display":"","ast-banner-title-visibility":"","ast-main-header-display":"","ast-hfb-above-header-display":"","ast-hfb-below-header-display":"","ast-hfb-mobile-header-display":"","site-post-title":"","ast-breadcrumbs-content":"","ast-featured-img":"","footer-sml-layout":"","ast-disable-related-posts":"","theme-transparent-header-meta":"","adv-header-id-meta":"","stick-header-meta":"","header-above-stick-meta":"","header-main-stick-meta":"","header-below-stick-meta":"","astra-migrate-meta-layouts":"default","ast-page-background-enabled":"default","ast-page-background-meta":{"desktop":{"background-color":"","background-image":"","background-repeat":"repeat","background-position":"center center","background-size":"auto","background-attachment":"scroll","background-type":"","background-media":"","overlay-type":"","overlay-color":"","overlay-opacity":"","overlay-gradient":""},"tablet":{"background-color":"","background-image":"","background-repeat":"repeat","background-position":"center center","background-size":"auto","background-attachment":"scroll","background-type":"","background-media":"","overlay-type":"","overlay-color":"","overlay-opacity":"","overlay-gradient":""},"mobile":{"background-color":"","background-image":"","background-repeat":"repeat","background-position":"center center","background-size":"auto","background-attachment":"scroll","background-type":"","background-media":"","overlay-type":"","overlay-color":"","overlay-opacity":"","overlay-gradient":""}},"ast-content-background-meta":{"desktop":{"background-color":"var(--ast-global-color-4)","background-image":"","background-repeat":"repeat","background-position":"center center","background-size":"auto","background-attachment":"scroll","background-type":"","background-media":"","overlay-type":"","overlay-color":"","overlay-opacity":"","overlay-gradient":""},"tablet":{"background-color":"var(--ast-global-color-4)","background-image":"","background-repeat":"repeat","background-position":"center center","background-size":"auto","background-attachment":"scroll","background-type":"","background-media":"","overlay-type":"","overlay-color":"","overlay-opacity":"","overlay-gradient":""},"mobile":{"background-color":"var(--ast-global-color-4)","background-image":"","background-repeat":"repeat","background-position":"center center","background-size":"auto","background-attachment":"scroll","background-type":"","background-media":"","overlay-type":"","overlay-color":"","overlay-opacity":"","overlay-gradient":""}}},"product_brand":[],"product_cat":[31],"product_tag":[],"class_list":{"0":"post-5070","1":"product","2":"type-product","3":"status-publish","4":"has-post-thumbnail","6":"product_cat-grozine-literatura","7":"desktop-align-left","8":"tablet-align-left","9":"mobile-align-left","11":"first","12":"outofstock","13":"featured","14":"shipping-taxable","15":"purchasable","16":"product-type-simple"},"acf":[],"yoast_head":"<!-- This site is optimized with the Yoast SEO plugin v27.0 - https:\/\/yoast.com\/product\/yoast-seo-wordpress\/ -->\n<title>Maurice Leblanc \u201eArsenas Liupenas, vagis d\u017eentelmenas\u201c - Skaitytaknyga<\/title>\n<meta name=\"description\" content=\"Pranc\u016bz\u0173 ra\u0161ytojas Morisas Leblanas (1864\u20131941 m.), i\u0161leid\u0119s kelet\u0105 psichoanalitini\u0173 roman\u0173, leid\u0117jo Pjero Lafito papra\u0161ytas para\u0161\u0117 detektyvin\u0119 apysak\u0105, kurios herojus Arsenas Liupenas tur\u0117jo didel\u012f pasisekim\u0105. Taip prasid\u0117jo ilga apie 20 knyg\u0173 serija.  Pranc\u016bzijoje Arsenas Liupenas tapo savoti\u0161ku Robinu Hudu ir i\u0161gars\u0117jo ne ma\u017eiau kaip \u0160erlokas Holmsas Anglijoje. Jo profesija ypatinga: vagis d\u017eentelmenas, tikras meno m\u0117g\u0117jas, i\u0161manantis daikt\u0173 vert\u0119, bet netampantis j\u0173 vergu. Jis niekada ne\u017eudo, jo ginklai \u2013 protas ir vikrumas. \u0160is \u017eavus, eleganti\u0161kas vyri\u0161kis, ironi\u0161kas var\u017eovams, galanti\u0161kas moterims, peln\u0117 \u017emoni\u0173 simpatijas ir nuo XX a. prad\u017eios n\u0117 kiek nepaseno. Apie jo \u017eygius kuriami filmai, dainuojamos dainos, o Morisas Leblanas vadinamas Pranc\u016bzijos Konanu Doiliu.\" \/>\n<meta name=\"robots\" content=\"index, follow, max-snippet:-1, max-image-preview:large, max-video-preview:-1\" \/>\n<link rel=\"canonical\" href=\"https:\/\/skaitytaknyga.lt\/en\/produktas\/maurice-leblanc-arsenas-liupenas-vagis-dzentelmenas\/\" \/>\n<meta property=\"og:locale\" content=\"en_GB\" \/>\n<meta property=\"og:locale:alternate\" content=\"lt_LT\" \/>\n<meta property=\"og:type\" content=\"article\" \/>\n<meta property=\"og:title\" content=\"Maurice Leblanc \u201eArsenas Liupenas, vagis d\u017eentelmenas\u201c - Skaitytaknyga\" \/>\n<meta property=\"og:description\" content=\"Pranc\u016bz\u0173 ra\u0161ytojas Morisas Leblanas (1864\u20131941 m.), i\u0161leid\u0119s kelet\u0105 psichoanalitini\u0173 roman\u0173, leid\u0117jo Pjero Lafito papra\u0161ytas para\u0161\u0117 detektyvin\u0119 apysak\u0105, kurios herojus Arsenas Liupenas tur\u0117jo didel\u012f pasisekim\u0105. Taip prasid\u0117jo ilga apie 20 knyg\u0173 serija.  Pranc\u016bzijoje Arsenas Liupenas tapo savoti\u0161ku Robinu Hudu ir i\u0161gars\u0117jo ne ma\u017eiau kaip \u0160erlokas Holmsas Anglijoje. Jo profesija ypatinga: vagis d\u017eentelmenas, tikras meno m\u0117g\u0117jas, i\u0161manantis daikt\u0173 vert\u0119, bet netampantis j\u0173 vergu. Jis niekada ne\u017eudo, jo ginklai \u2013 protas ir vikrumas. \u0160is \u017eavus, eleganti\u0161kas vyri\u0161kis, ironi\u0161kas var\u017eovams, galanti\u0161kas moterims, peln\u0117 \u017emoni\u0173 simpatijas ir nuo XX a. prad\u017eios n\u0117 kiek nepaseno. Apie jo \u017eygius kuriami filmai, dainuojamos dainos, o Morisas Leblanas vadinamas Pranc\u016bzijos Konanu Doiliu.\" \/>\n<meta property=\"og:url\" content=\"https:\/\/skaitytaknyga.lt\/en\/produktas\/maurice-leblanc-arsenas-liupenas-vagis-dzentelmenas\/\" \/>\n<meta property=\"og:site_name\" content=\"Skaitytaknyga\" \/>\n<meta property=\"article:publisher\" content=\"https:\/\/www.facebook.com\/skaitytaknyga\/\" \/>\n<meta property=\"article:modified_time\" content=\"2025-10-11T15:13:55+00:00\" \/>\n<meta property=\"og:image\" content=\"https:\/\/skaitytaknyga.lt\/wp-content\/uploads\/2024\/04\/unnamed-1-1-3.jpg\" \/>\n\t<meta property=\"og:image:width\" content=\"374\" \/>\n\t<meta property=\"og:image:height\" content=\"512\" \/>\n\t<meta property=\"og:image:type\" content=\"image\/jpeg\" \/>\n<meta name=\"twitter:card\" content=\"summary_large_image\" \/>\n<meta name=\"twitter:label1\" content=\"Estimated reading time\" \/>\n\t<meta name=\"twitter:data1\" content=\"1 minute\" \/>\n<script type=\"application\/ld+json\" class=\"yoast-schema-graph\">{\"@context\":\"https:\/\/schema.org\",\"@graph\":[{\"@type\":\"WebPage\",\"@id\":\"https:\/\/skaitytaknyga.lt\/produktas\/maurice-leblanc-arsenas-liupenas-vagis-dzentelmenas\/\",\"url\":\"https:\/\/skaitytaknyga.lt\/produktas\/maurice-leblanc-arsenas-liupenas-vagis-dzentelmenas\/\",\"name\":\"Maurice Leblanc \u201eArsenas Liupenas, vagis d\u017eentelmenas\u201c - Skaitytaknyga\",\"isPartOf\":{\"@id\":\"https:\/\/skaitytaknyga.lt\/#website\"},\"primaryImageOfPage\":{\"@id\":\"https:\/\/skaitytaknyga.lt\/produktas\/maurice-leblanc-arsenas-liupenas-vagis-dzentelmenas\/#primaryimage\"},\"image\":{\"@id\":\"https:\/\/skaitytaknyga.lt\/produktas\/maurice-leblanc-arsenas-liupenas-vagis-dzentelmenas\/#primaryimage\"},\"thumbnailUrl\":\"https:\/\/skaitytaknyga.lt\/wp-content\/uploads\/2024\/04\/unnamed-1-1-3.jpg\",\"datePublished\":\"2024-04-17T14:01:17+00:00\",\"dateModified\":\"2025-10-11T15:13:55+00:00\",\"description\":\"Pranc\u016bz\u0173 ra\u0161ytojas Morisas Leblanas (1864\u20131941 m.), i\u0161leid\u0119s kelet\u0105 psichoanalitini\u0173 roman\u0173, leid\u0117jo Pjero Lafito papra\u0161ytas para\u0161\u0117 detektyvin\u0119 apysak\u0105, kurios herojus Arsenas Liupenas tur\u0117jo didel\u012f pasisekim\u0105. Taip prasid\u0117jo ilga apie 20 knyg\u0173 serija. Pranc\u016bzijoje Arsenas Liupenas tapo savoti\u0161ku Robinu Hudu ir i\u0161gars\u0117jo ne ma\u017eiau kaip \u0160erlokas Holmsas Anglijoje. Jo profesija ypatinga: vagis d\u017eentelmenas, tikras meno m\u0117g\u0117jas, i\u0161manantis daikt\u0173 vert\u0119, bet netampantis j\u0173 vergu. Jis niekada ne\u017eudo, jo ginklai \u2013 protas ir vikrumas. \u0160is \u017eavus, eleganti\u0161kas vyri\u0161kis, ironi\u0161kas var\u017eovams, galanti\u0161kas moterims, peln\u0117 \u017emoni\u0173 simpatijas ir nuo XX a. prad\u017eios n\u0117 kiek nepaseno. Apie jo \u017eygius kuriami filmai, dainuojamos dainos, o Morisas Leblanas vadinamas Pranc\u016bzijos Konanu Doiliu.\",\"breadcrumb\":{\"@id\":\"https:\/\/skaitytaknyga.lt\/produktas\/maurice-leblanc-arsenas-liupenas-vagis-dzentelmenas\/#breadcrumb\"},\"inLanguage\":\"en-GB\",\"potentialAction\":[{\"@type\":\"ReadAction\",\"target\":[\"https:\/\/skaitytaknyga.lt\/produktas\/maurice-leblanc-arsenas-liupenas-vagis-dzentelmenas\/\"]}]},{\"@type\":\"ImageObject\",\"inLanguage\":\"en-GB\",\"@id\":\"https:\/\/skaitytaknyga.lt\/produktas\/maurice-leblanc-arsenas-liupenas-vagis-dzentelmenas\/#primaryimage\",\"url\":\"https:\/\/skaitytaknyga.lt\/wp-content\/uploads\/2024\/04\/unnamed-1-1-3.jpg\",\"contentUrl\":\"https:\/\/skaitytaknyga.lt\/wp-content\/uploads\/2024\/04\/unnamed-1-1-3.jpg\",\"width\":374,\"height\":512},{\"@type\":\"BreadcrumbList\",\"@id\":\"https:\/\/skaitytaknyga.lt\/produktas\/maurice-leblanc-arsenas-liupenas-vagis-dzentelmenas\/#breadcrumb\",\"itemListElement\":[{\"@type\":\"ListItem\",\"position\":1,\"name\":\"Home\",\"item\":\"https:\/\/skaitytaknyga.lt\/\"},{\"@type\":\"ListItem\",\"position\":2,\"name\":\"Parduotuv\u0117\",\"item\":\"https:\/\/skaitytaknyga.lt\/knygu-parduotuve\/\"},{\"@type\":\"ListItem\",\"position\":3,\"name\":\"Maurice Leblanc \u201eArsenas Liupenas, vagis d\u017eentelmenas\u201c\"}]},{\"@type\":\"WebSite\",\"@id\":\"https:\/\/skaitytaknyga.lt\/#website\",\"url\":\"https:\/\/skaitytaknyga.lt\/\",\"name\":\"skaitytaknyga.lt\",\"description\":\"Skaitytaknyga.lt \u2013 tai ma\u017eas \u0161eimos verslas, kuris prasid\u0117jo nuo meil\u0117s knygoms ir siekio i\u0161gelb\u0117ti knygas nuo likimo prie konteinerio. Kas vienam nereikalingas daiktas \u2013 kitam lobis, o mes esame tarpininkai, kurie padeda abiems tapti laimingesniems ???? \u017dinome kaip nelengva i\u0161gyventi ma\u017eiems verslams, tad nuo \u0161iol, \u010dia rasite ir kit\u0173, ma\u017e\u0173 \u0161eim\u0173 versl\u0173, rank\u0173 darbo, dovan\u0173 sau ir artimiesiems.\",\"publisher\":{\"@id\":\"https:\/\/skaitytaknyga.lt\/#organization\"},\"potentialAction\":[{\"@type\":\"SearchAction\",\"target\":{\"@type\":\"EntryPoint\",\"urlTemplate\":\"https:\/\/skaitytaknyga.lt\/?s={search_term_string}\"},\"query-input\":{\"@type\":\"PropertyValueSpecification\",\"valueRequired\":true,\"valueName\":\"search_term_string\"}}],\"inLanguage\":\"en-GB\"},{\"@type\":\"Organization\",\"@id\":\"https:\/\/skaitytaknyga.lt\/#organization\",\"name\":\"skaitytaknyga.lt\",\"url\":\"https:\/\/skaitytaknyga.lt\/\",\"logo\":{\"@type\":\"ImageObject\",\"inLanguage\":\"en-GB\",\"@id\":\"https:\/\/skaitytaknyga.lt\/#\/schema\/logo\/image\/\",\"url\":\"https:\/\/skaitytaknyga.lt\/wp-content\/uploads\/2024\/05\/cropped-cropped-cropped-02_00843_jt3bggkj1j3HLc7SyY6rEUpg.jpeg\",\"contentUrl\":\"https:\/\/skaitytaknyga.lt\/wp-content\/uploads\/2024\/05\/cropped-cropped-cropped-02_00843_jt3bggkj1j3HLc7SyY6rEUpg.jpeg\",\"width\":1600,\"height\":1600,\"caption\":\"skaitytaknyga.lt\"},\"image\":{\"@id\":\"https:\/\/skaitytaknyga.lt\/#\/schema\/logo\/image\/\"},\"sameAs\":[\"https:\/\/www.facebook.com\/skaitytaknyga\/\"]}]}<\/script>\n<!-- \/ Yoast SEO plugin. -->","yoast_head_json":{"title":"Maurice Leblanc \u201eArsenas Liupenas, vagis d\u017eentelmenas\u201c - Skaitytaknyga","description":"Pranc\u016bz\u0173 ra\u0161ytojas Morisas Leblanas (1864\u20131941 m.), i\u0161leid\u0119s kelet\u0105 psichoanalitini\u0173 roman\u0173, leid\u0117jo Pjero Lafito papra\u0161ytas para\u0161\u0117 detektyvin\u0119 apysak\u0105, kurios herojus Arsenas Liupenas tur\u0117jo didel\u012f pasisekim\u0105. Taip prasid\u0117jo ilga apie 20 knyg\u0173 serija.  Pranc\u016bzijoje Arsenas Liupenas tapo savoti\u0161ku Robinu Hudu ir i\u0161gars\u0117jo ne ma\u017eiau kaip \u0160erlokas Holmsas Anglijoje. Jo profesija ypatinga: vagis d\u017eentelmenas, tikras meno m\u0117g\u0117jas, i\u0161manantis daikt\u0173 vert\u0119, bet netampantis j\u0173 vergu. Jis niekada ne\u017eudo, jo ginklai \u2013 protas ir vikrumas. \u0160is \u017eavus, eleganti\u0161kas vyri\u0161kis, ironi\u0161kas var\u017eovams, galanti\u0161kas moterims, peln\u0117 \u017emoni\u0173 simpatijas ir nuo XX a. prad\u017eios n\u0117 kiek nepaseno. Apie jo \u017eygius kuriami filmai, dainuojamos dainos, o Morisas Leblanas vadinamas Pranc\u016bzijos Konanu Doiliu.","robots":{"index":"index","follow":"follow","max-snippet":"max-snippet:-1","max-image-preview":"max-image-preview:large","max-video-preview":"max-video-preview:-1"},"canonical":"https:\/\/skaitytaknyga.lt\/en\/produktas\/maurice-leblanc-arsenas-liupenas-vagis-dzentelmenas\/","og_locale":"en_GB","og_type":"article","og_title":"Maurice Leblanc \u201eArsenas Liupenas, vagis d\u017eentelmenas\u201c - Skaitytaknyga","og_description":"Pranc\u016bz\u0173 ra\u0161ytojas Morisas Leblanas (1864\u20131941 m.), i\u0161leid\u0119s kelet\u0105 psichoanalitini\u0173 roman\u0173, leid\u0117jo Pjero Lafito papra\u0161ytas para\u0161\u0117 detektyvin\u0119 apysak\u0105, kurios herojus Arsenas Liupenas tur\u0117jo didel\u012f pasisekim\u0105. Taip prasid\u0117jo ilga apie 20 knyg\u0173 serija.  Pranc\u016bzijoje Arsenas Liupenas tapo savoti\u0161ku Robinu Hudu ir i\u0161gars\u0117jo ne ma\u017eiau kaip \u0160erlokas Holmsas Anglijoje. Jo profesija ypatinga: vagis d\u017eentelmenas, tikras meno m\u0117g\u0117jas, i\u0161manantis daikt\u0173 vert\u0119, bet netampantis j\u0173 vergu. Jis niekada ne\u017eudo, jo ginklai \u2013 protas ir vikrumas. \u0160is \u017eavus, eleganti\u0161kas vyri\u0161kis, ironi\u0161kas var\u017eovams, galanti\u0161kas moterims, peln\u0117 \u017emoni\u0173 simpatijas ir nuo XX a. prad\u017eios n\u0117 kiek nepaseno. Apie jo \u017eygius kuriami filmai, dainuojamos dainos, o Morisas Leblanas vadinamas Pranc\u016bzijos Konanu Doiliu.","og_url":"https:\/\/skaitytaknyga.lt\/en\/produktas\/maurice-leblanc-arsenas-liupenas-vagis-dzentelmenas\/","og_site_name":"Skaitytaknyga","article_publisher":"https:\/\/www.facebook.com\/skaitytaknyga\/","article_modified_time":"2025-10-11T15:13:55+00:00","og_image":[{"width":374,"height":512,"url":"https:\/\/skaitytaknyga.lt\/wp-content\/uploads\/2024\/04\/unnamed-1-1-3.jpg","type":"image\/jpeg"}],"twitter_card":"summary_large_image","twitter_misc":{"Estimated reading time":"1 minute"},"schema":{"@context":"https:\/\/schema.org","@graph":[{"@type":"WebPage","@id":"https:\/\/skaitytaknyga.lt\/produktas\/maurice-leblanc-arsenas-liupenas-vagis-dzentelmenas\/","url":"https:\/\/skaitytaknyga.lt\/produktas\/maurice-leblanc-arsenas-liupenas-vagis-dzentelmenas\/","name":"Maurice Leblanc \u201eArsenas Liupenas, vagis d\u017eentelmenas\u201c - Skaitytaknyga","isPartOf":{"@id":"https:\/\/skaitytaknyga.lt\/#website"},"primaryImageOfPage":{"@id":"https:\/\/skaitytaknyga.lt\/produktas\/maurice-leblanc-arsenas-liupenas-vagis-dzentelmenas\/#primaryimage"},"image":{"@id":"https:\/\/skaitytaknyga.lt\/produktas\/maurice-leblanc-arsenas-liupenas-vagis-dzentelmenas\/#primaryimage"},"thumbnailUrl":"https:\/\/skaitytaknyga.lt\/wp-content\/uploads\/2024\/04\/unnamed-1-1-3.jpg","datePublished":"2024-04-17T14:01:17+00:00","dateModified":"2025-10-11T15:13:55+00:00","description":"Pranc\u016bz\u0173 ra\u0161ytojas Morisas Leblanas (1864\u20131941 m.), i\u0161leid\u0119s kelet\u0105 psichoanalitini\u0173 roman\u0173, leid\u0117jo Pjero Lafito papra\u0161ytas para\u0161\u0117 detektyvin\u0119 apysak\u0105, kurios herojus Arsenas Liupenas tur\u0117jo didel\u012f pasisekim\u0105. Taip prasid\u0117jo ilga apie 20 knyg\u0173 serija. Pranc\u016bzijoje Arsenas Liupenas tapo savoti\u0161ku Robinu Hudu ir i\u0161gars\u0117jo ne ma\u017eiau kaip \u0160erlokas Holmsas Anglijoje. Jo profesija ypatinga: vagis d\u017eentelmenas, tikras meno m\u0117g\u0117jas, i\u0161manantis daikt\u0173 vert\u0119, bet netampantis j\u0173 vergu. Jis niekada ne\u017eudo, jo ginklai \u2013 protas ir vikrumas. \u0160is \u017eavus, eleganti\u0161kas vyri\u0161kis, ironi\u0161kas var\u017eovams, galanti\u0161kas moterims, peln\u0117 \u017emoni\u0173 simpatijas ir nuo XX a. prad\u017eios n\u0117 kiek nepaseno. Apie jo \u017eygius kuriami filmai, dainuojamos dainos, o Morisas Leblanas vadinamas Pranc\u016bzijos Konanu Doiliu.","breadcrumb":{"@id":"https:\/\/skaitytaknyga.lt\/produktas\/maurice-leblanc-arsenas-liupenas-vagis-dzentelmenas\/#breadcrumb"},"inLanguage":"en-GB","potentialAction":[{"@type":"ReadAction","target":["https:\/\/skaitytaknyga.lt\/produktas\/maurice-leblanc-arsenas-liupenas-vagis-dzentelmenas\/"]}]},{"@type":"ImageObject","inLanguage":"en-GB","@id":"https:\/\/skaitytaknyga.lt\/produktas\/maurice-leblanc-arsenas-liupenas-vagis-dzentelmenas\/#primaryimage","url":"https:\/\/skaitytaknyga.lt\/wp-content\/uploads\/2024\/04\/unnamed-1-1-3.jpg","contentUrl":"https:\/\/skaitytaknyga.lt\/wp-content\/uploads\/2024\/04\/unnamed-1-1-3.jpg","width":374,"height":512},{"@type":"BreadcrumbList","@id":"https:\/\/skaitytaknyga.lt\/produktas\/maurice-leblanc-arsenas-liupenas-vagis-dzentelmenas\/#breadcrumb","itemListElement":[{"@type":"ListItem","position":1,"name":"Home","item":"https:\/\/skaitytaknyga.lt\/"},{"@type":"ListItem","position":2,"name":"Parduotuv\u0117","item":"https:\/\/skaitytaknyga.lt\/knygu-parduotuve\/"},{"@type":"ListItem","position":3,"name":"Maurice Leblanc \u201eArsenas Liupenas, vagis d\u017eentelmenas\u201c"}]},{"@type":"WebSite","@id":"https:\/\/skaitytaknyga.lt\/#website","url":"https:\/\/skaitytaknyga.lt\/","name":"skaitytaknyga.lt","description":"Skaitytaknyga.lt \u2013 tai ma\u017eas \u0161eimos verslas, kuris prasid\u0117jo nuo meil\u0117s knygoms ir siekio i\u0161gelb\u0117ti knygas nuo likimo prie konteinerio. Kas vienam nereikalingas daiktas \u2013 kitam lobis, o mes esame tarpininkai, kurie padeda abiems tapti laimingesniems ???? \u017dinome kaip nelengva i\u0161gyventi ma\u017eiems verslams, tad nuo \u0161iol, \u010dia rasite ir kit\u0173, ma\u017e\u0173 \u0161eim\u0173 versl\u0173, rank\u0173 darbo, dovan\u0173 sau ir artimiesiems.","publisher":{"@id":"https:\/\/skaitytaknyga.lt\/#organization"},"potentialAction":[{"@type":"SearchAction","target":{"@type":"EntryPoint","urlTemplate":"https:\/\/skaitytaknyga.lt\/?s={search_term_string}"},"query-input":{"@type":"PropertyValueSpecification","valueRequired":true,"valueName":"search_term_string"}}],"inLanguage":"en-GB"},{"@type":"Organization","@id":"https:\/\/skaitytaknyga.lt\/#organization","name":"skaitytaknyga.lt","url":"https:\/\/skaitytaknyga.lt\/","logo":{"@type":"ImageObject","inLanguage":"en-GB","@id":"https:\/\/skaitytaknyga.lt\/#\/schema\/logo\/image\/","url":"https:\/\/skaitytaknyga.lt\/wp-content\/uploads\/2024\/05\/cropped-cropped-cropped-02_00843_jt3bggkj1j3HLc7SyY6rEUpg.jpeg","contentUrl":"https:\/\/skaitytaknyga.lt\/wp-content\/uploads\/2024\/05\/cropped-cropped-cropped-02_00843_jt3bggkj1j3HLc7SyY6rEUpg.jpeg","width":1600,"height":1600,"caption":"skaitytaknyga.lt"},"image":{"@id":"https:\/\/skaitytaknyga.lt\/#\/schema\/logo\/image\/"},"sameAs":["https:\/\/www.facebook.com\/skaitytaknyga\/"]}]}},"_links":{"self":[{"href":"https:\/\/skaitytaknyga.lt\/en\/wp-json\/wp\/v2\/product\/5070","targetHints":{"allow":["GET"]}}],"collection":[{"href":"https:\/\/skaitytaknyga.lt\/en\/wp-json\/wp\/v2\/product"}],"about":[{"href":"https:\/\/skaitytaknyga.lt\/en\/wp-json\/wp\/v2\/types\/product"}],"replies":[{"embeddable":true,"href":"https:\/\/skaitytaknyga.lt\/en\/wp-json\/wp\/v2\/comments?post=5070"}],"wp:featuredmedia":[{"embeddable":true,"href":"https:\/\/skaitytaknyga.lt\/en\/wp-json\/wp\/v2\/media\/5119"}],"wp:attachment":[{"href":"https:\/\/skaitytaknyga.lt\/en\/wp-json\/wp\/v2\/media?parent=5070"}],"wp:term":[{"taxonomy":"product_brand","embeddable":true,"href":"https:\/\/skaitytaknyga.lt\/en\/wp-json\/wp\/v2\/product_brand?post=5070"},{"taxonomy":"product_cat","embeddable":true,"href":"https:\/\/skaitytaknyga.lt\/en\/wp-json\/wp\/v2\/product_cat?post=5070"},{"taxonomy":"product_tag","embeddable":true,"href":"https:\/\/skaitytaknyga.lt\/en\/wp-json\/wp\/v2\/product_tag?post=5070"}],"curies":[{"name":"wp","href":"https:\/\/api.w.org\/{rel}","templated":true}]}}