{"id":5065,"date":"2024-04-17T14:01:17","date_gmt":"2024-04-17T14:01:17","guid":{"rendered":"https:\/\/skaitytaknyga.lt\/?post_type=product&#038;p=5065"},"modified":"2024-08-10T20:50:20","modified_gmt":"2024-08-10T17:50:20","slug":"colleen-mccullough-erskeciu-pauksciai-su-defektu","status":"publish","type":"product","link":"https:\/\/skaitytaknyga.lt\/en\/produktas\/colleen-mccullough-erskeciu-pauksciai-su-defektu\/","title":{"rendered":"Colleen McCullough \u201eEr\u0161k\u0117\u010di\u0173 pauk\u0161\u010diai\u201c"},"content":{"rendered":"<p>\u201eEr\u0161k\u0117\u010di\u0173 pauk\u0161\u010diai&#8221; \u2013 antrasis ra\u0161ytojos romanas, pasirod\u0119s dar 1977 m. \u0160iuo metu visame pasaulyje jo parduota daugiau nei 33 milijonai egzempliori\u0173. Tai vienas garsiausi\u0173 ir populiariausi\u0173 vis\u0173 laik\u0173 roman\u0173, tikras epas, kuriame \u2013 beveik visa XX a. Australijos istorija, gyvenimo sankloda ir \u017emoni\u0173 santykiai. Kaitra spengian\u010diame fone \u2013 trij\u0173 vienos \u0161eimos kart\u0173 likimas, kur\u012f nulemia u\u017edrausta, ne\u012fmanoma jaunos merginos Meg\u0117s ir katalik\u0173 kunigo Ralfo de Brikasaro meil\u0117.<\/p>\n<p>\u0160i meil\u0117, u\u017esimezgusi dar Meg\u0117s vaikyst\u0117je, lydi j\u0105 per vis\u0105 gyvenim\u0105; jos negali u\u017egesinti nei ba\u017eny\u010dios draudimai, nei mylimojo atsi\u017ead\u0117jimas, nei santuoka. Nesvarbu, kad ambicingo dvasininko kelias i\u0161 Australijos nuveda j\u012f \u012f Rom\u0105 ir Vatikan\u0105, o \u0161velni ir mylinti Meg\u0117 \u0161irdimi ir k\u016bnu susijusi su atokiu Drohedos \u016bkiu \u2013 niekas, nei laikas, nei atstumas, nei draudimai ne\u012fstengia i\u0161skirti vienas kitam skirt\u0173 \u017emoni\u0173. Meg\u0117s ir Ralfo meil\u0117s istorija \u2013 viena i\u0161 t\u0173, kurios ne\u012fmanoma pamir\u0161ti, viena i\u0161 t\u0173, kurios \u012fkvepia ir lieka su skaitytoju visam laikui.<\/p>\n<p>Egzoti\u0161ka Australijos gamta vis\u0105 gyvenim\u0105 trunkan\u010dios aistros fone, meil\u0117s ir pareigos kova, mirtis ir i\u0161tverm\u0117. \u201eEr\u0161k\u0117\u010di\u0173 pauk\u0161\u010diai&#8221; \u2013 dr\u0105sus ir psichologi\u0161kai tikslus pasakojimas apie diding\u0105 meil\u0119, \u012fveikian\u010di\u0105 visas kli\u016btis ir trunkan\u010di\u0105 tol, kol esame gyvi. Romanas, s\u0117kmingai i\u0161laik\u0119s laiko egzamin\u0105, pagal j\u012f sukurtas nepaprastai populiarus, dabar jau televizijos klasika tap\u0119s serialas ir miuziklas.<\/p>\n<ul class=\"about-product d-none d-xl-block mt-4\">\n<li><strong>Originalus pavadinimas:<\/strong>\u00a0The Thorn Birds<\/li>\n<li><strong>Autorius:<\/strong>\u00a0<a href=\"https:\/\/skaitytaknyga.lt\/?s=McCullough&#038;post_type=product&#038;dgwt_wcas=1\">Kolina Makalou<\/a><\/li>\n<li><strong>Leid\u0117jas:<\/strong>\u00a0Vaga<\/li>\n<li><strong>Metai:<\/strong>\u00a01985<\/li>\n<li><strong>Puslapiai:<\/strong>\u00a0517<\/li>\n<li><strong>Versijos kodas:<\/strong>\u00a0PS<\/li>\n<li><strong>Formatas:<\/strong>\u00a014,5 x 22 cm, kieti vir\u0161eliai<\/li>\n<li><strong>Kalba:<\/strong>\u00a0Lietuvi\u0173<\/li>\n<li><strong>Vert\u0117jas:<\/strong>\u00a0K. Mili\u016bnien\u0117<\/li>\n<\/ul>\n","protected":false},"excerpt":{"rendered":"<p>\u201eEr\u0161k\u0117\u010di\u0173 pauk\u0161\u010diai&#8221; \u2013 antrasis ra\u0161ytojos romanas, pasirod\u0119s dar 1977 m. \u0160iuo metu visame pasaulyje jo parduota daugiau nei 33 milijonai egzempliori\u0173. Tai vienas garsiausi\u0173 ir populiariausi\u0173 vis\u0173 laik\u0173 roman\u0173, tikras epas, kuriame \u2013 beveik visa XX a. Australijos istorija, gyvenimo sankloda ir \u017emoni\u0173 santykiai. Kaitra spengian\u010diame fone \u2013 trij\u0173 vienos \u0161eimos kart\u0173 likimas, kur\u012f nulemia u\u017edrausta, ne\u012fmanoma jaunos merginos Meg\u0117s ir katalik\u0173 kunigo Ralfo de Brikasaro meil\u0117. \u0160i meil\u0117, u\u017esimezgusi dar Meg\u0117s vaikyst\u0117je, lydi j\u0105 per vis\u0105 gyvenim\u0105; jos negali u\u017egesinti nei ba\u017eny\u010dios draudimai, nei mylimojo atsi\u017ead\u0117jimas, nei santuoka. Nesvarbu, kad ambicingo dvasininko kelias i\u0161 Australijos nuveda j\u012f \u012f Rom\u0105 ir Vatikan\u0105, o \u0161velni ir mylinti Meg\u0117 \u0161irdimi ir k\u016bnu susijusi su atokiu Drohedos \u016bkiu \u2013 niekas, nei laikas, nei atstumas, nei draudimai ne\u012fstengia i\u0161skirti vienas kitam skirt\u0173 \u017emoni\u0173. Meg\u0117s ir Ralfo meil\u0117s istorija \u2013 viena i\u0161 t\u0173, kurios ne\u012fmanoma pamir\u0161ti, viena i\u0161 t\u0173, kurios \u012fkvepia ir lieka su skaitytoju visam laikui. Egzoti\u0161ka Australijos gamta vis\u0105 gyvenim\u0105 trunkan\u010dios aistros fone, meil\u0117s ir pareigos kova, mirtis ir i\u0161tverm\u0117. \u201eEr\u0161k\u0117\u010di\u0173 pauk\u0161\u010diai&#8221; \u2013 dr\u0105sus ir psichologi\u0161kai tikslus pasakojimas apie diding\u0105 meil\u0119, \u012fveikian\u010di\u0105 visas kli\u016btis ir trunkan\u010di\u0105 tol, kol esame gyvi. Romanas, s\u0117kmingai i\u0161laik\u0119s laiko egzamin\u0105, pagal j\u012f sukurtas nepaprastai populiarus, dabar jau televizijos klasika tap\u0119s serialas ir miuziklas. Originalus pavadinimas:\u00a0The Thorn Birds Autorius:\u00a0Kolina Makalou Leid\u0117jas:\u00a0Vaga Metai:\u00a01985 Puslapiai:\u00a0517 Versijos kodas:\u00a0PS Formatas:\u00a014,5 x 22 cm, kieti vir\u0161eliai Kalba:\u00a0Lietuvi\u0173 Vert\u0117jas:\u00a0K. Mili\u016bnien\u0117<\/p>\n","protected":false},"featured_media":5094,"comment_status":"closed","ping_status":"closed","template":"","meta":{"_acf_changed":false,"site-sidebar-layout":"default","site-content-layout":"","ast-site-content-layout":"default","site-content-style":"default","site-sidebar-style":"default","ast-global-header-display":"","ast-banner-title-visibility":"","ast-main-header-display":"","ast-hfb-above-header-display":"","ast-hfb-below-header-display":"","ast-hfb-mobile-header-display":"","site-post-title":"","ast-breadcrumbs-content":"","ast-featured-img":"","footer-sml-layout":"","ast-disable-related-posts":"","theme-transparent-header-meta":"default","adv-header-id-meta":"","stick-header-meta":"","header-above-stick-meta":"","header-main-stick-meta":"","header-below-stick-meta":"","astra-migrate-meta-layouts":"set","ast-page-background-enabled":"default","ast-page-background-meta":{"desktop":{"background-color":"","background-image":"","background-repeat":"repeat","background-position":"center center","background-size":"auto","background-attachment":"scroll","background-type":"","background-media":"","overlay-type":"","overlay-color":"","overlay-opacity":"","overlay-gradient":""},"tablet":{"background-color":"","background-image":"","background-repeat":"repeat","background-position":"center center","background-size":"auto","background-attachment":"scroll","background-type":"","background-media":"","overlay-type":"","overlay-color":"","overlay-opacity":"","overlay-gradient":""},"mobile":{"background-color":"","background-image":"","background-repeat":"repeat","background-position":"center center","background-size":"auto","background-attachment":"scroll","background-type":"","background-media":"","overlay-type":"","overlay-color":"","overlay-opacity":"","overlay-gradient":""}},"ast-content-background-meta":{"desktop":{"background-color":"var(--ast-global-color-4)","background-image":"","background-repeat":"repeat","background-position":"center center","background-size":"auto","background-attachment":"scroll","background-type":"","background-media":"","overlay-type":"","overlay-color":"","overlay-opacity":"","overlay-gradient":""},"tablet":{"background-color":"var(--ast-global-color-4)","background-image":"","background-repeat":"repeat","background-position":"center center","background-size":"auto","background-attachment":"scroll","background-type":"","background-media":"","overlay-type":"","overlay-color":"","overlay-opacity":"","overlay-gradient":""},"mobile":{"background-color":"var(--ast-global-color-4)","background-image":"","background-repeat":"repeat","background-position":"center center","background-size":"auto","background-attachment":"scroll","background-type":"","background-media":"","overlay-type":"","overlay-color":"","overlay-opacity":"","overlay-gradient":""}}},"product_brand":[],"product_cat":[31],"product_tag":[],"class_list":{"0":"post-5065","1":"product","2":"type-product","3":"status-publish","4":"has-post-thumbnail","6":"product_cat-grozine-literatura","7":"desktop-align-left","8":"tablet-align-left","9":"mobile-align-left","11":"first","12":"instock","13":"shipping-taxable","14":"purchasable","15":"product-type-simple"},"acf":[],"yoast_head":"<!-- This site is optimized with the Yoast SEO plugin v27.0 - https:\/\/yoast.com\/product\/yoast-seo-wordpress\/ -->\n<title>Colleen McCullough \u201eEr\u0161k\u0117\u010di\u0173 pauk\u0161\u010diai\u201c<\/title>\n<meta name=\"description\" content=\"Tai vienas garsiausi\u0173 ir populiariausi\u0173 vis\u0173 laik\u0173 roman\u0173, tikras epas, kuriame \u2013 beveik visa XX a. Australijos istorija, gyvenimo sankloda ir \u017emoni\u0173 santykiai.\" \/>\n<meta name=\"robots\" content=\"index, follow, max-snippet:-1, max-image-preview:large, max-video-preview:-1\" \/>\n<link rel=\"canonical\" href=\"https:\/\/skaitytaknyga.lt\/en\/produktas\/colleen-mccullough-erskeciu-pauksciai-su-defektu\/\" \/>\n<meta property=\"og:locale\" content=\"en_GB\" \/>\n<meta property=\"og:locale:alternate\" content=\"lt_LT\" \/>\n<meta property=\"og:type\" content=\"article\" \/>\n<meta property=\"og:title\" content=\"Colleen McCullough \u201eEr\u0161k\u0117\u010di\u0173 pauk\u0161\u010diai\u201c\" \/>\n<meta property=\"og:description\" content=\"Tai vienas garsiausi\u0173 ir populiariausi\u0173 vis\u0173 laik\u0173 roman\u0173, tikras epas, kuriame \u2013 beveik visa XX a. Australijos istorija, gyvenimo sankloda ir \u017emoni\u0173 santykiai.\" \/>\n<meta property=\"og:url\" content=\"https:\/\/skaitytaknyga.lt\/en\/produktas\/colleen-mccullough-erskeciu-pauksciai-su-defektu\/\" \/>\n<meta property=\"og:site_name\" content=\"Skaitytaknyga\" \/>\n<meta property=\"article:publisher\" content=\"https:\/\/www.facebook.com\/skaitytaknyga\/\" \/>\n<meta property=\"article:modified_time\" content=\"2024-08-10T17:50:20+00:00\" \/>\n<meta property=\"og:image\" content=\"https:\/\/skaitytaknyga.lt\/wp-content\/uploads\/2024\/04\/colleen-mccullough-erskeciu-pauksciai-e1616757515318.jpg\" \/>\n\t<meta property=\"og:image:width\" content=\"1080\" \/>\n\t<meta property=\"og:image:height\" content=\"1684\" \/>\n\t<meta property=\"og:image:type\" content=\"image\/jpeg\" \/>\n<meta name=\"twitter:card\" content=\"summary_large_image\" \/>\n<meta name=\"twitter:label1\" content=\"Estimated reading time\" \/>\n\t<meta name=\"twitter:data1\" content=\"2 minutes\" \/>\n<script type=\"application\/ld+json\" class=\"yoast-schema-graph\">{\"@context\":\"https:\/\/schema.org\",\"@graph\":[{\"@type\":\"WebPage\",\"@id\":\"https:\/\/skaitytaknyga.lt\/produktas\/colleen-mccullough-erskeciu-pauksciai-su-defektu\/\",\"url\":\"https:\/\/skaitytaknyga.lt\/produktas\/colleen-mccullough-erskeciu-pauksciai-su-defektu\/\",\"name\":\"Colleen McCullough \u201eEr\u0161k\u0117\u010di\u0173 pauk\u0161\u010diai\u201c\",\"isPartOf\":{\"@id\":\"https:\/\/skaitytaknyga.lt\/#website\"},\"primaryImageOfPage\":{\"@id\":\"https:\/\/skaitytaknyga.lt\/produktas\/colleen-mccullough-erskeciu-pauksciai-su-defektu\/#primaryimage\"},\"image\":{\"@id\":\"https:\/\/skaitytaknyga.lt\/produktas\/colleen-mccullough-erskeciu-pauksciai-su-defektu\/#primaryimage\"},\"thumbnailUrl\":\"https:\/\/skaitytaknyga.lt\/wp-content\/uploads\/2024\/04\/colleen-mccullough-erskeciu-pauksciai-e1616757515318.jpg\",\"datePublished\":\"2024-04-17T14:01:17+00:00\",\"dateModified\":\"2024-08-10T17:50:20+00:00\",\"description\":\"Tai vienas garsiausi\u0173 ir populiariausi\u0173 vis\u0173 laik\u0173 roman\u0173, tikras epas, kuriame \u2013 beveik visa XX a. Australijos istorija, gyvenimo sankloda ir \u017emoni\u0173 santykiai.\",\"breadcrumb\":{\"@id\":\"https:\/\/skaitytaknyga.lt\/produktas\/colleen-mccullough-erskeciu-pauksciai-su-defektu\/#breadcrumb\"},\"inLanguage\":\"en-GB\",\"potentialAction\":[{\"@type\":\"ReadAction\",\"target\":[\"https:\/\/skaitytaknyga.lt\/produktas\/colleen-mccullough-erskeciu-pauksciai-su-defektu\/\"]}]},{\"@type\":\"ImageObject\",\"inLanguage\":\"en-GB\",\"@id\":\"https:\/\/skaitytaknyga.lt\/produktas\/colleen-mccullough-erskeciu-pauksciai-su-defektu\/#primaryimage\",\"url\":\"https:\/\/skaitytaknyga.lt\/wp-content\/uploads\/2024\/04\/colleen-mccullough-erskeciu-pauksciai-e1616757515318.jpg\",\"contentUrl\":\"https:\/\/skaitytaknyga.lt\/wp-content\/uploads\/2024\/04\/colleen-mccullough-erskeciu-pauksciai-e1616757515318.jpg\",\"width\":1080,\"height\":1684,\"caption\":\"Colleen McCullough \u201eEr\u0161k\u0117\u010di\u0173 pauk\u0161\u010diai\u201c\"},{\"@type\":\"BreadcrumbList\",\"@id\":\"https:\/\/skaitytaknyga.lt\/produktas\/colleen-mccullough-erskeciu-pauksciai-su-defektu\/#breadcrumb\",\"itemListElement\":[{\"@type\":\"ListItem\",\"position\":1,\"name\":\"Home\",\"item\":\"https:\/\/skaitytaknyga.lt\/\"},{\"@type\":\"ListItem\",\"position\":2,\"name\":\"Parduotuv\u0117\",\"item\":\"https:\/\/skaitytaknyga.lt\/knygu-parduotuve\/\"},{\"@type\":\"ListItem\",\"position\":3,\"name\":\"Colleen McCullough \u201eEr\u0161k\u0117\u010di\u0173 pauk\u0161\u010diai\u201c\"}]},{\"@type\":\"WebSite\",\"@id\":\"https:\/\/skaitytaknyga.lt\/#website\",\"url\":\"https:\/\/skaitytaknyga.lt\/\",\"name\":\"skaitytaknyga.lt\",\"description\":\"Skaitytaknyga.lt \u2013 tai ma\u017eas \u0161eimos verslas, kuris prasid\u0117jo nuo meil\u0117s knygoms ir siekio i\u0161gelb\u0117ti knygas nuo likimo prie konteinerio. Kas vienam nereikalingas daiktas \u2013 kitam lobis, o mes esame tarpininkai, kurie padeda abiems tapti laimingesniems ???? \u017dinome kaip nelengva i\u0161gyventi ma\u017eiems verslams, tad nuo \u0161iol, \u010dia rasite ir kit\u0173, ma\u017e\u0173 \u0161eim\u0173 versl\u0173, rank\u0173 darbo, dovan\u0173 sau ir artimiesiems.\",\"publisher\":{\"@id\":\"https:\/\/skaitytaknyga.lt\/#organization\"},\"potentialAction\":[{\"@type\":\"SearchAction\",\"target\":{\"@type\":\"EntryPoint\",\"urlTemplate\":\"https:\/\/skaitytaknyga.lt\/?s={search_term_string}\"},\"query-input\":{\"@type\":\"PropertyValueSpecification\",\"valueRequired\":true,\"valueName\":\"search_term_string\"}}],\"inLanguage\":\"en-GB\"},{\"@type\":\"Organization\",\"@id\":\"https:\/\/skaitytaknyga.lt\/#organization\",\"name\":\"skaitytaknyga.lt\",\"url\":\"https:\/\/skaitytaknyga.lt\/\",\"logo\":{\"@type\":\"ImageObject\",\"inLanguage\":\"en-GB\",\"@id\":\"https:\/\/skaitytaknyga.lt\/#\/schema\/logo\/image\/\",\"url\":\"https:\/\/skaitytaknyga.lt\/wp-content\/uploads\/2024\/05\/cropped-cropped-cropped-02_00843_jt3bggkj1j3HLc7SyY6rEUpg.jpeg\",\"contentUrl\":\"https:\/\/skaitytaknyga.lt\/wp-content\/uploads\/2024\/05\/cropped-cropped-cropped-02_00843_jt3bggkj1j3HLc7SyY6rEUpg.jpeg\",\"width\":1600,\"height\":1600,\"caption\":\"skaitytaknyga.lt\"},\"image\":{\"@id\":\"https:\/\/skaitytaknyga.lt\/#\/schema\/logo\/image\/\"},\"sameAs\":[\"https:\/\/www.facebook.com\/skaitytaknyga\/\"]}]}<\/script>\n<!-- \/ Yoast SEO plugin. -->","yoast_head_json":{"title":"Colleen McCullough \u201eEr\u0161k\u0117\u010di\u0173 pauk\u0161\u010diai\u201c","description":"Tai vienas garsiausi\u0173 ir populiariausi\u0173 vis\u0173 laik\u0173 roman\u0173, tikras epas, kuriame \u2013 beveik visa XX a. Australijos istorija, gyvenimo sankloda ir \u017emoni\u0173 santykiai.","robots":{"index":"index","follow":"follow","max-snippet":"max-snippet:-1","max-image-preview":"max-image-preview:large","max-video-preview":"max-video-preview:-1"},"canonical":"https:\/\/skaitytaknyga.lt\/en\/produktas\/colleen-mccullough-erskeciu-pauksciai-su-defektu\/","og_locale":"en_GB","og_type":"article","og_title":"[:lt]Colleen McCullough \u201eEr\u0161k\u0117\u010di\u0173 pauk\u0161\u010diai\u201c[:] - Skaitytaknyga","og_description":"[:lt]Tai vienas garsiausi\u0173 ir populiariausi\u0173 vis\u0173 laik\u0173 roman\u0173, tikras epas, kuriame \u2013 beveik visa XX a. Australijos istorija, gyvenimo sankloda ir \u017emoni\u0173 santykiai.[:]","og_url":"https:\/\/skaitytaknyga.lt\/en\/produktas\/colleen-mccullough-erskeciu-pauksciai-su-defektu\/","og_site_name":"Skaitytaknyga","article_publisher":"https:\/\/www.facebook.com\/skaitytaknyga\/","article_modified_time":"2024-08-10T17:50:20+00:00","og_image":[{"width":1080,"height":1684,"url":"https:\/\/skaitytaknyga.lt\/wp-content\/uploads\/2024\/04\/colleen-mccullough-erskeciu-pauksciai-e1616757515318.jpg","type":"image\/jpeg"}],"twitter_card":"summary_large_image","twitter_misc":{"Estimated reading time":"2 minutes"},"schema":{"@context":"https:\/\/schema.org","@graph":[{"@type":"WebPage","@id":"https:\/\/skaitytaknyga.lt\/produktas\/colleen-mccullough-erskeciu-pauksciai-su-defektu\/","url":"https:\/\/skaitytaknyga.lt\/produktas\/colleen-mccullough-erskeciu-pauksciai-su-defektu\/","name":"Colleen McCullough \u201eEr\u0161k\u0117\u010di\u0173 pauk\u0161\u010diai\u201c","isPartOf":{"@id":"https:\/\/skaitytaknyga.lt\/#website"},"primaryImageOfPage":{"@id":"https:\/\/skaitytaknyga.lt\/produktas\/colleen-mccullough-erskeciu-pauksciai-su-defektu\/#primaryimage"},"image":{"@id":"https:\/\/skaitytaknyga.lt\/produktas\/colleen-mccullough-erskeciu-pauksciai-su-defektu\/#primaryimage"},"thumbnailUrl":"https:\/\/skaitytaknyga.lt\/wp-content\/uploads\/2024\/04\/colleen-mccullough-erskeciu-pauksciai-e1616757515318.jpg","datePublished":"2024-04-17T14:01:17+00:00","dateModified":"2024-08-10T17:50:20+00:00","description":"Tai vienas garsiausi\u0173 ir populiariausi\u0173 vis\u0173 laik\u0173 roman\u0173, tikras epas, kuriame \u2013 beveik visa XX a. Australijos istorija, gyvenimo sankloda ir \u017emoni\u0173 santykiai.","breadcrumb":{"@id":"https:\/\/skaitytaknyga.lt\/produktas\/colleen-mccullough-erskeciu-pauksciai-su-defektu\/#breadcrumb"},"inLanguage":"en-GB","potentialAction":[{"@type":"ReadAction","target":["https:\/\/skaitytaknyga.lt\/produktas\/colleen-mccullough-erskeciu-pauksciai-su-defektu\/"]}]},{"@type":"ImageObject","inLanguage":"en-GB","@id":"https:\/\/skaitytaknyga.lt\/produktas\/colleen-mccullough-erskeciu-pauksciai-su-defektu\/#primaryimage","url":"https:\/\/skaitytaknyga.lt\/wp-content\/uploads\/2024\/04\/colleen-mccullough-erskeciu-pauksciai-e1616757515318.jpg","contentUrl":"https:\/\/skaitytaknyga.lt\/wp-content\/uploads\/2024\/04\/colleen-mccullough-erskeciu-pauksciai-e1616757515318.jpg","width":1080,"height":1684,"caption":"Colleen McCullough \u201eEr\u0161k\u0117\u010di\u0173 pauk\u0161\u010diai\u201c"},{"@type":"BreadcrumbList","@id":"https:\/\/skaitytaknyga.lt\/produktas\/colleen-mccullough-erskeciu-pauksciai-su-defektu\/#breadcrumb","itemListElement":[{"@type":"ListItem","position":1,"name":"Home","item":"https:\/\/skaitytaknyga.lt\/"},{"@type":"ListItem","position":2,"name":"Parduotuv\u0117","item":"https:\/\/skaitytaknyga.lt\/knygu-parduotuve\/"},{"@type":"ListItem","position":3,"name":"Colleen McCullough \u201eEr\u0161k\u0117\u010di\u0173 pauk\u0161\u010diai\u201c"}]},{"@type":"WebSite","@id":"https:\/\/skaitytaknyga.lt\/#website","url":"https:\/\/skaitytaknyga.lt\/","name":"skaitytaknyga.lt","description":"Skaitytaknyga.lt \u2013 tai ma\u017eas \u0161eimos verslas, kuris prasid\u0117jo nuo meil\u0117s knygoms ir siekio i\u0161gelb\u0117ti knygas nuo likimo prie konteinerio. Kas vienam nereikalingas daiktas \u2013 kitam lobis, o mes esame tarpininkai, kurie padeda abiems tapti laimingesniems ???? \u017dinome kaip nelengva i\u0161gyventi ma\u017eiems verslams, tad nuo \u0161iol, \u010dia rasite ir kit\u0173, ma\u017e\u0173 \u0161eim\u0173 versl\u0173, rank\u0173 darbo, dovan\u0173 sau ir artimiesiems.","publisher":{"@id":"https:\/\/skaitytaknyga.lt\/#organization"},"potentialAction":[{"@type":"SearchAction","target":{"@type":"EntryPoint","urlTemplate":"https:\/\/skaitytaknyga.lt\/?s={search_term_string}"},"query-input":{"@type":"PropertyValueSpecification","valueRequired":true,"valueName":"search_term_string"}}],"inLanguage":"en-GB"},{"@type":"Organization","@id":"https:\/\/skaitytaknyga.lt\/#organization","name":"skaitytaknyga.lt","url":"https:\/\/skaitytaknyga.lt\/","logo":{"@type":"ImageObject","inLanguage":"en-GB","@id":"https:\/\/skaitytaknyga.lt\/#\/schema\/logo\/image\/","url":"https:\/\/skaitytaknyga.lt\/wp-content\/uploads\/2024\/05\/cropped-cropped-cropped-02_00843_jt3bggkj1j3HLc7SyY6rEUpg.jpeg","contentUrl":"https:\/\/skaitytaknyga.lt\/wp-content\/uploads\/2024\/05\/cropped-cropped-cropped-02_00843_jt3bggkj1j3HLc7SyY6rEUpg.jpeg","width":1600,"height":1600,"caption":"skaitytaknyga.lt"},"image":{"@id":"https:\/\/skaitytaknyga.lt\/#\/schema\/logo\/image\/"},"sameAs":["https:\/\/www.facebook.com\/skaitytaknyga\/"]}]}},"_links":{"self":[{"href":"https:\/\/skaitytaknyga.lt\/en\/wp-json\/wp\/v2\/product\/5065","targetHints":{"allow":["GET"]}}],"collection":[{"href":"https:\/\/skaitytaknyga.lt\/en\/wp-json\/wp\/v2\/product"}],"about":[{"href":"https:\/\/skaitytaknyga.lt\/en\/wp-json\/wp\/v2\/types\/product"}],"replies":[{"embeddable":true,"href":"https:\/\/skaitytaknyga.lt\/en\/wp-json\/wp\/v2\/comments?post=5065"}],"wp:featuredmedia":[{"embeddable":true,"href":"https:\/\/skaitytaknyga.lt\/en\/wp-json\/wp\/v2\/media\/5094"}],"wp:attachment":[{"href":"https:\/\/skaitytaknyga.lt\/en\/wp-json\/wp\/v2\/media?parent=5065"}],"wp:term":[{"taxonomy":"product_brand","embeddable":true,"href":"https:\/\/skaitytaknyga.lt\/en\/wp-json\/wp\/v2\/product_brand?post=5065"},{"taxonomy":"product_cat","embeddable":true,"href":"https:\/\/skaitytaknyga.lt\/en\/wp-json\/wp\/v2\/product_cat?post=5065"},{"taxonomy":"product_tag","embeddable":true,"href":"https:\/\/skaitytaknyga.lt\/en\/wp-json\/wp\/v2\/product_tag?post=5065"}],"curies":[{"name":"wp","href":"https:\/\/api.w.org\/{rel}","templated":true}]}}