{"id":5063,"date":"2024-04-17T14:01:17","date_gmt":"2024-04-17T14:01:17","guid":{"rendered":"https:\/\/skaitytaknyga.lt\/?post_type=product&#038;p=5063"},"modified":"2024-05-03T07:28:33","modified_gmt":"2024-05-03T07:28:33","slug":"klara-asyziete-laiskai-regula-ir-testamentas","status":"publish","type":"product","link":"https:\/\/skaitytaknyga.lt\/en\/produktas\/klara-asyziete-laiskai-regula-ir-testamentas\/","title":{"rendered":"Klara Asy\u017eiet\u0117: lai\u0161kai, regula ir testamentas"},"content":{"rendered":"<p>\u201eAr galima Klaros lai\u0161kus priskirti prie gro\u017ein\u0117s literat\u016bros ir pavadinti juos epistolinio \u017eanro k\u016briniais? Tiesa, jie dedikuoti konkretiems asmenims konkre\u010diomis aplinkyb\u0117mis. Ta\u010diau d\u0117l didel\u0117s kompozicin\u0117s ir interpretacin\u0117s laisv\u0117s, pamokym\u0173, patarim\u0173 bei padr\u0105sinim\u0173 \u012fvairov\u0117s ir subtilaus poetinio \u017eod\u017eio jie gal\u0117t\u0173 pasiekti bet kok\u012f adresat\u0105\u201c. (i\u0161trauka i\u0161 \u201e\u012evado\u201c)<\/p>\n","protected":false},"excerpt":{"rendered":"<p>\u201eAr galima Klaros lai\u0161kus priskirti prie gro\u017ein\u0117s literat\u016bros ir pavadinti juos epistolinio \u017eanro k\u016briniais? Tiesa, jie dedikuoti konkretiems asmenims konkre\u010diomis aplinkyb\u0117mis. Ta\u010diau d\u0117l didel\u0117s kompozicin\u0117s ir interpretacin\u0117s laisv\u0117s, pamokym\u0173, patarim\u0173 bei padr\u0105sinim\u0173 \u012fvairov\u0117s ir subtilaus poetinio \u017eod\u017eio jie gal\u0117t\u0173 pasiekti bet kok\u012f adresat\u0105\u201c. (i\u0161trauka i\u0161 \u201e\u012evado\u201c)<\/p>\n","protected":false},"featured_media":5092,"comment_status":"closed","ping_status":"closed","template":"","meta":{"_acf_changed":false,"site-sidebar-layout":"default","site-content-layout":"","ast-site-content-layout":"default","site-content-style":"default","site-sidebar-style":"default","ast-global-header-display":"","ast-banner-title-visibility":"","ast-main-header-display":"","ast-hfb-above-header-display":"","ast-hfb-below-header-display":"","ast-hfb-mobile-header-display":"","site-post-title":"","ast-breadcrumbs-content":"","ast-featured-img":"","footer-sml-layout":"","ast-disable-related-posts":"","theme-transparent-header-meta":"","adv-header-id-meta":"","stick-header-meta":"","header-above-stick-meta":"","header-main-stick-meta":"","header-below-stick-meta":"","astra-migrate-meta-layouts":"default","ast-page-background-enabled":"default","ast-page-background-meta":{"desktop":{"background-color":"","background-image":"","background-repeat":"repeat","background-position":"center center","background-size":"auto","background-attachment":"scroll","background-type":"","background-media":"","overlay-type":"","overlay-color":"","overlay-opacity":"","overlay-gradient":""},"tablet":{"background-color":"","background-image":"","background-repeat":"repeat","background-position":"center center","background-size":"auto","background-attachment":"scroll","background-type":"","background-media":"","overlay-type":"","overlay-color":"","overlay-opacity":"","overlay-gradient":""},"mobile":{"background-color":"","background-image":"","background-repeat":"repeat","background-position":"center center","background-size":"auto","background-attachment":"scroll","background-type":"","background-media":"","overlay-type":"","overlay-color":"","overlay-opacity":"","overlay-gradient":""}},"ast-content-background-meta":{"desktop":{"background-color":"var(--ast-global-color-4)","background-image":"","background-repeat":"repeat","background-position":"center center","background-size":"auto","background-attachment":"scroll","background-type":"","background-media":"","overlay-type":"","overlay-color":"","overlay-opacity":"","overlay-gradient":""},"tablet":{"background-color":"var(--ast-global-color-4)","background-image":"","background-repeat":"repeat","background-position":"center center","background-size":"auto","background-attachment":"scroll","background-type":"","background-media":"","overlay-type":"","overlay-color":"","overlay-opacity":"","overlay-gradient":""},"mobile":{"background-color":"var(--ast-global-color-4)","background-image":"","background-repeat":"repeat","background-position":"center center","background-size":"auto","background-attachment":"scroll","background-type":"","background-media":"","overlay-type":"","overlay-color":"","overlay-opacity":"","overlay-gradient":""}}},"product_brand":[],"product_cat":[165],"product_tag":[4177,4176,4180,4178,4179],"class_list":{"0":"post-5063","1":"product","2":"type-product","3":"status-publish","4":"has-post-thumbnail","6":"product_cat-religija-filosofija-ir-ezoterika","7":"product_tag-epistoline-literatura","8":"product_tag-klara-asyziete","9":"product_tag-moters-rastai","10":"product_tag-religiniai-tekstai","11":"product_tag-sventoji","12":"desktop-align-left","13":"tablet-align-left","14":"mobile-align-left","16":"first","17":"outofstock","18":"shipping-taxable","19":"purchasable","20":"product-type-simple"},"acf":[],"yoast_head":"<!-- This site is optimized with the Yoast SEO plugin v27.0 - https:\/\/yoast.com\/product\/yoast-seo-wordpress\/ -->\n<title>Klara Asy\u017eiet\u0117: lai\u0161kai, regula ir testamentas - Skaitytaknyga<\/title>\n<meta name=\"description\" content=\"\u201eAr galima Klaros lai\u0161kus priskirti prie gro\u017ein\u0117s literat\u016bros ir pavadinti juos epistolinio \u017eanro k\u016briniais? Tiesa, jie dedikuoti konkretiems asmenims konkre\u010diomis aplinkyb\u0117mis. Ta\u010diau d\u0117l didel\u0117s kompozicin\u0117s ir interpretacin\u0117s laisv\u0117s, pamokym\u0173, patarim\u0173 bei padr\u0105sinim\u0173 \u012fvairov\u0117s ir subtilaus poetinio \u017eod\u017eio jie gal\u0117t\u0173 pasiekti bet kok\u012f adresat\u0105\u201c. (i\u0161trauka i\u0161 \u201e\u012evado\u201c)\" \/>\n<meta name=\"robots\" content=\"index, follow, max-snippet:-1, max-image-preview:large, max-video-preview:-1\" \/>\n<link rel=\"canonical\" href=\"https:\/\/skaitytaknyga.lt\/en\/produktas\/klara-asyziete-laiskai-regula-ir-testamentas\/\" \/>\n<meta property=\"og:locale\" content=\"en_GB\" \/>\n<meta property=\"og:locale:alternate\" content=\"lt_LT\" \/>\n<meta property=\"og:type\" content=\"article\" \/>\n<meta property=\"og:title\" content=\"Klara Asy\u017eiet\u0117: lai\u0161kai, regula ir testamentas - Skaitytaknyga\" \/>\n<meta property=\"og:description\" content=\"\u201eAr galima Klaros lai\u0161kus priskirti prie gro\u017ein\u0117s literat\u016bros ir pavadinti juos epistolinio \u017eanro k\u016briniais? Tiesa, jie dedikuoti konkretiems asmenims konkre\u010diomis aplinkyb\u0117mis. Ta\u010diau d\u0117l didel\u0117s kompozicin\u0117s ir interpretacin\u0117s laisv\u0117s, pamokym\u0173, patarim\u0173 bei padr\u0105sinim\u0173 \u012fvairov\u0117s ir subtilaus poetinio \u017eod\u017eio jie gal\u0117t\u0173 pasiekti bet kok\u012f adresat\u0105\u201c. (i\u0161trauka i\u0161 \u201e\u012evado\u201c)\" \/>\n<meta property=\"og:url\" content=\"https:\/\/skaitytaknyga.lt\/en\/produktas\/klara-asyziete-laiskai-regula-ir-testamentas\/\" \/>\n<meta property=\"og:site_name\" content=\"Skaitytaknyga\" \/>\n<meta property=\"article:publisher\" content=\"https:\/\/www.facebook.com\/skaitytaknyga\/\" \/>\n<meta property=\"article:modified_time\" content=\"2024-05-03T07:28:33+00:00\" \/>\n<meta property=\"og:image\" content=\"https:\/\/skaitytaknyga.lt\/wp-content\/uploads\/2024\/04\/1462875436_klara.jpg\" \/>\n\t<meta property=\"og:image:width\" content=\"481\" \/>\n\t<meta property=\"og:image:height\" content=\"800\" \/>\n\t<meta property=\"og:image:type\" content=\"image\/jpeg\" \/>\n<meta name=\"twitter:card\" content=\"summary_large_image\" \/>\n<meta name=\"twitter:label1\" content=\"Estimated reading time\" \/>\n\t<meta name=\"twitter:data1\" content=\"1 minute\" \/>\n<script type=\"application\/ld+json\" class=\"yoast-schema-graph\">{\"@context\":\"https:\/\/schema.org\",\"@graph\":[{\"@type\":\"WebPage\",\"@id\":\"https:\/\/skaitytaknyga.lt\/produktas\/klara-asyziete-laiskai-regula-ir-testamentas\/\",\"url\":\"https:\/\/skaitytaknyga.lt\/produktas\/klara-asyziete-laiskai-regula-ir-testamentas\/\",\"name\":\"Klara Asy\u017eiet\u0117: lai\u0161kai, regula ir testamentas - Skaitytaknyga\",\"isPartOf\":{\"@id\":\"https:\/\/skaitytaknyga.lt\/#website\"},\"primaryImageOfPage\":{\"@id\":\"https:\/\/skaitytaknyga.lt\/produktas\/klara-asyziete-laiskai-regula-ir-testamentas\/#primaryimage\"},\"image\":{\"@id\":\"https:\/\/skaitytaknyga.lt\/produktas\/klara-asyziete-laiskai-regula-ir-testamentas\/#primaryimage\"},\"thumbnailUrl\":\"https:\/\/skaitytaknyga.lt\/wp-content\/uploads\/2024\/04\/1462875436_klara.jpg\",\"datePublished\":\"2024-04-17T14:01:17+00:00\",\"dateModified\":\"2024-05-03T07:28:33+00:00\",\"description\":\"\u201eAr galima Klaros lai\u0161kus priskirti prie gro\u017ein\u0117s literat\u016bros ir pavadinti juos epistolinio \u017eanro k\u016briniais? Tiesa, jie dedikuoti konkretiems asmenims konkre\u010diomis aplinkyb\u0117mis. Ta\u010diau d\u0117l didel\u0117s kompozicin\u0117s ir interpretacin\u0117s laisv\u0117s, pamokym\u0173, patarim\u0173 bei padr\u0105sinim\u0173 \u012fvairov\u0117s ir subtilaus poetinio \u017eod\u017eio jie gal\u0117t\u0173 pasiekti bet kok\u012f adresat\u0105\u201c. (i\u0161trauka i\u0161 \u201e\u012evado\u201c)\",\"breadcrumb\":{\"@id\":\"https:\/\/skaitytaknyga.lt\/produktas\/klara-asyziete-laiskai-regula-ir-testamentas\/#breadcrumb\"},\"inLanguage\":\"en-GB\",\"potentialAction\":[{\"@type\":\"ReadAction\",\"target\":[\"https:\/\/skaitytaknyga.lt\/produktas\/klara-asyziete-laiskai-regula-ir-testamentas\/\"]}]},{\"@type\":\"ImageObject\",\"inLanguage\":\"en-GB\",\"@id\":\"https:\/\/skaitytaknyga.lt\/produktas\/klara-asyziete-laiskai-regula-ir-testamentas\/#primaryimage\",\"url\":\"https:\/\/skaitytaknyga.lt\/wp-content\/uploads\/2024\/04\/1462875436_klara.jpg\",\"contentUrl\":\"https:\/\/skaitytaknyga.lt\/wp-content\/uploads\/2024\/04\/1462875436_klara.jpg\",\"width\":481,\"height\":800},{\"@type\":\"BreadcrumbList\",\"@id\":\"https:\/\/skaitytaknyga.lt\/produktas\/klara-asyziete-laiskai-regula-ir-testamentas\/#breadcrumb\",\"itemListElement\":[{\"@type\":\"ListItem\",\"position\":1,\"name\":\"Home\",\"item\":\"https:\/\/skaitytaknyga.lt\/\"},{\"@type\":\"ListItem\",\"position\":2,\"name\":\"Parduotuv\u0117\",\"item\":\"https:\/\/skaitytaknyga.lt\/knygu-parduotuve\/\"},{\"@type\":\"ListItem\",\"position\":3,\"name\":\"Klara Asy\u017eiet\u0117: lai\u0161kai, regula ir testamentas\"}]},{\"@type\":\"WebSite\",\"@id\":\"https:\/\/skaitytaknyga.lt\/#website\",\"url\":\"https:\/\/skaitytaknyga.lt\/\",\"name\":\"skaitytaknyga.lt\",\"description\":\"Skaitytaknyga.lt \u2013 tai ma\u017eas \u0161eimos verslas, kuris prasid\u0117jo nuo meil\u0117s knygoms ir siekio i\u0161gelb\u0117ti knygas nuo likimo prie konteinerio. Kas vienam nereikalingas daiktas \u2013 kitam lobis, o mes esame tarpininkai, kurie padeda abiems tapti laimingesniems ???? \u017dinome kaip nelengva i\u0161gyventi ma\u017eiems verslams, tad nuo \u0161iol, \u010dia rasite ir kit\u0173, ma\u017e\u0173 \u0161eim\u0173 versl\u0173, rank\u0173 darbo, dovan\u0173 sau ir artimiesiems.\",\"publisher\":{\"@id\":\"https:\/\/skaitytaknyga.lt\/#organization\"},\"potentialAction\":[{\"@type\":\"SearchAction\",\"target\":{\"@type\":\"EntryPoint\",\"urlTemplate\":\"https:\/\/skaitytaknyga.lt\/?s={search_term_string}\"},\"query-input\":{\"@type\":\"PropertyValueSpecification\",\"valueRequired\":true,\"valueName\":\"search_term_string\"}}],\"inLanguage\":\"en-GB\"},{\"@type\":\"Organization\",\"@id\":\"https:\/\/skaitytaknyga.lt\/#organization\",\"name\":\"skaitytaknyga.lt\",\"url\":\"https:\/\/skaitytaknyga.lt\/\",\"logo\":{\"@type\":\"ImageObject\",\"inLanguage\":\"en-GB\",\"@id\":\"https:\/\/skaitytaknyga.lt\/#\/schema\/logo\/image\/\",\"url\":\"https:\/\/skaitytaknyga.lt\/wp-content\/uploads\/2024\/05\/cropped-cropped-cropped-02_00843_jt3bggkj1j3HLc7SyY6rEUpg.jpeg\",\"contentUrl\":\"https:\/\/skaitytaknyga.lt\/wp-content\/uploads\/2024\/05\/cropped-cropped-cropped-02_00843_jt3bggkj1j3HLc7SyY6rEUpg.jpeg\",\"width\":1600,\"height\":1600,\"caption\":\"skaitytaknyga.lt\"},\"image\":{\"@id\":\"https:\/\/skaitytaknyga.lt\/#\/schema\/logo\/image\/\"},\"sameAs\":[\"https:\/\/www.facebook.com\/skaitytaknyga\/\"]}]}<\/script>\n<!-- \/ Yoast SEO plugin. -->","yoast_head_json":{"title":"Klara Asy\u017eiet\u0117: lai\u0161kai, regula ir testamentas - Skaitytaknyga","description":"\u201eAr galima Klaros lai\u0161kus priskirti prie gro\u017ein\u0117s literat\u016bros ir pavadinti juos epistolinio \u017eanro k\u016briniais? Tiesa, jie dedikuoti konkretiems asmenims konkre\u010diomis aplinkyb\u0117mis. Ta\u010diau d\u0117l didel\u0117s kompozicin\u0117s ir interpretacin\u0117s laisv\u0117s, pamokym\u0173, patarim\u0173 bei padr\u0105sinim\u0173 \u012fvairov\u0117s ir subtilaus poetinio \u017eod\u017eio jie gal\u0117t\u0173 pasiekti bet kok\u012f adresat\u0105\u201c. (i\u0161trauka i\u0161 \u201e\u012evado\u201c)","robots":{"index":"index","follow":"follow","max-snippet":"max-snippet:-1","max-image-preview":"max-image-preview:large","max-video-preview":"max-video-preview:-1"},"canonical":"https:\/\/skaitytaknyga.lt\/en\/produktas\/klara-asyziete-laiskai-regula-ir-testamentas\/","og_locale":"en_GB","og_type":"article","og_title":"Klara Asy\u017eiet\u0117: lai\u0161kai, regula ir testamentas - Skaitytaknyga","og_description":"\u201eAr galima Klaros lai\u0161kus priskirti prie gro\u017ein\u0117s literat\u016bros ir pavadinti juos epistolinio \u017eanro k\u016briniais? Tiesa, jie dedikuoti konkretiems asmenims konkre\u010diomis aplinkyb\u0117mis. Ta\u010diau d\u0117l didel\u0117s kompozicin\u0117s ir interpretacin\u0117s laisv\u0117s, pamokym\u0173, patarim\u0173 bei padr\u0105sinim\u0173 \u012fvairov\u0117s ir subtilaus poetinio \u017eod\u017eio jie gal\u0117t\u0173 pasiekti bet kok\u012f adresat\u0105\u201c. (i\u0161trauka i\u0161 \u201e\u012evado\u201c)","og_url":"https:\/\/skaitytaknyga.lt\/en\/produktas\/klara-asyziete-laiskai-regula-ir-testamentas\/","og_site_name":"Skaitytaknyga","article_publisher":"https:\/\/www.facebook.com\/skaitytaknyga\/","article_modified_time":"2024-05-03T07:28:33+00:00","og_image":[{"width":481,"height":800,"url":"https:\/\/skaitytaknyga.lt\/wp-content\/uploads\/2024\/04\/1462875436_klara.jpg","type":"image\/jpeg"}],"twitter_card":"summary_large_image","twitter_misc":{"Estimated reading time":"1 minute"},"schema":{"@context":"https:\/\/schema.org","@graph":[{"@type":"WebPage","@id":"https:\/\/skaitytaknyga.lt\/produktas\/klara-asyziete-laiskai-regula-ir-testamentas\/","url":"https:\/\/skaitytaknyga.lt\/produktas\/klara-asyziete-laiskai-regula-ir-testamentas\/","name":"Klara Asy\u017eiet\u0117: lai\u0161kai, regula ir testamentas - Skaitytaknyga","isPartOf":{"@id":"https:\/\/skaitytaknyga.lt\/#website"},"primaryImageOfPage":{"@id":"https:\/\/skaitytaknyga.lt\/produktas\/klara-asyziete-laiskai-regula-ir-testamentas\/#primaryimage"},"image":{"@id":"https:\/\/skaitytaknyga.lt\/produktas\/klara-asyziete-laiskai-regula-ir-testamentas\/#primaryimage"},"thumbnailUrl":"https:\/\/skaitytaknyga.lt\/wp-content\/uploads\/2024\/04\/1462875436_klara.jpg","datePublished":"2024-04-17T14:01:17+00:00","dateModified":"2024-05-03T07:28:33+00:00","description":"\u201eAr galima Klaros lai\u0161kus priskirti prie gro\u017ein\u0117s literat\u016bros ir pavadinti juos epistolinio \u017eanro k\u016briniais? Tiesa, jie dedikuoti konkretiems asmenims konkre\u010diomis aplinkyb\u0117mis. Ta\u010diau d\u0117l didel\u0117s kompozicin\u0117s ir interpretacin\u0117s laisv\u0117s, pamokym\u0173, patarim\u0173 bei padr\u0105sinim\u0173 \u012fvairov\u0117s ir subtilaus poetinio \u017eod\u017eio jie gal\u0117t\u0173 pasiekti bet kok\u012f adresat\u0105\u201c. (i\u0161trauka i\u0161 \u201e\u012evado\u201c)","breadcrumb":{"@id":"https:\/\/skaitytaknyga.lt\/produktas\/klara-asyziete-laiskai-regula-ir-testamentas\/#breadcrumb"},"inLanguage":"en-GB","potentialAction":[{"@type":"ReadAction","target":["https:\/\/skaitytaknyga.lt\/produktas\/klara-asyziete-laiskai-regula-ir-testamentas\/"]}]},{"@type":"ImageObject","inLanguage":"en-GB","@id":"https:\/\/skaitytaknyga.lt\/produktas\/klara-asyziete-laiskai-regula-ir-testamentas\/#primaryimage","url":"https:\/\/skaitytaknyga.lt\/wp-content\/uploads\/2024\/04\/1462875436_klara.jpg","contentUrl":"https:\/\/skaitytaknyga.lt\/wp-content\/uploads\/2024\/04\/1462875436_klara.jpg","width":481,"height":800},{"@type":"BreadcrumbList","@id":"https:\/\/skaitytaknyga.lt\/produktas\/klara-asyziete-laiskai-regula-ir-testamentas\/#breadcrumb","itemListElement":[{"@type":"ListItem","position":1,"name":"Home","item":"https:\/\/skaitytaknyga.lt\/"},{"@type":"ListItem","position":2,"name":"Parduotuv\u0117","item":"https:\/\/skaitytaknyga.lt\/knygu-parduotuve\/"},{"@type":"ListItem","position":3,"name":"Klara Asy\u017eiet\u0117: lai\u0161kai, regula ir testamentas"}]},{"@type":"WebSite","@id":"https:\/\/skaitytaknyga.lt\/#website","url":"https:\/\/skaitytaknyga.lt\/","name":"skaitytaknyga.lt","description":"Skaitytaknyga.lt \u2013 tai ma\u017eas \u0161eimos verslas, kuris prasid\u0117jo nuo meil\u0117s knygoms ir siekio i\u0161gelb\u0117ti knygas nuo likimo prie konteinerio. Kas vienam nereikalingas daiktas \u2013 kitam lobis, o mes esame tarpininkai, kurie padeda abiems tapti laimingesniems ???? \u017dinome kaip nelengva i\u0161gyventi ma\u017eiems verslams, tad nuo \u0161iol, \u010dia rasite ir kit\u0173, ma\u017e\u0173 \u0161eim\u0173 versl\u0173, rank\u0173 darbo, dovan\u0173 sau ir artimiesiems.","publisher":{"@id":"https:\/\/skaitytaknyga.lt\/#organization"},"potentialAction":[{"@type":"SearchAction","target":{"@type":"EntryPoint","urlTemplate":"https:\/\/skaitytaknyga.lt\/?s={search_term_string}"},"query-input":{"@type":"PropertyValueSpecification","valueRequired":true,"valueName":"search_term_string"}}],"inLanguage":"en-GB"},{"@type":"Organization","@id":"https:\/\/skaitytaknyga.lt\/#organization","name":"skaitytaknyga.lt","url":"https:\/\/skaitytaknyga.lt\/","logo":{"@type":"ImageObject","inLanguage":"en-GB","@id":"https:\/\/skaitytaknyga.lt\/#\/schema\/logo\/image\/","url":"https:\/\/skaitytaknyga.lt\/wp-content\/uploads\/2024\/05\/cropped-cropped-cropped-02_00843_jt3bggkj1j3HLc7SyY6rEUpg.jpeg","contentUrl":"https:\/\/skaitytaknyga.lt\/wp-content\/uploads\/2024\/05\/cropped-cropped-cropped-02_00843_jt3bggkj1j3HLc7SyY6rEUpg.jpeg","width":1600,"height":1600,"caption":"skaitytaknyga.lt"},"image":{"@id":"https:\/\/skaitytaknyga.lt\/#\/schema\/logo\/image\/"},"sameAs":["https:\/\/www.facebook.com\/skaitytaknyga\/"]}]}},"_links":{"self":[{"href":"https:\/\/skaitytaknyga.lt\/en\/wp-json\/wp\/v2\/product\/5063","targetHints":{"allow":["GET"]}}],"collection":[{"href":"https:\/\/skaitytaknyga.lt\/en\/wp-json\/wp\/v2\/product"}],"about":[{"href":"https:\/\/skaitytaknyga.lt\/en\/wp-json\/wp\/v2\/types\/product"}],"replies":[{"embeddable":true,"href":"https:\/\/skaitytaknyga.lt\/en\/wp-json\/wp\/v2\/comments?post=5063"}],"wp:featuredmedia":[{"embeddable":true,"href":"https:\/\/skaitytaknyga.lt\/en\/wp-json\/wp\/v2\/media\/5092"}],"wp:attachment":[{"href":"https:\/\/skaitytaknyga.lt\/en\/wp-json\/wp\/v2\/media?parent=5063"}],"wp:term":[{"taxonomy":"product_brand","embeddable":true,"href":"https:\/\/skaitytaknyga.lt\/en\/wp-json\/wp\/v2\/product_brand?post=5063"},{"taxonomy":"product_cat","embeddable":true,"href":"https:\/\/skaitytaknyga.lt\/en\/wp-json\/wp\/v2\/product_cat?post=5063"},{"taxonomy":"product_tag","embeddable":true,"href":"https:\/\/skaitytaknyga.lt\/en\/wp-json\/wp\/v2\/product_tag?post=5063"}],"curies":[{"name":"wp","href":"https:\/\/api.w.org\/{rel}","templated":true}]}}