{"id":5033,"date":"2024-04-17T14:00:53","date_gmt":"2024-04-17T14:00:53","guid":{"rendered":"https:\/\/skaitytaknyga.lt\/?post_type=product&#038;p=5033"},"modified":"2024-05-03T07:28:28","modified_gmt":"2024-05-03T07:28:28","slug":"namu-ukio-enciklopedija","status":"publish","type":"product","link":"https:\/\/skaitytaknyga.lt\/en\/produktas\/namu-ukio-enciklopedija\/","title":{"rendered":"Nam\u0173 \u016bkio enciklopedija"},"content":{"rendered":"<p>Knyg\u0105 sudaro 8 skyriai: \u201eButas\u201c, \u201eMityba\u201c, \u201eSveikata ir kosmetika\u201c, \u201eDrabu\u017eiai ir avalyn\u0117\u201c, \u201eLaisvalaikis\u201c, \u201eSodas ir dar\u017eas\u201c, \u201e\u0160eima\u201c, \u201eTeisin\u0117 informacija\u201c. \u012e kiekvien\u0105 skyri\u0173 antra\u0161\u010di\u0173 ab\u0117c\u0117l\u0117s tvarka sud\u0117ti straipsniai konkre\u010diais tos srities klausimais.<\/p>\n","protected":false},"excerpt":{"rendered":"<p>Knyg\u0105 sudaro 8 skyriai: \u201eButas\u201c, \u201eMityba\u201c, \u201eSveikata ir kosmetika\u201c, \u201eDrabu\u017eiai ir avalyn\u0117\u201c, \u201eLaisvalaikis\u201c, \u201eSodas ir dar\u017eas\u201c, \u201e\u0160eima\u201c, \u201eTeisin\u0117 informacija\u201c. \u012e kiekvien\u0105 skyri\u0173 antra\u0161\u010di\u0173 ab\u0117c\u0117l\u0117s tvarka sud\u0117ti straipsniai konkre\u010diais tos srities klausimais.<\/p>\n","protected":false},"featured_media":5084,"comment_status":"closed","ping_status":"closed","template":"","meta":{"_acf_changed":false,"site-sidebar-layout":"default","site-content-layout":"","ast-site-content-layout":"default","site-content-style":"default","site-sidebar-style":"default","ast-global-header-display":"","ast-banner-title-visibility":"","ast-main-header-display":"","ast-hfb-above-header-display":"","ast-hfb-below-header-display":"","ast-hfb-mobile-header-display":"","site-post-title":"","ast-breadcrumbs-content":"","ast-featured-img":"","footer-sml-layout":"","ast-disable-related-posts":"","theme-transparent-header-meta":"","adv-header-id-meta":"","stick-header-meta":"","header-above-stick-meta":"","header-main-stick-meta":"","header-below-stick-meta":"","astra-migrate-meta-layouts":"default","ast-page-background-enabled":"default","ast-page-background-meta":{"desktop":{"background-color":"","background-image":"","background-repeat":"repeat","background-position":"center center","background-size":"auto","background-attachment":"scroll","background-type":"","background-media":"","overlay-type":"","overlay-color":"","overlay-opacity":"","overlay-gradient":""},"tablet":{"background-color":"","background-image":"","background-repeat":"repeat","background-position":"center center","background-size":"auto","background-attachment":"scroll","background-type":"","background-media":"","overlay-type":"","overlay-color":"","overlay-opacity":"","overlay-gradient":""},"mobile":{"background-color":"","background-image":"","background-repeat":"repeat","background-position":"center center","background-size":"auto","background-attachment":"scroll","background-type":"","background-media":"","overlay-type":"","overlay-color":"","overlay-opacity":"","overlay-gradient":""}},"ast-content-background-meta":{"desktop":{"background-color":"var(--ast-global-color-4)","background-image":"","background-repeat":"repeat","background-position":"center center","background-size":"auto","background-attachment":"scroll","background-type":"","background-media":"","overlay-type":"","overlay-color":"","overlay-opacity":"","overlay-gradient":""},"tablet":{"background-color":"var(--ast-global-color-4)","background-image":"","background-repeat":"repeat","background-position":"center center","background-size":"auto","background-attachment":"scroll","background-type":"","background-media":"","overlay-type":"","overlay-color":"","overlay-opacity":"","overlay-gradient":""},"mobile":{"background-color":"var(--ast-global-color-4)","background-image":"","background-repeat":"repeat","background-position":"center center","background-size":"auto","background-attachment":"scroll","background-type":"","background-media":"","overlay-type":"","overlay-color":"","overlay-opacity":"","overlay-gradient":""}}},"product_brand":[],"product_cat":[56],"product_tag":[],"class_list":{"0":"post-5033","1":"product","2":"type-product","3":"status-publish","4":"has-post-thumbnail","6":"product_cat-namu-irengimas-ir-prieziura","7":"desktop-align-left","8":"tablet-align-left","9":"mobile-align-left","11":"first","12":"instock","13":"shipping-taxable","14":"purchasable","15":"product-type-simple"},"acf":[],"yoast_head":"<!-- This site is optimized with the Yoast SEO plugin v27.0 - https:\/\/yoast.com\/product\/yoast-seo-wordpress\/ -->\n<title>Nam\u0173 \u016bkio enciklopedija - Skaitytaknyga<\/title>\n<meta name=\"description\" content=\"Knyg\u0105 sudaro 8 skyriai: \u201eButas\u201c, \u201eMityba\u201c, \u201eSveikata ir kosmetika\u201c, \u201eDrabu\u017eiai ir avalyn\u0117\u201c, \u201eLaisvalaikis\u201c, \u201eSodas ir dar\u017eas\u201c, \u201e\u0160eima\u201c, \u201eTeisin\u0117 informacija\u201c. \u012e kiekvien\u0105 skyri\u0173 antra\u0161\u010di\u0173 ab\u0117c\u0117l\u0117s tvarka sud\u0117ti straipsniai konkre\u010diais tos srities klausimais.\" \/>\n<meta name=\"robots\" content=\"index, follow, max-snippet:-1, max-image-preview:large, max-video-preview:-1\" \/>\n<link rel=\"canonical\" href=\"https:\/\/skaitytaknyga.lt\/en\/produktas\/namu-ukio-enciklopedija\/\" \/>\n<meta property=\"og:locale\" content=\"en_GB\" \/>\n<meta property=\"og:locale:alternate\" content=\"lt_LT\" \/>\n<meta property=\"og:type\" content=\"article\" \/>\n<meta property=\"og:title\" content=\"Nam\u0173 \u016bkio enciklopedija - Skaitytaknyga\" \/>\n<meta property=\"og:description\" content=\"Knyg\u0105 sudaro 8 skyriai: \u201eButas\u201c, \u201eMityba\u201c, \u201eSveikata ir kosmetika\u201c, \u201eDrabu\u017eiai ir avalyn\u0117\u201c, \u201eLaisvalaikis\u201c, \u201eSodas ir dar\u017eas\u201c, \u201e\u0160eima\u201c, \u201eTeisin\u0117 informacija\u201c. \u012e kiekvien\u0105 skyri\u0173 antra\u0161\u010di\u0173 ab\u0117c\u0117l\u0117s tvarka sud\u0117ti straipsniai konkre\u010diais tos srities klausimais.\" \/>\n<meta property=\"og:url\" content=\"https:\/\/skaitytaknyga.lt\/en\/produktas\/namu-ukio-enciklopedija\/\" \/>\n<meta property=\"og:site_name\" content=\"Skaitytaknyga\" \/>\n<meta property=\"article:publisher\" content=\"https:\/\/www.facebook.com\/skaitytaknyga\/\" \/>\n<meta property=\"article:modified_time\" content=\"2024-05-03T07:28:28+00:00\" \/>\n<meta property=\"og:image\" content=\"https:\/\/skaitytaknyga.lt\/wp-content\/uploads\/2024\/04\/namu-ukio-enciklopedija-5bb12b0e4144a-900x900-1-e1616618811731.jpg\" \/>\n\t<meta property=\"og:image:width\" content=\"605\" \/>\n\t<meta property=\"og:image:height\" content=\"785\" \/>\n\t<meta property=\"og:image:type\" content=\"image\/jpeg\" \/>\n<meta name=\"twitter:card\" content=\"summary_large_image\" \/>\n<meta name=\"twitter:label1\" content=\"Estimated reading time\" \/>\n\t<meta name=\"twitter:data1\" content=\"1 minute\" \/>\n<script type=\"application\/ld+json\" class=\"yoast-schema-graph\">{\"@context\":\"https:\/\/schema.org\",\"@graph\":[{\"@type\":\"WebPage\",\"@id\":\"https:\/\/skaitytaknyga.lt\/produktas\/namu-ukio-enciklopedija\/\",\"url\":\"https:\/\/skaitytaknyga.lt\/produktas\/namu-ukio-enciklopedija\/\",\"name\":\"Nam\u0173 \u016bkio enciklopedija - Skaitytaknyga\",\"isPartOf\":{\"@id\":\"https:\/\/skaitytaknyga.lt\/#website\"},\"primaryImageOfPage\":{\"@id\":\"https:\/\/skaitytaknyga.lt\/produktas\/namu-ukio-enciklopedija\/#primaryimage\"},\"image\":{\"@id\":\"https:\/\/skaitytaknyga.lt\/produktas\/namu-ukio-enciklopedija\/#primaryimage\"},\"thumbnailUrl\":\"https:\/\/skaitytaknyga.lt\/wp-content\/uploads\/2024\/04\/namu-ukio-enciklopedija-5bb12b0e4144a-900x900-1-e1616618811731.jpg\",\"datePublished\":\"2024-04-17T14:00:53+00:00\",\"dateModified\":\"2024-05-03T07:28:28+00:00\",\"description\":\"Knyg\u0105 sudaro 8 skyriai: \u201eButas\u201c, \u201eMityba\u201c, \u201eSveikata ir kosmetika\u201c, \u201eDrabu\u017eiai ir avalyn\u0117\u201c, \u201eLaisvalaikis\u201c, \u201eSodas ir dar\u017eas\u201c, \u201e\u0160eima\u201c, \u201eTeisin\u0117 informacija\u201c. \u012e kiekvien\u0105 skyri\u0173 antra\u0161\u010di\u0173 ab\u0117c\u0117l\u0117s tvarka sud\u0117ti straipsniai konkre\u010diais tos srities klausimais.\",\"breadcrumb\":{\"@id\":\"https:\/\/skaitytaknyga.lt\/produktas\/namu-ukio-enciklopedija\/#breadcrumb\"},\"inLanguage\":\"en-GB\",\"potentialAction\":[{\"@type\":\"ReadAction\",\"target\":[\"https:\/\/skaitytaknyga.lt\/produktas\/namu-ukio-enciklopedija\/\"]}]},{\"@type\":\"ImageObject\",\"inLanguage\":\"en-GB\",\"@id\":\"https:\/\/skaitytaknyga.lt\/produktas\/namu-ukio-enciklopedija\/#primaryimage\",\"url\":\"https:\/\/skaitytaknyga.lt\/wp-content\/uploads\/2024\/04\/namu-ukio-enciklopedija-5bb12b0e4144a-900x900-1-e1616618811731.jpg\",\"contentUrl\":\"https:\/\/skaitytaknyga.lt\/wp-content\/uploads\/2024\/04\/namu-ukio-enciklopedija-5bb12b0e4144a-900x900-1-e1616618811731.jpg\",\"width\":605,\"height\":785},{\"@type\":\"BreadcrumbList\",\"@id\":\"https:\/\/skaitytaknyga.lt\/produktas\/namu-ukio-enciklopedija\/#breadcrumb\",\"itemListElement\":[{\"@type\":\"ListItem\",\"position\":1,\"name\":\"Home\",\"item\":\"https:\/\/skaitytaknyga.lt\/\"},{\"@type\":\"ListItem\",\"position\":2,\"name\":\"Parduotuv\u0117\",\"item\":\"https:\/\/skaitytaknyga.lt\/knygu-parduotuve\/\"},{\"@type\":\"ListItem\",\"position\":3,\"name\":\"Nam\u0173 \u016bkio enciklopedija\"}]},{\"@type\":\"WebSite\",\"@id\":\"https:\/\/skaitytaknyga.lt\/#website\",\"url\":\"https:\/\/skaitytaknyga.lt\/\",\"name\":\"skaitytaknyga.lt\",\"description\":\"Skaitytaknyga.lt \u2013 tai ma\u017eas \u0161eimos verslas, kuris prasid\u0117jo nuo meil\u0117s knygoms ir siekio i\u0161gelb\u0117ti knygas nuo likimo prie konteinerio. Kas vienam nereikalingas daiktas \u2013 kitam lobis, o mes esame tarpininkai, kurie padeda abiems tapti laimingesniems ???? \u017dinome kaip nelengva i\u0161gyventi ma\u017eiems verslams, tad nuo \u0161iol, \u010dia rasite ir kit\u0173, ma\u017e\u0173 \u0161eim\u0173 versl\u0173, rank\u0173 darbo, dovan\u0173 sau ir artimiesiems.\",\"publisher\":{\"@id\":\"https:\/\/skaitytaknyga.lt\/#organization\"},\"potentialAction\":[{\"@type\":\"SearchAction\",\"target\":{\"@type\":\"EntryPoint\",\"urlTemplate\":\"https:\/\/skaitytaknyga.lt\/?s={search_term_string}\"},\"query-input\":{\"@type\":\"PropertyValueSpecification\",\"valueRequired\":true,\"valueName\":\"search_term_string\"}}],\"inLanguage\":\"en-GB\"},{\"@type\":\"Organization\",\"@id\":\"https:\/\/skaitytaknyga.lt\/#organization\",\"name\":\"skaitytaknyga.lt\",\"url\":\"https:\/\/skaitytaknyga.lt\/\",\"logo\":{\"@type\":\"ImageObject\",\"inLanguage\":\"en-GB\",\"@id\":\"https:\/\/skaitytaknyga.lt\/#\/schema\/logo\/image\/\",\"url\":\"https:\/\/skaitytaknyga.lt\/wp-content\/uploads\/2024\/05\/cropped-cropped-cropped-02_00843_jt3bggkj1j3HLc7SyY6rEUpg.jpeg\",\"contentUrl\":\"https:\/\/skaitytaknyga.lt\/wp-content\/uploads\/2024\/05\/cropped-cropped-cropped-02_00843_jt3bggkj1j3HLc7SyY6rEUpg.jpeg\",\"width\":1600,\"height\":1600,\"caption\":\"skaitytaknyga.lt\"},\"image\":{\"@id\":\"https:\/\/skaitytaknyga.lt\/#\/schema\/logo\/image\/\"},\"sameAs\":[\"https:\/\/www.facebook.com\/skaitytaknyga\/\"]}]}<\/script>\n<!-- \/ Yoast SEO plugin. -->","yoast_head_json":{"title":"Nam\u0173 \u016bkio enciklopedija - Skaitytaknyga","description":"Knyg\u0105 sudaro 8 skyriai: \u201eButas\u201c, \u201eMityba\u201c, \u201eSveikata ir kosmetika\u201c, \u201eDrabu\u017eiai ir avalyn\u0117\u201c, \u201eLaisvalaikis\u201c, \u201eSodas ir dar\u017eas\u201c, \u201e\u0160eima\u201c, \u201eTeisin\u0117 informacija\u201c. \u012e kiekvien\u0105 skyri\u0173 antra\u0161\u010di\u0173 ab\u0117c\u0117l\u0117s tvarka sud\u0117ti straipsniai konkre\u010diais tos srities klausimais.","robots":{"index":"index","follow":"follow","max-snippet":"max-snippet:-1","max-image-preview":"max-image-preview:large","max-video-preview":"max-video-preview:-1"},"canonical":"https:\/\/skaitytaknyga.lt\/en\/produktas\/namu-ukio-enciklopedija\/","og_locale":"en_GB","og_type":"article","og_title":"Nam\u0173 \u016bkio enciklopedija - Skaitytaknyga","og_description":"Knyg\u0105 sudaro 8 skyriai: \u201eButas\u201c, \u201eMityba\u201c, \u201eSveikata ir kosmetika\u201c, \u201eDrabu\u017eiai ir avalyn\u0117\u201c, \u201eLaisvalaikis\u201c, \u201eSodas ir dar\u017eas\u201c, \u201e\u0160eima\u201c, \u201eTeisin\u0117 informacija\u201c. \u012e kiekvien\u0105 skyri\u0173 antra\u0161\u010di\u0173 ab\u0117c\u0117l\u0117s tvarka sud\u0117ti straipsniai konkre\u010diais tos srities klausimais.","og_url":"https:\/\/skaitytaknyga.lt\/en\/produktas\/namu-ukio-enciklopedija\/","og_site_name":"Skaitytaknyga","article_publisher":"https:\/\/www.facebook.com\/skaitytaknyga\/","article_modified_time":"2024-05-03T07:28:28+00:00","og_image":[{"width":605,"height":785,"url":"https:\/\/skaitytaknyga.lt\/wp-content\/uploads\/2024\/04\/namu-ukio-enciklopedija-5bb12b0e4144a-900x900-1-e1616618811731.jpg","type":"image\/jpeg"}],"twitter_card":"summary_large_image","twitter_misc":{"Estimated reading time":"1 minute"},"schema":{"@context":"https:\/\/schema.org","@graph":[{"@type":"WebPage","@id":"https:\/\/skaitytaknyga.lt\/produktas\/namu-ukio-enciklopedija\/","url":"https:\/\/skaitytaknyga.lt\/produktas\/namu-ukio-enciklopedija\/","name":"Nam\u0173 \u016bkio enciklopedija - Skaitytaknyga","isPartOf":{"@id":"https:\/\/skaitytaknyga.lt\/#website"},"primaryImageOfPage":{"@id":"https:\/\/skaitytaknyga.lt\/produktas\/namu-ukio-enciklopedija\/#primaryimage"},"image":{"@id":"https:\/\/skaitytaknyga.lt\/produktas\/namu-ukio-enciklopedija\/#primaryimage"},"thumbnailUrl":"https:\/\/skaitytaknyga.lt\/wp-content\/uploads\/2024\/04\/namu-ukio-enciklopedija-5bb12b0e4144a-900x900-1-e1616618811731.jpg","datePublished":"2024-04-17T14:00:53+00:00","dateModified":"2024-05-03T07:28:28+00:00","description":"Knyg\u0105 sudaro 8 skyriai: \u201eButas\u201c, \u201eMityba\u201c, \u201eSveikata ir kosmetika\u201c, \u201eDrabu\u017eiai ir avalyn\u0117\u201c, \u201eLaisvalaikis\u201c, \u201eSodas ir dar\u017eas\u201c, \u201e\u0160eima\u201c, \u201eTeisin\u0117 informacija\u201c. \u012e kiekvien\u0105 skyri\u0173 antra\u0161\u010di\u0173 ab\u0117c\u0117l\u0117s tvarka sud\u0117ti straipsniai konkre\u010diais tos srities klausimais.","breadcrumb":{"@id":"https:\/\/skaitytaknyga.lt\/produktas\/namu-ukio-enciklopedija\/#breadcrumb"},"inLanguage":"en-GB","potentialAction":[{"@type":"ReadAction","target":["https:\/\/skaitytaknyga.lt\/produktas\/namu-ukio-enciklopedija\/"]}]},{"@type":"ImageObject","inLanguage":"en-GB","@id":"https:\/\/skaitytaknyga.lt\/produktas\/namu-ukio-enciklopedija\/#primaryimage","url":"https:\/\/skaitytaknyga.lt\/wp-content\/uploads\/2024\/04\/namu-ukio-enciklopedija-5bb12b0e4144a-900x900-1-e1616618811731.jpg","contentUrl":"https:\/\/skaitytaknyga.lt\/wp-content\/uploads\/2024\/04\/namu-ukio-enciklopedija-5bb12b0e4144a-900x900-1-e1616618811731.jpg","width":605,"height":785},{"@type":"BreadcrumbList","@id":"https:\/\/skaitytaknyga.lt\/produktas\/namu-ukio-enciklopedija\/#breadcrumb","itemListElement":[{"@type":"ListItem","position":1,"name":"Home","item":"https:\/\/skaitytaknyga.lt\/"},{"@type":"ListItem","position":2,"name":"Parduotuv\u0117","item":"https:\/\/skaitytaknyga.lt\/knygu-parduotuve\/"},{"@type":"ListItem","position":3,"name":"Nam\u0173 \u016bkio enciklopedija"}]},{"@type":"WebSite","@id":"https:\/\/skaitytaknyga.lt\/#website","url":"https:\/\/skaitytaknyga.lt\/","name":"skaitytaknyga.lt","description":"Skaitytaknyga.lt \u2013 tai ma\u017eas \u0161eimos verslas, kuris prasid\u0117jo nuo meil\u0117s knygoms ir siekio i\u0161gelb\u0117ti knygas nuo likimo prie konteinerio. Kas vienam nereikalingas daiktas \u2013 kitam lobis, o mes esame tarpininkai, kurie padeda abiems tapti laimingesniems ???? \u017dinome kaip nelengva i\u0161gyventi ma\u017eiems verslams, tad nuo \u0161iol, \u010dia rasite ir kit\u0173, ma\u017e\u0173 \u0161eim\u0173 versl\u0173, rank\u0173 darbo, dovan\u0173 sau ir artimiesiems.","publisher":{"@id":"https:\/\/skaitytaknyga.lt\/#organization"},"potentialAction":[{"@type":"SearchAction","target":{"@type":"EntryPoint","urlTemplate":"https:\/\/skaitytaknyga.lt\/?s={search_term_string}"},"query-input":{"@type":"PropertyValueSpecification","valueRequired":true,"valueName":"search_term_string"}}],"inLanguage":"en-GB"},{"@type":"Organization","@id":"https:\/\/skaitytaknyga.lt\/#organization","name":"skaitytaknyga.lt","url":"https:\/\/skaitytaknyga.lt\/","logo":{"@type":"ImageObject","inLanguage":"en-GB","@id":"https:\/\/skaitytaknyga.lt\/#\/schema\/logo\/image\/","url":"https:\/\/skaitytaknyga.lt\/wp-content\/uploads\/2024\/05\/cropped-cropped-cropped-02_00843_jt3bggkj1j3HLc7SyY6rEUpg.jpeg","contentUrl":"https:\/\/skaitytaknyga.lt\/wp-content\/uploads\/2024\/05\/cropped-cropped-cropped-02_00843_jt3bggkj1j3HLc7SyY6rEUpg.jpeg","width":1600,"height":1600,"caption":"skaitytaknyga.lt"},"image":{"@id":"https:\/\/skaitytaknyga.lt\/#\/schema\/logo\/image\/"},"sameAs":["https:\/\/www.facebook.com\/skaitytaknyga\/"]}]}},"_links":{"self":[{"href":"https:\/\/skaitytaknyga.lt\/en\/wp-json\/wp\/v2\/product\/5033","targetHints":{"allow":["GET"]}}],"collection":[{"href":"https:\/\/skaitytaknyga.lt\/en\/wp-json\/wp\/v2\/product"}],"about":[{"href":"https:\/\/skaitytaknyga.lt\/en\/wp-json\/wp\/v2\/types\/product"}],"replies":[{"embeddable":true,"href":"https:\/\/skaitytaknyga.lt\/en\/wp-json\/wp\/v2\/comments?post=5033"}],"wp:featuredmedia":[{"embeddable":true,"href":"https:\/\/skaitytaknyga.lt\/en\/wp-json\/wp\/v2\/media\/5084"}],"wp:attachment":[{"href":"https:\/\/skaitytaknyga.lt\/en\/wp-json\/wp\/v2\/media?parent=5033"}],"wp:term":[{"taxonomy":"product_brand","embeddable":true,"href":"https:\/\/skaitytaknyga.lt\/en\/wp-json\/wp\/v2\/product_brand?post=5033"},{"taxonomy":"product_cat","embeddable":true,"href":"https:\/\/skaitytaknyga.lt\/en\/wp-json\/wp\/v2\/product_cat?post=5033"},{"taxonomy":"product_tag","embeddable":true,"href":"https:\/\/skaitytaknyga.lt\/en\/wp-json\/wp\/v2\/product_tag?post=5033"}],"curies":[{"name":"wp","href":"https:\/\/api.w.org\/{rel}","templated":true}]}}