{"id":5022,"date":"2024-04-17T14:00:52","date_gmt":"2024-04-17T14:00:52","guid":{"rendered":"https:\/\/skaitytaknyga.lt\/?post_type=product&#038;p=5022"},"modified":"2024-07-16T15:08:38","modified_gmt":"2024-07-16T12:08:38","slug":"100-zymiuju-pasaulio-filmu","status":"publish","type":"product","link":"https:\/\/skaitytaknyga.lt\/en\/produktas\/100-zymiuju-pasaulio-filmu\/","title":{"rendered":"100 \u017eymi\u0173j\u0173 pasaulio film\u0173"},"content":{"rendered":"<p>Kin\u0105 vadino XX am\u017eiaus menu. Kei\u010diasi am\u017eiai, kinta ir menai. Kadangi \u017emon\u0117ms visada b\u016bdinga k\u0105 nors i\u0161 anksto laidoti, b\u016bta kalb\u0173, jog kinas i\u0161stumsi\u0105s teatr\u0105. V\u0117liau &#8211; kad dail\u0119 pakeis instaliacijos, tradicin\u012f teatr\u0105 &#8211; perfomansai ir hepeningai, kin\u0105\u00a0\u2013 televizija, virtualieji menai. Bet viskas puikiai sugyvena greta.<\/p>\n<p>Grei\u010diausiai ir XXI am\u017eius nepavers kino vien muziejiniu eksponatu. O tai rei\u0161kia\u00a0\u2013 bus ir nauj\u0173 talenting\u0173 juost\u0173, \u0161imtai nauj\u0173 film\u0173, kuriuos vert\u0117s prisiminti.<\/p>\n","protected":false},"excerpt":{"rendered":"<p>Kin\u0105 vadino XX am\u017eiaus menu. Kei\u010diasi am\u017eiai, kinta ir menai. Kadangi \u017emon\u0117ms visada b\u016bdinga k\u0105 nors i\u0161 anksto laidoti, b\u016bta kalb\u0173, jog kinas i\u0161stumsi\u0105s teatr\u0105. V\u0117liau &#8211; kad dail\u0119 pakeis instaliacijos, tradicin\u012f teatr\u0105 &#8211; perfomansai ir hepeningai, kin\u0105\u00a0\u2013 televizija, virtualieji menai. Bet viskas puikiai sugyvena greta.<\/p>\n<p>Grei\u010diausiai ir XXI am\u017eius nepavers kino vien muziejiniu eksponatu. O tai rei\u0161kia\u00a0\u2013 bus ir nauj\u0173 talenting\u0173 juost\u0173, \u0161imtai nauj\u0173 film\u0173, kuriuos vert\u0117s prisiminti.<\/p>\n","protected":false},"featured_media":5052,"comment_status":"closed","ping_status":"closed","template":"","meta":{"_acf_changed":false,"site-sidebar-layout":"default","site-content-layout":"","ast-site-content-layout":"default","site-content-style":"default","site-sidebar-style":"default","ast-global-header-display":"","ast-banner-title-visibility":"","ast-main-header-display":"","ast-hfb-above-header-display":"","ast-hfb-below-header-display":"","ast-hfb-mobile-header-display":"","site-post-title":"","ast-breadcrumbs-content":"","ast-featured-img":"","footer-sml-layout":"","ast-disable-related-posts":"","theme-transparent-header-meta":"","adv-header-id-meta":"","stick-header-meta":"","header-above-stick-meta":"","header-main-stick-meta":"","header-below-stick-meta":"","astra-migrate-meta-layouts":"default","ast-page-background-enabled":"default","ast-page-background-meta":{"desktop":{"background-color":"","background-image":"","background-repeat":"repeat","background-position":"center center","background-size":"auto","background-attachment":"scroll","background-type":"","background-media":"","overlay-type":"","overlay-color":"","overlay-opacity":"","overlay-gradient":""},"tablet":{"background-color":"","background-image":"","background-repeat":"repeat","background-position":"center center","background-size":"auto","background-attachment":"scroll","background-type":"","background-media":"","overlay-type":"","overlay-color":"","overlay-opacity":"","overlay-gradient":""},"mobile":{"background-color":"","background-image":"","background-repeat":"repeat","background-position":"center center","background-size":"auto","background-attachment":"scroll","background-type":"","background-media":"","overlay-type":"","overlay-color":"","overlay-opacity":"","overlay-gradient":""}},"ast-content-background-meta":{"desktop":{"background-color":"var(--ast-global-color-4)","background-image":"","background-repeat":"repeat","background-position":"center center","background-size":"auto","background-attachment":"scroll","background-type":"","background-media":"","overlay-type":"","overlay-color":"","overlay-opacity":"","overlay-gradient":""},"tablet":{"background-color":"var(--ast-global-color-4)","background-image":"","background-repeat":"repeat","background-position":"center center","background-size":"auto","background-attachment":"scroll","background-type":"","background-media":"","overlay-type":"","overlay-color":"","overlay-opacity":"","overlay-gradient":""},"mobile":{"background-color":"var(--ast-global-color-4)","background-image":"","background-repeat":"repeat","background-position":"center center","background-size":"auto","background-attachment":"scroll","background-type":"","background-media":"","overlay-type":"","overlay-color":"","overlay-opacity":"","overlay-gradient":""}}},"product_brand":[],"product_cat":[57],"product_tag":[],"class_list":{"0":"post-5022","1":"product","2":"type-product","3":"status-publish","4":"has-post-thumbnail","6":"product_cat-menas-ir-albumai","7":"desktop-align-left","8":"tablet-align-left","9":"mobile-align-left","11":"first","12":"outofstock","13":"shipping-taxable","14":"purchasable","15":"product-type-simple"},"acf":[],"yoast_head":"<!-- This site is optimized with the Yoast SEO plugin v27.0 - https:\/\/yoast.com\/product\/yoast-seo-wordpress\/ -->\n<title>100 \u017eymi\u0173j\u0173 pasaulio film\u0173<\/title>\n<meta name=\"description\" content=\"Kin\u0105 vadino XX am\u017eiaus menu. Kei\u010diasi am\u017eiai, kinta ir menai. Kadangi \u017emon\u0117ms visada b\u016bdinga k\u0105 nors i\u0161 anksto laidoti, b\u016bta kalb\u0173, jog kinas i\u0161stumsi\u0105s teatr\u0105. V\u0117liau - kad dail\u0119 pakeis instaliacijos, tradicin\u012f teatr\u0105 - perfomansai ir hepeningai, kin\u0105\u00a0\u2013 televizija, virtualieji menai. Bet viskas puikiai sugyvena greta.  Grei\u010diausiai ir XXI am\u017eius nepavers kino vien muziejiniu eksponatu. O tai rei\u0161kia\u00a0\u2013 bus ir nauj\u0173 talenting\u0173 juost\u0173, \u0161imtai nauj\u0173 film\u0173, kuriuos vert\u0117s prisiminti.\" \/>\n<meta name=\"robots\" content=\"index, follow, max-snippet:-1, max-image-preview:large, max-video-preview:-1\" \/>\n<link rel=\"canonical\" href=\"https:\/\/skaitytaknyga.lt\/en\/produktas\/100-zymiuju-pasaulio-filmu\/\" \/>\n<meta property=\"og:locale\" content=\"en_GB\" \/>\n<meta property=\"og:locale:alternate\" content=\"lt_LT\" \/>\n<meta property=\"og:type\" content=\"article\" \/>\n<meta property=\"og:title\" content=\"100 \u017eymi\u0173j\u0173 pasaulio film\u0173\" \/>\n<meta property=\"og:description\" content=\"Kin\u0105 vadino XX am\u017eiaus menu. Kei\u010diasi am\u017eiai, kinta ir menai. Kadangi \u017emon\u0117ms visada b\u016bdinga k\u0105 nors i\u0161 anksto laidoti, b\u016bta kalb\u0173, jog kinas i\u0161stumsi\u0105s teatr\u0105. V\u0117liau - kad dail\u0119 pakeis instaliacijos, tradicin\u012f teatr\u0105 - perfomansai ir hepeningai, kin\u0105\u00a0\u2013 televizija, virtualieji menai. Bet viskas puikiai sugyvena greta.  Grei\u010diausiai ir XXI am\u017eius nepavers kino vien muziejiniu eksponatu. O tai rei\u0161kia\u00a0\u2013 bus ir nauj\u0173 talenting\u0173 juost\u0173, \u0161imtai nauj\u0173 film\u0173, kuriuos vert\u0117s prisiminti.\" \/>\n<meta property=\"og:url\" content=\"https:\/\/skaitytaknyga.lt\/en\/produktas\/100-zymiuju-pasaulio-filmu\/\" \/>\n<meta property=\"og:site_name\" content=\"Skaitytaknyga\" \/>\n<meta property=\"article:publisher\" content=\"https:\/\/www.facebook.com\/skaitytaknyga\/\" \/>\n<meta property=\"article:modified_time\" content=\"2024-07-16T12:08:38+00:00\" \/>\n<meta property=\"og:image\" content=\"https:\/\/skaitytaknyga.lt\/wp-content\/uploads\/2024\/04\/150738-87984311-202782370830625-6374219676196536320-n-e1616612691406.jpg\" \/>\n\t<meta property=\"og:image:width\" content=\"390\" \/>\n\t<meta property=\"og:image:height\" content=\"648\" \/>\n\t<meta property=\"og:image:type\" content=\"image\/jpeg\" \/>\n<meta name=\"twitter:card\" content=\"summary_large_image\" \/>\n<meta name=\"twitter:label1\" content=\"Estimated reading time\" \/>\n\t<meta name=\"twitter:data1\" content=\"1 minute\" \/>\n<script type=\"application\/ld+json\" class=\"yoast-schema-graph\">{\"@context\":\"https:\/\/schema.org\",\"@graph\":[{\"@type\":\"WebPage\",\"@id\":\"https:\/\/skaitytaknyga.lt\/produktas\/100-zymiuju-pasaulio-filmu\/\",\"url\":\"https:\/\/skaitytaknyga.lt\/produktas\/100-zymiuju-pasaulio-filmu\/\",\"name\":\"100 \u017eymi\u0173j\u0173 pasaulio film\u0173\",\"isPartOf\":{\"@id\":\"https:\/\/skaitytaknyga.lt\/#website\"},\"primaryImageOfPage\":{\"@id\":\"https:\/\/skaitytaknyga.lt\/produktas\/100-zymiuju-pasaulio-filmu\/#primaryimage\"},\"image\":{\"@id\":\"https:\/\/skaitytaknyga.lt\/produktas\/100-zymiuju-pasaulio-filmu\/#primaryimage\"},\"thumbnailUrl\":\"https:\/\/skaitytaknyga.lt\/wp-content\/uploads\/2024\/04\/150738-87984311-202782370830625-6374219676196536320-n-e1616612691406.jpg\",\"datePublished\":\"2024-04-17T14:00:52+00:00\",\"dateModified\":\"2024-07-16T12:08:38+00:00\",\"description\":\"Kin\u0105 vadino XX am\u017eiaus menu. Kei\u010diasi am\u017eiai, kinta ir menai. Kadangi \u017emon\u0117ms visada b\u016bdinga k\u0105 nors i\u0161 anksto laidoti, b\u016bta kalb\u0173, jog kinas i\u0161stumsi\u0105s teatr\u0105. V\u0117liau - kad dail\u0119 pakeis instaliacijos, tradicin\u012f teatr\u0105 - perfomansai ir hepeningai, kin\u0105\u00a0\u2013 televizija, virtualieji menai. Bet viskas puikiai sugyvena greta. Grei\u010diausiai ir XXI am\u017eius nepavers kino vien muziejiniu eksponatu. O tai rei\u0161kia\u00a0\u2013 bus ir nauj\u0173 talenting\u0173 juost\u0173, \u0161imtai nauj\u0173 film\u0173, kuriuos vert\u0117s prisiminti.\",\"breadcrumb\":{\"@id\":\"https:\/\/skaitytaknyga.lt\/produktas\/100-zymiuju-pasaulio-filmu\/#breadcrumb\"},\"inLanguage\":\"en-GB\",\"potentialAction\":[{\"@type\":\"ReadAction\",\"target\":[\"https:\/\/skaitytaknyga.lt\/produktas\/100-zymiuju-pasaulio-filmu\/\"]}]},{\"@type\":\"ImageObject\",\"inLanguage\":\"en-GB\",\"@id\":\"https:\/\/skaitytaknyga.lt\/produktas\/100-zymiuju-pasaulio-filmu\/#primaryimage\",\"url\":\"https:\/\/skaitytaknyga.lt\/wp-content\/uploads\/2024\/04\/150738-87984311-202782370830625-6374219676196536320-n-e1616612691406.jpg\",\"contentUrl\":\"https:\/\/skaitytaknyga.lt\/wp-content\/uploads\/2024\/04\/150738-87984311-202782370830625-6374219676196536320-n-e1616612691406.jpg\",\"width\":390,\"height\":648},{\"@type\":\"BreadcrumbList\",\"@id\":\"https:\/\/skaitytaknyga.lt\/produktas\/100-zymiuju-pasaulio-filmu\/#breadcrumb\",\"itemListElement\":[{\"@type\":\"ListItem\",\"position\":1,\"name\":\"Home\",\"item\":\"https:\/\/skaitytaknyga.lt\/\"},{\"@type\":\"ListItem\",\"position\":2,\"name\":\"Parduotuv\u0117\",\"item\":\"https:\/\/skaitytaknyga.lt\/knygu-parduotuve\/\"},{\"@type\":\"ListItem\",\"position\":3,\"name\":\"100 \u017eymi\u0173j\u0173 pasaulio film\u0173\"}]},{\"@type\":\"WebSite\",\"@id\":\"https:\/\/skaitytaknyga.lt\/#website\",\"url\":\"https:\/\/skaitytaknyga.lt\/\",\"name\":\"skaitytaknyga.lt\",\"description\":\"Skaitytaknyga.lt \u2013 tai ma\u017eas \u0161eimos verslas, kuris prasid\u0117jo nuo meil\u0117s knygoms ir siekio i\u0161gelb\u0117ti knygas nuo likimo prie konteinerio. Kas vienam nereikalingas daiktas \u2013 kitam lobis, o mes esame tarpininkai, kurie padeda abiems tapti laimingesniems ???? \u017dinome kaip nelengva i\u0161gyventi ma\u017eiems verslams, tad nuo \u0161iol, \u010dia rasite ir kit\u0173, ma\u017e\u0173 \u0161eim\u0173 versl\u0173, rank\u0173 darbo, dovan\u0173 sau ir artimiesiems.\",\"publisher\":{\"@id\":\"https:\/\/skaitytaknyga.lt\/#organization\"},\"potentialAction\":[{\"@type\":\"SearchAction\",\"target\":{\"@type\":\"EntryPoint\",\"urlTemplate\":\"https:\/\/skaitytaknyga.lt\/?s={search_term_string}\"},\"query-input\":{\"@type\":\"PropertyValueSpecification\",\"valueRequired\":true,\"valueName\":\"search_term_string\"}}],\"inLanguage\":\"en-GB\"},{\"@type\":\"Organization\",\"@id\":\"https:\/\/skaitytaknyga.lt\/#organization\",\"name\":\"skaitytaknyga.lt\",\"url\":\"https:\/\/skaitytaknyga.lt\/\",\"logo\":{\"@type\":\"ImageObject\",\"inLanguage\":\"en-GB\",\"@id\":\"https:\/\/skaitytaknyga.lt\/#\/schema\/logo\/image\/\",\"url\":\"https:\/\/skaitytaknyga.lt\/wp-content\/uploads\/2024\/05\/cropped-cropped-cropped-02_00843_jt3bggkj1j3HLc7SyY6rEUpg.jpeg\",\"contentUrl\":\"https:\/\/skaitytaknyga.lt\/wp-content\/uploads\/2024\/05\/cropped-cropped-cropped-02_00843_jt3bggkj1j3HLc7SyY6rEUpg.jpeg\",\"width\":1600,\"height\":1600,\"caption\":\"skaitytaknyga.lt\"},\"image\":{\"@id\":\"https:\/\/skaitytaknyga.lt\/#\/schema\/logo\/image\/\"},\"sameAs\":[\"https:\/\/www.facebook.com\/skaitytaknyga\/\"]}]}<\/script>\n<!-- \/ Yoast SEO plugin. -->","yoast_head_json":{"title":"100 \u017eymi\u0173j\u0173 pasaulio film\u0173","description":"Kin\u0105 vadino XX am\u017eiaus menu. Kei\u010diasi am\u017eiai, kinta ir menai. Kadangi \u017emon\u0117ms visada b\u016bdinga k\u0105 nors i\u0161 anksto laidoti, b\u016bta kalb\u0173, jog kinas i\u0161stumsi\u0105s teatr\u0105. V\u0117liau - kad dail\u0119 pakeis instaliacijos, tradicin\u012f teatr\u0105 - perfomansai ir hepeningai, kin\u0105\u00a0\u2013 televizija, virtualieji menai. Bet viskas puikiai sugyvena greta.  Grei\u010diausiai ir XXI am\u017eius nepavers kino vien muziejiniu eksponatu. O tai rei\u0161kia\u00a0\u2013 bus ir nauj\u0173 talenting\u0173 juost\u0173, \u0161imtai nauj\u0173 film\u0173, kuriuos vert\u0117s prisiminti.","robots":{"index":"index","follow":"follow","max-snippet":"max-snippet:-1","max-image-preview":"max-image-preview:large","max-video-preview":"max-video-preview:-1"},"canonical":"https:\/\/skaitytaknyga.lt\/en\/produktas\/100-zymiuju-pasaulio-filmu\/","og_locale":"en_GB","og_type":"article","og_title":"[:lt]100 \u017eymi\u0173j\u0173 pasaulio film\u0173[:] - Skaitytaknyga","og_description":"Kin\u0105 vadino XX am\u017eiaus menu. Kei\u010diasi am\u017eiai, kinta ir menai. Kadangi \u017emon\u0117ms visada b\u016bdinga k\u0105 nors i\u0161 anksto laidoti, b\u016bta kalb\u0173, jog kinas i\u0161stumsi\u0105s teatr\u0105. V\u0117liau - kad dail\u0119 pakeis instaliacijos, tradicin\u012f teatr\u0105 - perfomansai ir hepeningai, kin\u0105\u00a0\u2013 televizija, virtualieji menai. Bet viskas puikiai sugyvena greta.  Grei\u010diausiai ir XXI am\u017eius nepavers kino vien muziejiniu eksponatu. O tai rei\u0161kia\u00a0\u2013 bus ir nauj\u0173 talenting\u0173 juost\u0173, \u0161imtai nauj\u0173 film\u0173, kuriuos vert\u0117s prisiminti.","og_url":"https:\/\/skaitytaknyga.lt\/en\/produktas\/100-zymiuju-pasaulio-filmu\/","og_site_name":"Skaitytaknyga","article_publisher":"https:\/\/www.facebook.com\/skaitytaknyga\/","article_modified_time":"2024-07-16T12:08:38+00:00","og_image":[{"width":390,"height":648,"url":"https:\/\/skaitytaknyga.lt\/wp-content\/uploads\/2024\/04\/150738-87984311-202782370830625-6374219676196536320-n-e1616612691406.jpg","type":"image\/jpeg"}],"twitter_card":"summary_large_image","twitter_misc":{"Estimated reading time":"1 minute"},"schema":{"@context":"https:\/\/schema.org","@graph":[{"@type":"WebPage","@id":"https:\/\/skaitytaknyga.lt\/produktas\/100-zymiuju-pasaulio-filmu\/","url":"https:\/\/skaitytaknyga.lt\/produktas\/100-zymiuju-pasaulio-filmu\/","name":"100 \u017eymi\u0173j\u0173 pasaulio film\u0173","isPartOf":{"@id":"https:\/\/skaitytaknyga.lt\/#website"},"primaryImageOfPage":{"@id":"https:\/\/skaitytaknyga.lt\/produktas\/100-zymiuju-pasaulio-filmu\/#primaryimage"},"image":{"@id":"https:\/\/skaitytaknyga.lt\/produktas\/100-zymiuju-pasaulio-filmu\/#primaryimage"},"thumbnailUrl":"https:\/\/skaitytaknyga.lt\/wp-content\/uploads\/2024\/04\/150738-87984311-202782370830625-6374219676196536320-n-e1616612691406.jpg","datePublished":"2024-04-17T14:00:52+00:00","dateModified":"2024-07-16T12:08:38+00:00","description":"Kin\u0105 vadino XX am\u017eiaus menu. Kei\u010diasi am\u017eiai, kinta ir menai. Kadangi \u017emon\u0117ms visada b\u016bdinga k\u0105 nors i\u0161 anksto laidoti, b\u016bta kalb\u0173, jog kinas i\u0161stumsi\u0105s teatr\u0105. V\u0117liau - kad dail\u0119 pakeis instaliacijos, tradicin\u012f teatr\u0105 - perfomansai ir hepeningai, kin\u0105\u00a0\u2013 televizija, virtualieji menai. Bet viskas puikiai sugyvena greta. Grei\u010diausiai ir XXI am\u017eius nepavers kino vien muziejiniu eksponatu. O tai rei\u0161kia\u00a0\u2013 bus ir nauj\u0173 talenting\u0173 juost\u0173, \u0161imtai nauj\u0173 film\u0173, kuriuos vert\u0117s prisiminti.","breadcrumb":{"@id":"https:\/\/skaitytaknyga.lt\/produktas\/100-zymiuju-pasaulio-filmu\/#breadcrumb"},"inLanguage":"en-GB","potentialAction":[{"@type":"ReadAction","target":["https:\/\/skaitytaknyga.lt\/produktas\/100-zymiuju-pasaulio-filmu\/"]}]},{"@type":"ImageObject","inLanguage":"en-GB","@id":"https:\/\/skaitytaknyga.lt\/produktas\/100-zymiuju-pasaulio-filmu\/#primaryimage","url":"https:\/\/skaitytaknyga.lt\/wp-content\/uploads\/2024\/04\/150738-87984311-202782370830625-6374219676196536320-n-e1616612691406.jpg","contentUrl":"https:\/\/skaitytaknyga.lt\/wp-content\/uploads\/2024\/04\/150738-87984311-202782370830625-6374219676196536320-n-e1616612691406.jpg","width":390,"height":648},{"@type":"BreadcrumbList","@id":"https:\/\/skaitytaknyga.lt\/produktas\/100-zymiuju-pasaulio-filmu\/#breadcrumb","itemListElement":[{"@type":"ListItem","position":1,"name":"Home","item":"https:\/\/skaitytaknyga.lt\/"},{"@type":"ListItem","position":2,"name":"Parduotuv\u0117","item":"https:\/\/skaitytaknyga.lt\/knygu-parduotuve\/"},{"@type":"ListItem","position":3,"name":"100 \u017eymi\u0173j\u0173 pasaulio film\u0173"}]},{"@type":"WebSite","@id":"https:\/\/skaitytaknyga.lt\/#website","url":"https:\/\/skaitytaknyga.lt\/","name":"skaitytaknyga.lt","description":"Skaitytaknyga.lt \u2013 tai ma\u017eas \u0161eimos verslas, kuris prasid\u0117jo nuo meil\u0117s knygoms ir siekio i\u0161gelb\u0117ti knygas nuo likimo prie konteinerio. Kas vienam nereikalingas daiktas \u2013 kitam lobis, o mes esame tarpininkai, kurie padeda abiems tapti laimingesniems ???? \u017dinome kaip nelengva i\u0161gyventi ma\u017eiems verslams, tad nuo \u0161iol, \u010dia rasite ir kit\u0173, ma\u017e\u0173 \u0161eim\u0173 versl\u0173, rank\u0173 darbo, dovan\u0173 sau ir artimiesiems.","publisher":{"@id":"https:\/\/skaitytaknyga.lt\/#organization"},"potentialAction":[{"@type":"SearchAction","target":{"@type":"EntryPoint","urlTemplate":"https:\/\/skaitytaknyga.lt\/?s={search_term_string}"},"query-input":{"@type":"PropertyValueSpecification","valueRequired":true,"valueName":"search_term_string"}}],"inLanguage":"en-GB"},{"@type":"Organization","@id":"https:\/\/skaitytaknyga.lt\/#organization","name":"skaitytaknyga.lt","url":"https:\/\/skaitytaknyga.lt\/","logo":{"@type":"ImageObject","inLanguage":"en-GB","@id":"https:\/\/skaitytaknyga.lt\/#\/schema\/logo\/image\/","url":"https:\/\/skaitytaknyga.lt\/wp-content\/uploads\/2024\/05\/cropped-cropped-cropped-02_00843_jt3bggkj1j3HLc7SyY6rEUpg.jpeg","contentUrl":"https:\/\/skaitytaknyga.lt\/wp-content\/uploads\/2024\/05\/cropped-cropped-cropped-02_00843_jt3bggkj1j3HLc7SyY6rEUpg.jpeg","width":1600,"height":1600,"caption":"skaitytaknyga.lt"},"image":{"@id":"https:\/\/skaitytaknyga.lt\/#\/schema\/logo\/image\/"},"sameAs":["https:\/\/www.facebook.com\/skaitytaknyga\/"]}]}},"_links":{"self":[{"href":"https:\/\/skaitytaknyga.lt\/en\/wp-json\/wp\/v2\/product\/5022","targetHints":{"allow":["GET"]}}],"collection":[{"href":"https:\/\/skaitytaknyga.lt\/en\/wp-json\/wp\/v2\/product"}],"about":[{"href":"https:\/\/skaitytaknyga.lt\/en\/wp-json\/wp\/v2\/types\/product"}],"replies":[{"embeddable":true,"href":"https:\/\/skaitytaknyga.lt\/en\/wp-json\/wp\/v2\/comments?post=5022"}],"wp:featuredmedia":[{"embeddable":true,"href":"https:\/\/skaitytaknyga.lt\/en\/wp-json\/wp\/v2\/media\/5052"}],"wp:attachment":[{"href":"https:\/\/skaitytaknyga.lt\/en\/wp-json\/wp\/v2\/media?parent=5022"}],"wp:term":[{"taxonomy":"product_brand","embeddable":true,"href":"https:\/\/skaitytaknyga.lt\/en\/wp-json\/wp\/v2\/product_brand?post=5022"},{"taxonomy":"product_cat","embeddable":true,"href":"https:\/\/skaitytaknyga.lt\/en\/wp-json\/wp\/v2\/product_cat?post=5022"},{"taxonomy":"product_tag","embeddable":true,"href":"https:\/\/skaitytaknyga.lt\/en\/wp-json\/wp\/v2\/product_tag?post=5022"}],"curies":[{"name":"wp","href":"https:\/\/api.w.org\/{rel}","templated":true}]}}