{"id":5019,"date":"2024-04-17T17:00:52","date_gmt":"2024-04-17T14:00:52","guid":{"rendered":"https:\/\/skaitytaknyga.lt\/?post_type=product&#038;p=5019"},"modified":"2026-03-18T14:40:24","modified_gmt":"2026-03-18T12:40:24","slug":"kuno-derinimas-malonus-gyvenimas-be-vaistu-filomenos-taunytes-mokinio-patarimai","status":"publish","type":"product","link":"https:\/\/skaitytaknyga.lt\/en\/produktas\/kuno-derinimas-malonus-gyvenimas-be-vaistu-filomenos-taunytes-mokinio-patarimai\/","title":{"rendered":"K\u016bno derinimas: malonus gyvenimas be vaist\u0173. Filomenos Taunyt\u0117s mokinio patarimai"},"content":{"rendered":"<p>\u201eK\u016bno derinimas: malonus gyvenimas be vaist\u0173. Filomenos Taunyt\u0117s mokinio patarimai\u201c \u2013 tai \u017einomo Niujorko kineziterapeuto, pasaulio garsenybi\u0173 gydytojo Samuelio Taco (Shmuel Tatz) ir \u017eurnalist\u0117s, knyg\u0173 autor\u0117s ir bendraautor\u0117s Ingos Liutkevi\u010dien\u0117s knyga apie tai, kaip nat\u016braliais b\u016bdais, be vaist\u0173 ir operacij\u0173 puikiai jaustis ir laisvai jud\u0117ti, b\u016bti geros nuotaikos, k\u0105 tinkamiausia savo k\u016bno sveikatai pasirinkti i\u0161 viso to, kas si\u016bloma, o da\u017enai brukte brukama.<\/p>\n<p>S. Tacas ragina nepamir\u0161ti, kad tradicin\u0117 medicina ir farmacija yra verslas, tad b\u016btina \u017einoti ir kitus b\u016bdus, kaip sau pad\u0117ti. \u012esp\u0117ja nepulti mokytis stov\u0117ti ant galvos, atlikti sud\u0117ting\u0173 jogos pratim\u0173 ar b\u0117gti maraton\u0173, nes tai labiau kenkia sveikatai negu padeda.<\/p>\n","protected":false},"excerpt":{"rendered":"<p>\u201eK\u016bno derinimas: malonus gyvenimas be vaist\u0173. Filomenos Taunyt\u0117s mokinio patarimai\u201c \u2013 tai \u017einomo Niujorko kineziterapeuto, pasaulio garsenybi\u0173 gydytojo Samuelio Taco (Shmuel Tatz) ir \u017eurnalist\u0117s, knyg\u0173 autor\u0117s ir bendraautor\u0117s Ingos Liutkevi\u010dien\u0117s knyga apie tai, kaip nat\u016braliais b\u016bdais, be vaist\u0173 ir operacij\u0173 puikiai jaustis ir laisvai jud\u0117ti, b\u016bti geros nuotaikos, k\u0105 tinkamiausia savo k\u016bno sveikatai pasirinkti i\u0161 viso to, kas si\u016bloma, o da\u017enai brukte brukama.<\/p>\n<p>S. Tacas ragina nepamir\u0161ti, kad tradicin\u0117 medicina ir farmacija yra verslas, tad b\u016btina \u017einoti ir kitus b\u016bdus, kaip sau pad\u0117ti. \u012esp\u0117ja nepulti mokytis stov\u0117ti ant galvos, atlikti sud\u0117ting\u0173 jogos pratim\u0173 ar b\u0117gti maraton\u0173, nes tai labiau kenkia sveikatai negu padeda.<\/p>\n","protected":false},"featured_media":5049,"comment_status":"closed","ping_status":"closed","template":"","meta":{"_acf_changed":false,"site-sidebar-layout":"default","site-content-layout":"","ast-site-content-layout":"default","site-content-style":"default","site-sidebar-style":"default","ast-global-header-display":"","ast-banner-title-visibility":"","ast-main-header-display":"","ast-hfb-above-header-display":"","ast-hfb-below-header-display":"","ast-hfb-mobile-header-display":"","site-post-title":"","ast-breadcrumbs-content":"","ast-featured-img":"","footer-sml-layout":"","ast-disable-related-posts":"","theme-transparent-header-meta":"default","adv-header-id-meta":"","stick-header-meta":"","header-above-stick-meta":"","header-main-stick-meta":"","header-below-stick-meta":"","astra-migrate-meta-layouts":"set","ast-page-background-enabled":"default","ast-page-background-meta":{"desktop":{"background-color":"","background-image":"","background-repeat":"repeat","background-position":"center center","background-size":"auto","background-attachment":"scroll","background-type":"","background-media":"","overlay-type":"","overlay-color":"","overlay-opacity":"","overlay-gradient":""},"tablet":{"background-color":"","background-image":"","background-repeat":"repeat","background-position":"center center","background-size":"auto","background-attachment":"scroll","background-type":"","background-media":"","overlay-type":"","overlay-color":"","overlay-opacity":"","overlay-gradient":""},"mobile":{"background-color":"","background-image":"","background-repeat":"repeat","background-position":"center center","background-size":"auto","background-attachment":"scroll","background-type":"","background-media":"","overlay-type":"","overlay-color":"","overlay-opacity":"","overlay-gradient":""}},"ast-content-background-meta":{"desktop":{"background-color":"var(--ast-global-color-4)","background-image":"","background-repeat":"repeat","background-position":"center center","background-size":"auto","background-attachment":"scroll","background-type":"","background-media":"","overlay-type":"","overlay-color":"","overlay-opacity":"","overlay-gradient":""},"tablet":{"background-color":"var(--ast-global-color-4)","background-image":"","background-repeat":"repeat","background-position":"center center","background-size":"auto","background-attachment":"scroll","background-type":"","background-media":"","overlay-type":"","overlay-color":"","overlay-opacity":"","overlay-gradient":""},"mobile":{"background-color":"var(--ast-global-color-4)","background-image":"","background-repeat":"repeat","background-position":"center center","background-size":"auto","background-attachment":"scroll","background-type":"","background-media":"","overlay-type":"","overlay-color":"","overlay-opacity":"","overlay-gradient":""}}},"product_brand":[],"product_cat":[55],"product_tag":[9302,9810],"class_list":{"0":"post-5019","1":"product","2":"type-product","3":"status-publish","4":"has-post-thumbnail","6":"product_cat-sveikata-ir-sveika-mityba","7":"product_tag-ltinga-liutkeviciene","8":"product_tag-samuelis-tacas","9":"desktop-align-left","10":"tablet-align-left","11":"mobile-align-left","13":"first","14":"outofstock","15":"shipping-taxable","16":"purchasable","17":"product-type-simple"},"acf":[],"yoast_head":"<!-- This site is optimized with the Yoast SEO plugin v27.0 - https:\/\/yoast.com\/product\/yoast-seo-wordpress\/ -->\n<title>K\u016bno derinimas: malonus gyvenimas be vaist\u0173. Filomenos Taunyt\u0117s mokinio patarimai<\/title>\n<meta name=\"description\" content=\"\u201eK\u016bno derinimas: malonus gyvenimas be vaist\u0173. Filomenos Taunyt\u0117s mokinio patarimai\u201c \u2013 tai \u017einomo Niujorko kineziterapeuto, pasaulio garsenybi\u0173 gydytojo Samuelio Taco (Shmuel Tatz) ir \u017eurnalist\u0117s, knyg\u0173 autor\u0117s ir bendraautor\u0117s Ingos Liutkevi\u010dien\u0117s knyga apie tai, kaip nat\u016braliais b\u016bdais, be vaist\u0173 ir operacij\u0173 puikiai jaustis ir laisvai jud\u0117ti, b\u016bti geros nuotaikos, k\u0105 tinkamiausia savo k\u016bno sveikatai pasirinkti i\u0161 viso to, kas si\u016bloma, o da\u017enai brukte brukama.  S. Tacas ragina nepamir\u0161ti, kad tradicin\u0117 medicina ir farmacija yra verslas, tad b\u016btina \u017einoti ir kitus b\u016bdus, kaip sau pad\u0117ti. \u012esp\u0117ja nepulti mokytis stov\u0117ti ant galvos, atlikti sud\u0117ting\u0173 jogos pratim\u0173 ar b\u0117gti maraton\u0173, nes tai labiau kenkia sveikatai negu padeda.\" \/>\n<meta name=\"robots\" content=\"index, follow, max-snippet:-1, max-image-preview:large, max-video-preview:-1\" \/>\n<link rel=\"canonical\" href=\"https:\/\/skaitytaknyga.lt\/en\/produktas\/kuno-derinimas-malonus-gyvenimas-be-vaistu-filomenos-taunytes-mokinio-patarimai\/\" \/>\n<meta property=\"og:locale\" content=\"en_GB\" \/>\n<meta property=\"og:locale:alternate\" content=\"lt_LT\" \/>\n<meta property=\"og:type\" content=\"article\" \/>\n<meta property=\"og:title\" content=\"K\u016bno derinimas: malonus gyvenimas be vaist\u0173. Filomenos Taunyt\u0117s mokinio patarimai\" \/>\n<meta property=\"og:description\" content=\"\u201eK\u016bno derinimas: malonus gyvenimas be vaist\u0173. Filomenos Taunyt\u0117s mokinio patarimai\u201c \u2013 tai \u017einomo Niujorko kineziterapeuto, pasaulio garsenybi\u0173 gydytojo Samuelio Taco (Shmuel Tatz) ir \u017eurnalist\u0117s, knyg\u0173 autor\u0117s ir bendraautor\u0117s Ingos Liutkevi\u010dien\u0117s knyga apie tai, kaip nat\u016braliais b\u016bdais, be vaist\u0173 ir operacij\u0173 puikiai jaustis ir laisvai jud\u0117ti, b\u016bti geros nuotaikos, k\u0105 tinkamiausia savo k\u016bno sveikatai pasirinkti i\u0161 viso to, kas si\u016bloma, o da\u017enai brukte brukama.  S. Tacas ragina nepamir\u0161ti, kad tradicin\u0117 medicina ir farmacija yra verslas, tad b\u016btina \u017einoti ir kitus b\u016bdus, kaip sau pad\u0117ti. \u012esp\u0117ja nepulti mokytis stov\u0117ti ant galvos, atlikti sud\u0117ting\u0173 jogos pratim\u0173 ar b\u0117gti maraton\u0173, nes tai labiau kenkia sveikatai negu padeda.\" \/>\n<meta property=\"og:url\" content=\"https:\/\/skaitytaknyga.lt\/en\/produktas\/kuno-derinimas-malonus-gyvenimas-be-vaistu-filomenos-taunytes-mokinio-patarimai\/\" \/>\n<meta property=\"og:site_name\" content=\"Skaitytaknyga\" \/>\n<meta property=\"article:publisher\" content=\"https:\/\/www.facebook.com\/skaitytaknyga\/\" \/>\n<meta property=\"article:modified_time\" content=\"2026-03-18T12:40:24+00:00\" \/>\n<meta property=\"og:image\" content=\"https:\/\/skaitytaknyga.lt\/wp-content\/uploads\/2024\/04\/kuno-derinimas.jpg\" \/>\n\t<meta property=\"og:image:width\" content=\"301\" \/>\n\t<meta property=\"og:image:height\" content=\"450\" \/>\n\t<meta property=\"og:image:type\" content=\"image\/jpeg\" \/>\n<meta name=\"twitter:card\" content=\"summary_large_image\" \/>\n<meta name=\"twitter:label1\" content=\"Estimated reading time\" \/>\n\t<meta name=\"twitter:data1\" content=\"1 minute\" \/>\n<script type=\"application\/ld+json\" class=\"yoast-schema-graph\">{\"@context\":\"https:\/\/schema.org\",\"@graph\":[{\"@type\":\"WebPage\",\"@id\":\"https:\/\/skaitytaknyga.lt\/produktas\/kuno-derinimas-malonus-gyvenimas-be-vaistu-filomenos-taunytes-mokinio-patarimai\/\",\"url\":\"https:\/\/skaitytaknyga.lt\/produktas\/kuno-derinimas-malonus-gyvenimas-be-vaistu-filomenos-taunytes-mokinio-patarimai\/\",\"name\":\"K\u016bno derinimas: malonus gyvenimas be vaist\u0173. Filomenos Taunyt\u0117s mokinio patarimai\",\"isPartOf\":{\"@id\":\"https:\/\/skaitytaknyga.lt\/#website\"},\"primaryImageOfPage\":{\"@id\":\"https:\/\/skaitytaknyga.lt\/produktas\/kuno-derinimas-malonus-gyvenimas-be-vaistu-filomenos-taunytes-mokinio-patarimai\/#primaryimage\"},\"image\":{\"@id\":\"https:\/\/skaitytaknyga.lt\/produktas\/kuno-derinimas-malonus-gyvenimas-be-vaistu-filomenos-taunytes-mokinio-patarimai\/#primaryimage\"},\"thumbnailUrl\":\"https:\/\/skaitytaknyga.lt\/wp-content\/uploads\/2024\/04\/kuno-derinimas.jpg\",\"datePublished\":\"2024-04-17T14:00:52+00:00\",\"dateModified\":\"2026-03-18T12:40:24+00:00\",\"description\":\"\u201eK\u016bno derinimas: malonus gyvenimas be vaist\u0173. Filomenos Taunyt\u0117s mokinio patarimai\u201c \u2013 tai \u017einomo Niujorko kineziterapeuto, pasaulio garsenybi\u0173 gydytojo Samuelio Taco (Shmuel Tatz) ir \u017eurnalist\u0117s, knyg\u0173 autor\u0117s ir bendraautor\u0117s Ingos Liutkevi\u010dien\u0117s knyga apie tai, kaip nat\u016braliais b\u016bdais, be vaist\u0173 ir operacij\u0173 puikiai jaustis ir laisvai jud\u0117ti, b\u016bti geros nuotaikos, k\u0105 tinkamiausia savo k\u016bno sveikatai pasirinkti i\u0161 viso to, kas si\u016bloma, o da\u017enai brukte brukama. S. Tacas ragina nepamir\u0161ti, kad tradicin\u0117 medicina ir farmacija yra verslas, tad b\u016btina \u017einoti ir kitus b\u016bdus, kaip sau pad\u0117ti. \u012esp\u0117ja nepulti mokytis stov\u0117ti ant galvos, atlikti sud\u0117ting\u0173 jogos pratim\u0173 ar b\u0117gti maraton\u0173, nes tai labiau kenkia sveikatai negu padeda.\",\"breadcrumb\":{\"@id\":\"https:\/\/skaitytaknyga.lt\/produktas\/kuno-derinimas-malonus-gyvenimas-be-vaistu-filomenos-taunytes-mokinio-patarimai\/#breadcrumb\"},\"inLanguage\":\"en-GB\",\"potentialAction\":[{\"@type\":\"ReadAction\",\"target\":[\"https:\/\/skaitytaknyga.lt\/produktas\/kuno-derinimas-malonus-gyvenimas-be-vaistu-filomenos-taunytes-mokinio-patarimai\/\"]}]},{\"@type\":\"ImageObject\",\"inLanguage\":\"en-GB\",\"@id\":\"https:\/\/skaitytaknyga.lt\/produktas\/kuno-derinimas-malonus-gyvenimas-be-vaistu-filomenos-taunytes-mokinio-patarimai\/#primaryimage\",\"url\":\"https:\/\/skaitytaknyga.lt\/wp-content\/uploads\/2024\/04\/kuno-derinimas.jpg\",\"contentUrl\":\"https:\/\/skaitytaknyga.lt\/wp-content\/uploads\/2024\/04\/kuno-derinimas.jpg\",\"width\":301,\"height\":450,\"caption\":\"K\u016bno derinimas: malonus gyvenimas be vaist\u0173. Filomenos Taunyt\u0117s mokinio patarimai\"},{\"@type\":\"BreadcrumbList\",\"@id\":\"https:\/\/skaitytaknyga.lt\/produktas\/kuno-derinimas-malonus-gyvenimas-be-vaistu-filomenos-taunytes-mokinio-patarimai\/#breadcrumb\",\"itemListElement\":[{\"@type\":\"ListItem\",\"position\":1,\"name\":\"Home\",\"item\":\"https:\/\/skaitytaknyga.lt\/\"},{\"@type\":\"ListItem\",\"position\":2,\"name\":\"Parduotuv\u0117\",\"item\":\"https:\/\/skaitytaknyga.lt\/knygu-parduotuve\/\"},{\"@type\":\"ListItem\",\"position\":3,\"name\":\"K\u016bno derinimas: malonus gyvenimas be vaist\u0173. Filomenos Taunyt\u0117s mokinio patarimai\"}]},{\"@type\":\"WebSite\",\"@id\":\"https:\/\/skaitytaknyga.lt\/#website\",\"url\":\"https:\/\/skaitytaknyga.lt\/\",\"name\":\"skaitytaknyga.lt\",\"description\":\"Skaitytaknyga.lt \u2013 tai ma\u017eas \u0161eimos verslas, kuris prasid\u0117jo nuo meil\u0117s knygoms ir siekio i\u0161gelb\u0117ti knygas nuo likimo prie konteinerio. Kas vienam nereikalingas daiktas \u2013 kitam lobis, o mes esame tarpininkai, kurie padeda abiems tapti laimingesniems ???? \u017dinome kaip nelengva i\u0161gyventi ma\u017eiems verslams, tad nuo \u0161iol, \u010dia rasite ir kit\u0173, ma\u017e\u0173 \u0161eim\u0173 versl\u0173, rank\u0173 darbo, dovan\u0173 sau ir artimiesiems.\",\"publisher\":{\"@id\":\"https:\/\/skaitytaknyga.lt\/#organization\"},\"potentialAction\":[{\"@type\":\"SearchAction\",\"target\":{\"@type\":\"EntryPoint\",\"urlTemplate\":\"https:\/\/skaitytaknyga.lt\/?s={search_term_string}\"},\"query-input\":{\"@type\":\"PropertyValueSpecification\",\"valueRequired\":true,\"valueName\":\"search_term_string\"}}],\"inLanguage\":\"en-GB\"},{\"@type\":\"Organization\",\"@id\":\"https:\/\/skaitytaknyga.lt\/#organization\",\"name\":\"skaitytaknyga.lt\",\"url\":\"https:\/\/skaitytaknyga.lt\/\",\"logo\":{\"@type\":\"ImageObject\",\"inLanguage\":\"en-GB\",\"@id\":\"https:\/\/skaitytaknyga.lt\/#\/schema\/logo\/image\/\",\"url\":\"https:\/\/skaitytaknyga.lt\/wp-content\/uploads\/2024\/05\/cropped-cropped-cropped-02_00843_jt3bggkj1j3HLc7SyY6rEUpg.jpeg\",\"contentUrl\":\"https:\/\/skaitytaknyga.lt\/wp-content\/uploads\/2024\/05\/cropped-cropped-cropped-02_00843_jt3bggkj1j3HLc7SyY6rEUpg.jpeg\",\"width\":1600,\"height\":1600,\"caption\":\"skaitytaknyga.lt\"},\"image\":{\"@id\":\"https:\/\/skaitytaknyga.lt\/#\/schema\/logo\/image\/\"},\"sameAs\":[\"https:\/\/www.facebook.com\/skaitytaknyga\/\"]}]}<\/script>\n<!-- \/ Yoast SEO plugin. -->","yoast_head_json":{"title":"K\u016bno derinimas: malonus gyvenimas be vaist\u0173. Filomenos Taunyt\u0117s mokinio patarimai","description":"\u201eK\u016bno derinimas: malonus gyvenimas be vaist\u0173. Filomenos Taunyt\u0117s mokinio patarimai\u201c \u2013 tai \u017einomo Niujorko kineziterapeuto, pasaulio garsenybi\u0173 gydytojo Samuelio Taco (Shmuel Tatz) ir \u017eurnalist\u0117s, knyg\u0173 autor\u0117s ir bendraautor\u0117s Ingos Liutkevi\u010dien\u0117s knyga apie tai, kaip nat\u016braliais b\u016bdais, be vaist\u0173 ir operacij\u0173 puikiai jaustis ir laisvai jud\u0117ti, b\u016bti geros nuotaikos, k\u0105 tinkamiausia savo k\u016bno sveikatai pasirinkti i\u0161 viso to, kas si\u016bloma, o da\u017enai brukte brukama.  S. Tacas ragina nepamir\u0161ti, kad tradicin\u0117 medicina ir farmacija yra verslas, tad b\u016btina \u017einoti ir kitus b\u016bdus, kaip sau pad\u0117ti. \u012esp\u0117ja nepulti mokytis stov\u0117ti ant galvos, atlikti sud\u0117ting\u0173 jogos pratim\u0173 ar b\u0117gti maraton\u0173, nes tai labiau kenkia sveikatai negu padeda.","robots":{"index":"index","follow":"follow","max-snippet":"max-snippet:-1","max-image-preview":"max-image-preview:large","max-video-preview":"max-video-preview:-1"},"canonical":"https:\/\/skaitytaknyga.lt\/en\/produktas\/kuno-derinimas-malonus-gyvenimas-be-vaistu-filomenos-taunytes-mokinio-patarimai\/","og_locale":"en_GB","og_type":"article","og_title":"[:lt]K\u016bno derinimas: malonus gyvenimas be vaist\u0173. Filomenos Taunyt\u0117s mokinio patarimai[:] - Skaitytaknyga","og_description":"\u201eK\u016bno derinimas: malonus gyvenimas be vaist\u0173. Filomenos Taunyt\u0117s mokinio patarimai\u201c \u2013 tai \u017einomo Niujorko kineziterapeuto, pasaulio garsenybi\u0173 gydytojo Samuelio Taco (Shmuel Tatz) ir \u017eurnalist\u0117s, knyg\u0173 autor\u0117s ir bendraautor\u0117s Ingos Liutkevi\u010dien\u0117s knyga apie tai, kaip nat\u016braliais b\u016bdais, be vaist\u0173 ir operacij\u0173 puikiai jaustis ir laisvai jud\u0117ti, b\u016bti geros nuotaikos, k\u0105 tinkamiausia savo k\u016bno sveikatai pasirinkti i\u0161 viso to, kas si\u016bloma, o da\u017enai brukte brukama.  S. Tacas ragina nepamir\u0161ti, kad tradicin\u0117 medicina ir farmacija yra verslas, tad b\u016btina \u017einoti ir kitus b\u016bdus, kaip sau pad\u0117ti. \u012esp\u0117ja nepulti mokytis stov\u0117ti ant galvos, atlikti sud\u0117ting\u0173 jogos pratim\u0173 ar b\u0117gti maraton\u0173, nes tai labiau kenkia sveikatai negu padeda.","og_url":"https:\/\/skaitytaknyga.lt\/en\/produktas\/kuno-derinimas-malonus-gyvenimas-be-vaistu-filomenos-taunytes-mokinio-patarimai\/","og_site_name":"Skaitytaknyga","article_publisher":"https:\/\/www.facebook.com\/skaitytaknyga\/","article_modified_time":"2026-03-18T12:40:24+00:00","og_image":[{"width":301,"height":450,"url":"https:\/\/skaitytaknyga.lt\/wp-content\/uploads\/2024\/04\/kuno-derinimas.jpg","type":"image\/jpeg"}],"twitter_card":"summary_large_image","twitter_misc":{"Estimated reading time":"1 minute"},"schema":{"@context":"https:\/\/schema.org","@graph":[{"@type":"WebPage","@id":"https:\/\/skaitytaknyga.lt\/produktas\/kuno-derinimas-malonus-gyvenimas-be-vaistu-filomenos-taunytes-mokinio-patarimai\/","url":"https:\/\/skaitytaknyga.lt\/produktas\/kuno-derinimas-malonus-gyvenimas-be-vaistu-filomenos-taunytes-mokinio-patarimai\/","name":"K\u016bno derinimas: malonus gyvenimas be vaist\u0173. Filomenos Taunyt\u0117s mokinio patarimai","isPartOf":{"@id":"https:\/\/skaitytaknyga.lt\/#website"},"primaryImageOfPage":{"@id":"https:\/\/skaitytaknyga.lt\/produktas\/kuno-derinimas-malonus-gyvenimas-be-vaistu-filomenos-taunytes-mokinio-patarimai\/#primaryimage"},"image":{"@id":"https:\/\/skaitytaknyga.lt\/produktas\/kuno-derinimas-malonus-gyvenimas-be-vaistu-filomenos-taunytes-mokinio-patarimai\/#primaryimage"},"thumbnailUrl":"https:\/\/skaitytaknyga.lt\/wp-content\/uploads\/2024\/04\/kuno-derinimas.jpg","datePublished":"2024-04-17T14:00:52+00:00","dateModified":"2026-03-18T12:40:24+00:00","description":"\u201eK\u016bno derinimas: malonus gyvenimas be vaist\u0173. Filomenos Taunyt\u0117s mokinio patarimai\u201c \u2013 tai \u017einomo Niujorko kineziterapeuto, pasaulio garsenybi\u0173 gydytojo Samuelio Taco (Shmuel Tatz) ir \u017eurnalist\u0117s, knyg\u0173 autor\u0117s ir bendraautor\u0117s Ingos Liutkevi\u010dien\u0117s knyga apie tai, kaip nat\u016braliais b\u016bdais, be vaist\u0173 ir operacij\u0173 puikiai jaustis ir laisvai jud\u0117ti, b\u016bti geros nuotaikos, k\u0105 tinkamiausia savo k\u016bno sveikatai pasirinkti i\u0161 viso to, kas si\u016bloma, o da\u017enai brukte brukama. S. Tacas ragina nepamir\u0161ti, kad tradicin\u0117 medicina ir farmacija yra verslas, tad b\u016btina \u017einoti ir kitus b\u016bdus, kaip sau pad\u0117ti. \u012esp\u0117ja nepulti mokytis stov\u0117ti ant galvos, atlikti sud\u0117ting\u0173 jogos pratim\u0173 ar b\u0117gti maraton\u0173, nes tai labiau kenkia sveikatai negu padeda.","breadcrumb":{"@id":"https:\/\/skaitytaknyga.lt\/produktas\/kuno-derinimas-malonus-gyvenimas-be-vaistu-filomenos-taunytes-mokinio-patarimai\/#breadcrumb"},"inLanguage":"en-GB","potentialAction":[{"@type":"ReadAction","target":["https:\/\/skaitytaknyga.lt\/produktas\/kuno-derinimas-malonus-gyvenimas-be-vaistu-filomenos-taunytes-mokinio-patarimai\/"]}]},{"@type":"ImageObject","inLanguage":"en-GB","@id":"https:\/\/skaitytaknyga.lt\/produktas\/kuno-derinimas-malonus-gyvenimas-be-vaistu-filomenos-taunytes-mokinio-patarimai\/#primaryimage","url":"https:\/\/skaitytaknyga.lt\/wp-content\/uploads\/2024\/04\/kuno-derinimas.jpg","contentUrl":"https:\/\/skaitytaknyga.lt\/wp-content\/uploads\/2024\/04\/kuno-derinimas.jpg","width":301,"height":450,"caption":"K\u016bno derinimas: malonus gyvenimas be vaist\u0173. Filomenos Taunyt\u0117s mokinio patarimai"},{"@type":"BreadcrumbList","@id":"https:\/\/skaitytaknyga.lt\/produktas\/kuno-derinimas-malonus-gyvenimas-be-vaistu-filomenos-taunytes-mokinio-patarimai\/#breadcrumb","itemListElement":[{"@type":"ListItem","position":1,"name":"Home","item":"https:\/\/skaitytaknyga.lt\/"},{"@type":"ListItem","position":2,"name":"Parduotuv\u0117","item":"https:\/\/skaitytaknyga.lt\/knygu-parduotuve\/"},{"@type":"ListItem","position":3,"name":"K\u016bno derinimas: malonus gyvenimas be vaist\u0173. Filomenos Taunyt\u0117s mokinio patarimai"}]},{"@type":"WebSite","@id":"https:\/\/skaitytaknyga.lt\/#website","url":"https:\/\/skaitytaknyga.lt\/","name":"skaitytaknyga.lt","description":"Skaitytaknyga.lt \u2013 tai ma\u017eas \u0161eimos verslas, kuris prasid\u0117jo nuo meil\u0117s knygoms ir siekio i\u0161gelb\u0117ti knygas nuo likimo prie konteinerio. Kas vienam nereikalingas daiktas \u2013 kitam lobis, o mes esame tarpininkai, kurie padeda abiems tapti laimingesniems ???? \u017dinome kaip nelengva i\u0161gyventi ma\u017eiems verslams, tad nuo \u0161iol, \u010dia rasite ir kit\u0173, ma\u017e\u0173 \u0161eim\u0173 versl\u0173, rank\u0173 darbo, dovan\u0173 sau ir artimiesiems.","publisher":{"@id":"https:\/\/skaitytaknyga.lt\/#organization"},"potentialAction":[{"@type":"SearchAction","target":{"@type":"EntryPoint","urlTemplate":"https:\/\/skaitytaknyga.lt\/?s={search_term_string}"},"query-input":{"@type":"PropertyValueSpecification","valueRequired":true,"valueName":"search_term_string"}}],"inLanguage":"en-GB"},{"@type":"Organization","@id":"https:\/\/skaitytaknyga.lt\/#organization","name":"skaitytaknyga.lt","url":"https:\/\/skaitytaknyga.lt\/","logo":{"@type":"ImageObject","inLanguage":"en-GB","@id":"https:\/\/skaitytaknyga.lt\/#\/schema\/logo\/image\/","url":"https:\/\/skaitytaknyga.lt\/wp-content\/uploads\/2024\/05\/cropped-cropped-cropped-02_00843_jt3bggkj1j3HLc7SyY6rEUpg.jpeg","contentUrl":"https:\/\/skaitytaknyga.lt\/wp-content\/uploads\/2024\/05\/cropped-cropped-cropped-02_00843_jt3bggkj1j3HLc7SyY6rEUpg.jpeg","width":1600,"height":1600,"caption":"skaitytaknyga.lt"},"image":{"@id":"https:\/\/skaitytaknyga.lt\/#\/schema\/logo\/image\/"},"sameAs":["https:\/\/www.facebook.com\/skaitytaknyga\/"]}]}},"_links":{"self":[{"href":"https:\/\/skaitytaknyga.lt\/en\/wp-json\/wp\/v2\/product\/5019","targetHints":{"allow":["GET"]}}],"collection":[{"href":"https:\/\/skaitytaknyga.lt\/en\/wp-json\/wp\/v2\/product"}],"about":[{"href":"https:\/\/skaitytaknyga.lt\/en\/wp-json\/wp\/v2\/types\/product"}],"replies":[{"embeddable":true,"href":"https:\/\/skaitytaknyga.lt\/en\/wp-json\/wp\/v2\/comments?post=5019"}],"wp:featuredmedia":[{"embeddable":true,"href":"https:\/\/skaitytaknyga.lt\/en\/wp-json\/wp\/v2\/media\/5049"}],"wp:attachment":[{"href":"https:\/\/skaitytaknyga.lt\/en\/wp-json\/wp\/v2\/media?parent=5019"}],"wp:term":[{"taxonomy":"product_brand","embeddable":true,"href":"https:\/\/skaitytaknyga.lt\/en\/wp-json\/wp\/v2\/product_brand?post=5019"},{"taxonomy":"product_cat","embeddable":true,"href":"https:\/\/skaitytaknyga.lt\/en\/wp-json\/wp\/v2\/product_cat?post=5019"},{"taxonomy":"product_tag","embeddable":true,"href":"https:\/\/skaitytaknyga.lt\/en\/wp-json\/wp\/v2\/product_tag?post=5019"}],"curies":[{"name":"wp","href":"https:\/\/api.w.org\/{rel}","templated":true}]}}