{"id":4997,"date":"2024-04-17T13:59:49","date_gmt":"2024-04-17T13:59:49","guid":{"rendered":"https:\/\/skaitytaknyga.lt\/?post_type=product&#038;p=4997"},"modified":"2026-03-18T15:00:15","modified_gmt":"2026-03-18T13:00:15","slug":"lietuvos-statutu-1529-1566-1588-m-seimos-teise","status":"publish","type":"product","link":"https:\/\/skaitytaknyga.lt\/en\/produktas\/lietuvos-statutu-1529-1566-1588-m-seimos-teise\/","title":{"rendered":"Lietuvos Statut\u0173 (1529, 1566, 1588 m.) \u0161eimos teis\u0117"},"content":{"rendered":"<p>Knygos autorius Vytautas Andriulis yra Lietuvos teis\u0117s universiteto docentas, socialini\u0173 moksl\u0173 (teis\u0117s) daktaras, Teis\u0117s instituto vyr. mokslinis darbuotojas.<br \/>\nLietuvos statutai kaip teis\u0117s paminklas formaliai ir gana i\u0161samiai atskleid\u017eia LDK teisin\u0119 sistem\u0105, teis\u0117s mokslo lygmen\u012f ir tuo po\u017ei\u016briu vertintini bendrajame Vakar\u0173 Europos teis\u0117s raidos kontekste, nes \u010dia slypi j\u0173 i\u0161takos ir jie yra \u0161ios teisin\u0117s kult\u016bros paveldas.<br \/>\nMonografijoje pagrindinis d\u0117mesys sutelktas \u012f Tre\u010diojo Lietuvos Statuto \u0161eimos teis\u0119, \u017ei\u016brima ir \u012f pirmuosius du ar net dar toliau \u012f praeit\u012f, siekiant atskleisti j\u0173 genez\u0119. I\u0161skirti trys aspektai: santuokos teisinis reguliavimas, t\u0117v\u0173 ir vaik\u0173 tarpusavio santykiai ir globos teisiniai pagrindai.<br \/>\nLeidinys skirtas studijuojantiems Lietuvos teis\u0117s istorij\u0105 ir visiems besidomintiems LDK teise.<br \/>\nKnygoje panaudota I-ojo Lietuvos Statuto (1529 m.) grafin\u0117 med\u017eiaga.<\/p>\n","protected":false},"excerpt":{"rendered":"<p>Knygos autorius Vytautas Andriulis yra Lietuvos teis\u0117s universiteto docentas, socialini\u0173 moksl\u0173 (teis\u0117s) daktaras, Teis\u0117s instituto vyr. mokslinis darbuotojas.<br \/>\nLietuvos statutai kaip teis\u0117s paminklas formaliai ir gana i\u0161samiai atskleid\u017eia LDK teisin\u0119 sistem\u0105, teis\u0117s mokslo lygmen\u012f ir tuo po\u017ei\u016briu vertintini bendrajame Vakar\u0173 Europos teis\u0117s raidos kontekste, nes \u010dia slypi j\u0173 i\u0161takos ir jie yra \u0161ios teisin\u0117s kult\u016bros paveldas.<br \/>\nMonografijoje pagrindinis d\u0117mesys sutelktas \u012f Tre\u010diojo Lietuvos Statuto \u0161eimos teis\u0119, \u017ei\u016brima ir \u012f pirmuosius du ar net dar toliau \u012f praeit\u012f, siekiant atskleisti j\u0173 genez\u0119. I\u0161skirti trys aspektai: santuokos teisinis reguliavimas, t\u0117v\u0173 ir vaik\u0173 tarpusavio santykiai ir globos teisiniai pagrindai.<br \/>\nLeidinys skirtas studijuojantiems Lietuvos teis\u0117s istorij\u0105 ir visiems besidomintiems LDK teise.<br \/>\nKnygoje panaudota I-ojo Lietuvos Statuto (1529 m.) grafin\u0117 med\u017eiaga.<\/p>\n","protected":false},"featured_media":5045,"comment_status":"closed","ping_status":"closed","template":"","meta":{"_acf_changed":false,"site-sidebar-layout":"default","site-content-layout":"","ast-site-content-layout":"default","site-content-style":"default","site-sidebar-style":"default","ast-global-header-display":"","ast-banner-title-visibility":"","ast-main-header-display":"","ast-hfb-above-header-display":"","ast-hfb-below-header-display":"","ast-hfb-mobile-header-display":"","site-post-title":"","ast-breadcrumbs-content":"","ast-featured-img":"","footer-sml-layout":"","ast-disable-related-posts":"","theme-transparent-header-meta":"","adv-header-id-meta":"","stick-header-meta":"","header-above-stick-meta":"","header-main-stick-meta":"","header-below-stick-meta":"","astra-migrate-meta-layouts":"default","ast-page-background-enabled":"default","ast-page-background-meta":{"desktop":{"background-color":"","background-image":"","background-repeat":"repeat","background-position":"center center","background-size":"auto","background-attachment":"scroll","background-type":"","background-media":"","overlay-type":"","overlay-color":"","overlay-opacity":"","overlay-gradient":""},"tablet":{"background-color":"","background-image":"","background-repeat":"repeat","background-position":"center center","background-size":"auto","background-attachment":"scroll","background-type":"","background-media":"","overlay-type":"","overlay-color":"","overlay-opacity":"","overlay-gradient":""},"mobile":{"background-color":"","background-image":"","background-repeat":"repeat","background-position":"center center","background-size":"auto","background-attachment":"scroll","background-type":"","background-media":"","overlay-type":"","overlay-color":"","overlay-opacity":"","overlay-gradient":""}},"ast-content-background-meta":{"desktop":{"background-color":"var(--ast-global-color-4)","background-image":"","background-repeat":"repeat","background-position":"center center","background-size":"auto","background-attachment":"scroll","background-type":"","background-media":"","overlay-type":"","overlay-color":"","overlay-opacity":"","overlay-gradient":""},"tablet":{"background-color":"var(--ast-global-color-4)","background-image":"","background-repeat":"repeat","background-position":"center center","background-size":"auto","background-attachment":"scroll","background-type":"","background-media":"","overlay-type":"","overlay-color":"","overlay-opacity":"","overlay-gradient":""},"mobile":{"background-color":"var(--ast-global-color-4)","background-image":"","background-repeat":"repeat","background-position":"center center","background-size":"auto","background-attachment":"scroll","background-type":"","background-media":"","overlay-type":"","overlay-color":"","overlay-opacity":"","overlay-gradient":""}}},"product_brand":[],"product_cat":[9862,174,436],"product_tag":[],"class_list":{"0":"post-4997","1":"product","2":"type-product","3":"status-publish","4":"has-post-thumbnail","6":"product_cat-lietuvos-istorija","7":"product_cat-istorija-ir-politologija","8":"product_cat-teise","9":"desktop-align-left","10":"tablet-align-left","11":"mobile-align-left","13":"first","14":"outofstock","15":"shipping-taxable","16":"purchasable","17":"product-type-simple"},"acf":[],"yoast_head":"<!-- This site is optimized with the Yoast SEO plugin v27.0 - https:\/\/yoast.com\/product\/yoast-seo-wordpress\/ -->\n<title>Lietuvos Statut\u0173 (1529, 1566, 1588 m.) \u0161eimos teis\u0117<\/title>\n<meta name=\"description\" content=\"Knygos autorius Vytautas Andriulis yra Lietuvos teis\u0117s universiteto docentas, socialini\u0173 moksl\u0173 (teis\u0117s) daktaras, Teis\u0117s instituto vyr. mokslinis darbuotojas. Lietuvos statutai kaip teis\u0117s paminklas formaliai ir gana i\u0161samiai atskleid\u017eia LDK teisin\u0119 sistem\u0105, teis\u0117s mokslo lygmen\u012f ir tuo po\u017ei\u016briu vertintini bendrajame Vakar\u0173 Europos teis\u0117s raidos kontekste, nes \u010dia slypi j\u0173 i\u0161takos ir jie yra \u0161ios teisin\u0117s kult\u016bros paveldas. Monografijoje pagrindinis d\u0117mesys sutelktas \u012f Tre\u010diojo Lietuvos Statuto \u0161eimos teis\u0119, \u017ei\u016brima ir \u012f pirmuosius du ar net dar toliau \u012f praeit\u012f, siekiant atskleisti j\u0173 genez\u0119. I\u0161skirti trys aspektai: santuokos teisinis reguliavimas, t\u0117v\u0173 ir vaik\u0173 tarpusavio santykiai ir globos teisiniai pagrindai. Leidinys skirtas studijuojantiems Lietuvos teis\u0117s istorij\u0105 ir visiems besidomintiems LDK teise. Knygoje panaudota I-ojo Lietuvos Statuto (1529 m.) grafin\u0117 med\u017eiaga.\" \/>\n<meta name=\"robots\" content=\"index, follow, max-snippet:-1, max-image-preview:large, max-video-preview:-1\" \/>\n<link rel=\"canonical\" href=\"https:\/\/skaitytaknyga.lt\/en\/produktas\/lietuvos-statutu-1529-1566-1588-m-seimos-teise\/\" \/>\n<meta property=\"og:locale\" content=\"en_GB\" \/>\n<meta property=\"og:locale:alternate\" content=\"lt_LT\" \/>\n<meta property=\"og:type\" content=\"article\" \/>\n<meta property=\"og:title\" content=\"Lietuvos Statut\u0173 (1529, 1566, 1588 m.) \u0161eimos teis\u0117\" \/>\n<meta property=\"og:description\" content=\"Knygos autorius Vytautas Andriulis yra Lietuvos teis\u0117s universiteto docentas, socialini\u0173 moksl\u0173 (teis\u0117s) daktaras, Teis\u0117s instituto vyr. mokslinis darbuotojas. Lietuvos statutai kaip teis\u0117s paminklas formaliai ir gana i\u0161samiai atskleid\u017eia LDK teisin\u0119 sistem\u0105, teis\u0117s mokslo lygmen\u012f ir tuo po\u017ei\u016briu vertintini bendrajame Vakar\u0173 Europos teis\u0117s raidos kontekste, nes \u010dia slypi j\u0173 i\u0161takos ir jie yra \u0161ios teisin\u0117s kult\u016bros paveldas. Monografijoje pagrindinis d\u0117mesys sutelktas \u012f Tre\u010diojo Lietuvos Statuto \u0161eimos teis\u0119, \u017ei\u016brima ir \u012f pirmuosius du ar net dar toliau \u012f praeit\u012f, siekiant atskleisti j\u0173 genez\u0119. I\u0161skirti trys aspektai: santuokos teisinis reguliavimas, t\u0117v\u0173 ir vaik\u0173 tarpusavio santykiai ir globos teisiniai pagrindai. Leidinys skirtas studijuojantiems Lietuvos teis\u0117s istorij\u0105 ir visiems besidomintiems LDK teise. Knygoje panaudota I-ojo Lietuvos Statuto (1529 m.) grafin\u0117 med\u017eiaga.\" \/>\n<meta property=\"og:url\" content=\"https:\/\/skaitytaknyga.lt\/en\/produktas\/lietuvos-statutu-1529-1566-1588-m-seimos-teise\/\" \/>\n<meta property=\"og:site_name\" content=\"Skaitytaknyga\" \/>\n<meta property=\"article:publisher\" content=\"https:\/\/www.facebook.com\/skaitytaknyga\/\" \/>\n<meta property=\"article:modified_time\" content=\"2026-03-18T13:00:15+00:00\" \/>\n<meta property=\"og:image\" content=\"https:\/\/skaitytaknyga.lt\/wp-content\/uploads\/2024\/04\/lietuvos-statytu-1529-1566-1588-seimos-teise.jpg\" \/>\n\t<meta property=\"og:image:width\" content=\"299\" \/>\n\t<meta property=\"og:image:height\" content=\"450\" \/>\n\t<meta property=\"og:image:type\" content=\"image\/jpeg\" \/>\n<meta name=\"twitter:card\" content=\"summary_large_image\" \/>\n<meta name=\"twitter:label1\" content=\"Estimated reading time\" \/>\n\t<meta name=\"twitter:data1\" content=\"1 minute\" \/>\n<script type=\"application\/ld+json\" class=\"yoast-schema-graph\">{\"@context\":\"https:\/\/schema.org\",\"@graph\":[{\"@type\":\"WebPage\",\"@id\":\"https:\/\/skaitytaknyga.lt\/produktas\/lietuvos-statutu-1529-1566-1588-m-seimos-teise\/\",\"url\":\"https:\/\/skaitytaknyga.lt\/produktas\/lietuvos-statutu-1529-1566-1588-m-seimos-teise\/\",\"name\":\"Lietuvos Statut\u0173 (1529, 1566, 1588 m.) \u0161eimos teis\u0117\",\"isPartOf\":{\"@id\":\"https:\/\/skaitytaknyga.lt\/#website\"},\"primaryImageOfPage\":{\"@id\":\"https:\/\/skaitytaknyga.lt\/produktas\/lietuvos-statutu-1529-1566-1588-m-seimos-teise\/#primaryimage\"},\"image\":{\"@id\":\"https:\/\/skaitytaknyga.lt\/produktas\/lietuvos-statutu-1529-1566-1588-m-seimos-teise\/#primaryimage\"},\"thumbnailUrl\":\"https:\/\/skaitytaknyga.lt\/wp-content\/uploads\/2024\/04\/lietuvos-statytu-1529-1566-1588-seimos-teise.jpg\",\"datePublished\":\"2024-04-17T13:59:49+00:00\",\"dateModified\":\"2026-03-18T13:00:15+00:00\",\"description\":\"Knygos autorius Vytautas Andriulis yra Lietuvos teis\u0117s universiteto docentas, socialini\u0173 moksl\u0173 (teis\u0117s) daktaras, Teis\u0117s instituto vyr. mokslinis darbuotojas. Lietuvos statutai kaip teis\u0117s paminklas formaliai ir gana i\u0161samiai atskleid\u017eia LDK teisin\u0119 sistem\u0105, teis\u0117s mokslo lygmen\u012f ir tuo po\u017ei\u016briu vertintini bendrajame Vakar\u0173 Europos teis\u0117s raidos kontekste, nes \u010dia slypi j\u0173 i\u0161takos ir jie yra \u0161ios teisin\u0117s kult\u016bros paveldas. Monografijoje pagrindinis d\u0117mesys sutelktas \u012f Tre\u010diojo Lietuvos Statuto \u0161eimos teis\u0119, \u017ei\u016brima ir \u012f pirmuosius du ar net dar toliau \u012f praeit\u012f, siekiant atskleisti j\u0173 genez\u0119. I\u0161skirti trys aspektai: santuokos teisinis reguliavimas, t\u0117v\u0173 ir vaik\u0173 tarpusavio santykiai ir globos teisiniai pagrindai. Leidinys skirtas studijuojantiems Lietuvos teis\u0117s istorij\u0105 ir visiems besidomintiems LDK teise. Knygoje panaudota I-ojo Lietuvos Statuto (1529 m.) grafin\u0117 med\u017eiaga.\",\"breadcrumb\":{\"@id\":\"https:\/\/skaitytaknyga.lt\/produktas\/lietuvos-statutu-1529-1566-1588-m-seimos-teise\/#breadcrumb\"},\"inLanguage\":\"en-GB\",\"potentialAction\":[{\"@type\":\"ReadAction\",\"target\":[\"https:\/\/skaitytaknyga.lt\/produktas\/lietuvos-statutu-1529-1566-1588-m-seimos-teise\/\"]}]},{\"@type\":\"ImageObject\",\"inLanguage\":\"en-GB\",\"@id\":\"https:\/\/skaitytaknyga.lt\/produktas\/lietuvos-statutu-1529-1566-1588-m-seimos-teise\/#primaryimage\",\"url\":\"https:\/\/skaitytaknyga.lt\/wp-content\/uploads\/2024\/04\/lietuvos-statytu-1529-1566-1588-seimos-teise.jpg\",\"contentUrl\":\"https:\/\/skaitytaknyga.lt\/wp-content\/uploads\/2024\/04\/lietuvos-statytu-1529-1566-1588-seimos-teise.jpg\",\"width\":299,\"height\":450},{\"@type\":\"BreadcrumbList\",\"@id\":\"https:\/\/skaitytaknyga.lt\/produktas\/lietuvos-statutu-1529-1566-1588-m-seimos-teise\/#breadcrumb\",\"itemListElement\":[{\"@type\":\"ListItem\",\"position\":1,\"name\":\"Home\",\"item\":\"https:\/\/skaitytaknyga.lt\/\"},{\"@type\":\"ListItem\",\"position\":2,\"name\":\"Parduotuv\u0117\",\"item\":\"https:\/\/skaitytaknyga.lt\/knygu-parduotuve\/\"},{\"@type\":\"ListItem\",\"position\":3,\"name\":\"Lietuvos Statut\u0173 (1529, 1566, 1588 m.) \u0161eimos teis\u0117\"}]},{\"@type\":\"WebSite\",\"@id\":\"https:\/\/skaitytaknyga.lt\/#website\",\"url\":\"https:\/\/skaitytaknyga.lt\/\",\"name\":\"skaitytaknyga.lt\",\"description\":\"Skaitytaknyga.lt \u2013 tai ma\u017eas \u0161eimos verslas, kuris prasid\u0117jo nuo meil\u0117s knygoms ir siekio i\u0161gelb\u0117ti knygas nuo likimo prie konteinerio. Kas vienam nereikalingas daiktas \u2013 kitam lobis, o mes esame tarpininkai, kurie padeda abiems tapti laimingesniems ???? \u017dinome kaip nelengva i\u0161gyventi ma\u017eiems verslams, tad nuo \u0161iol, \u010dia rasite ir kit\u0173, ma\u017e\u0173 \u0161eim\u0173 versl\u0173, rank\u0173 darbo, dovan\u0173 sau ir artimiesiems.\",\"publisher\":{\"@id\":\"https:\/\/skaitytaknyga.lt\/#organization\"},\"potentialAction\":[{\"@type\":\"SearchAction\",\"target\":{\"@type\":\"EntryPoint\",\"urlTemplate\":\"https:\/\/skaitytaknyga.lt\/?s={search_term_string}\"},\"query-input\":{\"@type\":\"PropertyValueSpecification\",\"valueRequired\":true,\"valueName\":\"search_term_string\"}}],\"inLanguage\":\"en-GB\"},{\"@type\":\"Organization\",\"@id\":\"https:\/\/skaitytaknyga.lt\/#organization\",\"name\":\"skaitytaknyga.lt\",\"url\":\"https:\/\/skaitytaknyga.lt\/\",\"logo\":{\"@type\":\"ImageObject\",\"inLanguage\":\"en-GB\",\"@id\":\"https:\/\/skaitytaknyga.lt\/#\/schema\/logo\/image\/\",\"url\":\"https:\/\/skaitytaknyga.lt\/wp-content\/uploads\/2024\/05\/cropped-cropped-cropped-02_00843_jt3bggkj1j3HLc7SyY6rEUpg.jpeg\",\"contentUrl\":\"https:\/\/skaitytaknyga.lt\/wp-content\/uploads\/2024\/05\/cropped-cropped-cropped-02_00843_jt3bggkj1j3HLc7SyY6rEUpg.jpeg\",\"width\":1600,\"height\":1600,\"caption\":\"skaitytaknyga.lt\"},\"image\":{\"@id\":\"https:\/\/skaitytaknyga.lt\/#\/schema\/logo\/image\/\"},\"sameAs\":[\"https:\/\/www.facebook.com\/skaitytaknyga\/\"]}]}<\/script>\n<!-- \/ Yoast SEO plugin. -->","yoast_head_json":{"title":"Lietuvos Statut\u0173 (1529, 1566, 1588 m.) \u0161eimos teis\u0117","description":"Knygos autorius Vytautas Andriulis yra Lietuvos teis\u0117s universiteto docentas, socialini\u0173 moksl\u0173 (teis\u0117s) daktaras, Teis\u0117s instituto vyr. mokslinis darbuotojas. Lietuvos statutai kaip teis\u0117s paminklas formaliai ir gana i\u0161samiai atskleid\u017eia LDK teisin\u0119 sistem\u0105, teis\u0117s mokslo lygmen\u012f ir tuo po\u017ei\u016briu vertintini bendrajame Vakar\u0173 Europos teis\u0117s raidos kontekste, nes \u010dia slypi j\u0173 i\u0161takos ir jie yra \u0161ios teisin\u0117s kult\u016bros paveldas. Monografijoje pagrindinis d\u0117mesys sutelktas \u012f Tre\u010diojo Lietuvos Statuto \u0161eimos teis\u0119, \u017ei\u016brima ir \u012f pirmuosius du ar net dar toliau \u012f praeit\u012f, siekiant atskleisti j\u0173 genez\u0119. I\u0161skirti trys aspektai: santuokos teisinis reguliavimas, t\u0117v\u0173 ir vaik\u0173 tarpusavio santykiai ir globos teisiniai pagrindai. Leidinys skirtas studijuojantiems Lietuvos teis\u0117s istorij\u0105 ir visiems besidomintiems LDK teise. Knygoje panaudota I-ojo Lietuvos Statuto (1529 m.) grafin\u0117 med\u017eiaga.","robots":{"index":"index","follow":"follow","max-snippet":"max-snippet:-1","max-image-preview":"max-image-preview:large","max-video-preview":"max-video-preview:-1"},"canonical":"https:\/\/skaitytaknyga.lt\/en\/produktas\/lietuvos-statutu-1529-1566-1588-m-seimos-teise\/","og_locale":"en_GB","og_type":"article","og_title":"[:lt]Lietuvos Statut\u0173 (1529, 1566, 1588 m.) \u0161eimos teis\u0117[:] - Skaitytaknyga","og_description":"Knygos autorius Vytautas Andriulis yra Lietuvos teis\u0117s universiteto docentas, socialini\u0173 moksl\u0173 (teis\u0117s) daktaras, Teis\u0117s instituto vyr. mokslinis darbuotojas. Lietuvos statutai kaip teis\u0117s paminklas formaliai ir gana i\u0161samiai atskleid\u017eia LDK teisin\u0119 sistem\u0105, teis\u0117s mokslo lygmen\u012f ir tuo po\u017ei\u016briu vertintini bendrajame Vakar\u0173 Europos teis\u0117s raidos kontekste, nes \u010dia slypi j\u0173 i\u0161takos ir jie yra \u0161ios teisin\u0117s kult\u016bros paveldas. Monografijoje pagrindinis d\u0117mesys sutelktas \u012f Tre\u010diojo Lietuvos Statuto \u0161eimos teis\u0119, \u017ei\u016brima ir \u012f pirmuosius du ar net dar toliau \u012f praeit\u012f, siekiant atskleisti j\u0173 genez\u0119. I\u0161skirti trys aspektai: santuokos teisinis reguliavimas, t\u0117v\u0173 ir vaik\u0173 tarpusavio santykiai ir globos teisiniai pagrindai. Leidinys skirtas studijuojantiems Lietuvos teis\u0117s istorij\u0105 ir visiems besidomintiems LDK teise. Knygoje panaudota I-ojo Lietuvos Statuto (1529 m.) grafin\u0117 med\u017eiaga.","og_url":"https:\/\/skaitytaknyga.lt\/en\/produktas\/lietuvos-statutu-1529-1566-1588-m-seimos-teise\/","og_site_name":"Skaitytaknyga","article_publisher":"https:\/\/www.facebook.com\/skaitytaknyga\/","article_modified_time":"2026-03-18T13:00:15+00:00","og_image":[{"width":299,"height":450,"url":"https:\/\/skaitytaknyga.lt\/wp-content\/uploads\/2024\/04\/lietuvos-statytu-1529-1566-1588-seimos-teise.jpg","type":"image\/jpeg"}],"twitter_card":"summary_large_image","twitter_misc":{"Estimated reading time":"1 minute"},"schema":{"@context":"https:\/\/schema.org","@graph":[{"@type":"WebPage","@id":"https:\/\/skaitytaknyga.lt\/produktas\/lietuvos-statutu-1529-1566-1588-m-seimos-teise\/","url":"https:\/\/skaitytaknyga.lt\/produktas\/lietuvos-statutu-1529-1566-1588-m-seimos-teise\/","name":"Lietuvos Statut\u0173 (1529, 1566, 1588 m.) \u0161eimos teis\u0117","isPartOf":{"@id":"https:\/\/skaitytaknyga.lt\/#website"},"primaryImageOfPage":{"@id":"https:\/\/skaitytaknyga.lt\/produktas\/lietuvos-statutu-1529-1566-1588-m-seimos-teise\/#primaryimage"},"image":{"@id":"https:\/\/skaitytaknyga.lt\/produktas\/lietuvos-statutu-1529-1566-1588-m-seimos-teise\/#primaryimage"},"thumbnailUrl":"https:\/\/skaitytaknyga.lt\/wp-content\/uploads\/2024\/04\/lietuvos-statytu-1529-1566-1588-seimos-teise.jpg","datePublished":"2024-04-17T13:59:49+00:00","dateModified":"2026-03-18T13:00:15+00:00","description":"Knygos autorius Vytautas Andriulis yra Lietuvos teis\u0117s universiteto docentas, socialini\u0173 moksl\u0173 (teis\u0117s) daktaras, Teis\u0117s instituto vyr. mokslinis darbuotojas. Lietuvos statutai kaip teis\u0117s paminklas formaliai ir gana i\u0161samiai atskleid\u017eia LDK teisin\u0119 sistem\u0105, teis\u0117s mokslo lygmen\u012f ir tuo po\u017ei\u016briu vertintini bendrajame Vakar\u0173 Europos teis\u0117s raidos kontekste, nes \u010dia slypi j\u0173 i\u0161takos ir jie yra \u0161ios teisin\u0117s kult\u016bros paveldas. Monografijoje pagrindinis d\u0117mesys sutelktas \u012f Tre\u010diojo Lietuvos Statuto \u0161eimos teis\u0119, \u017ei\u016brima ir \u012f pirmuosius du ar net dar toliau \u012f praeit\u012f, siekiant atskleisti j\u0173 genez\u0119. I\u0161skirti trys aspektai: santuokos teisinis reguliavimas, t\u0117v\u0173 ir vaik\u0173 tarpusavio santykiai ir globos teisiniai pagrindai. Leidinys skirtas studijuojantiems Lietuvos teis\u0117s istorij\u0105 ir visiems besidomintiems LDK teise. Knygoje panaudota I-ojo Lietuvos Statuto (1529 m.) grafin\u0117 med\u017eiaga.","breadcrumb":{"@id":"https:\/\/skaitytaknyga.lt\/produktas\/lietuvos-statutu-1529-1566-1588-m-seimos-teise\/#breadcrumb"},"inLanguage":"en-GB","potentialAction":[{"@type":"ReadAction","target":["https:\/\/skaitytaknyga.lt\/produktas\/lietuvos-statutu-1529-1566-1588-m-seimos-teise\/"]}]},{"@type":"ImageObject","inLanguage":"en-GB","@id":"https:\/\/skaitytaknyga.lt\/produktas\/lietuvos-statutu-1529-1566-1588-m-seimos-teise\/#primaryimage","url":"https:\/\/skaitytaknyga.lt\/wp-content\/uploads\/2024\/04\/lietuvos-statytu-1529-1566-1588-seimos-teise.jpg","contentUrl":"https:\/\/skaitytaknyga.lt\/wp-content\/uploads\/2024\/04\/lietuvos-statytu-1529-1566-1588-seimos-teise.jpg","width":299,"height":450},{"@type":"BreadcrumbList","@id":"https:\/\/skaitytaknyga.lt\/produktas\/lietuvos-statutu-1529-1566-1588-m-seimos-teise\/#breadcrumb","itemListElement":[{"@type":"ListItem","position":1,"name":"Home","item":"https:\/\/skaitytaknyga.lt\/"},{"@type":"ListItem","position":2,"name":"Parduotuv\u0117","item":"https:\/\/skaitytaknyga.lt\/knygu-parduotuve\/"},{"@type":"ListItem","position":3,"name":"Lietuvos Statut\u0173 (1529, 1566, 1588 m.) \u0161eimos teis\u0117"}]},{"@type":"WebSite","@id":"https:\/\/skaitytaknyga.lt\/#website","url":"https:\/\/skaitytaknyga.lt\/","name":"skaitytaknyga.lt","description":"Skaitytaknyga.lt \u2013 tai ma\u017eas \u0161eimos verslas, kuris prasid\u0117jo nuo meil\u0117s knygoms ir siekio i\u0161gelb\u0117ti knygas nuo likimo prie konteinerio. Kas vienam nereikalingas daiktas \u2013 kitam lobis, o mes esame tarpininkai, kurie padeda abiems tapti laimingesniems ???? \u017dinome kaip nelengva i\u0161gyventi ma\u017eiems verslams, tad nuo \u0161iol, \u010dia rasite ir kit\u0173, ma\u017e\u0173 \u0161eim\u0173 versl\u0173, rank\u0173 darbo, dovan\u0173 sau ir artimiesiems.","publisher":{"@id":"https:\/\/skaitytaknyga.lt\/#organization"},"potentialAction":[{"@type":"SearchAction","target":{"@type":"EntryPoint","urlTemplate":"https:\/\/skaitytaknyga.lt\/?s={search_term_string}"},"query-input":{"@type":"PropertyValueSpecification","valueRequired":true,"valueName":"search_term_string"}}],"inLanguage":"en-GB"},{"@type":"Organization","@id":"https:\/\/skaitytaknyga.lt\/#organization","name":"skaitytaknyga.lt","url":"https:\/\/skaitytaknyga.lt\/","logo":{"@type":"ImageObject","inLanguage":"en-GB","@id":"https:\/\/skaitytaknyga.lt\/#\/schema\/logo\/image\/","url":"https:\/\/skaitytaknyga.lt\/wp-content\/uploads\/2024\/05\/cropped-cropped-cropped-02_00843_jt3bggkj1j3HLc7SyY6rEUpg.jpeg","contentUrl":"https:\/\/skaitytaknyga.lt\/wp-content\/uploads\/2024\/05\/cropped-cropped-cropped-02_00843_jt3bggkj1j3HLc7SyY6rEUpg.jpeg","width":1600,"height":1600,"caption":"skaitytaknyga.lt"},"image":{"@id":"https:\/\/skaitytaknyga.lt\/#\/schema\/logo\/image\/"},"sameAs":["https:\/\/www.facebook.com\/skaitytaknyga\/"]}]}},"_links":{"self":[{"href":"https:\/\/skaitytaknyga.lt\/en\/wp-json\/wp\/v2\/product\/4997","targetHints":{"allow":["GET"]}}],"collection":[{"href":"https:\/\/skaitytaknyga.lt\/en\/wp-json\/wp\/v2\/product"}],"about":[{"href":"https:\/\/skaitytaknyga.lt\/en\/wp-json\/wp\/v2\/types\/product"}],"replies":[{"embeddable":true,"href":"https:\/\/skaitytaknyga.lt\/en\/wp-json\/wp\/v2\/comments?post=4997"}],"wp:featuredmedia":[{"embeddable":true,"href":"https:\/\/skaitytaknyga.lt\/en\/wp-json\/wp\/v2\/media\/5045"}],"wp:attachment":[{"href":"https:\/\/skaitytaknyga.lt\/en\/wp-json\/wp\/v2\/media?parent=4997"}],"wp:term":[{"taxonomy":"product_brand","embeddable":true,"href":"https:\/\/skaitytaknyga.lt\/en\/wp-json\/wp\/v2\/product_brand?post=4997"},{"taxonomy":"product_cat","embeddable":true,"href":"https:\/\/skaitytaknyga.lt\/en\/wp-json\/wp\/v2\/product_cat?post=4997"},{"taxonomy":"product_tag","embeddable":true,"href":"https:\/\/skaitytaknyga.lt\/en\/wp-json\/wp\/v2\/product_tag?post=4997"}],"curies":[{"name":"wp","href":"https:\/\/api.w.org\/{rel}","templated":true}]}}