{"id":4986,"date":"2024-04-17T13:59:48","date_gmt":"2024-04-17T13:59:48","guid":{"rendered":"https:\/\/skaitytaknyga.lt\/?post_type=product&#038;p=4986"},"modified":"2026-03-05T15:50:53","modified_gmt":"2026-03-05T13:50:53","slug":"susan-ee-pasaulis-po-to-penryn-ir-laiku-pabaiga","status":"publish","type":"product","link":"https:\/\/skaitytaknyga.lt\/en\/produktas\/susan-ee-pasaulis-po-to-penryn-ir-laiku-pabaiga\/","title":{"rendered":"Susan Ee \u201ePasaulis po to. Penryn ir laik\u0173 pabaiga\u201c"},"content":{"rendered":"<p>Antrojoje serijos \u201ePenryn ir laik\u0173 pabaiga\u201c dalyje\u00a0&#8220;Pasaulis po to&#8221;\u00a0\u017emon\u0117s buriasi ir slepiasi civilizacijos griuv\u0117siuose, stengdamiesi i\u0161likti. I\u0161sigelb\u0117j\u0119 nuo angel\u0173 antpuolio, jie trok\u0161ta ker\u0161to.<\/p>\n<p>Peid\u017e\u0117 prapuola. Jos ie\u0161kodama Penryn keliauja i\u0161tu\u0161t\u0117jusiomis ir paslaptingomis San Fransisko gatv\u0117mis ir slapta viliasi sutikti Raf\u0105. Kur dingo visi gyventojai? Kod\u0117l miestas toks tu\u0161\u010dias?<\/p>\n<p>Tuo tarpu Rafas r\u016bpinasi, kaip atgauti savo sparnus, \u2013 juk be j\u0173 negali gr\u012f\u017eti \u012f angel\u0173 pasaul\u012f ir v\u0117l tapti lyderiu, arkangelu. Jis ne\u017eino, kad Penryn gyva. Ar pavyks jiems susitikti? K\u0105 jis pasirinks: sparnus ar liesut\u0119 \u017emoni\u0173 dukter\u012f?<\/p>\n<p>Jaudinantis, kupinas nuotyki\u0173 ir stulbinam\u0173 \u012fvyki\u0173 pasakojimas nepaliks abejing\u0173 skaitytoj\u0173.<\/p>\n","protected":false},"excerpt":{"rendered":"<p>Antrojoje serijos \u201ePenryn ir laik\u0173 pabaiga\u201c dalyje\u00a0&#8220;Pasaulis po to&#8221;\u00a0\u017emon\u0117s buriasi ir slepiasi civilizacijos griuv\u0117siuose, stengdamiesi i\u0161likti. I\u0161sigelb\u0117j\u0119 nuo angel\u0173 antpuolio, jie trok\u0161ta ker\u0161to.<\/p>\n<p>Peid\u017e\u0117 prapuola. Jos ie\u0161kodama Penryn keliauja i\u0161tu\u0161t\u0117jusiomis ir paslaptingomis San Fransisko gatv\u0117mis ir slapta viliasi sutikti Raf\u0105. Kur dingo visi gyventojai? Kod\u0117l miestas toks tu\u0161\u010dias?<\/p>\n<p>Tuo tarpu Rafas r\u016bpinasi, kaip atgauti savo sparnus, \u2013 juk be j\u0173 negali gr\u012f\u017eti \u012f angel\u0173 pasaul\u012f ir v\u0117l tapti lyderiu, arkangelu. Jis ne\u017eino, kad Penryn gyva. Ar pavyks jiems susitikti? K\u0105 jis pasirinks: sparnus ar liesut\u0119 \u017emoni\u0173 dukter\u012f?<\/p>\n<p>Jaudinantis, kupinas nuotyki\u0173 ir stulbinam\u0173 \u012fvyki\u0173 pasakojimas nepaliks abejing\u0173 skaitytoj\u0173.<\/p>\n","protected":false},"featured_media":5014,"comment_status":"closed","ping_status":"closed","template":"","meta":{"_acf_changed":false,"site-sidebar-layout":"default","site-content-layout":"","ast-site-content-layout":"default","site-content-style":"default","site-sidebar-style":"default","ast-global-header-display":"","ast-banner-title-visibility":"","ast-main-header-display":"","ast-hfb-above-header-display":"","ast-hfb-below-header-display":"","ast-hfb-mobile-header-display":"","site-post-title":"","ast-breadcrumbs-content":"","ast-featured-img":"","footer-sml-layout":"","ast-disable-related-posts":"","theme-transparent-header-meta":"","adv-header-id-meta":"","stick-header-meta":"","header-above-stick-meta":"","header-main-stick-meta":"","header-below-stick-meta":"","astra-migrate-meta-layouts":"default","ast-page-background-enabled":"default","ast-page-background-meta":{"desktop":{"background-color":"","background-image":"","background-repeat":"repeat","background-position":"center center","background-size":"auto","background-attachment":"scroll","background-type":"","background-media":"","overlay-type":"","overlay-color":"","overlay-opacity":"","overlay-gradient":""},"tablet":{"background-color":"","background-image":"","background-repeat":"repeat","background-position":"center center","background-size":"auto","background-attachment":"scroll","background-type":"","background-media":"","overlay-type":"","overlay-color":"","overlay-opacity":"","overlay-gradient":""},"mobile":{"background-color":"","background-image":"","background-repeat":"repeat","background-position":"center center","background-size":"auto","background-attachment":"scroll","background-type":"","background-media":"","overlay-type":"","overlay-color":"","overlay-opacity":"","overlay-gradient":""}},"ast-content-background-meta":{"desktop":{"background-color":"var(--ast-global-color-4)","background-image":"","background-repeat":"repeat","background-position":"center center","background-size":"auto","background-attachment":"scroll","background-type":"","background-media":"","overlay-type":"","overlay-color":"","overlay-opacity":"","overlay-gradient":""},"tablet":{"background-color":"var(--ast-global-color-4)","background-image":"","background-repeat":"repeat","background-position":"center center","background-size":"auto","background-attachment":"scroll","background-type":"","background-media":"","overlay-type":"","overlay-color":"","overlay-opacity":"","overlay-gradient":""},"mobile":{"background-color":"var(--ast-global-color-4)","background-image":"","background-repeat":"repeat","background-position":"center center","background-size":"auto","background-attachment":"scroll","background-type":"","background-media":"","overlay-type":"","overlay-color":"","overlay-opacity":"","overlay-gradient":""}}},"product_brand":[],"product_cat":[15],"product_tag":[],"class_list":{"0":"post-4986","1":"product","2":"type-product","3":"status-publish","4":"has-post-thumbnail","6":"product_cat-uncategorized","7":"desktop-align-left","8":"tablet-align-left","9":"mobile-align-left","11":"first","12":"outofstock","13":"shipping-taxable","14":"purchasable","15":"product-type-simple"},"acf":[],"yoast_head":"<!-- This site is optimized with the Yoast SEO plugin v27.0 - https:\/\/yoast.com\/product\/yoast-seo-wordpress\/ -->\n<title>Susan Ee \u201ePasaulis po to. Penryn ir laik\u0173 pabaiga\u201c<\/title>\n<meta name=\"description\" content=\"Antrojoje serijos \u201ePenryn ir laik\u0173 pabaiga\u201c dalyje\u00a0&quot;Pasaulis po to&quot;\u00a0\u017emon\u0117s buriasi ir slepiasi civilizacijos griuv\u0117siuose, stengdamiesi i\u0161likti. I\u0161sigelb\u0117j\u0119 nuo angel\u0173 antpuolio, jie trok\u0161ta ker\u0161to.  Peid\u017e\u0117 prapuola. Jos ie\u0161kodama Penryn keliauja i\u0161tu\u0161t\u0117jusiomis ir paslaptingomis San Fransisko gatv\u0117mis ir slapta viliasi sutikti Raf\u0105. Kur dingo visi gyventojai? Kod\u0117l miestas toks tu\u0161\u010dias?  Tuo tarpu Rafas r\u016bpinasi, kaip atgauti savo sparnus, \u2013 juk be j\u0173 negali gr\u012f\u017eti \u012f angel\u0173 pasaul\u012f ir v\u0117l tapti lyderiu, arkangelu. Jis ne\u017eino, kad Penryn gyva. Ar pavyks jiems susitikti? K\u0105 jis pasirinks: sparnus ar liesut\u0119 \u017emoni\u0173 dukter\u012f?  Jaudinantis, kupinas nuotyki\u0173 ir stulbinam\u0173 \u012fvyki\u0173 pasakojimas nepaliks abejing\u0173 skaitytoj\u0173.\" \/>\n<meta name=\"robots\" content=\"index, follow, max-snippet:-1, max-image-preview:large, max-video-preview:-1\" \/>\n<link rel=\"canonical\" href=\"https:\/\/skaitytaknyga.lt\/en\/produktas\/susan-ee-pasaulis-po-to-penryn-ir-laiku-pabaiga\/\" \/>\n<meta property=\"og:locale\" content=\"en_GB\" \/>\n<meta property=\"og:locale:alternate\" content=\"lt_LT\" \/>\n<meta property=\"og:type\" content=\"article\" \/>\n<meta property=\"og:title\" content=\"Susan Ee \u201ePasaulis po to. Penryn ir laik\u0173 pabaiga\u201c\" \/>\n<meta property=\"og:description\" content=\"Antrojoje serijos \u201ePenryn ir laik\u0173 pabaiga\u201c dalyje\u00a0&quot;Pasaulis po to&quot;\u00a0\u017emon\u0117s buriasi ir slepiasi civilizacijos griuv\u0117siuose, stengdamiesi i\u0161likti. I\u0161sigelb\u0117j\u0119 nuo angel\u0173 antpuolio, jie trok\u0161ta ker\u0161to.  Peid\u017e\u0117 prapuola. Jos ie\u0161kodama Penryn keliauja i\u0161tu\u0161t\u0117jusiomis ir paslaptingomis San Fransisko gatv\u0117mis ir slapta viliasi sutikti Raf\u0105. Kur dingo visi gyventojai? Kod\u0117l miestas toks tu\u0161\u010dias?  Tuo tarpu Rafas r\u016bpinasi, kaip atgauti savo sparnus, \u2013 juk be j\u0173 negali gr\u012f\u017eti \u012f angel\u0173 pasaul\u012f ir v\u0117l tapti lyderiu, arkangelu. Jis ne\u017eino, kad Penryn gyva. Ar pavyks jiems susitikti? K\u0105 jis pasirinks: sparnus ar liesut\u0119 \u017emoni\u0173 dukter\u012f?  Jaudinantis, kupinas nuotyki\u0173 ir stulbinam\u0173 \u012fvyki\u0173 pasakojimas nepaliks abejing\u0173 skaitytoj\u0173.\" \/>\n<meta property=\"og:url\" content=\"https:\/\/skaitytaknyga.lt\/en\/produktas\/susan-ee-pasaulis-po-to-penryn-ir-laiku-pabaiga\/\" \/>\n<meta property=\"og:site_name\" content=\"Skaitytaknyga\" \/>\n<meta property=\"article:publisher\" content=\"https:\/\/www.facebook.com\/skaitytaknyga\/\" \/>\n<meta property=\"article:modified_time\" content=\"2026-03-05T13:50:53+00:00\" \/>\n<meta property=\"og:image\" content=\"https:\/\/skaitytaknyga.lt\/wp-content\/uploads\/2024\/04\/pasaulis-po-to.jpg\" \/>\n\t<meta property=\"og:image:width\" content=\"302\" \/>\n\t<meta property=\"og:image:height\" content=\"450\" \/>\n\t<meta property=\"og:image:type\" content=\"image\/jpeg\" \/>\n<meta name=\"twitter:card\" content=\"summary_large_image\" \/>\n<meta name=\"twitter:label1\" content=\"Estimated reading time\" \/>\n\t<meta name=\"twitter:data1\" content=\"1 minute\" \/>\n<script type=\"application\/ld+json\" class=\"yoast-schema-graph\">{\"@context\":\"https:\/\/schema.org\",\"@graph\":[{\"@type\":\"WebPage\",\"@id\":\"https:\/\/skaitytaknyga.lt\/produktas\/susan-ee-pasaulis-po-to-penryn-ir-laiku-pabaiga\/\",\"url\":\"https:\/\/skaitytaknyga.lt\/produktas\/susan-ee-pasaulis-po-to-penryn-ir-laiku-pabaiga\/\",\"name\":\"Susan Ee \u201ePasaulis po to. Penryn ir laik\u0173 pabaiga\u201c\",\"isPartOf\":{\"@id\":\"https:\/\/skaitytaknyga.lt\/#website\"},\"primaryImageOfPage\":{\"@id\":\"https:\/\/skaitytaknyga.lt\/produktas\/susan-ee-pasaulis-po-to-penryn-ir-laiku-pabaiga\/#primaryimage\"},\"image\":{\"@id\":\"https:\/\/skaitytaknyga.lt\/produktas\/susan-ee-pasaulis-po-to-penryn-ir-laiku-pabaiga\/#primaryimage\"},\"thumbnailUrl\":\"https:\/\/skaitytaknyga.lt\/wp-content\/uploads\/2024\/04\/pasaulis-po-to.jpg\",\"datePublished\":\"2024-04-17T13:59:48+00:00\",\"dateModified\":\"2026-03-05T13:50:53+00:00\",\"description\":\"Antrojoje serijos \u201ePenryn ir laik\u0173 pabaiga\u201c dalyje\u00a0\\\"Pasaulis po to\\\"\u00a0\u017emon\u0117s buriasi ir slepiasi civilizacijos griuv\u0117siuose, stengdamiesi i\u0161likti. I\u0161sigelb\u0117j\u0119 nuo angel\u0173 antpuolio, jie trok\u0161ta ker\u0161to. Peid\u017e\u0117 prapuola. Jos ie\u0161kodama Penryn keliauja i\u0161tu\u0161t\u0117jusiomis ir paslaptingomis San Fransisko gatv\u0117mis ir slapta viliasi sutikti Raf\u0105. Kur dingo visi gyventojai? Kod\u0117l miestas toks tu\u0161\u010dias? Tuo tarpu Rafas r\u016bpinasi, kaip atgauti savo sparnus, \u2013 juk be j\u0173 negali gr\u012f\u017eti \u012f angel\u0173 pasaul\u012f ir v\u0117l tapti lyderiu, arkangelu. Jis ne\u017eino, kad Penryn gyva. Ar pavyks jiems susitikti? K\u0105 jis pasirinks: sparnus ar liesut\u0119 \u017emoni\u0173 dukter\u012f? Jaudinantis, kupinas nuotyki\u0173 ir stulbinam\u0173 \u012fvyki\u0173 pasakojimas nepaliks abejing\u0173 skaitytoj\u0173.\",\"breadcrumb\":{\"@id\":\"https:\/\/skaitytaknyga.lt\/produktas\/susan-ee-pasaulis-po-to-penryn-ir-laiku-pabaiga\/#breadcrumb\"},\"inLanguage\":\"en-GB\",\"potentialAction\":[{\"@type\":\"ReadAction\",\"target\":[\"https:\/\/skaitytaknyga.lt\/produktas\/susan-ee-pasaulis-po-to-penryn-ir-laiku-pabaiga\/\"]}]},{\"@type\":\"ImageObject\",\"inLanguage\":\"en-GB\",\"@id\":\"https:\/\/skaitytaknyga.lt\/produktas\/susan-ee-pasaulis-po-to-penryn-ir-laiku-pabaiga\/#primaryimage\",\"url\":\"https:\/\/skaitytaknyga.lt\/wp-content\/uploads\/2024\/04\/pasaulis-po-to.jpg\",\"contentUrl\":\"https:\/\/skaitytaknyga.lt\/wp-content\/uploads\/2024\/04\/pasaulis-po-to.jpg\",\"width\":302,\"height\":450},{\"@type\":\"BreadcrumbList\",\"@id\":\"https:\/\/skaitytaknyga.lt\/produktas\/susan-ee-pasaulis-po-to-penryn-ir-laiku-pabaiga\/#breadcrumb\",\"itemListElement\":[{\"@type\":\"ListItem\",\"position\":1,\"name\":\"Home\",\"item\":\"https:\/\/skaitytaknyga.lt\/\"},{\"@type\":\"ListItem\",\"position\":2,\"name\":\"Parduotuv\u0117\",\"item\":\"https:\/\/skaitytaknyga.lt\/knygu-parduotuve\/\"},{\"@type\":\"ListItem\",\"position\":3,\"name\":\"Susan Ee \u201ePasaulis po to. Penryn ir laik\u0173 pabaiga\u201c\"}]},{\"@type\":\"WebSite\",\"@id\":\"https:\/\/skaitytaknyga.lt\/#website\",\"url\":\"https:\/\/skaitytaknyga.lt\/\",\"name\":\"skaitytaknyga.lt\",\"description\":\"Skaitytaknyga.lt \u2013 tai ma\u017eas \u0161eimos verslas, kuris prasid\u0117jo nuo meil\u0117s knygoms ir siekio i\u0161gelb\u0117ti knygas nuo likimo prie konteinerio. Kas vienam nereikalingas daiktas \u2013 kitam lobis, o mes esame tarpininkai, kurie padeda abiems tapti laimingesniems ???? \u017dinome kaip nelengva i\u0161gyventi ma\u017eiems verslams, tad nuo \u0161iol, \u010dia rasite ir kit\u0173, ma\u017e\u0173 \u0161eim\u0173 versl\u0173, rank\u0173 darbo, dovan\u0173 sau ir artimiesiems.\",\"publisher\":{\"@id\":\"https:\/\/skaitytaknyga.lt\/#organization\"},\"potentialAction\":[{\"@type\":\"SearchAction\",\"target\":{\"@type\":\"EntryPoint\",\"urlTemplate\":\"https:\/\/skaitytaknyga.lt\/?s={search_term_string}\"},\"query-input\":{\"@type\":\"PropertyValueSpecification\",\"valueRequired\":true,\"valueName\":\"search_term_string\"}}],\"inLanguage\":\"en-GB\"},{\"@type\":\"Organization\",\"@id\":\"https:\/\/skaitytaknyga.lt\/#organization\",\"name\":\"skaitytaknyga.lt\",\"url\":\"https:\/\/skaitytaknyga.lt\/\",\"logo\":{\"@type\":\"ImageObject\",\"inLanguage\":\"en-GB\",\"@id\":\"https:\/\/skaitytaknyga.lt\/#\/schema\/logo\/image\/\",\"url\":\"https:\/\/skaitytaknyga.lt\/wp-content\/uploads\/2024\/05\/cropped-cropped-cropped-02_00843_jt3bggkj1j3HLc7SyY6rEUpg.jpeg\",\"contentUrl\":\"https:\/\/skaitytaknyga.lt\/wp-content\/uploads\/2024\/05\/cropped-cropped-cropped-02_00843_jt3bggkj1j3HLc7SyY6rEUpg.jpeg\",\"width\":1600,\"height\":1600,\"caption\":\"skaitytaknyga.lt\"},\"image\":{\"@id\":\"https:\/\/skaitytaknyga.lt\/#\/schema\/logo\/image\/\"},\"sameAs\":[\"https:\/\/www.facebook.com\/skaitytaknyga\/\"]}]}<\/script>\n<!-- \/ Yoast SEO plugin. -->","yoast_head_json":{"title":"Susan Ee \u201ePasaulis po to. Penryn ir laik\u0173 pabaiga\u201c","description":"Antrojoje serijos \u201ePenryn ir laik\u0173 pabaiga\u201c dalyje\u00a0\"Pasaulis po to\"\u00a0\u017emon\u0117s buriasi ir slepiasi civilizacijos griuv\u0117siuose, stengdamiesi i\u0161likti. I\u0161sigelb\u0117j\u0119 nuo angel\u0173 antpuolio, jie trok\u0161ta ker\u0161to.  Peid\u017e\u0117 prapuola. Jos ie\u0161kodama Penryn keliauja i\u0161tu\u0161t\u0117jusiomis ir paslaptingomis San Fransisko gatv\u0117mis ir slapta viliasi sutikti Raf\u0105. Kur dingo visi gyventojai? Kod\u0117l miestas toks tu\u0161\u010dias?  Tuo tarpu Rafas r\u016bpinasi, kaip atgauti savo sparnus, \u2013 juk be j\u0173 negali gr\u012f\u017eti \u012f angel\u0173 pasaul\u012f ir v\u0117l tapti lyderiu, arkangelu. Jis ne\u017eino, kad Penryn gyva. Ar pavyks jiems susitikti? K\u0105 jis pasirinks: sparnus ar liesut\u0119 \u017emoni\u0173 dukter\u012f?  Jaudinantis, kupinas nuotyki\u0173 ir stulbinam\u0173 \u012fvyki\u0173 pasakojimas nepaliks abejing\u0173 skaitytoj\u0173.","robots":{"index":"index","follow":"follow","max-snippet":"max-snippet:-1","max-image-preview":"max-image-preview:large","max-video-preview":"max-video-preview:-1"},"canonical":"https:\/\/skaitytaknyga.lt\/en\/produktas\/susan-ee-pasaulis-po-to-penryn-ir-laiku-pabaiga\/","og_locale":"en_GB","og_type":"article","og_title":"[:lt]Susan Ee \u201ePasaulis po to. Penryn ir laik\u0173 pabaiga\u201c[:] - Skaitytaknyga","og_description":"Antrojoje serijos \u201ePenryn ir laik\u0173 pabaiga\u201c dalyje\u00a0\"Pasaulis po to\"\u00a0\u017emon\u0117s buriasi ir slepiasi civilizacijos griuv\u0117siuose, stengdamiesi i\u0161likti. I\u0161sigelb\u0117j\u0119 nuo angel\u0173 antpuolio, jie trok\u0161ta ker\u0161to.  Peid\u017e\u0117 prapuola. Jos ie\u0161kodama Penryn keliauja i\u0161tu\u0161t\u0117jusiomis ir paslaptingomis San Fransisko gatv\u0117mis ir slapta viliasi sutikti Raf\u0105. Kur dingo visi gyventojai? Kod\u0117l miestas toks tu\u0161\u010dias?  Tuo tarpu Rafas r\u016bpinasi, kaip atgauti savo sparnus, \u2013 juk be j\u0173 negali gr\u012f\u017eti \u012f angel\u0173 pasaul\u012f ir v\u0117l tapti lyderiu, arkangelu. Jis ne\u017eino, kad Penryn gyva. Ar pavyks jiems susitikti? K\u0105 jis pasirinks: sparnus ar liesut\u0119 \u017emoni\u0173 dukter\u012f?  Jaudinantis, kupinas nuotyki\u0173 ir stulbinam\u0173 \u012fvyki\u0173 pasakojimas nepaliks abejing\u0173 skaitytoj\u0173.","og_url":"https:\/\/skaitytaknyga.lt\/en\/produktas\/susan-ee-pasaulis-po-to-penryn-ir-laiku-pabaiga\/","og_site_name":"Skaitytaknyga","article_publisher":"https:\/\/www.facebook.com\/skaitytaknyga\/","article_modified_time":"2026-03-05T13:50:53+00:00","og_image":[{"width":302,"height":450,"url":"https:\/\/skaitytaknyga.lt\/wp-content\/uploads\/2024\/04\/pasaulis-po-to.jpg","type":"image\/jpeg"}],"twitter_card":"summary_large_image","twitter_misc":{"Estimated reading time":"1 minute"},"schema":{"@context":"https:\/\/schema.org","@graph":[{"@type":"WebPage","@id":"https:\/\/skaitytaknyga.lt\/produktas\/susan-ee-pasaulis-po-to-penryn-ir-laiku-pabaiga\/","url":"https:\/\/skaitytaknyga.lt\/produktas\/susan-ee-pasaulis-po-to-penryn-ir-laiku-pabaiga\/","name":"Susan Ee \u201ePasaulis po to. Penryn ir laik\u0173 pabaiga\u201c","isPartOf":{"@id":"https:\/\/skaitytaknyga.lt\/#website"},"primaryImageOfPage":{"@id":"https:\/\/skaitytaknyga.lt\/produktas\/susan-ee-pasaulis-po-to-penryn-ir-laiku-pabaiga\/#primaryimage"},"image":{"@id":"https:\/\/skaitytaknyga.lt\/produktas\/susan-ee-pasaulis-po-to-penryn-ir-laiku-pabaiga\/#primaryimage"},"thumbnailUrl":"https:\/\/skaitytaknyga.lt\/wp-content\/uploads\/2024\/04\/pasaulis-po-to.jpg","datePublished":"2024-04-17T13:59:48+00:00","dateModified":"2026-03-05T13:50:53+00:00","description":"Antrojoje serijos \u201ePenryn ir laik\u0173 pabaiga\u201c dalyje\u00a0\"Pasaulis po to\"\u00a0\u017emon\u0117s buriasi ir slepiasi civilizacijos griuv\u0117siuose, stengdamiesi i\u0161likti. I\u0161sigelb\u0117j\u0119 nuo angel\u0173 antpuolio, jie trok\u0161ta ker\u0161to. Peid\u017e\u0117 prapuola. Jos ie\u0161kodama Penryn keliauja i\u0161tu\u0161t\u0117jusiomis ir paslaptingomis San Fransisko gatv\u0117mis ir slapta viliasi sutikti Raf\u0105. Kur dingo visi gyventojai? Kod\u0117l miestas toks tu\u0161\u010dias? Tuo tarpu Rafas r\u016bpinasi, kaip atgauti savo sparnus, \u2013 juk be j\u0173 negali gr\u012f\u017eti \u012f angel\u0173 pasaul\u012f ir v\u0117l tapti lyderiu, arkangelu. Jis ne\u017eino, kad Penryn gyva. Ar pavyks jiems susitikti? K\u0105 jis pasirinks: sparnus ar liesut\u0119 \u017emoni\u0173 dukter\u012f? Jaudinantis, kupinas nuotyki\u0173 ir stulbinam\u0173 \u012fvyki\u0173 pasakojimas nepaliks abejing\u0173 skaitytoj\u0173.","breadcrumb":{"@id":"https:\/\/skaitytaknyga.lt\/produktas\/susan-ee-pasaulis-po-to-penryn-ir-laiku-pabaiga\/#breadcrumb"},"inLanguage":"en-GB","potentialAction":[{"@type":"ReadAction","target":["https:\/\/skaitytaknyga.lt\/produktas\/susan-ee-pasaulis-po-to-penryn-ir-laiku-pabaiga\/"]}]},{"@type":"ImageObject","inLanguage":"en-GB","@id":"https:\/\/skaitytaknyga.lt\/produktas\/susan-ee-pasaulis-po-to-penryn-ir-laiku-pabaiga\/#primaryimage","url":"https:\/\/skaitytaknyga.lt\/wp-content\/uploads\/2024\/04\/pasaulis-po-to.jpg","contentUrl":"https:\/\/skaitytaknyga.lt\/wp-content\/uploads\/2024\/04\/pasaulis-po-to.jpg","width":302,"height":450},{"@type":"BreadcrumbList","@id":"https:\/\/skaitytaknyga.lt\/produktas\/susan-ee-pasaulis-po-to-penryn-ir-laiku-pabaiga\/#breadcrumb","itemListElement":[{"@type":"ListItem","position":1,"name":"Home","item":"https:\/\/skaitytaknyga.lt\/"},{"@type":"ListItem","position":2,"name":"Parduotuv\u0117","item":"https:\/\/skaitytaknyga.lt\/knygu-parduotuve\/"},{"@type":"ListItem","position":3,"name":"Susan Ee \u201ePasaulis po to. Penryn ir laik\u0173 pabaiga\u201c"}]},{"@type":"WebSite","@id":"https:\/\/skaitytaknyga.lt\/#website","url":"https:\/\/skaitytaknyga.lt\/","name":"skaitytaknyga.lt","description":"Skaitytaknyga.lt \u2013 tai ma\u017eas \u0161eimos verslas, kuris prasid\u0117jo nuo meil\u0117s knygoms ir siekio i\u0161gelb\u0117ti knygas nuo likimo prie konteinerio. Kas vienam nereikalingas daiktas \u2013 kitam lobis, o mes esame tarpininkai, kurie padeda abiems tapti laimingesniems ???? \u017dinome kaip nelengva i\u0161gyventi ma\u017eiems verslams, tad nuo \u0161iol, \u010dia rasite ir kit\u0173, ma\u017e\u0173 \u0161eim\u0173 versl\u0173, rank\u0173 darbo, dovan\u0173 sau ir artimiesiems.","publisher":{"@id":"https:\/\/skaitytaknyga.lt\/#organization"},"potentialAction":[{"@type":"SearchAction","target":{"@type":"EntryPoint","urlTemplate":"https:\/\/skaitytaknyga.lt\/?s={search_term_string}"},"query-input":{"@type":"PropertyValueSpecification","valueRequired":true,"valueName":"search_term_string"}}],"inLanguage":"en-GB"},{"@type":"Organization","@id":"https:\/\/skaitytaknyga.lt\/#organization","name":"skaitytaknyga.lt","url":"https:\/\/skaitytaknyga.lt\/","logo":{"@type":"ImageObject","inLanguage":"en-GB","@id":"https:\/\/skaitytaknyga.lt\/#\/schema\/logo\/image\/","url":"https:\/\/skaitytaknyga.lt\/wp-content\/uploads\/2024\/05\/cropped-cropped-cropped-02_00843_jt3bggkj1j3HLc7SyY6rEUpg.jpeg","contentUrl":"https:\/\/skaitytaknyga.lt\/wp-content\/uploads\/2024\/05\/cropped-cropped-cropped-02_00843_jt3bggkj1j3HLc7SyY6rEUpg.jpeg","width":1600,"height":1600,"caption":"skaitytaknyga.lt"},"image":{"@id":"https:\/\/skaitytaknyga.lt\/#\/schema\/logo\/image\/"},"sameAs":["https:\/\/www.facebook.com\/skaitytaknyga\/"]}]}},"_links":{"self":[{"href":"https:\/\/skaitytaknyga.lt\/en\/wp-json\/wp\/v2\/product\/4986","targetHints":{"allow":["GET"]}}],"collection":[{"href":"https:\/\/skaitytaknyga.lt\/en\/wp-json\/wp\/v2\/product"}],"about":[{"href":"https:\/\/skaitytaknyga.lt\/en\/wp-json\/wp\/v2\/types\/product"}],"replies":[{"embeddable":true,"href":"https:\/\/skaitytaknyga.lt\/en\/wp-json\/wp\/v2\/comments?post=4986"}],"wp:featuredmedia":[{"embeddable":true,"href":"https:\/\/skaitytaknyga.lt\/en\/wp-json\/wp\/v2\/media\/5014"}],"wp:attachment":[{"href":"https:\/\/skaitytaknyga.lt\/en\/wp-json\/wp\/v2\/media?parent=4986"}],"wp:term":[{"taxonomy":"product_brand","embeddable":true,"href":"https:\/\/skaitytaknyga.lt\/en\/wp-json\/wp\/v2\/product_brand?post=4986"},{"taxonomy":"product_cat","embeddable":true,"href":"https:\/\/skaitytaknyga.lt\/en\/wp-json\/wp\/v2\/product_cat?post=4986"},{"taxonomy":"product_tag","embeddable":true,"href":"https:\/\/skaitytaknyga.lt\/en\/wp-json\/wp\/v2\/product_tag?post=4986"}],"curies":[{"name":"wp","href":"https:\/\/api.w.org\/{rel}","templated":true}]}}