{"id":4956,"date":"2024-04-17T13:59:23","date_gmt":"2024-04-17T13:59:23","guid":{"rendered":"https:\/\/skaitytaknyga.lt\/?post_type=product&#038;p=4956"},"modified":"2026-03-18T15:00:16","modified_gmt":"2026-03-18T13:00:16","slug":"lietuvos-architekturos-istorija-1-tomas","status":"publish","type":"product","link":"https:\/\/skaitytaknyga.lt\/en\/produktas\/lietuvos-architekturos-istorija-1-tomas\/","title":{"rendered":"Lietuvos architekt\u016bros istorija (1 tomas)"},"content":{"rendered":"<p>Pirm\u0105j\u012f tom\u0105 sudaro trys pagrindiniai skyriai. Pirmajame skyriuje nagrin\u0117jama ankstyviausia statybin\u0117 \u017emogaus veikla, remiantis daugiausia archeologijos med\u017eiaga ir istoriniais ra\u0161ytiniais \u0161altiniais. Antrojoje dalyje nu\u0161vie\u010diama m\u016brin\u0117s statybos prad\u017eia, konstrukcij\u0173 ir m\u016brijimo technikos kaita. Daugiausia d\u0117mesio kreipiama \u012f seniausi\u0173 gyvenvie\u010di\u0173 planin\u0117s ir erdvin\u0117s strukt\u016bros raid\u0105, funkcinius ir estetinius bruo\u017eus. Tre\u010diajame skyriuje kalbama apie nauj\u0105 architekt\u016bros raidos etap\u0105, trukus\u012f nuo XV a. prad\u017eios iki XVII a. vidurio (gotikos ir renesanso laikotarpi\u0173 statybas). Med\u017eiaga surinkta daugiausia i\u0161 etnografin\u0117s Lietuvos teritorijos, tik palyginimui nurodomi kai kurie gretimose respublikose bei \u0161alyse esantys istorijos ir architekt\u016bros paminklai.<\/p>\n","protected":false},"excerpt":{"rendered":"<p>Pirm\u0105j\u012f tom\u0105 sudaro trys pagrindiniai skyriai. Pirmajame skyriuje nagrin\u0117jama ankstyviausia statybin\u0117 \u017emogaus veikla, remiantis daugiausia archeologijos med\u017eiaga ir istoriniais ra\u0161ytiniais \u0161altiniais. Antrojoje dalyje nu\u0161vie\u010diama m\u016brin\u0117s statybos prad\u017eia, konstrukcij\u0173 ir m\u016brijimo technikos kaita. Daugiausia d\u0117mesio kreipiama \u012f seniausi\u0173 gyvenvie\u010di\u0173 planin\u0117s ir erdvin\u0117s strukt\u016bros raid\u0105, funkcinius ir estetinius bruo\u017eus. Tre\u010diajame skyriuje kalbama apie nauj\u0105 architekt\u016bros raidos etap\u0105, trukus\u012f nuo XV a. prad\u017eios iki XVII a. vidurio (gotikos ir renesanso laikotarpi\u0173 statybas). Med\u017eiaga surinkta daugiausia i\u0161 etnografin\u0117s Lietuvos teritorijos, tik palyginimui nurodomi kai kurie gretimose respublikose bei \u0161alyse esantys istorijos ir architekt\u016bros paminklai.<\/p>\n","protected":false},"featured_media":5003,"comment_status":"closed","ping_status":"closed","template":"","meta":{"_acf_changed":false,"site-sidebar-layout":"default","site-content-layout":"","ast-site-content-layout":"default","site-content-style":"default","site-sidebar-style":"default","ast-global-header-display":"","ast-banner-title-visibility":"","ast-main-header-display":"","ast-hfb-above-header-display":"","ast-hfb-below-header-display":"","ast-hfb-mobile-header-display":"","site-post-title":"","ast-breadcrumbs-content":"","ast-featured-img":"","footer-sml-layout":"","ast-disable-related-posts":"","theme-transparent-header-meta":"","adv-header-id-meta":"","stick-header-meta":"","header-above-stick-meta":"","header-main-stick-meta":"","header-below-stick-meta":"","astra-migrate-meta-layouts":"default","ast-page-background-enabled":"default","ast-page-background-meta":{"desktop":{"background-color":"","background-image":"","background-repeat":"repeat","background-position":"center center","background-size":"auto","background-attachment":"scroll","background-type":"","background-media":"","overlay-type":"","overlay-color":"","overlay-opacity":"","overlay-gradient":""},"tablet":{"background-color":"","background-image":"","background-repeat":"repeat","background-position":"center center","background-size":"auto","background-attachment":"scroll","background-type":"","background-media":"","overlay-type":"","overlay-color":"","overlay-opacity":"","overlay-gradient":""},"mobile":{"background-color":"","background-image":"","background-repeat":"repeat","background-position":"center center","background-size":"auto","background-attachment":"scroll","background-type":"","background-media":"","overlay-type":"","overlay-color":"","overlay-opacity":"","overlay-gradient":""}},"ast-content-background-meta":{"desktop":{"background-color":"var(--ast-global-color-4)","background-image":"","background-repeat":"repeat","background-position":"center center","background-size":"auto","background-attachment":"scroll","background-type":"","background-media":"","overlay-type":"","overlay-color":"","overlay-opacity":"","overlay-gradient":""},"tablet":{"background-color":"var(--ast-global-color-4)","background-image":"","background-repeat":"repeat","background-position":"center center","background-size":"auto","background-attachment":"scroll","background-type":"","background-media":"","overlay-type":"","overlay-color":"","overlay-opacity":"","overlay-gradient":""},"mobile":{"background-color":"var(--ast-global-color-4)","background-image":"","background-repeat":"repeat","background-position":"center center","background-size":"auto","background-attachment":"scroll","background-type":"","background-media":"","overlay-type":"","overlay-color":"","overlay-opacity":"","overlay-gradient":""}}},"product_brand":[],"product_cat":[9862,174],"product_tag":[],"class_list":{"0":"post-4956","1":"product","2":"type-product","3":"status-publish","4":"has-post-thumbnail","6":"product_cat-lietuvos-istorija","7":"product_cat-istorija-ir-politologija","8":"desktop-align-left","9":"tablet-align-left","10":"mobile-align-left","12":"first","13":"instock","14":"shipping-taxable","15":"purchasable","16":"product-type-simple"},"acf":[],"yoast_head":"<!-- This site is optimized with the Yoast SEO plugin v27.0 - https:\/\/yoast.com\/product\/yoast-seo-wordpress\/ -->\n<title>Lietuvos architekt\u016bros istorija (1 tomas)<\/title>\n<meta name=\"description\" content=\"Pirm\u0105j\u012f tom\u0105 sudaro trys pagrindiniai skyriai. Pirmajame skyriuje nagrin\u0117jama ankstyviausia statybin\u0117 \u017emogaus veikla, remiantis daugiausia archeologijos med\u017eiaga ir istoriniais ra\u0161ytiniais \u0161altiniais. Antrojoje dalyje nu\u0161vie\u010diama m\u016brin\u0117s statybos prad\u017eia, konstrukcij\u0173 ir m\u016brijimo technikos kaita. Daugiausia d\u0117mesio kreipiama \u012f seniausi\u0173 gyvenvie\u010di\u0173 planin\u0117s ir erdvin\u0117s strukt\u016bros raid\u0105, funkcinius ir estetinius bruo\u017eus. Tre\u010diajame skyriuje kalbama apie nauj\u0105 architekt\u016bros raidos etap\u0105, trukus\u012f nuo XV a. prad\u017eios iki XVII a. vidurio (gotikos ir renesanso laikotarpi\u0173 statybas). Med\u017eiaga surinkta daugiausia i\u0161 etnografin\u0117s Lietuvos teritorijos, tik palyginimui nurodomi kai kurie gretimose respublikose bei \u0161alyse esantys istorijos ir architekt\u016bros paminklai.\" \/>\n<meta name=\"robots\" content=\"index, follow, max-snippet:-1, max-image-preview:large, max-video-preview:-1\" \/>\n<link rel=\"canonical\" href=\"https:\/\/skaitytaknyga.lt\/en\/produktas\/lietuvos-architekturos-istorija-1-tomas\/\" \/>\n<meta property=\"og:locale\" content=\"en_GB\" \/>\n<meta property=\"og:locale:alternate\" content=\"lt_LT\" \/>\n<meta property=\"og:type\" content=\"article\" \/>\n<meta property=\"og:title\" content=\"Lietuvos architekt\u016bros istorija (1 tomas)\" \/>\n<meta property=\"og:description\" content=\"Pirm\u0105j\u012f tom\u0105 sudaro trys pagrindiniai skyriai. Pirmajame skyriuje nagrin\u0117jama ankstyviausia statybin\u0117 \u017emogaus veikla, remiantis daugiausia archeologijos med\u017eiaga ir istoriniais ra\u0161ytiniais \u0161altiniais. Antrojoje dalyje nu\u0161vie\u010diama m\u016brin\u0117s statybos prad\u017eia, konstrukcij\u0173 ir m\u016brijimo technikos kaita. Daugiausia d\u0117mesio kreipiama \u012f seniausi\u0173 gyvenvie\u010di\u0173 planin\u0117s ir erdvin\u0117s strukt\u016bros raid\u0105, funkcinius ir estetinius bruo\u017eus. Tre\u010diajame skyriuje kalbama apie nauj\u0105 architekt\u016bros raidos etap\u0105, trukus\u012f nuo XV a. prad\u017eios iki XVII a. vidurio (gotikos ir renesanso laikotarpi\u0173 statybas). Med\u017eiaga surinkta daugiausia i\u0161 etnografin\u0117s Lietuvos teritorijos, tik palyginimui nurodomi kai kurie gretimose respublikose bei \u0161alyse esantys istorijos ir architekt\u016bros paminklai.\" \/>\n<meta property=\"og:url\" content=\"https:\/\/skaitytaknyga.lt\/en\/produktas\/lietuvos-architekturos-istorija-1-tomas\/\" \/>\n<meta property=\"og:site_name\" content=\"Skaitytaknyga\" \/>\n<meta property=\"article:publisher\" content=\"https:\/\/www.facebook.com\/skaitytaknyga\/\" \/>\n<meta property=\"article:modified_time\" content=\"2026-03-18T13:00:16+00:00\" \/>\n<meta property=\"og:image\" content=\"https:\/\/skaitytaknyga.lt\/wp-content\/uploads\/2024\/04\/152028-16093344063673058196298594407991-e1616350450496.jpg\" \/>\n\t<meta property=\"og:image:width\" content=\"514\" \/>\n\t<meta property=\"og:image:height\" content=\"740\" \/>\n\t<meta property=\"og:image:type\" content=\"image\/jpeg\" \/>\n<meta name=\"twitter:card\" content=\"summary_large_image\" \/>\n<meta name=\"twitter:label1\" content=\"Estimated reading time\" \/>\n\t<meta name=\"twitter:data1\" content=\"1 minute\" \/>\n<script type=\"application\/ld+json\" class=\"yoast-schema-graph\">{\"@context\":\"https:\/\/schema.org\",\"@graph\":[{\"@type\":\"WebPage\",\"@id\":\"https:\/\/skaitytaknyga.lt\/produktas\/lietuvos-architekturos-istorija-1-tomas\/\",\"url\":\"https:\/\/skaitytaknyga.lt\/produktas\/lietuvos-architekturos-istorija-1-tomas\/\",\"name\":\"Lietuvos architekt\u016bros istorija (1 tomas)\",\"isPartOf\":{\"@id\":\"https:\/\/skaitytaknyga.lt\/#website\"},\"primaryImageOfPage\":{\"@id\":\"https:\/\/skaitytaknyga.lt\/produktas\/lietuvos-architekturos-istorija-1-tomas\/#primaryimage\"},\"image\":{\"@id\":\"https:\/\/skaitytaknyga.lt\/produktas\/lietuvos-architekturos-istorija-1-tomas\/#primaryimage\"},\"thumbnailUrl\":\"https:\/\/skaitytaknyga.lt\/wp-content\/uploads\/2024\/04\/152028-16093344063673058196298594407991-e1616350450496.jpg\",\"datePublished\":\"2024-04-17T13:59:23+00:00\",\"dateModified\":\"2026-03-18T13:00:16+00:00\",\"description\":\"Pirm\u0105j\u012f tom\u0105 sudaro trys pagrindiniai skyriai. Pirmajame skyriuje nagrin\u0117jama ankstyviausia statybin\u0117 \u017emogaus veikla, remiantis daugiausia archeologijos med\u017eiaga ir istoriniais ra\u0161ytiniais \u0161altiniais. Antrojoje dalyje nu\u0161vie\u010diama m\u016brin\u0117s statybos prad\u017eia, konstrukcij\u0173 ir m\u016brijimo technikos kaita. Daugiausia d\u0117mesio kreipiama \u012f seniausi\u0173 gyvenvie\u010di\u0173 planin\u0117s ir erdvin\u0117s strukt\u016bros raid\u0105, funkcinius ir estetinius bruo\u017eus. Tre\u010diajame skyriuje kalbama apie nauj\u0105 architekt\u016bros raidos etap\u0105, trukus\u012f nuo XV a. prad\u017eios iki XVII a. vidurio (gotikos ir renesanso laikotarpi\u0173 statybas). Med\u017eiaga surinkta daugiausia i\u0161 etnografin\u0117s Lietuvos teritorijos, tik palyginimui nurodomi kai kurie gretimose respublikose bei \u0161alyse esantys istorijos ir architekt\u016bros paminklai.\",\"breadcrumb\":{\"@id\":\"https:\/\/skaitytaknyga.lt\/produktas\/lietuvos-architekturos-istorija-1-tomas\/#breadcrumb\"},\"inLanguage\":\"en-GB\",\"potentialAction\":[{\"@type\":\"ReadAction\",\"target\":[\"https:\/\/skaitytaknyga.lt\/produktas\/lietuvos-architekturos-istorija-1-tomas\/\"]}]},{\"@type\":\"ImageObject\",\"inLanguage\":\"en-GB\",\"@id\":\"https:\/\/skaitytaknyga.lt\/produktas\/lietuvos-architekturos-istorija-1-tomas\/#primaryimage\",\"url\":\"https:\/\/skaitytaknyga.lt\/wp-content\/uploads\/2024\/04\/152028-16093344063673058196298594407991-e1616350450496.jpg\",\"contentUrl\":\"https:\/\/skaitytaknyga.lt\/wp-content\/uploads\/2024\/04\/152028-16093344063673058196298594407991-e1616350450496.jpg\",\"width\":514,\"height\":740},{\"@type\":\"BreadcrumbList\",\"@id\":\"https:\/\/skaitytaknyga.lt\/produktas\/lietuvos-architekturos-istorija-1-tomas\/#breadcrumb\",\"itemListElement\":[{\"@type\":\"ListItem\",\"position\":1,\"name\":\"Home\",\"item\":\"https:\/\/skaitytaknyga.lt\/\"},{\"@type\":\"ListItem\",\"position\":2,\"name\":\"Parduotuv\u0117\",\"item\":\"https:\/\/skaitytaknyga.lt\/knygu-parduotuve\/\"},{\"@type\":\"ListItem\",\"position\":3,\"name\":\"Lietuvos architekt\u016bros istorija (1 tomas)\"}]},{\"@type\":\"WebSite\",\"@id\":\"https:\/\/skaitytaknyga.lt\/#website\",\"url\":\"https:\/\/skaitytaknyga.lt\/\",\"name\":\"skaitytaknyga.lt\",\"description\":\"Skaitytaknyga.lt \u2013 tai ma\u017eas \u0161eimos verslas, kuris prasid\u0117jo nuo meil\u0117s knygoms ir siekio i\u0161gelb\u0117ti knygas nuo likimo prie konteinerio. Kas vienam nereikalingas daiktas \u2013 kitam lobis, o mes esame tarpininkai, kurie padeda abiems tapti laimingesniems ???? \u017dinome kaip nelengva i\u0161gyventi ma\u017eiems verslams, tad nuo \u0161iol, \u010dia rasite ir kit\u0173, ma\u017e\u0173 \u0161eim\u0173 versl\u0173, rank\u0173 darbo, dovan\u0173 sau ir artimiesiems.\",\"publisher\":{\"@id\":\"https:\/\/skaitytaknyga.lt\/#organization\"},\"potentialAction\":[{\"@type\":\"SearchAction\",\"target\":{\"@type\":\"EntryPoint\",\"urlTemplate\":\"https:\/\/skaitytaknyga.lt\/?s={search_term_string}\"},\"query-input\":{\"@type\":\"PropertyValueSpecification\",\"valueRequired\":true,\"valueName\":\"search_term_string\"}}],\"inLanguage\":\"en-GB\"},{\"@type\":\"Organization\",\"@id\":\"https:\/\/skaitytaknyga.lt\/#organization\",\"name\":\"skaitytaknyga.lt\",\"url\":\"https:\/\/skaitytaknyga.lt\/\",\"logo\":{\"@type\":\"ImageObject\",\"inLanguage\":\"en-GB\",\"@id\":\"https:\/\/skaitytaknyga.lt\/#\/schema\/logo\/image\/\",\"url\":\"https:\/\/skaitytaknyga.lt\/wp-content\/uploads\/2024\/05\/cropped-cropped-cropped-02_00843_jt3bggkj1j3HLc7SyY6rEUpg.jpeg\",\"contentUrl\":\"https:\/\/skaitytaknyga.lt\/wp-content\/uploads\/2024\/05\/cropped-cropped-cropped-02_00843_jt3bggkj1j3HLc7SyY6rEUpg.jpeg\",\"width\":1600,\"height\":1600,\"caption\":\"skaitytaknyga.lt\"},\"image\":{\"@id\":\"https:\/\/skaitytaknyga.lt\/#\/schema\/logo\/image\/\"},\"sameAs\":[\"https:\/\/www.facebook.com\/skaitytaknyga\/\"]}]}<\/script>\n<!-- \/ Yoast SEO plugin. -->","yoast_head_json":{"title":"Lietuvos architekt\u016bros istorija (1 tomas)","description":"Pirm\u0105j\u012f tom\u0105 sudaro trys pagrindiniai skyriai. Pirmajame skyriuje nagrin\u0117jama ankstyviausia statybin\u0117 \u017emogaus veikla, remiantis daugiausia archeologijos med\u017eiaga ir istoriniais ra\u0161ytiniais \u0161altiniais. Antrojoje dalyje nu\u0161vie\u010diama m\u016brin\u0117s statybos prad\u017eia, konstrukcij\u0173 ir m\u016brijimo technikos kaita. Daugiausia d\u0117mesio kreipiama \u012f seniausi\u0173 gyvenvie\u010di\u0173 planin\u0117s ir erdvin\u0117s strukt\u016bros raid\u0105, funkcinius ir estetinius bruo\u017eus. Tre\u010diajame skyriuje kalbama apie nauj\u0105 architekt\u016bros raidos etap\u0105, trukus\u012f nuo XV a. prad\u017eios iki XVII a. vidurio (gotikos ir renesanso laikotarpi\u0173 statybas). Med\u017eiaga surinkta daugiausia i\u0161 etnografin\u0117s Lietuvos teritorijos, tik palyginimui nurodomi kai kurie gretimose respublikose bei \u0161alyse esantys istorijos ir architekt\u016bros paminklai.","robots":{"index":"index","follow":"follow","max-snippet":"max-snippet:-1","max-image-preview":"max-image-preview:large","max-video-preview":"max-video-preview:-1"},"canonical":"https:\/\/skaitytaknyga.lt\/en\/produktas\/lietuvos-architekturos-istorija-1-tomas\/","og_locale":"en_GB","og_type":"article","og_title":"[:lt]Lietuvos architekt\u016bros istorija (1 tomas)[:] - Skaitytaknyga","og_description":"Pirm\u0105j\u012f tom\u0105 sudaro trys pagrindiniai skyriai. Pirmajame skyriuje nagrin\u0117jama ankstyviausia statybin\u0117 \u017emogaus veikla, remiantis daugiausia archeologijos med\u017eiaga ir istoriniais ra\u0161ytiniais \u0161altiniais. Antrojoje dalyje nu\u0161vie\u010diama m\u016brin\u0117s statybos prad\u017eia, konstrukcij\u0173 ir m\u016brijimo technikos kaita. Daugiausia d\u0117mesio kreipiama \u012f seniausi\u0173 gyvenvie\u010di\u0173 planin\u0117s ir erdvin\u0117s strukt\u016bros raid\u0105, funkcinius ir estetinius bruo\u017eus. Tre\u010diajame skyriuje kalbama apie nauj\u0105 architekt\u016bros raidos etap\u0105, trukus\u012f nuo XV a. prad\u017eios iki XVII a. vidurio (gotikos ir renesanso laikotarpi\u0173 statybas). Med\u017eiaga surinkta daugiausia i\u0161 etnografin\u0117s Lietuvos teritorijos, tik palyginimui nurodomi kai kurie gretimose respublikose bei \u0161alyse esantys istorijos ir architekt\u016bros paminklai.","og_url":"https:\/\/skaitytaknyga.lt\/en\/produktas\/lietuvos-architekturos-istorija-1-tomas\/","og_site_name":"Skaitytaknyga","article_publisher":"https:\/\/www.facebook.com\/skaitytaknyga\/","article_modified_time":"2026-03-18T13:00:16+00:00","og_image":[{"width":514,"height":740,"url":"https:\/\/skaitytaknyga.lt\/wp-content\/uploads\/2024\/04\/152028-16093344063673058196298594407991-e1616350450496.jpg","type":"image\/jpeg"}],"twitter_card":"summary_large_image","twitter_misc":{"Estimated reading time":"1 minute"},"schema":{"@context":"https:\/\/schema.org","@graph":[{"@type":"WebPage","@id":"https:\/\/skaitytaknyga.lt\/produktas\/lietuvos-architekturos-istorija-1-tomas\/","url":"https:\/\/skaitytaknyga.lt\/produktas\/lietuvos-architekturos-istorija-1-tomas\/","name":"Lietuvos architekt\u016bros istorija (1 tomas)","isPartOf":{"@id":"https:\/\/skaitytaknyga.lt\/#website"},"primaryImageOfPage":{"@id":"https:\/\/skaitytaknyga.lt\/produktas\/lietuvos-architekturos-istorija-1-tomas\/#primaryimage"},"image":{"@id":"https:\/\/skaitytaknyga.lt\/produktas\/lietuvos-architekturos-istorija-1-tomas\/#primaryimage"},"thumbnailUrl":"https:\/\/skaitytaknyga.lt\/wp-content\/uploads\/2024\/04\/152028-16093344063673058196298594407991-e1616350450496.jpg","datePublished":"2024-04-17T13:59:23+00:00","dateModified":"2026-03-18T13:00:16+00:00","description":"Pirm\u0105j\u012f tom\u0105 sudaro trys pagrindiniai skyriai. Pirmajame skyriuje nagrin\u0117jama ankstyviausia statybin\u0117 \u017emogaus veikla, remiantis daugiausia archeologijos med\u017eiaga ir istoriniais ra\u0161ytiniais \u0161altiniais. Antrojoje dalyje nu\u0161vie\u010diama m\u016brin\u0117s statybos prad\u017eia, konstrukcij\u0173 ir m\u016brijimo technikos kaita. Daugiausia d\u0117mesio kreipiama \u012f seniausi\u0173 gyvenvie\u010di\u0173 planin\u0117s ir erdvin\u0117s strukt\u016bros raid\u0105, funkcinius ir estetinius bruo\u017eus. Tre\u010diajame skyriuje kalbama apie nauj\u0105 architekt\u016bros raidos etap\u0105, trukus\u012f nuo XV a. prad\u017eios iki XVII a. vidurio (gotikos ir renesanso laikotarpi\u0173 statybas). Med\u017eiaga surinkta daugiausia i\u0161 etnografin\u0117s Lietuvos teritorijos, tik palyginimui nurodomi kai kurie gretimose respublikose bei \u0161alyse esantys istorijos ir architekt\u016bros paminklai.","breadcrumb":{"@id":"https:\/\/skaitytaknyga.lt\/produktas\/lietuvos-architekturos-istorija-1-tomas\/#breadcrumb"},"inLanguage":"en-GB","potentialAction":[{"@type":"ReadAction","target":["https:\/\/skaitytaknyga.lt\/produktas\/lietuvos-architekturos-istorija-1-tomas\/"]}]},{"@type":"ImageObject","inLanguage":"en-GB","@id":"https:\/\/skaitytaknyga.lt\/produktas\/lietuvos-architekturos-istorija-1-tomas\/#primaryimage","url":"https:\/\/skaitytaknyga.lt\/wp-content\/uploads\/2024\/04\/152028-16093344063673058196298594407991-e1616350450496.jpg","contentUrl":"https:\/\/skaitytaknyga.lt\/wp-content\/uploads\/2024\/04\/152028-16093344063673058196298594407991-e1616350450496.jpg","width":514,"height":740},{"@type":"BreadcrumbList","@id":"https:\/\/skaitytaknyga.lt\/produktas\/lietuvos-architekturos-istorija-1-tomas\/#breadcrumb","itemListElement":[{"@type":"ListItem","position":1,"name":"Home","item":"https:\/\/skaitytaknyga.lt\/"},{"@type":"ListItem","position":2,"name":"Parduotuv\u0117","item":"https:\/\/skaitytaknyga.lt\/knygu-parduotuve\/"},{"@type":"ListItem","position":3,"name":"Lietuvos architekt\u016bros istorija (1 tomas)"}]},{"@type":"WebSite","@id":"https:\/\/skaitytaknyga.lt\/#website","url":"https:\/\/skaitytaknyga.lt\/","name":"skaitytaknyga.lt","description":"Skaitytaknyga.lt \u2013 tai ma\u017eas \u0161eimos verslas, kuris prasid\u0117jo nuo meil\u0117s knygoms ir siekio i\u0161gelb\u0117ti knygas nuo likimo prie konteinerio. Kas vienam nereikalingas daiktas \u2013 kitam lobis, o mes esame tarpininkai, kurie padeda abiems tapti laimingesniems ???? \u017dinome kaip nelengva i\u0161gyventi ma\u017eiems verslams, tad nuo \u0161iol, \u010dia rasite ir kit\u0173, ma\u017e\u0173 \u0161eim\u0173 versl\u0173, rank\u0173 darbo, dovan\u0173 sau ir artimiesiems.","publisher":{"@id":"https:\/\/skaitytaknyga.lt\/#organization"},"potentialAction":[{"@type":"SearchAction","target":{"@type":"EntryPoint","urlTemplate":"https:\/\/skaitytaknyga.lt\/?s={search_term_string}"},"query-input":{"@type":"PropertyValueSpecification","valueRequired":true,"valueName":"search_term_string"}}],"inLanguage":"en-GB"},{"@type":"Organization","@id":"https:\/\/skaitytaknyga.lt\/#organization","name":"skaitytaknyga.lt","url":"https:\/\/skaitytaknyga.lt\/","logo":{"@type":"ImageObject","inLanguage":"en-GB","@id":"https:\/\/skaitytaknyga.lt\/#\/schema\/logo\/image\/","url":"https:\/\/skaitytaknyga.lt\/wp-content\/uploads\/2024\/05\/cropped-cropped-cropped-02_00843_jt3bggkj1j3HLc7SyY6rEUpg.jpeg","contentUrl":"https:\/\/skaitytaknyga.lt\/wp-content\/uploads\/2024\/05\/cropped-cropped-cropped-02_00843_jt3bggkj1j3HLc7SyY6rEUpg.jpeg","width":1600,"height":1600,"caption":"skaitytaknyga.lt"},"image":{"@id":"https:\/\/skaitytaknyga.lt\/#\/schema\/logo\/image\/"},"sameAs":["https:\/\/www.facebook.com\/skaitytaknyga\/"]}]}},"_links":{"self":[{"href":"https:\/\/skaitytaknyga.lt\/en\/wp-json\/wp\/v2\/product\/4956","targetHints":{"allow":["GET"]}}],"collection":[{"href":"https:\/\/skaitytaknyga.lt\/en\/wp-json\/wp\/v2\/product"}],"about":[{"href":"https:\/\/skaitytaknyga.lt\/en\/wp-json\/wp\/v2\/types\/product"}],"replies":[{"embeddable":true,"href":"https:\/\/skaitytaknyga.lt\/en\/wp-json\/wp\/v2\/comments?post=4956"}],"wp:featuredmedia":[{"embeddable":true,"href":"https:\/\/skaitytaknyga.lt\/en\/wp-json\/wp\/v2\/media\/5003"}],"wp:attachment":[{"href":"https:\/\/skaitytaknyga.lt\/en\/wp-json\/wp\/v2\/media?parent=4956"}],"wp:term":[{"taxonomy":"product_brand","embeddable":true,"href":"https:\/\/skaitytaknyga.lt\/en\/wp-json\/wp\/v2\/product_brand?post=4956"},{"taxonomy":"product_cat","embeddable":true,"href":"https:\/\/skaitytaknyga.lt\/en\/wp-json\/wp\/v2\/product_cat?post=4956"},{"taxonomy":"product_tag","embeddable":true,"href":"https:\/\/skaitytaknyga.lt\/en\/wp-json\/wp\/v2\/product_tag?post=4956"}],"curies":[{"name":"wp","href":"https:\/\/api.w.org\/{rel}","templated":true}]}}