{"id":4953,"date":"2024-04-17T13:59:23","date_gmt":"2024-04-17T13:59:23","guid":{"rendered":"https:\/\/skaitytaknyga.lt\/?post_type=product&#038;p=4953"},"modified":"2024-05-03T07:27:59","modified_gmt":"2024-05-03T07:27:59","slug":"lietuviskasis-liberalizmas","status":"publish","type":"product","link":"https:\/\/skaitytaknyga.lt\/en\/produktas\/lietuviskasis-liberalizmas\/","title":{"rendered":"Lietuvi\u0161kasis liberalizmas"},"content":{"rendered":"<p>\u017dmogus yra vis\u0173 pirma b\u016btyb\u0117, apr\u016bpinta paj\u0117gumu savarankiai m\u0105styti bei veikti ir sugeb\u0117jimu skirti g\u0117r\u012f nuo blogio. Valstyb\u0117 yra tik bendruomen\u0117s \u012frankis: ji neturi imtis galios, susikertan\u010dios su pagrindin\u0117mis pilie\u010di\u0173 teis\u0117mis bei esmin\u0117mis atsakingo ir k\u016brybingo gyvenimo s\u0105lygomis&#8230; Tikra demokratija yra neatsiejama nuo politin\u0117s laisv\u0117s ir yra pagr\u012fsta s\u0105moningu, laisvu ir nusimanan\u010diu daugumos sutarimu&#8230; Kad laisvos institucijos veiksmingai reik\u0161t\u0173si, kiekvienas pilietis turi tur\u0117ti moralin\u0117s atsakomyb\u0117s jausm\u0105 prie\u0161 savo artim\u0105 ir turi veikliai dalyvauti bendruomen\u0117s reikal\u0173 tvarkyme. I\u0161 Liberal\u0173 manifesto (Oxford, 1947)<\/p>\n","protected":false},"excerpt":{"rendered":"<p>\u017dmogus yra vis\u0173 pirma b\u016btyb\u0117, apr\u016bpinta paj\u0117gumu savarankiai m\u0105styti bei veikti ir sugeb\u0117jimu skirti g\u0117r\u012f nuo blogio. Valstyb\u0117 yra tik bendruomen\u0117s \u012frankis: ji neturi imtis galios, susikertan\u010dios su pagrindin\u0117mis pilie\u010di\u0173 teis\u0117mis bei esmin\u0117mis atsakingo ir k\u016brybingo gyvenimo s\u0105lygomis&#8230; Tikra demokratija yra neatsiejama nuo politin\u0117s laisv\u0117s ir yra pagr\u012fsta s\u0105moningu, laisvu ir nusimanan\u010diu daugumos sutarimu&#8230; Kad laisvos institucijos veiksmingai reik\u0161t\u0173si, kiekvienas pilietis turi tur\u0117ti moralin\u0117s atsakomyb\u0117s jausm\u0105 prie\u0161 savo artim\u0105 ir turi veikliai dalyvauti bendruomen\u0117s reikal\u0173 tvarkyme. I\u0161 Liberal\u0173 manifesto (Oxford, 1947)<\/p>\n","protected":false},"featured_media":5000,"comment_status":"closed","ping_status":"closed","template":"","meta":{"_acf_changed":false,"site-sidebar-layout":"default","site-content-layout":"","ast-site-content-layout":"default","site-content-style":"default","site-sidebar-style":"default","ast-global-header-display":"","ast-banner-title-visibility":"","ast-main-header-display":"","ast-hfb-above-header-display":"","ast-hfb-below-header-display":"","ast-hfb-mobile-header-display":"","site-post-title":"","ast-breadcrumbs-content":"","ast-featured-img":"","footer-sml-layout":"","ast-disable-related-posts":"","theme-transparent-header-meta":"","adv-header-id-meta":"","stick-header-meta":"","header-above-stick-meta":"","header-main-stick-meta":"","header-below-stick-meta":"","astra-migrate-meta-layouts":"default","ast-page-background-enabled":"default","ast-page-background-meta":{"desktop":{"background-color":"","background-image":"","background-repeat":"repeat","background-position":"center center","background-size":"auto","background-attachment":"scroll","background-type":"","background-media":"","overlay-type":"","overlay-color":"","overlay-opacity":"","overlay-gradient":""},"tablet":{"background-color":"","background-image":"","background-repeat":"repeat","background-position":"center center","background-size":"auto","background-attachment":"scroll","background-type":"","background-media":"","overlay-type":"","overlay-color":"","overlay-opacity":"","overlay-gradient":""},"mobile":{"background-color":"","background-image":"","background-repeat":"repeat","background-position":"center center","background-size":"auto","background-attachment":"scroll","background-type":"","background-media":"","overlay-type":"","overlay-color":"","overlay-opacity":"","overlay-gradient":""}},"ast-content-background-meta":{"desktop":{"background-color":"var(--ast-global-color-4)","background-image":"","background-repeat":"repeat","background-position":"center center","background-size":"auto","background-attachment":"scroll","background-type":"","background-media":"","overlay-type":"","overlay-color":"","overlay-opacity":"","overlay-gradient":""},"tablet":{"background-color":"var(--ast-global-color-4)","background-image":"","background-repeat":"repeat","background-position":"center center","background-size":"auto","background-attachment":"scroll","background-type":"","background-media":"","overlay-type":"","overlay-color":"","overlay-opacity":"","overlay-gradient":""},"mobile":{"background-color":"var(--ast-global-color-4)","background-image":"","background-repeat":"repeat","background-position":"center center","background-size":"auto","background-attachment":"scroll","background-type":"","background-media":"","overlay-type":"","overlay-color":"","overlay-opacity":"","overlay-gradient":""}}},"product_brand":[],"product_cat":[174],"product_tag":[],"class_list":{"0":"post-4953","1":"product","2":"type-product","3":"status-publish","4":"has-post-thumbnail","6":"product_cat-istorija-ir-politologija","7":"desktop-align-left","8":"tablet-align-left","9":"mobile-align-left","11":"first","12":"instock","13":"shipping-taxable","14":"purchasable","15":"product-type-simple"},"acf":[],"yoast_head":"<!-- This site is optimized with the Yoast SEO plugin v27.0 - https:\/\/yoast.com\/product\/yoast-seo-wordpress\/ -->\n<title>Lietuvi\u0161kasis liberalizmas - Skaitytaknyga<\/title>\n<meta name=\"description\" content=\"\u017dmogus yra vis\u0173 pirma b\u016btyb\u0117, apr\u016bpinta paj\u0117gumu savarankiai m\u0105styti bei veikti ir sugeb\u0117jimu skirti g\u0117r\u012f nuo blogio. Valstyb\u0117 yra tik bendruomen\u0117s \u012frankis: ji neturi imtis galios, susikertan\u010dios su pagrindin\u0117mis pilie\u010di\u0173 teis\u0117mis bei esmin\u0117mis atsakingo ir k\u016brybingo gyvenimo s\u0105lygomis... Tikra demokratija yra neatsiejama nuo politin\u0117s laisv\u0117s ir yra pagr\u012fsta s\u0105moningu, laisvu ir nusimanan\u010diu daugumos sutarimu... Kad laisvos institucijos veiksmingai reik\u0161t\u0173si, kiekvienas pilietis turi tur\u0117ti moralin\u0117s atsakomyb\u0117s jausm\u0105 prie\u0161 savo artim\u0105 ir turi veikliai dalyvauti bendruomen\u0117s reikal\u0173 tvarkyme. I\u0161 Liberal\u0173 manifesto (Oxford, 1947)\" \/>\n<meta name=\"robots\" content=\"index, follow, max-snippet:-1, max-image-preview:large, max-video-preview:-1\" \/>\n<link rel=\"canonical\" href=\"https:\/\/skaitytaknyga.lt\/en\/produktas\/lietuviskasis-liberalizmas\/\" \/>\n<meta property=\"og:locale\" content=\"en_GB\" \/>\n<meta property=\"og:locale:alternate\" content=\"lt_LT\" \/>\n<meta property=\"og:type\" content=\"article\" \/>\n<meta property=\"og:title\" content=\"Lietuvi\u0161kasis liberalizmas - Skaitytaknyga\" \/>\n<meta property=\"og:description\" content=\"\u017dmogus yra vis\u0173 pirma b\u016btyb\u0117, apr\u016bpinta paj\u0117gumu savarankiai m\u0105styti bei veikti ir sugeb\u0117jimu skirti g\u0117r\u012f nuo blogio. Valstyb\u0117 yra tik bendruomen\u0117s \u012frankis: ji neturi imtis galios, susikertan\u010dios su pagrindin\u0117mis pilie\u010di\u0173 teis\u0117mis bei esmin\u0117mis atsakingo ir k\u016brybingo gyvenimo s\u0105lygomis... Tikra demokratija yra neatsiejama nuo politin\u0117s laisv\u0117s ir yra pagr\u012fsta s\u0105moningu, laisvu ir nusimanan\u010diu daugumos sutarimu... Kad laisvos institucijos veiksmingai reik\u0161t\u0173si, kiekvienas pilietis turi tur\u0117ti moralin\u0117s atsakomyb\u0117s jausm\u0105 prie\u0161 savo artim\u0105 ir turi veikliai dalyvauti bendruomen\u0117s reikal\u0173 tvarkyme. I\u0161 Liberal\u0173 manifesto (Oxford, 1947)\" \/>\n<meta property=\"og:url\" content=\"https:\/\/skaitytaknyga.lt\/en\/produktas\/lietuviskasis-liberalizmas\/\" \/>\n<meta property=\"og:site_name\" content=\"Skaitytaknyga\" \/>\n<meta property=\"article:publisher\" content=\"https:\/\/www.facebook.com\/skaitytaknyga\/\" \/>\n<meta property=\"article:modified_time\" content=\"2024-05-03T07:27:59+00:00\" \/>\n<meta property=\"og:image\" content=\"https:\/\/skaitytaknyga.lt\/wp-content\/uploads\/2024\/04\/lietuviskasisliberalizmas_1024x1024.jpg\" \/>\n\t<meta property=\"og:image:width\" content=\"679\" \/>\n\t<meta property=\"og:image:height\" content=\"1024\" \/>\n\t<meta property=\"og:image:type\" content=\"image\/jpeg\" \/>\n<meta name=\"twitter:card\" content=\"summary_large_image\" \/>\n<meta name=\"twitter:label1\" content=\"Estimated reading time\" \/>\n\t<meta name=\"twitter:data1\" content=\"1 minute\" \/>\n<script type=\"application\/ld+json\" class=\"yoast-schema-graph\">{\"@context\":\"https:\/\/schema.org\",\"@graph\":[{\"@type\":\"WebPage\",\"@id\":\"https:\/\/skaitytaknyga.lt\/produktas\/lietuviskasis-liberalizmas\/\",\"url\":\"https:\/\/skaitytaknyga.lt\/produktas\/lietuviskasis-liberalizmas\/\",\"name\":\"Lietuvi\u0161kasis liberalizmas - Skaitytaknyga\",\"isPartOf\":{\"@id\":\"https:\/\/skaitytaknyga.lt\/#website\"},\"primaryImageOfPage\":{\"@id\":\"https:\/\/skaitytaknyga.lt\/produktas\/lietuviskasis-liberalizmas\/#primaryimage\"},\"image\":{\"@id\":\"https:\/\/skaitytaknyga.lt\/produktas\/lietuviskasis-liberalizmas\/#primaryimage\"},\"thumbnailUrl\":\"https:\/\/skaitytaknyga.lt\/wp-content\/uploads\/2024\/04\/lietuviskasisliberalizmas_1024x1024.jpg\",\"datePublished\":\"2024-04-17T13:59:23+00:00\",\"dateModified\":\"2024-05-03T07:27:59+00:00\",\"description\":\"\u017dmogus yra vis\u0173 pirma b\u016btyb\u0117, apr\u016bpinta paj\u0117gumu savarankiai m\u0105styti bei veikti ir sugeb\u0117jimu skirti g\u0117r\u012f nuo blogio. Valstyb\u0117 yra tik bendruomen\u0117s \u012frankis: ji neturi imtis galios, susikertan\u010dios su pagrindin\u0117mis pilie\u010di\u0173 teis\u0117mis bei esmin\u0117mis atsakingo ir k\u016brybingo gyvenimo s\u0105lygomis... Tikra demokratija yra neatsiejama nuo politin\u0117s laisv\u0117s ir yra pagr\u012fsta s\u0105moningu, laisvu ir nusimanan\u010diu daugumos sutarimu... Kad laisvos institucijos veiksmingai reik\u0161t\u0173si, kiekvienas pilietis turi tur\u0117ti moralin\u0117s atsakomyb\u0117s jausm\u0105 prie\u0161 savo artim\u0105 ir turi veikliai dalyvauti bendruomen\u0117s reikal\u0173 tvarkyme. I\u0161 Liberal\u0173 manifesto (Oxford, 1947)\",\"breadcrumb\":{\"@id\":\"https:\/\/skaitytaknyga.lt\/produktas\/lietuviskasis-liberalizmas\/#breadcrumb\"},\"inLanguage\":\"en-GB\",\"potentialAction\":[{\"@type\":\"ReadAction\",\"target\":[\"https:\/\/skaitytaknyga.lt\/produktas\/lietuviskasis-liberalizmas\/\"]}]},{\"@type\":\"ImageObject\",\"inLanguage\":\"en-GB\",\"@id\":\"https:\/\/skaitytaknyga.lt\/produktas\/lietuviskasis-liberalizmas\/#primaryimage\",\"url\":\"https:\/\/skaitytaknyga.lt\/wp-content\/uploads\/2024\/04\/lietuviskasisliberalizmas_1024x1024.jpg\",\"contentUrl\":\"https:\/\/skaitytaknyga.lt\/wp-content\/uploads\/2024\/04\/lietuviskasisliberalizmas_1024x1024.jpg\",\"width\":679,\"height\":1024},{\"@type\":\"BreadcrumbList\",\"@id\":\"https:\/\/skaitytaknyga.lt\/produktas\/lietuviskasis-liberalizmas\/#breadcrumb\",\"itemListElement\":[{\"@type\":\"ListItem\",\"position\":1,\"name\":\"Home\",\"item\":\"https:\/\/skaitytaknyga.lt\/\"},{\"@type\":\"ListItem\",\"position\":2,\"name\":\"Parduotuv\u0117\",\"item\":\"https:\/\/skaitytaknyga.lt\/knygu-parduotuve\/\"},{\"@type\":\"ListItem\",\"position\":3,\"name\":\"Lietuvi\u0161kasis liberalizmas\"}]},{\"@type\":\"WebSite\",\"@id\":\"https:\/\/skaitytaknyga.lt\/#website\",\"url\":\"https:\/\/skaitytaknyga.lt\/\",\"name\":\"skaitytaknyga.lt\",\"description\":\"Skaitytaknyga.lt \u2013 tai ma\u017eas \u0161eimos verslas, kuris prasid\u0117jo nuo meil\u0117s knygoms ir siekio i\u0161gelb\u0117ti knygas nuo likimo prie konteinerio. Kas vienam nereikalingas daiktas \u2013 kitam lobis, o mes esame tarpininkai, kurie padeda abiems tapti laimingesniems ???? \u017dinome kaip nelengva i\u0161gyventi ma\u017eiems verslams, tad nuo \u0161iol, \u010dia rasite ir kit\u0173, ma\u017e\u0173 \u0161eim\u0173 versl\u0173, rank\u0173 darbo, dovan\u0173 sau ir artimiesiems.\",\"publisher\":{\"@id\":\"https:\/\/skaitytaknyga.lt\/#organization\"},\"potentialAction\":[{\"@type\":\"SearchAction\",\"target\":{\"@type\":\"EntryPoint\",\"urlTemplate\":\"https:\/\/skaitytaknyga.lt\/?s={search_term_string}\"},\"query-input\":{\"@type\":\"PropertyValueSpecification\",\"valueRequired\":true,\"valueName\":\"search_term_string\"}}],\"inLanguage\":\"en-GB\"},{\"@type\":\"Organization\",\"@id\":\"https:\/\/skaitytaknyga.lt\/#organization\",\"name\":\"skaitytaknyga.lt\",\"url\":\"https:\/\/skaitytaknyga.lt\/\",\"logo\":{\"@type\":\"ImageObject\",\"inLanguage\":\"en-GB\",\"@id\":\"https:\/\/skaitytaknyga.lt\/#\/schema\/logo\/image\/\",\"url\":\"https:\/\/skaitytaknyga.lt\/wp-content\/uploads\/2024\/05\/cropped-cropped-cropped-02_00843_jt3bggkj1j3HLc7SyY6rEUpg.jpeg\",\"contentUrl\":\"https:\/\/skaitytaknyga.lt\/wp-content\/uploads\/2024\/05\/cropped-cropped-cropped-02_00843_jt3bggkj1j3HLc7SyY6rEUpg.jpeg\",\"width\":1600,\"height\":1600,\"caption\":\"skaitytaknyga.lt\"},\"image\":{\"@id\":\"https:\/\/skaitytaknyga.lt\/#\/schema\/logo\/image\/\"},\"sameAs\":[\"https:\/\/www.facebook.com\/skaitytaknyga\/\"]}]}<\/script>\n<!-- \/ Yoast SEO plugin. -->","yoast_head_json":{"title":"Lietuvi\u0161kasis liberalizmas - Skaitytaknyga","description":"\u017dmogus yra vis\u0173 pirma b\u016btyb\u0117, apr\u016bpinta paj\u0117gumu savarankiai m\u0105styti bei veikti ir sugeb\u0117jimu skirti g\u0117r\u012f nuo blogio. Valstyb\u0117 yra tik bendruomen\u0117s \u012frankis: ji neturi imtis galios, susikertan\u010dios su pagrindin\u0117mis pilie\u010di\u0173 teis\u0117mis bei esmin\u0117mis atsakingo ir k\u016brybingo gyvenimo s\u0105lygomis... Tikra demokratija yra neatsiejama nuo politin\u0117s laisv\u0117s ir yra pagr\u012fsta s\u0105moningu, laisvu ir nusimanan\u010diu daugumos sutarimu... Kad laisvos institucijos veiksmingai reik\u0161t\u0173si, kiekvienas pilietis turi tur\u0117ti moralin\u0117s atsakomyb\u0117s jausm\u0105 prie\u0161 savo artim\u0105 ir turi veikliai dalyvauti bendruomen\u0117s reikal\u0173 tvarkyme. I\u0161 Liberal\u0173 manifesto (Oxford, 1947)","robots":{"index":"index","follow":"follow","max-snippet":"max-snippet:-1","max-image-preview":"max-image-preview:large","max-video-preview":"max-video-preview:-1"},"canonical":"https:\/\/skaitytaknyga.lt\/en\/produktas\/lietuviskasis-liberalizmas\/","og_locale":"en_GB","og_type":"article","og_title":"Lietuvi\u0161kasis liberalizmas - Skaitytaknyga","og_description":"\u017dmogus yra vis\u0173 pirma b\u016btyb\u0117, apr\u016bpinta paj\u0117gumu savarankiai m\u0105styti bei veikti ir sugeb\u0117jimu skirti g\u0117r\u012f nuo blogio. Valstyb\u0117 yra tik bendruomen\u0117s \u012frankis: ji neturi imtis galios, susikertan\u010dios su pagrindin\u0117mis pilie\u010di\u0173 teis\u0117mis bei esmin\u0117mis atsakingo ir k\u016brybingo gyvenimo s\u0105lygomis... Tikra demokratija yra neatsiejama nuo politin\u0117s laisv\u0117s ir yra pagr\u012fsta s\u0105moningu, laisvu ir nusimanan\u010diu daugumos sutarimu... Kad laisvos institucijos veiksmingai reik\u0161t\u0173si, kiekvienas pilietis turi tur\u0117ti moralin\u0117s atsakomyb\u0117s jausm\u0105 prie\u0161 savo artim\u0105 ir turi veikliai dalyvauti bendruomen\u0117s reikal\u0173 tvarkyme. I\u0161 Liberal\u0173 manifesto (Oxford, 1947)","og_url":"https:\/\/skaitytaknyga.lt\/en\/produktas\/lietuviskasis-liberalizmas\/","og_site_name":"Skaitytaknyga","article_publisher":"https:\/\/www.facebook.com\/skaitytaknyga\/","article_modified_time":"2024-05-03T07:27:59+00:00","og_image":[{"width":679,"height":1024,"url":"https:\/\/skaitytaknyga.lt\/wp-content\/uploads\/2024\/04\/lietuviskasisliberalizmas_1024x1024.jpg","type":"image\/jpeg"}],"twitter_card":"summary_large_image","twitter_misc":{"Estimated reading time":"1 minute"},"schema":{"@context":"https:\/\/schema.org","@graph":[{"@type":"WebPage","@id":"https:\/\/skaitytaknyga.lt\/produktas\/lietuviskasis-liberalizmas\/","url":"https:\/\/skaitytaknyga.lt\/produktas\/lietuviskasis-liberalizmas\/","name":"Lietuvi\u0161kasis liberalizmas - Skaitytaknyga","isPartOf":{"@id":"https:\/\/skaitytaknyga.lt\/#website"},"primaryImageOfPage":{"@id":"https:\/\/skaitytaknyga.lt\/produktas\/lietuviskasis-liberalizmas\/#primaryimage"},"image":{"@id":"https:\/\/skaitytaknyga.lt\/produktas\/lietuviskasis-liberalizmas\/#primaryimage"},"thumbnailUrl":"https:\/\/skaitytaknyga.lt\/wp-content\/uploads\/2024\/04\/lietuviskasisliberalizmas_1024x1024.jpg","datePublished":"2024-04-17T13:59:23+00:00","dateModified":"2024-05-03T07:27:59+00:00","description":"\u017dmogus yra vis\u0173 pirma b\u016btyb\u0117, apr\u016bpinta paj\u0117gumu savarankiai m\u0105styti bei veikti ir sugeb\u0117jimu skirti g\u0117r\u012f nuo blogio. Valstyb\u0117 yra tik bendruomen\u0117s \u012frankis: ji neturi imtis galios, susikertan\u010dios su pagrindin\u0117mis pilie\u010di\u0173 teis\u0117mis bei esmin\u0117mis atsakingo ir k\u016brybingo gyvenimo s\u0105lygomis... Tikra demokratija yra neatsiejama nuo politin\u0117s laisv\u0117s ir yra pagr\u012fsta s\u0105moningu, laisvu ir nusimanan\u010diu daugumos sutarimu... Kad laisvos institucijos veiksmingai reik\u0161t\u0173si, kiekvienas pilietis turi tur\u0117ti moralin\u0117s atsakomyb\u0117s jausm\u0105 prie\u0161 savo artim\u0105 ir turi veikliai dalyvauti bendruomen\u0117s reikal\u0173 tvarkyme. I\u0161 Liberal\u0173 manifesto (Oxford, 1947)","breadcrumb":{"@id":"https:\/\/skaitytaknyga.lt\/produktas\/lietuviskasis-liberalizmas\/#breadcrumb"},"inLanguage":"en-GB","potentialAction":[{"@type":"ReadAction","target":["https:\/\/skaitytaknyga.lt\/produktas\/lietuviskasis-liberalizmas\/"]}]},{"@type":"ImageObject","inLanguage":"en-GB","@id":"https:\/\/skaitytaknyga.lt\/produktas\/lietuviskasis-liberalizmas\/#primaryimage","url":"https:\/\/skaitytaknyga.lt\/wp-content\/uploads\/2024\/04\/lietuviskasisliberalizmas_1024x1024.jpg","contentUrl":"https:\/\/skaitytaknyga.lt\/wp-content\/uploads\/2024\/04\/lietuviskasisliberalizmas_1024x1024.jpg","width":679,"height":1024},{"@type":"BreadcrumbList","@id":"https:\/\/skaitytaknyga.lt\/produktas\/lietuviskasis-liberalizmas\/#breadcrumb","itemListElement":[{"@type":"ListItem","position":1,"name":"Home","item":"https:\/\/skaitytaknyga.lt\/"},{"@type":"ListItem","position":2,"name":"Parduotuv\u0117","item":"https:\/\/skaitytaknyga.lt\/knygu-parduotuve\/"},{"@type":"ListItem","position":3,"name":"Lietuvi\u0161kasis liberalizmas"}]},{"@type":"WebSite","@id":"https:\/\/skaitytaknyga.lt\/#website","url":"https:\/\/skaitytaknyga.lt\/","name":"skaitytaknyga.lt","description":"Skaitytaknyga.lt \u2013 tai ma\u017eas \u0161eimos verslas, kuris prasid\u0117jo nuo meil\u0117s knygoms ir siekio i\u0161gelb\u0117ti knygas nuo likimo prie konteinerio. Kas vienam nereikalingas daiktas \u2013 kitam lobis, o mes esame tarpininkai, kurie padeda abiems tapti laimingesniems ???? \u017dinome kaip nelengva i\u0161gyventi ma\u017eiems verslams, tad nuo \u0161iol, \u010dia rasite ir kit\u0173, ma\u017e\u0173 \u0161eim\u0173 versl\u0173, rank\u0173 darbo, dovan\u0173 sau ir artimiesiems.","publisher":{"@id":"https:\/\/skaitytaknyga.lt\/#organization"},"potentialAction":[{"@type":"SearchAction","target":{"@type":"EntryPoint","urlTemplate":"https:\/\/skaitytaknyga.lt\/?s={search_term_string}"},"query-input":{"@type":"PropertyValueSpecification","valueRequired":true,"valueName":"search_term_string"}}],"inLanguage":"en-GB"},{"@type":"Organization","@id":"https:\/\/skaitytaknyga.lt\/#organization","name":"skaitytaknyga.lt","url":"https:\/\/skaitytaknyga.lt\/","logo":{"@type":"ImageObject","inLanguage":"en-GB","@id":"https:\/\/skaitytaknyga.lt\/#\/schema\/logo\/image\/","url":"https:\/\/skaitytaknyga.lt\/wp-content\/uploads\/2024\/05\/cropped-cropped-cropped-02_00843_jt3bggkj1j3HLc7SyY6rEUpg.jpeg","contentUrl":"https:\/\/skaitytaknyga.lt\/wp-content\/uploads\/2024\/05\/cropped-cropped-cropped-02_00843_jt3bggkj1j3HLc7SyY6rEUpg.jpeg","width":1600,"height":1600,"caption":"skaitytaknyga.lt"},"image":{"@id":"https:\/\/skaitytaknyga.lt\/#\/schema\/logo\/image\/"},"sameAs":["https:\/\/www.facebook.com\/skaitytaknyga\/"]}]}},"_links":{"self":[{"href":"https:\/\/skaitytaknyga.lt\/en\/wp-json\/wp\/v2\/product\/4953","targetHints":{"allow":["GET"]}}],"collection":[{"href":"https:\/\/skaitytaknyga.lt\/en\/wp-json\/wp\/v2\/product"}],"about":[{"href":"https:\/\/skaitytaknyga.lt\/en\/wp-json\/wp\/v2\/types\/product"}],"replies":[{"embeddable":true,"href":"https:\/\/skaitytaknyga.lt\/en\/wp-json\/wp\/v2\/comments?post=4953"}],"wp:featuredmedia":[{"embeddable":true,"href":"https:\/\/skaitytaknyga.lt\/en\/wp-json\/wp\/v2\/media\/5000"}],"wp:attachment":[{"href":"https:\/\/skaitytaknyga.lt\/en\/wp-json\/wp\/v2\/media?parent=4953"}],"wp:term":[{"taxonomy":"product_brand","embeddable":true,"href":"https:\/\/skaitytaknyga.lt\/en\/wp-json\/wp\/v2\/product_brand?post=4953"},{"taxonomy":"product_cat","embeddable":true,"href":"https:\/\/skaitytaknyga.lt\/en\/wp-json\/wp\/v2\/product_cat?post=4953"},{"taxonomy":"product_tag","embeddable":true,"href":"https:\/\/skaitytaknyga.lt\/en\/wp-json\/wp\/v2\/product_tag?post=4953"}],"curies":[{"name":"wp","href":"https:\/\/api.w.org\/{rel}","templated":true}]}}