{"id":4951,"date":"2024-04-17T13:59:23","date_gmt":"2024-04-17T13:59:23","guid":{"rendered":"https:\/\/skaitytaknyga.lt\/?post_type=product&#038;p=4951"},"modified":"2026-03-18T15:00:16","modified_gmt":"2026-03-18T13:00:16","slug":"prakalbinta-praeitis","status":"publish","type":"product","link":"https:\/\/skaitytaknyga.lt\/en\/produktas\/prakalbinta-praeitis\/","title":{"rendered":"Prakalbinta praeitis"},"content":{"rendered":"<p>Tavo rankose, mielas skaitytojau, ir tavo vertinimui &#8211; v\u0117l mokini\u0173 ra\u0161iniai. Taip taip, ne akademi\u0161ki, nuobodoki, daugeliu atvej\u0173 vien juos ra\u0161iusiam autoriui suprantami tekstai, ta\u010diau \u0161ilti, nuo\u0161ird\u016bs &#8211; &#8220;tikri&#8221; jaun\u0173 \u017emoni\u0173 darbai. Tikri, nes nevengta emocijos, nepabijota dr\u0105si\u0173, kartais drasti\u0161k\u0173 vertinim\u0173; kita vertus &#8211; nesitenkinta tik knygose rastais faktais, o stengtasi pa\u017einti istorij\u0105 i\u0161 arti, pa\u017evelgti jai \u012f akis. Juose ir literat\u016briniai bandymai, ir santykio su istorija, su aplinka paie\u0161kos, vyresni\u0173j\u0173 kart\u0173 patirties vertinimai, pilietin\u0117s pozicijos kristalizacija. Visai kaip suaugusi\u0173j\u0173 skaitomose knygose. Skirtumas tik tas, kad d\u0117stomi pamatiniai dalykai &#8211; \u010dia visi\u0161kai ai\u0161ku, kas gera, o kas bloga, kas turi prasm\u0119 ir i\u0161lieka istorijoje, o kas &#8211; tik dulk\u0117 istorijos kelio. Suaugs ir \u0161ie, jaunieji, o tada supras, kad kai kurie dalykai &#8211; daug sud\u0117tingesni, nei atrod\u0117 ka\u017ekada, ra\u0161ant ra\u0161in\u012f konkursui &#8220;Lietuvos kov\u0173 u\u017e laisv\u0119, kariuomen\u0117s bei netek\u010di\u0173 istorija&#8221;. Ta\u010diau neabejokime &#8211; jie jau sugeb\u0117s atskirti ties\u0105 nuo melo, i\u0161tikimyb\u0119 nuo i\u0161davyst\u0117s, auk\u0105 nuo primityvios savi\u017eudyb\u0117s&#8230;<\/p>\n","protected":false},"excerpt":{"rendered":"<p>Tavo rankose, mielas skaitytojau, ir tavo vertinimui &#8211; v\u0117l mokini\u0173 ra\u0161iniai. Taip taip, ne akademi\u0161ki, nuobodoki, daugeliu atvej\u0173 vien juos ra\u0161iusiam autoriui suprantami tekstai, ta\u010diau \u0161ilti, nuo\u0161ird\u016bs &#8211; &#8220;tikri&#8221; jaun\u0173 \u017emoni\u0173 darbai. Tikri, nes nevengta emocijos, nepabijota dr\u0105si\u0173, kartais drasti\u0161k\u0173 vertinim\u0173; kita vertus &#8211; nesitenkinta tik knygose rastais faktais, o stengtasi pa\u017einti istorij\u0105 i\u0161 arti, pa\u017evelgti jai \u012f akis. Juose ir literat\u016briniai bandymai, ir santykio su istorija, su aplinka paie\u0161kos, vyresni\u0173j\u0173 kart\u0173 patirties vertinimai, pilietin\u0117s pozicijos kristalizacija. Visai kaip suaugusi\u0173j\u0173 skaitomose knygose. Skirtumas tik tas, kad d\u0117stomi pamatiniai dalykai &#8211; \u010dia visi\u0161kai ai\u0161ku, kas gera, o kas bloga, kas turi prasm\u0119 ir i\u0161lieka istorijoje, o kas &#8211; tik dulk\u0117 istorijos kelio. Suaugs ir \u0161ie, jaunieji, o tada supras, kad kai kurie dalykai &#8211; daug sud\u0117tingesni, nei atrod\u0117 ka\u017ekada, ra\u0161ant ra\u0161in\u012f konkursui &#8220;Lietuvos kov\u0173 u\u017e laisv\u0119, kariuomen\u0117s bei netek\u010di\u0173 istorija&#8221;. Ta\u010diau neabejokime &#8211; jie jau sugeb\u0117s atskirti ties\u0105 nuo melo, i\u0161tikimyb\u0119 nuo i\u0161davyst\u0117s, auk\u0105 nuo primityvios savi\u017eudyb\u0117s&#8230;<\/p>\n","protected":false},"featured_media":4981,"comment_status":"closed","ping_status":"closed","template":"","meta":{"_acf_changed":false,"site-sidebar-layout":"default","site-content-layout":"","ast-site-content-layout":"default","site-content-style":"default","site-sidebar-style":"default","ast-global-header-display":"","ast-banner-title-visibility":"","ast-main-header-display":"","ast-hfb-above-header-display":"","ast-hfb-below-header-display":"","ast-hfb-mobile-header-display":"","site-post-title":"","ast-breadcrumbs-content":"","ast-featured-img":"","footer-sml-layout":"","ast-disable-related-posts":"","theme-transparent-header-meta":"","adv-header-id-meta":"","stick-header-meta":"","header-above-stick-meta":"","header-main-stick-meta":"","header-below-stick-meta":"","astra-migrate-meta-layouts":"default","ast-page-background-enabled":"default","ast-page-background-meta":{"desktop":{"background-color":"","background-image":"","background-repeat":"repeat","background-position":"center center","background-size":"auto","background-attachment":"scroll","background-type":"","background-media":"","overlay-type":"","overlay-color":"","overlay-opacity":"","overlay-gradient":""},"tablet":{"background-color":"","background-image":"","background-repeat":"repeat","background-position":"center center","background-size":"auto","background-attachment":"scroll","background-type":"","background-media":"","overlay-type":"","overlay-color":"","overlay-opacity":"","overlay-gradient":""},"mobile":{"background-color":"","background-image":"","background-repeat":"repeat","background-position":"center center","background-size":"auto","background-attachment":"scroll","background-type":"","background-media":"","overlay-type":"","overlay-color":"","overlay-opacity":"","overlay-gradient":""}},"ast-content-background-meta":{"desktop":{"background-color":"var(--ast-global-color-4)","background-image":"","background-repeat":"repeat","background-position":"center center","background-size":"auto","background-attachment":"scroll","background-type":"","background-media":"","overlay-type":"","overlay-color":"","overlay-opacity":"","overlay-gradient":""},"tablet":{"background-color":"var(--ast-global-color-4)","background-image":"","background-repeat":"repeat","background-position":"center center","background-size":"auto","background-attachment":"scroll","background-type":"","background-media":"","overlay-type":"","overlay-color":"","overlay-opacity":"","overlay-gradient":""},"mobile":{"background-color":"var(--ast-global-color-4)","background-image":"","background-repeat":"repeat","background-position":"center center","background-size":"auto","background-attachment":"scroll","background-type":"","background-media":"","overlay-type":"","overlay-color":"","overlay-opacity":"","overlay-gradient":""}}},"product_brand":[],"product_cat":[9862,174],"product_tag":[],"class_list":{"0":"post-4951","1":"product","2":"type-product","3":"status-publish","4":"has-post-thumbnail","6":"product_cat-lietuvos-istorija","7":"product_cat-istorija-ir-politologija","8":"desktop-align-left","9":"tablet-align-left","10":"mobile-align-left","12":"first","13":"instock","14":"shipping-taxable","15":"purchasable","16":"product-type-simple"},"acf":[],"yoast_head":"<!-- This site is optimized with the Yoast SEO plugin v27.0 - https:\/\/yoast.com\/product\/yoast-seo-wordpress\/ -->\n<title>Prakalbinta praeitis<\/title>\n<meta name=\"description\" content=\"Tavo rankose, mielas skaitytojau, ir tavo vertinimui - v\u0117l mokini\u0173 ra\u0161iniai. Taip taip, ne akademi\u0161ki, nuobodoki, daugeliu atvej\u0173 vien juos ra\u0161iusiam autoriui suprantami tekstai, ta\u010diau \u0161ilti, nuo\u0161ird\u016bs - &quot;tikri&quot; jaun\u0173 \u017emoni\u0173 darbai. Tikri, nes nevengta emocijos, nepabijota dr\u0105si\u0173, kartais drasti\u0161k\u0173 vertinim\u0173; kita vertus - nesitenkinta tik knygose rastais faktais, o stengtasi pa\u017einti istorij\u0105 i\u0161 arti, pa\u017evelgti jai \u012f akis. Juose ir literat\u016briniai bandymai, ir santykio su istorija, su aplinka paie\u0161kos, vyresni\u0173j\u0173 kart\u0173 patirties vertinimai, pilietin\u0117s pozicijos kristalizacija. Visai kaip suaugusi\u0173j\u0173 skaitomose knygose. Skirtumas tik tas, kad d\u0117stomi pamatiniai dalykai - \u010dia visi\u0161kai ai\u0161ku, kas gera, o kas bloga, kas turi prasm\u0119 ir i\u0161lieka istorijoje, o kas - tik dulk\u0117 istorijos kelio. Suaugs ir \u0161ie, jaunieji, o tada supras, kad kai kurie dalykai - daug sud\u0117tingesni, nei atrod\u0117 ka\u017ekada, ra\u0161ant ra\u0161in\u012f konkursui &quot;Lietuvos kov\u0173 u\u017e laisv\u0119, kariuomen\u0117s bei netek\u010di\u0173 istorija&quot;. Ta\u010diau neabejokime - jie jau sugeb\u0117s atskirti ties\u0105 nuo melo, i\u0161tikimyb\u0119 nuo i\u0161davyst\u0117s, auk\u0105 nuo primityvios savi\u017eudyb\u0117s...\" \/>\n<meta name=\"robots\" content=\"index, follow, max-snippet:-1, max-image-preview:large, max-video-preview:-1\" \/>\n<link rel=\"canonical\" href=\"https:\/\/skaitytaknyga.lt\/en\/produktas\/prakalbinta-praeitis\/\" \/>\n<meta property=\"og:locale\" content=\"en_GB\" \/>\n<meta property=\"og:locale:alternate\" content=\"lt_LT\" \/>\n<meta property=\"og:type\" content=\"article\" \/>\n<meta property=\"og:title\" content=\"Prakalbinta praeitis\" \/>\n<meta property=\"og:description\" content=\"Tavo rankose, mielas skaitytojau, ir tavo vertinimui - v\u0117l mokini\u0173 ra\u0161iniai. Taip taip, ne akademi\u0161ki, nuobodoki, daugeliu atvej\u0173 vien juos ra\u0161iusiam autoriui suprantami tekstai, ta\u010diau \u0161ilti, nuo\u0161ird\u016bs - &quot;tikri&quot; jaun\u0173 \u017emoni\u0173 darbai. Tikri, nes nevengta emocijos, nepabijota dr\u0105si\u0173, kartais drasti\u0161k\u0173 vertinim\u0173; kita vertus - nesitenkinta tik knygose rastais faktais, o stengtasi pa\u017einti istorij\u0105 i\u0161 arti, pa\u017evelgti jai \u012f akis. Juose ir literat\u016briniai bandymai, ir santykio su istorija, su aplinka paie\u0161kos, vyresni\u0173j\u0173 kart\u0173 patirties vertinimai, pilietin\u0117s pozicijos kristalizacija. Visai kaip suaugusi\u0173j\u0173 skaitomose knygose. Skirtumas tik tas, kad d\u0117stomi pamatiniai dalykai - \u010dia visi\u0161kai ai\u0161ku, kas gera, o kas bloga, kas turi prasm\u0119 ir i\u0161lieka istorijoje, o kas - tik dulk\u0117 istorijos kelio. Suaugs ir \u0161ie, jaunieji, o tada supras, kad kai kurie dalykai - daug sud\u0117tingesni, nei atrod\u0117 ka\u017ekada, ra\u0161ant ra\u0161in\u012f konkursui &quot;Lietuvos kov\u0173 u\u017e laisv\u0119, kariuomen\u0117s bei netek\u010di\u0173 istorija&quot;. Ta\u010diau neabejokime - jie jau sugeb\u0117s atskirti ties\u0105 nuo melo, i\u0161tikimyb\u0119 nuo i\u0161davyst\u0117s, auk\u0105 nuo primityvios savi\u017eudyb\u0117s...\" \/>\n<meta property=\"og:url\" content=\"https:\/\/skaitytaknyga.lt\/en\/produktas\/prakalbinta-praeitis\/\" \/>\n<meta property=\"og:site_name\" content=\"Skaitytaknyga\" \/>\n<meta property=\"article:publisher\" content=\"https:\/\/www.facebook.com\/skaitytaknyga\/\" \/>\n<meta property=\"article:modified_time\" content=\"2026-03-18T13:00:16+00:00\" \/>\n<meta property=\"og:image\" content=\"https:\/\/skaitytaknyga.lt\/wp-content\/uploads\/2024\/04\/kuodyte_dalia-prakalbinta_praeitis_th1-e1616349120645.jpg\" \/>\n\t<meta property=\"og:image:width\" content=\"240\" \/>\n\t<meta property=\"og:image:height\" content=\"314\" \/>\n\t<meta property=\"og:image:type\" content=\"image\/jpeg\" \/>\n<meta name=\"twitter:card\" content=\"summary_large_image\" \/>\n<meta name=\"twitter:label1\" content=\"Estimated reading time\" \/>\n\t<meta name=\"twitter:data1\" content=\"1 minute\" \/>\n<script type=\"application\/ld+json\" class=\"yoast-schema-graph\">{\"@context\":\"https:\/\/schema.org\",\"@graph\":[{\"@type\":\"WebPage\",\"@id\":\"https:\/\/skaitytaknyga.lt\/produktas\/prakalbinta-praeitis\/\",\"url\":\"https:\/\/skaitytaknyga.lt\/produktas\/prakalbinta-praeitis\/\",\"name\":\"Prakalbinta praeitis\",\"isPartOf\":{\"@id\":\"https:\/\/skaitytaknyga.lt\/#website\"},\"primaryImageOfPage\":{\"@id\":\"https:\/\/skaitytaknyga.lt\/produktas\/prakalbinta-praeitis\/#primaryimage\"},\"image\":{\"@id\":\"https:\/\/skaitytaknyga.lt\/produktas\/prakalbinta-praeitis\/#primaryimage\"},\"thumbnailUrl\":\"https:\/\/skaitytaknyga.lt\/wp-content\/uploads\/2024\/04\/kuodyte_dalia-prakalbinta_praeitis_th1-e1616349120645.jpg\",\"datePublished\":\"2024-04-17T13:59:23+00:00\",\"dateModified\":\"2026-03-18T13:00:16+00:00\",\"description\":\"Tavo rankose, mielas skaitytojau, ir tavo vertinimui - v\u0117l mokini\u0173 ra\u0161iniai. Taip taip, ne akademi\u0161ki, nuobodoki, daugeliu atvej\u0173 vien juos ra\u0161iusiam autoriui suprantami tekstai, ta\u010diau \u0161ilti, nuo\u0161ird\u016bs - \\\"tikri\\\" jaun\u0173 \u017emoni\u0173 darbai. Tikri, nes nevengta emocijos, nepabijota dr\u0105si\u0173, kartais drasti\u0161k\u0173 vertinim\u0173; kita vertus - nesitenkinta tik knygose rastais faktais, o stengtasi pa\u017einti istorij\u0105 i\u0161 arti, pa\u017evelgti jai \u012f akis. Juose ir literat\u016briniai bandymai, ir santykio su istorija, su aplinka paie\u0161kos, vyresni\u0173j\u0173 kart\u0173 patirties vertinimai, pilietin\u0117s pozicijos kristalizacija. Visai kaip suaugusi\u0173j\u0173 skaitomose knygose. Skirtumas tik tas, kad d\u0117stomi pamatiniai dalykai - \u010dia visi\u0161kai ai\u0161ku, kas gera, o kas bloga, kas turi prasm\u0119 ir i\u0161lieka istorijoje, o kas - tik dulk\u0117 istorijos kelio. Suaugs ir \u0161ie, jaunieji, o tada supras, kad kai kurie dalykai - daug sud\u0117tingesni, nei atrod\u0117 ka\u017ekada, ra\u0161ant ra\u0161in\u012f konkursui \\\"Lietuvos kov\u0173 u\u017e laisv\u0119, kariuomen\u0117s bei netek\u010di\u0173 istorija\\\". Ta\u010diau neabejokime - jie jau sugeb\u0117s atskirti ties\u0105 nuo melo, i\u0161tikimyb\u0119 nuo i\u0161davyst\u0117s, auk\u0105 nuo primityvios savi\u017eudyb\u0117s...\",\"breadcrumb\":{\"@id\":\"https:\/\/skaitytaknyga.lt\/produktas\/prakalbinta-praeitis\/#breadcrumb\"},\"inLanguage\":\"en-GB\",\"potentialAction\":[{\"@type\":\"ReadAction\",\"target\":[\"https:\/\/skaitytaknyga.lt\/produktas\/prakalbinta-praeitis\/\"]}]},{\"@type\":\"ImageObject\",\"inLanguage\":\"en-GB\",\"@id\":\"https:\/\/skaitytaknyga.lt\/produktas\/prakalbinta-praeitis\/#primaryimage\",\"url\":\"https:\/\/skaitytaknyga.lt\/wp-content\/uploads\/2024\/04\/kuodyte_dalia-prakalbinta_praeitis_th1-e1616349120645.jpg\",\"contentUrl\":\"https:\/\/skaitytaknyga.lt\/wp-content\/uploads\/2024\/04\/kuodyte_dalia-prakalbinta_praeitis_th1-e1616349120645.jpg\",\"width\":240,\"height\":314},{\"@type\":\"BreadcrumbList\",\"@id\":\"https:\/\/skaitytaknyga.lt\/produktas\/prakalbinta-praeitis\/#breadcrumb\",\"itemListElement\":[{\"@type\":\"ListItem\",\"position\":1,\"name\":\"Home\",\"item\":\"https:\/\/skaitytaknyga.lt\/\"},{\"@type\":\"ListItem\",\"position\":2,\"name\":\"Parduotuv\u0117\",\"item\":\"https:\/\/skaitytaknyga.lt\/knygu-parduotuve\/\"},{\"@type\":\"ListItem\",\"position\":3,\"name\":\"Prakalbinta praeitis\"}]},{\"@type\":\"WebSite\",\"@id\":\"https:\/\/skaitytaknyga.lt\/#website\",\"url\":\"https:\/\/skaitytaknyga.lt\/\",\"name\":\"skaitytaknyga.lt\",\"description\":\"Skaitytaknyga.lt \u2013 tai ma\u017eas \u0161eimos verslas, kuris prasid\u0117jo nuo meil\u0117s knygoms ir siekio i\u0161gelb\u0117ti knygas nuo likimo prie konteinerio. Kas vienam nereikalingas daiktas \u2013 kitam lobis, o mes esame tarpininkai, kurie padeda abiems tapti laimingesniems ???? \u017dinome kaip nelengva i\u0161gyventi ma\u017eiems verslams, tad nuo \u0161iol, \u010dia rasite ir kit\u0173, ma\u017e\u0173 \u0161eim\u0173 versl\u0173, rank\u0173 darbo, dovan\u0173 sau ir artimiesiems.\",\"publisher\":{\"@id\":\"https:\/\/skaitytaknyga.lt\/#organization\"},\"potentialAction\":[{\"@type\":\"SearchAction\",\"target\":{\"@type\":\"EntryPoint\",\"urlTemplate\":\"https:\/\/skaitytaknyga.lt\/?s={search_term_string}\"},\"query-input\":{\"@type\":\"PropertyValueSpecification\",\"valueRequired\":true,\"valueName\":\"search_term_string\"}}],\"inLanguage\":\"en-GB\"},{\"@type\":\"Organization\",\"@id\":\"https:\/\/skaitytaknyga.lt\/#organization\",\"name\":\"skaitytaknyga.lt\",\"url\":\"https:\/\/skaitytaknyga.lt\/\",\"logo\":{\"@type\":\"ImageObject\",\"inLanguage\":\"en-GB\",\"@id\":\"https:\/\/skaitytaknyga.lt\/#\/schema\/logo\/image\/\",\"url\":\"https:\/\/skaitytaknyga.lt\/wp-content\/uploads\/2024\/05\/cropped-cropped-cropped-02_00843_jt3bggkj1j3HLc7SyY6rEUpg.jpeg\",\"contentUrl\":\"https:\/\/skaitytaknyga.lt\/wp-content\/uploads\/2024\/05\/cropped-cropped-cropped-02_00843_jt3bggkj1j3HLc7SyY6rEUpg.jpeg\",\"width\":1600,\"height\":1600,\"caption\":\"skaitytaknyga.lt\"},\"image\":{\"@id\":\"https:\/\/skaitytaknyga.lt\/#\/schema\/logo\/image\/\"},\"sameAs\":[\"https:\/\/www.facebook.com\/skaitytaknyga\/\"]}]}<\/script>\n<!-- \/ Yoast SEO plugin. -->","yoast_head_json":{"title":"Prakalbinta praeitis","description":"Tavo rankose, mielas skaitytojau, ir tavo vertinimui - v\u0117l mokini\u0173 ra\u0161iniai. Taip taip, ne akademi\u0161ki, nuobodoki, daugeliu atvej\u0173 vien juos ra\u0161iusiam autoriui suprantami tekstai, ta\u010diau \u0161ilti, nuo\u0161ird\u016bs - \"tikri\" jaun\u0173 \u017emoni\u0173 darbai. Tikri, nes nevengta emocijos, nepabijota dr\u0105si\u0173, kartais drasti\u0161k\u0173 vertinim\u0173; kita vertus - nesitenkinta tik knygose rastais faktais, o stengtasi pa\u017einti istorij\u0105 i\u0161 arti, pa\u017evelgti jai \u012f akis. Juose ir literat\u016briniai bandymai, ir santykio su istorija, su aplinka paie\u0161kos, vyresni\u0173j\u0173 kart\u0173 patirties vertinimai, pilietin\u0117s pozicijos kristalizacija. Visai kaip suaugusi\u0173j\u0173 skaitomose knygose. Skirtumas tik tas, kad d\u0117stomi pamatiniai dalykai - \u010dia visi\u0161kai ai\u0161ku, kas gera, o kas bloga, kas turi prasm\u0119 ir i\u0161lieka istorijoje, o kas - tik dulk\u0117 istorijos kelio. Suaugs ir \u0161ie, jaunieji, o tada supras, kad kai kurie dalykai - daug sud\u0117tingesni, nei atrod\u0117 ka\u017ekada, ra\u0161ant ra\u0161in\u012f konkursui \"Lietuvos kov\u0173 u\u017e laisv\u0119, kariuomen\u0117s bei netek\u010di\u0173 istorija\". Ta\u010diau neabejokime - jie jau sugeb\u0117s atskirti ties\u0105 nuo melo, i\u0161tikimyb\u0119 nuo i\u0161davyst\u0117s, auk\u0105 nuo primityvios savi\u017eudyb\u0117s...","robots":{"index":"index","follow":"follow","max-snippet":"max-snippet:-1","max-image-preview":"max-image-preview:large","max-video-preview":"max-video-preview:-1"},"canonical":"https:\/\/skaitytaknyga.lt\/en\/produktas\/prakalbinta-praeitis\/","og_locale":"en_GB","og_type":"article","og_title":"[:lt]Prakalbinta praeitis[:] - Skaitytaknyga","og_description":"Tavo rankose, mielas skaitytojau, ir tavo vertinimui - v\u0117l mokini\u0173 ra\u0161iniai. Taip taip, ne akademi\u0161ki, nuobodoki, daugeliu atvej\u0173 vien juos ra\u0161iusiam autoriui suprantami tekstai, ta\u010diau \u0161ilti, nuo\u0161ird\u016bs - \"tikri\" jaun\u0173 \u017emoni\u0173 darbai. Tikri, nes nevengta emocijos, nepabijota dr\u0105si\u0173, kartais drasti\u0161k\u0173 vertinim\u0173; kita vertus - nesitenkinta tik knygose rastais faktais, o stengtasi pa\u017einti istorij\u0105 i\u0161 arti, pa\u017evelgti jai \u012f akis. Juose ir literat\u016briniai bandymai, ir santykio su istorija, su aplinka paie\u0161kos, vyresni\u0173j\u0173 kart\u0173 patirties vertinimai, pilietin\u0117s pozicijos kristalizacija. Visai kaip suaugusi\u0173j\u0173 skaitomose knygose. Skirtumas tik tas, kad d\u0117stomi pamatiniai dalykai - \u010dia visi\u0161kai ai\u0161ku, kas gera, o kas bloga, kas turi prasm\u0119 ir i\u0161lieka istorijoje, o kas - tik dulk\u0117 istorijos kelio. Suaugs ir \u0161ie, jaunieji, o tada supras, kad kai kurie dalykai - daug sud\u0117tingesni, nei atrod\u0117 ka\u017ekada, ra\u0161ant ra\u0161in\u012f konkursui \"Lietuvos kov\u0173 u\u017e laisv\u0119, kariuomen\u0117s bei netek\u010di\u0173 istorija\". Ta\u010diau neabejokime - jie jau sugeb\u0117s atskirti ties\u0105 nuo melo, i\u0161tikimyb\u0119 nuo i\u0161davyst\u0117s, auk\u0105 nuo primityvios savi\u017eudyb\u0117s...","og_url":"https:\/\/skaitytaknyga.lt\/en\/produktas\/prakalbinta-praeitis\/","og_site_name":"Skaitytaknyga","article_publisher":"https:\/\/www.facebook.com\/skaitytaknyga\/","article_modified_time":"2026-03-18T13:00:16+00:00","og_image":[{"width":240,"height":314,"url":"https:\/\/skaitytaknyga.lt\/wp-content\/uploads\/2024\/04\/kuodyte_dalia-prakalbinta_praeitis_th1-e1616349120645.jpg","type":"image\/jpeg"}],"twitter_card":"summary_large_image","twitter_misc":{"Estimated reading time":"1 minute"},"schema":{"@context":"https:\/\/schema.org","@graph":[{"@type":"WebPage","@id":"https:\/\/skaitytaknyga.lt\/produktas\/prakalbinta-praeitis\/","url":"https:\/\/skaitytaknyga.lt\/produktas\/prakalbinta-praeitis\/","name":"Prakalbinta praeitis","isPartOf":{"@id":"https:\/\/skaitytaknyga.lt\/#website"},"primaryImageOfPage":{"@id":"https:\/\/skaitytaknyga.lt\/produktas\/prakalbinta-praeitis\/#primaryimage"},"image":{"@id":"https:\/\/skaitytaknyga.lt\/produktas\/prakalbinta-praeitis\/#primaryimage"},"thumbnailUrl":"https:\/\/skaitytaknyga.lt\/wp-content\/uploads\/2024\/04\/kuodyte_dalia-prakalbinta_praeitis_th1-e1616349120645.jpg","datePublished":"2024-04-17T13:59:23+00:00","dateModified":"2026-03-18T13:00:16+00:00","description":"Tavo rankose, mielas skaitytojau, ir tavo vertinimui - v\u0117l mokini\u0173 ra\u0161iniai. Taip taip, ne akademi\u0161ki, nuobodoki, daugeliu atvej\u0173 vien juos ra\u0161iusiam autoriui suprantami tekstai, ta\u010diau \u0161ilti, nuo\u0161ird\u016bs - \"tikri\" jaun\u0173 \u017emoni\u0173 darbai. Tikri, nes nevengta emocijos, nepabijota dr\u0105si\u0173, kartais drasti\u0161k\u0173 vertinim\u0173; kita vertus - nesitenkinta tik knygose rastais faktais, o stengtasi pa\u017einti istorij\u0105 i\u0161 arti, pa\u017evelgti jai \u012f akis. Juose ir literat\u016briniai bandymai, ir santykio su istorija, su aplinka paie\u0161kos, vyresni\u0173j\u0173 kart\u0173 patirties vertinimai, pilietin\u0117s pozicijos kristalizacija. Visai kaip suaugusi\u0173j\u0173 skaitomose knygose. Skirtumas tik tas, kad d\u0117stomi pamatiniai dalykai - \u010dia visi\u0161kai ai\u0161ku, kas gera, o kas bloga, kas turi prasm\u0119 ir i\u0161lieka istorijoje, o kas - tik dulk\u0117 istorijos kelio. Suaugs ir \u0161ie, jaunieji, o tada supras, kad kai kurie dalykai - daug sud\u0117tingesni, nei atrod\u0117 ka\u017ekada, ra\u0161ant ra\u0161in\u012f konkursui \"Lietuvos kov\u0173 u\u017e laisv\u0119, kariuomen\u0117s bei netek\u010di\u0173 istorija\". Ta\u010diau neabejokime - jie jau sugeb\u0117s atskirti ties\u0105 nuo melo, i\u0161tikimyb\u0119 nuo i\u0161davyst\u0117s, auk\u0105 nuo primityvios savi\u017eudyb\u0117s...","breadcrumb":{"@id":"https:\/\/skaitytaknyga.lt\/produktas\/prakalbinta-praeitis\/#breadcrumb"},"inLanguage":"en-GB","potentialAction":[{"@type":"ReadAction","target":["https:\/\/skaitytaknyga.lt\/produktas\/prakalbinta-praeitis\/"]}]},{"@type":"ImageObject","inLanguage":"en-GB","@id":"https:\/\/skaitytaknyga.lt\/produktas\/prakalbinta-praeitis\/#primaryimage","url":"https:\/\/skaitytaknyga.lt\/wp-content\/uploads\/2024\/04\/kuodyte_dalia-prakalbinta_praeitis_th1-e1616349120645.jpg","contentUrl":"https:\/\/skaitytaknyga.lt\/wp-content\/uploads\/2024\/04\/kuodyte_dalia-prakalbinta_praeitis_th1-e1616349120645.jpg","width":240,"height":314},{"@type":"BreadcrumbList","@id":"https:\/\/skaitytaknyga.lt\/produktas\/prakalbinta-praeitis\/#breadcrumb","itemListElement":[{"@type":"ListItem","position":1,"name":"Home","item":"https:\/\/skaitytaknyga.lt\/"},{"@type":"ListItem","position":2,"name":"Parduotuv\u0117","item":"https:\/\/skaitytaknyga.lt\/knygu-parduotuve\/"},{"@type":"ListItem","position":3,"name":"Prakalbinta praeitis"}]},{"@type":"WebSite","@id":"https:\/\/skaitytaknyga.lt\/#website","url":"https:\/\/skaitytaknyga.lt\/","name":"skaitytaknyga.lt","description":"Skaitytaknyga.lt \u2013 tai ma\u017eas \u0161eimos verslas, kuris prasid\u0117jo nuo meil\u0117s knygoms ir siekio i\u0161gelb\u0117ti knygas nuo likimo prie konteinerio. Kas vienam nereikalingas daiktas \u2013 kitam lobis, o mes esame tarpininkai, kurie padeda abiems tapti laimingesniems ???? \u017dinome kaip nelengva i\u0161gyventi ma\u017eiems verslams, tad nuo \u0161iol, \u010dia rasite ir kit\u0173, ma\u017e\u0173 \u0161eim\u0173 versl\u0173, rank\u0173 darbo, dovan\u0173 sau ir artimiesiems.","publisher":{"@id":"https:\/\/skaitytaknyga.lt\/#organization"},"potentialAction":[{"@type":"SearchAction","target":{"@type":"EntryPoint","urlTemplate":"https:\/\/skaitytaknyga.lt\/?s={search_term_string}"},"query-input":{"@type":"PropertyValueSpecification","valueRequired":true,"valueName":"search_term_string"}}],"inLanguage":"en-GB"},{"@type":"Organization","@id":"https:\/\/skaitytaknyga.lt\/#organization","name":"skaitytaknyga.lt","url":"https:\/\/skaitytaknyga.lt\/","logo":{"@type":"ImageObject","inLanguage":"en-GB","@id":"https:\/\/skaitytaknyga.lt\/#\/schema\/logo\/image\/","url":"https:\/\/skaitytaknyga.lt\/wp-content\/uploads\/2024\/05\/cropped-cropped-cropped-02_00843_jt3bggkj1j3HLc7SyY6rEUpg.jpeg","contentUrl":"https:\/\/skaitytaknyga.lt\/wp-content\/uploads\/2024\/05\/cropped-cropped-cropped-02_00843_jt3bggkj1j3HLc7SyY6rEUpg.jpeg","width":1600,"height":1600,"caption":"skaitytaknyga.lt"},"image":{"@id":"https:\/\/skaitytaknyga.lt\/#\/schema\/logo\/image\/"},"sameAs":["https:\/\/www.facebook.com\/skaitytaknyga\/"]}]}},"_links":{"self":[{"href":"https:\/\/skaitytaknyga.lt\/en\/wp-json\/wp\/v2\/product\/4951","targetHints":{"allow":["GET"]}}],"collection":[{"href":"https:\/\/skaitytaknyga.lt\/en\/wp-json\/wp\/v2\/product"}],"about":[{"href":"https:\/\/skaitytaknyga.lt\/en\/wp-json\/wp\/v2\/types\/product"}],"replies":[{"embeddable":true,"href":"https:\/\/skaitytaknyga.lt\/en\/wp-json\/wp\/v2\/comments?post=4951"}],"wp:featuredmedia":[{"embeddable":true,"href":"https:\/\/skaitytaknyga.lt\/en\/wp-json\/wp\/v2\/media\/4981"}],"wp:attachment":[{"href":"https:\/\/skaitytaknyga.lt\/en\/wp-json\/wp\/v2\/media?parent=4951"}],"wp:term":[{"taxonomy":"product_brand","embeddable":true,"href":"https:\/\/skaitytaknyga.lt\/en\/wp-json\/wp\/v2\/product_brand?post=4951"},{"taxonomy":"product_cat","embeddable":true,"href":"https:\/\/skaitytaknyga.lt\/en\/wp-json\/wp\/v2\/product_cat?post=4951"},{"taxonomy":"product_tag","embeddable":true,"href":"https:\/\/skaitytaknyga.lt\/en\/wp-json\/wp\/v2\/product_tag?post=4951"}],"curies":[{"name":"wp","href":"https:\/\/api.w.org\/{rel}","templated":true}]}}