{"id":4873,"date":"2024-04-17T13:56:10","date_gmt":"2024-04-17T13:56:10","guid":{"rendered":"https:\/\/skaitytaknyga.lt\/?post_type=product&#038;p=4873"},"modified":"2024-05-03T07:27:33","modified_gmt":"2024-05-03T07:27:33","slug":"t-dreizeris-amerikoniskoji-tragedija-1-tomas-1937-m","status":"publish","type":"product","link":"https:\/\/skaitytaknyga.lt\/en\/produktas\/t-dreizeris-amerikoniskoji-tragedija-1-tomas-1937-m\/","title":{"rendered":"T. Dreizeris \u201eAmerikoni\u0161koji tragedija\u201c (1 tomas) 1937 m"},"content":{"rendered":"<p>Teodoro Draizerio romane \u201eAmerikoni\u0161koji tragedija\u201c realisti\u0161kai vaizduojama \u017emog\u017eudyst\u0117s istorija, parodomas atskiro nusikaltimo ry\u0161ys su socialine, moraline, psichologine atmosfera.<\/p>\n<p>Draizeris da\u017enai naudoja monolog\u0105, kuris puikiai atskleid\u017eia Klaido Grifitso vidines nuotaikas, jausmus, pergyvenimus.<\/p>\n","protected":false},"excerpt":{"rendered":"<p>Teodoro Draizerio romane \u201eAmerikoni\u0161koji tragedija\u201c realisti\u0161kai vaizduojama \u017emog\u017eudyst\u0117s istorija, parodomas atskiro nusikaltimo ry\u0161ys su socialine, moraline, psichologine atmosfera.<\/p>\n<p>Draizeris da\u017enai naudoja monolog\u0105, kuris puikiai atskleid\u017eia Klaido Grifitso vidines nuotaikas, jausmus, pergyvenimus.<\/p>\n","protected":false},"featured_media":4929,"comment_status":"closed","ping_status":"closed","template":"","meta":{"_acf_changed":false,"site-sidebar-layout":"default","site-content-layout":"","ast-site-content-layout":"default","site-content-style":"default","site-sidebar-style":"default","ast-global-header-display":"","ast-banner-title-visibility":"","ast-main-header-display":"","ast-hfb-above-header-display":"","ast-hfb-below-header-display":"","ast-hfb-mobile-header-display":"","site-post-title":"","ast-breadcrumbs-content":"","ast-featured-img":"","footer-sml-layout":"","ast-disable-related-posts":"","theme-transparent-header-meta":"","adv-header-id-meta":"","stick-header-meta":"","header-above-stick-meta":"","header-main-stick-meta":"","header-below-stick-meta":"","astra-migrate-meta-layouts":"default","ast-page-background-enabled":"default","ast-page-background-meta":{"desktop":{"background-color":"","background-image":"","background-repeat":"repeat","background-position":"center center","background-size":"auto","background-attachment":"scroll","background-type":"","background-media":"","overlay-type":"","overlay-color":"","overlay-opacity":"","overlay-gradient":""},"tablet":{"background-color":"","background-image":"","background-repeat":"repeat","background-position":"center center","background-size":"auto","background-attachment":"scroll","background-type":"","background-media":"","overlay-type":"","overlay-color":"","overlay-opacity":"","overlay-gradient":""},"mobile":{"background-color":"","background-image":"","background-repeat":"repeat","background-position":"center center","background-size":"auto","background-attachment":"scroll","background-type":"","background-media":"","overlay-type":"","overlay-color":"","overlay-opacity":"","overlay-gradient":""}},"ast-content-background-meta":{"desktop":{"background-color":"var(--ast-global-color-4)","background-image":"","background-repeat":"repeat","background-position":"center center","background-size":"auto","background-attachment":"scroll","background-type":"","background-media":"","overlay-type":"","overlay-color":"","overlay-opacity":"","overlay-gradient":""},"tablet":{"background-color":"var(--ast-global-color-4)","background-image":"","background-repeat":"repeat","background-position":"center center","background-size":"auto","background-attachment":"scroll","background-type":"","background-media":"","overlay-type":"","overlay-color":"","overlay-opacity":"","overlay-gradient":""},"mobile":{"background-color":"var(--ast-global-color-4)","background-image":"","background-repeat":"repeat","background-position":"center center","background-size":"auto","background-attachment":"scroll","background-type":"","background-media":"","overlay-type":"","overlay-color":"","overlay-opacity":"","overlay-gradient":""}}},"product_brand":[],"product_cat":[31,28,528],"product_tag":[],"class_list":{"0":"post-4873","1":"product","2":"type-product","3":"status-publish","4":"has-post-thumbnail","6":"product_cat-grozine-literatura","7":"product_cat-klasika","8":"product_cat-tarpukario-ir-senesnes-knygos","9":"desktop-align-left","10":"tablet-align-left","11":"mobile-align-left","13":"first","14":"instock","15":"shipping-taxable","16":"purchasable","17":"product-type-simple"},"acf":[],"yoast_head":"<!-- This site is optimized with the Yoast SEO plugin v27.0 - https:\/\/yoast.com\/product\/yoast-seo-wordpress\/ -->\n<title>T. Dreizeris \u201eAmerikoni\u0161koji tragedija\u201c (1 tomas) 1937 m - Skaitytaknyga<\/title>\n<meta name=\"description\" content=\"Teodoro Draizerio romane \u201eAmerikoni\u0161koji tragedija\u201c realisti\u0161kai vaizduojama \u017emog\u017eudyst\u0117s istorija, parodomas atskiro nusikaltimo ry\u0161ys su socialine, moraline, psichologine atmosfera.  Draizeris da\u017enai naudoja monolog\u0105, kuris puikiai atskleid\u017eia Klaido Grifitso vidines nuotaikas, jausmus, pergyvenimus.\" \/>\n<meta name=\"robots\" content=\"index, follow, max-snippet:-1, max-image-preview:large, max-video-preview:-1\" \/>\n<link rel=\"canonical\" href=\"https:\/\/skaitytaknyga.lt\/en\/produktas\/t-dreizeris-amerikoniskoji-tragedija-1-tomas-1937-m\/\" \/>\n<meta property=\"og:locale\" content=\"en_GB\" \/>\n<meta property=\"og:locale:alternate\" content=\"lt_LT\" \/>\n<meta property=\"og:type\" content=\"article\" \/>\n<meta property=\"og:title\" content=\"T. Dreizeris \u201eAmerikoni\u0161koji tragedija\u201c (1 tomas) 1937 m - Skaitytaknyga\" \/>\n<meta property=\"og:description\" content=\"Teodoro Draizerio romane \u201eAmerikoni\u0161koji tragedija\u201c realisti\u0161kai vaizduojama \u017emog\u017eudyst\u0117s istorija, parodomas atskiro nusikaltimo ry\u0161ys su socialine, moraline, psichologine atmosfera.  Draizeris da\u017enai naudoja monolog\u0105, kuris puikiai atskleid\u017eia Klaido Grifitso vidines nuotaikas, jausmus, pergyvenimus.\" \/>\n<meta property=\"og:url\" content=\"https:\/\/skaitytaknyga.lt\/en\/produktas\/t-dreizeris-amerikoniskoji-tragedija-1-tomas-1937-m\/\" \/>\n<meta property=\"og:site_name\" content=\"Skaitytaknyga\" \/>\n<meta property=\"article:publisher\" content=\"https:\/\/www.facebook.com\/skaitytaknyga\/\" \/>\n<meta property=\"article:modified_time\" content=\"2024-05-03T07:27:33+00:00\" \/>\n<meta property=\"og:image\" content=\"https:\/\/skaitytaknyga.lt\/wp-content\/uploads\/2024\/04\/wp-16154796202466601977369488708011-scaled-e1615481822355.jpg\" \/>\n\t<meta property=\"og:image:width\" content=\"2560\" \/>\n\t<meta property=\"og:image:height\" content=\"1920\" \/>\n\t<meta property=\"og:image:type\" content=\"image\/jpeg\" \/>\n<meta name=\"twitter:card\" content=\"summary_large_image\" \/>\n<meta name=\"twitter:label1\" content=\"Estimated reading time\" \/>\n\t<meta name=\"twitter:data1\" content=\"1 minute\" \/>\n<script type=\"application\/ld+json\" class=\"yoast-schema-graph\">{\"@context\":\"https:\/\/schema.org\",\"@graph\":[{\"@type\":\"WebPage\",\"@id\":\"https:\/\/skaitytaknyga.lt\/produktas\/t-dreizeris-amerikoniskoji-tragedija-1-tomas-1937-m\/\",\"url\":\"https:\/\/skaitytaknyga.lt\/produktas\/t-dreizeris-amerikoniskoji-tragedija-1-tomas-1937-m\/\",\"name\":\"T. Dreizeris \u201eAmerikoni\u0161koji tragedija\u201c (1 tomas) 1937 m - Skaitytaknyga\",\"isPartOf\":{\"@id\":\"https:\/\/skaitytaknyga.lt\/#website\"},\"primaryImageOfPage\":{\"@id\":\"https:\/\/skaitytaknyga.lt\/produktas\/t-dreizeris-amerikoniskoji-tragedija-1-tomas-1937-m\/#primaryimage\"},\"image\":{\"@id\":\"https:\/\/skaitytaknyga.lt\/produktas\/t-dreizeris-amerikoniskoji-tragedija-1-tomas-1937-m\/#primaryimage\"},\"thumbnailUrl\":\"https:\/\/skaitytaknyga.lt\/wp-content\/uploads\/2024\/04\/wp-16154796202466601977369488708011-scaled-e1615481822355.jpg\",\"datePublished\":\"2024-04-17T13:56:10+00:00\",\"dateModified\":\"2024-05-03T07:27:33+00:00\",\"description\":\"Teodoro Draizerio romane \u201eAmerikoni\u0161koji tragedija\u201c realisti\u0161kai vaizduojama \u017emog\u017eudyst\u0117s istorija, parodomas atskiro nusikaltimo ry\u0161ys su socialine, moraline, psichologine atmosfera. Draizeris da\u017enai naudoja monolog\u0105, kuris puikiai atskleid\u017eia Klaido Grifitso vidines nuotaikas, jausmus, pergyvenimus.\",\"breadcrumb\":{\"@id\":\"https:\/\/skaitytaknyga.lt\/produktas\/t-dreizeris-amerikoniskoji-tragedija-1-tomas-1937-m\/#breadcrumb\"},\"inLanguage\":\"en-GB\",\"potentialAction\":[{\"@type\":\"ReadAction\",\"target\":[\"https:\/\/skaitytaknyga.lt\/produktas\/t-dreizeris-amerikoniskoji-tragedija-1-tomas-1937-m\/\"]}]},{\"@type\":\"ImageObject\",\"inLanguage\":\"en-GB\",\"@id\":\"https:\/\/skaitytaknyga.lt\/produktas\/t-dreizeris-amerikoniskoji-tragedija-1-tomas-1937-m\/#primaryimage\",\"url\":\"https:\/\/skaitytaknyga.lt\/wp-content\/uploads\/2024\/04\/wp-16154796202466601977369488708011-scaled-e1615481822355.jpg\",\"contentUrl\":\"https:\/\/skaitytaknyga.lt\/wp-content\/uploads\/2024\/04\/wp-16154796202466601977369488708011-scaled-e1615481822355.jpg\",\"width\":2560,\"height\":1920},{\"@type\":\"BreadcrumbList\",\"@id\":\"https:\/\/skaitytaknyga.lt\/produktas\/t-dreizeris-amerikoniskoji-tragedija-1-tomas-1937-m\/#breadcrumb\",\"itemListElement\":[{\"@type\":\"ListItem\",\"position\":1,\"name\":\"Home\",\"item\":\"https:\/\/skaitytaknyga.lt\/\"},{\"@type\":\"ListItem\",\"position\":2,\"name\":\"Parduotuv\u0117\",\"item\":\"https:\/\/skaitytaknyga.lt\/knygu-parduotuve\/\"},{\"@type\":\"ListItem\",\"position\":3,\"name\":\"T. Dreizeris \u201eAmerikoni\u0161koji tragedija\u201c (1 tomas) 1937 m\"}]},{\"@type\":\"WebSite\",\"@id\":\"https:\/\/skaitytaknyga.lt\/#website\",\"url\":\"https:\/\/skaitytaknyga.lt\/\",\"name\":\"skaitytaknyga.lt\",\"description\":\"Skaitytaknyga.lt \u2013 tai ma\u017eas \u0161eimos verslas, kuris prasid\u0117jo nuo meil\u0117s knygoms ir siekio i\u0161gelb\u0117ti knygas nuo likimo prie konteinerio. Kas vienam nereikalingas daiktas \u2013 kitam lobis, o mes esame tarpininkai, kurie padeda abiems tapti laimingesniems ???? \u017dinome kaip nelengva i\u0161gyventi ma\u017eiems verslams, tad nuo \u0161iol, \u010dia rasite ir kit\u0173, ma\u017e\u0173 \u0161eim\u0173 versl\u0173, rank\u0173 darbo, dovan\u0173 sau ir artimiesiems.\",\"publisher\":{\"@id\":\"https:\/\/skaitytaknyga.lt\/#organization\"},\"potentialAction\":[{\"@type\":\"SearchAction\",\"target\":{\"@type\":\"EntryPoint\",\"urlTemplate\":\"https:\/\/skaitytaknyga.lt\/?s={search_term_string}\"},\"query-input\":{\"@type\":\"PropertyValueSpecification\",\"valueRequired\":true,\"valueName\":\"search_term_string\"}}],\"inLanguage\":\"en-GB\"},{\"@type\":\"Organization\",\"@id\":\"https:\/\/skaitytaknyga.lt\/#organization\",\"name\":\"skaitytaknyga.lt\",\"url\":\"https:\/\/skaitytaknyga.lt\/\",\"logo\":{\"@type\":\"ImageObject\",\"inLanguage\":\"en-GB\",\"@id\":\"https:\/\/skaitytaknyga.lt\/#\/schema\/logo\/image\/\",\"url\":\"https:\/\/skaitytaknyga.lt\/wp-content\/uploads\/2024\/05\/cropped-cropped-cropped-02_00843_jt3bggkj1j3HLc7SyY6rEUpg.jpeg\",\"contentUrl\":\"https:\/\/skaitytaknyga.lt\/wp-content\/uploads\/2024\/05\/cropped-cropped-cropped-02_00843_jt3bggkj1j3HLc7SyY6rEUpg.jpeg\",\"width\":1600,\"height\":1600,\"caption\":\"skaitytaknyga.lt\"},\"image\":{\"@id\":\"https:\/\/skaitytaknyga.lt\/#\/schema\/logo\/image\/\"},\"sameAs\":[\"https:\/\/www.facebook.com\/skaitytaknyga\/\"]}]}<\/script>\n<!-- \/ Yoast SEO plugin. -->","yoast_head_json":{"title":"T. Dreizeris \u201eAmerikoni\u0161koji tragedija\u201c (1 tomas) 1937 m - Skaitytaknyga","description":"Teodoro Draizerio romane \u201eAmerikoni\u0161koji tragedija\u201c realisti\u0161kai vaizduojama \u017emog\u017eudyst\u0117s istorija, parodomas atskiro nusikaltimo ry\u0161ys su socialine, moraline, psichologine atmosfera.  Draizeris da\u017enai naudoja monolog\u0105, kuris puikiai atskleid\u017eia Klaido Grifitso vidines nuotaikas, jausmus, pergyvenimus.","robots":{"index":"index","follow":"follow","max-snippet":"max-snippet:-1","max-image-preview":"max-image-preview:large","max-video-preview":"max-video-preview:-1"},"canonical":"https:\/\/skaitytaknyga.lt\/en\/produktas\/t-dreizeris-amerikoniskoji-tragedija-1-tomas-1937-m\/","og_locale":"en_GB","og_type":"article","og_title":"T. Dreizeris \u201eAmerikoni\u0161koji tragedija\u201c (1 tomas) 1937 m - Skaitytaknyga","og_description":"Teodoro Draizerio romane \u201eAmerikoni\u0161koji tragedija\u201c realisti\u0161kai vaizduojama \u017emog\u017eudyst\u0117s istorija, parodomas atskiro nusikaltimo ry\u0161ys su socialine, moraline, psichologine atmosfera.  Draizeris da\u017enai naudoja monolog\u0105, kuris puikiai atskleid\u017eia Klaido Grifitso vidines nuotaikas, jausmus, pergyvenimus.","og_url":"https:\/\/skaitytaknyga.lt\/en\/produktas\/t-dreizeris-amerikoniskoji-tragedija-1-tomas-1937-m\/","og_site_name":"Skaitytaknyga","article_publisher":"https:\/\/www.facebook.com\/skaitytaknyga\/","article_modified_time":"2024-05-03T07:27:33+00:00","og_image":[{"width":2560,"height":1920,"url":"https:\/\/skaitytaknyga.lt\/wp-content\/uploads\/2024\/04\/wp-16154796202466601977369488708011-scaled-e1615481822355.jpg","type":"image\/jpeg"}],"twitter_card":"summary_large_image","twitter_misc":{"Estimated reading time":"1 minute"},"schema":{"@context":"https:\/\/schema.org","@graph":[{"@type":"WebPage","@id":"https:\/\/skaitytaknyga.lt\/produktas\/t-dreizeris-amerikoniskoji-tragedija-1-tomas-1937-m\/","url":"https:\/\/skaitytaknyga.lt\/produktas\/t-dreizeris-amerikoniskoji-tragedija-1-tomas-1937-m\/","name":"T. Dreizeris \u201eAmerikoni\u0161koji tragedija\u201c (1 tomas) 1937 m - Skaitytaknyga","isPartOf":{"@id":"https:\/\/skaitytaknyga.lt\/#website"},"primaryImageOfPage":{"@id":"https:\/\/skaitytaknyga.lt\/produktas\/t-dreizeris-amerikoniskoji-tragedija-1-tomas-1937-m\/#primaryimage"},"image":{"@id":"https:\/\/skaitytaknyga.lt\/produktas\/t-dreizeris-amerikoniskoji-tragedija-1-tomas-1937-m\/#primaryimage"},"thumbnailUrl":"https:\/\/skaitytaknyga.lt\/wp-content\/uploads\/2024\/04\/wp-16154796202466601977369488708011-scaled-e1615481822355.jpg","datePublished":"2024-04-17T13:56:10+00:00","dateModified":"2024-05-03T07:27:33+00:00","description":"Teodoro Draizerio romane \u201eAmerikoni\u0161koji tragedija\u201c realisti\u0161kai vaizduojama \u017emog\u017eudyst\u0117s istorija, parodomas atskiro nusikaltimo ry\u0161ys su socialine, moraline, psichologine atmosfera. Draizeris da\u017enai naudoja monolog\u0105, kuris puikiai atskleid\u017eia Klaido Grifitso vidines nuotaikas, jausmus, pergyvenimus.","breadcrumb":{"@id":"https:\/\/skaitytaknyga.lt\/produktas\/t-dreizeris-amerikoniskoji-tragedija-1-tomas-1937-m\/#breadcrumb"},"inLanguage":"en-GB","potentialAction":[{"@type":"ReadAction","target":["https:\/\/skaitytaknyga.lt\/produktas\/t-dreizeris-amerikoniskoji-tragedija-1-tomas-1937-m\/"]}]},{"@type":"ImageObject","inLanguage":"en-GB","@id":"https:\/\/skaitytaknyga.lt\/produktas\/t-dreizeris-amerikoniskoji-tragedija-1-tomas-1937-m\/#primaryimage","url":"https:\/\/skaitytaknyga.lt\/wp-content\/uploads\/2024\/04\/wp-16154796202466601977369488708011-scaled-e1615481822355.jpg","contentUrl":"https:\/\/skaitytaknyga.lt\/wp-content\/uploads\/2024\/04\/wp-16154796202466601977369488708011-scaled-e1615481822355.jpg","width":2560,"height":1920},{"@type":"BreadcrumbList","@id":"https:\/\/skaitytaknyga.lt\/produktas\/t-dreizeris-amerikoniskoji-tragedija-1-tomas-1937-m\/#breadcrumb","itemListElement":[{"@type":"ListItem","position":1,"name":"Home","item":"https:\/\/skaitytaknyga.lt\/"},{"@type":"ListItem","position":2,"name":"Parduotuv\u0117","item":"https:\/\/skaitytaknyga.lt\/knygu-parduotuve\/"},{"@type":"ListItem","position":3,"name":"T. Dreizeris \u201eAmerikoni\u0161koji tragedija\u201c (1 tomas) 1937 m"}]},{"@type":"WebSite","@id":"https:\/\/skaitytaknyga.lt\/#website","url":"https:\/\/skaitytaknyga.lt\/","name":"skaitytaknyga.lt","description":"Skaitytaknyga.lt \u2013 tai ma\u017eas \u0161eimos verslas, kuris prasid\u0117jo nuo meil\u0117s knygoms ir siekio i\u0161gelb\u0117ti knygas nuo likimo prie konteinerio. Kas vienam nereikalingas daiktas \u2013 kitam lobis, o mes esame tarpininkai, kurie padeda abiems tapti laimingesniems ???? \u017dinome kaip nelengva i\u0161gyventi ma\u017eiems verslams, tad nuo \u0161iol, \u010dia rasite ir kit\u0173, ma\u017e\u0173 \u0161eim\u0173 versl\u0173, rank\u0173 darbo, dovan\u0173 sau ir artimiesiems.","publisher":{"@id":"https:\/\/skaitytaknyga.lt\/#organization"},"potentialAction":[{"@type":"SearchAction","target":{"@type":"EntryPoint","urlTemplate":"https:\/\/skaitytaknyga.lt\/?s={search_term_string}"},"query-input":{"@type":"PropertyValueSpecification","valueRequired":true,"valueName":"search_term_string"}}],"inLanguage":"en-GB"},{"@type":"Organization","@id":"https:\/\/skaitytaknyga.lt\/#organization","name":"skaitytaknyga.lt","url":"https:\/\/skaitytaknyga.lt\/","logo":{"@type":"ImageObject","inLanguage":"en-GB","@id":"https:\/\/skaitytaknyga.lt\/#\/schema\/logo\/image\/","url":"https:\/\/skaitytaknyga.lt\/wp-content\/uploads\/2024\/05\/cropped-cropped-cropped-02_00843_jt3bggkj1j3HLc7SyY6rEUpg.jpeg","contentUrl":"https:\/\/skaitytaknyga.lt\/wp-content\/uploads\/2024\/05\/cropped-cropped-cropped-02_00843_jt3bggkj1j3HLc7SyY6rEUpg.jpeg","width":1600,"height":1600,"caption":"skaitytaknyga.lt"},"image":{"@id":"https:\/\/skaitytaknyga.lt\/#\/schema\/logo\/image\/"},"sameAs":["https:\/\/www.facebook.com\/skaitytaknyga\/"]}]}},"_links":{"self":[{"href":"https:\/\/skaitytaknyga.lt\/en\/wp-json\/wp\/v2\/product\/4873","targetHints":{"allow":["GET"]}}],"collection":[{"href":"https:\/\/skaitytaknyga.lt\/en\/wp-json\/wp\/v2\/product"}],"about":[{"href":"https:\/\/skaitytaknyga.lt\/en\/wp-json\/wp\/v2\/types\/product"}],"replies":[{"embeddable":true,"href":"https:\/\/skaitytaknyga.lt\/en\/wp-json\/wp\/v2\/comments?post=4873"}],"wp:featuredmedia":[{"embeddable":true,"href":"https:\/\/skaitytaknyga.lt\/en\/wp-json\/wp\/v2\/media\/4929"}],"wp:attachment":[{"href":"https:\/\/skaitytaknyga.lt\/en\/wp-json\/wp\/v2\/media?parent=4873"}],"wp:term":[{"taxonomy":"product_brand","embeddable":true,"href":"https:\/\/skaitytaknyga.lt\/en\/wp-json\/wp\/v2\/product_brand?post=4873"},{"taxonomy":"product_cat","embeddable":true,"href":"https:\/\/skaitytaknyga.lt\/en\/wp-json\/wp\/v2\/product_cat?post=4873"},{"taxonomy":"product_tag","embeddable":true,"href":"https:\/\/skaitytaknyga.lt\/en\/wp-json\/wp\/v2\/product_tag?post=4873"}],"curies":[{"name":"wp","href":"https:\/\/api.w.org\/{rel}","templated":true}]}}