{"id":4871,"date":"2024-04-17T13:56:09","date_gmt":"2024-04-17T13:56:09","guid":{"rendered":"https:\/\/skaitytaknyga.lt\/?post_type=product&#038;p=4871"},"modified":"2024-07-13T18:41:26","modified_gmt":"2024-07-13T15:41:26","slug":"l-tolstojus-karas-ir-taika-4-tomas-1937-m","status":"publish","type":"product","link":"https:\/\/skaitytaknyga.lt\/en\/produktas\/l-tolstojus-karas-ir-taika-4-tomas-1937-m\/","title":{"rendered":"L. Tolstojus  \u201eKaras ir taika\u201c (4 tomas) 1937 m"},"content":{"rendered":"<p>Ko gero, vienas i\u0161 labiausiai garbinam\u0173 literat\u016bros \u0161edevr\u0173, Levo Tolstojaus \u201eKaras ir taika\u201d yra epinis pasakojimas apie XIX a. Rusij\u0105 per sud\u0117ting\u0105 meil\u0117s trikamp\u012f, kuris jungia pagrindinius veik\u0117jus. Nikolajus Rostovas gr\u012f\u017eta namo atostog\u0173 i\u0161 husar\u0173 pulko ir randa savo \u0161eim\u0105 ant bankroto ribos. Nepaisydamas motinos maldavim\u0173 susirasti turting\u0105 nuotak\u0105, Nikolajus lieka i\u0161tikimas meil\u0117s priesaikai, kuri\u0105 dav\u0117 bekraitei pusseserei Soniai.<\/p>\n<p>Nuobod\u0173 santuokin\u012f gyvenim\u0105 \u012f kar\u0105 i\u0161keit\u0119s Andrejus Bolkonskis gauna kovos krik\u0161t\u0105 ir tik sunkiai su\u017eeistas suvokia, kokios tu\u0161\u010dios buvo jo ambicijos. Jaunoji Nata\u0161a Rostova ruo\u0161iasi \u012f pirm\u0105j\u012f savo gyvenimo bali\u0173. Jis, kaip ir karas, sujauks gyvenim\u0105 ne vienam&#8230;<\/p>\n","protected":false},"excerpt":{"rendered":"<p>Ko gero, vienas i\u0161 labiausiai garbinam\u0173 literat\u016bros \u0161edevr\u0173, Levo Tolstojaus \u201eKaras ir taika\u201d yra epinis pasakojimas apie XIX a. Rusij\u0105 per sud\u0117ting\u0105 meil\u0117s trikamp\u012f, kuris jungia pagrindinius veik\u0117jus. Nikolajus Rostovas gr\u012f\u017eta namo atostog\u0173 i\u0161 husar\u0173 pulko ir randa savo \u0161eim\u0105 ant bankroto ribos. Nepaisydamas motinos maldavim\u0173 susirasti turting\u0105 nuotak\u0105, Nikolajus lieka i\u0161tikimas meil\u0117s priesaikai, kuri\u0105 dav\u0117 bekraitei pusseserei Soniai.<\/p>\n<p>Nuobod\u0173 santuokin\u012f gyvenim\u0105 \u012f kar\u0105 i\u0161keit\u0119s Andrejus Bolkonskis gauna kovos krik\u0161t\u0105 ir tik sunkiai su\u017eeistas suvokia, kokios tu\u0161\u010dios buvo jo ambicijos. Jaunoji Nata\u0161a Rostova ruo\u0161iasi \u012f pirm\u0105j\u012f savo gyvenimo bali\u0173. Jis, kaip ir karas, sujauks gyvenim\u0105 ne vienam&#8230;<\/p>\n","protected":false},"featured_media":4922,"comment_status":"closed","ping_status":"closed","template":"","meta":{"_acf_changed":false,"site-sidebar-layout":"default","site-content-layout":"","ast-site-content-layout":"default","site-content-style":"default","site-sidebar-style":"default","ast-global-header-display":"","ast-banner-title-visibility":"","ast-main-header-display":"","ast-hfb-above-header-display":"","ast-hfb-below-header-display":"","ast-hfb-mobile-header-display":"","site-post-title":"","ast-breadcrumbs-content":"","ast-featured-img":"","footer-sml-layout":"","ast-disable-related-posts":"","theme-transparent-header-meta":"","adv-header-id-meta":"","stick-header-meta":"","header-above-stick-meta":"","header-main-stick-meta":"","header-below-stick-meta":"","astra-migrate-meta-layouts":"default","ast-page-background-enabled":"default","ast-page-background-meta":{"desktop":{"background-color":"","background-image":"","background-repeat":"repeat","background-position":"center center","background-size":"auto","background-attachment":"scroll","background-type":"","background-media":"","overlay-type":"","overlay-color":"","overlay-opacity":"","overlay-gradient":""},"tablet":{"background-color":"","background-image":"","background-repeat":"repeat","background-position":"center center","background-size":"auto","background-attachment":"scroll","background-type":"","background-media":"","overlay-type":"","overlay-color":"","overlay-opacity":"","overlay-gradient":""},"mobile":{"background-color":"","background-image":"","background-repeat":"repeat","background-position":"center center","background-size":"auto","background-attachment":"scroll","background-type":"","background-media":"","overlay-type":"","overlay-color":"","overlay-opacity":"","overlay-gradient":""}},"ast-content-background-meta":{"desktop":{"background-color":"var(--ast-global-color-4)","background-image":"","background-repeat":"repeat","background-position":"center center","background-size":"auto","background-attachment":"scroll","background-type":"","background-media":"","overlay-type":"","overlay-color":"","overlay-opacity":"","overlay-gradient":""},"tablet":{"background-color":"var(--ast-global-color-4)","background-image":"","background-repeat":"repeat","background-position":"center center","background-size":"auto","background-attachment":"scroll","background-type":"","background-media":"","overlay-type":"","overlay-color":"","overlay-opacity":"","overlay-gradient":""},"mobile":{"background-color":"var(--ast-global-color-4)","background-image":"","background-repeat":"repeat","background-position":"center center","background-size":"auto","background-attachment":"scroll","background-type":"","background-media":"","overlay-type":"","overlay-color":"","overlay-opacity":"","overlay-gradient":""}}},"product_brand":[],"product_cat":[31,28,528],"product_tag":[],"class_list":{"0":"post-4871","1":"product","2":"type-product","3":"status-publish","4":"has-post-thumbnail","6":"product_cat-grozine-literatura","7":"product_cat-klasika","8":"product_cat-tarpukario-ir-senesnes-knygos","9":"desktop-align-left","10":"tablet-align-left","11":"mobile-align-left","13":"first","14":"instock","15":"shipping-taxable","16":"purchasable","17":"product-type-simple"},"acf":[],"yoast_head":"<!-- This site is optimized with the Yoast SEO plugin v27.0 - https:\/\/yoast.com\/product\/yoast-seo-wordpress\/ -->\n<title>L. Tolstojus \u201eKaras ir taika\u201c (4 tomas) 1937 m<\/title>\n<meta name=\"description\" content=\"Ko gero, vienas i\u0161 labiausiai garbinam\u0173 literat\u016bros \u0161edevr\u0173, Levo Tolstojaus \u201eKaras ir taika\u201d yra epinis pasakojimas apie XIX a. Rusij\u0105 per sud\u0117ting\u0105 meil\u0117s trikamp\u012f, kuris jungia pagrindinius veik\u0117jus. Nikolajus Rostovas gr\u012f\u017eta namo atostog\u0173 i\u0161 husar\u0173 pulko ir randa savo \u0161eim\u0105 ant bankroto ribos. Nepaisydamas motinos maldavim\u0173 susirasti turting\u0105 nuotak\u0105, Nikolajus lieka i\u0161tikimas meil\u0117s priesaikai, kuri\u0105 dav\u0117 bekraitei pusseserei Soniai.  Nuobod\u0173 santuokin\u012f gyvenim\u0105 \u012f kar\u0105 i\u0161keit\u0119s Andrejus Bolkonskis gauna kovos krik\u0161t\u0105 ir tik sunkiai su\u017eeistas suvokia, kokios tu\u0161\u010dios buvo jo ambicijos. Jaunoji Nata\u0161a Rostova ruo\u0161iasi \u012f pirm\u0105j\u012f savo gyvenimo bali\u0173. Jis, kaip ir karas, sujauks gyvenim\u0105 ne vienam...\" \/>\n<meta name=\"robots\" content=\"index, follow, max-snippet:-1, max-image-preview:large, max-video-preview:-1\" \/>\n<link rel=\"canonical\" href=\"https:\/\/skaitytaknyga.lt\/en\/produktas\/l-tolstojus-karas-ir-taika-4-tomas-1937-m\/\" \/>\n<meta property=\"og:locale\" content=\"en_GB\" \/>\n<meta property=\"og:locale:alternate\" content=\"lt_LT\" \/>\n<meta property=\"og:type\" content=\"article\" \/>\n<meta property=\"og:title\" content=\"L. Tolstojus \u201eKaras ir taika\u201c (4 tomas) 1937 m\" \/>\n<meta property=\"og:description\" content=\"Ko gero, vienas i\u0161 labiausiai garbinam\u0173 literat\u016bros \u0161edevr\u0173, Levo Tolstojaus \u201eKaras ir taika\u201d yra epinis pasakojimas apie XIX a. Rusij\u0105 per sud\u0117ting\u0105 meil\u0117s trikamp\u012f, kuris jungia pagrindinius veik\u0117jus. Nikolajus Rostovas gr\u012f\u017eta namo atostog\u0173 i\u0161 husar\u0173 pulko ir randa savo \u0161eim\u0105 ant bankroto ribos. Nepaisydamas motinos maldavim\u0173 susirasti turting\u0105 nuotak\u0105, Nikolajus lieka i\u0161tikimas meil\u0117s priesaikai, kuri\u0105 dav\u0117 bekraitei pusseserei Soniai.  Nuobod\u0173 santuokin\u012f gyvenim\u0105 \u012f kar\u0105 i\u0161keit\u0119s Andrejus Bolkonskis gauna kovos krik\u0161t\u0105 ir tik sunkiai su\u017eeistas suvokia, kokios tu\u0161\u010dios buvo jo ambicijos. Jaunoji Nata\u0161a Rostova ruo\u0161iasi \u012f pirm\u0105j\u012f savo gyvenimo bali\u0173. Jis, kaip ir karas, sujauks gyvenim\u0105 ne vienam...\" \/>\n<meta property=\"og:url\" content=\"https:\/\/skaitytaknyga.lt\/en\/produktas\/l-tolstojus-karas-ir-taika-4-tomas-1937-m\/\" \/>\n<meta property=\"og:site_name\" content=\"Skaitytaknyga\" \/>\n<meta property=\"article:publisher\" content=\"https:\/\/www.facebook.com\/skaitytaknyga\/\" \/>\n<meta property=\"article:modified_time\" content=\"2024-07-13T15:41:26+00:00\" \/>\n<meta property=\"og:image\" content=\"https:\/\/skaitytaknyga.lt\/wp-content\/uploads\/2024\/04\/wp-16154806040341356599748972761132-scaled-e1615480738776.jpg\" \/>\n\t<meta property=\"og:image:width\" content=\"2560\" \/>\n\t<meta property=\"og:image:height\" content=\"1920\" \/>\n\t<meta property=\"og:image:type\" content=\"image\/jpeg\" \/>\n<meta name=\"twitter:card\" content=\"summary_large_image\" \/>\n<meta name=\"twitter:label1\" content=\"Estimated reading time\" \/>\n\t<meta name=\"twitter:data1\" content=\"1 minute\" \/>\n<script type=\"application\/ld+json\" class=\"yoast-schema-graph\">{\"@context\":\"https:\/\/schema.org\",\"@graph\":[{\"@type\":\"WebPage\",\"@id\":\"https:\/\/skaitytaknyga.lt\/produktas\/l-tolstojus-karas-ir-taika-4-tomas-1937-m\/\",\"url\":\"https:\/\/skaitytaknyga.lt\/produktas\/l-tolstojus-karas-ir-taika-4-tomas-1937-m\/\",\"name\":\"L. Tolstojus \u201eKaras ir taika\u201c (4 tomas) 1937 m\",\"isPartOf\":{\"@id\":\"https:\/\/skaitytaknyga.lt\/#website\"},\"primaryImageOfPage\":{\"@id\":\"https:\/\/skaitytaknyga.lt\/produktas\/l-tolstojus-karas-ir-taika-4-tomas-1937-m\/#primaryimage\"},\"image\":{\"@id\":\"https:\/\/skaitytaknyga.lt\/produktas\/l-tolstojus-karas-ir-taika-4-tomas-1937-m\/#primaryimage\"},\"thumbnailUrl\":\"https:\/\/skaitytaknyga.lt\/wp-content\/uploads\/2024\/04\/wp-16154806040341356599748972761132-scaled-e1615480738776.jpg\",\"datePublished\":\"2024-04-17T13:56:09+00:00\",\"dateModified\":\"2024-07-13T15:41:26+00:00\",\"description\":\"Ko gero, vienas i\u0161 labiausiai garbinam\u0173 literat\u016bros \u0161edevr\u0173, Levo Tolstojaus \u201eKaras ir taika\u201d yra epinis pasakojimas apie XIX a. Rusij\u0105 per sud\u0117ting\u0105 meil\u0117s trikamp\u012f, kuris jungia pagrindinius veik\u0117jus. Nikolajus Rostovas gr\u012f\u017eta namo atostog\u0173 i\u0161 husar\u0173 pulko ir randa savo \u0161eim\u0105 ant bankroto ribos. Nepaisydamas motinos maldavim\u0173 susirasti turting\u0105 nuotak\u0105, Nikolajus lieka i\u0161tikimas meil\u0117s priesaikai, kuri\u0105 dav\u0117 bekraitei pusseserei Soniai. Nuobod\u0173 santuokin\u012f gyvenim\u0105 \u012f kar\u0105 i\u0161keit\u0119s Andrejus Bolkonskis gauna kovos krik\u0161t\u0105 ir tik sunkiai su\u017eeistas suvokia, kokios tu\u0161\u010dios buvo jo ambicijos. Jaunoji Nata\u0161a Rostova ruo\u0161iasi \u012f pirm\u0105j\u012f savo gyvenimo bali\u0173. Jis, kaip ir karas, sujauks gyvenim\u0105 ne vienam...\",\"breadcrumb\":{\"@id\":\"https:\/\/skaitytaknyga.lt\/produktas\/l-tolstojus-karas-ir-taika-4-tomas-1937-m\/#breadcrumb\"},\"inLanguage\":\"en-GB\",\"potentialAction\":[{\"@type\":\"ReadAction\",\"target\":[\"https:\/\/skaitytaknyga.lt\/produktas\/l-tolstojus-karas-ir-taika-4-tomas-1937-m\/\"]}]},{\"@type\":\"ImageObject\",\"inLanguage\":\"en-GB\",\"@id\":\"https:\/\/skaitytaknyga.lt\/produktas\/l-tolstojus-karas-ir-taika-4-tomas-1937-m\/#primaryimage\",\"url\":\"https:\/\/skaitytaknyga.lt\/wp-content\/uploads\/2024\/04\/wp-16154806040341356599748972761132-scaled-e1615480738776.jpg\",\"contentUrl\":\"https:\/\/skaitytaknyga.lt\/wp-content\/uploads\/2024\/04\/wp-16154806040341356599748972761132-scaled-e1615480738776.jpg\",\"width\":2560,\"height\":1920},{\"@type\":\"BreadcrumbList\",\"@id\":\"https:\/\/skaitytaknyga.lt\/produktas\/l-tolstojus-karas-ir-taika-4-tomas-1937-m\/#breadcrumb\",\"itemListElement\":[{\"@type\":\"ListItem\",\"position\":1,\"name\":\"Home\",\"item\":\"https:\/\/skaitytaknyga.lt\/\"},{\"@type\":\"ListItem\",\"position\":2,\"name\":\"Parduotuv\u0117\",\"item\":\"https:\/\/skaitytaknyga.lt\/knygu-parduotuve\/\"},{\"@type\":\"ListItem\",\"position\":3,\"name\":\"L. Tolstojus \u201eKaras ir taika\u201c (4 tomas) 1937 m\"}]},{\"@type\":\"WebSite\",\"@id\":\"https:\/\/skaitytaknyga.lt\/#website\",\"url\":\"https:\/\/skaitytaknyga.lt\/\",\"name\":\"skaitytaknyga.lt\",\"description\":\"Skaitytaknyga.lt \u2013 tai ma\u017eas \u0161eimos verslas, kuris prasid\u0117jo nuo meil\u0117s knygoms ir siekio i\u0161gelb\u0117ti knygas nuo likimo prie konteinerio. Kas vienam nereikalingas daiktas \u2013 kitam lobis, o mes esame tarpininkai, kurie padeda abiems tapti laimingesniems ???? \u017dinome kaip nelengva i\u0161gyventi ma\u017eiems verslams, tad nuo \u0161iol, \u010dia rasite ir kit\u0173, ma\u017e\u0173 \u0161eim\u0173 versl\u0173, rank\u0173 darbo, dovan\u0173 sau ir artimiesiems.\",\"publisher\":{\"@id\":\"https:\/\/skaitytaknyga.lt\/#organization\"},\"potentialAction\":[{\"@type\":\"SearchAction\",\"target\":{\"@type\":\"EntryPoint\",\"urlTemplate\":\"https:\/\/skaitytaknyga.lt\/?s={search_term_string}\"},\"query-input\":{\"@type\":\"PropertyValueSpecification\",\"valueRequired\":true,\"valueName\":\"search_term_string\"}}],\"inLanguage\":\"en-GB\"},{\"@type\":\"Organization\",\"@id\":\"https:\/\/skaitytaknyga.lt\/#organization\",\"name\":\"skaitytaknyga.lt\",\"url\":\"https:\/\/skaitytaknyga.lt\/\",\"logo\":{\"@type\":\"ImageObject\",\"inLanguage\":\"en-GB\",\"@id\":\"https:\/\/skaitytaknyga.lt\/#\/schema\/logo\/image\/\",\"url\":\"https:\/\/skaitytaknyga.lt\/wp-content\/uploads\/2024\/05\/cropped-cropped-cropped-02_00843_jt3bggkj1j3HLc7SyY6rEUpg.jpeg\",\"contentUrl\":\"https:\/\/skaitytaknyga.lt\/wp-content\/uploads\/2024\/05\/cropped-cropped-cropped-02_00843_jt3bggkj1j3HLc7SyY6rEUpg.jpeg\",\"width\":1600,\"height\":1600,\"caption\":\"skaitytaknyga.lt\"},\"image\":{\"@id\":\"https:\/\/skaitytaknyga.lt\/#\/schema\/logo\/image\/\"},\"sameAs\":[\"https:\/\/www.facebook.com\/skaitytaknyga\/\"]}]}<\/script>\n<!-- \/ Yoast SEO plugin. -->","yoast_head_json":{"title":"L. Tolstojus \u201eKaras ir taika\u201c (4 tomas) 1937 m","description":"Ko gero, vienas i\u0161 labiausiai garbinam\u0173 literat\u016bros \u0161edevr\u0173, Levo Tolstojaus \u201eKaras ir taika\u201d yra epinis pasakojimas apie XIX a. Rusij\u0105 per sud\u0117ting\u0105 meil\u0117s trikamp\u012f, kuris jungia pagrindinius veik\u0117jus. Nikolajus Rostovas gr\u012f\u017eta namo atostog\u0173 i\u0161 husar\u0173 pulko ir randa savo \u0161eim\u0105 ant bankroto ribos. Nepaisydamas motinos maldavim\u0173 susirasti turting\u0105 nuotak\u0105, Nikolajus lieka i\u0161tikimas meil\u0117s priesaikai, kuri\u0105 dav\u0117 bekraitei pusseserei Soniai.  Nuobod\u0173 santuokin\u012f gyvenim\u0105 \u012f kar\u0105 i\u0161keit\u0119s Andrejus Bolkonskis gauna kovos krik\u0161t\u0105 ir tik sunkiai su\u017eeistas suvokia, kokios tu\u0161\u010dios buvo jo ambicijos. Jaunoji Nata\u0161a Rostova ruo\u0161iasi \u012f pirm\u0105j\u012f savo gyvenimo bali\u0173. Jis, kaip ir karas, sujauks gyvenim\u0105 ne vienam...","robots":{"index":"index","follow":"follow","max-snippet":"max-snippet:-1","max-image-preview":"max-image-preview:large","max-video-preview":"max-video-preview:-1"},"canonical":"https:\/\/skaitytaknyga.lt\/en\/produktas\/l-tolstojus-karas-ir-taika-4-tomas-1937-m\/","og_locale":"en_GB","og_type":"article","og_title":"[:lt]L. Tolstojus \u201eKaras ir taika\u201c (4 tomas) 1937 m[:] - Skaitytaknyga","og_description":"Ko gero, vienas i\u0161 labiausiai garbinam\u0173 literat\u016bros \u0161edevr\u0173, Levo Tolstojaus \u201eKaras ir taika\u201d yra epinis pasakojimas apie XIX a. Rusij\u0105 per sud\u0117ting\u0105 meil\u0117s trikamp\u012f, kuris jungia pagrindinius veik\u0117jus. Nikolajus Rostovas gr\u012f\u017eta namo atostog\u0173 i\u0161 husar\u0173 pulko ir randa savo \u0161eim\u0105 ant bankroto ribos. Nepaisydamas motinos maldavim\u0173 susirasti turting\u0105 nuotak\u0105, Nikolajus lieka i\u0161tikimas meil\u0117s priesaikai, kuri\u0105 dav\u0117 bekraitei pusseserei Soniai.  Nuobod\u0173 santuokin\u012f gyvenim\u0105 \u012f kar\u0105 i\u0161keit\u0119s Andrejus Bolkonskis gauna kovos krik\u0161t\u0105 ir tik sunkiai su\u017eeistas suvokia, kokios tu\u0161\u010dios buvo jo ambicijos. Jaunoji Nata\u0161a Rostova ruo\u0161iasi \u012f pirm\u0105j\u012f savo gyvenimo bali\u0173. Jis, kaip ir karas, sujauks gyvenim\u0105 ne vienam...","og_url":"https:\/\/skaitytaknyga.lt\/en\/produktas\/l-tolstojus-karas-ir-taika-4-tomas-1937-m\/","og_site_name":"Skaitytaknyga","article_publisher":"https:\/\/www.facebook.com\/skaitytaknyga\/","article_modified_time":"2024-07-13T15:41:26+00:00","og_image":[{"width":2560,"height":1920,"url":"https:\/\/skaitytaknyga.lt\/wp-content\/uploads\/2024\/04\/wp-16154806040341356599748972761132-scaled-e1615480738776.jpg","type":"image\/jpeg"}],"twitter_card":"summary_large_image","twitter_misc":{"Estimated reading time":"1 minute"},"schema":{"@context":"https:\/\/schema.org","@graph":[{"@type":"WebPage","@id":"https:\/\/skaitytaknyga.lt\/produktas\/l-tolstojus-karas-ir-taika-4-tomas-1937-m\/","url":"https:\/\/skaitytaknyga.lt\/produktas\/l-tolstojus-karas-ir-taika-4-tomas-1937-m\/","name":"L. Tolstojus \u201eKaras ir taika\u201c (4 tomas) 1937 m","isPartOf":{"@id":"https:\/\/skaitytaknyga.lt\/#website"},"primaryImageOfPage":{"@id":"https:\/\/skaitytaknyga.lt\/produktas\/l-tolstojus-karas-ir-taika-4-tomas-1937-m\/#primaryimage"},"image":{"@id":"https:\/\/skaitytaknyga.lt\/produktas\/l-tolstojus-karas-ir-taika-4-tomas-1937-m\/#primaryimage"},"thumbnailUrl":"https:\/\/skaitytaknyga.lt\/wp-content\/uploads\/2024\/04\/wp-16154806040341356599748972761132-scaled-e1615480738776.jpg","datePublished":"2024-04-17T13:56:09+00:00","dateModified":"2024-07-13T15:41:26+00:00","description":"Ko gero, vienas i\u0161 labiausiai garbinam\u0173 literat\u016bros \u0161edevr\u0173, Levo Tolstojaus \u201eKaras ir taika\u201d yra epinis pasakojimas apie XIX a. Rusij\u0105 per sud\u0117ting\u0105 meil\u0117s trikamp\u012f, kuris jungia pagrindinius veik\u0117jus. Nikolajus Rostovas gr\u012f\u017eta namo atostog\u0173 i\u0161 husar\u0173 pulko ir randa savo \u0161eim\u0105 ant bankroto ribos. Nepaisydamas motinos maldavim\u0173 susirasti turting\u0105 nuotak\u0105, Nikolajus lieka i\u0161tikimas meil\u0117s priesaikai, kuri\u0105 dav\u0117 bekraitei pusseserei Soniai. Nuobod\u0173 santuokin\u012f gyvenim\u0105 \u012f kar\u0105 i\u0161keit\u0119s Andrejus Bolkonskis gauna kovos krik\u0161t\u0105 ir tik sunkiai su\u017eeistas suvokia, kokios tu\u0161\u010dios buvo jo ambicijos. Jaunoji Nata\u0161a Rostova ruo\u0161iasi \u012f pirm\u0105j\u012f savo gyvenimo bali\u0173. Jis, kaip ir karas, sujauks gyvenim\u0105 ne vienam...","breadcrumb":{"@id":"https:\/\/skaitytaknyga.lt\/produktas\/l-tolstojus-karas-ir-taika-4-tomas-1937-m\/#breadcrumb"},"inLanguage":"en-GB","potentialAction":[{"@type":"ReadAction","target":["https:\/\/skaitytaknyga.lt\/produktas\/l-tolstojus-karas-ir-taika-4-tomas-1937-m\/"]}]},{"@type":"ImageObject","inLanguage":"en-GB","@id":"https:\/\/skaitytaknyga.lt\/produktas\/l-tolstojus-karas-ir-taika-4-tomas-1937-m\/#primaryimage","url":"https:\/\/skaitytaknyga.lt\/wp-content\/uploads\/2024\/04\/wp-16154806040341356599748972761132-scaled-e1615480738776.jpg","contentUrl":"https:\/\/skaitytaknyga.lt\/wp-content\/uploads\/2024\/04\/wp-16154806040341356599748972761132-scaled-e1615480738776.jpg","width":2560,"height":1920},{"@type":"BreadcrumbList","@id":"https:\/\/skaitytaknyga.lt\/produktas\/l-tolstojus-karas-ir-taika-4-tomas-1937-m\/#breadcrumb","itemListElement":[{"@type":"ListItem","position":1,"name":"Home","item":"https:\/\/skaitytaknyga.lt\/"},{"@type":"ListItem","position":2,"name":"Parduotuv\u0117","item":"https:\/\/skaitytaknyga.lt\/knygu-parduotuve\/"},{"@type":"ListItem","position":3,"name":"L. Tolstojus \u201eKaras ir taika\u201c (4 tomas) 1937 m"}]},{"@type":"WebSite","@id":"https:\/\/skaitytaknyga.lt\/#website","url":"https:\/\/skaitytaknyga.lt\/","name":"skaitytaknyga.lt","description":"Skaitytaknyga.lt \u2013 tai ma\u017eas \u0161eimos verslas, kuris prasid\u0117jo nuo meil\u0117s knygoms ir siekio i\u0161gelb\u0117ti knygas nuo likimo prie konteinerio. Kas vienam nereikalingas daiktas \u2013 kitam lobis, o mes esame tarpininkai, kurie padeda abiems tapti laimingesniems ???? \u017dinome kaip nelengva i\u0161gyventi ma\u017eiems verslams, tad nuo \u0161iol, \u010dia rasite ir kit\u0173, ma\u017e\u0173 \u0161eim\u0173 versl\u0173, rank\u0173 darbo, dovan\u0173 sau ir artimiesiems.","publisher":{"@id":"https:\/\/skaitytaknyga.lt\/#organization"},"potentialAction":[{"@type":"SearchAction","target":{"@type":"EntryPoint","urlTemplate":"https:\/\/skaitytaknyga.lt\/?s={search_term_string}"},"query-input":{"@type":"PropertyValueSpecification","valueRequired":true,"valueName":"search_term_string"}}],"inLanguage":"en-GB"},{"@type":"Organization","@id":"https:\/\/skaitytaknyga.lt\/#organization","name":"skaitytaknyga.lt","url":"https:\/\/skaitytaknyga.lt\/","logo":{"@type":"ImageObject","inLanguage":"en-GB","@id":"https:\/\/skaitytaknyga.lt\/#\/schema\/logo\/image\/","url":"https:\/\/skaitytaknyga.lt\/wp-content\/uploads\/2024\/05\/cropped-cropped-cropped-02_00843_jt3bggkj1j3HLc7SyY6rEUpg.jpeg","contentUrl":"https:\/\/skaitytaknyga.lt\/wp-content\/uploads\/2024\/05\/cropped-cropped-cropped-02_00843_jt3bggkj1j3HLc7SyY6rEUpg.jpeg","width":1600,"height":1600,"caption":"skaitytaknyga.lt"},"image":{"@id":"https:\/\/skaitytaknyga.lt\/#\/schema\/logo\/image\/"},"sameAs":["https:\/\/www.facebook.com\/skaitytaknyga\/"]}]}},"_links":{"self":[{"href":"https:\/\/skaitytaknyga.lt\/en\/wp-json\/wp\/v2\/product\/4871","targetHints":{"allow":["GET"]}}],"collection":[{"href":"https:\/\/skaitytaknyga.lt\/en\/wp-json\/wp\/v2\/product"}],"about":[{"href":"https:\/\/skaitytaknyga.lt\/en\/wp-json\/wp\/v2\/types\/product"}],"replies":[{"embeddable":true,"href":"https:\/\/skaitytaknyga.lt\/en\/wp-json\/wp\/v2\/comments?post=4871"}],"wp:featuredmedia":[{"embeddable":true,"href":"https:\/\/skaitytaknyga.lt\/en\/wp-json\/wp\/v2\/media\/4922"}],"wp:attachment":[{"href":"https:\/\/skaitytaknyga.lt\/en\/wp-json\/wp\/v2\/media?parent=4871"}],"wp:term":[{"taxonomy":"product_brand","embeddable":true,"href":"https:\/\/skaitytaknyga.lt\/en\/wp-json\/wp\/v2\/product_brand?post=4871"},{"taxonomy":"product_cat","embeddable":true,"href":"https:\/\/skaitytaknyga.lt\/en\/wp-json\/wp\/v2\/product_cat?post=4871"},{"taxonomy":"product_tag","embeddable":true,"href":"https:\/\/skaitytaknyga.lt\/en\/wp-json\/wp\/v2\/product_tag?post=4871"}],"curies":[{"name":"wp","href":"https:\/\/api.w.org\/{rel}","templated":true}]}}