{"id":4845,"date":"2024-04-17T13:55:45","date_gmt":"2024-04-17T13:55:45","guid":{"rendered":"https:\/\/skaitytaknyga.lt\/?post_type=product&#038;p=4845"},"modified":"2024-05-03T07:27:22","modified_gmt":"2024-05-03T07:27:22","slug":"kestutis-girnius-tauta-isbandymai-dorove-tarp-komunizmo-ir-demokratijos","status":"publish","type":"product","link":"https:\/\/skaitytaknyga.lt\/en\/produktas\/kestutis-girnius-tauta-isbandymai-dorove-tarp-komunizmo-ir-demokratijos\/","title":{"rendered":"K\u0119stutis Girnius \u201eTauta, i\u0161bandymai, dorov\u0117 : tarp komunizmo ir demokratijos\u201c"},"content":{"rendered":"<p>Turime asociatyvi\u0173j\u0173 pareig\u0173, nes esame vertinan\u010dios b\u016btyb\u0117s &#8211; ir ne tik ta prasme, kad \u017emon\u0117s kai kuriuos dalykus laiko vertingais, o kai kuriuos &#8211; ne, pavyzd\u017eiui, kad vienas vertina al\u0173, o kitas muzik\u0105. Mes b\u016btume skirtingos b\u016btyb\u0117s, arba bent m\u016bs\u0173 gyvenimas radikaliai pasikeist\u0173, jei nevertintume vaik\u0173, draug\u0173, gimtosios \u0161alies, jei santykiai su jais netur\u0117t\u0173 vaidmens m\u016bs\u0173 gyvenime, jei mintis, jog tai yra mano \u017emona ar draugas, neb\u016bt\u0173 paskata vienaip ar kitaip elgtis, jei mes b\u016btume abejingi \u0161itokiems ry\u0161iams ir santykiams. Pam\u0117gink \u012fsivaizduoti, kaip pasikeist\u0173 tavo gyvenimas, jei ne tik nebevertintum ir nebepuosel\u0117tum to, kas dabar tau svarbu, bet kad ir nieko nebevertintum, jokiems \u017emon\u0117ms ir jokiems projektams nebeteiktum pirmenyb\u0117s, visk\u0105 ir visus lygiai traktuotum? K\u0105 tada veiktum ryt\u0105 atsik\u0117l\u0119s?<\/p>\n","protected":false},"excerpt":{"rendered":"<p>Turime asociatyvi\u0173j\u0173 pareig\u0173, nes esame vertinan\u010dios b\u016btyb\u0117s &#8211; ir ne tik ta prasme, kad \u017emon\u0117s kai kuriuos dalykus laiko vertingais, o kai kuriuos &#8211; ne, pavyzd\u017eiui, kad vienas vertina al\u0173, o kitas muzik\u0105. Mes b\u016btume skirtingos b\u016btyb\u0117s, arba bent m\u016bs\u0173 gyvenimas radikaliai pasikeist\u0173, jei nevertintume vaik\u0173, draug\u0173, gimtosios \u0161alies, jei santykiai su jais netur\u0117t\u0173 vaidmens m\u016bs\u0173 gyvenime, jei mintis, jog tai yra mano \u017emona ar draugas, neb\u016bt\u0173 paskata vienaip ar kitaip elgtis, jei mes b\u016btume abejingi \u0161itokiems ry\u0161iams ir santykiams. Pam\u0117gink \u012fsivaizduoti, kaip pasikeist\u0173 tavo gyvenimas, jei ne tik nebevertintum ir nebepuosel\u0117tum to, kas dabar tau svarbu, bet kad ir nieko nebevertintum, jokiems \u017emon\u0117ms ir jokiems projektams nebeteiktum pirmenyb\u0117s, visk\u0105 ir visus lygiai traktuotum? K\u0105 tada veiktum ryt\u0105 atsik\u0117l\u0119s?<\/p>\n","protected":false},"featured_media":4885,"comment_status":"closed","ping_status":"closed","template":"","meta":{"_acf_changed":false,"site-sidebar-layout":"default","site-content-layout":"","ast-site-content-layout":"default","site-content-style":"default","site-sidebar-style":"default","ast-global-header-display":"","ast-banner-title-visibility":"","ast-main-header-display":"","ast-hfb-above-header-display":"","ast-hfb-below-header-display":"","ast-hfb-mobile-header-display":"","site-post-title":"","ast-breadcrumbs-content":"","ast-featured-img":"","footer-sml-layout":"","ast-disable-related-posts":"","theme-transparent-header-meta":"","adv-header-id-meta":"","stick-header-meta":"","header-above-stick-meta":"","header-main-stick-meta":"","header-below-stick-meta":"","astra-migrate-meta-layouts":"default","ast-page-background-enabled":"default","ast-page-background-meta":{"desktop":{"background-color":"","background-image":"","background-repeat":"repeat","background-position":"center center","background-size":"auto","background-attachment":"scroll","background-type":"","background-media":"","overlay-type":"","overlay-color":"","overlay-opacity":"","overlay-gradient":""},"tablet":{"background-color":"","background-image":"","background-repeat":"repeat","background-position":"center center","background-size":"auto","background-attachment":"scroll","background-type":"","background-media":"","overlay-type":"","overlay-color":"","overlay-opacity":"","overlay-gradient":""},"mobile":{"background-color":"","background-image":"","background-repeat":"repeat","background-position":"center center","background-size":"auto","background-attachment":"scroll","background-type":"","background-media":"","overlay-type":"","overlay-color":"","overlay-opacity":"","overlay-gradient":""}},"ast-content-background-meta":{"desktop":{"background-color":"var(--ast-global-color-4)","background-image":"","background-repeat":"repeat","background-position":"center center","background-size":"auto","background-attachment":"scroll","background-type":"","background-media":"","overlay-type":"","overlay-color":"","overlay-opacity":"","overlay-gradient":""},"tablet":{"background-color":"var(--ast-global-color-4)","background-image":"","background-repeat":"repeat","background-position":"center center","background-size":"auto","background-attachment":"scroll","background-type":"","background-media":"","overlay-type":"","overlay-color":"","overlay-opacity":"","overlay-gradient":""},"mobile":{"background-color":"var(--ast-global-color-4)","background-image":"","background-repeat":"repeat","background-position":"center center","background-size":"auto","background-attachment":"scroll","background-type":"","background-media":"","overlay-type":"","overlay-color":"","overlay-opacity":"","overlay-gradient":""}}},"product_brand":[],"product_cat":[165],"product_tag":[],"class_list":{"0":"post-4845","1":"product","2":"type-product","3":"status-publish","4":"has-post-thumbnail","6":"product_cat-religija-filosofija-ir-ezoterika","7":"pa_leidimo-metai-93","8":"desktop-align-left","9":"tablet-align-left","10":"mobile-align-left","12":"first","13":"instock","14":"shipping-taxable","15":"purchasable","16":"product-type-simple"},"acf":[],"yoast_head":"<!-- This site is optimized with the Yoast SEO plugin v27.0 - https:\/\/yoast.com\/product\/yoast-seo-wordpress\/ -->\n<title>K\u0119stutis Girnius \u201eTauta, i\u0161bandymai, dorov\u0117 : tarp komunizmo ir demokratijos\u201c - Skaitytaknyga<\/title>\n<meta name=\"description\" content=\"Turime asociatyvi\u0173j\u0173 pareig\u0173, nes esame vertinan\u010dios b\u016btyb\u0117s - ir ne tik ta prasme, kad \u017emon\u0117s kai kuriuos dalykus laiko vertingais, o kai kuriuos - ne, pavyzd\u017eiui, kad vienas vertina al\u0173, o kitas muzik\u0105. Mes b\u016btume skirtingos b\u016btyb\u0117s, arba bent m\u016bs\u0173 gyvenimas radikaliai pasikeist\u0173, jei nevertintume vaik\u0173, draug\u0173, gimtosios \u0161alies, jei santykiai su jais netur\u0117t\u0173 vaidmens m\u016bs\u0173 gyvenime, jei mintis, jog tai yra mano \u017emona ar draugas, neb\u016bt\u0173 paskata vienaip ar kitaip elgtis, jei mes b\u016btume abejingi \u0161itokiems ry\u0161iams ir santykiams. Pam\u0117gink \u012fsivaizduoti, kaip pasikeist\u0173 tavo gyvenimas, jei ne tik nebevertintum ir nebepuosel\u0117tum to, kas dabar tau svarbu, bet kad ir nieko nebevertintum, jokiems \u017emon\u0117ms ir jokiems projektams nebeteiktum pirmenyb\u0117s, visk\u0105 ir visus lygiai traktuotum? K\u0105 tada veiktum ryt\u0105 atsik\u0117l\u0119s?\" \/>\n<meta name=\"robots\" content=\"index, follow, max-snippet:-1, max-image-preview:large, max-video-preview:-1\" \/>\n<link rel=\"canonical\" href=\"https:\/\/skaitytaknyga.lt\/en\/produktas\/kestutis-girnius-tauta-isbandymai-dorove-tarp-komunizmo-ir-demokratijos\/\" \/>\n<meta property=\"og:locale\" content=\"en_GB\" \/>\n<meta property=\"og:locale:alternate\" content=\"lt_LT\" \/>\n<meta property=\"og:type\" content=\"article\" \/>\n<meta property=\"og:title\" content=\"K\u0119stutis Girnius \u201eTauta, i\u0161bandymai, dorov\u0117 : tarp komunizmo ir demokratijos\u201c - Skaitytaknyga\" \/>\n<meta property=\"og:description\" content=\"Turime asociatyvi\u0173j\u0173 pareig\u0173, nes esame vertinan\u010dios b\u016btyb\u0117s - ir ne tik ta prasme, kad \u017emon\u0117s kai kuriuos dalykus laiko vertingais, o kai kuriuos - ne, pavyzd\u017eiui, kad vienas vertina al\u0173, o kitas muzik\u0105. Mes b\u016btume skirtingos b\u016btyb\u0117s, arba bent m\u016bs\u0173 gyvenimas radikaliai pasikeist\u0173, jei nevertintume vaik\u0173, draug\u0173, gimtosios \u0161alies, jei santykiai su jais netur\u0117t\u0173 vaidmens m\u016bs\u0173 gyvenime, jei mintis, jog tai yra mano \u017emona ar draugas, neb\u016bt\u0173 paskata vienaip ar kitaip elgtis, jei mes b\u016btume abejingi \u0161itokiems ry\u0161iams ir santykiams. Pam\u0117gink \u012fsivaizduoti, kaip pasikeist\u0173 tavo gyvenimas, jei ne tik nebevertintum ir nebepuosel\u0117tum to, kas dabar tau svarbu, bet kad ir nieko nebevertintum, jokiems \u017emon\u0117ms ir jokiems projektams nebeteiktum pirmenyb\u0117s, visk\u0105 ir visus lygiai traktuotum? K\u0105 tada veiktum ryt\u0105 atsik\u0117l\u0119s?\" \/>\n<meta property=\"og:url\" content=\"https:\/\/skaitytaknyga.lt\/en\/produktas\/kestutis-girnius-tauta-isbandymai-dorove-tarp-komunizmo-ir-demokratijos\/\" \/>\n<meta property=\"og:site_name\" content=\"Skaitytaknyga\" \/>\n<meta property=\"article:publisher\" content=\"https:\/\/www.facebook.com\/skaitytaknyga\/\" \/>\n<meta property=\"article:modified_time\" content=\"2024-05-03T07:27:22+00:00\" \/>\n<meta property=\"og:image\" content=\"https:\/\/skaitytaknyga.lt\/wp-content\/uploads\/2024\/04\/wp-16151137308701441026652481968416-scaled-1.jpg\" \/>\n\t<meta property=\"og:image:width\" content=\"1920\" \/>\n\t<meta property=\"og:image:height\" content=\"2560\" \/>\n\t<meta property=\"og:image:type\" content=\"image\/jpeg\" \/>\n<meta name=\"twitter:card\" content=\"summary_large_image\" \/>\n<meta name=\"twitter:label1\" content=\"Estimated reading time\" \/>\n\t<meta name=\"twitter:data1\" content=\"1 minute\" \/>\n<script type=\"application\/ld+json\" class=\"yoast-schema-graph\">{\"@context\":\"https:\/\/schema.org\",\"@graph\":[{\"@type\":\"WebPage\",\"@id\":\"https:\/\/skaitytaknyga.lt\/produktas\/kestutis-girnius-tauta-isbandymai-dorove-tarp-komunizmo-ir-demokratijos\/\",\"url\":\"https:\/\/skaitytaknyga.lt\/produktas\/kestutis-girnius-tauta-isbandymai-dorove-tarp-komunizmo-ir-demokratijos\/\",\"name\":\"K\u0119stutis Girnius \u201eTauta, i\u0161bandymai, dorov\u0117 : tarp komunizmo ir demokratijos\u201c - Skaitytaknyga\",\"isPartOf\":{\"@id\":\"https:\/\/skaitytaknyga.lt\/#website\"},\"primaryImageOfPage\":{\"@id\":\"https:\/\/skaitytaknyga.lt\/produktas\/kestutis-girnius-tauta-isbandymai-dorove-tarp-komunizmo-ir-demokratijos\/#primaryimage\"},\"image\":{\"@id\":\"https:\/\/skaitytaknyga.lt\/produktas\/kestutis-girnius-tauta-isbandymai-dorove-tarp-komunizmo-ir-demokratijos\/#primaryimage\"},\"thumbnailUrl\":\"https:\/\/skaitytaknyga.lt\/wp-content\/uploads\/2024\/04\/wp-16151137308701441026652481968416-scaled-1.jpg\",\"datePublished\":\"2024-04-17T13:55:45+00:00\",\"dateModified\":\"2024-05-03T07:27:22+00:00\",\"description\":\"Turime asociatyvi\u0173j\u0173 pareig\u0173, nes esame vertinan\u010dios b\u016btyb\u0117s - ir ne tik ta prasme, kad \u017emon\u0117s kai kuriuos dalykus laiko vertingais, o kai kuriuos - ne, pavyzd\u017eiui, kad vienas vertina al\u0173, o kitas muzik\u0105. Mes b\u016btume skirtingos b\u016btyb\u0117s, arba bent m\u016bs\u0173 gyvenimas radikaliai pasikeist\u0173, jei nevertintume vaik\u0173, draug\u0173, gimtosios \u0161alies, jei santykiai su jais netur\u0117t\u0173 vaidmens m\u016bs\u0173 gyvenime, jei mintis, jog tai yra mano \u017emona ar draugas, neb\u016bt\u0173 paskata vienaip ar kitaip elgtis, jei mes b\u016btume abejingi \u0161itokiems ry\u0161iams ir santykiams. Pam\u0117gink \u012fsivaizduoti, kaip pasikeist\u0173 tavo gyvenimas, jei ne tik nebevertintum ir nebepuosel\u0117tum to, kas dabar tau svarbu, bet kad ir nieko nebevertintum, jokiems \u017emon\u0117ms ir jokiems projektams nebeteiktum pirmenyb\u0117s, visk\u0105 ir visus lygiai traktuotum? K\u0105 tada veiktum ryt\u0105 atsik\u0117l\u0119s?\",\"breadcrumb\":{\"@id\":\"https:\/\/skaitytaknyga.lt\/produktas\/kestutis-girnius-tauta-isbandymai-dorove-tarp-komunizmo-ir-demokratijos\/#breadcrumb\"},\"inLanguage\":\"en-GB\",\"potentialAction\":[{\"@type\":\"ReadAction\",\"target\":[\"https:\/\/skaitytaknyga.lt\/produktas\/kestutis-girnius-tauta-isbandymai-dorove-tarp-komunizmo-ir-demokratijos\/\"]}]},{\"@type\":\"ImageObject\",\"inLanguage\":\"en-GB\",\"@id\":\"https:\/\/skaitytaknyga.lt\/produktas\/kestutis-girnius-tauta-isbandymai-dorove-tarp-komunizmo-ir-demokratijos\/#primaryimage\",\"url\":\"https:\/\/skaitytaknyga.lt\/wp-content\/uploads\/2024\/04\/wp-16151137308701441026652481968416-scaled-1.jpg\",\"contentUrl\":\"https:\/\/skaitytaknyga.lt\/wp-content\/uploads\/2024\/04\/wp-16151137308701441026652481968416-scaled-1.jpg\",\"width\":1920,\"height\":2560},{\"@type\":\"BreadcrumbList\",\"@id\":\"https:\/\/skaitytaknyga.lt\/produktas\/kestutis-girnius-tauta-isbandymai-dorove-tarp-komunizmo-ir-demokratijos\/#breadcrumb\",\"itemListElement\":[{\"@type\":\"ListItem\",\"position\":1,\"name\":\"Home\",\"item\":\"https:\/\/skaitytaknyga.lt\/\"},{\"@type\":\"ListItem\",\"position\":2,\"name\":\"Parduotuv\u0117\",\"item\":\"https:\/\/skaitytaknyga.lt\/knygu-parduotuve\/\"},{\"@type\":\"ListItem\",\"position\":3,\"name\":\"K\u0119stutis Girnius \u201eTauta, i\u0161bandymai, dorov\u0117 : tarp komunizmo ir demokratijos\u201c\"}]},{\"@type\":\"WebSite\",\"@id\":\"https:\/\/skaitytaknyga.lt\/#website\",\"url\":\"https:\/\/skaitytaknyga.lt\/\",\"name\":\"skaitytaknyga.lt\",\"description\":\"Skaitytaknyga.lt \u2013 tai ma\u017eas \u0161eimos verslas, kuris prasid\u0117jo nuo meil\u0117s knygoms ir siekio i\u0161gelb\u0117ti knygas nuo likimo prie konteinerio. Kas vienam nereikalingas daiktas \u2013 kitam lobis, o mes esame tarpininkai, kurie padeda abiems tapti laimingesniems ???? \u017dinome kaip nelengva i\u0161gyventi ma\u017eiems verslams, tad nuo \u0161iol, \u010dia rasite ir kit\u0173, ma\u017e\u0173 \u0161eim\u0173 versl\u0173, rank\u0173 darbo, dovan\u0173 sau ir artimiesiems.\",\"publisher\":{\"@id\":\"https:\/\/skaitytaknyga.lt\/#organization\"},\"potentialAction\":[{\"@type\":\"SearchAction\",\"target\":{\"@type\":\"EntryPoint\",\"urlTemplate\":\"https:\/\/skaitytaknyga.lt\/?s={search_term_string}\"},\"query-input\":{\"@type\":\"PropertyValueSpecification\",\"valueRequired\":true,\"valueName\":\"search_term_string\"}}],\"inLanguage\":\"en-GB\"},{\"@type\":\"Organization\",\"@id\":\"https:\/\/skaitytaknyga.lt\/#organization\",\"name\":\"skaitytaknyga.lt\",\"url\":\"https:\/\/skaitytaknyga.lt\/\",\"logo\":{\"@type\":\"ImageObject\",\"inLanguage\":\"en-GB\",\"@id\":\"https:\/\/skaitytaknyga.lt\/#\/schema\/logo\/image\/\",\"url\":\"https:\/\/skaitytaknyga.lt\/wp-content\/uploads\/2024\/05\/cropped-cropped-cropped-02_00843_jt3bggkj1j3HLc7SyY6rEUpg.jpeg\",\"contentUrl\":\"https:\/\/skaitytaknyga.lt\/wp-content\/uploads\/2024\/05\/cropped-cropped-cropped-02_00843_jt3bggkj1j3HLc7SyY6rEUpg.jpeg\",\"width\":1600,\"height\":1600,\"caption\":\"skaitytaknyga.lt\"},\"image\":{\"@id\":\"https:\/\/skaitytaknyga.lt\/#\/schema\/logo\/image\/\"},\"sameAs\":[\"https:\/\/www.facebook.com\/skaitytaknyga\/\"]}]}<\/script>\n<!-- \/ Yoast SEO plugin. -->","yoast_head_json":{"title":"K\u0119stutis Girnius \u201eTauta, i\u0161bandymai, dorov\u0117 : tarp komunizmo ir demokratijos\u201c - Skaitytaknyga","description":"Turime asociatyvi\u0173j\u0173 pareig\u0173, nes esame vertinan\u010dios b\u016btyb\u0117s - ir ne tik ta prasme, kad \u017emon\u0117s kai kuriuos dalykus laiko vertingais, o kai kuriuos - ne, pavyzd\u017eiui, kad vienas vertina al\u0173, o kitas muzik\u0105. Mes b\u016btume skirtingos b\u016btyb\u0117s, arba bent m\u016bs\u0173 gyvenimas radikaliai pasikeist\u0173, jei nevertintume vaik\u0173, draug\u0173, gimtosios \u0161alies, jei santykiai su jais netur\u0117t\u0173 vaidmens m\u016bs\u0173 gyvenime, jei mintis, jog tai yra mano \u017emona ar draugas, neb\u016bt\u0173 paskata vienaip ar kitaip elgtis, jei mes b\u016btume abejingi \u0161itokiems ry\u0161iams ir santykiams. Pam\u0117gink \u012fsivaizduoti, kaip pasikeist\u0173 tavo gyvenimas, jei ne tik nebevertintum ir nebepuosel\u0117tum to, kas dabar tau svarbu, bet kad ir nieko nebevertintum, jokiems \u017emon\u0117ms ir jokiems projektams nebeteiktum pirmenyb\u0117s, visk\u0105 ir visus lygiai traktuotum? K\u0105 tada veiktum ryt\u0105 atsik\u0117l\u0119s?","robots":{"index":"index","follow":"follow","max-snippet":"max-snippet:-1","max-image-preview":"max-image-preview:large","max-video-preview":"max-video-preview:-1"},"canonical":"https:\/\/skaitytaknyga.lt\/en\/produktas\/kestutis-girnius-tauta-isbandymai-dorove-tarp-komunizmo-ir-demokratijos\/","og_locale":"en_GB","og_type":"article","og_title":"K\u0119stutis Girnius \u201eTauta, i\u0161bandymai, dorov\u0117 : tarp komunizmo ir demokratijos\u201c - Skaitytaknyga","og_description":"Turime asociatyvi\u0173j\u0173 pareig\u0173, nes esame vertinan\u010dios b\u016btyb\u0117s - ir ne tik ta prasme, kad \u017emon\u0117s kai kuriuos dalykus laiko vertingais, o kai kuriuos - ne, pavyzd\u017eiui, kad vienas vertina al\u0173, o kitas muzik\u0105. Mes b\u016btume skirtingos b\u016btyb\u0117s, arba bent m\u016bs\u0173 gyvenimas radikaliai pasikeist\u0173, jei nevertintume vaik\u0173, draug\u0173, gimtosios \u0161alies, jei santykiai su jais netur\u0117t\u0173 vaidmens m\u016bs\u0173 gyvenime, jei mintis, jog tai yra mano \u017emona ar draugas, neb\u016bt\u0173 paskata vienaip ar kitaip elgtis, jei mes b\u016btume abejingi \u0161itokiems ry\u0161iams ir santykiams. Pam\u0117gink \u012fsivaizduoti, kaip pasikeist\u0173 tavo gyvenimas, jei ne tik nebevertintum ir nebepuosel\u0117tum to, kas dabar tau svarbu, bet kad ir nieko nebevertintum, jokiems \u017emon\u0117ms ir jokiems projektams nebeteiktum pirmenyb\u0117s, visk\u0105 ir visus lygiai traktuotum? K\u0105 tada veiktum ryt\u0105 atsik\u0117l\u0119s?","og_url":"https:\/\/skaitytaknyga.lt\/en\/produktas\/kestutis-girnius-tauta-isbandymai-dorove-tarp-komunizmo-ir-demokratijos\/","og_site_name":"Skaitytaknyga","article_publisher":"https:\/\/www.facebook.com\/skaitytaknyga\/","article_modified_time":"2024-05-03T07:27:22+00:00","og_image":[{"width":1920,"height":2560,"url":"https:\/\/skaitytaknyga.lt\/wp-content\/uploads\/2024\/04\/wp-16151137308701441026652481968416-scaled-1.jpg","type":"image\/jpeg"}],"twitter_card":"summary_large_image","twitter_misc":{"Estimated reading time":"1 minute"},"schema":{"@context":"https:\/\/schema.org","@graph":[{"@type":"WebPage","@id":"https:\/\/skaitytaknyga.lt\/produktas\/kestutis-girnius-tauta-isbandymai-dorove-tarp-komunizmo-ir-demokratijos\/","url":"https:\/\/skaitytaknyga.lt\/produktas\/kestutis-girnius-tauta-isbandymai-dorove-tarp-komunizmo-ir-demokratijos\/","name":"K\u0119stutis Girnius \u201eTauta, i\u0161bandymai, dorov\u0117 : tarp komunizmo ir demokratijos\u201c - Skaitytaknyga","isPartOf":{"@id":"https:\/\/skaitytaknyga.lt\/#website"},"primaryImageOfPage":{"@id":"https:\/\/skaitytaknyga.lt\/produktas\/kestutis-girnius-tauta-isbandymai-dorove-tarp-komunizmo-ir-demokratijos\/#primaryimage"},"image":{"@id":"https:\/\/skaitytaknyga.lt\/produktas\/kestutis-girnius-tauta-isbandymai-dorove-tarp-komunizmo-ir-demokratijos\/#primaryimage"},"thumbnailUrl":"https:\/\/skaitytaknyga.lt\/wp-content\/uploads\/2024\/04\/wp-16151137308701441026652481968416-scaled-1.jpg","datePublished":"2024-04-17T13:55:45+00:00","dateModified":"2024-05-03T07:27:22+00:00","description":"Turime asociatyvi\u0173j\u0173 pareig\u0173, nes esame vertinan\u010dios b\u016btyb\u0117s - ir ne tik ta prasme, kad \u017emon\u0117s kai kuriuos dalykus laiko vertingais, o kai kuriuos - ne, pavyzd\u017eiui, kad vienas vertina al\u0173, o kitas muzik\u0105. Mes b\u016btume skirtingos b\u016btyb\u0117s, arba bent m\u016bs\u0173 gyvenimas radikaliai pasikeist\u0173, jei nevertintume vaik\u0173, draug\u0173, gimtosios \u0161alies, jei santykiai su jais netur\u0117t\u0173 vaidmens m\u016bs\u0173 gyvenime, jei mintis, jog tai yra mano \u017emona ar draugas, neb\u016bt\u0173 paskata vienaip ar kitaip elgtis, jei mes b\u016btume abejingi \u0161itokiems ry\u0161iams ir santykiams. Pam\u0117gink \u012fsivaizduoti, kaip pasikeist\u0173 tavo gyvenimas, jei ne tik nebevertintum ir nebepuosel\u0117tum to, kas dabar tau svarbu, bet kad ir nieko nebevertintum, jokiems \u017emon\u0117ms ir jokiems projektams nebeteiktum pirmenyb\u0117s, visk\u0105 ir visus lygiai traktuotum? K\u0105 tada veiktum ryt\u0105 atsik\u0117l\u0119s?","breadcrumb":{"@id":"https:\/\/skaitytaknyga.lt\/produktas\/kestutis-girnius-tauta-isbandymai-dorove-tarp-komunizmo-ir-demokratijos\/#breadcrumb"},"inLanguage":"en-GB","potentialAction":[{"@type":"ReadAction","target":["https:\/\/skaitytaknyga.lt\/produktas\/kestutis-girnius-tauta-isbandymai-dorove-tarp-komunizmo-ir-demokratijos\/"]}]},{"@type":"ImageObject","inLanguage":"en-GB","@id":"https:\/\/skaitytaknyga.lt\/produktas\/kestutis-girnius-tauta-isbandymai-dorove-tarp-komunizmo-ir-demokratijos\/#primaryimage","url":"https:\/\/skaitytaknyga.lt\/wp-content\/uploads\/2024\/04\/wp-16151137308701441026652481968416-scaled-1.jpg","contentUrl":"https:\/\/skaitytaknyga.lt\/wp-content\/uploads\/2024\/04\/wp-16151137308701441026652481968416-scaled-1.jpg","width":1920,"height":2560},{"@type":"BreadcrumbList","@id":"https:\/\/skaitytaknyga.lt\/produktas\/kestutis-girnius-tauta-isbandymai-dorove-tarp-komunizmo-ir-demokratijos\/#breadcrumb","itemListElement":[{"@type":"ListItem","position":1,"name":"Home","item":"https:\/\/skaitytaknyga.lt\/"},{"@type":"ListItem","position":2,"name":"Parduotuv\u0117","item":"https:\/\/skaitytaknyga.lt\/knygu-parduotuve\/"},{"@type":"ListItem","position":3,"name":"K\u0119stutis Girnius \u201eTauta, i\u0161bandymai, dorov\u0117 : tarp komunizmo ir demokratijos\u201c"}]},{"@type":"WebSite","@id":"https:\/\/skaitytaknyga.lt\/#website","url":"https:\/\/skaitytaknyga.lt\/","name":"skaitytaknyga.lt","description":"Skaitytaknyga.lt \u2013 tai ma\u017eas \u0161eimos verslas, kuris prasid\u0117jo nuo meil\u0117s knygoms ir siekio i\u0161gelb\u0117ti knygas nuo likimo prie konteinerio. Kas vienam nereikalingas daiktas \u2013 kitam lobis, o mes esame tarpininkai, kurie padeda abiems tapti laimingesniems ???? \u017dinome kaip nelengva i\u0161gyventi ma\u017eiems verslams, tad nuo \u0161iol, \u010dia rasite ir kit\u0173, ma\u017e\u0173 \u0161eim\u0173 versl\u0173, rank\u0173 darbo, dovan\u0173 sau ir artimiesiems.","publisher":{"@id":"https:\/\/skaitytaknyga.lt\/#organization"},"potentialAction":[{"@type":"SearchAction","target":{"@type":"EntryPoint","urlTemplate":"https:\/\/skaitytaknyga.lt\/?s={search_term_string}"},"query-input":{"@type":"PropertyValueSpecification","valueRequired":true,"valueName":"search_term_string"}}],"inLanguage":"en-GB"},{"@type":"Organization","@id":"https:\/\/skaitytaknyga.lt\/#organization","name":"skaitytaknyga.lt","url":"https:\/\/skaitytaknyga.lt\/","logo":{"@type":"ImageObject","inLanguage":"en-GB","@id":"https:\/\/skaitytaknyga.lt\/#\/schema\/logo\/image\/","url":"https:\/\/skaitytaknyga.lt\/wp-content\/uploads\/2024\/05\/cropped-cropped-cropped-02_00843_jt3bggkj1j3HLc7SyY6rEUpg.jpeg","contentUrl":"https:\/\/skaitytaknyga.lt\/wp-content\/uploads\/2024\/05\/cropped-cropped-cropped-02_00843_jt3bggkj1j3HLc7SyY6rEUpg.jpeg","width":1600,"height":1600,"caption":"skaitytaknyga.lt"},"image":{"@id":"https:\/\/skaitytaknyga.lt\/#\/schema\/logo\/image\/"},"sameAs":["https:\/\/www.facebook.com\/skaitytaknyga\/"]}]}},"_links":{"self":[{"href":"https:\/\/skaitytaknyga.lt\/en\/wp-json\/wp\/v2\/product\/4845","targetHints":{"allow":["GET"]}}],"collection":[{"href":"https:\/\/skaitytaknyga.lt\/en\/wp-json\/wp\/v2\/product"}],"about":[{"href":"https:\/\/skaitytaknyga.lt\/en\/wp-json\/wp\/v2\/types\/product"}],"replies":[{"embeddable":true,"href":"https:\/\/skaitytaknyga.lt\/en\/wp-json\/wp\/v2\/comments?post=4845"}],"wp:featuredmedia":[{"embeddable":true,"href":"https:\/\/skaitytaknyga.lt\/en\/wp-json\/wp\/v2\/media\/4885"}],"wp:attachment":[{"href":"https:\/\/skaitytaknyga.lt\/en\/wp-json\/wp\/v2\/media?parent=4845"}],"wp:term":[{"taxonomy":"product_brand","embeddable":true,"href":"https:\/\/skaitytaknyga.lt\/en\/wp-json\/wp\/v2\/product_brand?post=4845"},{"taxonomy":"product_cat","embeddable":true,"href":"https:\/\/skaitytaknyga.lt\/en\/wp-json\/wp\/v2\/product_cat?post=4845"},{"taxonomy":"product_tag","embeddable":true,"href":"https:\/\/skaitytaknyga.lt\/en\/wp-json\/wp\/v2\/product_tag?post=4845"}],"curies":[{"name":"wp","href":"https:\/\/api.w.org\/{rel}","templated":true}]}}