{"id":4823,"date":"2024-04-17T13:55:22","date_gmt":"2024-04-17T13:55:22","guid":{"rendered":"https:\/\/skaitytaknyga.lt\/?post_type=product&#038;p=4823"},"modified":"2024-05-03T07:27:18","modified_gmt":"2024-05-03T07:27:18","slug":"sherryl-woods-traukos-desniai-roziu-sodas-3-knyga","status":"publish","type":"product","link":"https:\/\/skaitytaknyga.lt\/en\/produktas\/sherryl-woods-traukos-desniai-roziu-sodas-3-knyga\/","title":{"rendered":"Sherryl Woods \u201eTraukos d\u0117sniai. Ro\u017ei\u0173 sodas\u201c 3 knyga"},"content":{"rendered":"<p>\u201eTraukos d\u0117sniai\u201c \u2013 tre\u010dioji keturlogijos \u201eRo\u017ei\u0173 sodas\u201c knyga.<\/p>\n<p>Na ir byla! Vos paskelbus teismo nuosprend\u012f advokat\u0117 E\u0161l\u0117 Dand\u017eelo sprunka i\u0161 miesto. Jai reikia laiko visk\u0105 apm\u0105styti. Senel\u0117s namuose ji pasislepia nuo \u017emoni\u0173 ir \u012fkyri\u0173 klausim\u0173. Ta\u010diau s\u0105\u017ein\u0117s balsas randa ir \u010dia \u2013 ar tikrai karjera jai svarbiausia? Ai\u0161ku viena: kad ir k\u0105 tauk\u0161t\u0173 triuk\u0161mingosios jos seserys, E\u0161l\u0117 nesileis \u012ftikinama, kad Ro\u017ei\u0173 sode pra\u017eysta meil\u0117.<\/p>\n<p>Deja, netrukus ambicingajai E\u0161lei tenka pripa\u017einti: tereik\u0117jo vieno susitikimo ir D\u017eo\u0161as Medisonas j\u0105 paverg\u0117. J\u0105! E\u0161l\u0117 negali i\u0161mesti i\u0161 galvos min\u010di\u0173 apie vyr\u0105, tok\u012f nepana\u0161\u0173 \u012f visus tuos, su kuriais susitikin\u0117jo lig \u0161iol. \u012edomu, kas bus, kai ji su\u017einos, k\u0105 D\u017eo\u0161as i\u0161 ties\u0173 slepia.<\/p>\n","protected":false},"excerpt":{"rendered":"<p><strong>\u201eTraukos d\u0117sniai\u201c<\/strong>\u00a0\u2013 tre\u010dioji keturlogijos\u00a0<strong>\u201eRo\u017ei\u0173 sodas\u201c<\/strong>\u00a0knyga.<\/p>\n<p>Na ir byla! Vos paskelbus teismo nuosprend\u012f advokat\u0117 E\u0161l\u0117 Dand\u017eelo sprunka i\u0161 miesto. Jai reikia laiko visk\u0105 apm\u0105styti. Senel\u0117s namuose ji pasislepia nuo \u017emoni\u0173 ir \u012fkyri\u0173 klausim\u0173. Ta\u010diau s\u0105\u017ein\u0117s balsas randa ir \u010dia \u2013 ar tikrai karjera jai svarbiausia? Ai\u0161ku viena: kad ir k\u0105 tauk\u0161t\u0173 triuk\u0161mingosios jos seserys, E\u0161l\u0117 nesileis \u012ftikinama, kad Ro\u017ei\u0173 sode pra\u017eysta meil\u0117.<\/p>\n<p>Deja, netrukus ambicingajai E\u0161lei tenka pripa\u017einti: tereik\u0117jo vieno susitikimo ir D\u017eo\u0161as Medisonas j\u0105 paverg\u0117. J\u0105! E\u0161l\u0117 negali i\u0161mesti i\u0161 galvos min\u010di\u0173 apie vyr\u0105, tok\u012f nepana\u0161\u0173 \u012f visus tuos, su kuriais susitikin\u0117jo lig \u0161iol. \u012edomu, kas bus, kai ji su\u017einos, k\u0105 D\u017eo\u0161as i\u0161 ties\u0173 slepia.<\/p>\n","protected":false},"featured_media":4879,"comment_status":"closed","ping_status":"closed","template":"","meta":{"_acf_changed":false,"site-sidebar-layout":"default","site-content-layout":"","ast-site-content-layout":"default","site-content-style":"default","site-sidebar-style":"default","ast-global-header-display":"","ast-banner-title-visibility":"","ast-main-header-display":"","ast-hfb-above-header-display":"","ast-hfb-below-header-display":"","ast-hfb-mobile-header-display":"","site-post-title":"","ast-breadcrumbs-content":"","ast-featured-img":"","footer-sml-layout":"","ast-disable-related-posts":"","theme-transparent-header-meta":"","adv-header-id-meta":"","stick-header-meta":"","header-above-stick-meta":"","header-main-stick-meta":"","header-below-stick-meta":"","astra-migrate-meta-layouts":"default","ast-page-background-enabled":"default","ast-page-background-meta":{"desktop":{"background-color":"","background-image":"","background-repeat":"repeat","background-position":"center center","background-size":"auto","background-attachment":"scroll","background-type":"","background-media":"","overlay-type":"","overlay-color":"","overlay-opacity":"","overlay-gradient":""},"tablet":{"background-color":"","background-image":"","background-repeat":"repeat","background-position":"center center","background-size":"auto","background-attachment":"scroll","background-type":"","background-media":"","overlay-type":"","overlay-color":"","overlay-opacity":"","overlay-gradient":""},"mobile":{"background-color":"","background-image":"","background-repeat":"repeat","background-position":"center center","background-size":"auto","background-attachment":"scroll","background-type":"","background-media":"","overlay-type":"","overlay-color":"","overlay-opacity":"","overlay-gradient":""}},"ast-content-background-meta":{"desktop":{"background-color":"var(--ast-global-color-4)","background-image":"","background-repeat":"repeat","background-position":"center center","background-size":"auto","background-attachment":"scroll","background-type":"","background-media":"","overlay-type":"","overlay-color":"","overlay-opacity":"","overlay-gradient":""},"tablet":{"background-color":"var(--ast-global-color-4)","background-image":"","background-repeat":"repeat","background-position":"center center","background-size":"auto","background-attachment":"scroll","background-type":"","background-media":"","overlay-type":"","overlay-color":"","overlay-opacity":"","overlay-gradient":""},"mobile":{"background-color":"var(--ast-global-color-4)","background-image":"","background-repeat":"repeat","background-position":"center center","background-size":"auto","background-attachment":"scroll","background-type":"","background-media":"","overlay-type":"","overlay-color":"","overlay-opacity":"","overlay-gradient":""}}},"product_brand":[],"product_cat":[31],"product_tag":[],"class_list":{"0":"post-4823","1":"product","2":"type-product","3":"status-publish","4":"has-post-thumbnail","6":"product_cat-grozine-literatura","7":"pa_leidimo-metai-698","8":"desktop-align-left","9":"tablet-align-left","10":"mobile-align-left","12":"first","13":"instock","14":"shipping-taxable","15":"purchasable","16":"product-type-simple"},"acf":[],"yoast_head":"<!-- This site is optimized with the Yoast SEO plugin v27.0 - https:\/\/yoast.com\/product\/yoast-seo-wordpress\/ -->\n<title>Sherryl Woods \u201eTraukos d\u0117sniai. Ro\u017ei\u0173 sodas\u201c 3 knyga - Skaitytaknyga<\/title>\n<meta name=\"description\" content=\"\u201eTraukos d\u0117sniai\u201c\u00a0\u2013 tre\u010dioji keturlogijos\u00a0\u201eRo\u017ei\u0173 sodas\u201c\u00a0knyga.  Na ir byla! Vos paskelbus teismo nuosprend\u012f advokat\u0117 E\u0161l\u0117 Dand\u017eelo sprunka i\u0161 miesto. Jai reikia laiko visk\u0105 apm\u0105styti. Senel\u0117s namuose ji pasislepia nuo \u017emoni\u0173 ir \u012fkyri\u0173 klausim\u0173. Ta\u010diau s\u0105\u017ein\u0117s balsas randa ir \u010dia \u2013 ar tikrai karjera jai svarbiausia? Ai\u0161ku viena: kad ir k\u0105 tauk\u0161t\u0173 triuk\u0161mingosios jos seserys, E\u0161l\u0117 nesileis \u012ftikinama, kad Ro\u017ei\u0173 sode pra\u017eysta meil\u0117.  Deja, netrukus ambicingajai E\u0161lei tenka pripa\u017einti: tereik\u0117jo vieno susitikimo ir D\u017eo\u0161as Medisonas j\u0105 paverg\u0117. J\u0105! E\u0161l\u0117 negali i\u0161mesti i\u0161 galvos min\u010di\u0173 apie vyr\u0105, tok\u012f nepana\u0161\u0173 \u012f visus tuos, su kuriais susitikin\u0117jo lig \u0161iol. \u012edomu, kas bus, kai ji su\u017einos, k\u0105 D\u017eo\u0161as i\u0161 ties\u0173 slepia.\" \/>\n<meta name=\"robots\" content=\"index, follow, max-snippet:-1, max-image-preview:large, max-video-preview:-1\" \/>\n<link rel=\"canonical\" href=\"https:\/\/skaitytaknyga.lt\/en\/produktas\/sherryl-woods-traukos-desniai-roziu-sodas-3-knyga\/\" \/>\n<meta property=\"og:locale\" content=\"en_GB\" \/>\n<meta property=\"og:locale:alternate\" content=\"lt_LT\" \/>\n<meta property=\"og:type\" content=\"article\" \/>\n<meta property=\"og:title\" content=\"Sherryl Woods \u201eTraukos d\u0117sniai. Ro\u017ei\u0173 sodas\u201c 3 knyga - Skaitytaknyga\" \/>\n<meta property=\"og:description\" content=\"\u201eTraukos d\u0117sniai\u201c\u00a0\u2013 tre\u010dioji keturlogijos\u00a0\u201eRo\u017ei\u0173 sodas\u201c\u00a0knyga.  Na ir byla! Vos paskelbus teismo nuosprend\u012f advokat\u0117 E\u0161l\u0117 Dand\u017eelo sprunka i\u0161 miesto. Jai reikia laiko visk\u0105 apm\u0105styti. Senel\u0117s namuose ji pasislepia nuo \u017emoni\u0173 ir \u012fkyri\u0173 klausim\u0173. Ta\u010diau s\u0105\u017ein\u0117s balsas randa ir \u010dia \u2013 ar tikrai karjera jai svarbiausia? Ai\u0161ku viena: kad ir k\u0105 tauk\u0161t\u0173 triuk\u0161mingosios jos seserys, E\u0161l\u0117 nesileis \u012ftikinama, kad Ro\u017ei\u0173 sode pra\u017eysta meil\u0117.  Deja, netrukus ambicingajai E\u0161lei tenka pripa\u017einti: tereik\u0117jo vieno susitikimo ir D\u017eo\u0161as Medisonas j\u0105 paverg\u0117. J\u0105! E\u0161l\u0117 negali i\u0161mesti i\u0161 galvos min\u010di\u0173 apie vyr\u0105, tok\u012f nepana\u0161\u0173 \u012f visus tuos, su kuriais susitikin\u0117jo lig \u0161iol. \u012edomu, kas bus, kai ji su\u017einos, k\u0105 D\u017eo\u0161as i\u0161 ties\u0173 slepia.\" \/>\n<meta property=\"og:url\" content=\"https:\/\/skaitytaknyga.lt\/en\/produktas\/sherryl-woods-traukos-desniai-roziu-sodas-3-knyga\/\" \/>\n<meta property=\"og:site_name\" content=\"Skaitytaknyga\" \/>\n<meta property=\"article:publisher\" content=\"https:\/\/www.facebook.com\/skaitytaknyga\/\" \/>\n<meta property=\"article:modified_time\" content=\"2024-05-03T07:27:18+00:00\" \/>\n<meta property=\"og:image\" content=\"https:\/\/skaitytaknyga.lt\/wp-content\/uploads\/2024\/04\/1462886736_sherryl-woods-traukos-desniai-1.jpg\" \/>\n\t<meta property=\"og:image:width\" content=\"320\" \/>\n\t<meta property=\"og:image:height\" content=\"427\" \/>\n\t<meta property=\"og:image:type\" content=\"image\/jpeg\" \/>\n<meta name=\"twitter:card\" content=\"summary_large_image\" \/>\n<meta name=\"twitter:label1\" content=\"Estimated reading time\" \/>\n\t<meta name=\"twitter:data1\" content=\"1 minute\" \/>\n<script type=\"application\/ld+json\" class=\"yoast-schema-graph\">{\"@context\":\"https:\/\/schema.org\",\"@graph\":[{\"@type\":\"WebPage\",\"@id\":\"https:\/\/skaitytaknyga.lt\/produktas\/sherryl-woods-traukos-desniai-roziu-sodas-3-knyga\/\",\"url\":\"https:\/\/skaitytaknyga.lt\/produktas\/sherryl-woods-traukos-desniai-roziu-sodas-3-knyga\/\",\"name\":\"Sherryl Woods \u201eTraukos d\u0117sniai. Ro\u017ei\u0173 sodas\u201c 3 knyga - Skaitytaknyga\",\"isPartOf\":{\"@id\":\"https:\/\/skaitytaknyga.lt\/#website\"},\"primaryImageOfPage\":{\"@id\":\"https:\/\/skaitytaknyga.lt\/produktas\/sherryl-woods-traukos-desniai-roziu-sodas-3-knyga\/#primaryimage\"},\"image\":{\"@id\":\"https:\/\/skaitytaknyga.lt\/produktas\/sherryl-woods-traukos-desniai-roziu-sodas-3-knyga\/#primaryimage\"},\"thumbnailUrl\":\"https:\/\/skaitytaknyga.lt\/wp-content\/uploads\/2024\/04\/1462886736_sherryl-woods-traukos-desniai-1.jpg\",\"datePublished\":\"2024-04-17T13:55:22+00:00\",\"dateModified\":\"2024-05-03T07:27:18+00:00\",\"description\":\"\u201eTraukos d\u0117sniai\u201c\u00a0\u2013 tre\u010dioji keturlogijos\u00a0\u201eRo\u017ei\u0173 sodas\u201c\u00a0knyga. Na ir byla! Vos paskelbus teismo nuosprend\u012f advokat\u0117 E\u0161l\u0117 Dand\u017eelo sprunka i\u0161 miesto. Jai reikia laiko visk\u0105 apm\u0105styti. Senel\u0117s namuose ji pasislepia nuo \u017emoni\u0173 ir \u012fkyri\u0173 klausim\u0173. Ta\u010diau s\u0105\u017ein\u0117s balsas randa ir \u010dia \u2013 ar tikrai karjera jai svarbiausia? Ai\u0161ku viena: kad ir k\u0105 tauk\u0161t\u0173 triuk\u0161mingosios jos seserys, E\u0161l\u0117 nesileis \u012ftikinama, kad Ro\u017ei\u0173 sode pra\u017eysta meil\u0117. Deja, netrukus ambicingajai E\u0161lei tenka pripa\u017einti: tereik\u0117jo vieno susitikimo ir D\u017eo\u0161as Medisonas j\u0105 paverg\u0117. J\u0105! E\u0161l\u0117 negali i\u0161mesti i\u0161 galvos min\u010di\u0173 apie vyr\u0105, tok\u012f nepana\u0161\u0173 \u012f visus tuos, su kuriais susitikin\u0117jo lig \u0161iol. \u012edomu, kas bus, kai ji su\u017einos, k\u0105 D\u017eo\u0161as i\u0161 ties\u0173 slepia.\",\"breadcrumb\":{\"@id\":\"https:\/\/skaitytaknyga.lt\/produktas\/sherryl-woods-traukos-desniai-roziu-sodas-3-knyga\/#breadcrumb\"},\"inLanguage\":\"en-GB\",\"potentialAction\":[{\"@type\":\"ReadAction\",\"target\":[\"https:\/\/skaitytaknyga.lt\/produktas\/sherryl-woods-traukos-desniai-roziu-sodas-3-knyga\/\"]}]},{\"@type\":\"ImageObject\",\"inLanguage\":\"en-GB\",\"@id\":\"https:\/\/skaitytaknyga.lt\/produktas\/sherryl-woods-traukos-desniai-roziu-sodas-3-knyga\/#primaryimage\",\"url\":\"https:\/\/skaitytaknyga.lt\/wp-content\/uploads\/2024\/04\/1462886736_sherryl-woods-traukos-desniai-1.jpg\",\"contentUrl\":\"https:\/\/skaitytaknyga.lt\/wp-content\/uploads\/2024\/04\/1462886736_sherryl-woods-traukos-desniai-1.jpg\",\"width\":320,\"height\":427},{\"@type\":\"BreadcrumbList\",\"@id\":\"https:\/\/skaitytaknyga.lt\/produktas\/sherryl-woods-traukos-desniai-roziu-sodas-3-knyga\/#breadcrumb\",\"itemListElement\":[{\"@type\":\"ListItem\",\"position\":1,\"name\":\"Home\",\"item\":\"https:\/\/skaitytaknyga.lt\/\"},{\"@type\":\"ListItem\",\"position\":2,\"name\":\"Parduotuv\u0117\",\"item\":\"https:\/\/skaitytaknyga.lt\/knygu-parduotuve\/\"},{\"@type\":\"ListItem\",\"position\":3,\"name\":\"Sherryl Woods \u201eTraukos d\u0117sniai. Ro\u017ei\u0173 sodas\u201c 3 knyga\"}]},{\"@type\":\"WebSite\",\"@id\":\"https:\/\/skaitytaknyga.lt\/#website\",\"url\":\"https:\/\/skaitytaknyga.lt\/\",\"name\":\"skaitytaknyga.lt\",\"description\":\"Skaitytaknyga.lt \u2013 tai ma\u017eas \u0161eimos verslas, kuris prasid\u0117jo nuo meil\u0117s knygoms ir siekio i\u0161gelb\u0117ti knygas nuo likimo prie konteinerio. Kas vienam nereikalingas daiktas \u2013 kitam lobis, o mes esame tarpininkai, kurie padeda abiems tapti laimingesniems ???? \u017dinome kaip nelengva i\u0161gyventi ma\u017eiems verslams, tad nuo \u0161iol, \u010dia rasite ir kit\u0173, ma\u017e\u0173 \u0161eim\u0173 versl\u0173, rank\u0173 darbo, dovan\u0173 sau ir artimiesiems.\",\"publisher\":{\"@id\":\"https:\/\/skaitytaknyga.lt\/#organization\"},\"potentialAction\":[{\"@type\":\"SearchAction\",\"target\":{\"@type\":\"EntryPoint\",\"urlTemplate\":\"https:\/\/skaitytaknyga.lt\/?s={search_term_string}\"},\"query-input\":{\"@type\":\"PropertyValueSpecification\",\"valueRequired\":true,\"valueName\":\"search_term_string\"}}],\"inLanguage\":\"en-GB\"},{\"@type\":\"Organization\",\"@id\":\"https:\/\/skaitytaknyga.lt\/#organization\",\"name\":\"skaitytaknyga.lt\",\"url\":\"https:\/\/skaitytaknyga.lt\/\",\"logo\":{\"@type\":\"ImageObject\",\"inLanguage\":\"en-GB\",\"@id\":\"https:\/\/skaitytaknyga.lt\/#\/schema\/logo\/image\/\",\"url\":\"https:\/\/skaitytaknyga.lt\/wp-content\/uploads\/2024\/05\/cropped-cropped-cropped-02_00843_jt3bggkj1j3HLc7SyY6rEUpg.jpeg\",\"contentUrl\":\"https:\/\/skaitytaknyga.lt\/wp-content\/uploads\/2024\/05\/cropped-cropped-cropped-02_00843_jt3bggkj1j3HLc7SyY6rEUpg.jpeg\",\"width\":1600,\"height\":1600,\"caption\":\"skaitytaknyga.lt\"},\"image\":{\"@id\":\"https:\/\/skaitytaknyga.lt\/#\/schema\/logo\/image\/\"},\"sameAs\":[\"https:\/\/www.facebook.com\/skaitytaknyga\/\"]}]}<\/script>\n<!-- \/ Yoast SEO plugin. -->","yoast_head_json":{"title":"Sherryl Woods \u201eTraukos d\u0117sniai. Ro\u017ei\u0173 sodas\u201c 3 knyga - Skaitytaknyga","description":"\u201eTraukos d\u0117sniai\u201c\u00a0\u2013 tre\u010dioji keturlogijos\u00a0\u201eRo\u017ei\u0173 sodas\u201c\u00a0knyga.  Na ir byla! Vos paskelbus teismo nuosprend\u012f advokat\u0117 E\u0161l\u0117 Dand\u017eelo sprunka i\u0161 miesto. Jai reikia laiko visk\u0105 apm\u0105styti. Senel\u0117s namuose ji pasislepia nuo \u017emoni\u0173 ir \u012fkyri\u0173 klausim\u0173. Ta\u010diau s\u0105\u017ein\u0117s balsas randa ir \u010dia \u2013 ar tikrai karjera jai svarbiausia? Ai\u0161ku viena: kad ir k\u0105 tauk\u0161t\u0173 triuk\u0161mingosios jos seserys, E\u0161l\u0117 nesileis \u012ftikinama, kad Ro\u017ei\u0173 sode pra\u017eysta meil\u0117.  Deja, netrukus ambicingajai E\u0161lei tenka pripa\u017einti: tereik\u0117jo vieno susitikimo ir D\u017eo\u0161as Medisonas j\u0105 paverg\u0117. J\u0105! E\u0161l\u0117 negali i\u0161mesti i\u0161 galvos min\u010di\u0173 apie vyr\u0105, tok\u012f nepana\u0161\u0173 \u012f visus tuos, su kuriais susitikin\u0117jo lig \u0161iol. \u012edomu, kas bus, kai ji su\u017einos, k\u0105 D\u017eo\u0161as i\u0161 ties\u0173 slepia.","robots":{"index":"index","follow":"follow","max-snippet":"max-snippet:-1","max-image-preview":"max-image-preview:large","max-video-preview":"max-video-preview:-1"},"canonical":"https:\/\/skaitytaknyga.lt\/en\/produktas\/sherryl-woods-traukos-desniai-roziu-sodas-3-knyga\/","og_locale":"en_GB","og_type":"article","og_title":"Sherryl Woods \u201eTraukos d\u0117sniai. Ro\u017ei\u0173 sodas\u201c 3 knyga - Skaitytaknyga","og_description":"\u201eTraukos d\u0117sniai\u201c\u00a0\u2013 tre\u010dioji keturlogijos\u00a0\u201eRo\u017ei\u0173 sodas\u201c\u00a0knyga.  Na ir byla! Vos paskelbus teismo nuosprend\u012f advokat\u0117 E\u0161l\u0117 Dand\u017eelo sprunka i\u0161 miesto. Jai reikia laiko visk\u0105 apm\u0105styti. Senel\u0117s namuose ji pasislepia nuo \u017emoni\u0173 ir \u012fkyri\u0173 klausim\u0173. Ta\u010diau s\u0105\u017ein\u0117s balsas randa ir \u010dia \u2013 ar tikrai karjera jai svarbiausia? Ai\u0161ku viena: kad ir k\u0105 tauk\u0161t\u0173 triuk\u0161mingosios jos seserys, E\u0161l\u0117 nesileis \u012ftikinama, kad Ro\u017ei\u0173 sode pra\u017eysta meil\u0117.  Deja, netrukus ambicingajai E\u0161lei tenka pripa\u017einti: tereik\u0117jo vieno susitikimo ir D\u017eo\u0161as Medisonas j\u0105 paverg\u0117. J\u0105! E\u0161l\u0117 negali i\u0161mesti i\u0161 galvos min\u010di\u0173 apie vyr\u0105, tok\u012f nepana\u0161\u0173 \u012f visus tuos, su kuriais susitikin\u0117jo lig \u0161iol. \u012edomu, kas bus, kai ji su\u017einos, k\u0105 D\u017eo\u0161as i\u0161 ties\u0173 slepia.","og_url":"https:\/\/skaitytaknyga.lt\/en\/produktas\/sherryl-woods-traukos-desniai-roziu-sodas-3-knyga\/","og_site_name":"Skaitytaknyga","article_publisher":"https:\/\/www.facebook.com\/skaitytaknyga\/","article_modified_time":"2024-05-03T07:27:18+00:00","og_image":[{"width":320,"height":427,"url":"https:\/\/skaitytaknyga.lt\/wp-content\/uploads\/2024\/04\/1462886736_sherryl-woods-traukos-desniai-1.jpg","type":"image\/jpeg"}],"twitter_card":"summary_large_image","twitter_misc":{"Estimated reading time":"1 minute"},"schema":{"@context":"https:\/\/schema.org","@graph":[{"@type":"WebPage","@id":"https:\/\/skaitytaknyga.lt\/produktas\/sherryl-woods-traukos-desniai-roziu-sodas-3-knyga\/","url":"https:\/\/skaitytaknyga.lt\/produktas\/sherryl-woods-traukos-desniai-roziu-sodas-3-knyga\/","name":"Sherryl Woods \u201eTraukos d\u0117sniai. Ro\u017ei\u0173 sodas\u201c 3 knyga - Skaitytaknyga","isPartOf":{"@id":"https:\/\/skaitytaknyga.lt\/#website"},"primaryImageOfPage":{"@id":"https:\/\/skaitytaknyga.lt\/produktas\/sherryl-woods-traukos-desniai-roziu-sodas-3-knyga\/#primaryimage"},"image":{"@id":"https:\/\/skaitytaknyga.lt\/produktas\/sherryl-woods-traukos-desniai-roziu-sodas-3-knyga\/#primaryimage"},"thumbnailUrl":"https:\/\/skaitytaknyga.lt\/wp-content\/uploads\/2024\/04\/1462886736_sherryl-woods-traukos-desniai-1.jpg","datePublished":"2024-04-17T13:55:22+00:00","dateModified":"2024-05-03T07:27:18+00:00","description":"\u201eTraukos d\u0117sniai\u201c\u00a0\u2013 tre\u010dioji keturlogijos\u00a0\u201eRo\u017ei\u0173 sodas\u201c\u00a0knyga. Na ir byla! Vos paskelbus teismo nuosprend\u012f advokat\u0117 E\u0161l\u0117 Dand\u017eelo sprunka i\u0161 miesto. Jai reikia laiko visk\u0105 apm\u0105styti. Senel\u0117s namuose ji pasislepia nuo \u017emoni\u0173 ir \u012fkyri\u0173 klausim\u0173. Ta\u010diau s\u0105\u017ein\u0117s balsas randa ir \u010dia \u2013 ar tikrai karjera jai svarbiausia? Ai\u0161ku viena: kad ir k\u0105 tauk\u0161t\u0173 triuk\u0161mingosios jos seserys, E\u0161l\u0117 nesileis \u012ftikinama, kad Ro\u017ei\u0173 sode pra\u017eysta meil\u0117. Deja, netrukus ambicingajai E\u0161lei tenka pripa\u017einti: tereik\u0117jo vieno susitikimo ir D\u017eo\u0161as Medisonas j\u0105 paverg\u0117. J\u0105! E\u0161l\u0117 negali i\u0161mesti i\u0161 galvos min\u010di\u0173 apie vyr\u0105, tok\u012f nepana\u0161\u0173 \u012f visus tuos, su kuriais susitikin\u0117jo lig \u0161iol. \u012edomu, kas bus, kai ji su\u017einos, k\u0105 D\u017eo\u0161as i\u0161 ties\u0173 slepia.","breadcrumb":{"@id":"https:\/\/skaitytaknyga.lt\/produktas\/sherryl-woods-traukos-desniai-roziu-sodas-3-knyga\/#breadcrumb"},"inLanguage":"en-GB","potentialAction":[{"@type":"ReadAction","target":["https:\/\/skaitytaknyga.lt\/produktas\/sherryl-woods-traukos-desniai-roziu-sodas-3-knyga\/"]}]},{"@type":"ImageObject","inLanguage":"en-GB","@id":"https:\/\/skaitytaknyga.lt\/produktas\/sherryl-woods-traukos-desniai-roziu-sodas-3-knyga\/#primaryimage","url":"https:\/\/skaitytaknyga.lt\/wp-content\/uploads\/2024\/04\/1462886736_sherryl-woods-traukos-desniai-1.jpg","contentUrl":"https:\/\/skaitytaknyga.lt\/wp-content\/uploads\/2024\/04\/1462886736_sherryl-woods-traukos-desniai-1.jpg","width":320,"height":427},{"@type":"BreadcrumbList","@id":"https:\/\/skaitytaknyga.lt\/produktas\/sherryl-woods-traukos-desniai-roziu-sodas-3-knyga\/#breadcrumb","itemListElement":[{"@type":"ListItem","position":1,"name":"Home","item":"https:\/\/skaitytaknyga.lt\/"},{"@type":"ListItem","position":2,"name":"Parduotuv\u0117","item":"https:\/\/skaitytaknyga.lt\/knygu-parduotuve\/"},{"@type":"ListItem","position":3,"name":"Sherryl Woods \u201eTraukos d\u0117sniai. Ro\u017ei\u0173 sodas\u201c 3 knyga"}]},{"@type":"WebSite","@id":"https:\/\/skaitytaknyga.lt\/#website","url":"https:\/\/skaitytaknyga.lt\/","name":"skaitytaknyga.lt","description":"Skaitytaknyga.lt \u2013 tai ma\u017eas \u0161eimos verslas, kuris prasid\u0117jo nuo meil\u0117s knygoms ir siekio i\u0161gelb\u0117ti knygas nuo likimo prie konteinerio. Kas vienam nereikalingas daiktas \u2013 kitam lobis, o mes esame tarpininkai, kurie padeda abiems tapti laimingesniems ???? \u017dinome kaip nelengva i\u0161gyventi ma\u017eiems verslams, tad nuo \u0161iol, \u010dia rasite ir kit\u0173, ma\u017e\u0173 \u0161eim\u0173 versl\u0173, rank\u0173 darbo, dovan\u0173 sau ir artimiesiems.","publisher":{"@id":"https:\/\/skaitytaknyga.lt\/#organization"},"potentialAction":[{"@type":"SearchAction","target":{"@type":"EntryPoint","urlTemplate":"https:\/\/skaitytaknyga.lt\/?s={search_term_string}"},"query-input":{"@type":"PropertyValueSpecification","valueRequired":true,"valueName":"search_term_string"}}],"inLanguage":"en-GB"},{"@type":"Organization","@id":"https:\/\/skaitytaknyga.lt\/#organization","name":"skaitytaknyga.lt","url":"https:\/\/skaitytaknyga.lt\/","logo":{"@type":"ImageObject","inLanguage":"en-GB","@id":"https:\/\/skaitytaknyga.lt\/#\/schema\/logo\/image\/","url":"https:\/\/skaitytaknyga.lt\/wp-content\/uploads\/2024\/05\/cropped-cropped-cropped-02_00843_jt3bggkj1j3HLc7SyY6rEUpg.jpeg","contentUrl":"https:\/\/skaitytaknyga.lt\/wp-content\/uploads\/2024\/05\/cropped-cropped-cropped-02_00843_jt3bggkj1j3HLc7SyY6rEUpg.jpeg","width":1600,"height":1600,"caption":"skaitytaknyga.lt"},"image":{"@id":"https:\/\/skaitytaknyga.lt\/#\/schema\/logo\/image\/"},"sameAs":["https:\/\/www.facebook.com\/skaitytaknyga\/"]}]}},"_links":{"self":[{"href":"https:\/\/skaitytaknyga.lt\/en\/wp-json\/wp\/v2\/product\/4823","targetHints":{"allow":["GET"]}}],"collection":[{"href":"https:\/\/skaitytaknyga.lt\/en\/wp-json\/wp\/v2\/product"}],"about":[{"href":"https:\/\/skaitytaknyga.lt\/en\/wp-json\/wp\/v2\/types\/product"}],"replies":[{"embeddable":true,"href":"https:\/\/skaitytaknyga.lt\/en\/wp-json\/wp\/v2\/comments?post=4823"}],"wp:featuredmedia":[{"embeddable":true,"href":"https:\/\/skaitytaknyga.lt\/en\/wp-json\/wp\/v2\/media\/4879"}],"wp:attachment":[{"href":"https:\/\/skaitytaknyga.lt\/en\/wp-json\/wp\/v2\/media?parent=4823"}],"wp:term":[{"taxonomy":"product_brand","embeddable":true,"href":"https:\/\/skaitytaknyga.lt\/en\/wp-json\/wp\/v2\/product_brand?post=4823"},{"taxonomy":"product_cat","embeddable":true,"href":"https:\/\/skaitytaknyga.lt\/en\/wp-json\/wp\/v2\/product_cat?post=4823"},{"taxonomy":"product_tag","embeddable":true,"href":"https:\/\/skaitytaknyga.lt\/en\/wp-json\/wp\/v2\/product_tag?post=4823"}],"curies":[{"name":"wp","href":"https:\/\/api.w.org\/{rel}","templated":true}]}}