{"id":4822,"date":"2024-04-17T13:55:22","date_gmt":"2024-04-17T13:55:22","guid":{"rendered":"https:\/\/skaitytaknyga.lt\/?post_type=product&#038;p=4822"},"modified":"2024-05-03T07:27:18","modified_gmt":"2024-05-03T07:27:18","slug":"kobas-abe-zmogus-deze","status":"publish","type":"product","link":"https:\/\/skaitytaknyga.lt\/en\/produktas\/kobas-abe-zmogus-deze\/","title":{"rendered":"Kobas Ab\u0117 \u201e\u017dmogus-d\u0117\u017e\u0117\u201c"},"content":{"rendered":"<p>Romano pagrindin\u0117 tema &#8211; \u017emoni\u0173 susvetim\u0117jimas ir dabarties visuomen\u0117s prie\u0161i\u0161kumas asmenybei. Stilistin\u012f romano audin\u012f sudaro dienora\u0161\u010diai, laikra\u0161\u010di\u0173 \u017einu\u010di\u0173 fragmentai, heroj\u0173 monologai, vienas su kitu tarsi nesusij\u0119 pasakojimai. Knygos herojus bando prisitaikyti prie susvetim\u0117jusios visuomen\u0117s, u\u017esidarydamas d\u0117\u017e\u0117je-kiaute, kur\u012f, tarsi sraig\u0117, visada ne\u0161iojasi ant pe\u010di\u0173.<\/p>\n<p>Bet pasirodo, kad i\u0161 tikr\u0173j\u0173 atsiriboti nuo pasaulio ne taip jau paprasta&#8230; \u012edomumo d\u0117lei pateikiu i\u0161ra\u0161\u0105: &#8220;Tokio Daito rajono Ueno policijos skyrius Ueno parke, Ueno gele\u017einkelio stoties po\u017eemin\u0117se per\u0117jose ir visose stoties apylink\u0117se sureng\u0117 ten nakvojan\u010di\u0173 benami\u0173 gaudynes.<\/p>\n<p>Parko teritorijoje u\u017e Tokio kult\u016bros nam\u0173, po\u017eemin\u0117se per\u0117jose ir kitur suimta 180 asmen\u0173&#8230; pasira\u0161\u0119 pasi\u017ead\u0117jim\u0105 daugiau nevalkatauti, buvo paleisti. Ta\u010diau, atrodo, nepra\u0117jus n\u0117 valandai beveik visi paleistieji gr\u012f\u017eo \u012f ankstesnes vietas.&#8221;<\/p>\n","protected":false},"excerpt":{"rendered":"<p>Romano pagrindin\u0117 tema &#8211; \u017emoni\u0173 susvetim\u0117jimas ir dabarties visuomen\u0117s prie\u0161i\u0161kumas asmenybei. Stilistin\u012f romano audin\u012f sudaro dienora\u0161\u010diai, laikra\u0161\u010di\u0173 \u017einu\u010di\u0173 fragmentai, heroj\u0173 monologai, vienas su kitu tarsi nesusij\u0119 pasakojimai. Knygos herojus bando prisitaikyti prie susvetim\u0117jusios visuomen\u0117s, u\u017esidarydamas d\u0117\u017e\u0117je-kiaute, kur\u012f, tarsi sraig\u0117, visada ne\u0161iojasi ant pe\u010di\u0173.<\/p>\n<p>Bet pasirodo, kad i\u0161 tikr\u0173j\u0173 atsiriboti nuo pasaulio ne taip jau paprasta&#8230; \u012edomumo d\u0117lei pateikiu i\u0161ra\u0161\u0105: &#8220;Tokio Daito rajono Ueno policijos skyrius Ueno parke, Ueno gele\u017einkelio stoties po\u017eemin\u0117se per\u0117jose ir visose stoties apylink\u0117se sureng\u0117 ten nakvojan\u010di\u0173 benami\u0173 gaudynes.<\/p>\n<p>Parko teritorijoje u\u017e Tokio kult\u016bros nam\u0173, po\u017eemin\u0117se per\u0117jose ir kitur suimta 180 asmen\u0173&#8230; pasira\u0161\u0119 pasi\u017ead\u0117jim\u0105 daugiau nevalkatauti, buvo paleisti. Ta\u010diau, atrodo, nepra\u0117jus n\u0117 valandai beveik visi paleistieji gr\u012f\u017eo \u012f ankstesnes vietas.&#8221;<\/p>\n","protected":false},"featured_media":4878,"comment_status":"closed","ping_status":"closed","template":"","meta":{"_acf_changed":false,"site-sidebar-layout":"default","site-content-layout":"","ast-site-content-layout":"default","site-content-style":"default","site-sidebar-style":"default","ast-global-header-display":"","ast-banner-title-visibility":"","ast-main-header-display":"","ast-hfb-above-header-display":"","ast-hfb-below-header-display":"","ast-hfb-mobile-header-display":"","site-post-title":"","ast-breadcrumbs-content":"","ast-featured-img":"","footer-sml-layout":"","ast-disable-related-posts":"","theme-transparent-header-meta":"","adv-header-id-meta":"","stick-header-meta":"","header-above-stick-meta":"","header-main-stick-meta":"","header-below-stick-meta":"","astra-migrate-meta-layouts":"default","ast-page-background-enabled":"default","ast-page-background-meta":{"desktop":{"background-color":"","background-image":"","background-repeat":"repeat","background-position":"center center","background-size":"auto","background-attachment":"scroll","background-type":"","background-media":"","overlay-type":"","overlay-color":"","overlay-opacity":"","overlay-gradient":""},"tablet":{"background-color":"","background-image":"","background-repeat":"repeat","background-position":"center center","background-size":"auto","background-attachment":"scroll","background-type":"","background-media":"","overlay-type":"","overlay-color":"","overlay-opacity":"","overlay-gradient":""},"mobile":{"background-color":"","background-image":"","background-repeat":"repeat","background-position":"center center","background-size":"auto","background-attachment":"scroll","background-type":"","background-media":"","overlay-type":"","overlay-color":"","overlay-opacity":"","overlay-gradient":""}},"ast-content-background-meta":{"desktop":{"background-color":"var(--ast-global-color-4)","background-image":"","background-repeat":"repeat","background-position":"center center","background-size":"auto","background-attachment":"scroll","background-type":"","background-media":"","overlay-type":"","overlay-color":"","overlay-opacity":"","overlay-gradient":""},"tablet":{"background-color":"var(--ast-global-color-4)","background-image":"","background-repeat":"repeat","background-position":"center center","background-size":"auto","background-attachment":"scroll","background-type":"","background-media":"","overlay-type":"","overlay-color":"","overlay-opacity":"","overlay-gradient":""},"mobile":{"background-color":"var(--ast-global-color-4)","background-image":"","background-repeat":"repeat","background-position":"center center","background-size":"auto","background-attachment":"scroll","background-type":"","background-media":"","overlay-type":"","overlay-color":"","overlay-opacity":"","overlay-gradient":""}}},"product_brand":[],"product_cat":[31],"product_tag":[],"class_list":{"0":"post-4822","1":"product","2":"type-product","3":"status-publish","4":"has-post-thumbnail","6":"product_cat-grozine-literatura","7":"desktop-align-left","8":"tablet-align-left","9":"mobile-align-left","11":"first","12":"instock","13":"shipping-taxable","14":"purchasable","15":"product-type-simple"},"acf":[],"yoast_head":"<!-- This site is optimized with the Yoast SEO plugin v27.0 - https:\/\/yoast.com\/product\/yoast-seo-wordpress\/ -->\n<title>Kobas Ab\u0117 \u201e\u017dmogus-d\u0117\u017e\u0117\u201c - Skaitytaknyga<\/title>\n<meta name=\"description\" content=\"Romano pagrindin\u0117 tema - \u017emoni\u0173 susvetim\u0117jimas ir dabarties visuomen\u0117s prie\u0161i\u0161kumas asmenybei. Stilistin\u012f romano audin\u012f sudaro dienora\u0161\u010diai, laikra\u0161\u010di\u0173 \u017einu\u010di\u0173 fragmentai, heroj\u0173 monologai, vienas su kitu tarsi nesusij\u0119 pasakojimai. Knygos herojus bando prisitaikyti prie susvetim\u0117jusios visuomen\u0117s, u\u017esidarydamas d\u0117\u017e\u0117je-kiaute, kur\u012f, tarsi sraig\u0117, visada ne\u0161iojasi ant pe\u010di\u0173.  Bet pasirodo, kad i\u0161 tikr\u0173j\u0173 atsiriboti nuo pasaulio ne taip jau paprasta... \u012edomumo d\u0117lei pateikiu i\u0161ra\u0161\u0105: &quot;Tokio Daito rajono Ueno policijos skyrius Ueno parke, Ueno gele\u017einkelio stoties po\u017eemin\u0117se per\u0117jose ir visose stoties apylink\u0117se sureng\u0117 ten nakvojan\u010di\u0173 benami\u0173 gaudynes.  Parko teritorijoje u\u017e Tokio kult\u016bros nam\u0173, po\u017eemin\u0117se per\u0117jose ir kitur suimta 180 asmen\u0173... pasira\u0161\u0119 pasi\u017ead\u0117jim\u0105 daugiau nevalkatauti, buvo paleisti. Ta\u010diau, atrodo, nepra\u0117jus n\u0117 valandai beveik visi paleistieji gr\u012f\u017eo \u012f ankstesnes vietas.&quot;\" \/>\n<meta name=\"robots\" content=\"index, follow, max-snippet:-1, max-image-preview:large, max-video-preview:-1\" \/>\n<link rel=\"canonical\" href=\"https:\/\/skaitytaknyga.lt\/en\/produktas\/kobas-abe-zmogus-deze\/\" \/>\n<meta property=\"og:locale\" content=\"en_GB\" \/>\n<meta property=\"og:locale:alternate\" content=\"lt_LT\" \/>\n<meta property=\"og:type\" content=\"article\" \/>\n<meta property=\"og:title\" content=\"Kobas Ab\u0117 \u201e\u017dmogus-d\u0117\u017e\u0117\u201c - Skaitytaknyga\" \/>\n<meta property=\"og:description\" content=\"Romano pagrindin\u0117 tema - \u017emoni\u0173 susvetim\u0117jimas ir dabarties visuomen\u0117s prie\u0161i\u0161kumas asmenybei. Stilistin\u012f romano audin\u012f sudaro dienora\u0161\u010diai, laikra\u0161\u010di\u0173 \u017einu\u010di\u0173 fragmentai, heroj\u0173 monologai, vienas su kitu tarsi nesusij\u0119 pasakojimai. Knygos herojus bando prisitaikyti prie susvetim\u0117jusios visuomen\u0117s, u\u017esidarydamas d\u0117\u017e\u0117je-kiaute, kur\u012f, tarsi sraig\u0117, visada ne\u0161iojasi ant pe\u010di\u0173.  Bet pasirodo, kad i\u0161 tikr\u0173j\u0173 atsiriboti nuo pasaulio ne taip jau paprasta... \u012edomumo d\u0117lei pateikiu i\u0161ra\u0161\u0105: &quot;Tokio Daito rajono Ueno policijos skyrius Ueno parke, Ueno gele\u017einkelio stoties po\u017eemin\u0117se per\u0117jose ir visose stoties apylink\u0117se sureng\u0117 ten nakvojan\u010di\u0173 benami\u0173 gaudynes.  Parko teritorijoje u\u017e Tokio kult\u016bros nam\u0173, po\u017eemin\u0117se per\u0117jose ir kitur suimta 180 asmen\u0173... pasira\u0161\u0119 pasi\u017ead\u0117jim\u0105 daugiau nevalkatauti, buvo paleisti. Ta\u010diau, atrodo, nepra\u0117jus n\u0117 valandai beveik visi paleistieji gr\u012f\u017eo \u012f ankstesnes vietas.&quot;\" \/>\n<meta property=\"og:url\" content=\"https:\/\/skaitytaknyga.lt\/en\/produktas\/kobas-abe-zmogus-deze\/\" \/>\n<meta property=\"og:site_name\" content=\"Skaitytaknyga\" \/>\n<meta property=\"article:publisher\" content=\"https:\/\/www.facebook.com\/skaitytaknyga\/\" \/>\n<meta property=\"article:modified_time\" content=\"2024-05-03T07:27:18+00:00\" \/>\n<meta property=\"og:image\" content=\"https:\/\/skaitytaknyga.lt\/wp-content\/uploads\/2024\/04\/img-0007-2.jpg\" \/>\n\t<meta property=\"og:image:width\" content=\"289\" \/>\n\t<meta property=\"og:image:height\" content=\"430\" \/>\n\t<meta property=\"og:image:type\" content=\"image\/jpeg\" \/>\n<meta name=\"twitter:card\" content=\"summary_large_image\" \/>\n<meta name=\"twitter:label1\" content=\"Estimated reading time\" \/>\n\t<meta name=\"twitter:data1\" content=\"1 minute\" \/>\n<script type=\"application\/ld+json\" class=\"yoast-schema-graph\">{\"@context\":\"https:\/\/schema.org\",\"@graph\":[{\"@type\":\"WebPage\",\"@id\":\"https:\/\/skaitytaknyga.lt\/en\/produktas\/kobas-abe-zmogus-deze\/\",\"url\":\"https:\/\/skaitytaknyga.lt\/en\/produktas\/kobas-abe-zmogus-deze\/\",\"name\":\"Kobas Ab\u0117 \u201e\u017dmogus-d\u0117\u017e\u0117\u201c - Skaitytaknyga\",\"isPartOf\":{\"@id\":\"https:\/\/skaitytaknyga.lt\/#website\"},\"primaryImageOfPage\":{\"@id\":\"https:\/\/skaitytaknyga.lt\/en\/produktas\/kobas-abe-zmogus-deze\/#primaryimage\"},\"image\":{\"@id\":\"https:\/\/skaitytaknyga.lt\/en\/produktas\/kobas-abe-zmogus-deze\/#primaryimage\"},\"thumbnailUrl\":\"https:\/\/skaitytaknyga.lt\/wp-content\/uploads\/2024\/04\/img-0007-2.jpg\",\"datePublished\":\"2024-04-17T13:55:22+00:00\",\"dateModified\":\"2024-05-03T07:27:18+00:00\",\"description\":\"Romano pagrindin\u0117 tema - \u017emoni\u0173 susvetim\u0117jimas ir dabarties visuomen\u0117s prie\u0161i\u0161kumas asmenybei. Stilistin\u012f romano audin\u012f sudaro dienora\u0161\u010diai, laikra\u0161\u010di\u0173 \u017einu\u010di\u0173 fragmentai, heroj\u0173 monologai, vienas su kitu tarsi nesusij\u0119 pasakojimai. Knygos herojus bando prisitaikyti prie susvetim\u0117jusios visuomen\u0117s, u\u017esidarydamas d\u0117\u017e\u0117je-kiaute, kur\u012f, tarsi sraig\u0117, visada ne\u0161iojasi ant pe\u010di\u0173. Bet pasirodo, kad i\u0161 tikr\u0173j\u0173 atsiriboti nuo pasaulio ne taip jau paprasta... \u012edomumo d\u0117lei pateikiu i\u0161ra\u0161\u0105: \\\"Tokio Daito rajono Ueno policijos skyrius Ueno parke, Ueno gele\u017einkelio stoties po\u017eemin\u0117se per\u0117jose ir visose stoties apylink\u0117se sureng\u0117 ten nakvojan\u010di\u0173 benami\u0173 gaudynes. Parko teritorijoje u\u017e Tokio kult\u016bros nam\u0173, po\u017eemin\u0117se per\u0117jose ir kitur suimta 180 asmen\u0173... pasira\u0161\u0119 pasi\u017ead\u0117jim\u0105 daugiau nevalkatauti, buvo paleisti. Ta\u010diau, atrodo, nepra\u0117jus n\u0117 valandai beveik visi paleistieji gr\u012f\u017eo \u012f ankstesnes vietas.\\\"\",\"breadcrumb\":{\"@id\":\"https:\/\/skaitytaknyga.lt\/en\/produktas\/kobas-abe-zmogus-deze\/#breadcrumb\"},\"inLanguage\":\"en-GB\",\"potentialAction\":[{\"@type\":\"ReadAction\",\"target\":[\"https:\/\/skaitytaknyga.lt\/en\/produktas\/kobas-abe-zmogus-deze\/\"]}]},{\"@type\":\"ImageObject\",\"inLanguage\":\"en-GB\",\"@id\":\"https:\/\/skaitytaknyga.lt\/en\/produktas\/kobas-abe-zmogus-deze\/#primaryimage\",\"url\":\"https:\/\/skaitytaknyga.lt\/wp-content\/uploads\/2024\/04\/img-0007-2.jpg\",\"contentUrl\":\"https:\/\/skaitytaknyga.lt\/wp-content\/uploads\/2024\/04\/img-0007-2.jpg\",\"width\":289,\"height\":430},{\"@type\":\"BreadcrumbList\",\"@id\":\"https:\/\/skaitytaknyga.lt\/en\/produktas\/kobas-abe-zmogus-deze\/#breadcrumb\",\"itemListElement\":[{\"@type\":\"ListItem\",\"position\":1,\"name\":\"Home\",\"item\":\"https:\/\/skaitytaknyga.lt\/\"},{\"@type\":\"ListItem\",\"position\":2,\"name\":\"Parduotuv\u0117\",\"item\":\"https:\/\/skaitytaknyga.lt\/knygu-parduotuve\/\"},{\"@type\":\"ListItem\",\"position\":3,\"name\":\"Kobas Ab\u0117 \u201e\u017dmogus-d\u0117\u017e\u0117\u201c\"}]},{\"@type\":\"WebSite\",\"@id\":\"https:\/\/skaitytaknyga.lt\/#website\",\"url\":\"https:\/\/skaitytaknyga.lt\/\",\"name\":\"skaitytaknyga.lt\",\"description\":\"Skaitytaknyga.lt \u2013 tai ma\u017eas \u0161eimos verslas, kuris prasid\u0117jo nuo meil\u0117s knygoms ir siekio i\u0161gelb\u0117ti knygas nuo likimo prie konteinerio. Kas vienam nereikalingas daiktas \u2013 kitam lobis, o mes esame tarpininkai, kurie padeda abiems tapti laimingesniems ???? \u017dinome kaip nelengva i\u0161gyventi ma\u017eiems verslams, tad nuo \u0161iol, \u010dia rasite ir kit\u0173, ma\u017e\u0173 \u0161eim\u0173 versl\u0173, rank\u0173 darbo, dovan\u0173 sau ir artimiesiems.\",\"publisher\":{\"@id\":\"https:\/\/skaitytaknyga.lt\/#organization\"},\"potentialAction\":[{\"@type\":\"SearchAction\",\"target\":{\"@type\":\"EntryPoint\",\"urlTemplate\":\"https:\/\/skaitytaknyga.lt\/?s={search_term_string}\"},\"query-input\":{\"@type\":\"PropertyValueSpecification\",\"valueRequired\":true,\"valueName\":\"search_term_string\"}}],\"inLanguage\":\"en-GB\"},{\"@type\":\"Organization\",\"@id\":\"https:\/\/skaitytaknyga.lt\/#organization\",\"name\":\"skaitytaknyga.lt\",\"url\":\"https:\/\/skaitytaknyga.lt\/\",\"logo\":{\"@type\":\"ImageObject\",\"inLanguage\":\"en-GB\",\"@id\":\"https:\/\/skaitytaknyga.lt\/#\/schema\/logo\/image\/\",\"url\":\"https:\/\/skaitytaknyga.lt\/wp-content\/uploads\/2024\/05\/cropped-cropped-cropped-02_00843_jt3bggkj1j3HLc7SyY6rEUpg.jpeg\",\"contentUrl\":\"https:\/\/skaitytaknyga.lt\/wp-content\/uploads\/2024\/05\/cropped-cropped-cropped-02_00843_jt3bggkj1j3HLc7SyY6rEUpg.jpeg\",\"width\":1600,\"height\":1600,\"caption\":\"skaitytaknyga.lt\"},\"image\":{\"@id\":\"https:\/\/skaitytaknyga.lt\/#\/schema\/logo\/image\/\"},\"sameAs\":[\"https:\/\/www.facebook.com\/skaitytaknyga\/\"]}]}<\/script>\n<!-- \/ Yoast SEO plugin. -->","yoast_head_json":{"title":"Kobas Ab\u0117 \u201e\u017dmogus-d\u0117\u017e\u0117\u201c - Skaitytaknyga","description":"Romano pagrindin\u0117 tema - \u017emoni\u0173 susvetim\u0117jimas ir dabarties visuomen\u0117s prie\u0161i\u0161kumas asmenybei. Stilistin\u012f romano audin\u012f sudaro dienora\u0161\u010diai, laikra\u0161\u010di\u0173 \u017einu\u010di\u0173 fragmentai, heroj\u0173 monologai, vienas su kitu tarsi nesusij\u0119 pasakojimai. Knygos herojus bando prisitaikyti prie susvetim\u0117jusios visuomen\u0117s, u\u017esidarydamas d\u0117\u017e\u0117je-kiaute, kur\u012f, tarsi sraig\u0117, visada ne\u0161iojasi ant pe\u010di\u0173.  Bet pasirodo, kad i\u0161 tikr\u0173j\u0173 atsiriboti nuo pasaulio ne taip jau paprasta... \u012edomumo d\u0117lei pateikiu i\u0161ra\u0161\u0105: \"Tokio Daito rajono Ueno policijos skyrius Ueno parke, Ueno gele\u017einkelio stoties po\u017eemin\u0117se per\u0117jose ir visose stoties apylink\u0117se sureng\u0117 ten nakvojan\u010di\u0173 benami\u0173 gaudynes.  Parko teritorijoje u\u017e Tokio kult\u016bros nam\u0173, po\u017eemin\u0117se per\u0117jose ir kitur suimta 180 asmen\u0173... pasira\u0161\u0119 pasi\u017ead\u0117jim\u0105 daugiau nevalkatauti, buvo paleisti. Ta\u010diau, atrodo, nepra\u0117jus n\u0117 valandai beveik visi paleistieji gr\u012f\u017eo \u012f ankstesnes vietas.\"","robots":{"index":"index","follow":"follow","max-snippet":"max-snippet:-1","max-image-preview":"max-image-preview:large","max-video-preview":"max-video-preview:-1"},"canonical":"https:\/\/skaitytaknyga.lt\/en\/produktas\/kobas-abe-zmogus-deze\/","og_locale":"en_GB","og_type":"article","og_title":"Kobas Ab\u0117 \u201e\u017dmogus-d\u0117\u017e\u0117\u201c - Skaitytaknyga","og_description":"Romano pagrindin\u0117 tema - \u017emoni\u0173 susvetim\u0117jimas ir dabarties visuomen\u0117s prie\u0161i\u0161kumas asmenybei. Stilistin\u012f romano audin\u012f sudaro dienora\u0161\u010diai, laikra\u0161\u010di\u0173 \u017einu\u010di\u0173 fragmentai, heroj\u0173 monologai, vienas su kitu tarsi nesusij\u0119 pasakojimai. Knygos herojus bando prisitaikyti prie susvetim\u0117jusios visuomen\u0117s, u\u017esidarydamas d\u0117\u017e\u0117je-kiaute, kur\u012f, tarsi sraig\u0117, visada ne\u0161iojasi ant pe\u010di\u0173.  Bet pasirodo, kad i\u0161 tikr\u0173j\u0173 atsiriboti nuo pasaulio ne taip jau paprasta... \u012edomumo d\u0117lei pateikiu i\u0161ra\u0161\u0105: \"Tokio Daito rajono Ueno policijos skyrius Ueno parke, Ueno gele\u017einkelio stoties po\u017eemin\u0117se per\u0117jose ir visose stoties apylink\u0117se sureng\u0117 ten nakvojan\u010di\u0173 benami\u0173 gaudynes.  Parko teritorijoje u\u017e Tokio kult\u016bros nam\u0173, po\u017eemin\u0117se per\u0117jose ir kitur suimta 180 asmen\u0173... pasira\u0161\u0119 pasi\u017ead\u0117jim\u0105 daugiau nevalkatauti, buvo paleisti. Ta\u010diau, atrodo, nepra\u0117jus n\u0117 valandai beveik visi paleistieji gr\u012f\u017eo \u012f ankstesnes vietas.\"","og_url":"https:\/\/skaitytaknyga.lt\/en\/produktas\/kobas-abe-zmogus-deze\/","og_site_name":"Skaitytaknyga","article_publisher":"https:\/\/www.facebook.com\/skaitytaknyga\/","article_modified_time":"2024-05-03T07:27:18+00:00","og_image":[{"width":289,"height":430,"url":"https:\/\/skaitytaknyga.lt\/wp-content\/uploads\/2024\/04\/img-0007-2.jpg","type":"image\/jpeg"}],"twitter_card":"summary_large_image","twitter_misc":{"Estimated reading time":"1 minute"},"schema":{"@context":"https:\/\/schema.org","@graph":[{"@type":"WebPage","@id":"https:\/\/skaitytaknyga.lt\/en\/produktas\/kobas-abe-zmogus-deze\/","url":"https:\/\/skaitytaknyga.lt\/en\/produktas\/kobas-abe-zmogus-deze\/","name":"Kobas Ab\u0117 \u201e\u017dmogus-d\u0117\u017e\u0117\u201c - Skaitytaknyga","isPartOf":{"@id":"https:\/\/skaitytaknyga.lt\/#website"},"primaryImageOfPage":{"@id":"https:\/\/skaitytaknyga.lt\/en\/produktas\/kobas-abe-zmogus-deze\/#primaryimage"},"image":{"@id":"https:\/\/skaitytaknyga.lt\/en\/produktas\/kobas-abe-zmogus-deze\/#primaryimage"},"thumbnailUrl":"https:\/\/skaitytaknyga.lt\/wp-content\/uploads\/2024\/04\/img-0007-2.jpg","datePublished":"2024-04-17T13:55:22+00:00","dateModified":"2024-05-03T07:27:18+00:00","description":"Romano pagrindin\u0117 tema - \u017emoni\u0173 susvetim\u0117jimas ir dabarties visuomen\u0117s prie\u0161i\u0161kumas asmenybei. Stilistin\u012f romano audin\u012f sudaro dienora\u0161\u010diai, laikra\u0161\u010di\u0173 \u017einu\u010di\u0173 fragmentai, heroj\u0173 monologai, vienas su kitu tarsi nesusij\u0119 pasakojimai. Knygos herojus bando prisitaikyti prie susvetim\u0117jusios visuomen\u0117s, u\u017esidarydamas d\u0117\u017e\u0117je-kiaute, kur\u012f, tarsi sraig\u0117, visada ne\u0161iojasi ant pe\u010di\u0173. Bet pasirodo, kad i\u0161 tikr\u0173j\u0173 atsiriboti nuo pasaulio ne taip jau paprasta... \u012edomumo d\u0117lei pateikiu i\u0161ra\u0161\u0105: \"Tokio Daito rajono Ueno policijos skyrius Ueno parke, Ueno gele\u017einkelio stoties po\u017eemin\u0117se per\u0117jose ir visose stoties apylink\u0117se sureng\u0117 ten nakvojan\u010di\u0173 benami\u0173 gaudynes. Parko teritorijoje u\u017e Tokio kult\u016bros nam\u0173, po\u017eemin\u0117se per\u0117jose ir kitur suimta 180 asmen\u0173... pasira\u0161\u0119 pasi\u017ead\u0117jim\u0105 daugiau nevalkatauti, buvo paleisti. Ta\u010diau, atrodo, nepra\u0117jus n\u0117 valandai beveik visi paleistieji gr\u012f\u017eo \u012f ankstesnes vietas.\"","breadcrumb":{"@id":"https:\/\/skaitytaknyga.lt\/en\/produktas\/kobas-abe-zmogus-deze\/#breadcrumb"},"inLanguage":"en-GB","potentialAction":[{"@type":"ReadAction","target":["https:\/\/skaitytaknyga.lt\/en\/produktas\/kobas-abe-zmogus-deze\/"]}]},{"@type":"ImageObject","inLanguage":"en-GB","@id":"https:\/\/skaitytaknyga.lt\/en\/produktas\/kobas-abe-zmogus-deze\/#primaryimage","url":"https:\/\/skaitytaknyga.lt\/wp-content\/uploads\/2024\/04\/img-0007-2.jpg","contentUrl":"https:\/\/skaitytaknyga.lt\/wp-content\/uploads\/2024\/04\/img-0007-2.jpg","width":289,"height":430},{"@type":"BreadcrumbList","@id":"https:\/\/skaitytaknyga.lt\/en\/produktas\/kobas-abe-zmogus-deze\/#breadcrumb","itemListElement":[{"@type":"ListItem","position":1,"name":"Home","item":"https:\/\/skaitytaknyga.lt\/"},{"@type":"ListItem","position":2,"name":"Parduotuv\u0117","item":"https:\/\/skaitytaknyga.lt\/knygu-parduotuve\/"},{"@type":"ListItem","position":3,"name":"Kobas Ab\u0117 \u201e\u017dmogus-d\u0117\u017e\u0117\u201c"}]},{"@type":"WebSite","@id":"https:\/\/skaitytaknyga.lt\/#website","url":"https:\/\/skaitytaknyga.lt\/","name":"skaitytaknyga.lt","description":"Skaitytaknyga.lt \u2013 tai ma\u017eas \u0161eimos verslas, kuris prasid\u0117jo nuo meil\u0117s knygoms ir siekio i\u0161gelb\u0117ti knygas nuo likimo prie konteinerio. Kas vienam nereikalingas daiktas \u2013 kitam lobis, o mes esame tarpininkai, kurie padeda abiems tapti laimingesniems ???? \u017dinome kaip nelengva i\u0161gyventi ma\u017eiems verslams, tad nuo \u0161iol, \u010dia rasite ir kit\u0173, ma\u017e\u0173 \u0161eim\u0173 versl\u0173, rank\u0173 darbo, dovan\u0173 sau ir artimiesiems.","publisher":{"@id":"https:\/\/skaitytaknyga.lt\/#organization"},"potentialAction":[{"@type":"SearchAction","target":{"@type":"EntryPoint","urlTemplate":"https:\/\/skaitytaknyga.lt\/?s={search_term_string}"},"query-input":{"@type":"PropertyValueSpecification","valueRequired":true,"valueName":"search_term_string"}}],"inLanguage":"en-GB"},{"@type":"Organization","@id":"https:\/\/skaitytaknyga.lt\/#organization","name":"skaitytaknyga.lt","url":"https:\/\/skaitytaknyga.lt\/","logo":{"@type":"ImageObject","inLanguage":"en-GB","@id":"https:\/\/skaitytaknyga.lt\/#\/schema\/logo\/image\/","url":"https:\/\/skaitytaknyga.lt\/wp-content\/uploads\/2024\/05\/cropped-cropped-cropped-02_00843_jt3bggkj1j3HLc7SyY6rEUpg.jpeg","contentUrl":"https:\/\/skaitytaknyga.lt\/wp-content\/uploads\/2024\/05\/cropped-cropped-cropped-02_00843_jt3bggkj1j3HLc7SyY6rEUpg.jpeg","width":1600,"height":1600,"caption":"skaitytaknyga.lt"},"image":{"@id":"https:\/\/skaitytaknyga.lt\/#\/schema\/logo\/image\/"},"sameAs":["https:\/\/www.facebook.com\/skaitytaknyga\/"]}]}},"_links":{"self":[{"href":"https:\/\/skaitytaknyga.lt\/en\/wp-json\/wp\/v2\/product\/4822","targetHints":{"allow":["GET"]}}],"collection":[{"href":"https:\/\/skaitytaknyga.lt\/en\/wp-json\/wp\/v2\/product"}],"about":[{"href":"https:\/\/skaitytaknyga.lt\/en\/wp-json\/wp\/v2\/types\/product"}],"replies":[{"embeddable":true,"href":"https:\/\/skaitytaknyga.lt\/en\/wp-json\/wp\/v2\/comments?post=4822"}],"wp:featuredmedia":[{"embeddable":true,"href":"https:\/\/skaitytaknyga.lt\/en\/wp-json\/wp\/v2\/media\/4878"}],"wp:attachment":[{"href":"https:\/\/skaitytaknyga.lt\/en\/wp-json\/wp\/v2\/media?parent=4822"}],"wp:term":[{"taxonomy":"product_brand","embeddable":true,"href":"https:\/\/skaitytaknyga.lt\/en\/wp-json\/wp\/v2\/product_brand?post=4822"},{"taxonomy":"product_cat","embeddable":true,"href":"https:\/\/skaitytaknyga.lt\/en\/wp-json\/wp\/v2\/product_cat?post=4822"},{"taxonomy":"product_tag","embeddable":true,"href":"https:\/\/skaitytaknyga.lt\/en\/wp-json\/wp\/v2\/product_tag?post=4822"}],"curies":[{"name":"wp","href":"https:\/\/api.w.org\/{rel}","templated":true}]}}