{"id":4791,"date":"2024-04-17T13:54:57","date_gmt":"2024-04-17T13:54:57","guid":{"rendered":"https:\/\/skaitytaknyga.lt\/?post_type=product&#038;p=4791"},"modified":"2026-03-18T15:02:39","modified_gmt":"2026-03-18T13:02:39","slug":"anders-rydell-knygu-vagys-dingusiu-biblioteku-paieskos","status":"publish","type":"product","link":"https:\/\/skaitytaknyga.lt\/en\/produktas\/anders-rydell-knygu-vagys-dingusiu-biblioteku-paieskos\/","title":{"rendered":"Knyg\u0173 vagys: dingusi\u0173 bibliotek\u0173 paie\u0161kos"},"content":{"rendered":"<p>Knyg\u0173 lau\u017eai, kurie anot Jozefo Gebelso skelb\u0117 dekadenti\u0161ko Veimaro respublikos kult\u016brinio gyvenimo pabaig\u0105 yra tik dalis istorijos. Knyg\u0173 deginimo lau\u017euose gl\u016bdi kita, menkiau \u017einoma istorija \u2013 kaip naci\u0173 kariai i\u0161 okupuot\u0173 \u0161ali\u0173 pl\u0117\u0161\u0117 t\u016bkstan\u010dius bibliotek\u0173 ir pavog\u0117 nesuskai\u010diuojam\u0105 gausyb\u0119 knyg\u0173. Du siaub\u0105 keliantys asmenys \u2013 SS reichsfiureris Heinrichas Himmleris ir naci\u0173 ideologas Alfredas Rosenbergas var\u017e\u0117si tarpusavyje, kuris sugeb\u0117s u\u017egrobti daugiau literat\u016brinio Europos palikimo. Himmleris sukaup\u0117 did\u017eiul\u0119 asmenin\u0119, kaip pats vadino, reicho prie\u0161\u0173 bibliotek\u0105. Alfredo Rosenbergo planas buvo didingesnis \u2013 pakloti pamatus visi\u0161kai naujai nacistinei mokslo ir \u0161vietimo sistemai, kuri ne tik ugdyt\u0173 naujus nacistinius ateities lyderius, bet ir pateisint\u0173 invazijas bei genocid\u0105.<\/p>\n","protected":false},"excerpt":{"rendered":"<p>Knyg\u0173 lau\u017eai, kurie anot Jozefo Gebelso skelb\u0117 dekadenti\u0161ko Veimaro respublikos kult\u016brinio gyvenimo pabaig\u0105 yra tik dalis istorijos. Knyg\u0173 deginimo lau\u017euose gl\u016bdi kita, menkiau \u017einoma istorija \u2013 kaip naci\u0173 kariai i\u0161 okupuot\u0173 \u0161ali\u0173 pl\u0117\u0161\u0117 t\u016bkstan\u010dius bibliotek\u0173 ir pavog\u0117 nesuskai\u010diuojam\u0105 gausyb\u0119 knyg\u0173. Du siaub\u0105 keliantys asmenys \u2013 SS reichsfiureris Heinrichas Himmleris ir naci\u0173 ideologas Alfredas Rosenbergas var\u017e\u0117si tarpusavyje, kuris sugeb\u0117s u\u017egrobti daugiau literat\u016brinio Europos palikimo. Himmleris sukaup\u0117 did\u017eiul\u0119 asmenin\u0119, kaip pats vadino, reicho prie\u0161\u0173 bibliotek\u0105. Alfredo Rosenbergo planas buvo didingesnis \u2013 pakloti pamatus visi\u0161kai naujai nacistinei mokslo ir \u0161vietimo sistemai, kuri ne tik ugdyt\u0173 naujus nacistinius ateities lyderius, bet ir pateisint\u0173 invazijas bei genocid\u0105.<\/p>\n","protected":false},"featured_media":4837,"comment_status":"closed","ping_status":"closed","template":"","meta":{"_acf_changed":false,"site-sidebar-layout":"default","site-content-layout":"","ast-site-content-layout":"default","site-content-style":"default","site-sidebar-style":"default","ast-global-header-display":"","ast-banner-title-visibility":"","ast-main-header-display":"","ast-hfb-above-header-display":"","ast-hfb-below-header-display":"","ast-hfb-mobile-header-display":"","site-post-title":"","ast-breadcrumbs-content":"","ast-featured-img":"","footer-sml-layout":"","ast-disable-related-posts":"","theme-transparent-header-meta":"","adv-header-id-meta":"","stick-header-meta":"","header-above-stick-meta":"","header-main-stick-meta":"","header-below-stick-meta":"","astra-migrate-meta-layouts":"default","ast-page-background-enabled":"default","ast-page-background-meta":{"desktop":{"background-color":"","background-image":"","background-repeat":"repeat","background-position":"center center","background-size":"auto","background-attachment":"scroll","background-type":"","background-media":"","overlay-type":"","overlay-color":"","overlay-opacity":"","overlay-gradient":""},"tablet":{"background-color":"","background-image":"","background-repeat":"repeat","background-position":"center center","background-size":"auto","background-attachment":"scroll","background-type":"","background-media":"","overlay-type":"","overlay-color":"","overlay-opacity":"","overlay-gradient":""},"mobile":{"background-color":"","background-image":"","background-repeat":"repeat","background-position":"center center","background-size":"auto","background-attachment":"scroll","background-type":"","background-media":"","overlay-type":"","overlay-color":"","overlay-opacity":"","overlay-gradient":""}},"ast-content-background-meta":{"desktop":{"background-color":"var(--ast-global-color-4)","background-image":"","background-repeat":"repeat","background-position":"center center","background-size":"auto","background-attachment":"scroll","background-type":"","background-media":"","overlay-type":"","overlay-color":"","overlay-opacity":"","overlay-gradient":""},"tablet":{"background-color":"var(--ast-global-color-4)","background-image":"","background-repeat":"repeat","background-position":"center center","background-size":"auto","background-attachment":"scroll","background-type":"","background-media":"","overlay-type":"","overlay-color":"","overlay-opacity":"","overlay-gradient":""},"mobile":{"background-color":"var(--ast-global-color-4)","background-image":"","background-repeat":"repeat","background-position":"center center","background-size":"auto","background-attachment":"scroll","background-type":"","background-media":"","overlay-type":"","overlay-color":"","overlay-opacity":"","overlay-gradient":""}}},"product_brand":[],"product_cat":[9863,174],"product_tag":[1343],"class_list":{"0":"post-4791","1":"product","2":"type-product","3":"status-publish","4":"has-post-thumbnail","6":"product_cat-europos-istorija","7":"product_cat-istorija-ir-politologija","8":"product_tag-anders-rydell","9":"pa_leidimo-metai-626","10":"desktop-align-left","11":"tablet-align-left","12":"mobile-align-left","14":"first","15":"instock","16":"shipping-taxable","17":"purchasable","18":"product-type-simple"},"acf":[],"yoast_head":"<!-- This site is optimized with the Yoast SEO plugin v27.0 - https:\/\/yoast.com\/product\/yoast-seo-wordpress\/ -->\n<title>Knyg\u0173 vagys: dingusi\u0173 bibliotek\u0173 paie\u0161kos<\/title>\n<meta name=\"description\" content=\"Knyg\u0173 lau\u017eai, kurie anot Jozefo Gebelso skelb\u0117 dekadenti\u0161ko Veimaro respublikos kult\u016brinio gyvenimo pabaig\u0105 yra tik dalis istorijos. Knyg\u0173 deginimo lau\u017euose gl\u016bdi kita, menkiau \u017einoma istorija \u2013 kaip naci\u0173 kariai i\u0161 okupuot\u0173 \u0161ali\u0173 pl\u0117\u0161\u0117 t\u016bkstan\u010dius bibliotek\u0173 ir pavog\u0117 nesuskai\u010diuojam\u0105 gausyb\u0119 knyg\u0173. Du siaub\u0105 keliantys asmenys \u2013 SS reichsfiureris Heinrichas Himmleris ir naci\u0173 ideologas Alfredas Rosenbergas var\u017e\u0117si tarpusavyje, kuris sugeb\u0117s u\u017egrobti daugiau literat\u016brinio Europos palikimo. Himmleris sukaup\u0117 did\u017eiul\u0119 asmenin\u0119, kaip pats vadino, reicho prie\u0161\u0173 bibliotek\u0105. Alfredo Rosenbergo planas buvo didingesnis \u2013 pakloti pamatus visi\u0161kai naujai nacistinei mokslo ir \u0161vietimo sistemai, kuri ne tik ugdyt\u0173 naujus nacistinius ateities lyderius, bet ir pateisint\u0173 invazijas bei genocid\u0105.\" \/>\n<meta name=\"robots\" content=\"index, follow, max-snippet:-1, max-image-preview:large, max-video-preview:-1\" \/>\n<link rel=\"canonical\" href=\"https:\/\/skaitytaknyga.lt\/en\/produktas\/anders-rydell-knygu-vagys-dingusiu-biblioteku-paieskos\/\" \/>\n<meta property=\"og:locale\" content=\"en_GB\" \/>\n<meta property=\"og:locale:alternate\" content=\"lt_LT\" \/>\n<meta property=\"og:type\" content=\"article\" \/>\n<meta property=\"og:title\" content=\"Knyg\u0173 vagys: dingusi\u0173 bibliotek\u0173 paie\u0161kos\" \/>\n<meta property=\"og:description\" content=\"Knyg\u0173 lau\u017eai, kurie anot Jozefo Gebelso skelb\u0117 dekadenti\u0161ko Veimaro respublikos kult\u016brinio gyvenimo pabaig\u0105 yra tik dalis istorijos. Knyg\u0173 deginimo lau\u017euose gl\u016bdi kita, menkiau \u017einoma istorija \u2013 kaip naci\u0173 kariai i\u0161 okupuot\u0173 \u0161ali\u0173 pl\u0117\u0161\u0117 t\u016bkstan\u010dius bibliotek\u0173 ir pavog\u0117 nesuskai\u010diuojam\u0105 gausyb\u0119 knyg\u0173. Du siaub\u0105 keliantys asmenys \u2013 SS reichsfiureris Heinrichas Himmleris ir naci\u0173 ideologas Alfredas Rosenbergas var\u017e\u0117si tarpusavyje, kuris sugeb\u0117s u\u017egrobti daugiau literat\u016brinio Europos palikimo. Himmleris sukaup\u0117 did\u017eiul\u0119 asmenin\u0119, kaip pats vadino, reicho prie\u0161\u0173 bibliotek\u0105. Alfredo Rosenbergo planas buvo didingesnis \u2013 pakloti pamatus visi\u0161kai naujai nacistinei mokslo ir \u0161vietimo sistemai, kuri ne tik ugdyt\u0173 naujus nacistinius ateities lyderius, bet ir pateisint\u0173 invazijas bei genocid\u0105.\" \/>\n<meta property=\"og:url\" content=\"https:\/\/skaitytaknyga.lt\/en\/produktas\/anders-rydell-knygu-vagys-dingusiu-biblioteku-paieskos\/\" \/>\n<meta property=\"og:site_name\" content=\"Skaitytaknyga\" \/>\n<meta property=\"article:publisher\" content=\"https:\/\/www.facebook.com\/skaitytaknyga\/\" \/>\n<meta property=\"article:modified_time\" content=\"2026-03-18T13:02:39+00:00\" \/>\n<meta property=\"og:image\" content=\"https:\/\/skaitytaknyga.lt\/wp-content\/uploads\/2024\/04\/5e7cf0690c336_knygu-vagys.jpg\" \/>\n\t<meta property=\"og:image:width\" content=\"342\" \/>\n\t<meta property=\"og:image:height\" content=\"500\" \/>\n\t<meta property=\"og:image:type\" content=\"image\/jpeg\" \/>\n<meta name=\"twitter:card\" content=\"summary_large_image\" \/>\n<meta name=\"twitter:label1\" content=\"Estimated reading time\" \/>\n\t<meta name=\"twitter:data1\" content=\"1 minute\" \/>\n<script type=\"application\/ld+json\" class=\"yoast-schema-graph\">{\"@context\":\"https:\/\/schema.org\",\"@graph\":[{\"@type\":\"WebPage\",\"@id\":\"https:\/\/skaitytaknyga.lt\/produktas\/anders-rydell-knygu-vagys-dingusiu-biblioteku-paieskos\/\",\"url\":\"https:\/\/skaitytaknyga.lt\/produktas\/anders-rydell-knygu-vagys-dingusiu-biblioteku-paieskos\/\",\"name\":\"Knyg\u0173 vagys: dingusi\u0173 bibliotek\u0173 paie\u0161kos\",\"isPartOf\":{\"@id\":\"https:\/\/skaitytaknyga.lt\/#website\"},\"primaryImageOfPage\":{\"@id\":\"https:\/\/skaitytaknyga.lt\/produktas\/anders-rydell-knygu-vagys-dingusiu-biblioteku-paieskos\/#primaryimage\"},\"image\":{\"@id\":\"https:\/\/skaitytaknyga.lt\/produktas\/anders-rydell-knygu-vagys-dingusiu-biblioteku-paieskos\/#primaryimage\"},\"thumbnailUrl\":\"https:\/\/skaitytaknyga.lt\/wp-content\/uploads\/2024\/04\/5e7cf0690c336_knygu-vagys.jpg\",\"datePublished\":\"2024-04-17T13:54:57+00:00\",\"dateModified\":\"2026-03-18T13:02:39+00:00\",\"description\":\"Knyg\u0173 lau\u017eai, kurie anot Jozefo Gebelso skelb\u0117 dekadenti\u0161ko Veimaro respublikos kult\u016brinio gyvenimo pabaig\u0105 yra tik dalis istorijos. Knyg\u0173 deginimo lau\u017euose gl\u016bdi kita, menkiau \u017einoma istorija \u2013 kaip naci\u0173 kariai i\u0161 okupuot\u0173 \u0161ali\u0173 pl\u0117\u0161\u0117 t\u016bkstan\u010dius bibliotek\u0173 ir pavog\u0117 nesuskai\u010diuojam\u0105 gausyb\u0119 knyg\u0173. Du siaub\u0105 keliantys asmenys \u2013 SS reichsfiureris Heinrichas Himmleris ir naci\u0173 ideologas Alfredas Rosenbergas var\u017e\u0117si tarpusavyje, kuris sugeb\u0117s u\u017egrobti daugiau literat\u016brinio Europos palikimo. Himmleris sukaup\u0117 did\u017eiul\u0119 asmenin\u0119, kaip pats vadino, reicho prie\u0161\u0173 bibliotek\u0105. Alfredo Rosenbergo planas buvo didingesnis \u2013 pakloti pamatus visi\u0161kai naujai nacistinei mokslo ir \u0161vietimo sistemai, kuri ne tik ugdyt\u0173 naujus nacistinius ateities lyderius, bet ir pateisint\u0173 invazijas bei genocid\u0105.\",\"breadcrumb\":{\"@id\":\"https:\/\/skaitytaknyga.lt\/produktas\/anders-rydell-knygu-vagys-dingusiu-biblioteku-paieskos\/#breadcrumb\"},\"inLanguage\":\"en-GB\",\"potentialAction\":[{\"@type\":\"ReadAction\",\"target\":[\"https:\/\/skaitytaknyga.lt\/produktas\/anders-rydell-knygu-vagys-dingusiu-biblioteku-paieskos\/\"]}]},{\"@type\":\"ImageObject\",\"inLanguage\":\"en-GB\",\"@id\":\"https:\/\/skaitytaknyga.lt\/produktas\/anders-rydell-knygu-vagys-dingusiu-biblioteku-paieskos\/#primaryimage\",\"url\":\"https:\/\/skaitytaknyga.lt\/wp-content\/uploads\/2024\/04\/5e7cf0690c336_knygu-vagys.jpg\",\"contentUrl\":\"https:\/\/skaitytaknyga.lt\/wp-content\/uploads\/2024\/04\/5e7cf0690c336_knygu-vagys.jpg\",\"width\":342,\"height\":500},{\"@type\":\"BreadcrumbList\",\"@id\":\"https:\/\/skaitytaknyga.lt\/produktas\/anders-rydell-knygu-vagys-dingusiu-biblioteku-paieskos\/#breadcrumb\",\"itemListElement\":[{\"@type\":\"ListItem\",\"position\":1,\"name\":\"Home\",\"item\":\"https:\/\/skaitytaknyga.lt\/\"},{\"@type\":\"ListItem\",\"position\":2,\"name\":\"Parduotuv\u0117\",\"item\":\"https:\/\/skaitytaknyga.lt\/knygu-parduotuve\/\"},{\"@type\":\"ListItem\",\"position\":3,\"name\":\"Knyg\u0173 vagys: dingusi\u0173 bibliotek\u0173 paie\u0161kos\"}]},{\"@type\":\"WebSite\",\"@id\":\"https:\/\/skaitytaknyga.lt\/#website\",\"url\":\"https:\/\/skaitytaknyga.lt\/\",\"name\":\"skaitytaknyga.lt\",\"description\":\"Skaitytaknyga.lt \u2013 tai ma\u017eas \u0161eimos verslas, kuris prasid\u0117jo nuo meil\u0117s knygoms ir siekio i\u0161gelb\u0117ti knygas nuo likimo prie konteinerio. Kas vienam nereikalingas daiktas \u2013 kitam lobis, o mes esame tarpininkai, kurie padeda abiems tapti laimingesniems ???? \u017dinome kaip nelengva i\u0161gyventi ma\u017eiems verslams, tad nuo \u0161iol, \u010dia rasite ir kit\u0173, ma\u017e\u0173 \u0161eim\u0173 versl\u0173, rank\u0173 darbo, dovan\u0173 sau ir artimiesiems.\",\"publisher\":{\"@id\":\"https:\/\/skaitytaknyga.lt\/#organization\"},\"potentialAction\":[{\"@type\":\"SearchAction\",\"target\":{\"@type\":\"EntryPoint\",\"urlTemplate\":\"https:\/\/skaitytaknyga.lt\/?s={search_term_string}\"},\"query-input\":{\"@type\":\"PropertyValueSpecification\",\"valueRequired\":true,\"valueName\":\"search_term_string\"}}],\"inLanguage\":\"en-GB\"},{\"@type\":\"Organization\",\"@id\":\"https:\/\/skaitytaknyga.lt\/#organization\",\"name\":\"skaitytaknyga.lt\",\"url\":\"https:\/\/skaitytaknyga.lt\/\",\"logo\":{\"@type\":\"ImageObject\",\"inLanguage\":\"en-GB\",\"@id\":\"https:\/\/skaitytaknyga.lt\/#\/schema\/logo\/image\/\",\"url\":\"https:\/\/skaitytaknyga.lt\/wp-content\/uploads\/2024\/05\/cropped-cropped-cropped-02_00843_jt3bggkj1j3HLc7SyY6rEUpg.jpeg\",\"contentUrl\":\"https:\/\/skaitytaknyga.lt\/wp-content\/uploads\/2024\/05\/cropped-cropped-cropped-02_00843_jt3bggkj1j3HLc7SyY6rEUpg.jpeg\",\"width\":1600,\"height\":1600,\"caption\":\"skaitytaknyga.lt\"},\"image\":{\"@id\":\"https:\/\/skaitytaknyga.lt\/#\/schema\/logo\/image\/\"},\"sameAs\":[\"https:\/\/www.facebook.com\/skaitytaknyga\/\"]}]}<\/script>\n<!-- \/ Yoast SEO plugin. -->","yoast_head_json":{"title":"Knyg\u0173 vagys: dingusi\u0173 bibliotek\u0173 paie\u0161kos","description":"Knyg\u0173 lau\u017eai, kurie anot Jozefo Gebelso skelb\u0117 dekadenti\u0161ko Veimaro respublikos kult\u016brinio gyvenimo pabaig\u0105 yra tik dalis istorijos. Knyg\u0173 deginimo lau\u017euose gl\u016bdi kita, menkiau \u017einoma istorija \u2013 kaip naci\u0173 kariai i\u0161 okupuot\u0173 \u0161ali\u0173 pl\u0117\u0161\u0117 t\u016bkstan\u010dius bibliotek\u0173 ir pavog\u0117 nesuskai\u010diuojam\u0105 gausyb\u0119 knyg\u0173. Du siaub\u0105 keliantys asmenys \u2013 SS reichsfiureris Heinrichas Himmleris ir naci\u0173 ideologas Alfredas Rosenbergas var\u017e\u0117si tarpusavyje, kuris sugeb\u0117s u\u017egrobti daugiau literat\u016brinio Europos palikimo. Himmleris sukaup\u0117 did\u017eiul\u0119 asmenin\u0119, kaip pats vadino, reicho prie\u0161\u0173 bibliotek\u0105. Alfredo Rosenbergo planas buvo didingesnis \u2013 pakloti pamatus visi\u0161kai naujai nacistinei mokslo ir \u0161vietimo sistemai, kuri ne tik ugdyt\u0173 naujus nacistinius ateities lyderius, bet ir pateisint\u0173 invazijas bei genocid\u0105.","robots":{"index":"index","follow":"follow","max-snippet":"max-snippet:-1","max-image-preview":"max-image-preview:large","max-video-preview":"max-video-preview:-1"},"canonical":"https:\/\/skaitytaknyga.lt\/en\/produktas\/anders-rydell-knygu-vagys-dingusiu-biblioteku-paieskos\/","og_locale":"en_GB","og_type":"article","og_title":"[:lt]Knyg\u0173 vagys: dingusi\u0173 bibliotek\u0173 paie\u0161kos[:] - Skaitytaknyga","og_description":"Knyg\u0173 lau\u017eai, kurie anot Jozefo Gebelso skelb\u0117 dekadenti\u0161ko Veimaro respublikos kult\u016brinio gyvenimo pabaig\u0105 yra tik dalis istorijos. Knyg\u0173 deginimo lau\u017euose gl\u016bdi kita, menkiau \u017einoma istorija \u2013 kaip naci\u0173 kariai i\u0161 okupuot\u0173 \u0161ali\u0173 pl\u0117\u0161\u0117 t\u016bkstan\u010dius bibliotek\u0173 ir pavog\u0117 nesuskai\u010diuojam\u0105 gausyb\u0119 knyg\u0173. Du siaub\u0105 keliantys asmenys \u2013 SS reichsfiureris Heinrichas Himmleris ir naci\u0173 ideologas Alfredas Rosenbergas var\u017e\u0117si tarpusavyje, kuris sugeb\u0117s u\u017egrobti daugiau literat\u016brinio Europos palikimo. Himmleris sukaup\u0117 did\u017eiul\u0119 asmenin\u0119, kaip pats vadino, reicho prie\u0161\u0173 bibliotek\u0105. Alfredo Rosenbergo planas buvo didingesnis \u2013 pakloti pamatus visi\u0161kai naujai nacistinei mokslo ir \u0161vietimo sistemai, kuri ne tik ugdyt\u0173 naujus nacistinius ateities lyderius, bet ir pateisint\u0173 invazijas bei genocid\u0105.","og_url":"https:\/\/skaitytaknyga.lt\/en\/produktas\/anders-rydell-knygu-vagys-dingusiu-biblioteku-paieskos\/","og_site_name":"Skaitytaknyga","article_publisher":"https:\/\/www.facebook.com\/skaitytaknyga\/","article_modified_time":"2026-03-18T13:02:39+00:00","og_image":[{"width":342,"height":500,"url":"https:\/\/skaitytaknyga.lt\/wp-content\/uploads\/2024\/04\/5e7cf0690c336_knygu-vagys.jpg","type":"image\/jpeg"}],"twitter_card":"summary_large_image","twitter_misc":{"Estimated reading time":"1 minute"},"schema":{"@context":"https:\/\/schema.org","@graph":[{"@type":"WebPage","@id":"https:\/\/skaitytaknyga.lt\/produktas\/anders-rydell-knygu-vagys-dingusiu-biblioteku-paieskos\/","url":"https:\/\/skaitytaknyga.lt\/produktas\/anders-rydell-knygu-vagys-dingusiu-biblioteku-paieskos\/","name":"Knyg\u0173 vagys: dingusi\u0173 bibliotek\u0173 paie\u0161kos","isPartOf":{"@id":"https:\/\/skaitytaknyga.lt\/#website"},"primaryImageOfPage":{"@id":"https:\/\/skaitytaknyga.lt\/produktas\/anders-rydell-knygu-vagys-dingusiu-biblioteku-paieskos\/#primaryimage"},"image":{"@id":"https:\/\/skaitytaknyga.lt\/produktas\/anders-rydell-knygu-vagys-dingusiu-biblioteku-paieskos\/#primaryimage"},"thumbnailUrl":"https:\/\/skaitytaknyga.lt\/wp-content\/uploads\/2024\/04\/5e7cf0690c336_knygu-vagys.jpg","datePublished":"2024-04-17T13:54:57+00:00","dateModified":"2026-03-18T13:02:39+00:00","description":"Knyg\u0173 lau\u017eai, kurie anot Jozefo Gebelso skelb\u0117 dekadenti\u0161ko Veimaro respublikos kult\u016brinio gyvenimo pabaig\u0105 yra tik dalis istorijos. Knyg\u0173 deginimo lau\u017euose gl\u016bdi kita, menkiau \u017einoma istorija \u2013 kaip naci\u0173 kariai i\u0161 okupuot\u0173 \u0161ali\u0173 pl\u0117\u0161\u0117 t\u016bkstan\u010dius bibliotek\u0173 ir pavog\u0117 nesuskai\u010diuojam\u0105 gausyb\u0119 knyg\u0173. Du siaub\u0105 keliantys asmenys \u2013 SS reichsfiureris Heinrichas Himmleris ir naci\u0173 ideologas Alfredas Rosenbergas var\u017e\u0117si tarpusavyje, kuris sugeb\u0117s u\u017egrobti daugiau literat\u016brinio Europos palikimo. Himmleris sukaup\u0117 did\u017eiul\u0119 asmenin\u0119, kaip pats vadino, reicho prie\u0161\u0173 bibliotek\u0105. Alfredo Rosenbergo planas buvo didingesnis \u2013 pakloti pamatus visi\u0161kai naujai nacistinei mokslo ir \u0161vietimo sistemai, kuri ne tik ugdyt\u0173 naujus nacistinius ateities lyderius, bet ir pateisint\u0173 invazijas bei genocid\u0105.","breadcrumb":{"@id":"https:\/\/skaitytaknyga.lt\/produktas\/anders-rydell-knygu-vagys-dingusiu-biblioteku-paieskos\/#breadcrumb"},"inLanguage":"en-GB","potentialAction":[{"@type":"ReadAction","target":["https:\/\/skaitytaknyga.lt\/produktas\/anders-rydell-knygu-vagys-dingusiu-biblioteku-paieskos\/"]}]},{"@type":"ImageObject","inLanguage":"en-GB","@id":"https:\/\/skaitytaknyga.lt\/produktas\/anders-rydell-knygu-vagys-dingusiu-biblioteku-paieskos\/#primaryimage","url":"https:\/\/skaitytaknyga.lt\/wp-content\/uploads\/2024\/04\/5e7cf0690c336_knygu-vagys.jpg","contentUrl":"https:\/\/skaitytaknyga.lt\/wp-content\/uploads\/2024\/04\/5e7cf0690c336_knygu-vagys.jpg","width":342,"height":500},{"@type":"BreadcrumbList","@id":"https:\/\/skaitytaknyga.lt\/produktas\/anders-rydell-knygu-vagys-dingusiu-biblioteku-paieskos\/#breadcrumb","itemListElement":[{"@type":"ListItem","position":1,"name":"Home","item":"https:\/\/skaitytaknyga.lt\/"},{"@type":"ListItem","position":2,"name":"Parduotuv\u0117","item":"https:\/\/skaitytaknyga.lt\/knygu-parduotuve\/"},{"@type":"ListItem","position":3,"name":"Knyg\u0173 vagys: dingusi\u0173 bibliotek\u0173 paie\u0161kos"}]},{"@type":"WebSite","@id":"https:\/\/skaitytaknyga.lt\/#website","url":"https:\/\/skaitytaknyga.lt\/","name":"skaitytaknyga.lt","description":"Skaitytaknyga.lt \u2013 tai ma\u017eas \u0161eimos verslas, kuris prasid\u0117jo nuo meil\u0117s knygoms ir siekio i\u0161gelb\u0117ti knygas nuo likimo prie konteinerio. Kas vienam nereikalingas daiktas \u2013 kitam lobis, o mes esame tarpininkai, kurie padeda abiems tapti laimingesniems ???? \u017dinome kaip nelengva i\u0161gyventi ma\u017eiems verslams, tad nuo \u0161iol, \u010dia rasite ir kit\u0173, ma\u017e\u0173 \u0161eim\u0173 versl\u0173, rank\u0173 darbo, dovan\u0173 sau ir artimiesiems.","publisher":{"@id":"https:\/\/skaitytaknyga.lt\/#organization"},"potentialAction":[{"@type":"SearchAction","target":{"@type":"EntryPoint","urlTemplate":"https:\/\/skaitytaknyga.lt\/?s={search_term_string}"},"query-input":{"@type":"PropertyValueSpecification","valueRequired":true,"valueName":"search_term_string"}}],"inLanguage":"en-GB"},{"@type":"Organization","@id":"https:\/\/skaitytaknyga.lt\/#organization","name":"skaitytaknyga.lt","url":"https:\/\/skaitytaknyga.lt\/","logo":{"@type":"ImageObject","inLanguage":"en-GB","@id":"https:\/\/skaitytaknyga.lt\/#\/schema\/logo\/image\/","url":"https:\/\/skaitytaknyga.lt\/wp-content\/uploads\/2024\/05\/cropped-cropped-cropped-02_00843_jt3bggkj1j3HLc7SyY6rEUpg.jpeg","contentUrl":"https:\/\/skaitytaknyga.lt\/wp-content\/uploads\/2024\/05\/cropped-cropped-cropped-02_00843_jt3bggkj1j3HLc7SyY6rEUpg.jpeg","width":1600,"height":1600,"caption":"skaitytaknyga.lt"},"image":{"@id":"https:\/\/skaitytaknyga.lt\/#\/schema\/logo\/image\/"},"sameAs":["https:\/\/www.facebook.com\/skaitytaknyga\/"]}]}},"_links":{"self":[{"href":"https:\/\/skaitytaknyga.lt\/en\/wp-json\/wp\/v2\/product\/4791","targetHints":{"allow":["GET"]}}],"collection":[{"href":"https:\/\/skaitytaknyga.lt\/en\/wp-json\/wp\/v2\/product"}],"about":[{"href":"https:\/\/skaitytaknyga.lt\/en\/wp-json\/wp\/v2\/types\/product"}],"replies":[{"embeddable":true,"href":"https:\/\/skaitytaknyga.lt\/en\/wp-json\/wp\/v2\/comments?post=4791"}],"wp:featuredmedia":[{"embeddable":true,"href":"https:\/\/skaitytaknyga.lt\/en\/wp-json\/wp\/v2\/media\/4837"}],"wp:attachment":[{"href":"https:\/\/skaitytaknyga.lt\/en\/wp-json\/wp\/v2\/media?parent=4791"}],"wp:term":[{"taxonomy":"product_brand","embeddable":true,"href":"https:\/\/skaitytaknyga.lt\/en\/wp-json\/wp\/v2\/product_brand?post=4791"},{"taxonomy":"product_cat","embeddable":true,"href":"https:\/\/skaitytaknyga.lt\/en\/wp-json\/wp\/v2\/product_cat?post=4791"},{"taxonomy":"product_tag","embeddable":true,"href":"https:\/\/skaitytaknyga.lt\/en\/wp-json\/wp\/v2\/product_tag?post=4791"}],"curies":[{"name":"wp","href":"https:\/\/api.w.org\/{rel}","templated":true}]}}