{"id":4790,"date":"2024-04-17T13:54:57","date_gmt":"2024-04-17T13:54:57","guid":{"rendered":"https:\/\/skaitytaknyga.lt\/?post_type=product&#038;p=4790"},"modified":"2024-05-03T07:27:05","modified_gmt":"2024-05-03T07:27:05","slug":"paul-van-loon-siaubu-autobusas-4","status":"publish","type":"product","link":"https:\/\/skaitytaknyga.lt\/en\/produktas\/paul-van-loon-siaubu-autobusas-4\/","title":{"rendered":"Paul van Loon \u201eSiaub\u0173 autobusas 4\u201c"},"content":{"rendered":"<p><em>\u00a0\u201eP\u016bga vis smark\u0117jo. Zombis pasuko \u012f sodo takel\u012f, \u2013 skaito Tonas. \u2013 Zombio veide su\u0161vito \u0161ypsena. Pak\u0117l\u0119s rank\u0105 prie skambu\u010dio, jis spustel\u0117jo mygtuk\u0105&#8230;\u201c<\/em><br \/>\n<em>T\u0105 pa\u010di\u0105 akimirk\u0105 per namuk\u0105 nuaidi skambutis. Tonas i\u0161sigand\u0119s pa\u0161oka nuo k\u0117d\u0117s.<\/em><\/p>\n<p>\u0160iurpi\u0173 istorij\u0173 ra\u0161ymas \u2013 tai ne juokas! Ir kartais tikrai geriau ne\u017einoti, i\u0161 kur ra\u0161ytojas semiasi \u012fkv\u0117pimo\u2026 \u0160tai mokytojas \u017dakas naktimis s\u0117di prie kompiuterio ir kuria, tad nenuostabu, kad jis taip noriai dalijasi savo \u0161iurpulinga k\u016bryba su klase. Ta\u010diau kod\u0117l tos istorijos tokios baisios ir keistai susilieja su realybe?.. Kod\u0117l mokytojas pats ima keistis? Ar tai tik nebus kaip nors susij\u0119 su \u201eSiaub\u0173 autobuso\u201c rankra\u0161\u010diu, kur\u012f jis priglaud\u0117 niekam nieko nesakydamas, ir su Kita Tikrove, slypin\u010dia anapus ekrano\u2026<\/p>\n","protected":false},"excerpt":{"rendered":"<p><em>\u00a0\u201eP\u016bga vis smark\u0117jo. Zombis pasuko \u012f sodo takel\u012f, \u2013 skaito Tonas. \u2013 Zombio veide su\u0161vito \u0161ypsena. Pak\u0117l\u0119s rank\u0105 prie skambu\u010dio, jis spustel\u0117jo mygtuk\u0105&#8230;\u201c<\/em><br \/>\n<em>T\u0105 pa\u010di\u0105 akimirk\u0105 per namuk\u0105 nuaidi skambutis. Tonas i\u0161sigand\u0119s pa\u0161oka nuo k\u0117d\u0117s.<\/em><\/p>\n<p>\u0160iurpi\u0173 istorij\u0173 ra\u0161ymas \u2013 tai ne juokas! Ir kartais tikrai geriau ne\u017einoti, i\u0161 kur ra\u0161ytojas semiasi \u012fkv\u0117pimo\u2026 \u0160tai mokytojas \u017dakas naktimis s\u0117di prie kompiuterio ir kuria, tad nenuostabu, kad jis taip noriai dalijasi savo \u0161iurpulinga k\u016bryba su klase. Ta\u010diau kod\u0117l tos istorijos tokios baisios ir keistai susilieja su realybe?.. Kod\u0117l mokytojas pats ima keistis? Ar tai tik nebus kaip nors susij\u0119 su \u201eSiaub\u0173 autobuso\u201c rankra\u0161\u010diu, kur\u012f jis priglaud\u0117 niekam nieko nesakydamas, ir su Kita Tikrove, slypin\u010dia anapus ekrano\u2026<\/p>\n","protected":false},"featured_media":4836,"comment_status":"closed","ping_status":"closed","template":"","meta":{"_acf_changed":false,"site-sidebar-layout":"default","site-content-layout":"","ast-site-content-layout":"default","site-content-style":"default","site-sidebar-style":"default","ast-global-header-display":"","ast-banner-title-visibility":"","ast-main-header-display":"","ast-hfb-above-header-display":"","ast-hfb-below-header-display":"","ast-hfb-mobile-header-display":"","site-post-title":"","ast-breadcrumbs-content":"","ast-featured-img":"","footer-sml-layout":"","ast-disable-related-posts":"","theme-transparent-header-meta":"","adv-header-id-meta":"","stick-header-meta":"","header-above-stick-meta":"","header-main-stick-meta":"","header-below-stick-meta":"","astra-migrate-meta-layouts":"default","ast-page-background-enabled":"default","ast-page-background-meta":{"desktop":{"background-color":"","background-image":"","background-repeat":"repeat","background-position":"center center","background-size":"auto","background-attachment":"scroll","background-type":"","background-media":"","overlay-type":"","overlay-color":"","overlay-opacity":"","overlay-gradient":""},"tablet":{"background-color":"","background-image":"","background-repeat":"repeat","background-position":"center center","background-size":"auto","background-attachment":"scroll","background-type":"","background-media":"","overlay-type":"","overlay-color":"","overlay-opacity":"","overlay-gradient":""},"mobile":{"background-color":"","background-image":"","background-repeat":"repeat","background-position":"center center","background-size":"auto","background-attachment":"scroll","background-type":"","background-media":"","overlay-type":"","overlay-color":"","overlay-opacity":"","overlay-gradient":""}},"ast-content-background-meta":{"desktop":{"background-color":"var(--ast-global-color-4)","background-image":"","background-repeat":"repeat","background-position":"center center","background-size":"auto","background-attachment":"scroll","background-type":"","background-media":"","overlay-type":"","overlay-color":"","overlay-opacity":"","overlay-gradient":""},"tablet":{"background-color":"var(--ast-global-color-4)","background-image":"","background-repeat":"repeat","background-position":"center center","background-size":"auto","background-attachment":"scroll","background-type":"","background-media":"","overlay-type":"","overlay-color":"","overlay-opacity":"","overlay-gradient":""},"mobile":{"background-color":"var(--ast-global-color-4)","background-image":"","background-repeat":"repeat","background-position":"center center","background-size":"auto","background-attachment":"scroll","background-type":"","background-media":"","overlay-type":"","overlay-color":"","overlay-opacity":"","overlay-gradient":""}}},"product_brand":[],"product_cat":[35],"product_tag":[],"class_list":{"0":"post-4790","1":"product","2":"type-product","3":"status-publish","4":"has-post-thumbnail","6":"product_cat-vaikams-ir-paaugliams","7":"pa_leidimo-metai-652","8":"desktop-align-left","9":"tablet-align-left","10":"mobile-align-left","12":"first","13":"outofstock","14":"shipping-taxable","15":"purchasable","16":"product-type-simple"},"acf":[],"yoast_head":"<!-- This site is optimized with the Yoast SEO plugin v27.0 - https:\/\/yoast.com\/product\/yoast-seo-wordpress\/ -->\n<title>Paul van Loon \u201eSiaub\u0173 autobusas 4\u201c - Skaitytaknyga<\/title>\n<meta name=\"description\" content=\"\u00a0\u201eP\u016bga vis smark\u0117jo. Zombis pasuko \u012f sodo takel\u012f, \u2013 skaito Tonas. \u2013 Zombio veide su\u0161vito \u0161ypsena. Pak\u0117l\u0119s rank\u0105 prie skambu\u010dio, jis spustel\u0117jo mygtuk\u0105...\u201c T\u0105 pa\u010di\u0105 akimirk\u0105 per namuk\u0105 nuaidi skambutis. Tonas i\u0161sigand\u0119s pa\u0161oka nuo k\u0117d\u0117s.  \u0160iurpi\u0173 istorij\u0173 ra\u0161ymas \u2013 tai ne juokas! Ir kartais tikrai geriau ne\u017einoti, i\u0161 kur ra\u0161ytojas semiasi \u012fkv\u0117pimo\u2026 \u0160tai mokytojas \u017dakas naktimis s\u0117di prie kompiuterio ir kuria, tad nenuostabu, kad jis taip noriai dalijasi savo \u0161iurpulinga k\u016bryba su klase. Ta\u010diau kod\u0117l tos istorijos tokios baisios ir keistai susilieja su realybe?.. Kod\u0117l mokytojas pats ima keistis? Ar tai tik nebus kaip nors susij\u0119 su \u201eSiaub\u0173 autobuso\u201c rankra\u0161\u010diu, kur\u012f jis priglaud\u0117 niekam nieko nesakydamas, ir su Kita Tikrove, slypin\u010dia anapus ekrano\u2026\" \/>\n<meta name=\"robots\" content=\"index, follow, max-snippet:-1, max-image-preview:large, max-video-preview:-1\" \/>\n<link rel=\"canonical\" href=\"https:\/\/skaitytaknyga.lt\/en\/produktas\/paul-van-loon-siaubu-autobusas-4\/\" \/>\n<meta property=\"og:locale\" content=\"en_GB\" \/>\n<meta property=\"og:locale:alternate\" content=\"lt_LT\" \/>\n<meta property=\"og:type\" content=\"article\" \/>\n<meta property=\"og:title\" content=\"Paul van Loon \u201eSiaub\u0173 autobusas 4\u201c - Skaitytaknyga\" \/>\n<meta property=\"og:description\" content=\"\u00a0\u201eP\u016bga vis smark\u0117jo. Zombis pasuko \u012f sodo takel\u012f, \u2013 skaito Tonas. \u2013 Zombio veide su\u0161vito \u0161ypsena. Pak\u0117l\u0119s rank\u0105 prie skambu\u010dio, jis spustel\u0117jo mygtuk\u0105...\u201c T\u0105 pa\u010di\u0105 akimirk\u0105 per namuk\u0105 nuaidi skambutis. Tonas i\u0161sigand\u0119s pa\u0161oka nuo k\u0117d\u0117s.  \u0160iurpi\u0173 istorij\u0173 ra\u0161ymas \u2013 tai ne juokas! Ir kartais tikrai geriau ne\u017einoti, i\u0161 kur ra\u0161ytojas semiasi \u012fkv\u0117pimo\u2026 \u0160tai mokytojas \u017dakas naktimis s\u0117di prie kompiuterio ir kuria, tad nenuostabu, kad jis taip noriai dalijasi savo \u0161iurpulinga k\u016bryba su klase. Ta\u010diau kod\u0117l tos istorijos tokios baisios ir keistai susilieja su realybe?.. Kod\u0117l mokytojas pats ima keistis? Ar tai tik nebus kaip nors susij\u0119 su \u201eSiaub\u0173 autobuso\u201c rankra\u0161\u010diu, kur\u012f jis priglaud\u0117 niekam nieko nesakydamas, ir su Kita Tikrove, slypin\u010dia anapus ekrano\u2026\" \/>\n<meta property=\"og:url\" content=\"https:\/\/skaitytaknyga.lt\/en\/produktas\/paul-van-loon-siaubu-autobusas-4\/\" \/>\n<meta property=\"og:site_name\" content=\"Skaitytaknyga\" \/>\n<meta property=\"article:publisher\" content=\"https:\/\/www.facebook.com\/skaitytaknyga\/\" \/>\n<meta property=\"article:modified_time\" content=\"2024-05-03T07:27:05+00:00\" \/>\n<meta property=\"og:image\" content=\"https:\/\/skaitytaknyga.lt\/wp-content\/uploads\/2024\/04\/000000000002154826-59de828df068b-asset-knyguklubas-cdb_9786094411861_siaubu_autobusas_4_p1.jpg\" \/>\n\t<meta property=\"og:image:width\" content=\"285\" \/>\n\t<meta property=\"og:image:height\" content=\"409\" \/>\n\t<meta property=\"og:image:type\" content=\"image\/jpeg\" \/>\n<meta name=\"twitter:card\" content=\"summary_large_image\" \/>\n<meta name=\"twitter:label1\" content=\"Estimated reading time\" \/>\n\t<meta name=\"twitter:data1\" content=\"1 minute\" \/>\n<script type=\"application\/ld+json\" class=\"yoast-schema-graph\">{\"@context\":\"https:\/\/schema.org\",\"@graph\":[{\"@type\":\"WebPage\",\"@id\":\"https:\/\/skaitytaknyga.lt\/produktas\/paul-van-loon-siaubu-autobusas-4\/\",\"url\":\"https:\/\/skaitytaknyga.lt\/produktas\/paul-van-loon-siaubu-autobusas-4\/\",\"name\":\"Paul van Loon \u201eSiaub\u0173 autobusas 4\u201c - Skaitytaknyga\",\"isPartOf\":{\"@id\":\"https:\/\/skaitytaknyga.lt\/#website\"},\"primaryImageOfPage\":{\"@id\":\"https:\/\/skaitytaknyga.lt\/produktas\/paul-van-loon-siaubu-autobusas-4\/#primaryimage\"},\"image\":{\"@id\":\"https:\/\/skaitytaknyga.lt\/produktas\/paul-van-loon-siaubu-autobusas-4\/#primaryimage\"},\"thumbnailUrl\":\"https:\/\/skaitytaknyga.lt\/wp-content\/uploads\/2024\/04\/000000000002154826-59de828df068b-asset-knyguklubas-cdb_9786094411861_siaubu_autobusas_4_p1.jpg\",\"datePublished\":\"2024-04-17T13:54:57+00:00\",\"dateModified\":\"2024-05-03T07:27:05+00:00\",\"description\":\"\u00a0\u201eP\u016bga vis smark\u0117jo. Zombis pasuko \u012f sodo takel\u012f, \u2013 skaito Tonas. \u2013 Zombio veide su\u0161vito \u0161ypsena. Pak\u0117l\u0119s rank\u0105 prie skambu\u010dio, jis spustel\u0117jo mygtuk\u0105...\u201c T\u0105 pa\u010di\u0105 akimirk\u0105 per namuk\u0105 nuaidi skambutis. Tonas i\u0161sigand\u0119s pa\u0161oka nuo k\u0117d\u0117s. \u0160iurpi\u0173 istorij\u0173 ra\u0161ymas \u2013 tai ne juokas! Ir kartais tikrai geriau ne\u017einoti, i\u0161 kur ra\u0161ytojas semiasi \u012fkv\u0117pimo\u2026 \u0160tai mokytojas \u017dakas naktimis s\u0117di prie kompiuterio ir kuria, tad nenuostabu, kad jis taip noriai dalijasi savo \u0161iurpulinga k\u016bryba su klase. Ta\u010diau kod\u0117l tos istorijos tokios baisios ir keistai susilieja su realybe?.. Kod\u0117l mokytojas pats ima keistis? Ar tai tik nebus kaip nors susij\u0119 su \u201eSiaub\u0173 autobuso\u201c rankra\u0161\u010diu, kur\u012f jis priglaud\u0117 niekam nieko nesakydamas, ir su Kita Tikrove, slypin\u010dia anapus ekrano\u2026\",\"breadcrumb\":{\"@id\":\"https:\/\/skaitytaknyga.lt\/produktas\/paul-van-loon-siaubu-autobusas-4\/#breadcrumb\"},\"inLanguage\":\"en-GB\",\"potentialAction\":[{\"@type\":\"ReadAction\",\"target\":[\"https:\/\/skaitytaknyga.lt\/produktas\/paul-van-loon-siaubu-autobusas-4\/\"]}]},{\"@type\":\"ImageObject\",\"inLanguage\":\"en-GB\",\"@id\":\"https:\/\/skaitytaknyga.lt\/produktas\/paul-van-loon-siaubu-autobusas-4\/#primaryimage\",\"url\":\"https:\/\/skaitytaknyga.lt\/wp-content\/uploads\/2024\/04\/000000000002154826-59de828df068b-asset-knyguklubas-cdb_9786094411861_siaubu_autobusas_4_p1.jpg\",\"contentUrl\":\"https:\/\/skaitytaknyga.lt\/wp-content\/uploads\/2024\/04\/000000000002154826-59de828df068b-asset-knyguklubas-cdb_9786094411861_siaubu_autobusas_4_p1.jpg\",\"width\":285,\"height\":409},{\"@type\":\"BreadcrumbList\",\"@id\":\"https:\/\/skaitytaknyga.lt\/produktas\/paul-van-loon-siaubu-autobusas-4\/#breadcrumb\",\"itemListElement\":[{\"@type\":\"ListItem\",\"position\":1,\"name\":\"Home\",\"item\":\"https:\/\/skaitytaknyga.lt\/\"},{\"@type\":\"ListItem\",\"position\":2,\"name\":\"Parduotuv\u0117\",\"item\":\"https:\/\/skaitytaknyga.lt\/knygu-parduotuve\/\"},{\"@type\":\"ListItem\",\"position\":3,\"name\":\"Paul van Loon \u201eSiaub\u0173 autobusas 4\u201c\"}]},{\"@type\":\"WebSite\",\"@id\":\"https:\/\/skaitytaknyga.lt\/#website\",\"url\":\"https:\/\/skaitytaknyga.lt\/\",\"name\":\"skaitytaknyga.lt\",\"description\":\"Skaitytaknyga.lt \u2013 tai ma\u017eas \u0161eimos verslas, kuris prasid\u0117jo nuo meil\u0117s knygoms ir siekio i\u0161gelb\u0117ti knygas nuo likimo prie konteinerio. Kas vienam nereikalingas daiktas \u2013 kitam lobis, o mes esame tarpininkai, kurie padeda abiems tapti laimingesniems ???? \u017dinome kaip nelengva i\u0161gyventi ma\u017eiems verslams, tad nuo \u0161iol, \u010dia rasite ir kit\u0173, ma\u017e\u0173 \u0161eim\u0173 versl\u0173, rank\u0173 darbo, dovan\u0173 sau ir artimiesiems.\",\"publisher\":{\"@id\":\"https:\/\/skaitytaknyga.lt\/#organization\"},\"potentialAction\":[{\"@type\":\"SearchAction\",\"target\":{\"@type\":\"EntryPoint\",\"urlTemplate\":\"https:\/\/skaitytaknyga.lt\/?s={search_term_string}\"},\"query-input\":{\"@type\":\"PropertyValueSpecification\",\"valueRequired\":true,\"valueName\":\"search_term_string\"}}],\"inLanguage\":\"en-GB\"},{\"@type\":\"Organization\",\"@id\":\"https:\/\/skaitytaknyga.lt\/#organization\",\"name\":\"skaitytaknyga.lt\",\"url\":\"https:\/\/skaitytaknyga.lt\/\",\"logo\":{\"@type\":\"ImageObject\",\"inLanguage\":\"en-GB\",\"@id\":\"https:\/\/skaitytaknyga.lt\/#\/schema\/logo\/image\/\",\"url\":\"https:\/\/skaitytaknyga.lt\/wp-content\/uploads\/2024\/05\/cropped-cropped-cropped-02_00843_jt3bggkj1j3HLc7SyY6rEUpg.jpeg\",\"contentUrl\":\"https:\/\/skaitytaknyga.lt\/wp-content\/uploads\/2024\/05\/cropped-cropped-cropped-02_00843_jt3bggkj1j3HLc7SyY6rEUpg.jpeg\",\"width\":1600,\"height\":1600,\"caption\":\"skaitytaknyga.lt\"},\"image\":{\"@id\":\"https:\/\/skaitytaknyga.lt\/#\/schema\/logo\/image\/\"},\"sameAs\":[\"https:\/\/www.facebook.com\/skaitytaknyga\/\"]}]}<\/script>\n<!-- \/ Yoast SEO plugin. -->","yoast_head_json":{"title":"Paul van Loon \u201eSiaub\u0173 autobusas 4\u201c - Skaitytaknyga","description":"\u00a0\u201eP\u016bga vis smark\u0117jo. Zombis pasuko \u012f sodo takel\u012f, \u2013 skaito Tonas. \u2013 Zombio veide su\u0161vito \u0161ypsena. Pak\u0117l\u0119s rank\u0105 prie skambu\u010dio, jis spustel\u0117jo mygtuk\u0105...\u201c T\u0105 pa\u010di\u0105 akimirk\u0105 per namuk\u0105 nuaidi skambutis. Tonas i\u0161sigand\u0119s pa\u0161oka nuo k\u0117d\u0117s.  \u0160iurpi\u0173 istorij\u0173 ra\u0161ymas \u2013 tai ne juokas! Ir kartais tikrai geriau ne\u017einoti, i\u0161 kur ra\u0161ytojas semiasi \u012fkv\u0117pimo\u2026 \u0160tai mokytojas \u017dakas naktimis s\u0117di prie kompiuterio ir kuria, tad nenuostabu, kad jis taip noriai dalijasi savo \u0161iurpulinga k\u016bryba su klase. Ta\u010diau kod\u0117l tos istorijos tokios baisios ir keistai susilieja su realybe?.. Kod\u0117l mokytojas pats ima keistis? Ar tai tik nebus kaip nors susij\u0119 su \u201eSiaub\u0173 autobuso\u201c rankra\u0161\u010diu, kur\u012f jis priglaud\u0117 niekam nieko nesakydamas, ir su Kita Tikrove, slypin\u010dia anapus ekrano\u2026","robots":{"index":"index","follow":"follow","max-snippet":"max-snippet:-1","max-image-preview":"max-image-preview:large","max-video-preview":"max-video-preview:-1"},"canonical":"https:\/\/skaitytaknyga.lt\/en\/produktas\/paul-van-loon-siaubu-autobusas-4\/","og_locale":"en_GB","og_type":"article","og_title":"Paul van Loon \u201eSiaub\u0173 autobusas 4\u201c - Skaitytaknyga","og_description":"\u00a0\u201eP\u016bga vis smark\u0117jo. Zombis pasuko \u012f sodo takel\u012f, \u2013 skaito Tonas. \u2013 Zombio veide su\u0161vito \u0161ypsena. Pak\u0117l\u0119s rank\u0105 prie skambu\u010dio, jis spustel\u0117jo mygtuk\u0105...\u201c T\u0105 pa\u010di\u0105 akimirk\u0105 per namuk\u0105 nuaidi skambutis. Tonas i\u0161sigand\u0119s pa\u0161oka nuo k\u0117d\u0117s.  \u0160iurpi\u0173 istorij\u0173 ra\u0161ymas \u2013 tai ne juokas! Ir kartais tikrai geriau ne\u017einoti, i\u0161 kur ra\u0161ytojas semiasi \u012fkv\u0117pimo\u2026 \u0160tai mokytojas \u017dakas naktimis s\u0117di prie kompiuterio ir kuria, tad nenuostabu, kad jis taip noriai dalijasi savo \u0161iurpulinga k\u016bryba su klase. Ta\u010diau kod\u0117l tos istorijos tokios baisios ir keistai susilieja su realybe?.. Kod\u0117l mokytojas pats ima keistis? Ar tai tik nebus kaip nors susij\u0119 su \u201eSiaub\u0173 autobuso\u201c rankra\u0161\u010diu, kur\u012f jis priglaud\u0117 niekam nieko nesakydamas, ir su Kita Tikrove, slypin\u010dia anapus ekrano\u2026","og_url":"https:\/\/skaitytaknyga.lt\/en\/produktas\/paul-van-loon-siaubu-autobusas-4\/","og_site_name":"Skaitytaknyga","article_publisher":"https:\/\/www.facebook.com\/skaitytaknyga\/","article_modified_time":"2024-05-03T07:27:05+00:00","og_image":[{"width":285,"height":409,"url":"https:\/\/skaitytaknyga.lt\/wp-content\/uploads\/2024\/04\/000000000002154826-59de828df068b-asset-knyguklubas-cdb_9786094411861_siaubu_autobusas_4_p1.jpg","type":"image\/jpeg"}],"twitter_card":"summary_large_image","twitter_misc":{"Estimated reading time":"1 minute"},"schema":{"@context":"https:\/\/schema.org","@graph":[{"@type":"WebPage","@id":"https:\/\/skaitytaknyga.lt\/produktas\/paul-van-loon-siaubu-autobusas-4\/","url":"https:\/\/skaitytaknyga.lt\/produktas\/paul-van-loon-siaubu-autobusas-4\/","name":"Paul van Loon \u201eSiaub\u0173 autobusas 4\u201c - Skaitytaknyga","isPartOf":{"@id":"https:\/\/skaitytaknyga.lt\/#website"},"primaryImageOfPage":{"@id":"https:\/\/skaitytaknyga.lt\/produktas\/paul-van-loon-siaubu-autobusas-4\/#primaryimage"},"image":{"@id":"https:\/\/skaitytaknyga.lt\/produktas\/paul-van-loon-siaubu-autobusas-4\/#primaryimage"},"thumbnailUrl":"https:\/\/skaitytaknyga.lt\/wp-content\/uploads\/2024\/04\/000000000002154826-59de828df068b-asset-knyguklubas-cdb_9786094411861_siaubu_autobusas_4_p1.jpg","datePublished":"2024-04-17T13:54:57+00:00","dateModified":"2024-05-03T07:27:05+00:00","description":"\u00a0\u201eP\u016bga vis smark\u0117jo. Zombis pasuko \u012f sodo takel\u012f, \u2013 skaito Tonas. \u2013 Zombio veide su\u0161vito \u0161ypsena. Pak\u0117l\u0119s rank\u0105 prie skambu\u010dio, jis spustel\u0117jo mygtuk\u0105...\u201c T\u0105 pa\u010di\u0105 akimirk\u0105 per namuk\u0105 nuaidi skambutis. Tonas i\u0161sigand\u0119s pa\u0161oka nuo k\u0117d\u0117s. \u0160iurpi\u0173 istorij\u0173 ra\u0161ymas \u2013 tai ne juokas! Ir kartais tikrai geriau ne\u017einoti, i\u0161 kur ra\u0161ytojas semiasi \u012fkv\u0117pimo\u2026 \u0160tai mokytojas \u017dakas naktimis s\u0117di prie kompiuterio ir kuria, tad nenuostabu, kad jis taip noriai dalijasi savo \u0161iurpulinga k\u016bryba su klase. Ta\u010diau kod\u0117l tos istorijos tokios baisios ir keistai susilieja su realybe?.. Kod\u0117l mokytojas pats ima keistis? Ar tai tik nebus kaip nors susij\u0119 su \u201eSiaub\u0173 autobuso\u201c rankra\u0161\u010diu, kur\u012f jis priglaud\u0117 niekam nieko nesakydamas, ir su Kita Tikrove, slypin\u010dia anapus ekrano\u2026","breadcrumb":{"@id":"https:\/\/skaitytaknyga.lt\/produktas\/paul-van-loon-siaubu-autobusas-4\/#breadcrumb"},"inLanguage":"en-GB","potentialAction":[{"@type":"ReadAction","target":["https:\/\/skaitytaknyga.lt\/produktas\/paul-van-loon-siaubu-autobusas-4\/"]}]},{"@type":"ImageObject","inLanguage":"en-GB","@id":"https:\/\/skaitytaknyga.lt\/produktas\/paul-van-loon-siaubu-autobusas-4\/#primaryimage","url":"https:\/\/skaitytaknyga.lt\/wp-content\/uploads\/2024\/04\/000000000002154826-59de828df068b-asset-knyguklubas-cdb_9786094411861_siaubu_autobusas_4_p1.jpg","contentUrl":"https:\/\/skaitytaknyga.lt\/wp-content\/uploads\/2024\/04\/000000000002154826-59de828df068b-asset-knyguklubas-cdb_9786094411861_siaubu_autobusas_4_p1.jpg","width":285,"height":409},{"@type":"BreadcrumbList","@id":"https:\/\/skaitytaknyga.lt\/produktas\/paul-van-loon-siaubu-autobusas-4\/#breadcrumb","itemListElement":[{"@type":"ListItem","position":1,"name":"Home","item":"https:\/\/skaitytaknyga.lt\/"},{"@type":"ListItem","position":2,"name":"Parduotuv\u0117","item":"https:\/\/skaitytaknyga.lt\/knygu-parduotuve\/"},{"@type":"ListItem","position":3,"name":"Paul van Loon \u201eSiaub\u0173 autobusas 4\u201c"}]},{"@type":"WebSite","@id":"https:\/\/skaitytaknyga.lt\/#website","url":"https:\/\/skaitytaknyga.lt\/","name":"skaitytaknyga.lt","description":"Skaitytaknyga.lt \u2013 tai ma\u017eas \u0161eimos verslas, kuris prasid\u0117jo nuo meil\u0117s knygoms ir siekio i\u0161gelb\u0117ti knygas nuo likimo prie konteinerio. Kas vienam nereikalingas daiktas \u2013 kitam lobis, o mes esame tarpininkai, kurie padeda abiems tapti laimingesniems ???? \u017dinome kaip nelengva i\u0161gyventi ma\u017eiems verslams, tad nuo \u0161iol, \u010dia rasite ir kit\u0173, ma\u017e\u0173 \u0161eim\u0173 versl\u0173, rank\u0173 darbo, dovan\u0173 sau ir artimiesiems.","publisher":{"@id":"https:\/\/skaitytaknyga.lt\/#organization"},"potentialAction":[{"@type":"SearchAction","target":{"@type":"EntryPoint","urlTemplate":"https:\/\/skaitytaknyga.lt\/?s={search_term_string}"},"query-input":{"@type":"PropertyValueSpecification","valueRequired":true,"valueName":"search_term_string"}}],"inLanguage":"en-GB"},{"@type":"Organization","@id":"https:\/\/skaitytaknyga.lt\/#organization","name":"skaitytaknyga.lt","url":"https:\/\/skaitytaknyga.lt\/","logo":{"@type":"ImageObject","inLanguage":"en-GB","@id":"https:\/\/skaitytaknyga.lt\/#\/schema\/logo\/image\/","url":"https:\/\/skaitytaknyga.lt\/wp-content\/uploads\/2024\/05\/cropped-cropped-cropped-02_00843_jt3bggkj1j3HLc7SyY6rEUpg.jpeg","contentUrl":"https:\/\/skaitytaknyga.lt\/wp-content\/uploads\/2024\/05\/cropped-cropped-cropped-02_00843_jt3bggkj1j3HLc7SyY6rEUpg.jpeg","width":1600,"height":1600,"caption":"skaitytaknyga.lt"},"image":{"@id":"https:\/\/skaitytaknyga.lt\/#\/schema\/logo\/image\/"},"sameAs":["https:\/\/www.facebook.com\/skaitytaknyga\/"]}]}},"_links":{"self":[{"href":"https:\/\/skaitytaknyga.lt\/en\/wp-json\/wp\/v2\/product\/4790","targetHints":{"allow":["GET"]}}],"collection":[{"href":"https:\/\/skaitytaknyga.lt\/en\/wp-json\/wp\/v2\/product"}],"about":[{"href":"https:\/\/skaitytaknyga.lt\/en\/wp-json\/wp\/v2\/types\/product"}],"replies":[{"embeddable":true,"href":"https:\/\/skaitytaknyga.lt\/en\/wp-json\/wp\/v2\/comments?post=4790"}],"wp:featuredmedia":[{"embeddable":true,"href":"https:\/\/skaitytaknyga.lt\/en\/wp-json\/wp\/v2\/media\/4836"}],"wp:attachment":[{"href":"https:\/\/skaitytaknyga.lt\/en\/wp-json\/wp\/v2\/media?parent=4790"}],"wp:term":[{"taxonomy":"product_brand","embeddable":true,"href":"https:\/\/skaitytaknyga.lt\/en\/wp-json\/wp\/v2\/product_brand?post=4790"},{"taxonomy":"product_cat","embeddable":true,"href":"https:\/\/skaitytaknyga.lt\/en\/wp-json\/wp\/v2\/product_cat?post=4790"},{"taxonomy":"product_tag","embeddable":true,"href":"https:\/\/skaitytaknyga.lt\/en\/wp-json\/wp\/v2\/product_tag?post=4790"}],"curies":[{"name":"wp","href":"https:\/\/api.w.org\/{rel}","templated":true}]}}