{"id":4789,"date":"2024-04-17T13:54:57","date_gmt":"2024-04-17T13:54:57","guid":{"rendered":"https:\/\/skaitytaknyga.lt\/?post_type=product&#038;p=4789"},"modified":"2024-05-03T07:27:04","modified_gmt":"2024-05-03T07:27:04","slug":"mac-barnett-jory-john-baisioji-porele-isisiauteja","status":"publish","type":"product","link":"https:\/\/skaitytaknyga.lt\/en\/produktas\/mac-barnett-jory-john-baisioji-porele-isisiauteja\/","title":{"rendered":"Mac Barnett, Jory John \u201eBaisioji porel\u0117 \u012fsisiaut\u0117ja\u201c"},"content":{"rendered":"<p>MAILSAS MERFIS IR NAILSAS SPARKSAS \u012eSISIAUT\u0116JA.<\/p>\n<p>Beveik kasdien abu baisuokliai savo pok\u0161tais ir triukais juokina bendramokslius ir \u0161iurpina mokytojus, ypa\u010d direktori\u0173 Bar\u012f Barkin\u0105.<\/p>\n<p>Bet syk\u012f draugai per\u017eengia rib\u0105. D\u0117l j\u0173 pok\u0161to direktorius atleid\u017eiamas i\u0161 darbo, o jo vieton stoja jo t\u0117vas Bertranas Barkinas Ne\u012fveikiamasis ir ima valdyti mokykl\u0105 gele\u017eine ranka.<\/p>\n<p>Nebelieka d\u017eiaugsmo, joki\u0173 \u0161ven\u010di\u0173 nei vakar\u0117li\u0173 ir, kas baisiausia, \u2013 JOKI\u0172 POK\u0160T\u0172!<\/p>\n<p>Baisioji porel\u0117 ry\u017etasi atkurti tai, k\u0105 sunaikino, \u2013 i\u0161kr\u0117sti ne\u012fveikiamajam tok\u012f pok\u0161t\u0105, kad gal\u0117t\u0173 gr\u012f\u017eti senasis direktorius.<\/p>\n","protected":false},"excerpt":{"rendered":"<p>MAILSAS MERFIS IR NAILSAS SPARKSAS \u012eSISIAUT\u0116JA.<\/p>\n<p>Beveik kasdien abu baisuokliai savo pok\u0161tais ir triukais juokina bendramokslius ir \u0161iurpina mokytojus, ypa\u010d direktori\u0173 Bar\u012f Barkin\u0105.<\/p>\n<p>Bet syk\u012f draugai per\u017eengia rib\u0105. D\u0117l j\u0173 pok\u0161to direktorius atleid\u017eiamas i\u0161 darbo, o jo vieton stoja jo t\u0117vas Bertranas Barkinas Ne\u012fveikiamasis ir ima valdyti mokykl\u0105 gele\u017eine ranka.<\/p>\n<p>Nebelieka d\u017eiaugsmo, joki\u0173 \u0161ven\u010di\u0173 nei vakar\u0117li\u0173 ir, kas baisiausia, \u2013 JOKI\u0172 POK\u0160T\u0172!<\/p>\n<p>Baisioji porel\u0117 ry\u017etasi atkurti tai, k\u0105 sunaikino, \u2013 i\u0161kr\u0117sti ne\u012fveikiamajam tok\u012f pok\u0161t\u0105, kad gal\u0117t\u0173 gr\u012f\u017eti senasis direktorius.<\/p>\n","protected":false},"featured_media":4835,"comment_status":"closed","ping_status":"closed","template":"","meta":{"_acf_changed":false,"site-sidebar-layout":"default","site-content-layout":"","ast-site-content-layout":"default","site-content-style":"default","site-sidebar-style":"default","ast-global-header-display":"","ast-banner-title-visibility":"","ast-main-header-display":"","ast-hfb-above-header-display":"","ast-hfb-below-header-display":"","ast-hfb-mobile-header-display":"","site-post-title":"","ast-breadcrumbs-content":"","ast-featured-img":"","footer-sml-layout":"","ast-disable-related-posts":"","theme-transparent-header-meta":"","adv-header-id-meta":"","stick-header-meta":"","header-above-stick-meta":"","header-main-stick-meta":"","header-below-stick-meta":"","astra-migrate-meta-layouts":"default","ast-page-background-enabled":"default","ast-page-background-meta":{"desktop":{"background-color":"","background-image":"","background-repeat":"repeat","background-position":"center center","background-size":"auto","background-attachment":"scroll","background-type":"","background-media":"","overlay-type":"","overlay-color":"","overlay-opacity":"","overlay-gradient":""},"tablet":{"background-color":"","background-image":"","background-repeat":"repeat","background-position":"center center","background-size":"auto","background-attachment":"scroll","background-type":"","background-media":"","overlay-type":"","overlay-color":"","overlay-opacity":"","overlay-gradient":""},"mobile":{"background-color":"","background-image":"","background-repeat":"repeat","background-position":"center center","background-size":"auto","background-attachment":"scroll","background-type":"","background-media":"","overlay-type":"","overlay-color":"","overlay-opacity":"","overlay-gradient":""}},"ast-content-background-meta":{"desktop":{"background-color":"var(--ast-global-color-4)","background-image":"","background-repeat":"repeat","background-position":"center center","background-size":"auto","background-attachment":"scroll","background-type":"","background-media":"","overlay-type":"","overlay-color":"","overlay-opacity":"","overlay-gradient":""},"tablet":{"background-color":"var(--ast-global-color-4)","background-image":"","background-repeat":"repeat","background-position":"center center","background-size":"auto","background-attachment":"scroll","background-type":"","background-media":"","overlay-type":"","overlay-color":"","overlay-opacity":"","overlay-gradient":""},"mobile":{"background-color":"var(--ast-global-color-4)","background-image":"","background-repeat":"repeat","background-position":"center center","background-size":"auto","background-attachment":"scroll","background-type":"","background-media":"","overlay-type":"","overlay-color":"","overlay-opacity":"","overlay-gradient":""}}},"product_brand":[],"product_cat":[35],"product_tag":[],"class_list":{"0":"post-4789","1":"product","2":"type-product","3":"status-publish","4":"has-post-thumbnail","6":"product_cat-vaikams-ir-paaugliams","7":"pa_leidimo-metai-626","8":"desktop-align-left","9":"tablet-align-left","10":"mobile-align-left","12":"first","13":"outofstock","14":"shipping-taxable","15":"purchasable","16":"product-type-simple"},"acf":[],"yoast_head":"<!-- This site is optimized with the Yoast SEO plugin v27.0 - https:\/\/yoast.com\/product\/yoast-seo-wordpress\/ -->\n<title>Mac Barnett, Jory John \u201eBaisioji porel\u0117 \u012fsisiaut\u0117ja\u201c - Skaitytaknyga<\/title>\n<meta name=\"description\" content=\"MAILSAS MERFIS IR NAILSAS SPARKSAS \u012eSISIAUT\u0116JA.  Beveik kasdien abu baisuokliai savo pok\u0161tais ir triukais juokina bendramokslius ir \u0161iurpina mokytojus, ypa\u010d direktori\u0173 Bar\u012f Barkin\u0105.  Bet syk\u012f draugai per\u017eengia rib\u0105. D\u0117l j\u0173 pok\u0161to direktorius atleid\u017eiamas i\u0161 darbo, o jo vieton stoja jo t\u0117vas Bertranas Barkinas Ne\u012fveikiamasis ir ima valdyti mokykl\u0105 gele\u017eine ranka.  Nebelieka d\u017eiaugsmo, joki\u0173 \u0161ven\u010di\u0173 nei vakar\u0117li\u0173 ir, kas baisiausia, \u2013 JOKI\u0172 POK\u0160T\u0172!  Baisioji porel\u0117 ry\u017etasi atkurti tai, k\u0105 sunaikino, \u2013 i\u0161kr\u0117sti ne\u012fveikiamajam tok\u012f pok\u0161t\u0105, kad gal\u0117t\u0173 gr\u012f\u017eti senasis direktorius.\" \/>\n<meta name=\"robots\" content=\"index, follow, max-snippet:-1, max-image-preview:large, max-video-preview:-1\" \/>\n<link rel=\"canonical\" href=\"https:\/\/skaitytaknyga.lt\/en\/produktas\/mac-barnett-jory-john-baisioji-porele-isisiauteja\/\" \/>\n<meta property=\"og:locale\" content=\"en_GB\" \/>\n<meta property=\"og:locale:alternate\" content=\"lt_LT\" \/>\n<meta property=\"og:type\" content=\"article\" \/>\n<meta property=\"og:title\" content=\"Mac Barnett, Jory John \u201eBaisioji porel\u0117 \u012fsisiaut\u0117ja\u201c - Skaitytaknyga\" \/>\n<meta property=\"og:description\" content=\"MAILSAS MERFIS IR NAILSAS SPARKSAS \u012eSISIAUT\u0116JA.  Beveik kasdien abu baisuokliai savo pok\u0161tais ir triukais juokina bendramokslius ir \u0161iurpina mokytojus, ypa\u010d direktori\u0173 Bar\u012f Barkin\u0105.  Bet syk\u012f draugai per\u017eengia rib\u0105. D\u0117l j\u0173 pok\u0161to direktorius atleid\u017eiamas i\u0161 darbo, o jo vieton stoja jo t\u0117vas Bertranas Barkinas Ne\u012fveikiamasis ir ima valdyti mokykl\u0105 gele\u017eine ranka.  Nebelieka d\u017eiaugsmo, joki\u0173 \u0161ven\u010di\u0173 nei vakar\u0117li\u0173 ir, kas baisiausia, \u2013 JOKI\u0172 POK\u0160T\u0172!  Baisioji porel\u0117 ry\u017etasi atkurti tai, k\u0105 sunaikino, \u2013 i\u0161kr\u0117sti ne\u012fveikiamajam tok\u012f pok\u0161t\u0105, kad gal\u0117t\u0173 gr\u012f\u017eti senasis direktorius.\" \/>\n<meta property=\"og:url\" content=\"https:\/\/skaitytaknyga.lt\/en\/produktas\/mac-barnett-jory-john-baisioji-porele-isisiauteja\/\" \/>\n<meta property=\"og:site_name\" content=\"Skaitytaknyga\" \/>\n<meta property=\"article:publisher\" content=\"https:\/\/www.facebook.com\/skaitytaknyga\/\" \/>\n<meta property=\"article:modified_time\" content=\"2024-05-03T07:27:04+00:00\" \/>\n<meta property=\"og:image\" content=\"https:\/\/skaitytaknyga.lt\/wp-content\/uploads\/2024\/04\/1462890960_bwwtaer.png\" \/>\n\t<meta property=\"og:image:width\" content=\"288\" \/>\n\t<meta property=\"og:image:height\" content=\"430\" \/>\n\t<meta property=\"og:image:type\" content=\"image\/png\" \/>\n<meta name=\"twitter:card\" content=\"summary_large_image\" \/>\n<meta name=\"twitter:label1\" content=\"Estimated reading time\" \/>\n\t<meta name=\"twitter:data1\" content=\"1 minute\" \/>\n<script type=\"application\/ld+json\" class=\"yoast-schema-graph\">{\"@context\":\"https:\/\/schema.org\",\"@graph\":[{\"@type\":\"WebPage\",\"@id\":\"https:\/\/skaitytaknyga.lt\/produktas\/mac-barnett-jory-john-baisioji-porele-isisiauteja\/\",\"url\":\"https:\/\/skaitytaknyga.lt\/produktas\/mac-barnett-jory-john-baisioji-porele-isisiauteja\/\",\"name\":\"Mac Barnett, Jory John \u201eBaisioji porel\u0117 \u012fsisiaut\u0117ja\u201c - Skaitytaknyga\",\"isPartOf\":{\"@id\":\"https:\/\/skaitytaknyga.lt\/#website\"},\"primaryImageOfPage\":{\"@id\":\"https:\/\/skaitytaknyga.lt\/produktas\/mac-barnett-jory-john-baisioji-porele-isisiauteja\/#primaryimage\"},\"image\":{\"@id\":\"https:\/\/skaitytaknyga.lt\/produktas\/mac-barnett-jory-john-baisioji-porele-isisiauteja\/#primaryimage\"},\"thumbnailUrl\":\"https:\/\/skaitytaknyga.lt\/wp-content\/uploads\/2024\/04\/1462890960_bwwtaer.png\",\"datePublished\":\"2024-04-17T13:54:57+00:00\",\"dateModified\":\"2024-05-03T07:27:04+00:00\",\"description\":\"MAILSAS MERFIS IR NAILSAS SPARKSAS \u012eSISIAUT\u0116JA. Beveik kasdien abu baisuokliai savo pok\u0161tais ir triukais juokina bendramokslius ir \u0161iurpina mokytojus, ypa\u010d direktori\u0173 Bar\u012f Barkin\u0105. Bet syk\u012f draugai per\u017eengia rib\u0105. D\u0117l j\u0173 pok\u0161to direktorius atleid\u017eiamas i\u0161 darbo, o jo vieton stoja jo t\u0117vas Bertranas Barkinas Ne\u012fveikiamasis ir ima valdyti mokykl\u0105 gele\u017eine ranka. Nebelieka d\u017eiaugsmo, joki\u0173 \u0161ven\u010di\u0173 nei vakar\u0117li\u0173 ir, kas baisiausia, \u2013 JOKI\u0172 POK\u0160T\u0172! Baisioji porel\u0117 ry\u017etasi atkurti tai, k\u0105 sunaikino, \u2013 i\u0161kr\u0117sti ne\u012fveikiamajam tok\u012f pok\u0161t\u0105, kad gal\u0117t\u0173 gr\u012f\u017eti senasis direktorius.\",\"breadcrumb\":{\"@id\":\"https:\/\/skaitytaknyga.lt\/produktas\/mac-barnett-jory-john-baisioji-porele-isisiauteja\/#breadcrumb\"},\"inLanguage\":\"en-GB\",\"potentialAction\":[{\"@type\":\"ReadAction\",\"target\":[\"https:\/\/skaitytaknyga.lt\/produktas\/mac-barnett-jory-john-baisioji-porele-isisiauteja\/\"]}]},{\"@type\":\"ImageObject\",\"inLanguage\":\"en-GB\",\"@id\":\"https:\/\/skaitytaknyga.lt\/produktas\/mac-barnett-jory-john-baisioji-porele-isisiauteja\/#primaryimage\",\"url\":\"https:\/\/skaitytaknyga.lt\/wp-content\/uploads\/2024\/04\/1462890960_bwwtaer.png\",\"contentUrl\":\"https:\/\/skaitytaknyga.lt\/wp-content\/uploads\/2024\/04\/1462890960_bwwtaer.png\",\"width\":288,\"height\":430},{\"@type\":\"BreadcrumbList\",\"@id\":\"https:\/\/skaitytaknyga.lt\/produktas\/mac-barnett-jory-john-baisioji-porele-isisiauteja\/#breadcrumb\",\"itemListElement\":[{\"@type\":\"ListItem\",\"position\":1,\"name\":\"Home\",\"item\":\"https:\/\/skaitytaknyga.lt\/\"},{\"@type\":\"ListItem\",\"position\":2,\"name\":\"Parduotuv\u0117\",\"item\":\"https:\/\/skaitytaknyga.lt\/knygu-parduotuve\/\"},{\"@type\":\"ListItem\",\"position\":3,\"name\":\"Mac Barnett, Jory John \u201eBaisioji porel\u0117 \u012fsisiaut\u0117ja\u201c\"}]},{\"@type\":\"WebSite\",\"@id\":\"https:\/\/skaitytaknyga.lt\/#website\",\"url\":\"https:\/\/skaitytaknyga.lt\/\",\"name\":\"skaitytaknyga.lt\",\"description\":\"Skaitytaknyga.lt \u2013 tai ma\u017eas \u0161eimos verslas, kuris prasid\u0117jo nuo meil\u0117s knygoms ir siekio i\u0161gelb\u0117ti knygas nuo likimo prie konteinerio. Kas vienam nereikalingas daiktas \u2013 kitam lobis, o mes esame tarpininkai, kurie padeda abiems tapti laimingesniems ???? \u017dinome kaip nelengva i\u0161gyventi ma\u017eiems verslams, tad nuo \u0161iol, \u010dia rasite ir kit\u0173, ma\u017e\u0173 \u0161eim\u0173 versl\u0173, rank\u0173 darbo, dovan\u0173 sau ir artimiesiems.\",\"publisher\":{\"@id\":\"https:\/\/skaitytaknyga.lt\/#organization\"},\"potentialAction\":[{\"@type\":\"SearchAction\",\"target\":{\"@type\":\"EntryPoint\",\"urlTemplate\":\"https:\/\/skaitytaknyga.lt\/?s={search_term_string}\"},\"query-input\":{\"@type\":\"PropertyValueSpecification\",\"valueRequired\":true,\"valueName\":\"search_term_string\"}}],\"inLanguage\":\"en-GB\"},{\"@type\":\"Organization\",\"@id\":\"https:\/\/skaitytaknyga.lt\/#organization\",\"name\":\"skaitytaknyga.lt\",\"url\":\"https:\/\/skaitytaknyga.lt\/\",\"logo\":{\"@type\":\"ImageObject\",\"inLanguage\":\"en-GB\",\"@id\":\"https:\/\/skaitytaknyga.lt\/#\/schema\/logo\/image\/\",\"url\":\"https:\/\/skaitytaknyga.lt\/wp-content\/uploads\/2024\/05\/cropped-cropped-cropped-02_00843_jt3bggkj1j3HLc7SyY6rEUpg.jpeg\",\"contentUrl\":\"https:\/\/skaitytaknyga.lt\/wp-content\/uploads\/2024\/05\/cropped-cropped-cropped-02_00843_jt3bggkj1j3HLc7SyY6rEUpg.jpeg\",\"width\":1600,\"height\":1600,\"caption\":\"skaitytaknyga.lt\"},\"image\":{\"@id\":\"https:\/\/skaitytaknyga.lt\/#\/schema\/logo\/image\/\"},\"sameAs\":[\"https:\/\/www.facebook.com\/skaitytaknyga\/\"]}]}<\/script>\n<!-- \/ Yoast SEO plugin. -->","yoast_head_json":{"title":"Mac Barnett, Jory John \u201eBaisioji porel\u0117 \u012fsisiaut\u0117ja\u201c - Skaitytaknyga","description":"MAILSAS MERFIS IR NAILSAS SPARKSAS \u012eSISIAUT\u0116JA.  Beveik kasdien abu baisuokliai savo pok\u0161tais ir triukais juokina bendramokslius ir \u0161iurpina mokytojus, ypa\u010d direktori\u0173 Bar\u012f Barkin\u0105.  Bet syk\u012f draugai per\u017eengia rib\u0105. D\u0117l j\u0173 pok\u0161to direktorius atleid\u017eiamas i\u0161 darbo, o jo vieton stoja jo t\u0117vas Bertranas Barkinas Ne\u012fveikiamasis ir ima valdyti mokykl\u0105 gele\u017eine ranka.  Nebelieka d\u017eiaugsmo, joki\u0173 \u0161ven\u010di\u0173 nei vakar\u0117li\u0173 ir, kas baisiausia, \u2013 JOKI\u0172 POK\u0160T\u0172!  Baisioji porel\u0117 ry\u017etasi atkurti tai, k\u0105 sunaikino, \u2013 i\u0161kr\u0117sti ne\u012fveikiamajam tok\u012f pok\u0161t\u0105, kad gal\u0117t\u0173 gr\u012f\u017eti senasis direktorius.","robots":{"index":"index","follow":"follow","max-snippet":"max-snippet:-1","max-image-preview":"max-image-preview:large","max-video-preview":"max-video-preview:-1"},"canonical":"https:\/\/skaitytaknyga.lt\/en\/produktas\/mac-barnett-jory-john-baisioji-porele-isisiauteja\/","og_locale":"en_GB","og_type":"article","og_title":"Mac Barnett, Jory John \u201eBaisioji porel\u0117 \u012fsisiaut\u0117ja\u201c - Skaitytaknyga","og_description":"MAILSAS MERFIS IR NAILSAS SPARKSAS \u012eSISIAUT\u0116JA.  Beveik kasdien abu baisuokliai savo pok\u0161tais ir triukais juokina bendramokslius ir \u0161iurpina mokytojus, ypa\u010d direktori\u0173 Bar\u012f Barkin\u0105.  Bet syk\u012f draugai per\u017eengia rib\u0105. D\u0117l j\u0173 pok\u0161to direktorius atleid\u017eiamas i\u0161 darbo, o jo vieton stoja jo t\u0117vas Bertranas Barkinas Ne\u012fveikiamasis ir ima valdyti mokykl\u0105 gele\u017eine ranka.  Nebelieka d\u017eiaugsmo, joki\u0173 \u0161ven\u010di\u0173 nei vakar\u0117li\u0173 ir, kas baisiausia, \u2013 JOKI\u0172 POK\u0160T\u0172!  Baisioji porel\u0117 ry\u017etasi atkurti tai, k\u0105 sunaikino, \u2013 i\u0161kr\u0117sti ne\u012fveikiamajam tok\u012f pok\u0161t\u0105, kad gal\u0117t\u0173 gr\u012f\u017eti senasis direktorius.","og_url":"https:\/\/skaitytaknyga.lt\/en\/produktas\/mac-barnett-jory-john-baisioji-porele-isisiauteja\/","og_site_name":"Skaitytaknyga","article_publisher":"https:\/\/www.facebook.com\/skaitytaknyga\/","article_modified_time":"2024-05-03T07:27:04+00:00","og_image":[{"width":288,"height":430,"url":"https:\/\/skaitytaknyga.lt\/wp-content\/uploads\/2024\/04\/1462890960_bwwtaer.png","type":"image\/png"}],"twitter_card":"summary_large_image","twitter_misc":{"Estimated reading time":"1 minute"},"schema":{"@context":"https:\/\/schema.org","@graph":[{"@type":"WebPage","@id":"https:\/\/skaitytaknyga.lt\/produktas\/mac-barnett-jory-john-baisioji-porele-isisiauteja\/","url":"https:\/\/skaitytaknyga.lt\/produktas\/mac-barnett-jory-john-baisioji-porele-isisiauteja\/","name":"Mac Barnett, Jory John \u201eBaisioji porel\u0117 \u012fsisiaut\u0117ja\u201c - Skaitytaknyga","isPartOf":{"@id":"https:\/\/skaitytaknyga.lt\/#website"},"primaryImageOfPage":{"@id":"https:\/\/skaitytaknyga.lt\/produktas\/mac-barnett-jory-john-baisioji-porele-isisiauteja\/#primaryimage"},"image":{"@id":"https:\/\/skaitytaknyga.lt\/produktas\/mac-barnett-jory-john-baisioji-porele-isisiauteja\/#primaryimage"},"thumbnailUrl":"https:\/\/skaitytaknyga.lt\/wp-content\/uploads\/2024\/04\/1462890960_bwwtaer.png","datePublished":"2024-04-17T13:54:57+00:00","dateModified":"2024-05-03T07:27:04+00:00","description":"MAILSAS MERFIS IR NAILSAS SPARKSAS \u012eSISIAUT\u0116JA. Beveik kasdien abu baisuokliai savo pok\u0161tais ir triukais juokina bendramokslius ir \u0161iurpina mokytojus, ypa\u010d direktori\u0173 Bar\u012f Barkin\u0105. Bet syk\u012f draugai per\u017eengia rib\u0105. D\u0117l j\u0173 pok\u0161to direktorius atleid\u017eiamas i\u0161 darbo, o jo vieton stoja jo t\u0117vas Bertranas Barkinas Ne\u012fveikiamasis ir ima valdyti mokykl\u0105 gele\u017eine ranka. Nebelieka d\u017eiaugsmo, joki\u0173 \u0161ven\u010di\u0173 nei vakar\u0117li\u0173 ir, kas baisiausia, \u2013 JOKI\u0172 POK\u0160T\u0172! Baisioji porel\u0117 ry\u017etasi atkurti tai, k\u0105 sunaikino, \u2013 i\u0161kr\u0117sti ne\u012fveikiamajam tok\u012f pok\u0161t\u0105, kad gal\u0117t\u0173 gr\u012f\u017eti senasis direktorius.","breadcrumb":{"@id":"https:\/\/skaitytaknyga.lt\/produktas\/mac-barnett-jory-john-baisioji-porele-isisiauteja\/#breadcrumb"},"inLanguage":"en-GB","potentialAction":[{"@type":"ReadAction","target":["https:\/\/skaitytaknyga.lt\/produktas\/mac-barnett-jory-john-baisioji-porele-isisiauteja\/"]}]},{"@type":"ImageObject","inLanguage":"en-GB","@id":"https:\/\/skaitytaknyga.lt\/produktas\/mac-barnett-jory-john-baisioji-porele-isisiauteja\/#primaryimage","url":"https:\/\/skaitytaknyga.lt\/wp-content\/uploads\/2024\/04\/1462890960_bwwtaer.png","contentUrl":"https:\/\/skaitytaknyga.lt\/wp-content\/uploads\/2024\/04\/1462890960_bwwtaer.png","width":288,"height":430},{"@type":"BreadcrumbList","@id":"https:\/\/skaitytaknyga.lt\/produktas\/mac-barnett-jory-john-baisioji-porele-isisiauteja\/#breadcrumb","itemListElement":[{"@type":"ListItem","position":1,"name":"Home","item":"https:\/\/skaitytaknyga.lt\/"},{"@type":"ListItem","position":2,"name":"Parduotuv\u0117","item":"https:\/\/skaitytaknyga.lt\/knygu-parduotuve\/"},{"@type":"ListItem","position":3,"name":"Mac Barnett, Jory John \u201eBaisioji porel\u0117 \u012fsisiaut\u0117ja\u201c"}]},{"@type":"WebSite","@id":"https:\/\/skaitytaknyga.lt\/#website","url":"https:\/\/skaitytaknyga.lt\/","name":"skaitytaknyga.lt","description":"Skaitytaknyga.lt \u2013 tai ma\u017eas \u0161eimos verslas, kuris prasid\u0117jo nuo meil\u0117s knygoms ir siekio i\u0161gelb\u0117ti knygas nuo likimo prie konteinerio. Kas vienam nereikalingas daiktas \u2013 kitam lobis, o mes esame tarpininkai, kurie padeda abiems tapti laimingesniems ???? \u017dinome kaip nelengva i\u0161gyventi ma\u017eiems verslams, tad nuo \u0161iol, \u010dia rasite ir kit\u0173, ma\u017e\u0173 \u0161eim\u0173 versl\u0173, rank\u0173 darbo, dovan\u0173 sau ir artimiesiems.","publisher":{"@id":"https:\/\/skaitytaknyga.lt\/#organization"},"potentialAction":[{"@type":"SearchAction","target":{"@type":"EntryPoint","urlTemplate":"https:\/\/skaitytaknyga.lt\/?s={search_term_string}"},"query-input":{"@type":"PropertyValueSpecification","valueRequired":true,"valueName":"search_term_string"}}],"inLanguage":"en-GB"},{"@type":"Organization","@id":"https:\/\/skaitytaknyga.lt\/#organization","name":"skaitytaknyga.lt","url":"https:\/\/skaitytaknyga.lt\/","logo":{"@type":"ImageObject","inLanguage":"en-GB","@id":"https:\/\/skaitytaknyga.lt\/#\/schema\/logo\/image\/","url":"https:\/\/skaitytaknyga.lt\/wp-content\/uploads\/2024\/05\/cropped-cropped-cropped-02_00843_jt3bggkj1j3HLc7SyY6rEUpg.jpeg","contentUrl":"https:\/\/skaitytaknyga.lt\/wp-content\/uploads\/2024\/05\/cropped-cropped-cropped-02_00843_jt3bggkj1j3HLc7SyY6rEUpg.jpeg","width":1600,"height":1600,"caption":"skaitytaknyga.lt"},"image":{"@id":"https:\/\/skaitytaknyga.lt\/#\/schema\/logo\/image\/"},"sameAs":["https:\/\/www.facebook.com\/skaitytaknyga\/"]}]}},"_links":{"self":[{"href":"https:\/\/skaitytaknyga.lt\/en\/wp-json\/wp\/v2\/product\/4789","targetHints":{"allow":["GET"]}}],"collection":[{"href":"https:\/\/skaitytaknyga.lt\/en\/wp-json\/wp\/v2\/product"}],"about":[{"href":"https:\/\/skaitytaknyga.lt\/en\/wp-json\/wp\/v2\/types\/product"}],"replies":[{"embeddable":true,"href":"https:\/\/skaitytaknyga.lt\/en\/wp-json\/wp\/v2\/comments?post=4789"}],"wp:featuredmedia":[{"embeddable":true,"href":"https:\/\/skaitytaknyga.lt\/en\/wp-json\/wp\/v2\/media\/4835"}],"wp:attachment":[{"href":"https:\/\/skaitytaknyga.lt\/en\/wp-json\/wp\/v2\/media?parent=4789"}],"wp:term":[{"taxonomy":"product_brand","embeddable":true,"href":"https:\/\/skaitytaknyga.lt\/en\/wp-json\/wp\/v2\/product_brand?post=4789"},{"taxonomy":"product_cat","embeddable":true,"href":"https:\/\/skaitytaknyga.lt\/en\/wp-json\/wp\/v2\/product_cat?post=4789"},{"taxonomy":"product_tag","embeddable":true,"href":"https:\/\/skaitytaknyga.lt\/en\/wp-json\/wp\/v2\/product_tag?post=4789"}],"curies":[{"name":"wp","href":"https:\/\/api.w.org\/{rel}","templated":true}]}}