{"id":4783,"date":"2024-04-17T13:54:57","date_gmt":"2024-04-17T13:54:57","guid":{"rendered":"https:\/\/skaitytaknyga.lt\/?post_type=product&#038;p=4783"},"modified":"2025-06-13T17:31:01","modified_gmt":"2025-06-13T14:31:01","slug":"ilona-ezerinyte-sunojaus-diena","status":"publish","type":"product","link":"https:\/\/skaitytaknyga.lt\/en\/produktas\/ilona-ezerinyte-sunojaus-diena\/","title":{"rendered":"Ilona E\u017eerinyt\u0117 \u201e\u0160unojaus diena\u201c"},"content":{"rendered":"<p>Knygel\u0117 pasakoja, kas ma\u017eajai Adelei padeda \u012fgyvendinti svajon\u0119, kod\u0117l vien\u0105 dien\u0105 Dovydo \u0161uo ir kat\u0117 prabyla \u017emoni\u0173 kalba ir su kokiomis b\u016btyb\u0117mis susipa\u017e\u012fsta Vilius bei jo sesuo, atostogaudami seneli\u0173 sodyboje.<\/p>\n","protected":false},"excerpt":{"rendered":"<p>Knygel\u0117 pasakoja, kas ma\u017eajai Adelei padeda \u012fgyvendinti svajon\u0119, kod\u0117l vien\u0105 dien\u0105 Dovydo \u0161uo ir kat\u0117 prabyla \u017emoni\u0173 kalba ir su kokiomis b\u016btyb\u0117mis susipa\u017e\u012fsta Vilius bei jo sesuo, atostogaudami seneli\u0173 sodyboje.<\/p>\n","protected":false},"featured_media":4829,"comment_status":"closed","ping_status":"closed","template":"","meta":{"_acf_changed":false,"site-sidebar-layout":"default","site-content-layout":"","ast-site-content-layout":"default","site-content-style":"default","site-sidebar-style":"default","ast-global-header-display":"","ast-banner-title-visibility":"","ast-main-header-display":"","ast-hfb-above-header-display":"","ast-hfb-below-header-display":"","ast-hfb-mobile-header-display":"","site-post-title":"","ast-breadcrumbs-content":"","ast-featured-img":"","footer-sml-layout":"","ast-disable-related-posts":"","theme-transparent-header-meta":"","adv-header-id-meta":"","stick-header-meta":"","header-above-stick-meta":"","header-main-stick-meta":"","header-below-stick-meta":"","astra-migrate-meta-layouts":"default","ast-page-background-enabled":"default","ast-page-background-meta":{"desktop":{"background-color":"","background-image":"","background-repeat":"repeat","background-position":"center center","background-size":"auto","background-attachment":"scroll","background-type":"","background-media":"","overlay-type":"","overlay-color":"","overlay-opacity":"","overlay-gradient":""},"tablet":{"background-color":"","background-image":"","background-repeat":"repeat","background-position":"center center","background-size":"auto","background-attachment":"scroll","background-type":"","background-media":"","overlay-type":"","overlay-color":"","overlay-opacity":"","overlay-gradient":""},"mobile":{"background-color":"","background-image":"","background-repeat":"repeat","background-position":"center center","background-size":"auto","background-attachment":"scroll","background-type":"","background-media":"","overlay-type":"","overlay-color":"","overlay-opacity":"","overlay-gradient":""}},"ast-content-background-meta":{"desktop":{"background-color":"var(--ast-global-color-4)","background-image":"","background-repeat":"repeat","background-position":"center center","background-size":"auto","background-attachment":"scroll","background-type":"","background-media":"","overlay-type":"","overlay-color":"","overlay-opacity":"","overlay-gradient":""},"tablet":{"background-color":"var(--ast-global-color-4)","background-image":"","background-repeat":"repeat","background-position":"center center","background-size":"auto","background-attachment":"scroll","background-type":"","background-media":"","overlay-type":"","overlay-color":"","overlay-opacity":"","overlay-gradient":""},"mobile":{"background-color":"var(--ast-global-color-4)","background-image":"","background-repeat":"repeat","background-position":"center center","background-size":"auto","background-attachment":"scroll","background-type":"","background-media":"","overlay-type":"","overlay-color":"","overlay-opacity":"","overlay-gradient":""}}},"product_brand":[],"product_cat":[35],"product_tag":[],"class_list":{"0":"post-4783","1":"product","2":"type-product","3":"status-publish","4":"has-post-thumbnail","6":"product_cat-vaikams-ir-paaugliams","7":"pa_leidimo-metai-626","8":"pa_virselis-minkstas","9":"desktop-align-left","10":"tablet-align-left","11":"mobile-align-left","13":"first","14":"instock","15":"shipping-taxable","16":"purchasable","17":"product-type-simple"},"acf":[],"yoast_head":"<!-- This site is optimized with the Yoast SEO plugin v27.0 - https:\/\/yoast.com\/product\/yoast-seo-wordpress\/ -->\n<title>Ilona E\u017eerinyt\u0117 \u201e\u0160unojaus diena\u201c - Skaitytaknyga<\/title>\n<meta name=\"description\" content=\"Knygel\u0117 pasakoja, kas ma\u017eajai Adelei padeda \u012fgyvendinti svajon\u0119, kod\u0117l vien\u0105 dien\u0105 Dovydo \u0161uo ir kat\u0117 prabyla \u017emoni\u0173 kalba ir su kokiomis b\u016btyb\u0117mis susipa\u017e\u012fsta Vilius bei jo sesuo, atostogaudami seneli\u0173 sodyboje.\" \/>\n<meta name=\"robots\" content=\"index, follow, max-snippet:-1, max-image-preview:large, max-video-preview:-1\" \/>\n<link rel=\"canonical\" href=\"https:\/\/skaitytaknyga.lt\/en\/produktas\/ilona-ezerinyte-sunojaus-diena\/\" \/>\n<meta property=\"og:locale\" content=\"en_GB\" \/>\n<meta property=\"og:locale:alternate\" content=\"lt_LT\" \/>\n<meta property=\"og:type\" content=\"article\" \/>\n<meta property=\"og:title\" content=\"Ilona E\u017eerinyt\u0117 \u201e\u0160unojaus diena\u201c - Skaitytaknyga\" \/>\n<meta property=\"og:description\" content=\"Knygel\u0117 pasakoja, kas ma\u017eajai Adelei padeda \u012fgyvendinti svajon\u0119, kod\u0117l vien\u0105 dien\u0105 Dovydo \u0161uo ir kat\u0117 prabyla \u017emoni\u0173 kalba ir su kokiomis b\u016btyb\u0117mis susipa\u017e\u012fsta Vilius bei jo sesuo, atostogaudami seneli\u0173 sodyboje.\" \/>\n<meta property=\"og:url\" content=\"https:\/\/skaitytaknyga.lt\/en\/produktas\/ilona-ezerinyte-sunojaus-diena\/\" \/>\n<meta property=\"og:site_name\" content=\"Skaitytaknyga\" \/>\n<meta property=\"article:publisher\" content=\"https:\/\/www.facebook.com\/skaitytaknyga\/\" \/>\n<meta property=\"article:modified_time\" content=\"2025-06-13T14:31:01+00:00\" \/>\n<meta property=\"og:image\" content=\"https:\/\/skaitytaknyga.lt\/wp-content\/uploads\/2024\/04\/sunojaus-diena.jpg\" \/>\n\t<meta property=\"og:image:width\" content=\"835\" \/>\n\t<meta property=\"og:image:height\" content=\"941\" \/>\n\t<meta property=\"og:image:type\" content=\"image\/jpeg\" \/>\n<meta name=\"twitter:card\" content=\"summary_large_image\" \/>\n<meta name=\"twitter:label1\" content=\"Estimated reading time\" \/>\n\t<meta name=\"twitter:data1\" content=\"1 minute\" \/>\n<script type=\"application\/ld+json\" class=\"yoast-schema-graph\">{\"@context\":\"https:\/\/schema.org\",\"@graph\":[{\"@type\":\"WebPage\",\"@id\":\"https:\/\/skaitytaknyga.lt\/produktas\/ilona-ezerinyte-sunojaus-diena\/\",\"url\":\"https:\/\/skaitytaknyga.lt\/produktas\/ilona-ezerinyte-sunojaus-diena\/\",\"name\":\"Ilona E\u017eerinyt\u0117 \u201e\u0160unojaus diena\u201c - Skaitytaknyga\",\"isPartOf\":{\"@id\":\"https:\/\/skaitytaknyga.lt\/#website\"},\"primaryImageOfPage\":{\"@id\":\"https:\/\/skaitytaknyga.lt\/produktas\/ilona-ezerinyte-sunojaus-diena\/#primaryimage\"},\"image\":{\"@id\":\"https:\/\/skaitytaknyga.lt\/produktas\/ilona-ezerinyte-sunojaus-diena\/#primaryimage\"},\"thumbnailUrl\":\"https:\/\/skaitytaknyga.lt\/wp-content\/uploads\/2024\/04\/sunojaus-diena.jpg\",\"datePublished\":\"2024-04-17T13:54:57+00:00\",\"dateModified\":\"2025-06-13T14:31:01+00:00\",\"description\":\"Knygel\u0117 pasakoja, kas ma\u017eajai Adelei padeda \u012fgyvendinti svajon\u0119, kod\u0117l vien\u0105 dien\u0105 Dovydo \u0161uo ir kat\u0117 prabyla \u017emoni\u0173 kalba ir su kokiomis b\u016btyb\u0117mis susipa\u017e\u012fsta Vilius bei jo sesuo, atostogaudami seneli\u0173 sodyboje.\",\"breadcrumb\":{\"@id\":\"https:\/\/skaitytaknyga.lt\/produktas\/ilona-ezerinyte-sunojaus-diena\/#breadcrumb\"},\"inLanguage\":\"en-GB\",\"potentialAction\":[{\"@type\":\"ReadAction\",\"target\":[\"https:\/\/skaitytaknyga.lt\/produktas\/ilona-ezerinyte-sunojaus-diena\/\"]}]},{\"@type\":\"ImageObject\",\"inLanguage\":\"en-GB\",\"@id\":\"https:\/\/skaitytaknyga.lt\/produktas\/ilona-ezerinyte-sunojaus-diena\/#primaryimage\",\"url\":\"https:\/\/skaitytaknyga.lt\/wp-content\/uploads\/2024\/04\/sunojaus-diena.jpg\",\"contentUrl\":\"https:\/\/skaitytaknyga.lt\/wp-content\/uploads\/2024\/04\/sunojaus-diena.jpg\",\"width\":835,\"height\":941},{\"@type\":\"BreadcrumbList\",\"@id\":\"https:\/\/skaitytaknyga.lt\/produktas\/ilona-ezerinyte-sunojaus-diena\/#breadcrumb\",\"itemListElement\":[{\"@type\":\"ListItem\",\"position\":1,\"name\":\"Home\",\"item\":\"https:\/\/skaitytaknyga.lt\/\"},{\"@type\":\"ListItem\",\"position\":2,\"name\":\"Parduotuv\u0117\",\"item\":\"https:\/\/skaitytaknyga.lt\/knygu-parduotuve\/\"},{\"@type\":\"ListItem\",\"position\":3,\"name\":\"Ilona E\u017eerinyt\u0117 \u201e\u0160unojaus diena\u201c\"}]},{\"@type\":\"WebSite\",\"@id\":\"https:\/\/skaitytaknyga.lt\/#website\",\"url\":\"https:\/\/skaitytaknyga.lt\/\",\"name\":\"skaitytaknyga.lt\",\"description\":\"Skaitytaknyga.lt \u2013 tai ma\u017eas \u0161eimos verslas, kuris prasid\u0117jo nuo meil\u0117s knygoms ir siekio i\u0161gelb\u0117ti knygas nuo likimo prie konteinerio. Kas vienam nereikalingas daiktas \u2013 kitam lobis, o mes esame tarpininkai, kurie padeda abiems tapti laimingesniems ???? \u017dinome kaip nelengva i\u0161gyventi ma\u017eiems verslams, tad nuo \u0161iol, \u010dia rasite ir kit\u0173, ma\u017e\u0173 \u0161eim\u0173 versl\u0173, rank\u0173 darbo, dovan\u0173 sau ir artimiesiems.\",\"publisher\":{\"@id\":\"https:\/\/skaitytaknyga.lt\/#organization\"},\"potentialAction\":[{\"@type\":\"SearchAction\",\"target\":{\"@type\":\"EntryPoint\",\"urlTemplate\":\"https:\/\/skaitytaknyga.lt\/?s={search_term_string}\"},\"query-input\":{\"@type\":\"PropertyValueSpecification\",\"valueRequired\":true,\"valueName\":\"search_term_string\"}}],\"inLanguage\":\"en-GB\"},{\"@type\":\"Organization\",\"@id\":\"https:\/\/skaitytaknyga.lt\/#organization\",\"name\":\"skaitytaknyga.lt\",\"url\":\"https:\/\/skaitytaknyga.lt\/\",\"logo\":{\"@type\":\"ImageObject\",\"inLanguage\":\"en-GB\",\"@id\":\"https:\/\/skaitytaknyga.lt\/#\/schema\/logo\/image\/\",\"url\":\"https:\/\/skaitytaknyga.lt\/wp-content\/uploads\/2024\/05\/cropped-cropped-cropped-02_00843_jt3bggkj1j3HLc7SyY6rEUpg.jpeg\",\"contentUrl\":\"https:\/\/skaitytaknyga.lt\/wp-content\/uploads\/2024\/05\/cropped-cropped-cropped-02_00843_jt3bggkj1j3HLc7SyY6rEUpg.jpeg\",\"width\":1600,\"height\":1600,\"caption\":\"skaitytaknyga.lt\"},\"image\":{\"@id\":\"https:\/\/skaitytaknyga.lt\/#\/schema\/logo\/image\/\"},\"sameAs\":[\"https:\/\/www.facebook.com\/skaitytaknyga\/\"]}]}<\/script>\n<!-- \/ Yoast SEO plugin. -->","yoast_head_json":{"title":"Ilona E\u017eerinyt\u0117 \u201e\u0160unojaus diena\u201c - Skaitytaknyga","description":"Knygel\u0117 pasakoja, kas ma\u017eajai Adelei padeda \u012fgyvendinti svajon\u0119, kod\u0117l vien\u0105 dien\u0105 Dovydo \u0161uo ir kat\u0117 prabyla \u017emoni\u0173 kalba ir su kokiomis b\u016btyb\u0117mis susipa\u017e\u012fsta Vilius bei jo sesuo, atostogaudami seneli\u0173 sodyboje.","robots":{"index":"index","follow":"follow","max-snippet":"max-snippet:-1","max-image-preview":"max-image-preview:large","max-video-preview":"max-video-preview:-1"},"canonical":"https:\/\/skaitytaknyga.lt\/en\/produktas\/ilona-ezerinyte-sunojaus-diena\/","og_locale":"en_GB","og_type":"article","og_title":"Ilona E\u017eerinyt\u0117 \u201e\u0160unojaus diena\u201c - Skaitytaknyga","og_description":"Knygel\u0117 pasakoja, kas ma\u017eajai Adelei padeda \u012fgyvendinti svajon\u0119, kod\u0117l vien\u0105 dien\u0105 Dovydo \u0161uo ir kat\u0117 prabyla \u017emoni\u0173 kalba ir su kokiomis b\u016btyb\u0117mis susipa\u017e\u012fsta Vilius bei jo sesuo, atostogaudami seneli\u0173 sodyboje.","og_url":"https:\/\/skaitytaknyga.lt\/en\/produktas\/ilona-ezerinyte-sunojaus-diena\/","og_site_name":"Skaitytaknyga","article_publisher":"https:\/\/www.facebook.com\/skaitytaknyga\/","article_modified_time":"2025-06-13T14:31:01+00:00","og_image":[{"width":835,"height":941,"url":"https:\/\/skaitytaknyga.lt\/wp-content\/uploads\/2024\/04\/sunojaus-diena.jpg","type":"image\/jpeg"}],"twitter_card":"summary_large_image","twitter_misc":{"Estimated reading time":"1 minute"},"schema":{"@context":"https:\/\/schema.org","@graph":[{"@type":"WebPage","@id":"https:\/\/skaitytaknyga.lt\/produktas\/ilona-ezerinyte-sunojaus-diena\/","url":"https:\/\/skaitytaknyga.lt\/produktas\/ilona-ezerinyte-sunojaus-diena\/","name":"Ilona E\u017eerinyt\u0117 \u201e\u0160unojaus diena\u201c - Skaitytaknyga","isPartOf":{"@id":"https:\/\/skaitytaknyga.lt\/#website"},"primaryImageOfPage":{"@id":"https:\/\/skaitytaknyga.lt\/produktas\/ilona-ezerinyte-sunojaus-diena\/#primaryimage"},"image":{"@id":"https:\/\/skaitytaknyga.lt\/produktas\/ilona-ezerinyte-sunojaus-diena\/#primaryimage"},"thumbnailUrl":"https:\/\/skaitytaknyga.lt\/wp-content\/uploads\/2024\/04\/sunojaus-diena.jpg","datePublished":"2024-04-17T13:54:57+00:00","dateModified":"2025-06-13T14:31:01+00:00","description":"Knygel\u0117 pasakoja, kas ma\u017eajai Adelei padeda \u012fgyvendinti svajon\u0119, kod\u0117l vien\u0105 dien\u0105 Dovydo \u0161uo ir kat\u0117 prabyla \u017emoni\u0173 kalba ir su kokiomis b\u016btyb\u0117mis susipa\u017e\u012fsta Vilius bei jo sesuo, atostogaudami seneli\u0173 sodyboje.","breadcrumb":{"@id":"https:\/\/skaitytaknyga.lt\/produktas\/ilona-ezerinyte-sunojaus-diena\/#breadcrumb"},"inLanguage":"en-GB","potentialAction":[{"@type":"ReadAction","target":["https:\/\/skaitytaknyga.lt\/produktas\/ilona-ezerinyte-sunojaus-diena\/"]}]},{"@type":"ImageObject","inLanguage":"en-GB","@id":"https:\/\/skaitytaknyga.lt\/produktas\/ilona-ezerinyte-sunojaus-diena\/#primaryimage","url":"https:\/\/skaitytaknyga.lt\/wp-content\/uploads\/2024\/04\/sunojaus-diena.jpg","contentUrl":"https:\/\/skaitytaknyga.lt\/wp-content\/uploads\/2024\/04\/sunojaus-diena.jpg","width":835,"height":941},{"@type":"BreadcrumbList","@id":"https:\/\/skaitytaknyga.lt\/produktas\/ilona-ezerinyte-sunojaus-diena\/#breadcrumb","itemListElement":[{"@type":"ListItem","position":1,"name":"Home","item":"https:\/\/skaitytaknyga.lt\/"},{"@type":"ListItem","position":2,"name":"Parduotuv\u0117","item":"https:\/\/skaitytaknyga.lt\/knygu-parduotuve\/"},{"@type":"ListItem","position":3,"name":"Ilona E\u017eerinyt\u0117 \u201e\u0160unojaus diena\u201c"}]},{"@type":"WebSite","@id":"https:\/\/skaitytaknyga.lt\/#website","url":"https:\/\/skaitytaknyga.lt\/","name":"skaitytaknyga.lt","description":"Skaitytaknyga.lt \u2013 tai ma\u017eas \u0161eimos verslas, kuris prasid\u0117jo nuo meil\u0117s knygoms ir siekio i\u0161gelb\u0117ti knygas nuo likimo prie konteinerio. Kas vienam nereikalingas daiktas \u2013 kitam lobis, o mes esame tarpininkai, kurie padeda abiems tapti laimingesniems ???? \u017dinome kaip nelengva i\u0161gyventi ma\u017eiems verslams, tad nuo \u0161iol, \u010dia rasite ir kit\u0173, ma\u017e\u0173 \u0161eim\u0173 versl\u0173, rank\u0173 darbo, dovan\u0173 sau ir artimiesiems.","publisher":{"@id":"https:\/\/skaitytaknyga.lt\/#organization"},"potentialAction":[{"@type":"SearchAction","target":{"@type":"EntryPoint","urlTemplate":"https:\/\/skaitytaknyga.lt\/?s={search_term_string}"},"query-input":{"@type":"PropertyValueSpecification","valueRequired":true,"valueName":"search_term_string"}}],"inLanguage":"en-GB"},{"@type":"Organization","@id":"https:\/\/skaitytaknyga.lt\/#organization","name":"skaitytaknyga.lt","url":"https:\/\/skaitytaknyga.lt\/","logo":{"@type":"ImageObject","inLanguage":"en-GB","@id":"https:\/\/skaitytaknyga.lt\/#\/schema\/logo\/image\/","url":"https:\/\/skaitytaknyga.lt\/wp-content\/uploads\/2024\/05\/cropped-cropped-cropped-02_00843_jt3bggkj1j3HLc7SyY6rEUpg.jpeg","contentUrl":"https:\/\/skaitytaknyga.lt\/wp-content\/uploads\/2024\/05\/cropped-cropped-cropped-02_00843_jt3bggkj1j3HLc7SyY6rEUpg.jpeg","width":1600,"height":1600,"caption":"skaitytaknyga.lt"},"image":{"@id":"https:\/\/skaitytaknyga.lt\/#\/schema\/logo\/image\/"},"sameAs":["https:\/\/www.facebook.com\/skaitytaknyga\/"]}]}},"_links":{"self":[{"href":"https:\/\/skaitytaknyga.lt\/en\/wp-json\/wp\/v2\/product\/4783","targetHints":{"allow":["GET"]}}],"collection":[{"href":"https:\/\/skaitytaknyga.lt\/en\/wp-json\/wp\/v2\/product"}],"about":[{"href":"https:\/\/skaitytaknyga.lt\/en\/wp-json\/wp\/v2\/types\/product"}],"replies":[{"embeddable":true,"href":"https:\/\/skaitytaknyga.lt\/en\/wp-json\/wp\/v2\/comments?post=4783"}],"wp:featuredmedia":[{"embeddable":true,"href":"https:\/\/skaitytaknyga.lt\/en\/wp-json\/wp\/v2\/media\/4829"}],"wp:attachment":[{"href":"https:\/\/skaitytaknyga.lt\/en\/wp-json\/wp\/v2\/media?parent=4783"}],"wp:term":[{"taxonomy":"product_brand","embeddable":true,"href":"https:\/\/skaitytaknyga.lt\/en\/wp-json\/wp\/v2\/product_brand?post=4783"},{"taxonomy":"product_cat","embeddable":true,"href":"https:\/\/skaitytaknyga.lt\/en\/wp-json\/wp\/v2\/product_cat?post=4783"},{"taxonomy":"product_tag","embeddable":true,"href":"https:\/\/skaitytaknyga.lt\/en\/wp-json\/wp\/v2\/product_tag?post=4783"}],"curies":[{"name":"wp","href":"https:\/\/api.w.org\/{rel}","templated":true}]}}