{"id":4770,"date":"2024-04-17T13:54:33","date_gmt":"2024-04-17T13:54:33","guid":{"rendered":"https:\/\/skaitytaknyga.lt\/?post_type=product&#038;p=4770"},"modified":"2024-05-03T07:26:58","modified_gmt":"2024-05-03T07:26:58","slug":"alergija-maistui-auginantiems-alergiska-vaikuti","status":"publish","type":"product","link":"https:\/\/skaitytaknyga.lt\/en\/produktas\/alergija-maistui-auginantiems-alergiska-vaikuti\/","title":{"rendered":"Alergija maistui. Auginantiems alergi\u0161k\u0105 vaikut\u012f"},"content":{"rendered":"<p>Alergin\u0117mis ligomis serga visi: ir vaikai, ir suaugusieji.<\/p>\n<p>Da\u017enai vaikyst\u0117je prasid\u0117jusi alergija t\u0119siasi vis\u0105 gyvenim\u0105. J\u0105 sukelia \u012fvairios med\u017eiagos, vadinamieji alergenai. Tai gali b\u016bti tam tikri maisto produktai, med\u017ei\u0173 ir \u017eoli\u0173 \u017eiedadulk\u0117s arba buitiniai alergenai &#8211; nam\u0173 dulki\u0173 erk\u0117s, ka\u010di\u0173, \u0161un\u0173 kailis ir pan. Deja, apie \u0161i\u0105 pastaraisiais metais ypa\u010d paplitusi\u0105 lig\u0105 vis dar sklando daug mit\u0173.<\/p>\n<p>Naujoji knyga<strong>\u00a0\u201eAlergija maistui\u201c<\/strong>\u00a0pad\u0117s juos i\u0161sklaidyti ir atsakys \u012f r\u016bpimus klausimus.<\/p>\n","protected":false},"excerpt":{"rendered":"<p>Alergin\u0117mis ligomis serga visi: ir vaikai, ir suaugusieji.<\/p>\n<p>Da\u017enai vaikyst\u0117je prasid\u0117jusi alergija t\u0119siasi vis\u0105 gyvenim\u0105. J\u0105 sukelia \u012fvairios med\u017eiagos, vadinamieji alergenai. Tai gali b\u016bti tam tikri maisto produktai, med\u017ei\u0173 ir \u017eoli\u0173 \u017eiedadulk\u0117s arba buitiniai alergenai &#8211; nam\u0173 dulki\u0173 erk\u0117s, ka\u010di\u0173, \u0161un\u0173 kailis ir pan. Deja, apie \u0161i\u0105 pastaraisiais metais ypa\u010d paplitusi\u0105 lig\u0105 vis dar sklando daug mit\u0173.<\/p>\n<p>Naujoji knyga<strong>\u00a0\u201eAlergija maistui\u201c<\/strong>\u00a0pad\u0117s juos i\u0161sklaidyti ir atsakys \u012f r\u016bpimus klausimus.<\/p>\n","protected":false},"featured_media":4825,"comment_status":"closed","ping_status":"closed","template":"","meta":{"_acf_changed":false,"site-sidebar-layout":"default","site-content-layout":"","ast-site-content-layout":"default","site-content-style":"default","site-sidebar-style":"default","ast-global-header-display":"","ast-banner-title-visibility":"","ast-main-header-display":"","ast-hfb-above-header-display":"","ast-hfb-below-header-display":"","ast-hfb-mobile-header-display":"","site-post-title":"","ast-breadcrumbs-content":"","ast-featured-img":"","footer-sml-layout":"","ast-disable-related-posts":"","theme-transparent-header-meta":"","adv-header-id-meta":"","stick-header-meta":"","header-above-stick-meta":"","header-main-stick-meta":"","header-below-stick-meta":"","astra-migrate-meta-layouts":"default","ast-page-background-enabled":"default","ast-page-background-meta":{"desktop":{"background-color":"","background-image":"","background-repeat":"repeat","background-position":"center center","background-size":"auto","background-attachment":"scroll","background-type":"","background-media":"","overlay-type":"","overlay-color":"","overlay-opacity":"","overlay-gradient":""},"tablet":{"background-color":"","background-image":"","background-repeat":"repeat","background-position":"center center","background-size":"auto","background-attachment":"scroll","background-type":"","background-media":"","overlay-type":"","overlay-color":"","overlay-opacity":"","overlay-gradient":""},"mobile":{"background-color":"","background-image":"","background-repeat":"repeat","background-position":"center center","background-size":"auto","background-attachment":"scroll","background-type":"","background-media":"","overlay-type":"","overlay-color":"","overlay-opacity":"","overlay-gradient":""}},"ast-content-background-meta":{"desktop":{"background-color":"var(--ast-global-color-4)","background-image":"","background-repeat":"repeat","background-position":"center center","background-size":"auto","background-attachment":"scroll","background-type":"","background-media":"","overlay-type":"","overlay-color":"","overlay-opacity":"","overlay-gradient":""},"tablet":{"background-color":"var(--ast-global-color-4)","background-image":"","background-repeat":"repeat","background-position":"center center","background-size":"auto","background-attachment":"scroll","background-type":"","background-media":"","overlay-type":"","overlay-color":"","overlay-opacity":"","overlay-gradient":""},"mobile":{"background-color":"var(--ast-global-color-4)","background-image":"","background-repeat":"repeat","background-position":"center center","background-size":"auto","background-attachment":"scroll","background-type":"","background-media":"","overlay-type":"","overlay-color":"","overlay-opacity":"","overlay-gradient":""}}},"product_brand":[],"product_cat":[37,30,55],"product_tag":[],"class_list":{"0":"post-4770","1":"product","2":"type-product","3":"status-publish","4":"has-post-thumbnail","6":"product_cat-nestumas-ir-vaiku-prieziura-bei-auklejimas","7":"product_cat-psichologija-ir-saviugda","8":"product_cat-sveikata-ir-sveika-mityba","9":"desktop-align-left","10":"tablet-align-left","11":"mobile-align-left","13":"first","14":"instock","15":"shipping-taxable","16":"purchasable","17":"product-type-simple"},"acf":[],"yoast_head":"<!-- This site is optimized with the Yoast SEO plugin v27.0 - https:\/\/yoast.com\/product\/yoast-seo-wordpress\/ -->\n<title>Alergija maistui. Auginantiems alergi\u0161k\u0105 vaikut\u012f - Skaitytaknyga<\/title>\n<meta name=\"description\" content=\"Alergin\u0117mis ligomis serga visi: ir vaikai, ir suaugusieji.  Da\u017enai vaikyst\u0117je prasid\u0117jusi alergija t\u0119siasi vis\u0105 gyvenim\u0105. J\u0105 sukelia \u012fvairios med\u017eiagos, vadinamieji alergenai. Tai gali b\u016bti tam tikri maisto produktai, med\u017ei\u0173 ir \u017eoli\u0173 \u017eiedadulk\u0117s arba buitiniai alergenai - nam\u0173 dulki\u0173 erk\u0117s, ka\u010di\u0173, \u0161un\u0173 kailis ir pan. Deja, apie \u0161i\u0105 pastaraisiais metais ypa\u010d paplitusi\u0105 lig\u0105 vis dar sklando daug mit\u0173.  Naujoji knyga\u00a0\u201eAlergija maistui\u201c\u00a0pad\u0117s juos i\u0161sklaidyti ir atsakys \u012f r\u016bpimus klausimus.\" \/>\n<meta name=\"robots\" content=\"index, follow, max-snippet:-1, max-image-preview:large, max-video-preview:-1\" \/>\n<link rel=\"canonical\" href=\"https:\/\/skaitytaknyga.lt\/en\/produktas\/alergija-maistui-auginantiems-alergiska-vaikuti\/\" \/>\n<meta property=\"og:locale\" content=\"en_GB\" \/>\n<meta property=\"og:locale:alternate\" content=\"lt_LT\" \/>\n<meta property=\"og:type\" content=\"article\" \/>\n<meta property=\"og:title\" content=\"Alergija maistui. Auginantiems alergi\u0161k\u0105 vaikut\u012f - Skaitytaknyga\" \/>\n<meta property=\"og:description\" content=\"Alergin\u0117mis ligomis serga visi: ir vaikai, ir suaugusieji.  Da\u017enai vaikyst\u0117je prasid\u0117jusi alergija t\u0119siasi vis\u0105 gyvenim\u0105. J\u0105 sukelia \u012fvairios med\u017eiagos, vadinamieji alergenai. Tai gali b\u016bti tam tikri maisto produktai, med\u017ei\u0173 ir \u017eoli\u0173 \u017eiedadulk\u0117s arba buitiniai alergenai - nam\u0173 dulki\u0173 erk\u0117s, ka\u010di\u0173, \u0161un\u0173 kailis ir pan. Deja, apie \u0161i\u0105 pastaraisiais metais ypa\u010d paplitusi\u0105 lig\u0105 vis dar sklando daug mit\u0173.  Naujoji knyga\u00a0\u201eAlergija maistui\u201c\u00a0pad\u0117s juos i\u0161sklaidyti ir atsakys \u012f r\u016bpimus klausimus.\" \/>\n<meta property=\"og:url\" content=\"https:\/\/skaitytaknyga.lt\/en\/produktas\/alergija-maistui-auginantiems-alergiska-vaikuti\/\" \/>\n<meta property=\"og:site_name\" content=\"Skaitytaknyga\" \/>\n<meta property=\"article:publisher\" content=\"https:\/\/www.facebook.com\/skaitytaknyga\/\" \/>\n<meta property=\"article:modified_time\" content=\"2024-05-03T07:26:58+00:00\" \/>\n<meta property=\"og:image\" content=\"https:\/\/skaitytaknyga.lt\/wp-content\/uploads\/2024\/04\/alergija-maistui_5fc4dc368e84b.jpg\" \/>\n\t<meta property=\"og:image:width\" content=\"848\" \/>\n\t<meta property=\"og:image:height\" content=\"1200\" \/>\n\t<meta property=\"og:image:type\" content=\"image\/jpeg\" \/>\n<meta name=\"twitter:card\" content=\"summary_large_image\" \/>\n<meta name=\"twitter:label1\" content=\"Estimated reading time\" \/>\n\t<meta name=\"twitter:data1\" content=\"1 minute\" \/>\n<script type=\"application\/ld+json\" class=\"yoast-schema-graph\">{\"@context\":\"https:\/\/schema.org\",\"@graph\":[{\"@type\":\"WebPage\",\"@id\":\"https:\/\/skaitytaknyga.lt\/produktas\/alergija-maistui-auginantiems-alergiska-vaikuti\/\",\"url\":\"https:\/\/skaitytaknyga.lt\/produktas\/alergija-maistui-auginantiems-alergiska-vaikuti\/\",\"name\":\"Alergija maistui. Auginantiems alergi\u0161k\u0105 vaikut\u012f - Skaitytaknyga\",\"isPartOf\":{\"@id\":\"https:\/\/skaitytaknyga.lt\/#website\"},\"primaryImageOfPage\":{\"@id\":\"https:\/\/skaitytaknyga.lt\/produktas\/alergija-maistui-auginantiems-alergiska-vaikuti\/#primaryimage\"},\"image\":{\"@id\":\"https:\/\/skaitytaknyga.lt\/produktas\/alergija-maistui-auginantiems-alergiska-vaikuti\/#primaryimage\"},\"thumbnailUrl\":\"https:\/\/skaitytaknyga.lt\/wp-content\/uploads\/2024\/04\/alergija-maistui_5fc4dc368e84b.jpg\",\"datePublished\":\"2024-04-17T13:54:33+00:00\",\"dateModified\":\"2024-05-03T07:26:58+00:00\",\"description\":\"Alergin\u0117mis ligomis serga visi: ir vaikai, ir suaugusieji. Da\u017enai vaikyst\u0117je prasid\u0117jusi alergija t\u0119siasi vis\u0105 gyvenim\u0105. J\u0105 sukelia \u012fvairios med\u017eiagos, vadinamieji alergenai. Tai gali b\u016bti tam tikri maisto produktai, med\u017ei\u0173 ir \u017eoli\u0173 \u017eiedadulk\u0117s arba buitiniai alergenai - nam\u0173 dulki\u0173 erk\u0117s, ka\u010di\u0173, \u0161un\u0173 kailis ir pan. Deja, apie \u0161i\u0105 pastaraisiais metais ypa\u010d paplitusi\u0105 lig\u0105 vis dar sklando daug mit\u0173. Naujoji knyga\u00a0\u201eAlergija maistui\u201c\u00a0pad\u0117s juos i\u0161sklaidyti ir atsakys \u012f r\u016bpimus klausimus.\",\"breadcrumb\":{\"@id\":\"https:\/\/skaitytaknyga.lt\/produktas\/alergija-maistui-auginantiems-alergiska-vaikuti\/#breadcrumb\"},\"inLanguage\":\"en-GB\",\"potentialAction\":[{\"@type\":\"ReadAction\",\"target\":[\"https:\/\/skaitytaknyga.lt\/produktas\/alergija-maistui-auginantiems-alergiska-vaikuti\/\"]}]},{\"@type\":\"ImageObject\",\"inLanguage\":\"en-GB\",\"@id\":\"https:\/\/skaitytaknyga.lt\/produktas\/alergija-maistui-auginantiems-alergiska-vaikuti\/#primaryimage\",\"url\":\"https:\/\/skaitytaknyga.lt\/wp-content\/uploads\/2024\/04\/alergija-maistui_5fc4dc368e84b.jpg\",\"contentUrl\":\"https:\/\/skaitytaknyga.lt\/wp-content\/uploads\/2024\/04\/alergija-maistui_5fc4dc368e84b.jpg\",\"width\":848,\"height\":1200},{\"@type\":\"BreadcrumbList\",\"@id\":\"https:\/\/skaitytaknyga.lt\/produktas\/alergija-maistui-auginantiems-alergiska-vaikuti\/#breadcrumb\",\"itemListElement\":[{\"@type\":\"ListItem\",\"position\":1,\"name\":\"Home\",\"item\":\"https:\/\/skaitytaknyga.lt\/\"},{\"@type\":\"ListItem\",\"position\":2,\"name\":\"Parduotuv\u0117\",\"item\":\"https:\/\/skaitytaknyga.lt\/knygu-parduotuve\/\"},{\"@type\":\"ListItem\",\"position\":3,\"name\":\"Alergija maistui. Auginantiems alergi\u0161k\u0105 vaikut\u012f\"}]},{\"@type\":\"WebSite\",\"@id\":\"https:\/\/skaitytaknyga.lt\/#website\",\"url\":\"https:\/\/skaitytaknyga.lt\/\",\"name\":\"skaitytaknyga.lt\",\"description\":\"Skaitytaknyga.lt \u2013 tai ma\u017eas \u0161eimos verslas, kuris prasid\u0117jo nuo meil\u0117s knygoms ir siekio i\u0161gelb\u0117ti knygas nuo likimo prie konteinerio. Kas vienam nereikalingas daiktas \u2013 kitam lobis, o mes esame tarpininkai, kurie padeda abiems tapti laimingesniems ???? \u017dinome kaip nelengva i\u0161gyventi ma\u017eiems verslams, tad nuo \u0161iol, \u010dia rasite ir kit\u0173, ma\u017e\u0173 \u0161eim\u0173 versl\u0173, rank\u0173 darbo, dovan\u0173 sau ir artimiesiems.\",\"publisher\":{\"@id\":\"https:\/\/skaitytaknyga.lt\/#organization\"},\"potentialAction\":[{\"@type\":\"SearchAction\",\"target\":{\"@type\":\"EntryPoint\",\"urlTemplate\":\"https:\/\/skaitytaknyga.lt\/?s={search_term_string}\"},\"query-input\":{\"@type\":\"PropertyValueSpecification\",\"valueRequired\":true,\"valueName\":\"search_term_string\"}}],\"inLanguage\":\"en-GB\"},{\"@type\":\"Organization\",\"@id\":\"https:\/\/skaitytaknyga.lt\/#organization\",\"name\":\"skaitytaknyga.lt\",\"url\":\"https:\/\/skaitytaknyga.lt\/\",\"logo\":{\"@type\":\"ImageObject\",\"inLanguage\":\"en-GB\",\"@id\":\"https:\/\/skaitytaknyga.lt\/#\/schema\/logo\/image\/\",\"url\":\"https:\/\/skaitytaknyga.lt\/wp-content\/uploads\/2024\/05\/cropped-cropped-cropped-02_00843_jt3bggkj1j3HLc7SyY6rEUpg.jpeg\",\"contentUrl\":\"https:\/\/skaitytaknyga.lt\/wp-content\/uploads\/2024\/05\/cropped-cropped-cropped-02_00843_jt3bggkj1j3HLc7SyY6rEUpg.jpeg\",\"width\":1600,\"height\":1600,\"caption\":\"skaitytaknyga.lt\"},\"image\":{\"@id\":\"https:\/\/skaitytaknyga.lt\/#\/schema\/logo\/image\/\"},\"sameAs\":[\"https:\/\/www.facebook.com\/skaitytaknyga\/\"]}]}<\/script>\n<!-- \/ Yoast SEO plugin. -->","yoast_head_json":{"title":"Alergija maistui. Auginantiems alergi\u0161k\u0105 vaikut\u012f - Skaitytaknyga","description":"Alergin\u0117mis ligomis serga visi: ir vaikai, ir suaugusieji.  Da\u017enai vaikyst\u0117je prasid\u0117jusi alergija t\u0119siasi vis\u0105 gyvenim\u0105. J\u0105 sukelia \u012fvairios med\u017eiagos, vadinamieji alergenai. Tai gali b\u016bti tam tikri maisto produktai, med\u017ei\u0173 ir \u017eoli\u0173 \u017eiedadulk\u0117s arba buitiniai alergenai - nam\u0173 dulki\u0173 erk\u0117s, ka\u010di\u0173, \u0161un\u0173 kailis ir pan. Deja, apie \u0161i\u0105 pastaraisiais metais ypa\u010d paplitusi\u0105 lig\u0105 vis dar sklando daug mit\u0173.  Naujoji knyga\u00a0\u201eAlergija maistui\u201c\u00a0pad\u0117s juos i\u0161sklaidyti ir atsakys \u012f r\u016bpimus klausimus.","robots":{"index":"index","follow":"follow","max-snippet":"max-snippet:-1","max-image-preview":"max-image-preview:large","max-video-preview":"max-video-preview:-1"},"canonical":"https:\/\/skaitytaknyga.lt\/en\/produktas\/alergija-maistui-auginantiems-alergiska-vaikuti\/","og_locale":"en_GB","og_type":"article","og_title":"Alergija maistui. Auginantiems alergi\u0161k\u0105 vaikut\u012f - Skaitytaknyga","og_description":"Alergin\u0117mis ligomis serga visi: ir vaikai, ir suaugusieji.  Da\u017enai vaikyst\u0117je prasid\u0117jusi alergija t\u0119siasi vis\u0105 gyvenim\u0105. J\u0105 sukelia \u012fvairios med\u017eiagos, vadinamieji alergenai. Tai gali b\u016bti tam tikri maisto produktai, med\u017ei\u0173 ir \u017eoli\u0173 \u017eiedadulk\u0117s arba buitiniai alergenai - nam\u0173 dulki\u0173 erk\u0117s, ka\u010di\u0173, \u0161un\u0173 kailis ir pan. Deja, apie \u0161i\u0105 pastaraisiais metais ypa\u010d paplitusi\u0105 lig\u0105 vis dar sklando daug mit\u0173.  Naujoji knyga\u00a0\u201eAlergija maistui\u201c\u00a0pad\u0117s juos i\u0161sklaidyti ir atsakys \u012f r\u016bpimus klausimus.","og_url":"https:\/\/skaitytaknyga.lt\/en\/produktas\/alergija-maistui-auginantiems-alergiska-vaikuti\/","og_site_name":"Skaitytaknyga","article_publisher":"https:\/\/www.facebook.com\/skaitytaknyga\/","article_modified_time":"2024-05-03T07:26:58+00:00","og_image":[{"width":848,"height":1200,"url":"https:\/\/skaitytaknyga.lt\/wp-content\/uploads\/2024\/04\/alergija-maistui_5fc4dc368e84b.jpg","type":"image\/jpeg"}],"twitter_card":"summary_large_image","twitter_misc":{"Estimated reading time":"1 minute"},"schema":{"@context":"https:\/\/schema.org","@graph":[{"@type":"WebPage","@id":"https:\/\/skaitytaknyga.lt\/produktas\/alergija-maistui-auginantiems-alergiska-vaikuti\/","url":"https:\/\/skaitytaknyga.lt\/produktas\/alergija-maistui-auginantiems-alergiska-vaikuti\/","name":"Alergija maistui. Auginantiems alergi\u0161k\u0105 vaikut\u012f - Skaitytaknyga","isPartOf":{"@id":"https:\/\/skaitytaknyga.lt\/#website"},"primaryImageOfPage":{"@id":"https:\/\/skaitytaknyga.lt\/produktas\/alergija-maistui-auginantiems-alergiska-vaikuti\/#primaryimage"},"image":{"@id":"https:\/\/skaitytaknyga.lt\/produktas\/alergija-maistui-auginantiems-alergiska-vaikuti\/#primaryimage"},"thumbnailUrl":"https:\/\/skaitytaknyga.lt\/wp-content\/uploads\/2024\/04\/alergija-maistui_5fc4dc368e84b.jpg","datePublished":"2024-04-17T13:54:33+00:00","dateModified":"2024-05-03T07:26:58+00:00","description":"Alergin\u0117mis ligomis serga visi: ir vaikai, ir suaugusieji. Da\u017enai vaikyst\u0117je prasid\u0117jusi alergija t\u0119siasi vis\u0105 gyvenim\u0105. J\u0105 sukelia \u012fvairios med\u017eiagos, vadinamieji alergenai. Tai gali b\u016bti tam tikri maisto produktai, med\u017ei\u0173 ir \u017eoli\u0173 \u017eiedadulk\u0117s arba buitiniai alergenai - nam\u0173 dulki\u0173 erk\u0117s, ka\u010di\u0173, \u0161un\u0173 kailis ir pan. Deja, apie \u0161i\u0105 pastaraisiais metais ypa\u010d paplitusi\u0105 lig\u0105 vis dar sklando daug mit\u0173. Naujoji knyga\u00a0\u201eAlergija maistui\u201c\u00a0pad\u0117s juos i\u0161sklaidyti ir atsakys \u012f r\u016bpimus klausimus.","breadcrumb":{"@id":"https:\/\/skaitytaknyga.lt\/produktas\/alergija-maistui-auginantiems-alergiska-vaikuti\/#breadcrumb"},"inLanguage":"en-GB","potentialAction":[{"@type":"ReadAction","target":["https:\/\/skaitytaknyga.lt\/produktas\/alergija-maistui-auginantiems-alergiska-vaikuti\/"]}]},{"@type":"ImageObject","inLanguage":"en-GB","@id":"https:\/\/skaitytaknyga.lt\/produktas\/alergija-maistui-auginantiems-alergiska-vaikuti\/#primaryimage","url":"https:\/\/skaitytaknyga.lt\/wp-content\/uploads\/2024\/04\/alergija-maistui_5fc4dc368e84b.jpg","contentUrl":"https:\/\/skaitytaknyga.lt\/wp-content\/uploads\/2024\/04\/alergija-maistui_5fc4dc368e84b.jpg","width":848,"height":1200},{"@type":"BreadcrumbList","@id":"https:\/\/skaitytaknyga.lt\/produktas\/alergija-maistui-auginantiems-alergiska-vaikuti\/#breadcrumb","itemListElement":[{"@type":"ListItem","position":1,"name":"Home","item":"https:\/\/skaitytaknyga.lt\/"},{"@type":"ListItem","position":2,"name":"Parduotuv\u0117","item":"https:\/\/skaitytaknyga.lt\/knygu-parduotuve\/"},{"@type":"ListItem","position":3,"name":"Alergija maistui. Auginantiems alergi\u0161k\u0105 vaikut\u012f"}]},{"@type":"WebSite","@id":"https:\/\/skaitytaknyga.lt\/#website","url":"https:\/\/skaitytaknyga.lt\/","name":"skaitytaknyga.lt","description":"Skaitytaknyga.lt \u2013 tai ma\u017eas \u0161eimos verslas, kuris prasid\u0117jo nuo meil\u0117s knygoms ir siekio i\u0161gelb\u0117ti knygas nuo likimo prie konteinerio. Kas vienam nereikalingas daiktas \u2013 kitam lobis, o mes esame tarpininkai, kurie padeda abiems tapti laimingesniems ???? \u017dinome kaip nelengva i\u0161gyventi ma\u017eiems verslams, tad nuo \u0161iol, \u010dia rasite ir kit\u0173, ma\u017e\u0173 \u0161eim\u0173 versl\u0173, rank\u0173 darbo, dovan\u0173 sau ir artimiesiems.","publisher":{"@id":"https:\/\/skaitytaknyga.lt\/#organization"},"potentialAction":[{"@type":"SearchAction","target":{"@type":"EntryPoint","urlTemplate":"https:\/\/skaitytaknyga.lt\/?s={search_term_string}"},"query-input":{"@type":"PropertyValueSpecification","valueRequired":true,"valueName":"search_term_string"}}],"inLanguage":"en-GB"},{"@type":"Organization","@id":"https:\/\/skaitytaknyga.lt\/#organization","name":"skaitytaknyga.lt","url":"https:\/\/skaitytaknyga.lt\/","logo":{"@type":"ImageObject","inLanguage":"en-GB","@id":"https:\/\/skaitytaknyga.lt\/#\/schema\/logo\/image\/","url":"https:\/\/skaitytaknyga.lt\/wp-content\/uploads\/2024\/05\/cropped-cropped-cropped-02_00843_jt3bggkj1j3HLc7SyY6rEUpg.jpeg","contentUrl":"https:\/\/skaitytaknyga.lt\/wp-content\/uploads\/2024\/05\/cropped-cropped-cropped-02_00843_jt3bggkj1j3HLc7SyY6rEUpg.jpeg","width":1600,"height":1600,"caption":"skaitytaknyga.lt"},"image":{"@id":"https:\/\/skaitytaknyga.lt\/#\/schema\/logo\/image\/"},"sameAs":["https:\/\/www.facebook.com\/skaitytaknyga\/"]}]}},"_links":{"self":[{"href":"https:\/\/skaitytaknyga.lt\/en\/wp-json\/wp\/v2\/product\/4770","targetHints":{"allow":["GET"]}}],"collection":[{"href":"https:\/\/skaitytaknyga.lt\/en\/wp-json\/wp\/v2\/product"}],"about":[{"href":"https:\/\/skaitytaknyga.lt\/en\/wp-json\/wp\/v2\/types\/product"}],"replies":[{"embeddable":true,"href":"https:\/\/skaitytaknyga.lt\/en\/wp-json\/wp\/v2\/comments?post=4770"}],"wp:featuredmedia":[{"embeddable":true,"href":"https:\/\/skaitytaknyga.lt\/en\/wp-json\/wp\/v2\/media\/4825"}],"wp:attachment":[{"href":"https:\/\/skaitytaknyga.lt\/en\/wp-json\/wp\/v2\/media?parent=4770"}],"wp:term":[{"taxonomy":"product_brand","embeddable":true,"href":"https:\/\/skaitytaknyga.lt\/en\/wp-json\/wp\/v2\/product_brand?post=4770"},{"taxonomy":"product_cat","embeddable":true,"href":"https:\/\/skaitytaknyga.lt\/en\/wp-json\/wp\/v2\/product_cat?post=4770"},{"taxonomy":"product_tag","embeddable":true,"href":"https:\/\/skaitytaknyga.lt\/en\/wp-json\/wp\/v2\/product_tag?post=4770"}],"curies":[{"name":"wp","href":"https:\/\/api.w.org\/{rel}","templated":true}]}}