{"id":4769,"date":"2024-04-17T16:54:33","date_gmt":"2024-04-17T13:54:33","guid":{"rendered":"https:\/\/skaitytaknyga.lt\/?post_type=product&#038;p=4769"},"modified":"2025-06-12T22:08:36","modified_gmt":"2025-06-12T19:08:36","slug":"frederic-beigbeder-meile-trunka-trejus-metus-pasisiauses-virselis","status":"publish","type":"product","link":"https:\/\/skaitytaknyga.lt\/en\/produktas\/frederic-beigbeder-meile-trunka-trejus-metus-pasisiauses-virselis\/","title":{"rendered":"Frederic Beigbeder \u201eMeil\u0117 trunka trejus metus\u201c (\u201ePasi\u0161iau\u0161\u0119s vir\u0161elis\u201c)"},"content":{"rendered":"<p><strong>Fredericas Beigbeder<\/strong>\u00a0(g. 1965 m.) \u2013 vienas \u017einomiausi\u0173 \u0161iuolaikini\u0173 pranc\u016bz\u0173 ra\u0161ytoj\u0173, televizijos, spaudos, reklamos, naktini\u0173 klub\u0173 \u017evaig\u017ed\u0117. \u0160is autorius garsus ir \u012f\u017e\u016bliais, provokuojamais savo tekstais, ir ekscentri\u0161ku gyvenimo b\u016bdu.<\/p>\n<p>Lietuvi\u0173 kalba 2002 m. pasirod\u0119s jo romanas \u201eMeil\u0117 trunka trejus metus\u201c i\u0161kart tapo perkamiausia knyga, o knygos pavadinimas \u2013 visuomen\u0117je tvirtai \u012fsi\u0161aknijusia kli\u0161e.<\/p>\n<p>\u201eMeil\u0117 yra i\u0161 anksto pralaim\u0117ta kova\u201c, sako garsusis pranc\u016bz\u0173 dendis. Jis d\u0117l to li\u016bdi, kre\u010dia kvailystes, sk\u0119sta cinizmo ir aistros li\u016bne ir visu tuo m\u0117gaujasi.<\/p>\n<p>Saldaus pralaim\u0117jimo istorija, pa\u017e\u012fstama kiekvienam skaitytojui, ver\u010dia sielvartauti ir gin\u010dytis, juoktis, susid\u016brus su pa\u017e\u012fstamomis situacijomis ir&#8230; toliau tik\u0117ti am\u017eina meile.<\/p>\n","protected":false},"excerpt":{"rendered":"<p><strong>Fredericas Beigbeder<\/strong>\u00a0(g. 1965 m.) \u2013 vienas \u017einomiausi\u0173 \u0161iuolaikini\u0173 pranc\u016bz\u0173 ra\u0161ytoj\u0173, televizijos, spaudos, reklamos, naktini\u0173 klub\u0173 \u017evaig\u017ed\u0117. \u0160is autorius garsus ir \u012f\u017e\u016bliais, provokuojamais savo tekstais, ir ekscentri\u0161ku gyvenimo b\u016bdu.<\/p>\n<p>Lietuvi\u0173 kalba 2002 m. pasirod\u0119s jo romanas \u201eMeil\u0117 trunka trejus metus\u201c i\u0161kart tapo perkamiausia knyga, o knygos pavadinimas \u2013 visuomen\u0117je tvirtai \u012fsi\u0161aknijusia kli\u0161e.<\/p>\n<p>\u201eMeil\u0117 yra i\u0161 anksto pralaim\u0117ta kova\u201c, sako garsusis pranc\u016bz\u0173 dendis. Jis d\u0117l to li\u016bdi, kre\u010dia kvailystes, sk\u0119sta cinizmo ir aistros li\u016bne ir visu tuo m\u0117gaujasi.<\/p>\n<p>Saldaus pralaim\u0117jimo istorija, pa\u017e\u012fstama kiekvienam skaitytojui, ver\u010dia sielvartauti ir gin\u010dytis, juoktis, susid\u016brus su pa\u017e\u012fstamomis situacijomis ir&#8230; toliau tik\u0117ti am\u017eina meile.<\/p>\n","protected":false},"featured_media":4824,"comment_status":"closed","ping_status":"closed","template":"","meta":{"_acf_changed":false,"site-sidebar-layout":"default","site-content-layout":"","ast-site-content-layout":"default","site-content-style":"default","site-sidebar-style":"default","ast-global-header-display":"","ast-banner-title-visibility":"","ast-main-header-display":"","ast-hfb-above-header-display":"","ast-hfb-below-header-display":"","ast-hfb-mobile-header-display":"","site-post-title":"","ast-breadcrumbs-content":"","ast-featured-img":"","footer-sml-layout":"","ast-disable-related-posts":"","theme-transparent-header-meta":"","adv-header-id-meta":"","stick-header-meta":"","header-above-stick-meta":"","header-main-stick-meta":"","header-below-stick-meta":"","astra-migrate-meta-layouts":"default","ast-page-background-enabled":"default","ast-page-background-meta":{"desktop":{"background-color":"","background-image":"","background-repeat":"repeat","background-position":"center center","background-size":"auto","background-attachment":"scroll","background-type":"","background-media":"","overlay-type":"","overlay-color":"","overlay-opacity":"","overlay-gradient":""},"tablet":{"background-color":"","background-image":"","background-repeat":"repeat","background-position":"center center","background-size":"auto","background-attachment":"scroll","background-type":"","background-media":"","overlay-type":"","overlay-color":"","overlay-opacity":"","overlay-gradient":""},"mobile":{"background-color":"","background-image":"","background-repeat":"repeat","background-position":"center center","background-size":"auto","background-attachment":"scroll","background-type":"","background-media":"","overlay-type":"","overlay-color":"","overlay-opacity":"","overlay-gradient":""}},"ast-content-background-meta":{"desktop":{"background-color":"var(--ast-global-color-4)","background-image":"","background-repeat":"repeat","background-position":"center center","background-size":"auto","background-attachment":"scroll","background-type":"","background-media":"","overlay-type":"","overlay-color":"","overlay-opacity":"","overlay-gradient":""},"tablet":{"background-color":"var(--ast-global-color-4)","background-image":"","background-repeat":"repeat","background-position":"center center","background-size":"auto","background-attachment":"scroll","background-type":"","background-media":"","overlay-type":"","overlay-color":"","overlay-opacity":"","overlay-gradient":""},"mobile":{"background-color":"var(--ast-global-color-4)","background-image":"","background-repeat":"repeat","background-position":"center center","background-size":"auto","background-attachment":"scroll","background-type":"","background-media":"","overlay-type":"","overlay-color":"","overlay-opacity":"","overlay-gradient":""}}},"product_brand":[],"product_cat":[31],"product_tag":[],"class_list":{"0":"post-4769","1":"product","2":"type-product","3":"status-publish","4":"has-post-thumbnail","6":"product_cat-grozine-literatura","7":"desktop-align-left","8":"tablet-align-left","9":"mobile-align-left","11":"first","12":"instock","13":"shipping-taxable","14":"purchasable","15":"product-type-simple"},"acf":[],"yoast_head":"<!-- This site is optimized with the Yoast SEO plugin v27.0 - https:\/\/yoast.com\/product\/yoast-seo-wordpress\/ -->\n<title>Frederic Beigbeder \u201eMeil\u0117 trunka trejus metus\u201c (\u201ePasi\u0161iau\u0161\u0119s vir\u0161elis\u201c)<\/title>\n<meta name=\"description\" content=\"Fredericas Beigbeder\u00a0(g. 1965 m.) \u2013 vienas \u017einomiausi\u0173 \u0161iuolaikini\u0173 pranc\u016bz\u0173 ra\u0161ytoj\u0173, televizijos, spaudos, reklamos, naktini\u0173 klub\u0173 \u017evaig\u017ed\u0117. \u0160is autorius garsus ir \u012f\u017e\u016bliais, provokuojamais savo tekstais, ir ekscentri\u0161ku gyvenimo b\u016bdu.  Lietuvi\u0173 kalba 2002 m. pasirod\u0119s jo romanas \u201eMeil\u0117 trunka trejus metus\u201c i\u0161kart tapo perkamiausia knyga, o knygos pavadinimas \u2013 visuomen\u0117je tvirtai \u012fsi\u0161aknijusia kli\u0161e.  \u201eMeil\u0117 yra i\u0161 anksto pralaim\u0117ta kova\u201c, sako garsusis pranc\u016bz\u0173 dendis. Jis d\u0117l to li\u016bdi, kre\u010dia kvailystes, sk\u0119sta cinizmo ir aistros li\u016bne ir visu tuo m\u0117gaujasi.  Saldaus pralaim\u0117jimo istorija, pa\u017e\u012fstama kiekvienam skaitytojui, ver\u010dia sielvartauti ir gin\u010dytis, juoktis, susid\u016brus su pa\u017e\u012fstamomis situacijomis ir... toliau tik\u0117ti am\u017eina meile.\" \/>\n<meta name=\"robots\" content=\"index, follow, max-snippet:-1, max-image-preview:large, max-video-preview:-1\" \/>\n<link rel=\"canonical\" href=\"https:\/\/skaitytaknyga.lt\/en\/produktas\/frederic-beigbeder-meile-trunka-trejus-metus-pasisiauses-virselis\/\" \/>\n<meta property=\"og:locale\" content=\"en_GB\" \/>\n<meta property=\"og:locale:alternate\" content=\"lt_LT\" \/>\n<meta property=\"og:type\" content=\"article\" \/>\n<meta property=\"og:title\" content=\"Frederic Beigbeder \u201eMeil\u0117 trunka trejus metus\u201c (\u201ePasi\u0161iau\u0161\u0119s vir\u0161elis\u201c)\" \/>\n<meta property=\"og:description\" content=\"Fredericas Beigbeder\u00a0(g. 1965 m.) \u2013 vienas \u017einomiausi\u0173 \u0161iuolaikini\u0173 pranc\u016bz\u0173 ra\u0161ytoj\u0173, televizijos, spaudos, reklamos, naktini\u0173 klub\u0173 \u017evaig\u017ed\u0117. \u0160is autorius garsus ir \u012f\u017e\u016bliais, provokuojamais savo tekstais, ir ekscentri\u0161ku gyvenimo b\u016bdu.  Lietuvi\u0173 kalba 2002 m. pasirod\u0119s jo romanas \u201eMeil\u0117 trunka trejus metus\u201c i\u0161kart tapo perkamiausia knyga, o knygos pavadinimas \u2013 visuomen\u0117je tvirtai \u012fsi\u0161aknijusia kli\u0161e.  \u201eMeil\u0117 yra i\u0161 anksto pralaim\u0117ta kova\u201c, sako garsusis pranc\u016bz\u0173 dendis. Jis d\u0117l to li\u016bdi, kre\u010dia kvailystes, sk\u0119sta cinizmo ir aistros li\u016bne ir visu tuo m\u0117gaujasi.  Saldaus pralaim\u0117jimo istorija, pa\u017e\u012fstama kiekvienam skaitytojui, ver\u010dia sielvartauti ir gin\u010dytis, juoktis, susid\u016brus su pa\u017e\u012fstamomis situacijomis ir... toliau tik\u0117ti am\u017eina meile.\" \/>\n<meta property=\"og:url\" content=\"https:\/\/skaitytaknyga.lt\/en\/produktas\/frederic-beigbeder-meile-trunka-trejus-metus-pasisiauses-virselis\/\" \/>\n<meta property=\"og:site_name\" content=\"Skaitytaknyga\" \/>\n<meta property=\"article:publisher\" content=\"https:\/\/www.facebook.com\/skaitytaknyga\/\" \/>\n<meta property=\"article:modified_time\" content=\"2025-06-12T19:08:36+00:00\" \/>\n<meta property=\"og:image\" content=\"https:\/\/skaitytaknyga.lt\/wp-content\/uploads\/2024\/04\/1462879159_img0014.jpg\" \/>\n\t<meta property=\"og:image:width\" content=\"286\" \/>\n\t<meta property=\"og:image:height\" content=\"430\" \/>\n\t<meta property=\"og:image:type\" content=\"image\/jpeg\" \/>\n<meta name=\"twitter:card\" content=\"summary_large_image\" \/>\n<meta name=\"twitter:label1\" content=\"Estimated reading time\" \/>\n\t<meta name=\"twitter:data1\" content=\"1 minute\" \/>\n<script type=\"application\/ld+json\" class=\"yoast-schema-graph\">{\"@context\":\"https:\/\/schema.org\",\"@graph\":[{\"@type\":\"WebPage\",\"@id\":\"https:\/\/skaitytaknyga.lt\/produktas\/frederic-beigbeder-meile-trunka-trejus-metus-pasisiauses-virselis\/\",\"url\":\"https:\/\/skaitytaknyga.lt\/produktas\/frederic-beigbeder-meile-trunka-trejus-metus-pasisiauses-virselis\/\",\"name\":\"Frederic Beigbeder \u201eMeil\u0117 trunka trejus metus\u201c (\u201ePasi\u0161iau\u0161\u0119s vir\u0161elis\u201c)\",\"isPartOf\":{\"@id\":\"https:\/\/skaitytaknyga.lt\/#website\"},\"primaryImageOfPage\":{\"@id\":\"https:\/\/skaitytaknyga.lt\/produktas\/frederic-beigbeder-meile-trunka-trejus-metus-pasisiauses-virselis\/#primaryimage\"},\"image\":{\"@id\":\"https:\/\/skaitytaknyga.lt\/produktas\/frederic-beigbeder-meile-trunka-trejus-metus-pasisiauses-virselis\/#primaryimage\"},\"thumbnailUrl\":\"https:\/\/skaitytaknyga.lt\/wp-content\/uploads\/2024\/04\/1462879159_img0014.jpg\",\"datePublished\":\"2024-04-17T13:54:33+00:00\",\"dateModified\":\"2025-06-12T19:08:36+00:00\",\"description\":\"Fredericas Beigbeder\u00a0(g. 1965 m.) \u2013 vienas \u017einomiausi\u0173 \u0161iuolaikini\u0173 pranc\u016bz\u0173 ra\u0161ytoj\u0173, televizijos, spaudos, reklamos, naktini\u0173 klub\u0173 \u017evaig\u017ed\u0117. \u0160is autorius garsus ir \u012f\u017e\u016bliais, provokuojamais savo tekstais, ir ekscentri\u0161ku gyvenimo b\u016bdu. Lietuvi\u0173 kalba 2002 m. pasirod\u0119s jo romanas \u201eMeil\u0117 trunka trejus metus\u201c i\u0161kart tapo perkamiausia knyga, o knygos pavadinimas \u2013 visuomen\u0117je tvirtai \u012fsi\u0161aknijusia kli\u0161e. \u201eMeil\u0117 yra i\u0161 anksto pralaim\u0117ta kova\u201c, sako garsusis pranc\u016bz\u0173 dendis. Jis d\u0117l to li\u016bdi, kre\u010dia kvailystes, sk\u0119sta cinizmo ir aistros li\u016bne ir visu tuo m\u0117gaujasi. Saldaus pralaim\u0117jimo istorija, pa\u017e\u012fstama kiekvienam skaitytojui, ver\u010dia sielvartauti ir gin\u010dytis, juoktis, susid\u016brus su pa\u017e\u012fstamomis situacijomis ir... toliau tik\u0117ti am\u017eina meile.\",\"breadcrumb\":{\"@id\":\"https:\/\/skaitytaknyga.lt\/produktas\/frederic-beigbeder-meile-trunka-trejus-metus-pasisiauses-virselis\/#breadcrumb\"},\"inLanguage\":\"en-GB\",\"potentialAction\":[{\"@type\":\"ReadAction\",\"target\":[\"https:\/\/skaitytaknyga.lt\/produktas\/frederic-beigbeder-meile-trunka-trejus-metus-pasisiauses-virselis\/\"]}]},{\"@type\":\"ImageObject\",\"inLanguage\":\"en-GB\",\"@id\":\"https:\/\/skaitytaknyga.lt\/produktas\/frederic-beigbeder-meile-trunka-trejus-metus-pasisiauses-virselis\/#primaryimage\",\"url\":\"https:\/\/skaitytaknyga.lt\/wp-content\/uploads\/2024\/04\/1462879159_img0014.jpg\",\"contentUrl\":\"https:\/\/skaitytaknyga.lt\/wp-content\/uploads\/2024\/04\/1462879159_img0014.jpg\",\"width\":286,\"height\":430},{\"@type\":\"BreadcrumbList\",\"@id\":\"https:\/\/skaitytaknyga.lt\/produktas\/frederic-beigbeder-meile-trunka-trejus-metus-pasisiauses-virselis\/#breadcrumb\",\"itemListElement\":[{\"@type\":\"ListItem\",\"position\":1,\"name\":\"Home\",\"item\":\"https:\/\/skaitytaknyga.lt\/\"},{\"@type\":\"ListItem\",\"position\":2,\"name\":\"Parduotuv\u0117\",\"item\":\"https:\/\/skaitytaknyga.lt\/knygu-parduotuve\/\"},{\"@type\":\"ListItem\",\"position\":3,\"name\":\"Frederic Beigbeder \u201eMeil\u0117 trunka trejus metus\u201c (\u201ePasi\u0161iau\u0161\u0119s vir\u0161elis\u201c)\"}]},{\"@type\":\"WebSite\",\"@id\":\"https:\/\/skaitytaknyga.lt\/#website\",\"url\":\"https:\/\/skaitytaknyga.lt\/\",\"name\":\"skaitytaknyga.lt\",\"description\":\"Skaitytaknyga.lt \u2013 tai ma\u017eas \u0161eimos verslas, kuris prasid\u0117jo nuo meil\u0117s knygoms ir siekio i\u0161gelb\u0117ti knygas nuo likimo prie konteinerio. Kas vienam nereikalingas daiktas \u2013 kitam lobis, o mes esame tarpininkai, kurie padeda abiems tapti laimingesniems ???? \u017dinome kaip nelengva i\u0161gyventi ma\u017eiems verslams, tad nuo \u0161iol, \u010dia rasite ir kit\u0173, ma\u017e\u0173 \u0161eim\u0173 versl\u0173, rank\u0173 darbo, dovan\u0173 sau ir artimiesiems.\",\"publisher\":{\"@id\":\"https:\/\/skaitytaknyga.lt\/#organization\"},\"potentialAction\":[{\"@type\":\"SearchAction\",\"target\":{\"@type\":\"EntryPoint\",\"urlTemplate\":\"https:\/\/skaitytaknyga.lt\/?s={search_term_string}\"},\"query-input\":{\"@type\":\"PropertyValueSpecification\",\"valueRequired\":true,\"valueName\":\"search_term_string\"}}],\"inLanguage\":\"en-GB\"},{\"@type\":\"Organization\",\"@id\":\"https:\/\/skaitytaknyga.lt\/#organization\",\"name\":\"skaitytaknyga.lt\",\"url\":\"https:\/\/skaitytaknyga.lt\/\",\"logo\":{\"@type\":\"ImageObject\",\"inLanguage\":\"en-GB\",\"@id\":\"https:\/\/skaitytaknyga.lt\/#\/schema\/logo\/image\/\",\"url\":\"https:\/\/skaitytaknyga.lt\/wp-content\/uploads\/2024\/05\/cropped-cropped-cropped-02_00843_jt3bggkj1j3HLc7SyY6rEUpg.jpeg\",\"contentUrl\":\"https:\/\/skaitytaknyga.lt\/wp-content\/uploads\/2024\/05\/cropped-cropped-cropped-02_00843_jt3bggkj1j3HLc7SyY6rEUpg.jpeg\",\"width\":1600,\"height\":1600,\"caption\":\"skaitytaknyga.lt\"},\"image\":{\"@id\":\"https:\/\/skaitytaknyga.lt\/#\/schema\/logo\/image\/\"},\"sameAs\":[\"https:\/\/www.facebook.com\/skaitytaknyga\/\"]}]}<\/script>\n<!-- \/ Yoast SEO plugin. -->","yoast_head_json":{"title":"Frederic Beigbeder \u201eMeil\u0117 trunka trejus metus\u201c (\u201ePasi\u0161iau\u0161\u0119s vir\u0161elis\u201c)","description":"Fredericas Beigbeder\u00a0(g. 1965 m.) \u2013 vienas \u017einomiausi\u0173 \u0161iuolaikini\u0173 pranc\u016bz\u0173 ra\u0161ytoj\u0173, televizijos, spaudos, reklamos, naktini\u0173 klub\u0173 \u017evaig\u017ed\u0117. \u0160is autorius garsus ir \u012f\u017e\u016bliais, provokuojamais savo tekstais, ir ekscentri\u0161ku gyvenimo b\u016bdu.  Lietuvi\u0173 kalba 2002 m. pasirod\u0119s jo romanas \u201eMeil\u0117 trunka trejus metus\u201c i\u0161kart tapo perkamiausia knyga, o knygos pavadinimas \u2013 visuomen\u0117je tvirtai \u012fsi\u0161aknijusia kli\u0161e.  \u201eMeil\u0117 yra i\u0161 anksto pralaim\u0117ta kova\u201c, sako garsusis pranc\u016bz\u0173 dendis. Jis d\u0117l to li\u016bdi, kre\u010dia kvailystes, sk\u0119sta cinizmo ir aistros li\u016bne ir visu tuo m\u0117gaujasi.  Saldaus pralaim\u0117jimo istorija, pa\u017e\u012fstama kiekvienam skaitytojui, ver\u010dia sielvartauti ir gin\u010dytis, juoktis, susid\u016brus su pa\u017e\u012fstamomis situacijomis ir... toliau tik\u0117ti am\u017eina meile.","robots":{"index":"index","follow":"follow","max-snippet":"max-snippet:-1","max-image-preview":"max-image-preview:large","max-video-preview":"max-video-preview:-1"},"canonical":"https:\/\/skaitytaknyga.lt\/en\/produktas\/frederic-beigbeder-meile-trunka-trejus-metus-pasisiauses-virselis\/","og_locale":"en_GB","og_type":"article","og_title":"[:lt]Frederic Beigbeder \u201eMeil\u0117 trunka trejus metus\u201c (\u201ePasi\u0161iau\u0161\u0119s vir\u0161elis\u201c)[:] - Skaitytaknyga","og_description":"Fredericas Beigbeder\u00a0(g. 1965 m.) \u2013 vienas \u017einomiausi\u0173 \u0161iuolaikini\u0173 pranc\u016bz\u0173 ra\u0161ytoj\u0173, televizijos, spaudos, reklamos, naktini\u0173 klub\u0173 \u017evaig\u017ed\u0117. \u0160is autorius garsus ir \u012f\u017e\u016bliais, provokuojamais savo tekstais, ir ekscentri\u0161ku gyvenimo b\u016bdu.  Lietuvi\u0173 kalba 2002 m. pasirod\u0119s jo romanas \u201eMeil\u0117 trunka trejus metus\u201c i\u0161kart tapo perkamiausia knyga, o knygos pavadinimas \u2013 visuomen\u0117je tvirtai \u012fsi\u0161aknijusia kli\u0161e.  \u201eMeil\u0117 yra i\u0161 anksto pralaim\u0117ta kova\u201c, sako garsusis pranc\u016bz\u0173 dendis. Jis d\u0117l to li\u016bdi, kre\u010dia kvailystes, sk\u0119sta cinizmo ir aistros li\u016bne ir visu tuo m\u0117gaujasi.  Saldaus pralaim\u0117jimo istorija, pa\u017e\u012fstama kiekvienam skaitytojui, ver\u010dia sielvartauti ir gin\u010dytis, juoktis, susid\u016brus su pa\u017e\u012fstamomis situacijomis ir... toliau tik\u0117ti am\u017eina meile.","og_url":"https:\/\/skaitytaknyga.lt\/en\/produktas\/frederic-beigbeder-meile-trunka-trejus-metus-pasisiauses-virselis\/","og_site_name":"Skaitytaknyga","article_publisher":"https:\/\/www.facebook.com\/skaitytaknyga\/","article_modified_time":"2025-06-12T19:08:36+00:00","og_image":[{"width":286,"height":430,"url":"https:\/\/skaitytaknyga.lt\/wp-content\/uploads\/2024\/04\/1462879159_img0014.jpg","type":"image\/jpeg"}],"twitter_card":"summary_large_image","twitter_misc":{"Estimated reading time":"1 minute"},"schema":{"@context":"https:\/\/schema.org","@graph":[{"@type":"WebPage","@id":"https:\/\/skaitytaknyga.lt\/produktas\/frederic-beigbeder-meile-trunka-trejus-metus-pasisiauses-virselis\/","url":"https:\/\/skaitytaknyga.lt\/produktas\/frederic-beigbeder-meile-trunka-trejus-metus-pasisiauses-virselis\/","name":"Frederic Beigbeder \u201eMeil\u0117 trunka trejus metus\u201c (\u201ePasi\u0161iau\u0161\u0119s vir\u0161elis\u201c)","isPartOf":{"@id":"https:\/\/skaitytaknyga.lt\/#website"},"primaryImageOfPage":{"@id":"https:\/\/skaitytaknyga.lt\/produktas\/frederic-beigbeder-meile-trunka-trejus-metus-pasisiauses-virselis\/#primaryimage"},"image":{"@id":"https:\/\/skaitytaknyga.lt\/produktas\/frederic-beigbeder-meile-trunka-trejus-metus-pasisiauses-virselis\/#primaryimage"},"thumbnailUrl":"https:\/\/skaitytaknyga.lt\/wp-content\/uploads\/2024\/04\/1462879159_img0014.jpg","datePublished":"2024-04-17T13:54:33+00:00","dateModified":"2025-06-12T19:08:36+00:00","description":"Fredericas Beigbeder\u00a0(g. 1965 m.) \u2013 vienas \u017einomiausi\u0173 \u0161iuolaikini\u0173 pranc\u016bz\u0173 ra\u0161ytoj\u0173, televizijos, spaudos, reklamos, naktini\u0173 klub\u0173 \u017evaig\u017ed\u0117. \u0160is autorius garsus ir \u012f\u017e\u016bliais, provokuojamais savo tekstais, ir ekscentri\u0161ku gyvenimo b\u016bdu. Lietuvi\u0173 kalba 2002 m. pasirod\u0119s jo romanas \u201eMeil\u0117 trunka trejus metus\u201c i\u0161kart tapo perkamiausia knyga, o knygos pavadinimas \u2013 visuomen\u0117je tvirtai \u012fsi\u0161aknijusia kli\u0161e. \u201eMeil\u0117 yra i\u0161 anksto pralaim\u0117ta kova\u201c, sako garsusis pranc\u016bz\u0173 dendis. Jis d\u0117l to li\u016bdi, kre\u010dia kvailystes, sk\u0119sta cinizmo ir aistros li\u016bne ir visu tuo m\u0117gaujasi. Saldaus pralaim\u0117jimo istorija, pa\u017e\u012fstama kiekvienam skaitytojui, ver\u010dia sielvartauti ir gin\u010dytis, juoktis, susid\u016brus su pa\u017e\u012fstamomis situacijomis ir... toliau tik\u0117ti am\u017eina meile.","breadcrumb":{"@id":"https:\/\/skaitytaknyga.lt\/produktas\/frederic-beigbeder-meile-trunka-trejus-metus-pasisiauses-virselis\/#breadcrumb"},"inLanguage":"en-GB","potentialAction":[{"@type":"ReadAction","target":["https:\/\/skaitytaknyga.lt\/produktas\/frederic-beigbeder-meile-trunka-trejus-metus-pasisiauses-virselis\/"]}]},{"@type":"ImageObject","inLanguage":"en-GB","@id":"https:\/\/skaitytaknyga.lt\/produktas\/frederic-beigbeder-meile-trunka-trejus-metus-pasisiauses-virselis\/#primaryimage","url":"https:\/\/skaitytaknyga.lt\/wp-content\/uploads\/2024\/04\/1462879159_img0014.jpg","contentUrl":"https:\/\/skaitytaknyga.lt\/wp-content\/uploads\/2024\/04\/1462879159_img0014.jpg","width":286,"height":430},{"@type":"BreadcrumbList","@id":"https:\/\/skaitytaknyga.lt\/produktas\/frederic-beigbeder-meile-trunka-trejus-metus-pasisiauses-virselis\/#breadcrumb","itemListElement":[{"@type":"ListItem","position":1,"name":"Home","item":"https:\/\/skaitytaknyga.lt\/"},{"@type":"ListItem","position":2,"name":"Parduotuv\u0117","item":"https:\/\/skaitytaknyga.lt\/knygu-parduotuve\/"},{"@type":"ListItem","position":3,"name":"Frederic Beigbeder \u201eMeil\u0117 trunka trejus metus\u201c (\u201ePasi\u0161iau\u0161\u0119s vir\u0161elis\u201c)"}]},{"@type":"WebSite","@id":"https:\/\/skaitytaknyga.lt\/#website","url":"https:\/\/skaitytaknyga.lt\/","name":"skaitytaknyga.lt","description":"Skaitytaknyga.lt \u2013 tai ma\u017eas \u0161eimos verslas, kuris prasid\u0117jo nuo meil\u0117s knygoms ir siekio i\u0161gelb\u0117ti knygas nuo likimo prie konteinerio. Kas vienam nereikalingas daiktas \u2013 kitam lobis, o mes esame tarpininkai, kurie padeda abiems tapti laimingesniems ???? \u017dinome kaip nelengva i\u0161gyventi ma\u017eiems verslams, tad nuo \u0161iol, \u010dia rasite ir kit\u0173, ma\u017e\u0173 \u0161eim\u0173 versl\u0173, rank\u0173 darbo, dovan\u0173 sau ir artimiesiems.","publisher":{"@id":"https:\/\/skaitytaknyga.lt\/#organization"},"potentialAction":[{"@type":"SearchAction","target":{"@type":"EntryPoint","urlTemplate":"https:\/\/skaitytaknyga.lt\/?s={search_term_string}"},"query-input":{"@type":"PropertyValueSpecification","valueRequired":true,"valueName":"search_term_string"}}],"inLanguage":"en-GB"},{"@type":"Organization","@id":"https:\/\/skaitytaknyga.lt\/#organization","name":"skaitytaknyga.lt","url":"https:\/\/skaitytaknyga.lt\/","logo":{"@type":"ImageObject","inLanguage":"en-GB","@id":"https:\/\/skaitytaknyga.lt\/#\/schema\/logo\/image\/","url":"https:\/\/skaitytaknyga.lt\/wp-content\/uploads\/2024\/05\/cropped-cropped-cropped-02_00843_jt3bggkj1j3HLc7SyY6rEUpg.jpeg","contentUrl":"https:\/\/skaitytaknyga.lt\/wp-content\/uploads\/2024\/05\/cropped-cropped-cropped-02_00843_jt3bggkj1j3HLc7SyY6rEUpg.jpeg","width":1600,"height":1600,"caption":"skaitytaknyga.lt"},"image":{"@id":"https:\/\/skaitytaknyga.lt\/#\/schema\/logo\/image\/"},"sameAs":["https:\/\/www.facebook.com\/skaitytaknyga\/"]}]}},"_links":{"self":[{"href":"https:\/\/skaitytaknyga.lt\/en\/wp-json\/wp\/v2\/product\/4769","targetHints":{"allow":["GET"]}}],"collection":[{"href":"https:\/\/skaitytaknyga.lt\/en\/wp-json\/wp\/v2\/product"}],"about":[{"href":"https:\/\/skaitytaknyga.lt\/en\/wp-json\/wp\/v2\/types\/product"}],"replies":[{"embeddable":true,"href":"https:\/\/skaitytaknyga.lt\/en\/wp-json\/wp\/v2\/comments?post=4769"}],"wp:featuredmedia":[{"embeddable":true,"href":"https:\/\/skaitytaknyga.lt\/en\/wp-json\/wp\/v2\/media\/4824"}],"wp:attachment":[{"href":"https:\/\/skaitytaknyga.lt\/en\/wp-json\/wp\/v2\/media?parent=4769"}],"wp:term":[{"taxonomy":"product_brand","embeddable":true,"href":"https:\/\/skaitytaknyga.lt\/en\/wp-json\/wp\/v2\/product_brand?post=4769"},{"taxonomy":"product_cat","embeddable":true,"href":"https:\/\/skaitytaknyga.lt\/en\/wp-json\/wp\/v2\/product_cat?post=4769"},{"taxonomy":"product_tag","embeddable":true,"href":"https:\/\/skaitytaknyga.lt\/en\/wp-json\/wp\/v2\/product_tag?post=4769"}],"curies":[{"name":"wp","href":"https:\/\/api.w.org\/{rel}","templated":true}]}}