{"id":4761,"date":"2024-04-17T13:54:32","date_gmt":"2024-04-17T13:54:32","guid":{"rendered":"https:\/\/skaitytaknyga.lt\/?post_type=product&#038;p=4761"},"modified":"2025-07-07T09:27:01","modified_gmt":"2025-07-07T06:27:01","slug":"n-roberts-nors-mes-tokie-skirtingi","status":"publish","type":"product","link":"https:\/\/skaitytaknyga.lt\/en\/produktas\/n-roberts-nors-mes-tokie-skirtingi\/","title":{"rendered":"Nors mes tokie skirtingi"},"content":{"rendered":"<div class=\"tab-content col-xs-12\">\n<div id=\"tab-description\" class=\"tab-pane active\">\n<div id=\"collapse-description\" class=\"desc-collapse\">\n<div>\n<p>Juodu buvo kaip diena ir naktis \u2013 ugningasis Tajus Starbakas ir ledo princes\u0117 A\u0161er\u0117 Vulf. Prie\u0161 trejus metus \u0161i\u0105 \u012fsimyl\u0117j\u0117li\u0173 por\u0105 i\u0161skyr\u0117 melas ir nesusipratimai, bet A\u0161erei gr\u012f\u017eus \u012f teniso aik\u0161tel\u0119 jiems v\u0117l lemta susitikti&#8230;<\/p>\n<p>I\u0161 naujo suart\u0117ti n\u0117ra taip paprasta. Per daug neu\u017egydyt\u0173 \u017eaizd\u0173. Per daug paslap\u010di\u0173. Anuomet A\u0161er\u0117 netarusi n\u0117 \u017eod\u017eio paliko Taj\u0173 ir skubotai i\u0161tek\u0117jo u\u017e kito. Dabar ji gr\u012f\u017eo \u2013 v\u0117l vieni\u0161a ir tokia pat gra\u017ei kaip kadaise. Tajus trok\u0161ta, kad ji sumok\u0117t\u0173 u\u017e prie\u0161 trejus metus sukelt\u0105 skausm\u0105.<\/p>\n<p>A\u0161er\u0117 slepia skaud\u017ei\u0105 paslapt\u012f ir negali jos atskleisti vyrui, kur\u012f kadaise myl\u0117jo labiau u\u017e visk\u0105. Vyrui, su kuriuo vis dar svajoja susieti gyvenim\u0105. Jei tik tai b\u016bt\u0173 \u012fmanoma&#8230;<\/p>\n<\/div>\n<\/div>\n<\/div>\n<\/div>\n","protected":false},"excerpt":{"rendered":"<div class=\"tab-content col-xs-12\">\n<div id=\"tab-description\" class=\"tab-pane active\">\n<div id=\"collapse-description\" class=\"desc-collapse\">\n<div>\n<p>Juodu buvo kaip diena ir naktis \u2013 ugningasis Tajus Starbakas ir ledo princes\u0117 A\u0161er\u0117 Vulf. Prie\u0161 trejus metus \u0161i\u0105 \u012fsimyl\u0117j\u0117li\u0173 por\u0105 i\u0161skyr\u0117 melas ir nesusipratimai, bet A\u0161erei gr\u012f\u017eus \u012f teniso aik\u0161tel\u0119 jiems v\u0117l lemta susitikti&#8230;<\/p>\n<p>I\u0161 naujo suart\u0117ti n\u0117ra taip paprasta. Per daug neu\u017egydyt\u0173 \u017eaizd\u0173. Per daug paslap\u010di\u0173. Anuomet A\u0161er\u0117 netarusi n\u0117 \u017eod\u017eio paliko Taj\u0173 ir skubotai i\u0161tek\u0117jo u\u017e kito. Dabar ji gr\u012f\u017eo \u2013 v\u0117l vieni\u0161a ir tokia pat gra\u017ei kaip kadaise. Tajus trok\u0161ta, kad ji sumok\u0117t\u0173 u\u017e prie\u0161 trejus metus sukelt\u0105 skausm\u0105.<\/p>\n<p>A\u0161er\u0117 slepia skaud\u017ei\u0105 paslapt\u012f ir negali jos atskleisti vyrui, kur\u012f kadaise myl\u0117jo labiau u\u017e visk\u0105. Vyrui, su kuriuo vis dar svajoja susieti gyvenim\u0105. Jei tik tai b\u016bt\u0173 \u012fmanoma&#8230;<\/p>\n<\/div>\n<\/div>\n<\/div>\n<\/div>\n","protected":false},"featured_media":4800,"comment_status":"closed","ping_status":"closed","template":"","meta":{"_acf_changed":false,"site-sidebar-layout":"default","site-content-layout":"","ast-site-content-layout":"default","site-content-style":"default","site-sidebar-style":"default","ast-global-header-display":"","ast-banner-title-visibility":"","ast-main-header-display":"","ast-hfb-above-header-display":"","ast-hfb-below-header-display":"","ast-hfb-mobile-header-display":"","site-post-title":"","ast-breadcrumbs-content":"","ast-featured-img":"","footer-sml-layout":"","ast-disable-related-posts":"","theme-transparent-header-meta":"","adv-header-id-meta":"","stick-header-meta":"","header-above-stick-meta":"","header-main-stick-meta":"","header-below-stick-meta":"","astra-migrate-meta-layouts":"default","ast-page-background-enabled":"default","ast-page-background-meta":{"desktop":{"background-color":"","background-image":"","background-repeat":"repeat","background-position":"center center","background-size":"auto","background-attachment":"scroll","background-type":"","background-media":"","overlay-type":"","overlay-color":"","overlay-opacity":"","overlay-gradient":""},"tablet":{"background-color":"","background-image":"","background-repeat":"repeat","background-position":"center center","background-size":"auto","background-attachment":"scroll","background-type":"","background-media":"","overlay-type":"","overlay-color":"","overlay-opacity":"","overlay-gradient":""},"mobile":{"background-color":"","background-image":"","background-repeat":"repeat","background-position":"center center","background-size":"auto","background-attachment":"scroll","background-type":"","background-media":"","overlay-type":"","overlay-color":"","overlay-opacity":"","overlay-gradient":""}},"ast-content-background-meta":{"desktop":{"background-color":"var(--ast-global-color-4)","background-image":"","background-repeat":"repeat","background-position":"center center","background-size":"auto","background-attachment":"scroll","background-type":"","background-media":"","overlay-type":"","overlay-color":"","overlay-opacity":"","overlay-gradient":""},"tablet":{"background-color":"var(--ast-global-color-4)","background-image":"","background-repeat":"repeat","background-position":"center center","background-size":"auto","background-attachment":"scroll","background-type":"","background-media":"","overlay-type":"","overlay-color":"","overlay-opacity":"","overlay-gradient":""},"mobile":{"background-color":"var(--ast-global-color-4)","background-image":"","background-repeat":"repeat","background-position":"center center","background-size":"auto","background-attachment":"scroll","background-type":"","background-media":"","overlay-type":"","overlay-color":"","overlay-opacity":"","overlay-gradient":""}}},"product_brand":[],"product_cat":[31],"product_tag":[3149,2014,3060,1478,3150],"class_list":{"0":"post-4761","1":"product","2":"type-product","3":"status-publish","4":"has-post-thumbnail","6":"product_cat-grozine-literatura","7":"product_tag-antra-galimybe","8":"product_tag-meiles-romanas","9":"product_tag-nora-roberts","10":"product_tag-paslaptys","11":"product_tag-sportas","12":"desktop-align-left","13":"tablet-align-left","14":"mobile-align-left","16":"first","17":"instock","18":"shipping-taxable","19":"purchasable","20":"product-type-simple"},"acf":[],"yoast_head":"<!-- This site is optimized with the Yoast SEO plugin v27.0 - https:\/\/yoast.com\/product\/yoast-seo-wordpress\/ -->\n<title>Nors mes tokie skirtingi<\/title>\n<meta name=\"description\" content=\"Juodu buvo kaip diena ir naktis \u2013 ugningasis Tajus Starbakas ir ledo princes\u0117 A\u0161er\u0117 Vulf. Prie\u0161 trejus metus \u0161i\u0105 \u012fsimyl\u0117j\u0117li\u0173 por\u0105 i\u0161skyr\u0117 melas ir nesusipratimai, bet A\u0161erei gr\u012f\u017eus \u012f teniso aik\u0161tel\u0119 jiems v\u0117l lemta susitikti...  I\u0161 naujo suart\u0117ti n\u0117ra taip paprasta. Per daug neu\u017egydyt\u0173 \u017eaizd\u0173. Per daug paslap\u010di\u0173. Anuomet A\u0161er\u0117 netarusi n\u0117 \u017eod\u017eio paliko Taj\u0173 ir skubotai i\u0161tek\u0117jo u\u017e kito. Dabar ji gr\u012f\u017eo \u2013 v\u0117l vieni\u0161a ir tokia pat gra\u017ei kaip kadaise. Tajus trok\u0161ta, kad ji sumok\u0117t\u0173 u\u017e prie\u0161 trejus metus sukelt\u0105 skausm\u0105.  A\u0161er\u0117 slepia skaud\u017ei\u0105 paslapt\u012f ir negali jos atskleisti vyrui, kur\u012f kadaise myl\u0117jo labiau u\u017e visk\u0105. Vyrui, su kuriuo vis dar svajoja susieti gyvenim\u0105. Jei tik tai b\u016bt\u0173 \u012fmanoma...\" \/>\n<meta name=\"robots\" content=\"index, follow, max-snippet:-1, max-image-preview:large, max-video-preview:-1\" \/>\n<link rel=\"canonical\" href=\"https:\/\/skaitytaknyga.lt\/en\/produktas\/n-roberts-nors-mes-tokie-skirtingi\/\" \/>\n<meta property=\"og:locale\" content=\"en_GB\" \/>\n<meta property=\"og:locale:alternate\" content=\"lt_LT\" \/>\n<meta property=\"og:type\" content=\"article\" \/>\n<meta property=\"og:title\" content=\"Nors mes tokie skirtingi\" \/>\n<meta property=\"og:description\" content=\"Juodu buvo kaip diena ir naktis \u2013 ugningasis Tajus Starbakas ir ledo princes\u0117 A\u0161er\u0117 Vulf. Prie\u0161 trejus metus \u0161i\u0105 \u012fsimyl\u0117j\u0117li\u0173 por\u0105 i\u0161skyr\u0117 melas ir nesusipratimai, bet A\u0161erei gr\u012f\u017eus \u012f teniso aik\u0161tel\u0119 jiems v\u0117l lemta susitikti...  I\u0161 naujo suart\u0117ti n\u0117ra taip paprasta. Per daug neu\u017egydyt\u0173 \u017eaizd\u0173. Per daug paslap\u010di\u0173. Anuomet A\u0161er\u0117 netarusi n\u0117 \u017eod\u017eio paliko Taj\u0173 ir skubotai i\u0161tek\u0117jo u\u017e kito. Dabar ji gr\u012f\u017eo \u2013 v\u0117l vieni\u0161a ir tokia pat gra\u017ei kaip kadaise. Tajus trok\u0161ta, kad ji sumok\u0117t\u0173 u\u017e prie\u0161 trejus metus sukelt\u0105 skausm\u0105.  A\u0161er\u0117 slepia skaud\u017ei\u0105 paslapt\u012f ir negali jos atskleisti vyrui, kur\u012f kadaise myl\u0117jo labiau u\u017e visk\u0105. Vyrui, su kuriuo vis dar svajoja susieti gyvenim\u0105. Jei tik tai b\u016bt\u0173 \u012fmanoma...\" \/>\n<meta property=\"og:url\" content=\"https:\/\/skaitytaknyga.lt\/en\/produktas\/n-roberts-nors-mes-tokie-skirtingi\/\" \/>\n<meta property=\"og:site_name\" content=\"Skaitytaknyga\" \/>\n<meta property=\"article:publisher\" content=\"https:\/\/www.facebook.com\/skaitytaknyga\/\" \/>\n<meta property=\"article:modified_time\" content=\"2025-07-07T06:27:01+00:00\" \/>\n<meta property=\"og:image\" content=\"https:\/\/skaitytaknyga.lt\/wp-content\/uploads\/2024\/04\/000000000002177132-5b61bcc9668e1-asset-knyguklubas-9786090304037_nors-mes-tokie-skirtingi.jpg\" \/>\n\t<meta property=\"og:image:width\" content=\"300\" \/>\n\t<meta property=\"og:image:height\" content=\"504\" \/>\n\t<meta property=\"og:image:type\" content=\"image\/jpeg\" \/>\n<meta name=\"twitter:card\" content=\"summary_large_image\" \/>\n<meta name=\"twitter:label1\" content=\"Estimated reading time\" \/>\n\t<meta name=\"twitter:data1\" content=\"1 minute\" \/>\n<script type=\"application\/ld+json\" class=\"yoast-schema-graph\">{\"@context\":\"https:\/\/schema.org\",\"@graph\":[{\"@type\":\"WebPage\",\"@id\":\"https:\/\/skaitytaknyga.lt\/produktas\/n-roberts-nors-mes-tokie-skirtingi\/\",\"url\":\"https:\/\/skaitytaknyga.lt\/produktas\/n-roberts-nors-mes-tokie-skirtingi\/\",\"name\":\"Nors mes tokie skirtingi\",\"isPartOf\":{\"@id\":\"https:\/\/skaitytaknyga.lt\/#website\"},\"primaryImageOfPage\":{\"@id\":\"https:\/\/skaitytaknyga.lt\/produktas\/n-roberts-nors-mes-tokie-skirtingi\/#primaryimage\"},\"image\":{\"@id\":\"https:\/\/skaitytaknyga.lt\/produktas\/n-roberts-nors-mes-tokie-skirtingi\/#primaryimage\"},\"thumbnailUrl\":\"https:\/\/skaitytaknyga.lt\/wp-content\/uploads\/2024\/04\/000000000002177132-5b61bcc9668e1-asset-knyguklubas-9786090304037_nors-mes-tokie-skirtingi.jpg\",\"datePublished\":\"2024-04-17T13:54:32+00:00\",\"dateModified\":\"2025-07-07T06:27:01+00:00\",\"description\":\"Juodu buvo kaip diena ir naktis \u2013 ugningasis Tajus Starbakas ir ledo princes\u0117 A\u0161er\u0117 Vulf. Prie\u0161 trejus metus \u0161i\u0105 \u012fsimyl\u0117j\u0117li\u0173 por\u0105 i\u0161skyr\u0117 melas ir nesusipratimai, bet A\u0161erei gr\u012f\u017eus \u012f teniso aik\u0161tel\u0119 jiems v\u0117l lemta susitikti... I\u0161 naujo suart\u0117ti n\u0117ra taip paprasta. Per daug neu\u017egydyt\u0173 \u017eaizd\u0173. Per daug paslap\u010di\u0173. Anuomet A\u0161er\u0117 netarusi n\u0117 \u017eod\u017eio paliko Taj\u0173 ir skubotai i\u0161tek\u0117jo u\u017e kito. Dabar ji gr\u012f\u017eo \u2013 v\u0117l vieni\u0161a ir tokia pat gra\u017ei kaip kadaise. Tajus trok\u0161ta, kad ji sumok\u0117t\u0173 u\u017e prie\u0161 trejus metus sukelt\u0105 skausm\u0105. A\u0161er\u0117 slepia skaud\u017ei\u0105 paslapt\u012f ir negali jos atskleisti vyrui, kur\u012f kadaise myl\u0117jo labiau u\u017e visk\u0105. Vyrui, su kuriuo vis dar svajoja susieti gyvenim\u0105. Jei tik tai b\u016bt\u0173 \u012fmanoma...\",\"breadcrumb\":{\"@id\":\"https:\/\/skaitytaknyga.lt\/produktas\/n-roberts-nors-mes-tokie-skirtingi\/#breadcrumb\"},\"inLanguage\":\"en-GB\",\"potentialAction\":[{\"@type\":\"ReadAction\",\"target\":[\"https:\/\/skaitytaknyga.lt\/produktas\/n-roberts-nors-mes-tokie-skirtingi\/\"]}]},{\"@type\":\"ImageObject\",\"inLanguage\":\"en-GB\",\"@id\":\"https:\/\/skaitytaknyga.lt\/produktas\/n-roberts-nors-mes-tokie-skirtingi\/#primaryimage\",\"url\":\"https:\/\/skaitytaknyga.lt\/wp-content\/uploads\/2024\/04\/000000000002177132-5b61bcc9668e1-asset-knyguklubas-9786090304037_nors-mes-tokie-skirtingi.jpg\",\"contentUrl\":\"https:\/\/skaitytaknyga.lt\/wp-content\/uploads\/2024\/04\/000000000002177132-5b61bcc9668e1-asset-knyguklubas-9786090304037_nors-mes-tokie-skirtingi.jpg\",\"width\":300,\"height\":504},{\"@type\":\"BreadcrumbList\",\"@id\":\"https:\/\/skaitytaknyga.lt\/produktas\/n-roberts-nors-mes-tokie-skirtingi\/#breadcrumb\",\"itemListElement\":[{\"@type\":\"ListItem\",\"position\":1,\"name\":\"Home\",\"item\":\"https:\/\/skaitytaknyga.lt\/\"},{\"@type\":\"ListItem\",\"position\":2,\"name\":\"Parduotuv\u0117\",\"item\":\"https:\/\/skaitytaknyga.lt\/knygu-parduotuve\/\"},{\"@type\":\"ListItem\",\"position\":3,\"name\":\"Nors mes tokie skirtingi\"}]},{\"@type\":\"WebSite\",\"@id\":\"https:\/\/skaitytaknyga.lt\/#website\",\"url\":\"https:\/\/skaitytaknyga.lt\/\",\"name\":\"skaitytaknyga.lt\",\"description\":\"Skaitytaknyga.lt \u2013 tai ma\u017eas \u0161eimos verslas, kuris prasid\u0117jo nuo meil\u0117s knygoms ir siekio i\u0161gelb\u0117ti knygas nuo likimo prie konteinerio. Kas vienam nereikalingas daiktas \u2013 kitam lobis, o mes esame tarpininkai, kurie padeda abiems tapti laimingesniems ???? \u017dinome kaip nelengva i\u0161gyventi ma\u017eiems verslams, tad nuo \u0161iol, \u010dia rasite ir kit\u0173, ma\u017e\u0173 \u0161eim\u0173 versl\u0173, rank\u0173 darbo, dovan\u0173 sau ir artimiesiems.\",\"publisher\":{\"@id\":\"https:\/\/skaitytaknyga.lt\/#organization\"},\"potentialAction\":[{\"@type\":\"SearchAction\",\"target\":{\"@type\":\"EntryPoint\",\"urlTemplate\":\"https:\/\/skaitytaknyga.lt\/?s={search_term_string}\"},\"query-input\":{\"@type\":\"PropertyValueSpecification\",\"valueRequired\":true,\"valueName\":\"search_term_string\"}}],\"inLanguage\":\"en-GB\"},{\"@type\":\"Organization\",\"@id\":\"https:\/\/skaitytaknyga.lt\/#organization\",\"name\":\"skaitytaknyga.lt\",\"url\":\"https:\/\/skaitytaknyga.lt\/\",\"logo\":{\"@type\":\"ImageObject\",\"inLanguage\":\"en-GB\",\"@id\":\"https:\/\/skaitytaknyga.lt\/#\/schema\/logo\/image\/\",\"url\":\"https:\/\/skaitytaknyga.lt\/wp-content\/uploads\/2024\/05\/cropped-cropped-cropped-02_00843_jt3bggkj1j3HLc7SyY6rEUpg.jpeg\",\"contentUrl\":\"https:\/\/skaitytaknyga.lt\/wp-content\/uploads\/2024\/05\/cropped-cropped-cropped-02_00843_jt3bggkj1j3HLc7SyY6rEUpg.jpeg\",\"width\":1600,\"height\":1600,\"caption\":\"skaitytaknyga.lt\"},\"image\":{\"@id\":\"https:\/\/skaitytaknyga.lt\/#\/schema\/logo\/image\/\"},\"sameAs\":[\"https:\/\/www.facebook.com\/skaitytaknyga\/\"]}]}<\/script>\n<!-- \/ Yoast SEO plugin. -->","yoast_head_json":{"title":"Nors mes tokie skirtingi","description":"Juodu buvo kaip diena ir naktis \u2013 ugningasis Tajus Starbakas ir ledo princes\u0117 A\u0161er\u0117 Vulf. Prie\u0161 trejus metus \u0161i\u0105 \u012fsimyl\u0117j\u0117li\u0173 por\u0105 i\u0161skyr\u0117 melas ir nesusipratimai, bet A\u0161erei gr\u012f\u017eus \u012f teniso aik\u0161tel\u0119 jiems v\u0117l lemta susitikti...  I\u0161 naujo suart\u0117ti n\u0117ra taip paprasta. Per daug neu\u017egydyt\u0173 \u017eaizd\u0173. Per daug paslap\u010di\u0173. Anuomet A\u0161er\u0117 netarusi n\u0117 \u017eod\u017eio paliko Taj\u0173 ir skubotai i\u0161tek\u0117jo u\u017e kito. Dabar ji gr\u012f\u017eo \u2013 v\u0117l vieni\u0161a ir tokia pat gra\u017ei kaip kadaise. Tajus trok\u0161ta, kad ji sumok\u0117t\u0173 u\u017e prie\u0161 trejus metus sukelt\u0105 skausm\u0105.  A\u0161er\u0117 slepia skaud\u017ei\u0105 paslapt\u012f ir negali jos atskleisti vyrui, kur\u012f kadaise myl\u0117jo labiau u\u017e visk\u0105. Vyrui, su kuriuo vis dar svajoja susieti gyvenim\u0105. Jei tik tai b\u016bt\u0173 \u012fmanoma...","robots":{"index":"index","follow":"follow","max-snippet":"max-snippet:-1","max-image-preview":"max-image-preview:large","max-video-preview":"max-video-preview:-1"},"canonical":"https:\/\/skaitytaknyga.lt\/en\/produktas\/n-roberts-nors-mes-tokie-skirtingi\/","og_locale":"en_GB","og_type":"article","og_title":"[:lt]Nors mes tokie skirtingi[:] - Skaitytaknyga","og_description":"Juodu buvo kaip diena ir naktis \u2013 ugningasis Tajus Starbakas ir ledo princes\u0117 A\u0161er\u0117 Vulf. Prie\u0161 trejus metus \u0161i\u0105 \u012fsimyl\u0117j\u0117li\u0173 por\u0105 i\u0161skyr\u0117 melas ir nesusipratimai, bet A\u0161erei gr\u012f\u017eus \u012f teniso aik\u0161tel\u0119 jiems v\u0117l lemta susitikti...  I\u0161 naujo suart\u0117ti n\u0117ra taip paprasta. Per daug neu\u017egydyt\u0173 \u017eaizd\u0173. Per daug paslap\u010di\u0173. Anuomet A\u0161er\u0117 netarusi n\u0117 \u017eod\u017eio paliko Taj\u0173 ir skubotai i\u0161tek\u0117jo u\u017e kito. Dabar ji gr\u012f\u017eo \u2013 v\u0117l vieni\u0161a ir tokia pat gra\u017ei kaip kadaise. Tajus trok\u0161ta, kad ji sumok\u0117t\u0173 u\u017e prie\u0161 trejus metus sukelt\u0105 skausm\u0105.  A\u0161er\u0117 slepia skaud\u017ei\u0105 paslapt\u012f ir negali jos atskleisti vyrui, kur\u012f kadaise myl\u0117jo labiau u\u017e visk\u0105. Vyrui, su kuriuo vis dar svajoja susieti gyvenim\u0105. Jei tik tai b\u016bt\u0173 \u012fmanoma...","og_url":"https:\/\/skaitytaknyga.lt\/en\/produktas\/n-roberts-nors-mes-tokie-skirtingi\/","og_site_name":"Skaitytaknyga","article_publisher":"https:\/\/www.facebook.com\/skaitytaknyga\/","article_modified_time":"2025-07-07T06:27:01+00:00","og_image":[{"width":300,"height":504,"url":"https:\/\/skaitytaknyga.lt\/wp-content\/uploads\/2024\/04\/000000000002177132-5b61bcc9668e1-asset-knyguklubas-9786090304037_nors-mes-tokie-skirtingi.jpg","type":"image\/jpeg"}],"twitter_card":"summary_large_image","twitter_misc":{"Estimated reading time":"1 minute"},"schema":{"@context":"https:\/\/schema.org","@graph":[{"@type":"WebPage","@id":"https:\/\/skaitytaknyga.lt\/produktas\/n-roberts-nors-mes-tokie-skirtingi\/","url":"https:\/\/skaitytaknyga.lt\/produktas\/n-roberts-nors-mes-tokie-skirtingi\/","name":"Nors mes tokie skirtingi","isPartOf":{"@id":"https:\/\/skaitytaknyga.lt\/#website"},"primaryImageOfPage":{"@id":"https:\/\/skaitytaknyga.lt\/produktas\/n-roberts-nors-mes-tokie-skirtingi\/#primaryimage"},"image":{"@id":"https:\/\/skaitytaknyga.lt\/produktas\/n-roberts-nors-mes-tokie-skirtingi\/#primaryimage"},"thumbnailUrl":"https:\/\/skaitytaknyga.lt\/wp-content\/uploads\/2024\/04\/000000000002177132-5b61bcc9668e1-asset-knyguklubas-9786090304037_nors-mes-tokie-skirtingi.jpg","datePublished":"2024-04-17T13:54:32+00:00","dateModified":"2025-07-07T06:27:01+00:00","description":"Juodu buvo kaip diena ir naktis \u2013 ugningasis Tajus Starbakas ir ledo princes\u0117 A\u0161er\u0117 Vulf. Prie\u0161 trejus metus \u0161i\u0105 \u012fsimyl\u0117j\u0117li\u0173 por\u0105 i\u0161skyr\u0117 melas ir nesusipratimai, bet A\u0161erei gr\u012f\u017eus \u012f teniso aik\u0161tel\u0119 jiems v\u0117l lemta susitikti... I\u0161 naujo suart\u0117ti n\u0117ra taip paprasta. Per daug neu\u017egydyt\u0173 \u017eaizd\u0173. Per daug paslap\u010di\u0173. Anuomet A\u0161er\u0117 netarusi n\u0117 \u017eod\u017eio paliko Taj\u0173 ir skubotai i\u0161tek\u0117jo u\u017e kito. Dabar ji gr\u012f\u017eo \u2013 v\u0117l vieni\u0161a ir tokia pat gra\u017ei kaip kadaise. Tajus trok\u0161ta, kad ji sumok\u0117t\u0173 u\u017e prie\u0161 trejus metus sukelt\u0105 skausm\u0105. A\u0161er\u0117 slepia skaud\u017ei\u0105 paslapt\u012f ir negali jos atskleisti vyrui, kur\u012f kadaise myl\u0117jo labiau u\u017e visk\u0105. Vyrui, su kuriuo vis dar svajoja susieti gyvenim\u0105. Jei tik tai b\u016bt\u0173 \u012fmanoma...","breadcrumb":{"@id":"https:\/\/skaitytaknyga.lt\/produktas\/n-roberts-nors-mes-tokie-skirtingi\/#breadcrumb"},"inLanguage":"en-GB","potentialAction":[{"@type":"ReadAction","target":["https:\/\/skaitytaknyga.lt\/produktas\/n-roberts-nors-mes-tokie-skirtingi\/"]}]},{"@type":"ImageObject","inLanguage":"en-GB","@id":"https:\/\/skaitytaknyga.lt\/produktas\/n-roberts-nors-mes-tokie-skirtingi\/#primaryimage","url":"https:\/\/skaitytaknyga.lt\/wp-content\/uploads\/2024\/04\/000000000002177132-5b61bcc9668e1-asset-knyguklubas-9786090304037_nors-mes-tokie-skirtingi.jpg","contentUrl":"https:\/\/skaitytaknyga.lt\/wp-content\/uploads\/2024\/04\/000000000002177132-5b61bcc9668e1-asset-knyguklubas-9786090304037_nors-mes-tokie-skirtingi.jpg","width":300,"height":504},{"@type":"BreadcrumbList","@id":"https:\/\/skaitytaknyga.lt\/produktas\/n-roberts-nors-mes-tokie-skirtingi\/#breadcrumb","itemListElement":[{"@type":"ListItem","position":1,"name":"Home","item":"https:\/\/skaitytaknyga.lt\/"},{"@type":"ListItem","position":2,"name":"Parduotuv\u0117","item":"https:\/\/skaitytaknyga.lt\/knygu-parduotuve\/"},{"@type":"ListItem","position":3,"name":"Nors mes tokie skirtingi"}]},{"@type":"WebSite","@id":"https:\/\/skaitytaknyga.lt\/#website","url":"https:\/\/skaitytaknyga.lt\/","name":"skaitytaknyga.lt","description":"Skaitytaknyga.lt \u2013 tai ma\u017eas \u0161eimos verslas, kuris prasid\u0117jo nuo meil\u0117s knygoms ir siekio i\u0161gelb\u0117ti knygas nuo likimo prie konteinerio. Kas vienam nereikalingas daiktas \u2013 kitam lobis, o mes esame tarpininkai, kurie padeda abiems tapti laimingesniems ???? \u017dinome kaip nelengva i\u0161gyventi ma\u017eiems verslams, tad nuo \u0161iol, \u010dia rasite ir kit\u0173, ma\u017e\u0173 \u0161eim\u0173 versl\u0173, rank\u0173 darbo, dovan\u0173 sau ir artimiesiems.","publisher":{"@id":"https:\/\/skaitytaknyga.lt\/#organization"},"potentialAction":[{"@type":"SearchAction","target":{"@type":"EntryPoint","urlTemplate":"https:\/\/skaitytaknyga.lt\/?s={search_term_string}"},"query-input":{"@type":"PropertyValueSpecification","valueRequired":true,"valueName":"search_term_string"}}],"inLanguage":"en-GB"},{"@type":"Organization","@id":"https:\/\/skaitytaknyga.lt\/#organization","name":"skaitytaknyga.lt","url":"https:\/\/skaitytaknyga.lt\/","logo":{"@type":"ImageObject","inLanguage":"en-GB","@id":"https:\/\/skaitytaknyga.lt\/#\/schema\/logo\/image\/","url":"https:\/\/skaitytaknyga.lt\/wp-content\/uploads\/2024\/05\/cropped-cropped-cropped-02_00843_jt3bggkj1j3HLc7SyY6rEUpg.jpeg","contentUrl":"https:\/\/skaitytaknyga.lt\/wp-content\/uploads\/2024\/05\/cropped-cropped-cropped-02_00843_jt3bggkj1j3HLc7SyY6rEUpg.jpeg","width":1600,"height":1600,"caption":"skaitytaknyga.lt"},"image":{"@id":"https:\/\/skaitytaknyga.lt\/#\/schema\/logo\/image\/"},"sameAs":["https:\/\/www.facebook.com\/skaitytaknyga\/"]}]}},"_links":{"self":[{"href":"https:\/\/skaitytaknyga.lt\/en\/wp-json\/wp\/v2\/product\/4761","targetHints":{"allow":["GET"]}}],"collection":[{"href":"https:\/\/skaitytaknyga.lt\/en\/wp-json\/wp\/v2\/product"}],"about":[{"href":"https:\/\/skaitytaknyga.lt\/en\/wp-json\/wp\/v2\/types\/product"}],"replies":[{"embeddable":true,"href":"https:\/\/skaitytaknyga.lt\/en\/wp-json\/wp\/v2\/comments?post=4761"}],"wp:featuredmedia":[{"embeddable":true,"href":"https:\/\/skaitytaknyga.lt\/en\/wp-json\/wp\/v2\/media\/4800"}],"wp:attachment":[{"href":"https:\/\/skaitytaknyga.lt\/en\/wp-json\/wp\/v2\/media?parent=4761"}],"wp:term":[{"taxonomy":"product_brand","embeddable":true,"href":"https:\/\/skaitytaknyga.lt\/en\/wp-json\/wp\/v2\/product_brand?post=4761"},{"taxonomy":"product_cat","embeddable":true,"href":"https:\/\/skaitytaknyga.lt\/en\/wp-json\/wp\/v2\/product_cat?post=4761"},{"taxonomy":"product_tag","embeddable":true,"href":"https:\/\/skaitytaknyga.lt\/en\/wp-json\/wp\/v2\/product_tag?post=4761"}],"curies":[{"name":"wp","href":"https:\/\/api.w.org\/{rel}","templated":true}]}}