{"id":4760,"date":"2024-04-17T13:54:32","date_gmt":"2024-04-17T13:54:32","guid":{"rendered":"https:\/\/skaitytaknyga.lt\/?post_type=product&#038;p=4760"},"modified":"2025-07-07T09:27:00","modified_gmt":"2025-07-07T06:27:00","slug":"n-roberts-viena-vasara","status":"publish","type":"product","link":"https:\/\/skaitytaknyga.lt\/en\/produktas\/n-roberts-viena-vasara\/","title":{"rendered":"Vien\u0105 vasar\u0105"},"content":{"rendered":"<div class=\"tab-content col-xs-12\">\n<div id=\"tab-description\" class=\"tab-pane active\">\n<div id=\"collapse-description\" class=\"desc-collapse\">\n<div>Populiaraus \u017eurnalo, ra\u0161an\u010dio apie visuomen\u0117s garsenybes, fotografei Brajenai Mi\u010del i\u0161 anksto ai\u0161ku, kad vis\u0105 vasar\u0105 trankytis po Amerik\u0105 su cini\u0161kuoju paniur\u0117liu foto\u017eurnalistu \u0160eidu Kolbiu \u2013 ne pats maloniausias u\u017esi\u0117mimas. Bet jeigu jie nori i\u0161leisti i\u0161svajot\u0105j\u012f nuotrauk\u0173 album\u0105, teks i\u0161tverti. Porel\u0117 leid\u017eiasi \u012f kelion\u0119, abu ie\u0161ko savojo \u201eauksinio kadro\u201c. \u012etampa persmelkt\u0173 santyki\u0173 tyloje staiga suskamba pati gra\u017eiausia pasaulyje dviej\u0173 vieni\u0161\u0173 \u0161ird\u017ei\u0173 melodija.<\/div>\n<div><\/div>\n<\/div>\n<\/div>\n<\/div>\n","protected":false},"excerpt":{"rendered":"<div class=\"tab-content col-xs-12\">\n<div id=\"tab-description\" class=\"tab-pane active\">\n<div id=\"collapse-description\" class=\"desc-collapse\">\n<div>Populiaraus \u017eurnalo, ra\u0161an\u010dio apie visuomen\u0117s garsenybes, fotografei Brajenai Mi\u010del i\u0161 anksto ai\u0161ku, kad vis\u0105 vasar\u0105 trankytis po Amerik\u0105 su cini\u0161kuoju paniur\u0117liu foto\u017eurnalistu \u0160eidu Kolbiu \u2013 ne pats maloniausias u\u017esi\u0117mimas. Bet jeigu jie nori i\u0161leisti i\u0161svajot\u0105j\u012f nuotrauk\u0173 album\u0105, teks i\u0161tverti. Porel\u0117 leid\u017eiasi \u012f kelion\u0119, abu ie\u0161ko savojo \u201eauksinio kadro\u201c. \u012etampa persmelkt\u0173 santyki\u0173 tyloje staiga suskamba pati gra\u017eiausia pasaulyje dviej\u0173 vieni\u0161\u0173 \u0161ird\u017ei\u0173 melodija.<\/div>\n<div><\/div>\n<\/div>\n<\/div>\n<\/div>\n","protected":false},"featured_media":4799,"comment_status":"closed","ping_status":"closed","template":"","meta":{"_acf_changed":false,"site-sidebar-layout":"default","site-content-layout":"","ast-site-content-layout":"default","site-content-style":"default","site-sidebar-style":"default","ast-global-header-display":"","ast-banner-title-visibility":"","ast-main-header-display":"","ast-hfb-above-header-display":"","ast-hfb-below-header-display":"","ast-hfb-mobile-header-display":"","site-post-title":"","ast-breadcrumbs-content":"","ast-featured-img":"","footer-sml-layout":"","ast-disable-related-posts":"","theme-transparent-header-meta":"","adv-header-id-meta":"","stick-header-meta":"","header-above-stick-meta":"","header-main-stick-meta":"","header-below-stick-meta":"","astra-migrate-meta-layouts":"default","ast-page-background-enabled":"default","ast-page-background-meta":{"desktop":{"background-color":"","background-image":"","background-repeat":"repeat","background-position":"center center","background-size":"auto","background-attachment":"scroll","background-type":"","background-media":"","overlay-type":"","overlay-color":"","overlay-opacity":"","overlay-gradient":""},"tablet":{"background-color":"","background-image":"","background-repeat":"repeat","background-position":"center center","background-size":"auto","background-attachment":"scroll","background-type":"","background-media":"","overlay-type":"","overlay-color":"","overlay-opacity":"","overlay-gradient":""},"mobile":{"background-color":"","background-image":"","background-repeat":"repeat","background-position":"center center","background-size":"auto","background-attachment":"scroll","background-type":"","background-media":"","overlay-type":"","overlay-color":"","overlay-opacity":"","overlay-gradient":""}},"ast-content-background-meta":{"desktop":{"background-color":"var(--ast-global-color-4)","background-image":"","background-repeat":"repeat","background-position":"center center","background-size":"auto","background-attachment":"scroll","background-type":"","background-media":"","overlay-type":"","overlay-color":"","overlay-opacity":"","overlay-gradient":""},"tablet":{"background-color":"var(--ast-global-color-4)","background-image":"","background-repeat":"repeat","background-position":"center center","background-size":"auto","background-attachment":"scroll","background-type":"","background-media":"","overlay-type":"","overlay-color":"","overlay-opacity":"","overlay-gradient":""},"mobile":{"background-color":"var(--ast-global-color-4)","background-image":"","background-repeat":"repeat","background-position":"center center","background-size":"auto","background-attachment":"scroll","background-type":"","background-media":"","overlay-type":"","overlay-color":"","overlay-opacity":"","overlay-gradient":""}}},"product_brand":[],"product_cat":[31],"product_tag":[2014,3060],"class_list":{"0":"post-4760","1":"product","2":"type-product","3":"status-publish","4":"has-post-thumbnail","6":"product_cat-grozine-literatura","7":"product_tag-meiles-romanas","8":"product_tag-nora-roberts","9":"desktop-align-left","10":"tablet-align-left","11":"mobile-align-left","13":"first","14":"instock","15":"shipping-taxable","16":"purchasable","17":"product-type-simple"},"acf":[],"yoast_head":"<!-- This site is optimized with the Yoast SEO plugin v27.0 - https:\/\/yoast.com\/product\/yoast-seo-wordpress\/ -->\n<title>Vien\u0105 vasar\u0105<\/title>\n<meta name=\"description\" content=\"Populiaraus \u017eurnalo, ra\u0161an\u010dio apie visuomen\u0117s garsenybes, fotografei Brajenai Mi\u010del i\u0161 anksto ai\u0161ku, kad vis\u0105 vasar\u0105 trankytis po Amerik\u0105 su cini\u0161kuoju paniur\u0117liu foto\u017eurnalistu \u0160eidu Kolbiu \u2013 ne pats maloniausias u\u017esi\u0117mimas. Bet jeigu jie nori i\u0161leisti i\u0161svajot\u0105j\u012f nuotrauk\u0173 album\u0105, teks i\u0161tverti. Porel\u0117 leid\u017eiasi \u012f kelion\u0119, abu ie\u0161ko savojo \u201eauksinio kadro\u201c. \u012etampa persmelkt\u0173 santyki\u0173 tyloje staiga suskamba pati gra\u017eiausia pasaulyje dviej\u0173 vieni\u0161\u0173 \u0161ird\u017ei\u0173 melodija.\" \/>\n<meta name=\"robots\" content=\"index, follow, max-snippet:-1, max-image-preview:large, max-video-preview:-1\" \/>\n<link rel=\"canonical\" href=\"https:\/\/skaitytaknyga.lt\/en\/produktas\/n-roberts-viena-vasara\/\" \/>\n<meta property=\"og:locale\" content=\"en_GB\" \/>\n<meta property=\"og:locale:alternate\" content=\"lt_LT\" \/>\n<meta property=\"og:type\" content=\"article\" \/>\n<meta property=\"og:title\" content=\"Vien\u0105 vasar\u0105\" \/>\n<meta property=\"og:description\" content=\"Populiaraus \u017eurnalo, ra\u0161an\u010dio apie visuomen\u0117s garsenybes, fotografei Brajenai Mi\u010del i\u0161 anksto ai\u0161ku, kad vis\u0105 vasar\u0105 trankytis po Amerik\u0105 su cini\u0161kuoju paniur\u0117liu foto\u017eurnalistu \u0160eidu Kolbiu \u2013 ne pats maloniausias u\u017esi\u0117mimas. Bet jeigu jie nori i\u0161leisti i\u0161svajot\u0105j\u012f nuotrauk\u0173 album\u0105, teks i\u0161tverti. Porel\u0117 leid\u017eiasi \u012f kelion\u0119, abu ie\u0161ko savojo \u201eauksinio kadro\u201c. \u012etampa persmelkt\u0173 santyki\u0173 tyloje staiga suskamba pati gra\u017eiausia pasaulyje dviej\u0173 vieni\u0161\u0173 \u0161ird\u017ei\u0173 melodija.\" \/>\n<meta property=\"og:url\" content=\"https:\/\/skaitytaknyga.lt\/en\/produktas\/n-roberts-viena-vasara\/\" \/>\n<meta property=\"og:site_name\" content=\"Skaitytaknyga\" \/>\n<meta property=\"article:publisher\" content=\"https:\/\/www.facebook.com\/skaitytaknyga\/\" \/>\n<meta property=\"article:modified_time\" content=\"2025-07-07T06:27:00+00:00\" \/>\n<meta property=\"og:image\" content=\"https:\/\/skaitytaknyga.lt\/wp-content\/uploads\/2024\/04\/000000000002176464-5b0be734c4fce-asset-knyguklubas-9786090303757_viena-vasara_2018.jpg\" \/>\n\t<meta property=\"og:image:width\" content=\"300\" \/>\n\t<meta property=\"og:image:height\" content=\"444\" \/>\n\t<meta property=\"og:image:type\" content=\"image\/jpeg\" \/>\n<meta name=\"twitter:card\" content=\"summary_large_image\" \/>\n<meta name=\"twitter:label1\" content=\"Estimated reading time\" \/>\n\t<meta name=\"twitter:data1\" content=\"1 minute\" \/>\n<script type=\"application\/ld+json\" class=\"yoast-schema-graph\">{\"@context\":\"https:\/\/schema.org\",\"@graph\":[{\"@type\":\"WebPage\",\"@id\":\"https:\/\/skaitytaknyga.lt\/produktas\/n-roberts-viena-vasara\/\",\"url\":\"https:\/\/skaitytaknyga.lt\/produktas\/n-roberts-viena-vasara\/\",\"name\":\"Vien\u0105 vasar\u0105\",\"isPartOf\":{\"@id\":\"https:\/\/skaitytaknyga.lt\/#website\"},\"primaryImageOfPage\":{\"@id\":\"https:\/\/skaitytaknyga.lt\/produktas\/n-roberts-viena-vasara\/#primaryimage\"},\"image\":{\"@id\":\"https:\/\/skaitytaknyga.lt\/produktas\/n-roberts-viena-vasara\/#primaryimage\"},\"thumbnailUrl\":\"https:\/\/skaitytaknyga.lt\/wp-content\/uploads\/2024\/04\/000000000002176464-5b0be734c4fce-asset-knyguklubas-9786090303757_viena-vasara_2018.jpg\",\"datePublished\":\"2024-04-17T13:54:32+00:00\",\"dateModified\":\"2025-07-07T06:27:00+00:00\",\"description\":\"Populiaraus \u017eurnalo, ra\u0161an\u010dio apie visuomen\u0117s garsenybes, fotografei Brajenai Mi\u010del i\u0161 anksto ai\u0161ku, kad vis\u0105 vasar\u0105 trankytis po Amerik\u0105 su cini\u0161kuoju paniur\u0117liu foto\u017eurnalistu \u0160eidu Kolbiu \u2013 ne pats maloniausias u\u017esi\u0117mimas. Bet jeigu jie nori i\u0161leisti i\u0161svajot\u0105j\u012f nuotrauk\u0173 album\u0105, teks i\u0161tverti. Porel\u0117 leid\u017eiasi \u012f kelion\u0119, abu ie\u0161ko savojo \u201eauksinio kadro\u201c. \u012etampa persmelkt\u0173 santyki\u0173 tyloje staiga suskamba pati gra\u017eiausia pasaulyje dviej\u0173 vieni\u0161\u0173 \u0161ird\u017ei\u0173 melodija.\",\"breadcrumb\":{\"@id\":\"https:\/\/skaitytaknyga.lt\/produktas\/n-roberts-viena-vasara\/#breadcrumb\"},\"inLanguage\":\"en-GB\",\"potentialAction\":[{\"@type\":\"ReadAction\",\"target\":[\"https:\/\/skaitytaknyga.lt\/produktas\/n-roberts-viena-vasara\/\"]}]},{\"@type\":\"ImageObject\",\"inLanguage\":\"en-GB\",\"@id\":\"https:\/\/skaitytaknyga.lt\/produktas\/n-roberts-viena-vasara\/#primaryimage\",\"url\":\"https:\/\/skaitytaknyga.lt\/wp-content\/uploads\/2024\/04\/000000000002176464-5b0be734c4fce-asset-knyguklubas-9786090303757_viena-vasara_2018.jpg\",\"contentUrl\":\"https:\/\/skaitytaknyga.lt\/wp-content\/uploads\/2024\/04\/000000000002176464-5b0be734c4fce-asset-knyguklubas-9786090303757_viena-vasara_2018.jpg\",\"width\":300,\"height\":444},{\"@type\":\"BreadcrumbList\",\"@id\":\"https:\/\/skaitytaknyga.lt\/produktas\/n-roberts-viena-vasara\/#breadcrumb\",\"itemListElement\":[{\"@type\":\"ListItem\",\"position\":1,\"name\":\"Home\",\"item\":\"https:\/\/skaitytaknyga.lt\/\"},{\"@type\":\"ListItem\",\"position\":2,\"name\":\"Parduotuv\u0117\",\"item\":\"https:\/\/skaitytaknyga.lt\/knygu-parduotuve\/\"},{\"@type\":\"ListItem\",\"position\":3,\"name\":\"Vien\u0105 vasar\u0105\"}]},{\"@type\":\"WebSite\",\"@id\":\"https:\/\/skaitytaknyga.lt\/#website\",\"url\":\"https:\/\/skaitytaknyga.lt\/\",\"name\":\"skaitytaknyga.lt\",\"description\":\"Skaitytaknyga.lt \u2013 tai ma\u017eas \u0161eimos verslas, kuris prasid\u0117jo nuo meil\u0117s knygoms ir siekio i\u0161gelb\u0117ti knygas nuo likimo prie konteinerio. Kas vienam nereikalingas daiktas \u2013 kitam lobis, o mes esame tarpininkai, kurie padeda abiems tapti laimingesniems ???? \u017dinome kaip nelengva i\u0161gyventi ma\u017eiems verslams, tad nuo \u0161iol, \u010dia rasite ir kit\u0173, ma\u017e\u0173 \u0161eim\u0173 versl\u0173, rank\u0173 darbo, dovan\u0173 sau ir artimiesiems.\",\"publisher\":{\"@id\":\"https:\/\/skaitytaknyga.lt\/#organization\"},\"potentialAction\":[{\"@type\":\"SearchAction\",\"target\":{\"@type\":\"EntryPoint\",\"urlTemplate\":\"https:\/\/skaitytaknyga.lt\/?s={search_term_string}\"},\"query-input\":{\"@type\":\"PropertyValueSpecification\",\"valueRequired\":true,\"valueName\":\"search_term_string\"}}],\"inLanguage\":\"en-GB\"},{\"@type\":\"Organization\",\"@id\":\"https:\/\/skaitytaknyga.lt\/#organization\",\"name\":\"skaitytaknyga.lt\",\"url\":\"https:\/\/skaitytaknyga.lt\/\",\"logo\":{\"@type\":\"ImageObject\",\"inLanguage\":\"en-GB\",\"@id\":\"https:\/\/skaitytaknyga.lt\/#\/schema\/logo\/image\/\",\"url\":\"https:\/\/skaitytaknyga.lt\/wp-content\/uploads\/2024\/05\/cropped-cropped-cropped-02_00843_jt3bggkj1j3HLc7SyY6rEUpg.jpeg\",\"contentUrl\":\"https:\/\/skaitytaknyga.lt\/wp-content\/uploads\/2024\/05\/cropped-cropped-cropped-02_00843_jt3bggkj1j3HLc7SyY6rEUpg.jpeg\",\"width\":1600,\"height\":1600,\"caption\":\"skaitytaknyga.lt\"},\"image\":{\"@id\":\"https:\/\/skaitytaknyga.lt\/#\/schema\/logo\/image\/\"},\"sameAs\":[\"https:\/\/www.facebook.com\/skaitytaknyga\/\"]}]}<\/script>\n<!-- \/ Yoast SEO plugin. -->","yoast_head_json":{"title":"Vien\u0105 vasar\u0105","description":"Populiaraus \u017eurnalo, ra\u0161an\u010dio apie visuomen\u0117s garsenybes, fotografei Brajenai Mi\u010del i\u0161 anksto ai\u0161ku, kad vis\u0105 vasar\u0105 trankytis po Amerik\u0105 su cini\u0161kuoju paniur\u0117liu foto\u017eurnalistu \u0160eidu Kolbiu \u2013 ne pats maloniausias u\u017esi\u0117mimas. Bet jeigu jie nori i\u0161leisti i\u0161svajot\u0105j\u012f nuotrauk\u0173 album\u0105, teks i\u0161tverti. Porel\u0117 leid\u017eiasi \u012f kelion\u0119, abu ie\u0161ko savojo \u201eauksinio kadro\u201c. \u012etampa persmelkt\u0173 santyki\u0173 tyloje staiga suskamba pati gra\u017eiausia pasaulyje dviej\u0173 vieni\u0161\u0173 \u0161ird\u017ei\u0173 melodija.","robots":{"index":"index","follow":"follow","max-snippet":"max-snippet:-1","max-image-preview":"max-image-preview:large","max-video-preview":"max-video-preview:-1"},"canonical":"https:\/\/skaitytaknyga.lt\/en\/produktas\/n-roberts-viena-vasara\/","og_locale":"en_GB","og_type":"article","og_title":"[:lt]Vien\u0105 vasar\u0105[:] - Skaitytaknyga","og_description":"Populiaraus \u017eurnalo, ra\u0161an\u010dio apie visuomen\u0117s garsenybes, fotografei Brajenai Mi\u010del i\u0161 anksto ai\u0161ku, kad vis\u0105 vasar\u0105 trankytis po Amerik\u0105 su cini\u0161kuoju paniur\u0117liu foto\u017eurnalistu \u0160eidu Kolbiu \u2013 ne pats maloniausias u\u017esi\u0117mimas. Bet jeigu jie nori i\u0161leisti i\u0161svajot\u0105j\u012f nuotrauk\u0173 album\u0105, teks i\u0161tverti. Porel\u0117 leid\u017eiasi \u012f kelion\u0119, abu ie\u0161ko savojo \u201eauksinio kadro\u201c. \u012etampa persmelkt\u0173 santyki\u0173 tyloje staiga suskamba pati gra\u017eiausia pasaulyje dviej\u0173 vieni\u0161\u0173 \u0161ird\u017ei\u0173 melodija.","og_url":"https:\/\/skaitytaknyga.lt\/en\/produktas\/n-roberts-viena-vasara\/","og_site_name":"Skaitytaknyga","article_publisher":"https:\/\/www.facebook.com\/skaitytaknyga\/","article_modified_time":"2025-07-07T06:27:00+00:00","og_image":[{"width":300,"height":444,"url":"https:\/\/skaitytaknyga.lt\/wp-content\/uploads\/2024\/04\/000000000002176464-5b0be734c4fce-asset-knyguklubas-9786090303757_viena-vasara_2018.jpg","type":"image\/jpeg"}],"twitter_card":"summary_large_image","twitter_misc":{"Estimated reading time":"1 minute"},"schema":{"@context":"https:\/\/schema.org","@graph":[{"@type":"WebPage","@id":"https:\/\/skaitytaknyga.lt\/produktas\/n-roberts-viena-vasara\/","url":"https:\/\/skaitytaknyga.lt\/produktas\/n-roberts-viena-vasara\/","name":"Vien\u0105 vasar\u0105","isPartOf":{"@id":"https:\/\/skaitytaknyga.lt\/#website"},"primaryImageOfPage":{"@id":"https:\/\/skaitytaknyga.lt\/produktas\/n-roberts-viena-vasara\/#primaryimage"},"image":{"@id":"https:\/\/skaitytaknyga.lt\/produktas\/n-roberts-viena-vasara\/#primaryimage"},"thumbnailUrl":"https:\/\/skaitytaknyga.lt\/wp-content\/uploads\/2024\/04\/000000000002176464-5b0be734c4fce-asset-knyguklubas-9786090303757_viena-vasara_2018.jpg","datePublished":"2024-04-17T13:54:32+00:00","dateModified":"2025-07-07T06:27:00+00:00","description":"Populiaraus \u017eurnalo, ra\u0161an\u010dio apie visuomen\u0117s garsenybes, fotografei Brajenai Mi\u010del i\u0161 anksto ai\u0161ku, kad vis\u0105 vasar\u0105 trankytis po Amerik\u0105 su cini\u0161kuoju paniur\u0117liu foto\u017eurnalistu \u0160eidu Kolbiu \u2013 ne pats maloniausias u\u017esi\u0117mimas. Bet jeigu jie nori i\u0161leisti i\u0161svajot\u0105j\u012f nuotrauk\u0173 album\u0105, teks i\u0161tverti. Porel\u0117 leid\u017eiasi \u012f kelion\u0119, abu ie\u0161ko savojo \u201eauksinio kadro\u201c. \u012etampa persmelkt\u0173 santyki\u0173 tyloje staiga suskamba pati gra\u017eiausia pasaulyje dviej\u0173 vieni\u0161\u0173 \u0161ird\u017ei\u0173 melodija.","breadcrumb":{"@id":"https:\/\/skaitytaknyga.lt\/produktas\/n-roberts-viena-vasara\/#breadcrumb"},"inLanguage":"en-GB","potentialAction":[{"@type":"ReadAction","target":["https:\/\/skaitytaknyga.lt\/produktas\/n-roberts-viena-vasara\/"]}]},{"@type":"ImageObject","inLanguage":"en-GB","@id":"https:\/\/skaitytaknyga.lt\/produktas\/n-roberts-viena-vasara\/#primaryimage","url":"https:\/\/skaitytaknyga.lt\/wp-content\/uploads\/2024\/04\/000000000002176464-5b0be734c4fce-asset-knyguklubas-9786090303757_viena-vasara_2018.jpg","contentUrl":"https:\/\/skaitytaknyga.lt\/wp-content\/uploads\/2024\/04\/000000000002176464-5b0be734c4fce-asset-knyguklubas-9786090303757_viena-vasara_2018.jpg","width":300,"height":444},{"@type":"BreadcrumbList","@id":"https:\/\/skaitytaknyga.lt\/produktas\/n-roberts-viena-vasara\/#breadcrumb","itemListElement":[{"@type":"ListItem","position":1,"name":"Home","item":"https:\/\/skaitytaknyga.lt\/"},{"@type":"ListItem","position":2,"name":"Parduotuv\u0117","item":"https:\/\/skaitytaknyga.lt\/knygu-parduotuve\/"},{"@type":"ListItem","position":3,"name":"Vien\u0105 vasar\u0105"}]},{"@type":"WebSite","@id":"https:\/\/skaitytaknyga.lt\/#website","url":"https:\/\/skaitytaknyga.lt\/","name":"skaitytaknyga.lt","description":"Skaitytaknyga.lt \u2013 tai ma\u017eas \u0161eimos verslas, kuris prasid\u0117jo nuo meil\u0117s knygoms ir siekio i\u0161gelb\u0117ti knygas nuo likimo prie konteinerio. Kas vienam nereikalingas daiktas \u2013 kitam lobis, o mes esame tarpininkai, kurie padeda abiems tapti laimingesniems ???? \u017dinome kaip nelengva i\u0161gyventi ma\u017eiems verslams, tad nuo \u0161iol, \u010dia rasite ir kit\u0173, ma\u017e\u0173 \u0161eim\u0173 versl\u0173, rank\u0173 darbo, dovan\u0173 sau ir artimiesiems.","publisher":{"@id":"https:\/\/skaitytaknyga.lt\/#organization"},"potentialAction":[{"@type":"SearchAction","target":{"@type":"EntryPoint","urlTemplate":"https:\/\/skaitytaknyga.lt\/?s={search_term_string}"},"query-input":{"@type":"PropertyValueSpecification","valueRequired":true,"valueName":"search_term_string"}}],"inLanguage":"en-GB"},{"@type":"Organization","@id":"https:\/\/skaitytaknyga.lt\/#organization","name":"skaitytaknyga.lt","url":"https:\/\/skaitytaknyga.lt\/","logo":{"@type":"ImageObject","inLanguage":"en-GB","@id":"https:\/\/skaitytaknyga.lt\/#\/schema\/logo\/image\/","url":"https:\/\/skaitytaknyga.lt\/wp-content\/uploads\/2024\/05\/cropped-cropped-cropped-02_00843_jt3bggkj1j3HLc7SyY6rEUpg.jpeg","contentUrl":"https:\/\/skaitytaknyga.lt\/wp-content\/uploads\/2024\/05\/cropped-cropped-cropped-02_00843_jt3bggkj1j3HLc7SyY6rEUpg.jpeg","width":1600,"height":1600,"caption":"skaitytaknyga.lt"},"image":{"@id":"https:\/\/skaitytaknyga.lt\/#\/schema\/logo\/image\/"},"sameAs":["https:\/\/www.facebook.com\/skaitytaknyga\/"]}]}},"_links":{"self":[{"href":"https:\/\/skaitytaknyga.lt\/en\/wp-json\/wp\/v2\/product\/4760","targetHints":{"allow":["GET"]}}],"collection":[{"href":"https:\/\/skaitytaknyga.lt\/en\/wp-json\/wp\/v2\/product"}],"about":[{"href":"https:\/\/skaitytaknyga.lt\/en\/wp-json\/wp\/v2\/types\/product"}],"replies":[{"embeddable":true,"href":"https:\/\/skaitytaknyga.lt\/en\/wp-json\/wp\/v2\/comments?post=4760"}],"wp:featuredmedia":[{"embeddable":true,"href":"https:\/\/skaitytaknyga.lt\/en\/wp-json\/wp\/v2\/media\/4799"}],"wp:attachment":[{"href":"https:\/\/skaitytaknyga.lt\/en\/wp-json\/wp\/v2\/media?parent=4760"}],"wp:term":[{"taxonomy":"product_brand","embeddable":true,"href":"https:\/\/skaitytaknyga.lt\/en\/wp-json\/wp\/v2\/product_brand?post=4760"},{"taxonomy":"product_cat","embeddable":true,"href":"https:\/\/skaitytaknyga.lt\/en\/wp-json\/wp\/v2\/product_cat?post=4760"},{"taxonomy":"product_tag","embeddable":true,"href":"https:\/\/skaitytaknyga.lt\/en\/wp-json\/wp\/v2\/product_tag?post=4760"}],"curies":[{"name":"wp","href":"https:\/\/api.w.org\/{rel}","templated":true}]}}