{"id":4759,"date":"2024-04-17T13:54:32","date_gmt":"2024-04-17T13:54:32","guid":{"rendered":"https:\/\/skaitytaknyga.lt\/?post_type=product&#038;p=4759"},"modified":"2026-03-02T11:34:27","modified_gmt":"2026-03-02T09:34:27","slug":"s-brown-vienudu","status":"publish","type":"product","link":"https:\/\/skaitytaknyga.lt\/en\/produktas\/s-brown-vienudu\/","title":{"rendered":"S. Brown \u201eVienudu\u201c"},"content":{"rendered":"<div class=\"tab-content col-xs-12\">\n<div id=\"tab-description\" class=\"tab-pane active\">\n<div id=\"collapse-description\" class=\"desc-collapse\">\n<div>L\u0117ktuvui sudu\u017eus Kanados mi\u0161k\u0173 platyb\u0117se, dviem nepa\u017e\u012fstamiesiems belieka kliautis vienas kitu. Su\u017eeista ir persigandusi Rast\u0117 Karlson atsiduria viena su bauginan\u010diu vyru. Ta\u010diau ji supranta: be jo nei\u0161gyvens n\u0117 dienos laukin\u0117je gamtoje. Vietnamo karo veteranas Kuperis Landris giliai \u0161irdyje ne\u0161iojasi nuoskaud\u0105 ir grie\u017eia dant\u012f ant daili\u0173 turting\u0173 moter\u0173, toki\u0173 kaip Rast\u0117. \u017davi jauna verslinink\u0117 \u2013 jam tik erzinanti na\u0161ta.<\/div>\n<div><\/div>\n<div>Tankiame mi\u0161ke tyko pavojai, o ir aplinkyb\u0117s susiklosto ne j\u0173 naudai. Sunkumus Rast\u0117 su Kuperiu gali \u012fveikti, bet jie visi\u0161kai nesitiki u\u017esigeisi\u0105 \u0161io to daugiau nei vien i\u0161gyventi&#8230;<\/div>\n<\/div>\n<\/div>\n<\/div>\n","protected":false},"excerpt":{"rendered":"<div class=\"tab-content col-xs-12\">\n<div id=\"tab-description\" class=\"tab-pane active\">\n<div id=\"collapse-description\" class=\"desc-collapse\">\n<div>L\u0117ktuvui sudu\u017eus Kanados mi\u0161k\u0173 platyb\u0117se, dviem nepa\u017e\u012fstamiesiems belieka kliautis vienas kitu. Su\u017eeista ir persigandusi Rast\u0117 Karlson atsiduria viena su bauginan\u010diu vyru. Ta\u010diau ji supranta: be jo nei\u0161gyvens n\u0117 dienos laukin\u0117je gamtoje. Vietnamo karo veteranas Kuperis Landris giliai \u0161irdyje ne\u0161iojasi nuoskaud\u0105 ir grie\u017eia dant\u012f ant daili\u0173 turting\u0173 moter\u0173, toki\u0173 kaip Rast\u0117. \u017davi jauna verslinink\u0117 \u2013 jam tik erzinanti na\u0161ta.<\/div>\n<div><\/div>\n<div>Tankiame mi\u0161ke tyko pavojai, o ir aplinkyb\u0117s susiklosto ne j\u0173 naudai. Sunkumus Rast\u0117 su Kuperiu gali \u012fveikti, bet jie visi\u0161kai nesitiki u\u017esigeisi\u0105 \u0161io to daugiau nei vien i\u0161gyventi&#8230;<\/div>\n<\/div>\n<\/div>\n<\/div>\n","protected":false},"featured_media":4798,"comment_status":"closed","ping_status":"closed","template":"","meta":{"_acf_changed":false,"site-sidebar-layout":"default","site-content-layout":"","ast-site-content-layout":"default","site-content-style":"default","site-sidebar-style":"default","ast-global-header-display":"","ast-banner-title-visibility":"","ast-main-header-display":"","ast-hfb-above-header-display":"","ast-hfb-below-header-display":"","ast-hfb-mobile-header-display":"","site-post-title":"","ast-breadcrumbs-content":"","ast-featured-img":"","footer-sml-layout":"","ast-disable-related-posts":"","theme-transparent-header-meta":"","adv-header-id-meta":"","stick-header-meta":"","header-above-stick-meta":"","header-main-stick-meta":"","header-below-stick-meta":"","astra-migrate-meta-layouts":"default","ast-page-background-enabled":"default","ast-page-background-meta":{"desktop":{"background-color":"","background-image":"","background-repeat":"repeat","background-position":"center center","background-size":"auto","background-attachment":"scroll","background-type":"","background-media":"","overlay-type":"","overlay-color":"","overlay-opacity":"","overlay-gradient":""},"tablet":{"background-color":"","background-image":"","background-repeat":"repeat","background-position":"center center","background-size":"auto","background-attachment":"scroll","background-type":"","background-media":"","overlay-type":"","overlay-color":"","overlay-opacity":"","overlay-gradient":""},"mobile":{"background-color":"","background-image":"","background-repeat":"repeat","background-position":"center center","background-size":"auto","background-attachment":"scroll","background-type":"","background-media":"","overlay-type":"","overlay-color":"","overlay-opacity":"","overlay-gradient":""}},"ast-content-background-meta":{"desktop":{"background-color":"var(--ast-global-color-4)","background-image":"","background-repeat":"repeat","background-position":"center center","background-size":"auto","background-attachment":"scroll","background-type":"","background-media":"","overlay-type":"","overlay-color":"","overlay-opacity":"","overlay-gradient":""},"tablet":{"background-color":"var(--ast-global-color-4)","background-image":"","background-repeat":"repeat","background-position":"center center","background-size":"auto","background-attachment":"scroll","background-type":"","background-media":"","overlay-type":"","overlay-color":"","overlay-opacity":"","overlay-gradient":""},"mobile":{"background-color":"var(--ast-global-color-4)","background-image":"","background-repeat":"repeat","background-position":"center center","background-size":"auto","background-attachment":"scroll","background-type":"","background-media":"","overlay-type":"","overlay-color":"","overlay-opacity":"","overlay-gradient":""}}},"product_brand":[],"product_cat":[31],"product_tag":[6649],"class_list":{"0":"post-4759","1":"product","2":"type-product","3":"status-publish","4":"has-post-thumbnail","6":"product_cat-grozine-literatura","7":"product_tag-sandra-brown","8":"pa_leidimo-metai-645","9":"desktop-align-left","10":"tablet-align-left","11":"mobile-align-left","13":"first","14":"instock","15":"shipping-taxable","16":"purchasable","17":"product-type-simple"},"acf":[],"yoast_head":"<!-- This site is optimized with the Yoast SEO plugin v27.0 - https:\/\/yoast.com\/product\/yoast-seo-wordpress\/ -->\n<title>S. Brown \u201eVienudu\u201c - Skaitytaknyga<\/title>\n<meta name=\"description\" content=\"L\u0117ktuvui sudu\u017eus Kanados mi\u0161k\u0173 platyb\u0117se, dviem nepa\u017e\u012fstamiesiems belieka kliautis vienas kitu. Su\u017eeista ir persigandusi Rast\u0117 Karlson atsiduria viena su bauginan\u010diu vyru. Ta\u010diau ji supranta: be jo nei\u0161gyvens n\u0117 dienos laukin\u0117je gamtoje. Vietnamo karo veteranas Kuperis Landris giliai \u0161irdyje ne\u0161iojasi nuoskaud\u0105 ir grie\u017eia dant\u012f ant daili\u0173 turting\u0173 moter\u0173, toki\u0173 kaip Rast\u0117. \u017davi jauna verslinink\u0117 \u2013 jam tik erzinanti na\u0161ta.  Tankiame mi\u0161ke tyko pavojai, o ir aplinkyb\u0117s susiklosto ne j\u0173 naudai. Sunkumus Rast\u0117 su Kuperiu gali \u012fveikti, bet jie visi\u0161kai nesitiki u\u017esigeisi\u0105 \u0161io to daugiau nei vien i\u0161gyventi...\" \/>\n<meta name=\"robots\" content=\"index, follow, max-snippet:-1, max-image-preview:large, max-video-preview:-1\" \/>\n<link rel=\"canonical\" href=\"https:\/\/skaitytaknyga.lt\/en\/produktas\/s-brown-vienudu\/\" \/>\n<meta property=\"og:locale\" content=\"en_GB\" \/>\n<meta property=\"og:locale:alternate\" content=\"lt_LT\" \/>\n<meta property=\"og:type\" content=\"article\" \/>\n<meta property=\"og:title\" content=\"S. Brown \u201eVienudu\u201c - Skaitytaknyga\" \/>\n<meta property=\"og:description\" content=\"L\u0117ktuvui sudu\u017eus Kanados mi\u0161k\u0173 platyb\u0117se, dviem nepa\u017e\u012fstamiesiems belieka kliautis vienas kitu. Su\u017eeista ir persigandusi Rast\u0117 Karlson atsiduria viena su bauginan\u010diu vyru. Ta\u010diau ji supranta: be jo nei\u0161gyvens n\u0117 dienos laukin\u0117je gamtoje. Vietnamo karo veteranas Kuperis Landris giliai \u0161irdyje ne\u0161iojasi nuoskaud\u0105 ir grie\u017eia dant\u012f ant daili\u0173 turting\u0173 moter\u0173, toki\u0173 kaip Rast\u0117. \u017davi jauna verslinink\u0117 \u2013 jam tik erzinanti na\u0161ta.  Tankiame mi\u0161ke tyko pavojai, o ir aplinkyb\u0117s susiklosto ne j\u0173 naudai. Sunkumus Rast\u0117 su Kuperiu gali \u012fveikti, bet jie visi\u0161kai nesitiki u\u017esigeisi\u0105 \u0161io to daugiau nei vien i\u0161gyventi...\" \/>\n<meta property=\"og:url\" content=\"https:\/\/skaitytaknyga.lt\/en\/produktas\/s-brown-vienudu\/\" \/>\n<meta property=\"og:site_name\" content=\"Skaitytaknyga\" \/>\n<meta property=\"article:publisher\" content=\"https:\/\/www.facebook.com\/skaitytaknyga\/\" \/>\n<meta property=\"article:modified_time\" content=\"2026-03-02T09:34:27+00:00\" \/>\n<meta property=\"og:image\" content=\"https:\/\/skaitytaknyga.lt\/wp-content\/uploads\/2024\/04\/000000000002179275-5c2dcceee7fe3-asset-knyguklubas-9786090304471_vienudu_2019-1.jpg\" \/>\n\t<meta property=\"og:image:width\" content=\"300\" \/>\n\t<meta property=\"og:image:height\" content=\"443\" \/>\n\t<meta property=\"og:image:type\" content=\"image\/jpeg\" \/>\n<meta name=\"twitter:card\" content=\"summary_large_image\" \/>\n<meta name=\"twitter:label1\" content=\"Estimated reading time\" \/>\n\t<meta name=\"twitter:data1\" content=\"1 minute\" \/>\n<script type=\"application\/ld+json\" class=\"yoast-schema-graph\">{\"@context\":\"https:\/\/schema.org\",\"@graph\":[{\"@type\":\"WebPage\",\"@id\":\"https:\/\/skaitytaknyga.lt\/produktas\/s-brown-vienudu\/\",\"url\":\"https:\/\/skaitytaknyga.lt\/produktas\/s-brown-vienudu\/\",\"name\":\"S. Brown \u201eVienudu\u201c - Skaitytaknyga\",\"isPartOf\":{\"@id\":\"https:\/\/skaitytaknyga.lt\/#website\"},\"primaryImageOfPage\":{\"@id\":\"https:\/\/skaitytaknyga.lt\/produktas\/s-brown-vienudu\/#primaryimage\"},\"image\":{\"@id\":\"https:\/\/skaitytaknyga.lt\/produktas\/s-brown-vienudu\/#primaryimage\"},\"thumbnailUrl\":\"https:\/\/skaitytaknyga.lt\/wp-content\/uploads\/2024\/04\/000000000002179275-5c2dcceee7fe3-asset-knyguklubas-9786090304471_vienudu_2019-1.jpg\",\"datePublished\":\"2024-04-17T13:54:32+00:00\",\"dateModified\":\"2026-03-02T09:34:27+00:00\",\"description\":\"L\u0117ktuvui sudu\u017eus Kanados mi\u0161k\u0173 platyb\u0117se, dviem nepa\u017e\u012fstamiesiems belieka kliautis vienas kitu. Su\u017eeista ir persigandusi Rast\u0117 Karlson atsiduria viena su bauginan\u010diu vyru. Ta\u010diau ji supranta: be jo nei\u0161gyvens n\u0117 dienos laukin\u0117je gamtoje. Vietnamo karo veteranas Kuperis Landris giliai \u0161irdyje ne\u0161iojasi nuoskaud\u0105 ir grie\u017eia dant\u012f ant daili\u0173 turting\u0173 moter\u0173, toki\u0173 kaip Rast\u0117. \u017davi jauna verslinink\u0117 \u2013 jam tik erzinanti na\u0161ta. Tankiame mi\u0161ke tyko pavojai, o ir aplinkyb\u0117s susiklosto ne j\u0173 naudai. Sunkumus Rast\u0117 su Kuperiu gali \u012fveikti, bet jie visi\u0161kai nesitiki u\u017esigeisi\u0105 \u0161io to daugiau nei vien i\u0161gyventi...\",\"breadcrumb\":{\"@id\":\"https:\/\/skaitytaknyga.lt\/produktas\/s-brown-vienudu\/#breadcrumb\"},\"inLanguage\":\"en-GB\",\"potentialAction\":[{\"@type\":\"ReadAction\",\"target\":[\"https:\/\/skaitytaknyga.lt\/produktas\/s-brown-vienudu\/\"]}]},{\"@type\":\"ImageObject\",\"inLanguage\":\"en-GB\",\"@id\":\"https:\/\/skaitytaknyga.lt\/produktas\/s-brown-vienudu\/#primaryimage\",\"url\":\"https:\/\/skaitytaknyga.lt\/wp-content\/uploads\/2024\/04\/000000000002179275-5c2dcceee7fe3-asset-knyguklubas-9786090304471_vienudu_2019-1.jpg\",\"contentUrl\":\"https:\/\/skaitytaknyga.lt\/wp-content\/uploads\/2024\/04\/000000000002179275-5c2dcceee7fe3-asset-knyguklubas-9786090304471_vienudu_2019-1.jpg\",\"width\":300,\"height\":443},{\"@type\":\"BreadcrumbList\",\"@id\":\"https:\/\/skaitytaknyga.lt\/produktas\/s-brown-vienudu\/#breadcrumb\",\"itemListElement\":[{\"@type\":\"ListItem\",\"position\":1,\"name\":\"Home\",\"item\":\"https:\/\/skaitytaknyga.lt\/\"},{\"@type\":\"ListItem\",\"position\":2,\"name\":\"Parduotuv\u0117\",\"item\":\"https:\/\/skaitytaknyga.lt\/knygu-parduotuve\/\"},{\"@type\":\"ListItem\",\"position\":3,\"name\":\"S. Brown \u201eVienudu\u201c\"}]},{\"@type\":\"WebSite\",\"@id\":\"https:\/\/skaitytaknyga.lt\/#website\",\"url\":\"https:\/\/skaitytaknyga.lt\/\",\"name\":\"skaitytaknyga.lt\",\"description\":\"Skaitytaknyga.lt \u2013 tai ma\u017eas \u0161eimos verslas, kuris prasid\u0117jo nuo meil\u0117s knygoms ir siekio i\u0161gelb\u0117ti knygas nuo likimo prie konteinerio. Kas vienam nereikalingas daiktas \u2013 kitam lobis, o mes esame tarpininkai, kurie padeda abiems tapti laimingesniems ???? \u017dinome kaip nelengva i\u0161gyventi ma\u017eiems verslams, tad nuo \u0161iol, \u010dia rasite ir kit\u0173, ma\u017e\u0173 \u0161eim\u0173 versl\u0173, rank\u0173 darbo, dovan\u0173 sau ir artimiesiems.\",\"publisher\":{\"@id\":\"https:\/\/skaitytaknyga.lt\/#organization\"},\"potentialAction\":[{\"@type\":\"SearchAction\",\"target\":{\"@type\":\"EntryPoint\",\"urlTemplate\":\"https:\/\/skaitytaknyga.lt\/?s={search_term_string}\"},\"query-input\":{\"@type\":\"PropertyValueSpecification\",\"valueRequired\":true,\"valueName\":\"search_term_string\"}}],\"inLanguage\":\"en-GB\"},{\"@type\":\"Organization\",\"@id\":\"https:\/\/skaitytaknyga.lt\/#organization\",\"name\":\"skaitytaknyga.lt\",\"url\":\"https:\/\/skaitytaknyga.lt\/\",\"logo\":{\"@type\":\"ImageObject\",\"inLanguage\":\"en-GB\",\"@id\":\"https:\/\/skaitytaknyga.lt\/#\/schema\/logo\/image\/\",\"url\":\"https:\/\/skaitytaknyga.lt\/wp-content\/uploads\/2024\/05\/cropped-cropped-cropped-02_00843_jt3bggkj1j3HLc7SyY6rEUpg.jpeg\",\"contentUrl\":\"https:\/\/skaitytaknyga.lt\/wp-content\/uploads\/2024\/05\/cropped-cropped-cropped-02_00843_jt3bggkj1j3HLc7SyY6rEUpg.jpeg\",\"width\":1600,\"height\":1600,\"caption\":\"skaitytaknyga.lt\"},\"image\":{\"@id\":\"https:\/\/skaitytaknyga.lt\/#\/schema\/logo\/image\/\"},\"sameAs\":[\"https:\/\/www.facebook.com\/skaitytaknyga\/\"]}]}<\/script>\n<!-- \/ Yoast SEO plugin. -->","yoast_head_json":{"title":"S. Brown \u201eVienudu\u201c - Skaitytaknyga","description":"L\u0117ktuvui sudu\u017eus Kanados mi\u0161k\u0173 platyb\u0117se, dviem nepa\u017e\u012fstamiesiems belieka kliautis vienas kitu. Su\u017eeista ir persigandusi Rast\u0117 Karlson atsiduria viena su bauginan\u010diu vyru. Ta\u010diau ji supranta: be jo nei\u0161gyvens n\u0117 dienos laukin\u0117je gamtoje. Vietnamo karo veteranas Kuperis Landris giliai \u0161irdyje ne\u0161iojasi nuoskaud\u0105 ir grie\u017eia dant\u012f ant daili\u0173 turting\u0173 moter\u0173, toki\u0173 kaip Rast\u0117. \u017davi jauna verslinink\u0117 \u2013 jam tik erzinanti na\u0161ta.  Tankiame mi\u0161ke tyko pavojai, o ir aplinkyb\u0117s susiklosto ne j\u0173 naudai. Sunkumus Rast\u0117 su Kuperiu gali \u012fveikti, bet jie visi\u0161kai nesitiki u\u017esigeisi\u0105 \u0161io to daugiau nei vien i\u0161gyventi...","robots":{"index":"index","follow":"follow","max-snippet":"max-snippet:-1","max-image-preview":"max-image-preview:large","max-video-preview":"max-video-preview:-1"},"canonical":"https:\/\/skaitytaknyga.lt\/en\/produktas\/s-brown-vienudu\/","og_locale":"en_GB","og_type":"article","og_title":"S. Brown \u201eVienudu\u201c - Skaitytaknyga","og_description":"L\u0117ktuvui sudu\u017eus Kanados mi\u0161k\u0173 platyb\u0117se, dviem nepa\u017e\u012fstamiesiems belieka kliautis vienas kitu. Su\u017eeista ir persigandusi Rast\u0117 Karlson atsiduria viena su bauginan\u010diu vyru. Ta\u010diau ji supranta: be jo nei\u0161gyvens n\u0117 dienos laukin\u0117je gamtoje. Vietnamo karo veteranas Kuperis Landris giliai \u0161irdyje ne\u0161iojasi nuoskaud\u0105 ir grie\u017eia dant\u012f ant daili\u0173 turting\u0173 moter\u0173, toki\u0173 kaip Rast\u0117. \u017davi jauna verslinink\u0117 \u2013 jam tik erzinanti na\u0161ta.  Tankiame mi\u0161ke tyko pavojai, o ir aplinkyb\u0117s susiklosto ne j\u0173 naudai. Sunkumus Rast\u0117 su Kuperiu gali \u012fveikti, bet jie visi\u0161kai nesitiki u\u017esigeisi\u0105 \u0161io to daugiau nei vien i\u0161gyventi...","og_url":"https:\/\/skaitytaknyga.lt\/en\/produktas\/s-brown-vienudu\/","og_site_name":"Skaitytaknyga","article_publisher":"https:\/\/www.facebook.com\/skaitytaknyga\/","article_modified_time":"2026-03-02T09:34:27+00:00","og_image":[{"width":300,"height":443,"url":"https:\/\/skaitytaknyga.lt\/wp-content\/uploads\/2024\/04\/000000000002179275-5c2dcceee7fe3-asset-knyguklubas-9786090304471_vienudu_2019-1.jpg","type":"image\/jpeg"}],"twitter_card":"summary_large_image","twitter_misc":{"Estimated reading time":"1 minute"},"schema":{"@context":"https:\/\/schema.org","@graph":[{"@type":"WebPage","@id":"https:\/\/skaitytaknyga.lt\/produktas\/s-brown-vienudu\/","url":"https:\/\/skaitytaknyga.lt\/produktas\/s-brown-vienudu\/","name":"S. Brown \u201eVienudu\u201c - Skaitytaknyga","isPartOf":{"@id":"https:\/\/skaitytaknyga.lt\/#website"},"primaryImageOfPage":{"@id":"https:\/\/skaitytaknyga.lt\/produktas\/s-brown-vienudu\/#primaryimage"},"image":{"@id":"https:\/\/skaitytaknyga.lt\/produktas\/s-brown-vienudu\/#primaryimage"},"thumbnailUrl":"https:\/\/skaitytaknyga.lt\/wp-content\/uploads\/2024\/04\/000000000002179275-5c2dcceee7fe3-asset-knyguklubas-9786090304471_vienudu_2019-1.jpg","datePublished":"2024-04-17T13:54:32+00:00","dateModified":"2026-03-02T09:34:27+00:00","description":"L\u0117ktuvui sudu\u017eus Kanados mi\u0161k\u0173 platyb\u0117se, dviem nepa\u017e\u012fstamiesiems belieka kliautis vienas kitu. Su\u017eeista ir persigandusi Rast\u0117 Karlson atsiduria viena su bauginan\u010diu vyru. Ta\u010diau ji supranta: be jo nei\u0161gyvens n\u0117 dienos laukin\u0117je gamtoje. Vietnamo karo veteranas Kuperis Landris giliai \u0161irdyje ne\u0161iojasi nuoskaud\u0105 ir grie\u017eia dant\u012f ant daili\u0173 turting\u0173 moter\u0173, toki\u0173 kaip Rast\u0117. \u017davi jauna verslinink\u0117 \u2013 jam tik erzinanti na\u0161ta. Tankiame mi\u0161ke tyko pavojai, o ir aplinkyb\u0117s susiklosto ne j\u0173 naudai. Sunkumus Rast\u0117 su Kuperiu gali \u012fveikti, bet jie visi\u0161kai nesitiki u\u017esigeisi\u0105 \u0161io to daugiau nei vien i\u0161gyventi...","breadcrumb":{"@id":"https:\/\/skaitytaknyga.lt\/produktas\/s-brown-vienudu\/#breadcrumb"},"inLanguage":"en-GB","potentialAction":[{"@type":"ReadAction","target":["https:\/\/skaitytaknyga.lt\/produktas\/s-brown-vienudu\/"]}]},{"@type":"ImageObject","inLanguage":"en-GB","@id":"https:\/\/skaitytaknyga.lt\/produktas\/s-brown-vienudu\/#primaryimage","url":"https:\/\/skaitytaknyga.lt\/wp-content\/uploads\/2024\/04\/000000000002179275-5c2dcceee7fe3-asset-knyguklubas-9786090304471_vienudu_2019-1.jpg","contentUrl":"https:\/\/skaitytaknyga.lt\/wp-content\/uploads\/2024\/04\/000000000002179275-5c2dcceee7fe3-asset-knyguklubas-9786090304471_vienudu_2019-1.jpg","width":300,"height":443},{"@type":"BreadcrumbList","@id":"https:\/\/skaitytaknyga.lt\/produktas\/s-brown-vienudu\/#breadcrumb","itemListElement":[{"@type":"ListItem","position":1,"name":"Home","item":"https:\/\/skaitytaknyga.lt\/"},{"@type":"ListItem","position":2,"name":"Parduotuv\u0117","item":"https:\/\/skaitytaknyga.lt\/knygu-parduotuve\/"},{"@type":"ListItem","position":3,"name":"S. Brown \u201eVienudu\u201c"}]},{"@type":"WebSite","@id":"https:\/\/skaitytaknyga.lt\/#website","url":"https:\/\/skaitytaknyga.lt\/","name":"skaitytaknyga.lt","description":"Skaitytaknyga.lt \u2013 tai ma\u017eas \u0161eimos verslas, kuris prasid\u0117jo nuo meil\u0117s knygoms ir siekio i\u0161gelb\u0117ti knygas nuo likimo prie konteinerio. Kas vienam nereikalingas daiktas \u2013 kitam lobis, o mes esame tarpininkai, kurie padeda abiems tapti laimingesniems ???? \u017dinome kaip nelengva i\u0161gyventi ma\u017eiems verslams, tad nuo \u0161iol, \u010dia rasite ir kit\u0173, ma\u017e\u0173 \u0161eim\u0173 versl\u0173, rank\u0173 darbo, dovan\u0173 sau ir artimiesiems.","publisher":{"@id":"https:\/\/skaitytaknyga.lt\/#organization"},"potentialAction":[{"@type":"SearchAction","target":{"@type":"EntryPoint","urlTemplate":"https:\/\/skaitytaknyga.lt\/?s={search_term_string}"},"query-input":{"@type":"PropertyValueSpecification","valueRequired":true,"valueName":"search_term_string"}}],"inLanguage":"en-GB"},{"@type":"Organization","@id":"https:\/\/skaitytaknyga.lt\/#organization","name":"skaitytaknyga.lt","url":"https:\/\/skaitytaknyga.lt\/","logo":{"@type":"ImageObject","inLanguage":"en-GB","@id":"https:\/\/skaitytaknyga.lt\/#\/schema\/logo\/image\/","url":"https:\/\/skaitytaknyga.lt\/wp-content\/uploads\/2024\/05\/cropped-cropped-cropped-02_00843_jt3bggkj1j3HLc7SyY6rEUpg.jpeg","contentUrl":"https:\/\/skaitytaknyga.lt\/wp-content\/uploads\/2024\/05\/cropped-cropped-cropped-02_00843_jt3bggkj1j3HLc7SyY6rEUpg.jpeg","width":1600,"height":1600,"caption":"skaitytaknyga.lt"},"image":{"@id":"https:\/\/skaitytaknyga.lt\/#\/schema\/logo\/image\/"},"sameAs":["https:\/\/www.facebook.com\/skaitytaknyga\/"]}]}},"_links":{"self":[{"href":"https:\/\/skaitytaknyga.lt\/en\/wp-json\/wp\/v2\/product\/4759","targetHints":{"allow":["GET"]}}],"collection":[{"href":"https:\/\/skaitytaknyga.lt\/en\/wp-json\/wp\/v2\/product"}],"about":[{"href":"https:\/\/skaitytaknyga.lt\/en\/wp-json\/wp\/v2\/types\/product"}],"replies":[{"embeddable":true,"href":"https:\/\/skaitytaknyga.lt\/en\/wp-json\/wp\/v2\/comments?post=4759"}],"wp:featuredmedia":[{"embeddable":true,"href":"https:\/\/skaitytaknyga.lt\/en\/wp-json\/wp\/v2\/media\/4798"}],"wp:attachment":[{"href":"https:\/\/skaitytaknyga.lt\/en\/wp-json\/wp\/v2\/media?parent=4759"}],"wp:term":[{"taxonomy":"product_brand","embeddable":true,"href":"https:\/\/skaitytaknyga.lt\/en\/wp-json\/wp\/v2\/product_brand?post=4759"},{"taxonomy":"product_cat","embeddable":true,"href":"https:\/\/skaitytaknyga.lt\/en\/wp-json\/wp\/v2\/product_cat?post=4759"},{"taxonomy":"product_tag","embeddable":true,"href":"https:\/\/skaitytaknyga.lt\/en\/wp-json\/wp\/v2\/product_tag?post=4759"}],"curies":[{"name":"wp","href":"https:\/\/api.w.org\/{rel}","templated":true}]}}