{"id":4753,"date":"2024-04-17T13:54:32","date_gmt":"2024-04-17T13:54:32","guid":{"rendered":"https:\/\/skaitytaknyga.lt\/?post_type=product&#038;p=4753"},"modified":"2024-10-26T23:29:17","modified_gmt":"2024-10-26T20:29:17","slug":"viskas-apie-skrebinima-seimos-albumas","status":"publish","type":"product","link":"https:\/\/skaitytaknyga.lt\/en\/produktas\/viskas-apie-skrebinima-seimos-albumas\/","title":{"rendered":"Viskas apie skrebinim\u0105. \u0160eimos albumas"},"content":{"rendered":"<p>Net 24 orginalios technikos<\/p>\n<p>Du hobiai viename: skrebinimas ir genealogija!<\/p>\n<p>Ko gero, nerastume \u0161eimos, kuri netur\u0117t\u0173 nuotrauk\u0173 albumo. Kai kada prie mums brangi\u0173 fotografij\u0173 atgula visokius gyvenimo \u012fvykius primenantys daikteliai, sveikinimo atvirukai, lai\u0161keliai, plauk\u0173 sruogos ir pana\u0161iai. Kad jie likt\u0173 brang\u016bs ne tik mums, bet ir ateinan\u010dioms kartoms, savo istorij\u0105 galima \u012fam\u017einti skrebukuose \u2013 nuostabiuose \u0161eimos albumuose, kurie perduoda ne tik informacij\u0105, bet ir jausmus, reik\u0161mingiausius gimin\u0117s momentus istorijos kontekste.<\/p>\n<p>Surinkite proseneli\u0173 nuotraukas, senuosius dokumentus, t\u0117v\u0173 lai\u0161kus, \u012fvarius liudijimus, artim\u0173j\u0173 pasakojimus \u2013 kiekvien\u0105 sr\u016bvan\u010dio laiko gair\u0119 \u2013 ir sukurkite nuostab\u0173 gimin\u0117s genealogijos album\u0105, kur\u012f, kaip meno ir istorijos k\u016brin\u012f, brangins ne tik vaikai, bet ir vaikai\u010diai. Genealog\u0117s, lektor\u0117s, keli\u0173 knyg\u0173 apie skrebinim\u0105 autor\u0117s Lauros Best knygoje viskas, ko reikia kaupiant ir \u012fam\u017einant savo \u0161eimos istorij\u0105:<\/p>\n<p>\u2022 Skrebinimo med\u017eiagos paruo\u0161imas ir sisteminimas<\/p>\n<p>\u2022 Originalios albumo d\u0117liojimo schemos<\/p>\n<p>\u2022 \u012evairios skrebinio puslapio technikos<\/p>\n<p>\u2022 Album\u0173 tem\u0173 id\u0117jos<\/p>\n<p>\u2022 Praktiniai patarimai ir pastabos<\/p>\n","protected":false},"excerpt":{"rendered":"<p>Net 24 orginalios technikos<\/p>\n<p>Du hobiai viename: skrebinimas ir genealogija!<\/p>\n<p>Ko gero, nerastume \u0161eimos, kuri netur\u0117t\u0173 nuotrauk\u0173 albumo. Kai kada prie mums brangi\u0173 fotografij\u0173 atgula visokius gyvenimo \u012fvykius primenantys daikteliai, sveikinimo atvirukai, lai\u0161keliai, plauk\u0173 sruogos ir pana\u0161iai. Kad jie likt\u0173 brang\u016bs ne tik mums, bet ir ateinan\u010dioms kartoms, savo istorij\u0105 galima \u012fam\u017einti skrebukuose \u2013 nuostabiuose \u0161eimos albumuose, kurie perduoda ne tik informacij\u0105, bet ir jausmus, reik\u0161mingiausius gimin\u0117s momentus istorijos kontekste.<\/p>\n<p>Surinkite proseneli\u0173 nuotraukas, senuosius dokumentus, t\u0117v\u0173 lai\u0161kus, \u012fvarius liudijimus, artim\u0173j\u0173 pasakojimus \u2013 kiekvien\u0105 sr\u016bvan\u010dio laiko gair\u0119 \u2013 ir sukurkite nuostab\u0173 gimin\u0117s genealogijos album\u0105, kur\u012f, kaip meno ir istorijos k\u016brin\u012f, brangins ne tik vaikai, bet ir vaikai\u010diai. Genealog\u0117s, lektor\u0117s, keli\u0173 knyg\u0173 apie skrebinim\u0105 autor\u0117s Lauros Best knygoje viskas, ko reikia kaupiant ir \u012fam\u017einant savo \u0161eimos istorij\u0105:<\/p>\n<p>\u2022 Skrebinimo med\u017eiagos paruo\u0161imas ir sisteminimas<\/p>\n<p>\u2022 Originalios albumo d\u0117liojimo schemos<\/p>\n<p>\u2022 \u012evairios skrebinio puslapio technikos<\/p>\n<p>\u2022 Album\u0173 tem\u0173 id\u0117jos<\/p>\n<p>\u2022 Praktiniai patarimai ir pastabos<\/p>\n","protected":false},"featured_media":4792,"comment_status":"closed","ping_status":"closed","template":"","meta":{"_acf_changed":false,"site-sidebar-layout":"default","site-content-layout":"","ast-site-content-layout":"default","site-content-style":"default","site-sidebar-style":"default","ast-global-header-display":"","ast-banner-title-visibility":"","ast-main-header-display":"","ast-hfb-above-header-display":"","ast-hfb-below-header-display":"","ast-hfb-mobile-header-display":"","site-post-title":"","ast-breadcrumbs-content":"","ast-featured-img":"","footer-sml-layout":"","ast-disable-related-posts":"","theme-transparent-header-meta":"","adv-header-id-meta":"","stick-header-meta":"","header-above-stick-meta":"","header-main-stick-meta":"","header-below-stick-meta":"","astra-migrate-meta-layouts":"default","ast-page-background-enabled":"default","ast-page-background-meta":{"desktop":{"background-color":"","background-image":"","background-repeat":"repeat","background-position":"center center","background-size":"auto","background-attachment":"scroll","background-type":"","background-media":"","overlay-type":"","overlay-color":"","overlay-opacity":"","overlay-gradient":""},"tablet":{"background-color":"","background-image":"","background-repeat":"repeat","background-position":"center center","background-size":"auto","background-attachment":"scroll","background-type":"","background-media":"","overlay-type":"","overlay-color":"","overlay-opacity":"","overlay-gradient":""},"mobile":{"background-color":"","background-image":"","background-repeat":"repeat","background-position":"center center","background-size":"auto","background-attachment":"scroll","background-type":"","background-media":"","overlay-type":"","overlay-color":"","overlay-opacity":"","overlay-gradient":""}},"ast-content-background-meta":{"desktop":{"background-color":"var(--ast-global-color-4)","background-image":"","background-repeat":"repeat","background-position":"center center","background-size":"auto","background-attachment":"scroll","background-type":"","background-media":"","overlay-type":"","overlay-color":"","overlay-opacity":"","overlay-gradient":""},"tablet":{"background-color":"var(--ast-global-color-4)","background-image":"","background-repeat":"repeat","background-position":"center center","background-size":"auto","background-attachment":"scroll","background-type":"","background-media":"","overlay-type":"","overlay-color":"","overlay-opacity":"","overlay-gradient":""},"mobile":{"background-color":"var(--ast-global-color-4)","background-image":"","background-repeat":"repeat","background-position":"center center","background-size":"auto","background-attachment":"scroll","background-type":"","background-media":"","overlay-type":"","overlay-color":"","overlay-opacity":"","overlay-gradient":""}}},"product_brand":[],"product_cat":[27],"product_tag":[],"class_list":{"0":"post-4753","1":"product","2":"type-product","3":"status-publish","4":"has-post-thumbnail","6":"product_cat-sportas-laisvalaikis-rankdarbiai","7":"pa_leidimo-metai-822","8":"desktop-align-left","9":"tablet-align-left","10":"mobile-align-left","12":"first","13":"outofstock","14":"shipping-taxable","15":"purchasable","16":"product-type-simple"},"acf":[],"yoast_head":"<!-- This site is optimized with the Yoast SEO plugin v27.0 - https:\/\/yoast.com\/product\/yoast-seo-wordpress\/ -->\n<title>Viskas apie skrebinim\u0105. \u0160eimos albumas - Skaitytaknyga<\/title>\n<meta name=\"description\" content=\"Net 24 orginalios technikos  Du hobiai viename: skrebinimas ir genealogija!  Ko gero, nerastume \u0161eimos, kuri netur\u0117t\u0173 nuotrauk\u0173 albumo. Kai kada prie mums brangi\u0173 fotografij\u0173 atgula visokius gyvenimo \u012fvykius primenantys daikteliai, sveikinimo atvirukai, lai\u0161keliai, plauk\u0173 sruogos ir pana\u0161iai. Kad jie likt\u0173 brang\u016bs ne tik mums, bet ir ateinan\u010dioms kartoms, savo istorij\u0105 galima \u012fam\u017einti skrebukuose \u2013 nuostabiuose \u0161eimos albumuose, kurie perduoda ne tik informacij\u0105, bet ir jausmus, reik\u0161mingiausius gimin\u0117s momentus istorijos kontekste.  Surinkite proseneli\u0173 nuotraukas, senuosius dokumentus, t\u0117v\u0173 lai\u0161kus, \u012fvarius liudijimus, artim\u0173j\u0173 pasakojimus \u2013 kiekvien\u0105 sr\u016bvan\u010dio laiko gair\u0119 \u2013 ir sukurkite nuostab\u0173 gimin\u0117s genealogijos album\u0105, kur\u012f, kaip meno ir istorijos k\u016brin\u012f, brangins ne tik vaikai, bet ir vaikai\u010diai. Genealog\u0117s, lektor\u0117s, keli\u0173 knyg\u0173 apie skrebinim\u0105 autor\u0117s Lauros Best knygoje viskas, ko reikia kaupiant ir \u012fam\u017einant savo \u0161eimos istorij\u0105:  \u2022 Skrebinimo med\u017eiagos paruo\u0161imas ir sisteminimas  \u2022 Originalios albumo d\u0117liojimo schemos  \u2022 \u012evairios skrebinio puslapio technikos  \u2022 Album\u0173 tem\u0173 id\u0117jos  \u2022 Praktiniai patarimai ir pastabos\" \/>\n<meta name=\"robots\" content=\"index, follow, max-snippet:-1, max-image-preview:large, max-video-preview:-1\" \/>\n<link rel=\"canonical\" href=\"https:\/\/skaitytaknyga.lt\/en\/produktas\/viskas-apie-skrebinima-seimos-albumas\/\" \/>\n<meta property=\"og:locale\" content=\"en_GB\" \/>\n<meta property=\"og:locale:alternate\" content=\"lt_LT\" \/>\n<meta property=\"og:type\" content=\"article\" \/>\n<meta property=\"og:title\" content=\"Viskas apie skrebinim\u0105. \u0160eimos albumas - Skaitytaknyga\" \/>\n<meta property=\"og:description\" content=\"Net 24 orginalios technikos  Du hobiai viename: skrebinimas ir genealogija!  Ko gero, nerastume \u0161eimos, kuri netur\u0117t\u0173 nuotrauk\u0173 albumo. Kai kada prie mums brangi\u0173 fotografij\u0173 atgula visokius gyvenimo \u012fvykius primenantys daikteliai, sveikinimo atvirukai, lai\u0161keliai, plauk\u0173 sruogos ir pana\u0161iai. Kad jie likt\u0173 brang\u016bs ne tik mums, bet ir ateinan\u010dioms kartoms, savo istorij\u0105 galima \u012fam\u017einti skrebukuose \u2013 nuostabiuose \u0161eimos albumuose, kurie perduoda ne tik informacij\u0105, bet ir jausmus, reik\u0161mingiausius gimin\u0117s momentus istorijos kontekste.  Surinkite proseneli\u0173 nuotraukas, senuosius dokumentus, t\u0117v\u0173 lai\u0161kus, \u012fvarius liudijimus, artim\u0173j\u0173 pasakojimus \u2013 kiekvien\u0105 sr\u016bvan\u010dio laiko gair\u0119 \u2013 ir sukurkite nuostab\u0173 gimin\u0117s genealogijos album\u0105, kur\u012f, kaip meno ir istorijos k\u016brin\u012f, brangins ne tik vaikai, bet ir vaikai\u010diai. Genealog\u0117s, lektor\u0117s, keli\u0173 knyg\u0173 apie skrebinim\u0105 autor\u0117s Lauros Best knygoje viskas, ko reikia kaupiant ir \u012fam\u017einant savo \u0161eimos istorij\u0105:  \u2022 Skrebinimo med\u017eiagos paruo\u0161imas ir sisteminimas  \u2022 Originalios albumo d\u0117liojimo schemos  \u2022 \u012evairios skrebinio puslapio technikos  \u2022 Album\u0173 tem\u0173 id\u0117jos  \u2022 Praktiniai patarimai ir pastabos\" \/>\n<meta property=\"og:url\" content=\"https:\/\/skaitytaknyga.lt\/en\/produktas\/viskas-apie-skrebinima-seimos-albumas\/\" \/>\n<meta property=\"og:site_name\" content=\"Skaitytaknyga\" \/>\n<meta property=\"article:publisher\" content=\"https:\/\/www.facebook.com\/skaitytaknyga\/\" \/>\n<meta property=\"article:modified_time\" content=\"2024-10-26T20:29:17+00:00\" \/>\n<meta property=\"og:image\" content=\"https:\/\/skaitytaknyga.lt\/wp-content\/uploads\/2024\/04\/000000000002112338-59de7f4723045-asset-pegasas-cdb_5965267749_92149_p1.jpg\" \/>\n\t<meta property=\"og:image:width\" content=\"240\" \/>\n\t<meta property=\"og:image:height\" content=\"300\" \/>\n\t<meta property=\"og:image:type\" content=\"image\/jpeg\" \/>\n<meta name=\"twitter:card\" content=\"summary_large_image\" \/>\n<meta name=\"twitter:label1\" content=\"Estimated reading time\" \/>\n\t<meta name=\"twitter:data1\" content=\"1 minute\" \/>\n<script type=\"application\/ld+json\" class=\"yoast-schema-graph\">{\"@context\":\"https:\/\/schema.org\",\"@graph\":[{\"@type\":\"WebPage\",\"@id\":\"https:\/\/skaitytaknyga.lt\/produktas\/viskas-apie-skrebinima-seimos-albumas\/\",\"url\":\"https:\/\/skaitytaknyga.lt\/produktas\/viskas-apie-skrebinima-seimos-albumas\/\",\"name\":\"Viskas apie skrebinim\u0105. \u0160eimos albumas - Skaitytaknyga\",\"isPartOf\":{\"@id\":\"https:\/\/skaitytaknyga.lt\/#website\"},\"primaryImageOfPage\":{\"@id\":\"https:\/\/skaitytaknyga.lt\/produktas\/viskas-apie-skrebinima-seimos-albumas\/#primaryimage\"},\"image\":{\"@id\":\"https:\/\/skaitytaknyga.lt\/produktas\/viskas-apie-skrebinima-seimos-albumas\/#primaryimage\"},\"thumbnailUrl\":\"https:\/\/skaitytaknyga.lt\/wp-content\/uploads\/2024\/04\/000000000002112338-59de7f4723045-asset-pegasas-cdb_5965267749_92149_p1.jpg\",\"datePublished\":\"2024-04-17T13:54:32+00:00\",\"dateModified\":\"2024-10-26T20:29:17+00:00\",\"description\":\"Net 24 orginalios technikos Du hobiai viename: skrebinimas ir genealogija! Ko gero, nerastume \u0161eimos, kuri netur\u0117t\u0173 nuotrauk\u0173 albumo. Kai kada prie mums brangi\u0173 fotografij\u0173 atgula visokius gyvenimo \u012fvykius primenantys daikteliai, sveikinimo atvirukai, lai\u0161keliai, plauk\u0173 sruogos ir pana\u0161iai. Kad jie likt\u0173 brang\u016bs ne tik mums, bet ir ateinan\u010dioms kartoms, savo istorij\u0105 galima \u012fam\u017einti skrebukuose \u2013 nuostabiuose \u0161eimos albumuose, kurie perduoda ne tik informacij\u0105, bet ir jausmus, reik\u0161mingiausius gimin\u0117s momentus istorijos kontekste. Surinkite proseneli\u0173 nuotraukas, senuosius dokumentus, t\u0117v\u0173 lai\u0161kus, \u012fvarius liudijimus, artim\u0173j\u0173 pasakojimus \u2013 kiekvien\u0105 sr\u016bvan\u010dio laiko gair\u0119 \u2013 ir sukurkite nuostab\u0173 gimin\u0117s genealogijos album\u0105, kur\u012f, kaip meno ir istorijos k\u016brin\u012f, brangins ne tik vaikai, bet ir vaikai\u010diai. Genealog\u0117s, lektor\u0117s, keli\u0173 knyg\u0173 apie skrebinim\u0105 autor\u0117s Lauros Best knygoje viskas, ko reikia kaupiant ir \u012fam\u017einant savo \u0161eimos istorij\u0105: \u2022 Skrebinimo med\u017eiagos paruo\u0161imas ir sisteminimas \u2022 Originalios albumo d\u0117liojimo schemos \u2022 \u012evairios skrebinio puslapio technikos \u2022 Album\u0173 tem\u0173 id\u0117jos \u2022 Praktiniai patarimai ir pastabos\",\"breadcrumb\":{\"@id\":\"https:\/\/skaitytaknyga.lt\/produktas\/viskas-apie-skrebinima-seimos-albumas\/#breadcrumb\"},\"inLanguage\":\"en-GB\",\"potentialAction\":[{\"@type\":\"ReadAction\",\"target\":[\"https:\/\/skaitytaknyga.lt\/produktas\/viskas-apie-skrebinima-seimos-albumas\/\"]}]},{\"@type\":\"ImageObject\",\"inLanguage\":\"en-GB\",\"@id\":\"https:\/\/skaitytaknyga.lt\/produktas\/viskas-apie-skrebinima-seimos-albumas\/#primaryimage\",\"url\":\"https:\/\/skaitytaknyga.lt\/wp-content\/uploads\/2024\/04\/000000000002112338-59de7f4723045-asset-pegasas-cdb_5965267749_92149_p1.jpg\",\"contentUrl\":\"https:\/\/skaitytaknyga.lt\/wp-content\/uploads\/2024\/04\/000000000002112338-59de7f4723045-asset-pegasas-cdb_5965267749_92149_p1.jpg\",\"width\":240,\"height\":300},{\"@type\":\"BreadcrumbList\",\"@id\":\"https:\/\/skaitytaknyga.lt\/produktas\/viskas-apie-skrebinima-seimos-albumas\/#breadcrumb\",\"itemListElement\":[{\"@type\":\"ListItem\",\"position\":1,\"name\":\"Home\",\"item\":\"https:\/\/skaitytaknyga.lt\/\"},{\"@type\":\"ListItem\",\"position\":2,\"name\":\"Parduotuv\u0117\",\"item\":\"https:\/\/skaitytaknyga.lt\/knygu-parduotuve\/\"},{\"@type\":\"ListItem\",\"position\":3,\"name\":\"Viskas apie skrebinim\u0105. \u0160eimos albumas\"}]},{\"@type\":\"WebSite\",\"@id\":\"https:\/\/skaitytaknyga.lt\/#website\",\"url\":\"https:\/\/skaitytaknyga.lt\/\",\"name\":\"skaitytaknyga.lt\",\"description\":\"Skaitytaknyga.lt \u2013 tai ma\u017eas \u0161eimos verslas, kuris prasid\u0117jo nuo meil\u0117s knygoms ir siekio i\u0161gelb\u0117ti knygas nuo likimo prie konteinerio. Kas vienam nereikalingas daiktas \u2013 kitam lobis, o mes esame tarpininkai, kurie padeda abiems tapti laimingesniems ???? \u017dinome kaip nelengva i\u0161gyventi ma\u017eiems verslams, tad nuo \u0161iol, \u010dia rasite ir kit\u0173, ma\u017e\u0173 \u0161eim\u0173 versl\u0173, rank\u0173 darbo, dovan\u0173 sau ir artimiesiems.\",\"publisher\":{\"@id\":\"https:\/\/skaitytaknyga.lt\/#organization\"},\"potentialAction\":[{\"@type\":\"SearchAction\",\"target\":{\"@type\":\"EntryPoint\",\"urlTemplate\":\"https:\/\/skaitytaknyga.lt\/?s={search_term_string}\"},\"query-input\":{\"@type\":\"PropertyValueSpecification\",\"valueRequired\":true,\"valueName\":\"search_term_string\"}}],\"inLanguage\":\"en-GB\"},{\"@type\":\"Organization\",\"@id\":\"https:\/\/skaitytaknyga.lt\/#organization\",\"name\":\"skaitytaknyga.lt\",\"url\":\"https:\/\/skaitytaknyga.lt\/\",\"logo\":{\"@type\":\"ImageObject\",\"inLanguage\":\"en-GB\",\"@id\":\"https:\/\/skaitytaknyga.lt\/#\/schema\/logo\/image\/\",\"url\":\"https:\/\/skaitytaknyga.lt\/wp-content\/uploads\/2024\/05\/cropped-cropped-cropped-02_00843_jt3bggkj1j3HLc7SyY6rEUpg.jpeg\",\"contentUrl\":\"https:\/\/skaitytaknyga.lt\/wp-content\/uploads\/2024\/05\/cropped-cropped-cropped-02_00843_jt3bggkj1j3HLc7SyY6rEUpg.jpeg\",\"width\":1600,\"height\":1600,\"caption\":\"skaitytaknyga.lt\"},\"image\":{\"@id\":\"https:\/\/skaitytaknyga.lt\/#\/schema\/logo\/image\/\"},\"sameAs\":[\"https:\/\/www.facebook.com\/skaitytaknyga\/\"]}]}<\/script>\n<!-- \/ Yoast SEO plugin. -->","yoast_head_json":{"title":"Viskas apie skrebinim\u0105. \u0160eimos albumas - Skaitytaknyga","description":"Net 24 orginalios technikos  Du hobiai viename: skrebinimas ir genealogija!  Ko gero, nerastume \u0161eimos, kuri netur\u0117t\u0173 nuotrauk\u0173 albumo. Kai kada prie mums brangi\u0173 fotografij\u0173 atgula visokius gyvenimo \u012fvykius primenantys daikteliai, sveikinimo atvirukai, lai\u0161keliai, plauk\u0173 sruogos ir pana\u0161iai. Kad jie likt\u0173 brang\u016bs ne tik mums, bet ir ateinan\u010dioms kartoms, savo istorij\u0105 galima \u012fam\u017einti skrebukuose \u2013 nuostabiuose \u0161eimos albumuose, kurie perduoda ne tik informacij\u0105, bet ir jausmus, reik\u0161mingiausius gimin\u0117s momentus istorijos kontekste.  Surinkite proseneli\u0173 nuotraukas, senuosius dokumentus, t\u0117v\u0173 lai\u0161kus, \u012fvarius liudijimus, artim\u0173j\u0173 pasakojimus \u2013 kiekvien\u0105 sr\u016bvan\u010dio laiko gair\u0119 \u2013 ir sukurkite nuostab\u0173 gimin\u0117s genealogijos album\u0105, kur\u012f, kaip meno ir istorijos k\u016brin\u012f, brangins ne tik vaikai, bet ir vaikai\u010diai. Genealog\u0117s, lektor\u0117s, keli\u0173 knyg\u0173 apie skrebinim\u0105 autor\u0117s Lauros Best knygoje viskas, ko reikia kaupiant ir \u012fam\u017einant savo \u0161eimos istorij\u0105:  \u2022 Skrebinimo med\u017eiagos paruo\u0161imas ir sisteminimas  \u2022 Originalios albumo d\u0117liojimo schemos  \u2022 \u012evairios skrebinio puslapio technikos  \u2022 Album\u0173 tem\u0173 id\u0117jos  \u2022 Praktiniai patarimai ir pastabos","robots":{"index":"index","follow":"follow","max-snippet":"max-snippet:-1","max-image-preview":"max-image-preview:large","max-video-preview":"max-video-preview:-1"},"canonical":"https:\/\/skaitytaknyga.lt\/en\/produktas\/viskas-apie-skrebinima-seimos-albumas\/","og_locale":"en_GB","og_type":"article","og_title":"Viskas apie skrebinim\u0105. \u0160eimos albumas - Skaitytaknyga","og_description":"Net 24 orginalios technikos  Du hobiai viename: skrebinimas ir genealogija!  Ko gero, nerastume \u0161eimos, kuri netur\u0117t\u0173 nuotrauk\u0173 albumo. Kai kada prie mums brangi\u0173 fotografij\u0173 atgula visokius gyvenimo \u012fvykius primenantys daikteliai, sveikinimo atvirukai, lai\u0161keliai, plauk\u0173 sruogos ir pana\u0161iai. Kad jie likt\u0173 brang\u016bs ne tik mums, bet ir ateinan\u010dioms kartoms, savo istorij\u0105 galima \u012fam\u017einti skrebukuose \u2013 nuostabiuose \u0161eimos albumuose, kurie perduoda ne tik informacij\u0105, bet ir jausmus, reik\u0161mingiausius gimin\u0117s momentus istorijos kontekste.  Surinkite proseneli\u0173 nuotraukas, senuosius dokumentus, t\u0117v\u0173 lai\u0161kus, \u012fvarius liudijimus, artim\u0173j\u0173 pasakojimus \u2013 kiekvien\u0105 sr\u016bvan\u010dio laiko gair\u0119 \u2013 ir sukurkite nuostab\u0173 gimin\u0117s genealogijos album\u0105, kur\u012f, kaip meno ir istorijos k\u016brin\u012f, brangins ne tik vaikai, bet ir vaikai\u010diai. Genealog\u0117s, lektor\u0117s, keli\u0173 knyg\u0173 apie skrebinim\u0105 autor\u0117s Lauros Best knygoje viskas, ko reikia kaupiant ir \u012fam\u017einant savo \u0161eimos istorij\u0105:  \u2022 Skrebinimo med\u017eiagos paruo\u0161imas ir sisteminimas  \u2022 Originalios albumo d\u0117liojimo schemos  \u2022 \u012evairios skrebinio puslapio technikos  \u2022 Album\u0173 tem\u0173 id\u0117jos  \u2022 Praktiniai patarimai ir pastabos","og_url":"https:\/\/skaitytaknyga.lt\/en\/produktas\/viskas-apie-skrebinima-seimos-albumas\/","og_site_name":"Skaitytaknyga","article_publisher":"https:\/\/www.facebook.com\/skaitytaknyga\/","article_modified_time":"2024-10-26T20:29:17+00:00","og_image":[{"width":240,"height":300,"url":"https:\/\/skaitytaknyga.lt\/wp-content\/uploads\/2024\/04\/000000000002112338-59de7f4723045-asset-pegasas-cdb_5965267749_92149_p1.jpg","type":"image\/jpeg"}],"twitter_card":"summary_large_image","twitter_misc":{"Estimated reading time":"1 minute"},"schema":{"@context":"https:\/\/schema.org","@graph":[{"@type":"WebPage","@id":"https:\/\/skaitytaknyga.lt\/produktas\/viskas-apie-skrebinima-seimos-albumas\/","url":"https:\/\/skaitytaknyga.lt\/produktas\/viskas-apie-skrebinima-seimos-albumas\/","name":"Viskas apie skrebinim\u0105. \u0160eimos albumas - Skaitytaknyga","isPartOf":{"@id":"https:\/\/skaitytaknyga.lt\/#website"},"primaryImageOfPage":{"@id":"https:\/\/skaitytaknyga.lt\/produktas\/viskas-apie-skrebinima-seimos-albumas\/#primaryimage"},"image":{"@id":"https:\/\/skaitytaknyga.lt\/produktas\/viskas-apie-skrebinima-seimos-albumas\/#primaryimage"},"thumbnailUrl":"https:\/\/skaitytaknyga.lt\/wp-content\/uploads\/2024\/04\/000000000002112338-59de7f4723045-asset-pegasas-cdb_5965267749_92149_p1.jpg","datePublished":"2024-04-17T13:54:32+00:00","dateModified":"2024-10-26T20:29:17+00:00","description":"Net 24 orginalios technikos Du hobiai viename: skrebinimas ir genealogija! Ko gero, nerastume \u0161eimos, kuri netur\u0117t\u0173 nuotrauk\u0173 albumo. Kai kada prie mums brangi\u0173 fotografij\u0173 atgula visokius gyvenimo \u012fvykius primenantys daikteliai, sveikinimo atvirukai, lai\u0161keliai, plauk\u0173 sruogos ir pana\u0161iai. Kad jie likt\u0173 brang\u016bs ne tik mums, bet ir ateinan\u010dioms kartoms, savo istorij\u0105 galima \u012fam\u017einti skrebukuose \u2013 nuostabiuose \u0161eimos albumuose, kurie perduoda ne tik informacij\u0105, bet ir jausmus, reik\u0161mingiausius gimin\u0117s momentus istorijos kontekste. Surinkite proseneli\u0173 nuotraukas, senuosius dokumentus, t\u0117v\u0173 lai\u0161kus, \u012fvarius liudijimus, artim\u0173j\u0173 pasakojimus \u2013 kiekvien\u0105 sr\u016bvan\u010dio laiko gair\u0119 \u2013 ir sukurkite nuostab\u0173 gimin\u0117s genealogijos album\u0105, kur\u012f, kaip meno ir istorijos k\u016brin\u012f, brangins ne tik vaikai, bet ir vaikai\u010diai. Genealog\u0117s, lektor\u0117s, keli\u0173 knyg\u0173 apie skrebinim\u0105 autor\u0117s Lauros Best knygoje viskas, ko reikia kaupiant ir \u012fam\u017einant savo \u0161eimos istorij\u0105: \u2022 Skrebinimo med\u017eiagos paruo\u0161imas ir sisteminimas \u2022 Originalios albumo d\u0117liojimo schemos \u2022 \u012evairios skrebinio puslapio technikos \u2022 Album\u0173 tem\u0173 id\u0117jos \u2022 Praktiniai patarimai ir pastabos","breadcrumb":{"@id":"https:\/\/skaitytaknyga.lt\/produktas\/viskas-apie-skrebinima-seimos-albumas\/#breadcrumb"},"inLanguage":"en-GB","potentialAction":[{"@type":"ReadAction","target":["https:\/\/skaitytaknyga.lt\/produktas\/viskas-apie-skrebinima-seimos-albumas\/"]}]},{"@type":"ImageObject","inLanguage":"en-GB","@id":"https:\/\/skaitytaknyga.lt\/produktas\/viskas-apie-skrebinima-seimos-albumas\/#primaryimage","url":"https:\/\/skaitytaknyga.lt\/wp-content\/uploads\/2024\/04\/000000000002112338-59de7f4723045-asset-pegasas-cdb_5965267749_92149_p1.jpg","contentUrl":"https:\/\/skaitytaknyga.lt\/wp-content\/uploads\/2024\/04\/000000000002112338-59de7f4723045-asset-pegasas-cdb_5965267749_92149_p1.jpg","width":240,"height":300},{"@type":"BreadcrumbList","@id":"https:\/\/skaitytaknyga.lt\/produktas\/viskas-apie-skrebinima-seimos-albumas\/#breadcrumb","itemListElement":[{"@type":"ListItem","position":1,"name":"Home","item":"https:\/\/skaitytaknyga.lt\/"},{"@type":"ListItem","position":2,"name":"Parduotuv\u0117","item":"https:\/\/skaitytaknyga.lt\/knygu-parduotuve\/"},{"@type":"ListItem","position":3,"name":"Viskas apie skrebinim\u0105. \u0160eimos albumas"}]},{"@type":"WebSite","@id":"https:\/\/skaitytaknyga.lt\/#website","url":"https:\/\/skaitytaknyga.lt\/","name":"skaitytaknyga.lt","description":"Skaitytaknyga.lt \u2013 tai ma\u017eas \u0161eimos verslas, kuris prasid\u0117jo nuo meil\u0117s knygoms ir siekio i\u0161gelb\u0117ti knygas nuo likimo prie konteinerio. Kas vienam nereikalingas daiktas \u2013 kitam lobis, o mes esame tarpininkai, kurie padeda abiems tapti laimingesniems ???? \u017dinome kaip nelengva i\u0161gyventi ma\u017eiems verslams, tad nuo \u0161iol, \u010dia rasite ir kit\u0173, ma\u017e\u0173 \u0161eim\u0173 versl\u0173, rank\u0173 darbo, dovan\u0173 sau ir artimiesiems.","publisher":{"@id":"https:\/\/skaitytaknyga.lt\/#organization"},"potentialAction":[{"@type":"SearchAction","target":{"@type":"EntryPoint","urlTemplate":"https:\/\/skaitytaknyga.lt\/?s={search_term_string}"},"query-input":{"@type":"PropertyValueSpecification","valueRequired":true,"valueName":"search_term_string"}}],"inLanguage":"en-GB"},{"@type":"Organization","@id":"https:\/\/skaitytaknyga.lt\/#organization","name":"skaitytaknyga.lt","url":"https:\/\/skaitytaknyga.lt\/","logo":{"@type":"ImageObject","inLanguage":"en-GB","@id":"https:\/\/skaitytaknyga.lt\/#\/schema\/logo\/image\/","url":"https:\/\/skaitytaknyga.lt\/wp-content\/uploads\/2024\/05\/cropped-cropped-cropped-02_00843_jt3bggkj1j3HLc7SyY6rEUpg.jpeg","contentUrl":"https:\/\/skaitytaknyga.lt\/wp-content\/uploads\/2024\/05\/cropped-cropped-cropped-02_00843_jt3bggkj1j3HLc7SyY6rEUpg.jpeg","width":1600,"height":1600,"caption":"skaitytaknyga.lt"},"image":{"@id":"https:\/\/skaitytaknyga.lt\/#\/schema\/logo\/image\/"},"sameAs":["https:\/\/www.facebook.com\/skaitytaknyga\/"]}]}},"_links":{"self":[{"href":"https:\/\/skaitytaknyga.lt\/en\/wp-json\/wp\/v2\/product\/4753","targetHints":{"allow":["GET"]}}],"collection":[{"href":"https:\/\/skaitytaknyga.lt\/en\/wp-json\/wp\/v2\/product"}],"about":[{"href":"https:\/\/skaitytaknyga.lt\/en\/wp-json\/wp\/v2\/types\/product"}],"replies":[{"embeddable":true,"href":"https:\/\/skaitytaknyga.lt\/en\/wp-json\/wp\/v2\/comments?post=4753"}],"wp:featuredmedia":[{"embeddable":true,"href":"https:\/\/skaitytaknyga.lt\/en\/wp-json\/wp\/v2\/media\/4792"}],"wp:attachment":[{"href":"https:\/\/skaitytaknyga.lt\/en\/wp-json\/wp\/v2\/media?parent=4753"}],"wp:term":[{"taxonomy":"product_brand","embeddable":true,"href":"https:\/\/skaitytaknyga.lt\/en\/wp-json\/wp\/v2\/product_brand?post=4753"},{"taxonomy":"product_cat","embeddable":true,"href":"https:\/\/skaitytaknyga.lt\/en\/wp-json\/wp\/v2\/product_cat?post=4753"},{"taxonomy":"product_tag","embeddable":true,"href":"https:\/\/skaitytaknyga.lt\/en\/wp-json\/wp\/v2\/product_tag?post=4753"}],"curies":[{"name":"wp","href":"https:\/\/api.w.org\/{rel}","templated":true}]}}