{"id":4727,"date":"2024-04-17T13:53:37","date_gmt":"2024-04-17T13:53:37","guid":{"rendered":"https:\/\/skaitytaknyga.lt\/?post_type=product&#038;p=4727"},"modified":"2025-06-26T15:24:07","modified_gmt":"2025-06-26T12:24:07","slug":"tai-kas-uzdrausta","status":"publish","type":"product","link":"https:\/\/skaitytaknyga.lt\/en\/produktas\/tai-kas-uzdrausta\/","title":{"rendered":"\u201eTai kas u\u017edrausta\u201c"},"content":{"rendered":"<p><strong>Stefanie London<br \/>\n<\/strong><\/p>\n<p><strong>Tai, kas u\u017edrausta<br \/>\n<\/strong><\/p>\n<p>Eliza D\u017eonson neturi laiko vyrams \u2013 jai reikia r\u016bpintis daug svarbesniais dalykais, pavyzd\u017eiui, kaip i\u0161saugoti savo baleto mokykl\u0105. Netik\u0117tai j\u0105 aplanko \u017eavusis Kolas Hilamas, geriausias jos brolio draugas. Jis si\u016blo grie\u017etai darbin\u012f sandor\u012f, bet Eliza dar nepamir\u0161o, kas juos siejo prie\u0161 penkerius metus, prie\u0161 jam staiga i\u0161vykstant. Nepamir\u0161o ji ir tos sald\u017eios nakties, kai juodu pasidav\u0117 pa\u0161\u0117lusiai traukai.<br \/>\nEliza Kolui visada buvo u\u017edraustas vaisius, bet tai tik dar labiau kaitina krauj\u0105&#8230; Chemija tarp j\u0173 tokia stipri, kad laikytis geriausiam draugui duoto pa\u017eado tampa ne\u012fveikiamu i\u0161\u0161\u016bkiu.<\/p>\n<p>&nbsp;<\/p>\n<p>&nbsp;<\/p>\n","protected":false},"excerpt":{"rendered":"<p><strong>Stefanie London<br \/>\n<\/strong><\/p>\n<p><strong>Tai, kas u\u017edrausta<br \/>\n<\/strong><\/p>\n<p>Eliza D\u017eonson neturi laiko vyrams \u2013 jai reikia r\u016bpintis daug svarbesniais dalykais, pavyzd\u017eiui, kaip i\u0161saugoti savo baleto mokykl\u0105. Netik\u0117tai j\u0105 aplanko \u017eavusis Kolas Hilamas, geriausias jos brolio draugas. Jis si\u016blo grie\u017etai darbin\u012f sandor\u012f, bet Eliza dar nepamir\u0161o, kas juos siejo prie\u0161 penkerius metus, prie\u0161 jam staiga i\u0161vykstant. Nepamir\u0161o ji ir tos sald\u017eios nakties, kai juodu pasidav\u0117 pa\u0161\u0117lusiai traukai.<br \/>\nEliza Kolui visada buvo u\u017edraustas vaisius, bet tai tik dar labiau kaitina krauj\u0105&#8230; Chemija tarp j\u0173 tokia stipri, kad laikytis geriausiam draugui duoto pa\u017eado tampa ne\u012fveikiamu i\u0161\u0161\u016bkiu.<\/p>\n<p>&nbsp;<\/p>\n","protected":false},"featured_media":4777,"comment_status":"closed","ping_status":"closed","template":"","meta":{"_acf_changed":false,"site-sidebar-layout":"default","site-content-layout":"","ast-site-content-layout":"default","site-content-style":"default","site-sidebar-style":"default","ast-global-header-display":"","ast-banner-title-visibility":"","ast-main-header-display":"","ast-hfb-above-header-display":"","ast-hfb-below-header-display":"","ast-hfb-mobile-header-display":"","site-post-title":"","ast-breadcrumbs-content":"","ast-featured-img":"","footer-sml-layout":"","ast-disable-related-posts":"","theme-transparent-header-meta":"","adv-header-id-meta":"","stick-header-meta":"","header-above-stick-meta":"","header-main-stick-meta":"","header-below-stick-meta":"","astra-migrate-meta-layouts":"default","ast-page-background-enabled":"default","ast-page-background-meta":{"desktop":{"background-color":"","background-image":"","background-repeat":"repeat","background-position":"center center","background-size":"auto","background-attachment":"scroll","background-type":"","background-media":"","overlay-type":"","overlay-color":"","overlay-opacity":"","overlay-gradient":""},"tablet":{"background-color":"","background-image":"","background-repeat":"repeat","background-position":"center center","background-size":"auto","background-attachment":"scroll","background-type":"","background-media":"","overlay-type":"","overlay-color":"","overlay-opacity":"","overlay-gradient":""},"mobile":{"background-color":"","background-image":"","background-repeat":"repeat","background-position":"center center","background-size":"auto","background-attachment":"scroll","background-type":"","background-media":"","overlay-type":"","overlay-color":"","overlay-opacity":"","overlay-gradient":""}},"ast-content-background-meta":{"desktop":{"background-color":"var(--ast-global-color-4)","background-image":"","background-repeat":"repeat","background-position":"center center","background-size":"auto","background-attachment":"scroll","background-type":"","background-media":"","overlay-type":"","overlay-color":"","overlay-opacity":"","overlay-gradient":""},"tablet":{"background-color":"var(--ast-global-color-4)","background-image":"","background-repeat":"repeat","background-position":"center center","background-size":"auto","background-attachment":"scroll","background-type":"","background-media":"","overlay-type":"","overlay-color":"","overlay-opacity":"","overlay-gradient":""},"mobile":{"background-color":"var(--ast-global-color-4)","background-image":"","background-repeat":"repeat","background-position":"center center","background-size":"auto","background-attachment":"scroll","background-type":"","background-media":"","overlay-type":"","overlay-color":"","overlay-opacity":"","overlay-gradient":""}}},"product_brand":[],"product_cat":[31],"product_tag":[5621,4597,1647,1796,2129,1417,5620],"class_list":{"0":"post-4727","1":"product","2":"type-product","3":"status-publish","4":"has-post-thumbnail","6":"product_cat-grozine-literatura","7":"product_tag-baletas","8":"product_tag-chemija","9":"product_tag-draugyste","10":"product_tag-meile","11":"product_tag-romantika","12":"product_tag-santykiai","13":"product_tag-stefanie-london","14":"pa_leidimo-metai-662","15":"pa_virselis-minkstas","16":"desktop-align-left","17":"tablet-align-left","18":"mobile-align-left","20":"first","21":"instock","22":"shipping-taxable","23":"purchasable","24":"product-type-simple"},"acf":[],"yoast_head":"<!-- This site is optimized with the Yoast SEO plugin v27.0 - https:\/\/yoast.com\/product\/yoast-seo-wordpress\/ -->\n<title>\u201eTai kas u\u017edrausta\u201c - Skaitytaknyga<\/title>\n<meta name=\"description\" content=\"Stefanie London   Tai, kas u\u017edrausta   Eliza D\u017eonson neturi laiko vyrams \u2013 jai reikia r\u016bpintis daug svarbesniais dalykais, pavyzd\u017eiui, kaip i\u0161saugoti savo baleto mokykl\u0105. Netik\u0117tai j\u0105 aplanko \u017eavusis Kolas Hilamas, geriausias jos brolio draugas. Jis si\u016blo grie\u017etai darbin\u012f sandor\u012f, bet Eliza dar nepamir\u0161o, kas juos siejo prie\u0161 penkerius metus, prie\u0161 jam staiga i\u0161vykstant. Nepamir\u0161o ji ir tos sald\u017eios nakties, kai juodu pasidav\u0117 pa\u0161\u0117lusiai traukai. Eliza Kolui visada buvo u\u017edraustas vaisius, bet tai tik dar labiau kaitina krauj\u0105... Chemija tarp j\u0173 tokia stipri, kad laikytis geriausiam draugui duoto pa\u017eado tampa ne\u012fveikiamu i\u0161\u0161\u016bkiu.  &nbsp;\" \/>\n<meta name=\"robots\" content=\"index, follow, max-snippet:-1, max-image-preview:large, max-video-preview:-1\" \/>\n<link rel=\"canonical\" href=\"https:\/\/skaitytaknyga.lt\/en\/produktas\/tai-kas-uzdrausta\/\" \/>\n<meta property=\"og:locale\" content=\"en_GB\" \/>\n<meta property=\"og:locale:alternate\" content=\"lt_LT\" \/>\n<meta property=\"og:type\" content=\"article\" \/>\n<meta property=\"og:title\" content=\"\u201eTai kas u\u017edrausta\u201c - Skaitytaknyga\" \/>\n<meta property=\"og:description\" content=\"Stefanie London   Tai, kas u\u017edrausta   Eliza D\u017eonson neturi laiko vyrams \u2013 jai reikia r\u016bpintis daug svarbesniais dalykais, pavyzd\u017eiui, kaip i\u0161saugoti savo baleto mokykl\u0105. Netik\u0117tai j\u0105 aplanko \u017eavusis Kolas Hilamas, geriausias jos brolio draugas. Jis si\u016blo grie\u017etai darbin\u012f sandor\u012f, bet Eliza dar nepamir\u0161o, kas juos siejo prie\u0161 penkerius metus, prie\u0161 jam staiga i\u0161vykstant. Nepamir\u0161o ji ir tos sald\u017eios nakties, kai juodu pasidav\u0117 pa\u0161\u0117lusiai traukai. Eliza Kolui visada buvo u\u017edraustas vaisius, bet tai tik dar labiau kaitina krauj\u0105... Chemija tarp j\u0173 tokia stipri, kad laikytis geriausiam draugui duoto pa\u017eado tampa ne\u012fveikiamu i\u0161\u0161\u016bkiu.  &nbsp;\" \/>\n<meta property=\"og:url\" content=\"https:\/\/skaitytaknyga.lt\/en\/produktas\/tai-kas-uzdrausta\/\" \/>\n<meta property=\"og:site_name\" content=\"Skaitytaknyga\" \/>\n<meta property=\"article:publisher\" content=\"https:\/\/www.facebook.com\/skaitytaknyga\/\" \/>\n<meta property=\"article:modified_time\" content=\"2025-06-26T12:24:07+00:00\" \/>\n<meta property=\"og:image\" content=\"https:\/\/skaitytaknyga.lt\/wp-content\/uploads\/2024\/04\/1567078408_IMG_0002.jpg\" \/>\n\t<meta property=\"og:image:width\" content=\"499\" \/>\n\t<meta property=\"og:image:height\" content=\"800\" \/>\n\t<meta property=\"og:image:type\" content=\"image\/jpeg\" \/>\n<meta name=\"twitter:card\" content=\"summary_large_image\" \/>\n<meta name=\"twitter:label1\" content=\"Estimated reading time\" \/>\n\t<meta name=\"twitter:data1\" content=\"1 minute\" \/>\n<script type=\"application\/ld+json\" class=\"yoast-schema-graph\">{\"@context\":\"https:\/\/schema.org\",\"@graph\":[{\"@type\":\"WebPage\",\"@id\":\"https:\/\/skaitytaknyga.lt\/produktas\/tai-kas-uzdrausta\/\",\"url\":\"https:\/\/skaitytaknyga.lt\/produktas\/tai-kas-uzdrausta\/\",\"name\":\"\u201eTai kas u\u017edrausta\u201c - Skaitytaknyga\",\"isPartOf\":{\"@id\":\"https:\/\/skaitytaknyga.lt\/#website\"},\"primaryImageOfPage\":{\"@id\":\"https:\/\/skaitytaknyga.lt\/produktas\/tai-kas-uzdrausta\/#primaryimage\"},\"image\":{\"@id\":\"https:\/\/skaitytaknyga.lt\/produktas\/tai-kas-uzdrausta\/#primaryimage\"},\"thumbnailUrl\":\"https:\/\/skaitytaknyga.lt\/wp-content\/uploads\/2024\/04\/1567078408_IMG_0002.jpg\",\"datePublished\":\"2024-04-17T13:53:37+00:00\",\"dateModified\":\"2025-06-26T12:24:07+00:00\",\"description\":\"Stefanie London Tai, kas u\u017edrausta Eliza D\u017eonson neturi laiko vyrams \u2013 jai reikia r\u016bpintis daug svarbesniais dalykais, pavyzd\u017eiui, kaip i\u0161saugoti savo baleto mokykl\u0105. Netik\u0117tai j\u0105 aplanko \u017eavusis Kolas Hilamas, geriausias jos brolio draugas. Jis si\u016blo grie\u017etai darbin\u012f sandor\u012f, bet Eliza dar nepamir\u0161o, kas juos siejo prie\u0161 penkerius metus, prie\u0161 jam staiga i\u0161vykstant. Nepamir\u0161o ji ir tos sald\u017eios nakties, kai juodu pasidav\u0117 pa\u0161\u0117lusiai traukai. Eliza Kolui visada buvo u\u017edraustas vaisius, bet tai tik dar labiau kaitina krauj\u0105... Chemija tarp j\u0173 tokia stipri, kad laikytis geriausiam draugui duoto pa\u017eado tampa ne\u012fveikiamu i\u0161\u0161\u016bkiu. &nbsp;\",\"breadcrumb\":{\"@id\":\"https:\/\/skaitytaknyga.lt\/produktas\/tai-kas-uzdrausta\/#breadcrumb\"},\"inLanguage\":\"en-GB\",\"potentialAction\":[{\"@type\":\"ReadAction\",\"target\":[\"https:\/\/skaitytaknyga.lt\/produktas\/tai-kas-uzdrausta\/\"]}]},{\"@type\":\"ImageObject\",\"inLanguage\":\"en-GB\",\"@id\":\"https:\/\/skaitytaknyga.lt\/produktas\/tai-kas-uzdrausta\/#primaryimage\",\"url\":\"https:\/\/skaitytaknyga.lt\/wp-content\/uploads\/2024\/04\/1567078408_IMG_0002.jpg\",\"contentUrl\":\"https:\/\/skaitytaknyga.lt\/wp-content\/uploads\/2024\/04\/1567078408_IMG_0002.jpg\",\"width\":499,\"height\":800},{\"@type\":\"BreadcrumbList\",\"@id\":\"https:\/\/skaitytaknyga.lt\/produktas\/tai-kas-uzdrausta\/#breadcrumb\",\"itemListElement\":[{\"@type\":\"ListItem\",\"position\":1,\"name\":\"Home\",\"item\":\"https:\/\/skaitytaknyga.lt\/\"},{\"@type\":\"ListItem\",\"position\":2,\"name\":\"Parduotuv\u0117\",\"item\":\"https:\/\/skaitytaknyga.lt\/knygu-parduotuve\/\"},{\"@type\":\"ListItem\",\"position\":3,\"name\":\"\u201eTai kas u\u017edrausta\u201c\"}]},{\"@type\":\"WebSite\",\"@id\":\"https:\/\/skaitytaknyga.lt\/#website\",\"url\":\"https:\/\/skaitytaknyga.lt\/\",\"name\":\"skaitytaknyga.lt\",\"description\":\"Skaitytaknyga.lt \u2013 tai ma\u017eas \u0161eimos verslas, kuris prasid\u0117jo nuo meil\u0117s knygoms ir siekio i\u0161gelb\u0117ti knygas nuo likimo prie konteinerio. Kas vienam nereikalingas daiktas \u2013 kitam lobis, o mes esame tarpininkai, kurie padeda abiems tapti laimingesniems ???? \u017dinome kaip nelengva i\u0161gyventi ma\u017eiems verslams, tad nuo \u0161iol, \u010dia rasite ir kit\u0173, ma\u017e\u0173 \u0161eim\u0173 versl\u0173, rank\u0173 darbo, dovan\u0173 sau ir artimiesiems.\",\"publisher\":{\"@id\":\"https:\/\/skaitytaknyga.lt\/#organization\"},\"potentialAction\":[{\"@type\":\"SearchAction\",\"target\":{\"@type\":\"EntryPoint\",\"urlTemplate\":\"https:\/\/skaitytaknyga.lt\/?s={search_term_string}\"},\"query-input\":{\"@type\":\"PropertyValueSpecification\",\"valueRequired\":true,\"valueName\":\"search_term_string\"}}],\"inLanguage\":\"en-GB\"},{\"@type\":\"Organization\",\"@id\":\"https:\/\/skaitytaknyga.lt\/#organization\",\"name\":\"skaitytaknyga.lt\",\"url\":\"https:\/\/skaitytaknyga.lt\/\",\"logo\":{\"@type\":\"ImageObject\",\"inLanguage\":\"en-GB\",\"@id\":\"https:\/\/skaitytaknyga.lt\/#\/schema\/logo\/image\/\",\"url\":\"https:\/\/skaitytaknyga.lt\/wp-content\/uploads\/2024\/05\/cropped-cropped-cropped-02_00843_jt3bggkj1j3HLc7SyY6rEUpg.jpeg\",\"contentUrl\":\"https:\/\/skaitytaknyga.lt\/wp-content\/uploads\/2024\/05\/cropped-cropped-cropped-02_00843_jt3bggkj1j3HLc7SyY6rEUpg.jpeg\",\"width\":1600,\"height\":1600,\"caption\":\"skaitytaknyga.lt\"},\"image\":{\"@id\":\"https:\/\/skaitytaknyga.lt\/#\/schema\/logo\/image\/\"},\"sameAs\":[\"https:\/\/www.facebook.com\/skaitytaknyga\/\"]}]}<\/script>\n<!-- \/ Yoast SEO plugin. -->","yoast_head_json":{"title":"\u201eTai kas u\u017edrausta\u201c - Skaitytaknyga","description":"Stefanie London   Tai, kas u\u017edrausta   Eliza D\u017eonson neturi laiko vyrams \u2013 jai reikia r\u016bpintis daug svarbesniais dalykais, pavyzd\u017eiui, kaip i\u0161saugoti savo baleto mokykl\u0105. Netik\u0117tai j\u0105 aplanko \u017eavusis Kolas Hilamas, geriausias jos brolio draugas. Jis si\u016blo grie\u017etai darbin\u012f sandor\u012f, bet Eliza dar nepamir\u0161o, kas juos siejo prie\u0161 penkerius metus, prie\u0161 jam staiga i\u0161vykstant. Nepamir\u0161o ji ir tos sald\u017eios nakties, kai juodu pasidav\u0117 pa\u0161\u0117lusiai traukai. Eliza Kolui visada buvo u\u017edraustas vaisius, bet tai tik dar labiau kaitina krauj\u0105... Chemija tarp j\u0173 tokia stipri, kad laikytis geriausiam draugui duoto pa\u017eado tampa ne\u012fveikiamu i\u0161\u0161\u016bkiu.  &nbsp;","robots":{"index":"index","follow":"follow","max-snippet":"max-snippet:-1","max-image-preview":"max-image-preview:large","max-video-preview":"max-video-preview:-1"},"canonical":"https:\/\/skaitytaknyga.lt\/en\/produktas\/tai-kas-uzdrausta\/","og_locale":"en_GB","og_type":"article","og_title":"\u201eTai kas u\u017edrausta\u201c - Skaitytaknyga","og_description":"Stefanie London   Tai, kas u\u017edrausta   Eliza D\u017eonson neturi laiko vyrams \u2013 jai reikia r\u016bpintis daug svarbesniais dalykais, pavyzd\u017eiui, kaip i\u0161saugoti savo baleto mokykl\u0105. Netik\u0117tai j\u0105 aplanko \u017eavusis Kolas Hilamas, geriausias jos brolio draugas. Jis si\u016blo grie\u017etai darbin\u012f sandor\u012f, bet Eliza dar nepamir\u0161o, kas juos siejo prie\u0161 penkerius metus, prie\u0161 jam staiga i\u0161vykstant. Nepamir\u0161o ji ir tos sald\u017eios nakties, kai juodu pasidav\u0117 pa\u0161\u0117lusiai traukai. Eliza Kolui visada buvo u\u017edraustas vaisius, bet tai tik dar labiau kaitina krauj\u0105... Chemija tarp j\u0173 tokia stipri, kad laikytis geriausiam draugui duoto pa\u017eado tampa ne\u012fveikiamu i\u0161\u0161\u016bkiu.  &nbsp;","og_url":"https:\/\/skaitytaknyga.lt\/en\/produktas\/tai-kas-uzdrausta\/","og_site_name":"Skaitytaknyga","article_publisher":"https:\/\/www.facebook.com\/skaitytaknyga\/","article_modified_time":"2025-06-26T12:24:07+00:00","og_image":[{"width":499,"height":800,"url":"https:\/\/skaitytaknyga.lt\/wp-content\/uploads\/2024\/04\/1567078408_IMG_0002.jpg","type":"image\/jpeg"}],"twitter_card":"summary_large_image","twitter_misc":{"Estimated reading time":"1 minute"},"schema":{"@context":"https:\/\/schema.org","@graph":[{"@type":"WebPage","@id":"https:\/\/skaitytaknyga.lt\/produktas\/tai-kas-uzdrausta\/","url":"https:\/\/skaitytaknyga.lt\/produktas\/tai-kas-uzdrausta\/","name":"\u201eTai kas u\u017edrausta\u201c - Skaitytaknyga","isPartOf":{"@id":"https:\/\/skaitytaknyga.lt\/#website"},"primaryImageOfPage":{"@id":"https:\/\/skaitytaknyga.lt\/produktas\/tai-kas-uzdrausta\/#primaryimage"},"image":{"@id":"https:\/\/skaitytaknyga.lt\/produktas\/tai-kas-uzdrausta\/#primaryimage"},"thumbnailUrl":"https:\/\/skaitytaknyga.lt\/wp-content\/uploads\/2024\/04\/1567078408_IMG_0002.jpg","datePublished":"2024-04-17T13:53:37+00:00","dateModified":"2025-06-26T12:24:07+00:00","description":"Stefanie London Tai, kas u\u017edrausta Eliza D\u017eonson neturi laiko vyrams \u2013 jai reikia r\u016bpintis daug svarbesniais dalykais, pavyzd\u017eiui, kaip i\u0161saugoti savo baleto mokykl\u0105. Netik\u0117tai j\u0105 aplanko \u017eavusis Kolas Hilamas, geriausias jos brolio draugas. Jis si\u016blo grie\u017etai darbin\u012f sandor\u012f, bet Eliza dar nepamir\u0161o, kas juos siejo prie\u0161 penkerius metus, prie\u0161 jam staiga i\u0161vykstant. Nepamir\u0161o ji ir tos sald\u017eios nakties, kai juodu pasidav\u0117 pa\u0161\u0117lusiai traukai. Eliza Kolui visada buvo u\u017edraustas vaisius, bet tai tik dar labiau kaitina krauj\u0105... Chemija tarp j\u0173 tokia stipri, kad laikytis geriausiam draugui duoto pa\u017eado tampa ne\u012fveikiamu i\u0161\u0161\u016bkiu. &nbsp;","breadcrumb":{"@id":"https:\/\/skaitytaknyga.lt\/produktas\/tai-kas-uzdrausta\/#breadcrumb"},"inLanguage":"en-GB","potentialAction":[{"@type":"ReadAction","target":["https:\/\/skaitytaknyga.lt\/produktas\/tai-kas-uzdrausta\/"]}]},{"@type":"ImageObject","inLanguage":"en-GB","@id":"https:\/\/skaitytaknyga.lt\/produktas\/tai-kas-uzdrausta\/#primaryimage","url":"https:\/\/skaitytaknyga.lt\/wp-content\/uploads\/2024\/04\/1567078408_IMG_0002.jpg","contentUrl":"https:\/\/skaitytaknyga.lt\/wp-content\/uploads\/2024\/04\/1567078408_IMG_0002.jpg","width":499,"height":800},{"@type":"BreadcrumbList","@id":"https:\/\/skaitytaknyga.lt\/produktas\/tai-kas-uzdrausta\/#breadcrumb","itemListElement":[{"@type":"ListItem","position":1,"name":"Home","item":"https:\/\/skaitytaknyga.lt\/"},{"@type":"ListItem","position":2,"name":"Parduotuv\u0117","item":"https:\/\/skaitytaknyga.lt\/knygu-parduotuve\/"},{"@type":"ListItem","position":3,"name":"\u201eTai kas u\u017edrausta\u201c"}]},{"@type":"WebSite","@id":"https:\/\/skaitytaknyga.lt\/#website","url":"https:\/\/skaitytaknyga.lt\/","name":"skaitytaknyga.lt","description":"Skaitytaknyga.lt \u2013 tai ma\u017eas \u0161eimos verslas, kuris prasid\u0117jo nuo meil\u0117s knygoms ir siekio i\u0161gelb\u0117ti knygas nuo likimo prie konteinerio. Kas vienam nereikalingas daiktas \u2013 kitam lobis, o mes esame tarpininkai, kurie padeda abiems tapti laimingesniems ???? \u017dinome kaip nelengva i\u0161gyventi ma\u017eiems verslams, tad nuo \u0161iol, \u010dia rasite ir kit\u0173, ma\u017e\u0173 \u0161eim\u0173 versl\u0173, rank\u0173 darbo, dovan\u0173 sau ir artimiesiems.","publisher":{"@id":"https:\/\/skaitytaknyga.lt\/#organization"},"potentialAction":[{"@type":"SearchAction","target":{"@type":"EntryPoint","urlTemplate":"https:\/\/skaitytaknyga.lt\/?s={search_term_string}"},"query-input":{"@type":"PropertyValueSpecification","valueRequired":true,"valueName":"search_term_string"}}],"inLanguage":"en-GB"},{"@type":"Organization","@id":"https:\/\/skaitytaknyga.lt\/#organization","name":"skaitytaknyga.lt","url":"https:\/\/skaitytaknyga.lt\/","logo":{"@type":"ImageObject","inLanguage":"en-GB","@id":"https:\/\/skaitytaknyga.lt\/#\/schema\/logo\/image\/","url":"https:\/\/skaitytaknyga.lt\/wp-content\/uploads\/2024\/05\/cropped-cropped-cropped-02_00843_jt3bggkj1j3HLc7SyY6rEUpg.jpeg","contentUrl":"https:\/\/skaitytaknyga.lt\/wp-content\/uploads\/2024\/05\/cropped-cropped-cropped-02_00843_jt3bggkj1j3HLc7SyY6rEUpg.jpeg","width":1600,"height":1600,"caption":"skaitytaknyga.lt"},"image":{"@id":"https:\/\/skaitytaknyga.lt\/#\/schema\/logo\/image\/"},"sameAs":["https:\/\/www.facebook.com\/skaitytaknyga\/"]}]}},"_links":{"self":[{"href":"https:\/\/skaitytaknyga.lt\/en\/wp-json\/wp\/v2\/product\/4727","targetHints":{"allow":["GET"]}}],"collection":[{"href":"https:\/\/skaitytaknyga.lt\/en\/wp-json\/wp\/v2\/product"}],"about":[{"href":"https:\/\/skaitytaknyga.lt\/en\/wp-json\/wp\/v2\/types\/product"}],"replies":[{"embeddable":true,"href":"https:\/\/skaitytaknyga.lt\/en\/wp-json\/wp\/v2\/comments?post=4727"}],"wp:featuredmedia":[{"embeddable":true,"href":"https:\/\/skaitytaknyga.lt\/en\/wp-json\/wp\/v2\/media\/4777"}],"wp:attachment":[{"href":"https:\/\/skaitytaknyga.lt\/en\/wp-json\/wp\/v2\/media?parent=4727"}],"wp:term":[{"taxonomy":"product_brand","embeddable":true,"href":"https:\/\/skaitytaknyga.lt\/en\/wp-json\/wp\/v2\/product_brand?post=4727"},{"taxonomy":"product_cat","embeddable":true,"href":"https:\/\/skaitytaknyga.lt\/en\/wp-json\/wp\/v2\/product_cat?post=4727"},{"taxonomy":"product_tag","embeddable":true,"href":"https:\/\/skaitytaknyga.lt\/en\/wp-json\/wp\/v2\/product_tag?post=4727"}],"curies":[{"name":"wp","href":"https:\/\/api.w.org\/{rel}","templated":true}]}}