{"id":4718,"date":"2024-04-17T13:53:37","date_gmt":"2024-04-17T13:53:37","guid":{"rendered":"https:\/\/skaitytaknyga.lt\/?post_type=product&#038;p=4718"},"modified":"2024-05-03T07:26:36","modified_gmt":"2024-05-03T07:26:36","slug":"j-borgen-mazasis-lordas-tamsieji-saltiniai","status":"publish","type":"product","link":"https:\/\/skaitytaknyga.lt\/en\/produktas\/j-borgen-mazasis-lordas-tamsieji-saltiniai\/","title":{"rendered":"J. Borgen \u201eMa\u017easis lordas. Tamsieji \u0161altiniai\u201c"},"content":{"rendered":"<p>Vieno did\u017eiausi\u0173 dvide\u0161imtojo am\u017eiaus norveg\u0173 ra\u0161ytojo Johan&#8217;o Borgen&#8217;o (1902\u20131979) knyga \u201eTamsieji \u0161altiniai\u201c \u2013 antroji trilogijos \u201eMa\u017easis lordas\u201c dalis \u2013 tai tarytum vadinamasis aukl\u0117jamasis romanas atvirk\u0161tine prasme. Jame parodomas pagrindinio herojaus kelias \u012f i\u0161davyst\u0119, nusikaltim\u0105 ir galutin\u012f \u017elugim\u0105. Romane sukurtas ry\u0161kus I-ojo pasaulinio karo met\u0173 Norvegijos vaizdas. Autorius subtiliai atskleid\u017eia \u201etamsiuosius \u0161altinius\u201c \u2013 vidines ir i\u0161orines blogio i\u0161takas. Vilfredas Sagenas, \u017eavingos i\u0161vaizdos jaunuolis i\u0161 turting\u0173 Oslo sluoksni\u0173, lengvai \u012fgyja vis\u0173 simpatijas. Jis neken\u010dia savo aplinkos, ta\u010diau, nenor\u0117damas nutraukti su ja ry\u0161i\u0173, patiria vienatv\u0119, tu\u0161tum\u0105, beprasmyb\u0119, i\u0161 nuobodulio lengvai leid\u017eiasi \u012f kriminalinius nuotykius.<\/p>\n","protected":false},"excerpt":{"rendered":"<p>Vieno did\u017eiausi\u0173 dvide\u0161imtojo am\u017eiaus norveg\u0173 ra\u0161ytojo Johan&#8217;o Borgen&#8217;o (1902\u20131979) knyga \u201eTamsieji \u0161altiniai\u201c \u2013 antroji trilogijos \u201eMa\u017easis lordas\u201c dalis \u2013 tai tarytum vadinamasis aukl\u0117jamasis romanas atvirk\u0161tine prasme. Jame parodomas pagrindinio herojaus kelias \u012f i\u0161davyst\u0119, nusikaltim\u0105 ir galutin\u012f \u017elugim\u0105. Romane sukurtas ry\u0161kus I-ojo pasaulinio karo met\u0173 Norvegijos vaizdas. Autorius subtiliai atskleid\u017eia \u201etamsiuosius \u0161altinius\u201c \u2013 vidines ir i\u0161orines blogio i\u0161takas. Vilfredas Sagenas, \u017eavingos i\u0161vaizdos jaunuolis i\u0161 turting\u0173 Oslo sluoksni\u0173, lengvai \u012fgyja vis\u0173 simpatijas. Jis neken\u010dia savo aplinkos, ta\u010diau, nenor\u0117damas nutraukti su ja ry\u0161i\u0173, patiria vienatv\u0119, tu\u0161tum\u0105, beprasmyb\u0119, i\u0161 nuobodulio lengvai leid\u017eiasi \u012f kriminalinius nuotykius.<\/p>\n","protected":false},"featured_media":4194,"comment_status":"closed","ping_status":"closed","template":"","meta":{"_acf_changed":false,"site-sidebar-layout":"default","site-content-layout":"","ast-site-content-layout":"default","site-content-style":"default","site-sidebar-style":"default","ast-global-header-display":"","ast-banner-title-visibility":"","ast-main-header-display":"","ast-hfb-above-header-display":"","ast-hfb-below-header-display":"","ast-hfb-mobile-header-display":"","site-post-title":"","ast-breadcrumbs-content":"","ast-featured-img":"","footer-sml-layout":"","ast-disable-related-posts":"","theme-transparent-header-meta":"","adv-header-id-meta":"","stick-header-meta":"","header-above-stick-meta":"","header-main-stick-meta":"","header-below-stick-meta":"","astra-migrate-meta-layouts":"default","ast-page-background-enabled":"default","ast-page-background-meta":{"desktop":{"background-color":"","background-image":"","background-repeat":"repeat","background-position":"center center","background-size":"auto","background-attachment":"scroll","background-type":"","background-media":"","overlay-type":"","overlay-color":"","overlay-opacity":"","overlay-gradient":""},"tablet":{"background-color":"","background-image":"","background-repeat":"repeat","background-position":"center center","background-size":"auto","background-attachment":"scroll","background-type":"","background-media":"","overlay-type":"","overlay-color":"","overlay-opacity":"","overlay-gradient":""},"mobile":{"background-color":"","background-image":"","background-repeat":"repeat","background-position":"center center","background-size":"auto","background-attachment":"scroll","background-type":"","background-media":"","overlay-type":"","overlay-color":"","overlay-opacity":"","overlay-gradient":""}},"ast-content-background-meta":{"desktop":{"background-color":"var(--ast-global-color-4)","background-image":"","background-repeat":"repeat","background-position":"center center","background-size":"auto","background-attachment":"scroll","background-type":"","background-media":"","overlay-type":"","overlay-color":"","overlay-opacity":"","overlay-gradient":""},"tablet":{"background-color":"var(--ast-global-color-4)","background-image":"","background-repeat":"repeat","background-position":"center center","background-size":"auto","background-attachment":"scroll","background-type":"","background-media":"","overlay-type":"","overlay-color":"","overlay-opacity":"","overlay-gradient":""},"mobile":{"background-color":"var(--ast-global-color-4)","background-image":"","background-repeat":"repeat","background-position":"center center","background-size":"auto","background-attachment":"scroll","background-type":"","background-media":"","overlay-type":"","overlay-color":"","overlay-opacity":"","overlay-gradient":""}}},"product_brand":[],"product_cat":[558,165],"product_tag":[],"class_list":{"0":"post-4718","1":"product","2":"type-product","3":"status-publish","4":"has-post-thumbnail","6":"product_cat-pasaulines-literaturos-biblioteka","7":"product_cat-religija-filosofija-ir-ezoterika","8":"desktop-align-left","9":"tablet-align-left","10":"mobile-align-left","12":"first","13":"outofstock","14":"shipping-taxable","15":"purchasable","16":"product-type-simple"},"acf":[],"yoast_head":"<!-- This site is optimized with the Yoast SEO plugin v27.0 - https:\/\/yoast.com\/product\/yoast-seo-wordpress\/ -->\n<title>J. Borgen \u201eMa\u017easis lordas. Tamsieji \u0161altiniai\u201c - Skaitytaknyga<\/title>\n<meta name=\"description\" content=\"Vieno did\u017eiausi\u0173 dvide\u0161imtojo am\u017eiaus norveg\u0173 ra\u0161ytojo Johan&#039;o Borgen&#039;o (1902\u20131979) knyga \u201eTamsieji \u0161altiniai\u201c \u2013 antroji trilogijos \u201eMa\u017easis lordas\u201c dalis \u2013 tai tarytum vadinamasis aukl\u0117jamasis romanas atvirk\u0161tine prasme. Jame parodomas pagrindinio herojaus kelias \u012f i\u0161davyst\u0119, nusikaltim\u0105 ir galutin\u012f \u017elugim\u0105. Romane sukurtas ry\u0161kus I-ojo pasaulinio karo met\u0173 Norvegijos vaizdas. Autorius subtiliai atskleid\u017eia \u201etamsiuosius \u0161altinius\u201c \u2013 vidines ir i\u0161orines blogio i\u0161takas. Vilfredas Sagenas, \u017eavingos i\u0161vaizdos jaunuolis i\u0161 turting\u0173 Oslo sluoksni\u0173, lengvai \u012fgyja vis\u0173 simpatijas. Jis neken\u010dia savo aplinkos, ta\u010diau, nenor\u0117damas nutraukti su ja ry\u0161i\u0173, patiria vienatv\u0119, tu\u0161tum\u0105, beprasmyb\u0119, i\u0161 nuobodulio lengvai leid\u017eiasi \u012f kriminalinius nuotykius.\" \/>\n<meta name=\"robots\" content=\"index, follow, max-snippet:-1, max-image-preview:large, max-video-preview:-1\" \/>\n<link rel=\"canonical\" href=\"https:\/\/skaitytaknyga.lt\/en\/produktas\/j-borgen-mazasis-lordas-tamsieji-saltiniai\/\" \/>\n<meta property=\"og:locale\" content=\"en_GB\" \/>\n<meta property=\"og:locale:alternate\" content=\"lt_LT\" \/>\n<meta property=\"og:type\" content=\"article\" \/>\n<meta property=\"og:title\" content=\"J. Borgen \u201eMa\u017easis lordas. Tamsieji \u0161altiniai\u201c - Skaitytaknyga\" \/>\n<meta property=\"og:description\" content=\"Vieno did\u017eiausi\u0173 dvide\u0161imtojo am\u017eiaus norveg\u0173 ra\u0161ytojo Johan&#039;o Borgen&#039;o (1902\u20131979) knyga \u201eTamsieji \u0161altiniai\u201c \u2013 antroji trilogijos \u201eMa\u017easis lordas\u201c dalis \u2013 tai tarytum vadinamasis aukl\u0117jamasis romanas atvirk\u0161tine prasme. Jame parodomas pagrindinio herojaus kelias \u012f i\u0161davyst\u0119, nusikaltim\u0105 ir galutin\u012f \u017elugim\u0105. Romane sukurtas ry\u0161kus I-ojo pasaulinio karo met\u0173 Norvegijos vaizdas. Autorius subtiliai atskleid\u017eia \u201etamsiuosius \u0161altinius\u201c \u2013 vidines ir i\u0161orines blogio i\u0161takas. Vilfredas Sagenas, \u017eavingos i\u0161vaizdos jaunuolis i\u0161 turting\u0173 Oslo sluoksni\u0173, lengvai \u012fgyja vis\u0173 simpatijas. Jis neken\u010dia savo aplinkos, ta\u010diau, nenor\u0117damas nutraukti su ja ry\u0161i\u0173, patiria vienatv\u0119, tu\u0161tum\u0105, beprasmyb\u0119, i\u0161 nuobodulio lengvai leid\u017eiasi \u012f kriminalinius nuotykius.\" \/>\n<meta property=\"og:url\" content=\"https:\/\/skaitytaknyga.lt\/en\/produktas\/j-borgen-mazasis-lordas-tamsieji-saltiniai\/\" \/>\n<meta property=\"og:site_name\" content=\"Skaitytaknyga\" \/>\n<meta property=\"article:publisher\" content=\"https:\/\/www.facebook.com\/skaitytaknyga\/\" \/>\n<meta property=\"article:modified_time\" content=\"2024-05-03T07:26:36+00:00\" \/>\n<meta property=\"og:image\" content=\"https:\/\/skaitytaknyga.lt\/wp-content\/uploads\/2024\/04\/klasika.png\" \/>\n\t<meta property=\"og:image:width\" content=\"271\" \/>\n\t<meta property=\"og:image:height\" content=\"411\" \/>\n\t<meta property=\"og:image:type\" content=\"image\/png\" \/>\n<meta name=\"twitter:card\" content=\"summary_large_image\" \/>\n<meta name=\"twitter:label1\" content=\"Estimated reading time\" \/>\n\t<meta name=\"twitter:data1\" content=\"1 minute\" \/>\n<script type=\"application\/ld+json\" class=\"yoast-schema-graph\">{\"@context\":\"https:\/\/schema.org\",\"@graph\":[{\"@type\":\"WebPage\",\"@id\":\"https:\/\/skaitytaknyga.lt\/produktas\/j-borgen-mazasis-lordas-tamsieji-saltiniai\/\",\"url\":\"https:\/\/skaitytaknyga.lt\/produktas\/j-borgen-mazasis-lordas-tamsieji-saltiniai\/\",\"name\":\"J. Borgen \u201eMa\u017easis lordas. Tamsieji \u0161altiniai\u201c - Skaitytaknyga\",\"isPartOf\":{\"@id\":\"https:\/\/skaitytaknyga.lt\/#website\"},\"primaryImageOfPage\":{\"@id\":\"https:\/\/skaitytaknyga.lt\/produktas\/j-borgen-mazasis-lordas-tamsieji-saltiniai\/#primaryimage\"},\"image\":{\"@id\":\"https:\/\/skaitytaknyga.lt\/produktas\/j-borgen-mazasis-lordas-tamsieji-saltiniai\/#primaryimage\"},\"thumbnailUrl\":\"https:\/\/skaitytaknyga.lt\/wp-content\/uploads\/2024\/04\/klasika.png\",\"datePublished\":\"2024-04-17T13:53:37+00:00\",\"dateModified\":\"2024-05-03T07:26:36+00:00\",\"description\":\"Vieno did\u017eiausi\u0173 dvide\u0161imtojo am\u017eiaus norveg\u0173 ra\u0161ytojo Johan'o Borgen'o (1902\u20131979) knyga \u201eTamsieji \u0161altiniai\u201c \u2013 antroji trilogijos \u201eMa\u017easis lordas\u201c dalis \u2013 tai tarytum vadinamasis aukl\u0117jamasis romanas atvirk\u0161tine prasme. Jame parodomas pagrindinio herojaus kelias \u012f i\u0161davyst\u0119, nusikaltim\u0105 ir galutin\u012f \u017elugim\u0105. Romane sukurtas ry\u0161kus I-ojo pasaulinio karo met\u0173 Norvegijos vaizdas. Autorius subtiliai atskleid\u017eia \u201etamsiuosius \u0161altinius\u201c \u2013 vidines ir i\u0161orines blogio i\u0161takas. Vilfredas Sagenas, \u017eavingos i\u0161vaizdos jaunuolis i\u0161 turting\u0173 Oslo sluoksni\u0173, lengvai \u012fgyja vis\u0173 simpatijas. Jis neken\u010dia savo aplinkos, ta\u010diau, nenor\u0117damas nutraukti su ja ry\u0161i\u0173, patiria vienatv\u0119, tu\u0161tum\u0105, beprasmyb\u0119, i\u0161 nuobodulio lengvai leid\u017eiasi \u012f kriminalinius nuotykius.\",\"breadcrumb\":{\"@id\":\"https:\/\/skaitytaknyga.lt\/produktas\/j-borgen-mazasis-lordas-tamsieji-saltiniai\/#breadcrumb\"},\"inLanguage\":\"en-GB\",\"potentialAction\":[{\"@type\":\"ReadAction\",\"target\":[\"https:\/\/skaitytaknyga.lt\/produktas\/j-borgen-mazasis-lordas-tamsieji-saltiniai\/\"]}]},{\"@type\":\"ImageObject\",\"inLanguage\":\"en-GB\",\"@id\":\"https:\/\/skaitytaknyga.lt\/produktas\/j-borgen-mazasis-lordas-tamsieji-saltiniai\/#primaryimage\",\"url\":\"https:\/\/skaitytaknyga.lt\/wp-content\/uploads\/2024\/04\/klasika.png\",\"contentUrl\":\"https:\/\/skaitytaknyga.lt\/wp-content\/uploads\/2024\/04\/klasika.png\",\"width\":271,\"height\":411,\"caption\":\"klasika\"},{\"@type\":\"BreadcrumbList\",\"@id\":\"https:\/\/skaitytaknyga.lt\/produktas\/j-borgen-mazasis-lordas-tamsieji-saltiniai\/#breadcrumb\",\"itemListElement\":[{\"@type\":\"ListItem\",\"position\":1,\"name\":\"Home\",\"item\":\"https:\/\/skaitytaknyga.lt\/\"},{\"@type\":\"ListItem\",\"position\":2,\"name\":\"Parduotuv\u0117\",\"item\":\"https:\/\/skaitytaknyga.lt\/knygu-parduotuve\/\"},{\"@type\":\"ListItem\",\"position\":3,\"name\":\"J. Borgen \u201eMa\u017easis lordas. Tamsieji \u0161altiniai\u201c\"}]},{\"@type\":\"WebSite\",\"@id\":\"https:\/\/skaitytaknyga.lt\/#website\",\"url\":\"https:\/\/skaitytaknyga.lt\/\",\"name\":\"skaitytaknyga.lt\",\"description\":\"Skaitytaknyga.lt \u2013 tai ma\u017eas \u0161eimos verslas, kuris prasid\u0117jo nuo meil\u0117s knygoms ir siekio i\u0161gelb\u0117ti knygas nuo likimo prie konteinerio. Kas vienam nereikalingas daiktas \u2013 kitam lobis, o mes esame tarpininkai, kurie padeda abiems tapti laimingesniems ???? \u017dinome kaip nelengva i\u0161gyventi ma\u017eiems verslams, tad nuo \u0161iol, \u010dia rasite ir kit\u0173, ma\u017e\u0173 \u0161eim\u0173 versl\u0173, rank\u0173 darbo, dovan\u0173 sau ir artimiesiems.\",\"publisher\":{\"@id\":\"https:\/\/skaitytaknyga.lt\/#organization\"},\"potentialAction\":[{\"@type\":\"SearchAction\",\"target\":{\"@type\":\"EntryPoint\",\"urlTemplate\":\"https:\/\/skaitytaknyga.lt\/?s={search_term_string}\"},\"query-input\":{\"@type\":\"PropertyValueSpecification\",\"valueRequired\":true,\"valueName\":\"search_term_string\"}}],\"inLanguage\":\"en-GB\"},{\"@type\":\"Organization\",\"@id\":\"https:\/\/skaitytaknyga.lt\/#organization\",\"name\":\"skaitytaknyga.lt\",\"url\":\"https:\/\/skaitytaknyga.lt\/\",\"logo\":{\"@type\":\"ImageObject\",\"inLanguage\":\"en-GB\",\"@id\":\"https:\/\/skaitytaknyga.lt\/#\/schema\/logo\/image\/\",\"url\":\"https:\/\/skaitytaknyga.lt\/wp-content\/uploads\/2024\/05\/cropped-cropped-cropped-02_00843_jt3bggkj1j3HLc7SyY6rEUpg.jpeg\",\"contentUrl\":\"https:\/\/skaitytaknyga.lt\/wp-content\/uploads\/2024\/05\/cropped-cropped-cropped-02_00843_jt3bggkj1j3HLc7SyY6rEUpg.jpeg\",\"width\":1600,\"height\":1600,\"caption\":\"skaitytaknyga.lt\"},\"image\":{\"@id\":\"https:\/\/skaitytaknyga.lt\/#\/schema\/logo\/image\/\"},\"sameAs\":[\"https:\/\/www.facebook.com\/skaitytaknyga\/\"]}]}<\/script>\n<!-- \/ Yoast SEO plugin. -->","yoast_head_json":{"title":"J. Borgen \u201eMa\u017easis lordas. Tamsieji \u0161altiniai\u201c - Skaitytaknyga","description":"Vieno did\u017eiausi\u0173 dvide\u0161imtojo am\u017eiaus norveg\u0173 ra\u0161ytojo Johan'o Borgen'o (1902\u20131979) knyga \u201eTamsieji \u0161altiniai\u201c \u2013 antroji trilogijos \u201eMa\u017easis lordas\u201c dalis \u2013 tai tarytum vadinamasis aukl\u0117jamasis romanas atvirk\u0161tine prasme. Jame parodomas pagrindinio herojaus kelias \u012f i\u0161davyst\u0119, nusikaltim\u0105 ir galutin\u012f \u017elugim\u0105. Romane sukurtas ry\u0161kus I-ojo pasaulinio karo met\u0173 Norvegijos vaizdas. Autorius subtiliai atskleid\u017eia \u201etamsiuosius \u0161altinius\u201c \u2013 vidines ir i\u0161orines blogio i\u0161takas. Vilfredas Sagenas, \u017eavingos i\u0161vaizdos jaunuolis i\u0161 turting\u0173 Oslo sluoksni\u0173, lengvai \u012fgyja vis\u0173 simpatijas. Jis neken\u010dia savo aplinkos, ta\u010diau, nenor\u0117damas nutraukti su ja ry\u0161i\u0173, patiria vienatv\u0119, tu\u0161tum\u0105, beprasmyb\u0119, i\u0161 nuobodulio lengvai leid\u017eiasi \u012f kriminalinius nuotykius.","robots":{"index":"index","follow":"follow","max-snippet":"max-snippet:-1","max-image-preview":"max-image-preview:large","max-video-preview":"max-video-preview:-1"},"canonical":"https:\/\/skaitytaknyga.lt\/en\/produktas\/j-borgen-mazasis-lordas-tamsieji-saltiniai\/","og_locale":"en_GB","og_type":"article","og_title":"J. Borgen \u201eMa\u017easis lordas. Tamsieji \u0161altiniai\u201c - Skaitytaknyga","og_description":"Vieno did\u017eiausi\u0173 dvide\u0161imtojo am\u017eiaus norveg\u0173 ra\u0161ytojo Johan'o Borgen'o (1902\u20131979) knyga \u201eTamsieji \u0161altiniai\u201c \u2013 antroji trilogijos \u201eMa\u017easis lordas\u201c dalis \u2013 tai tarytum vadinamasis aukl\u0117jamasis romanas atvirk\u0161tine prasme. Jame parodomas pagrindinio herojaus kelias \u012f i\u0161davyst\u0119, nusikaltim\u0105 ir galutin\u012f \u017elugim\u0105. Romane sukurtas ry\u0161kus I-ojo pasaulinio karo met\u0173 Norvegijos vaizdas. Autorius subtiliai atskleid\u017eia \u201etamsiuosius \u0161altinius\u201c \u2013 vidines ir i\u0161orines blogio i\u0161takas. Vilfredas Sagenas, \u017eavingos i\u0161vaizdos jaunuolis i\u0161 turting\u0173 Oslo sluoksni\u0173, lengvai \u012fgyja vis\u0173 simpatijas. Jis neken\u010dia savo aplinkos, ta\u010diau, nenor\u0117damas nutraukti su ja ry\u0161i\u0173, patiria vienatv\u0119, tu\u0161tum\u0105, beprasmyb\u0119, i\u0161 nuobodulio lengvai leid\u017eiasi \u012f kriminalinius nuotykius.","og_url":"https:\/\/skaitytaknyga.lt\/en\/produktas\/j-borgen-mazasis-lordas-tamsieji-saltiniai\/","og_site_name":"Skaitytaknyga","article_publisher":"https:\/\/www.facebook.com\/skaitytaknyga\/","article_modified_time":"2024-05-03T07:26:36+00:00","og_image":[{"width":271,"height":411,"url":"https:\/\/skaitytaknyga.lt\/wp-content\/uploads\/2024\/04\/klasika.png","type":"image\/png"}],"twitter_card":"summary_large_image","twitter_misc":{"Estimated reading time":"1 minute"},"schema":{"@context":"https:\/\/schema.org","@graph":[{"@type":"WebPage","@id":"https:\/\/skaitytaknyga.lt\/produktas\/j-borgen-mazasis-lordas-tamsieji-saltiniai\/","url":"https:\/\/skaitytaknyga.lt\/produktas\/j-borgen-mazasis-lordas-tamsieji-saltiniai\/","name":"J. Borgen \u201eMa\u017easis lordas. Tamsieji \u0161altiniai\u201c - Skaitytaknyga","isPartOf":{"@id":"https:\/\/skaitytaknyga.lt\/#website"},"primaryImageOfPage":{"@id":"https:\/\/skaitytaknyga.lt\/produktas\/j-borgen-mazasis-lordas-tamsieji-saltiniai\/#primaryimage"},"image":{"@id":"https:\/\/skaitytaknyga.lt\/produktas\/j-borgen-mazasis-lordas-tamsieji-saltiniai\/#primaryimage"},"thumbnailUrl":"https:\/\/skaitytaknyga.lt\/wp-content\/uploads\/2024\/04\/klasika.png","datePublished":"2024-04-17T13:53:37+00:00","dateModified":"2024-05-03T07:26:36+00:00","description":"Vieno did\u017eiausi\u0173 dvide\u0161imtojo am\u017eiaus norveg\u0173 ra\u0161ytojo Johan'o Borgen'o (1902\u20131979) knyga \u201eTamsieji \u0161altiniai\u201c \u2013 antroji trilogijos \u201eMa\u017easis lordas\u201c dalis \u2013 tai tarytum vadinamasis aukl\u0117jamasis romanas atvirk\u0161tine prasme. Jame parodomas pagrindinio herojaus kelias \u012f i\u0161davyst\u0119, nusikaltim\u0105 ir galutin\u012f \u017elugim\u0105. Romane sukurtas ry\u0161kus I-ojo pasaulinio karo met\u0173 Norvegijos vaizdas. Autorius subtiliai atskleid\u017eia \u201etamsiuosius \u0161altinius\u201c \u2013 vidines ir i\u0161orines blogio i\u0161takas. Vilfredas Sagenas, \u017eavingos i\u0161vaizdos jaunuolis i\u0161 turting\u0173 Oslo sluoksni\u0173, lengvai \u012fgyja vis\u0173 simpatijas. Jis neken\u010dia savo aplinkos, ta\u010diau, nenor\u0117damas nutraukti su ja ry\u0161i\u0173, patiria vienatv\u0119, tu\u0161tum\u0105, beprasmyb\u0119, i\u0161 nuobodulio lengvai leid\u017eiasi \u012f kriminalinius nuotykius.","breadcrumb":{"@id":"https:\/\/skaitytaknyga.lt\/produktas\/j-borgen-mazasis-lordas-tamsieji-saltiniai\/#breadcrumb"},"inLanguage":"en-GB","potentialAction":[{"@type":"ReadAction","target":["https:\/\/skaitytaknyga.lt\/produktas\/j-borgen-mazasis-lordas-tamsieji-saltiniai\/"]}]},{"@type":"ImageObject","inLanguage":"en-GB","@id":"https:\/\/skaitytaknyga.lt\/produktas\/j-borgen-mazasis-lordas-tamsieji-saltiniai\/#primaryimage","url":"https:\/\/skaitytaknyga.lt\/wp-content\/uploads\/2024\/04\/klasika.png","contentUrl":"https:\/\/skaitytaknyga.lt\/wp-content\/uploads\/2024\/04\/klasika.png","width":271,"height":411,"caption":"klasika"},{"@type":"BreadcrumbList","@id":"https:\/\/skaitytaknyga.lt\/produktas\/j-borgen-mazasis-lordas-tamsieji-saltiniai\/#breadcrumb","itemListElement":[{"@type":"ListItem","position":1,"name":"Home","item":"https:\/\/skaitytaknyga.lt\/"},{"@type":"ListItem","position":2,"name":"Parduotuv\u0117","item":"https:\/\/skaitytaknyga.lt\/knygu-parduotuve\/"},{"@type":"ListItem","position":3,"name":"J. Borgen \u201eMa\u017easis lordas. Tamsieji \u0161altiniai\u201c"}]},{"@type":"WebSite","@id":"https:\/\/skaitytaknyga.lt\/#website","url":"https:\/\/skaitytaknyga.lt\/","name":"skaitytaknyga.lt","description":"Skaitytaknyga.lt \u2013 tai ma\u017eas \u0161eimos verslas, kuris prasid\u0117jo nuo meil\u0117s knygoms ir siekio i\u0161gelb\u0117ti knygas nuo likimo prie konteinerio. Kas vienam nereikalingas daiktas \u2013 kitam lobis, o mes esame tarpininkai, kurie padeda abiems tapti laimingesniems ???? \u017dinome kaip nelengva i\u0161gyventi ma\u017eiems verslams, tad nuo \u0161iol, \u010dia rasite ir kit\u0173, ma\u017e\u0173 \u0161eim\u0173 versl\u0173, rank\u0173 darbo, dovan\u0173 sau ir artimiesiems.","publisher":{"@id":"https:\/\/skaitytaknyga.lt\/#organization"},"potentialAction":[{"@type":"SearchAction","target":{"@type":"EntryPoint","urlTemplate":"https:\/\/skaitytaknyga.lt\/?s={search_term_string}"},"query-input":{"@type":"PropertyValueSpecification","valueRequired":true,"valueName":"search_term_string"}}],"inLanguage":"en-GB"},{"@type":"Organization","@id":"https:\/\/skaitytaknyga.lt\/#organization","name":"skaitytaknyga.lt","url":"https:\/\/skaitytaknyga.lt\/","logo":{"@type":"ImageObject","inLanguage":"en-GB","@id":"https:\/\/skaitytaknyga.lt\/#\/schema\/logo\/image\/","url":"https:\/\/skaitytaknyga.lt\/wp-content\/uploads\/2024\/05\/cropped-cropped-cropped-02_00843_jt3bggkj1j3HLc7SyY6rEUpg.jpeg","contentUrl":"https:\/\/skaitytaknyga.lt\/wp-content\/uploads\/2024\/05\/cropped-cropped-cropped-02_00843_jt3bggkj1j3HLc7SyY6rEUpg.jpeg","width":1600,"height":1600,"caption":"skaitytaknyga.lt"},"image":{"@id":"https:\/\/skaitytaknyga.lt\/#\/schema\/logo\/image\/"},"sameAs":["https:\/\/www.facebook.com\/skaitytaknyga\/"]}]}},"_links":{"self":[{"href":"https:\/\/skaitytaknyga.lt\/en\/wp-json\/wp\/v2\/product\/4718","targetHints":{"allow":["GET"]}}],"collection":[{"href":"https:\/\/skaitytaknyga.lt\/en\/wp-json\/wp\/v2\/product"}],"about":[{"href":"https:\/\/skaitytaknyga.lt\/en\/wp-json\/wp\/v2\/types\/product"}],"replies":[{"embeddable":true,"href":"https:\/\/skaitytaknyga.lt\/en\/wp-json\/wp\/v2\/comments?post=4718"}],"wp:featuredmedia":[{"embeddable":true,"href":"https:\/\/skaitytaknyga.lt\/en\/wp-json\/wp\/v2\/media\/4194"}],"wp:attachment":[{"href":"https:\/\/skaitytaknyga.lt\/en\/wp-json\/wp\/v2\/media?parent=4718"}],"wp:term":[{"taxonomy":"product_brand","embeddable":true,"href":"https:\/\/skaitytaknyga.lt\/en\/wp-json\/wp\/v2\/product_brand?post=4718"},{"taxonomy":"product_cat","embeddable":true,"href":"https:\/\/skaitytaknyga.lt\/en\/wp-json\/wp\/v2\/product_cat?post=4718"},{"taxonomy":"product_tag","embeddable":true,"href":"https:\/\/skaitytaknyga.lt\/en\/wp-json\/wp\/v2\/product_tag?post=4718"}],"curies":[{"name":"wp","href":"https:\/\/api.w.org\/{rel}","templated":true}]}}