{"id":4695,"date":"2024-04-17T13:53:05","date_gmt":"2024-04-17T13:53:05","guid":{"rendered":"https:\/\/skaitytaknyga.lt\/?post_type=product&#038;p=4695"},"modified":"2026-03-18T13:15:56","modified_gmt":"2026-03-18T11:15:56","slug":"b-dainys-prostatos-ligos","status":"publish","type":"product","link":"https:\/\/skaitytaknyga.lt\/en\/produktas\/b-dainys-prostatos-ligos\/","title":{"rendered":"Prostatos ligos"},"content":{"rendered":"<p>Sveikata &#8211; svarbus kokybi\u0161ko \u017emogaus gyvenimo pamatas, kurio tvirtumu dera r\u016bpintis kiekvienam. Ne paslaptis, kad susid\u016br\u0119 su kokia nors sveikatos problema \u017emon\u0117s ne visada turi galimyb\u0119 gauti reikiam\u0105 informacij\u0105. Tad \u0161i sveikatinimo literat\u016bros serija pad\u0117s skaitytojams i\u0161samiau susipa\u017einti su r\u016bpimais klausimais. \u017dinoma, \u0161ie leidiniai nepakeis kvalifikuoto gydytojo konsultacijos, bet pad\u0117s \u017emon\u0117ms prusti ir ugdytis s\u0105moningesn\u012f po\u017ei\u016br\u012f \u012f savo sveikat\u0105.<\/p>\n<p>Knyga\u00a0<strong>&#8220;Prostatos ligos&#8221;\u00a0<\/strong>\u00a0supa\u017eindins su itin svarbiu vyro organizme organu, turin\u010diu jo gyvenime didel\u0119 reik\u0161m\u0119. Ne veltui sakoma, kad prostata yra antroji vyro \u0161irdis. Prostatos ligos gali persekioti vis\u0105 gyvenim\u0105, tod\u0117l labai svarbu \u017einoti, kod\u0117l jos prasideda, kas didina rizik\u0105 susirgti, kaip t\u0173 rizikos veiksni\u0173 i\u0161vengti ir k\u0105 daryti susirgus.<\/p>\n","protected":false},"excerpt":{"rendered":"<p>Sveikata &#8211; svarbus kokybi\u0161ko \u017emogaus gyvenimo pamatas, kurio tvirtumu dera r\u016bpintis kiekvienam. Ne paslaptis, kad susid\u016br\u0119 su kokia nors sveikatos problema \u017emon\u0117s ne visada turi galimyb\u0119 gauti reikiam\u0105 informacij\u0105. Tad \u0161i sveikatinimo literat\u016bros serija pad\u0117s skaitytojams i\u0161samiau susipa\u017einti su r\u016bpimais klausimais. \u017dinoma, \u0161ie leidiniai nepakeis kvalifikuoto gydytojo konsultacijos, bet pad\u0117s \u017emon\u0117ms prusti ir ugdytis s\u0105moningesn\u012f po\u017ei\u016br\u012f \u012f savo sveikat\u0105.<\/p>\n<p>Knyga\u00a0<strong>&#8220;Prostatos ligos&#8221;\u00a0<\/strong>\u00a0supa\u017eindins su itin svarbiu vyro organizme organu, turin\u010diu jo gyvenime didel\u0119 reik\u0161m\u0119. Ne veltui sakoma, kad prostata yra antroji vyro \u0161irdis. Prostatos ligos gali persekioti vis\u0105 gyvenim\u0105, tod\u0117l labai svarbu \u017einoti, kod\u0117l jos prasideda, kas didina rizik\u0105 susirgti, kaip t\u0173 rizikos veiksni\u0173 i\u0161vengti ir k\u0105 daryti susirgus.<\/p>\n","protected":false},"featured_media":4742,"comment_status":"closed","ping_status":"closed","template":"","meta":{"_acf_changed":false,"site-sidebar-layout":"default","site-content-layout":"","ast-site-content-layout":"default","site-content-style":"default","site-sidebar-style":"default","ast-global-header-display":"","ast-banner-title-visibility":"","ast-main-header-display":"","ast-hfb-above-header-display":"","ast-hfb-below-header-display":"","ast-hfb-mobile-header-display":"","site-post-title":"","ast-breadcrumbs-content":"","ast-featured-img":"","footer-sml-layout":"","ast-disable-related-posts":"","theme-transparent-header-meta":"","adv-header-id-meta":"","stick-header-meta":"","header-above-stick-meta":"","header-main-stick-meta":"","header-below-stick-meta":"","astra-migrate-meta-layouts":"default","ast-page-background-enabled":"default","ast-page-background-meta":{"desktop":{"background-color":"","background-image":"","background-repeat":"repeat","background-position":"center center","background-size":"auto","background-attachment":"scroll","background-type":"","background-media":"","overlay-type":"","overlay-color":"","overlay-opacity":"","overlay-gradient":""},"tablet":{"background-color":"","background-image":"","background-repeat":"repeat","background-position":"center center","background-size":"auto","background-attachment":"scroll","background-type":"","background-media":"","overlay-type":"","overlay-color":"","overlay-opacity":"","overlay-gradient":""},"mobile":{"background-color":"","background-image":"","background-repeat":"repeat","background-position":"center center","background-size":"auto","background-attachment":"scroll","background-type":"","background-media":"","overlay-type":"","overlay-color":"","overlay-opacity":"","overlay-gradient":""}},"ast-content-background-meta":{"desktop":{"background-color":"var(--ast-global-color-4)","background-image":"","background-repeat":"repeat","background-position":"center center","background-size":"auto","background-attachment":"scroll","background-type":"","background-media":"","overlay-type":"","overlay-color":"","overlay-opacity":"","overlay-gradient":""},"tablet":{"background-color":"var(--ast-global-color-4)","background-image":"","background-repeat":"repeat","background-position":"center center","background-size":"auto","background-attachment":"scroll","background-type":"","background-media":"","overlay-type":"","overlay-color":"","overlay-opacity":"","overlay-gradient":""},"mobile":{"background-color":"var(--ast-global-color-4)","background-image":"","background-repeat":"repeat","background-position":"center center","background-size":"auto","background-attachment":"scroll","background-type":"","background-media":"","overlay-type":"","overlay-color":"","overlay-opacity":"","overlay-gradient":""}}},"product_brand":[],"product_cat":[9854,55],"product_tag":[],"class_list":{"0":"post-4695","1":"product","2":"type-product","3":"status-publish","4":"has-post-thumbnail","6":"product_cat-medicina","7":"product_cat-sveikata-ir-sveika-mityba","8":"desktop-align-left","9":"tablet-align-left","10":"mobile-align-left","12":"first","13":"instock","14":"shipping-taxable","15":"purchasable","16":"product-type-simple"},"acf":[],"yoast_head":"<!-- This site is optimized with the Yoast SEO plugin v27.0 - https:\/\/yoast.com\/product\/yoast-seo-wordpress\/ -->\n<title>Prostatos ligos<\/title>\n<meta name=\"description\" content=\"Sveikata - svarbus kokybi\u0161ko \u017emogaus gyvenimo pamatas, kurio tvirtumu dera r\u016bpintis kiekvienam. Ne paslaptis, kad susid\u016br\u0119 su kokia nors sveikatos problema \u017emon\u0117s ne visada turi galimyb\u0119 gauti reikiam\u0105 informacij\u0105. Tad \u0161i sveikatinimo literat\u016bros serija pad\u0117s skaitytojams i\u0161samiau susipa\u017einti su r\u016bpimais klausimais. \u017dinoma, \u0161ie leidiniai nepakeis kvalifikuoto gydytojo konsultacijos, bet pad\u0117s \u017emon\u0117ms prusti ir ugdytis s\u0105moningesn\u012f po\u017ei\u016br\u012f \u012f savo sveikat\u0105.   Knyga\u00a0&quot;Prostatos ligos&quot;\u00a0\u00a0supa\u017eindins su itin svarbiu vyro organizme organu, turin\u010diu jo gyvenime didel\u0119 reik\u0161m\u0119. Ne veltui sakoma, kad prostata yra antroji vyro \u0161irdis. Prostatos ligos gali persekioti vis\u0105 gyvenim\u0105, tod\u0117l labai svarbu \u017einoti, kod\u0117l jos prasideda, kas didina rizik\u0105 susirgti, kaip t\u0173 rizikos veiksni\u0173 i\u0161vengti ir k\u0105 daryti susirgus.\" \/>\n<meta name=\"robots\" content=\"index, follow, max-snippet:-1, max-image-preview:large, max-video-preview:-1\" \/>\n<link rel=\"canonical\" href=\"https:\/\/skaitytaknyga.lt\/en\/produktas\/b-dainys-prostatos-ligos\/\" \/>\n<meta property=\"og:locale\" content=\"en_GB\" \/>\n<meta property=\"og:locale:alternate\" content=\"lt_LT\" \/>\n<meta property=\"og:type\" content=\"article\" \/>\n<meta property=\"og:title\" content=\"Prostatos ligos\" \/>\n<meta property=\"og:description\" content=\"Sveikata - svarbus kokybi\u0161ko \u017emogaus gyvenimo pamatas, kurio tvirtumu dera r\u016bpintis kiekvienam. Ne paslaptis, kad susid\u016br\u0119 su kokia nors sveikatos problema \u017emon\u0117s ne visada turi galimyb\u0119 gauti reikiam\u0105 informacij\u0105. Tad \u0161i sveikatinimo literat\u016bros serija pad\u0117s skaitytojams i\u0161samiau susipa\u017einti su r\u016bpimais klausimais. \u017dinoma, \u0161ie leidiniai nepakeis kvalifikuoto gydytojo konsultacijos, bet pad\u0117s \u017emon\u0117ms prusti ir ugdytis s\u0105moningesn\u012f po\u017ei\u016br\u012f \u012f savo sveikat\u0105.   Knyga\u00a0&quot;Prostatos ligos&quot;\u00a0\u00a0supa\u017eindins su itin svarbiu vyro organizme organu, turin\u010diu jo gyvenime didel\u0119 reik\u0161m\u0119. Ne veltui sakoma, kad prostata yra antroji vyro \u0161irdis. Prostatos ligos gali persekioti vis\u0105 gyvenim\u0105, tod\u0117l labai svarbu \u017einoti, kod\u0117l jos prasideda, kas didina rizik\u0105 susirgti, kaip t\u0173 rizikos veiksni\u0173 i\u0161vengti ir k\u0105 daryti susirgus.\" \/>\n<meta property=\"og:url\" content=\"https:\/\/skaitytaknyga.lt\/en\/produktas\/b-dainys-prostatos-ligos\/\" \/>\n<meta property=\"og:site_name\" content=\"Skaitytaknyga\" \/>\n<meta property=\"article:publisher\" content=\"https:\/\/www.facebook.com\/skaitytaknyga\/\" \/>\n<meta property=\"article:modified_time\" content=\"2026-03-18T11:15:56+00:00\" \/>\n<meta property=\"og:image\" content=\"https:\/\/skaitytaknyga.lt\/wp-content\/uploads\/2024\/04\/prostatos-ligos-balys-dainys.jpg\" \/>\n\t<meta property=\"og:image:width\" content=\"273\" \/>\n\t<meta property=\"og:image:height\" content=\"450\" \/>\n\t<meta property=\"og:image:type\" content=\"image\/jpeg\" \/>\n<meta name=\"twitter:card\" content=\"summary_large_image\" \/>\n<meta name=\"twitter:label1\" content=\"Estimated reading time\" \/>\n\t<meta name=\"twitter:data1\" content=\"1 minute\" \/>\n<script type=\"application\/ld+json\" class=\"yoast-schema-graph\">{\"@context\":\"https:\/\/schema.org\",\"@graph\":[{\"@type\":\"WebPage\",\"@id\":\"https:\/\/skaitytaknyga.lt\/produktas\/b-dainys-prostatos-ligos\/\",\"url\":\"https:\/\/skaitytaknyga.lt\/produktas\/b-dainys-prostatos-ligos\/\",\"name\":\"Prostatos ligos\",\"isPartOf\":{\"@id\":\"https:\/\/skaitytaknyga.lt\/#website\"},\"primaryImageOfPage\":{\"@id\":\"https:\/\/skaitytaknyga.lt\/produktas\/b-dainys-prostatos-ligos\/#primaryimage\"},\"image\":{\"@id\":\"https:\/\/skaitytaknyga.lt\/produktas\/b-dainys-prostatos-ligos\/#primaryimage\"},\"thumbnailUrl\":\"https:\/\/skaitytaknyga.lt\/wp-content\/uploads\/2024\/04\/prostatos-ligos-balys-dainys.jpg\",\"datePublished\":\"2024-04-17T13:53:05+00:00\",\"dateModified\":\"2026-03-18T11:15:56+00:00\",\"description\":\"Sveikata - svarbus kokybi\u0161ko \u017emogaus gyvenimo pamatas, kurio tvirtumu dera r\u016bpintis kiekvienam. Ne paslaptis, kad susid\u016br\u0119 su kokia nors sveikatos problema \u017emon\u0117s ne visada turi galimyb\u0119 gauti reikiam\u0105 informacij\u0105. Tad \u0161i sveikatinimo literat\u016bros serija pad\u0117s skaitytojams i\u0161samiau susipa\u017einti su r\u016bpimais klausimais. \u017dinoma, \u0161ie leidiniai nepakeis kvalifikuoto gydytojo konsultacijos, bet pad\u0117s \u017emon\u0117ms prusti ir ugdytis s\u0105moningesn\u012f po\u017ei\u016br\u012f \u012f savo sveikat\u0105. Knyga\u00a0\\\"Prostatos ligos\\\"\u00a0\u00a0supa\u017eindins su itin svarbiu vyro organizme organu, turin\u010diu jo gyvenime didel\u0119 reik\u0161m\u0119. Ne veltui sakoma, kad prostata yra antroji vyro \u0161irdis. Prostatos ligos gali persekioti vis\u0105 gyvenim\u0105, tod\u0117l labai svarbu \u017einoti, kod\u0117l jos prasideda, kas didina rizik\u0105 susirgti, kaip t\u0173 rizikos veiksni\u0173 i\u0161vengti ir k\u0105 daryti susirgus.\",\"breadcrumb\":{\"@id\":\"https:\/\/skaitytaknyga.lt\/produktas\/b-dainys-prostatos-ligos\/#breadcrumb\"},\"inLanguage\":\"en-GB\",\"potentialAction\":[{\"@type\":\"ReadAction\",\"target\":[\"https:\/\/skaitytaknyga.lt\/produktas\/b-dainys-prostatos-ligos\/\"]}]},{\"@type\":\"ImageObject\",\"inLanguage\":\"en-GB\",\"@id\":\"https:\/\/skaitytaknyga.lt\/produktas\/b-dainys-prostatos-ligos\/#primaryimage\",\"url\":\"https:\/\/skaitytaknyga.lt\/wp-content\/uploads\/2024\/04\/prostatos-ligos-balys-dainys.jpg\",\"contentUrl\":\"https:\/\/skaitytaknyga.lt\/wp-content\/uploads\/2024\/04\/prostatos-ligos-balys-dainys.jpg\",\"width\":273,\"height\":450},{\"@type\":\"BreadcrumbList\",\"@id\":\"https:\/\/skaitytaknyga.lt\/produktas\/b-dainys-prostatos-ligos\/#breadcrumb\",\"itemListElement\":[{\"@type\":\"ListItem\",\"position\":1,\"name\":\"Home\",\"item\":\"https:\/\/skaitytaknyga.lt\/\"},{\"@type\":\"ListItem\",\"position\":2,\"name\":\"Parduotuv\u0117\",\"item\":\"https:\/\/skaitytaknyga.lt\/knygu-parduotuve\/\"},{\"@type\":\"ListItem\",\"position\":3,\"name\":\"Prostatos ligos\"}]},{\"@type\":\"WebSite\",\"@id\":\"https:\/\/skaitytaknyga.lt\/#website\",\"url\":\"https:\/\/skaitytaknyga.lt\/\",\"name\":\"skaitytaknyga.lt\",\"description\":\"Skaitytaknyga.lt \u2013 tai ma\u017eas \u0161eimos verslas, kuris prasid\u0117jo nuo meil\u0117s knygoms ir siekio i\u0161gelb\u0117ti knygas nuo likimo prie konteinerio. Kas vienam nereikalingas daiktas \u2013 kitam lobis, o mes esame tarpininkai, kurie padeda abiems tapti laimingesniems ???? \u017dinome kaip nelengva i\u0161gyventi ma\u017eiems verslams, tad nuo \u0161iol, \u010dia rasite ir kit\u0173, ma\u017e\u0173 \u0161eim\u0173 versl\u0173, rank\u0173 darbo, dovan\u0173 sau ir artimiesiems.\",\"publisher\":{\"@id\":\"https:\/\/skaitytaknyga.lt\/#organization\"},\"potentialAction\":[{\"@type\":\"SearchAction\",\"target\":{\"@type\":\"EntryPoint\",\"urlTemplate\":\"https:\/\/skaitytaknyga.lt\/?s={search_term_string}\"},\"query-input\":{\"@type\":\"PropertyValueSpecification\",\"valueRequired\":true,\"valueName\":\"search_term_string\"}}],\"inLanguage\":\"en-GB\"},{\"@type\":\"Organization\",\"@id\":\"https:\/\/skaitytaknyga.lt\/#organization\",\"name\":\"skaitytaknyga.lt\",\"url\":\"https:\/\/skaitytaknyga.lt\/\",\"logo\":{\"@type\":\"ImageObject\",\"inLanguage\":\"en-GB\",\"@id\":\"https:\/\/skaitytaknyga.lt\/#\/schema\/logo\/image\/\",\"url\":\"https:\/\/skaitytaknyga.lt\/wp-content\/uploads\/2024\/05\/cropped-cropped-cropped-02_00843_jt3bggkj1j3HLc7SyY6rEUpg.jpeg\",\"contentUrl\":\"https:\/\/skaitytaknyga.lt\/wp-content\/uploads\/2024\/05\/cropped-cropped-cropped-02_00843_jt3bggkj1j3HLc7SyY6rEUpg.jpeg\",\"width\":1600,\"height\":1600,\"caption\":\"skaitytaknyga.lt\"},\"image\":{\"@id\":\"https:\/\/skaitytaknyga.lt\/#\/schema\/logo\/image\/\"},\"sameAs\":[\"https:\/\/www.facebook.com\/skaitytaknyga\/\"]}]}<\/script>\n<!-- \/ Yoast SEO plugin. -->","yoast_head_json":{"title":"Prostatos ligos","description":"Sveikata - svarbus kokybi\u0161ko \u017emogaus gyvenimo pamatas, kurio tvirtumu dera r\u016bpintis kiekvienam. Ne paslaptis, kad susid\u016br\u0119 su kokia nors sveikatos problema \u017emon\u0117s ne visada turi galimyb\u0119 gauti reikiam\u0105 informacij\u0105. Tad \u0161i sveikatinimo literat\u016bros serija pad\u0117s skaitytojams i\u0161samiau susipa\u017einti su r\u016bpimais klausimais. \u017dinoma, \u0161ie leidiniai nepakeis kvalifikuoto gydytojo konsultacijos, bet pad\u0117s \u017emon\u0117ms prusti ir ugdytis s\u0105moningesn\u012f po\u017ei\u016br\u012f \u012f savo sveikat\u0105.   Knyga\u00a0\"Prostatos ligos\"\u00a0\u00a0supa\u017eindins su itin svarbiu vyro organizme organu, turin\u010diu jo gyvenime didel\u0119 reik\u0161m\u0119. Ne veltui sakoma, kad prostata yra antroji vyro \u0161irdis. Prostatos ligos gali persekioti vis\u0105 gyvenim\u0105, tod\u0117l labai svarbu \u017einoti, kod\u0117l jos prasideda, kas didina rizik\u0105 susirgti, kaip t\u0173 rizikos veiksni\u0173 i\u0161vengti ir k\u0105 daryti susirgus.","robots":{"index":"index","follow":"follow","max-snippet":"max-snippet:-1","max-image-preview":"max-image-preview:large","max-video-preview":"max-video-preview:-1"},"canonical":"https:\/\/skaitytaknyga.lt\/en\/produktas\/b-dainys-prostatos-ligos\/","og_locale":"en_GB","og_type":"article","og_title":"[:lt]Prostatos ligos[:] - Skaitytaknyga","og_description":"Sveikata - svarbus kokybi\u0161ko \u017emogaus gyvenimo pamatas, kurio tvirtumu dera r\u016bpintis kiekvienam. Ne paslaptis, kad susid\u016br\u0119 su kokia nors sveikatos problema \u017emon\u0117s ne visada turi galimyb\u0119 gauti reikiam\u0105 informacij\u0105. Tad \u0161i sveikatinimo literat\u016bros serija pad\u0117s skaitytojams i\u0161samiau susipa\u017einti su r\u016bpimais klausimais. \u017dinoma, \u0161ie leidiniai nepakeis kvalifikuoto gydytojo konsultacijos, bet pad\u0117s \u017emon\u0117ms prusti ir ugdytis s\u0105moningesn\u012f po\u017ei\u016br\u012f \u012f savo sveikat\u0105.   Knyga\u00a0\"Prostatos ligos\"\u00a0\u00a0supa\u017eindins su itin svarbiu vyro organizme organu, turin\u010diu jo gyvenime didel\u0119 reik\u0161m\u0119. Ne veltui sakoma, kad prostata yra antroji vyro \u0161irdis. Prostatos ligos gali persekioti vis\u0105 gyvenim\u0105, tod\u0117l labai svarbu \u017einoti, kod\u0117l jos prasideda, kas didina rizik\u0105 susirgti, kaip t\u0173 rizikos veiksni\u0173 i\u0161vengti ir k\u0105 daryti susirgus.","og_url":"https:\/\/skaitytaknyga.lt\/en\/produktas\/b-dainys-prostatos-ligos\/","og_site_name":"Skaitytaknyga","article_publisher":"https:\/\/www.facebook.com\/skaitytaknyga\/","article_modified_time":"2026-03-18T11:15:56+00:00","og_image":[{"width":273,"height":450,"url":"https:\/\/skaitytaknyga.lt\/wp-content\/uploads\/2024\/04\/prostatos-ligos-balys-dainys.jpg","type":"image\/jpeg"}],"twitter_card":"summary_large_image","twitter_misc":{"Estimated reading time":"1 minute"},"schema":{"@context":"https:\/\/schema.org","@graph":[{"@type":"WebPage","@id":"https:\/\/skaitytaknyga.lt\/produktas\/b-dainys-prostatos-ligos\/","url":"https:\/\/skaitytaknyga.lt\/produktas\/b-dainys-prostatos-ligos\/","name":"Prostatos ligos","isPartOf":{"@id":"https:\/\/skaitytaknyga.lt\/#website"},"primaryImageOfPage":{"@id":"https:\/\/skaitytaknyga.lt\/produktas\/b-dainys-prostatos-ligos\/#primaryimage"},"image":{"@id":"https:\/\/skaitytaknyga.lt\/produktas\/b-dainys-prostatos-ligos\/#primaryimage"},"thumbnailUrl":"https:\/\/skaitytaknyga.lt\/wp-content\/uploads\/2024\/04\/prostatos-ligos-balys-dainys.jpg","datePublished":"2024-04-17T13:53:05+00:00","dateModified":"2026-03-18T11:15:56+00:00","description":"Sveikata - svarbus kokybi\u0161ko \u017emogaus gyvenimo pamatas, kurio tvirtumu dera r\u016bpintis kiekvienam. Ne paslaptis, kad susid\u016br\u0119 su kokia nors sveikatos problema \u017emon\u0117s ne visada turi galimyb\u0119 gauti reikiam\u0105 informacij\u0105. Tad \u0161i sveikatinimo literat\u016bros serija pad\u0117s skaitytojams i\u0161samiau susipa\u017einti su r\u016bpimais klausimais. \u017dinoma, \u0161ie leidiniai nepakeis kvalifikuoto gydytojo konsultacijos, bet pad\u0117s \u017emon\u0117ms prusti ir ugdytis s\u0105moningesn\u012f po\u017ei\u016br\u012f \u012f savo sveikat\u0105. Knyga\u00a0\"Prostatos ligos\"\u00a0\u00a0supa\u017eindins su itin svarbiu vyro organizme organu, turin\u010diu jo gyvenime didel\u0119 reik\u0161m\u0119. Ne veltui sakoma, kad prostata yra antroji vyro \u0161irdis. Prostatos ligos gali persekioti vis\u0105 gyvenim\u0105, tod\u0117l labai svarbu \u017einoti, kod\u0117l jos prasideda, kas didina rizik\u0105 susirgti, kaip t\u0173 rizikos veiksni\u0173 i\u0161vengti ir k\u0105 daryti susirgus.","breadcrumb":{"@id":"https:\/\/skaitytaknyga.lt\/produktas\/b-dainys-prostatos-ligos\/#breadcrumb"},"inLanguage":"en-GB","potentialAction":[{"@type":"ReadAction","target":["https:\/\/skaitytaknyga.lt\/produktas\/b-dainys-prostatos-ligos\/"]}]},{"@type":"ImageObject","inLanguage":"en-GB","@id":"https:\/\/skaitytaknyga.lt\/produktas\/b-dainys-prostatos-ligos\/#primaryimage","url":"https:\/\/skaitytaknyga.lt\/wp-content\/uploads\/2024\/04\/prostatos-ligos-balys-dainys.jpg","contentUrl":"https:\/\/skaitytaknyga.lt\/wp-content\/uploads\/2024\/04\/prostatos-ligos-balys-dainys.jpg","width":273,"height":450},{"@type":"BreadcrumbList","@id":"https:\/\/skaitytaknyga.lt\/produktas\/b-dainys-prostatos-ligos\/#breadcrumb","itemListElement":[{"@type":"ListItem","position":1,"name":"Home","item":"https:\/\/skaitytaknyga.lt\/"},{"@type":"ListItem","position":2,"name":"Parduotuv\u0117","item":"https:\/\/skaitytaknyga.lt\/knygu-parduotuve\/"},{"@type":"ListItem","position":3,"name":"Prostatos ligos"}]},{"@type":"WebSite","@id":"https:\/\/skaitytaknyga.lt\/#website","url":"https:\/\/skaitytaknyga.lt\/","name":"skaitytaknyga.lt","description":"Skaitytaknyga.lt \u2013 tai ma\u017eas \u0161eimos verslas, kuris prasid\u0117jo nuo meil\u0117s knygoms ir siekio i\u0161gelb\u0117ti knygas nuo likimo prie konteinerio. Kas vienam nereikalingas daiktas \u2013 kitam lobis, o mes esame tarpininkai, kurie padeda abiems tapti laimingesniems ???? \u017dinome kaip nelengva i\u0161gyventi ma\u017eiems verslams, tad nuo \u0161iol, \u010dia rasite ir kit\u0173, ma\u017e\u0173 \u0161eim\u0173 versl\u0173, rank\u0173 darbo, dovan\u0173 sau ir artimiesiems.","publisher":{"@id":"https:\/\/skaitytaknyga.lt\/#organization"},"potentialAction":[{"@type":"SearchAction","target":{"@type":"EntryPoint","urlTemplate":"https:\/\/skaitytaknyga.lt\/?s={search_term_string}"},"query-input":{"@type":"PropertyValueSpecification","valueRequired":true,"valueName":"search_term_string"}}],"inLanguage":"en-GB"},{"@type":"Organization","@id":"https:\/\/skaitytaknyga.lt\/#organization","name":"skaitytaknyga.lt","url":"https:\/\/skaitytaknyga.lt\/","logo":{"@type":"ImageObject","inLanguage":"en-GB","@id":"https:\/\/skaitytaknyga.lt\/#\/schema\/logo\/image\/","url":"https:\/\/skaitytaknyga.lt\/wp-content\/uploads\/2024\/05\/cropped-cropped-cropped-02_00843_jt3bggkj1j3HLc7SyY6rEUpg.jpeg","contentUrl":"https:\/\/skaitytaknyga.lt\/wp-content\/uploads\/2024\/05\/cropped-cropped-cropped-02_00843_jt3bggkj1j3HLc7SyY6rEUpg.jpeg","width":1600,"height":1600,"caption":"skaitytaknyga.lt"},"image":{"@id":"https:\/\/skaitytaknyga.lt\/#\/schema\/logo\/image\/"},"sameAs":["https:\/\/www.facebook.com\/skaitytaknyga\/"]}]}},"_links":{"self":[{"href":"https:\/\/skaitytaknyga.lt\/en\/wp-json\/wp\/v2\/product\/4695","targetHints":{"allow":["GET"]}}],"collection":[{"href":"https:\/\/skaitytaknyga.lt\/en\/wp-json\/wp\/v2\/product"}],"about":[{"href":"https:\/\/skaitytaknyga.lt\/en\/wp-json\/wp\/v2\/types\/product"}],"replies":[{"embeddable":true,"href":"https:\/\/skaitytaknyga.lt\/en\/wp-json\/wp\/v2\/comments?post=4695"}],"wp:featuredmedia":[{"embeddable":true,"href":"https:\/\/skaitytaknyga.lt\/en\/wp-json\/wp\/v2\/media\/4742"}],"wp:attachment":[{"href":"https:\/\/skaitytaknyga.lt\/en\/wp-json\/wp\/v2\/media?parent=4695"}],"wp:term":[{"taxonomy":"product_brand","embeddable":true,"href":"https:\/\/skaitytaknyga.lt\/en\/wp-json\/wp\/v2\/product_brand?post=4695"},{"taxonomy":"product_cat","embeddable":true,"href":"https:\/\/skaitytaknyga.lt\/en\/wp-json\/wp\/v2\/product_cat?post=4695"},{"taxonomy":"product_tag","embeddable":true,"href":"https:\/\/skaitytaknyga.lt\/en\/wp-json\/wp\/v2\/product_tag?post=4695"}],"curies":[{"name":"wp","href":"https:\/\/api.w.org\/{rel}","templated":true}]}}