{"id":4693,"date":"2024-04-17T13:53:05","date_gmt":"2024-04-17T13:53:05","guid":{"rendered":"https:\/\/skaitytaknyga.lt\/?post_type=product&#038;p=4693"},"modified":"2025-06-26T16:09:59","modified_gmt":"2025-06-26T13:09:59","slug":"diafragmos-suzalojimai","status":"publish","type":"product","link":"https:\/\/skaitytaknyga.lt\/en\/produktas\/diafragmos-suzalojimai\/","title":{"rendered":"Diafragmos su\u017ealojimai"},"content":{"rendered":"<p>Knygoje apra\u0161oma diafragmos su\u017ealojim\u0173: istorija, diagnostika, gydymas, komplikacijos. Knyga skirta gydytojams chirurgams.<\/p>\n<p>TURINYS<\/p>\n<p>\u012evadas<br \/>\nDiafragmos anatomijos ir fiziologijos ypatumai<br \/>\nIstorin\u0117 ap\u017evalga<br \/>\nSu\u017ealojim\u0173 da\u017enis<br \/>\nDiafragmos su\u017ealojim\u0173 etiologija<br \/>\nGretutiniai su\u017ealojimai<br \/>\nDiafragmos su\u017ealojim\u0173 padariniai<br \/>\nDiagnostika<br \/>\nDiafragmos su\u017ealojim\u0173 gydymas<br \/>\nMir\u0161tamumas ir komplikacijos<br \/>\nL\u0117tin\u0117s diafragmos i\u0161var\u017eos<br \/>\nGydyt\u0173 ligoni\u0173 aptarimas<br \/>\nLiterat\u016bra<\/p>\n","protected":false},"excerpt":{"rendered":"<p>Knygoje apra\u0161oma diafragmos su\u017ealojim\u0173: istorija, diagnostika, gydymas, komplikacijos. Knyga skirta gydytojams chirurgams.<\/p>\n<p>TURINYS<\/p>\n<p>\u012evadas<br \/>\nDiafragmos anatomijos ir fiziologijos ypatumai<br \/>\nIstorin\u0117 ap\u017evalga<br \/>\nSu\u017ealojim\u0173 da\u017enis<br \/>\nDiafragmos su\u017ealojim\u0173 etiologija<br \/>\nGretutiniai su\u017ealojimai<br \/>\nDiafragmos su\u017ealojim\u0173 padariniai<br \/>\nDiagnostika<br \/>\nDiafragmos su\u017ealojim\u0173 gydymas<br \/>\nMir\u0161tamumas ir komplikacijos<br \/>\nL\u0117tin\u0117s diafragmos i\u0161var\u017eos<br \/>\nGydyt\u0173 ligoni\u0173 aptarimas<br \/>\nLiterat\u016bra<\/p>\n","protected":false},"featured_media":4740,"comment_status":"closed","ping_status":"closed","template":"","meta":{"_acf_changed":false,"site-sidebar-layout":"default","site-content-layout":"","ast-site-content-layout":"default","site-content-style":"default","site-sidebar-style":"default","ast-global-header-display":"","ast-banner-title-visibility":"","ast-main-header-display":"","ast-hfb-above-header-display":"","ast-hfb-below-header-display":"","ast-hfb-mobile-header-display":"","site-post-title":"","ast-breadcrumbs-content":"","ast-featured-img":"","footer-sml-layout":"","ast-disable-related-posts":"","theme-transparent-header-meta":"","adv-header-id-meta":"","stick-header-meta":"","header-above-stick-meta":"","header-main-stick-meta":"","header-below-stick-meta":"","astra-migrate-meta-layouts":"default","ast-page-background-enabled":"default","ast-page-background-meta":{"desktop":{"background-color":"","background-image":"","background-repeat":"repeat","background-position":"center center","background-size":"auto","background-attachment":"scroll","background-type":"","background-media":"","overlay-type":"","overlay-color":"","overlay-opacity":"","overlay-gradient":""},"tablet":{"background-color":"","background-image":"","background-repeat":"repeat","background-position":"center center","background-size":"auto","background-attachment":"scroll","background-type":"","background-media":"","overlay-type":"","overlay-color":"","overlay-opacity":"","overlay-gradient":""},"mobile":{"background-color":"","background-image":"","background-repeat":"repeat","background-position":"center center","background-size":"auto","background-attachment":"scroll","background-type":"","background-media":"","overlay-type":"","overlay-color":"","overlay-opacity":"","overlay-gradient":""}},"ast-content-background-meta":{"desktop":{"background-color":"var(--ast-global-color-4)","background-image":"","background-repeat":"repeat","background-position":"center center","background-size":"auto","background-attachment":"scroll","background-type":"","background-media":"","overlay-type":"","overlay-color":"","overlay-opacity":"","overlay-gradient":""},"tablet":{"background-color":"var(--ast-global-color-4)","background-image":"","background-repeat":"repeat","background-position":"center center","background-size":"auto","background-attachment":"scroll","background-type":"","background-media":"","overlay-type":"","overlay-color":"","overlay-opacity":"","overlay-gradient":""},"mobile":{"background-color":"var(--ast-global-color-4)","background-image":"","background-repeat":"repeat","background-position":"center center","background-size":"auto","background-attachment":"scroll","background-type":"","background-media":"","overlay-type":"","overlay-color":"","overlay-opacity":"","overlay-gradient":""}}},"product_brand":[],"product_cat":[55],"product_tag":[5978,5977,5979,2095],"class_list":{"0":"post-4693","1":"product","2":"type-product","3":"status-publish","4":"has-post-thumbnail","6":"product_cat-sveikata-ir-sveika-mityba","7":"product_tag-chirurgija","8":"product_tag-diafragmos-suzalojimai","9":"product_tag-diagnostika","10":"product_tag-medicina","11":"desktop-align-left","12":"tablet-align-left","13":"mobile-align-left","15":"first","16":"outofstock","17":"shipping-taxable","18":"purchasable","19":"product-type-simple"},"acf":[],"yoast_head":"<!-- This site is optimized with the Yoast SEO plugin v27.0 - https:\/\/yoast.com\/product\/yoast-seo-wordpress\/ -->\n<title>Diafragmos su\u017ealojimai - Skaitytaknyga<\/title>\n<meta name=\"description\" content=\"Knygoje apra\u0161oma diafragmos su\u017ealojim\u0173: istorija, diagnostika, gydymas, komplikacijos. Knyga skirta gydytojams chirurgams.  TURINYS  \u012evadas Diafragmos anatomijos ir fiziologijos ypatumai Istorin\u0117 ap\u017evalga Su\u017ealojim\u0173 da\u017enis Diafragmos su\u017ealojim\u0173 etiologija Gretutiniai su\u017ealojimai Diafragmos su\u017ealojim\u0173 padariniai Diagnostika Diafragmos su\u017ealojim\u0173 gydymas Mir\u0161tamumas ir komplikacijos L\u0117tin\u0117s diafragmos i\u0161var\u017eos Gydyt\u0173 ligoni\u0173 aptarimas Literat\u016bra\" \/>\n<meta name=\"robots\" content=\"index, follow, max-snippet:-1, max-image-preview:large, max-video-preview:-1\" \/>\n<link rel=\"canonical\" href=\"https:\/\/skaitytaknyga.lt\/en\/produktas\/diafragmos-suzalojimai\/\" \/>\n<meta property=\"og:locale\" content=\"en_GB\" \/>\n<meta property=\"og:locale:alternate\" content=\"lt_LT\" \/>\n<meta property=\"og:type\" content=\"article\" \/>\n<meta property=\"og:title\" content=\"Diafragmos su\u017ealojimai - Skaitytaknyga\" \/>\n<meta property=\"og:description\" content=\"Knygoje apra\u0161oma diafragmos su\u017ealojim\u0173: istorija, diagnostika, gydymas, komplikacijos. Knyga skirta gydytojams chirurgams.  TURINYS  \u012evadas Diafragmos anatomijos ir fiziologijos ypatumai Istorin\u0117 ap\u017evalga Su\u017ealojim\u0173 da\u017enis Diafragmos su\u017ealojim\u0173 etiologija Gretutiniai su\u017ealojimai Diafragmos su\u017ealojim\u0173 padariniai Diagnostika Diafragmos su\u017ealojim\u0173 gydymas Mir\u0161tamumas ir komplikacijos L\u0117tin\u0117s diafragmos i\u0161var\u017eos Gydyt\u0173 ligoni\u0173 aptarimas Literat\u016bra\" \/>\n<meta property=\"og:url\" content=\"https:\/\/skaitytaknyga.lt\/en\/produktas\/diafragmos-suzalojimai\/\" \/>\n<meta property=\"og:site_name\" content=\"Skaitytaknyga\" \/>\n<meta property=\"article:publisher\" content=\"https:\/\/www.facebook.com\/skaitytaknyga\/\" \/>\n<meta property=\"article:modified_time\" content=\"2025-06-26T13:09:59+00:00\" \/>\n<meta property=\"og:image\" content=\"https:\/\/skaitytaknyga.lt\/wp-content\/uploads\/2024\/04\/suzalojimai.jpg\" \/>\n\t<meta property=\"og:image:width\" content=\"245\" \/>\n\t<meta property=\"og:image:height\" content=\"450\" \/>\n\t<meta property=\"og:image:type\" content=\"image\/jpeg\" \/>\n<meta name=\"twitter:card\" content=\"summary_large_image\" \/>\n<meta name=\"twitter:label1\" content=\"Estimated reading time\" \/>\n\t<meta name=\"twitter:data1\" content=\"1 minute\" \/>\n<script type=\"application\/ld+json\" class=\"yoast-schema-graph\">{\"@context\":\"https:\/\/schema.org\",\"@graph\":[{\"@type\":\"WebPage\",\"@id\":\"https:\/\/skaitytaknyga.lt\/produktas\/diafragmos-suzalojimai\/\",\"url\":\"https:\/\/skaitytaknyga.lt\/produktas\/diafragmos-suzalojimai\/\",\"name\":\"Diafragmos su\u017ealojimai - Skaitytaknyga\",\"isPartOf\":{\"@id\":\"https:\/\/skaitytaknyga.lt\/#website\"},\"primaryImageOfPage\":{\"@id\":\"https:\/\/skaitytaknyga.lt\/produktas\/diafragmos-suzalojimai\/#primaryimage\"},\"image\":{\"@id\":\"https:\/\/skaitytaknyga.lt\/produktas\/diafragmos-suzalojimai\/#primaryimage\"},\"thumbnailUrl\":\"https:\/\/skaitytaknyga.lt\/wp-content\/uploads\/2024\/04\/suzalojimai.jpg\",\"datePublished\":\"2024-04-17T13:53:05+00:00\",\"dateModified\":\"2025-06-26T13:09:59+00:00\",\"description\":\"Knygoje apra\u0161oma diafragmos su\u017ealojim\u0173: istorija, diagnostika, gydymas, komplikacijos. Knyga skirta gydytojams chirurgams. TURINYS \u012evadas Diafragmos anatomijos ir fiziologijos ypatumai Istorin\u0117 ap\u017evalga Su\u017ealojim\u0173 da\u017enis Diafragmos su\u017ealojim\u0173 etiologija Gretutiniai su\u017ealojimai Diafragmos su\u017ealojim\u0173 padariniai Diagnostika Diafragmos su\u017ealojim\u0173 gydymas Mir\u0161tamumas ir komplikacijos L\u0117tin\u0117s diafragmos i\u0161var\u017eos Gydyt\u0173 ligoni\u0173 aptarimas Literat\u016bra\",\"breadcrumb\":{\"@id\":\"https:\/\/skaitytaknyga.lt\/produktas\/diafragmos-suzalojimai\/#breadcrumb\"},\"inLanguage\":\"en-GB\",\"potentialAction\":[{\"@type\":\"ReadAction\",\"target\":[\"https:\/\/skaitytaknyga.lt\/produktas\/diafragmos-suzalojimai\/\"]}]},{\"@type\":\"ImageObject\",\"inLanguage\":\"en-GB\",\"@id\":\"https:\/\/skaitytaknyga.lt\/produktas\/diafragmos-suzalojimai\/#primaryimage\",\"url\":\"https:\/\/skaitytaknyga.lt\/wp-content\/uploads\/2024\/04\/suzalojimai.jpg\",\"contentUrl\":\"https:\/\/skaitytaknyga.lt\/wp-content\/uploads\/2024\/04\/suzalojimai.jpg\",\"width\":245,\"height\":450},{\"@type\":\"BreadcrumbList\",\"@id\":\"https:\/\/skaitytaknyga.lt\/produktas\/diafragmos-suzalojimai\/#breadcrumb\",\"itemListElement\":[{\"@type\":\"ListItem\",\"position\":1,\"name\":\"Home\",\"item\":\"https:\/\/skaitytaknyga.lt\/\"},{\"@type\":\"ListItem\",\"position\":2,\"name\":\"Parduotuv\u0117\",\"item\":\"https:\/\/skaitytaknyga.lt\/knygu-parduotuve\/\"},{\"@type\":\"ListItem\",\"position\":3,\"name\":\"Diafragmos su\u017ealojimai\"}]},{\"@type\":\"WebSite\",\"@id\":\"https:\/\/skaitytaknyga.lt\/#website\",\"url\":\"https:\/\/skaitytaknyga.lt\/\",\"name\":\"skaitytaknyga.lt\",\"description\":\"Skaitytaknyga.lt \u2013 tai ma\u017eas \u0161eimos verslas, kuris prasid\u0117jo nuo meil\u0117s knygoms ir siekio i\u0161gelb\u0117ti knygas nuo likimo prie konteinerio. Kas vienam nereikalingas daiktas \u2013 kitam lobis, o mes esame tarpininkai, kurie padeda abiems tapti laimingesniems ???? \u017dinome kaip nelengva i\u0161gyventi ma\u017eiems verslams, tad nuo \u0161iol, \u010dia rasite ir kit\u0173, ma\u017e\u0173 \u0161eim\u0173 versl\u0173, rank\u0173 darbo, dovan\u0173 sau ir artimiesiems.\",\"publisher\":{\"@id\":\"https:\/\/skaitytaknyga.lt\/#organization\"},\"potentialAction\":[{\"@type\":\"SearchAction\",\"target\":{\"@type\":\"EntryPoint\",\"urlTemplate\":\"https:\/\/skaitytaknyga.lt\/?s={search_term_string}\"},\"query-input\":{\"@type\":\"PropertyValueSpecification\",\"valueRequired\":true,\"valueName\":\"search_term_string\"}}],\"inLanguage\":\"en-GB\"},{\"@type\":\"Organization\",\"@id\":\"https:\/\/skaitytaknyga.lt\/#organization\",\"name\":\"skaitytaknyga.lt\",\"url\":\"https:\/\/skaitytaknyga.lt\/\",\"logo\":{\"@type\":\"ImageObject\",\"inLanguage\":\"en-GB\",\"@id\":\"https:\/\/skaitytaknyga.lt\/#\/schema\/logo\/image\/\",\"url\":\"https:\/\/skaitytaknyga.lt\/wp-content\/uploads\/2024\/05\/cropped-cropped-cropped-02_00843_jt3bggkj1j3HLc7SyY6rEUpg.jpeg\",\"contentUrl\":\"https:\/\/skaitytaknyga.lt\/wp-content\/uploads\/2024\/05\/cropped-cropped-cropped-02_00843_jt3bggkj1j3HLc7SyY6rEUpg.jpeg\",\"width\":1600,\"height\":1600,\"caption\":\"skaitytaknyga.lt\"},\"image\":{\"@id\":\"https:\/\/skaitytaknyga.lt\/#\/schema\/logo\/image\/\"},\"sameAs\":[\"https:\/\/www.facebook.com\/skaitytaknyga\/\"]}]}<\/script>\n<!-- \/ Yoast SEO plugin. -->","yoast_head_json":{"title":"Diafragmos su\u017ealojimai - Skaitytaknyga","description":"Knygoje apra\u0161oma diafragmos su\u017ealojim\u0173: istorija, diagnostika, gydymas, komplikacijos. Knyga skirta gydytojams chirurgams.  TURINYS  \u012evadas Diafragmos anatomijos ir fiziologijos ypatumai Istorin\u0117 ap\u017evalga Su\u017ealojim\u0173 da\u017enis Diafragmos su\u017ealojim\u0173 etiologija Gretutiniai su\u017ealojimai Diafragmos su\u017ealojim\u0173 padariniai Diagnostika Diafragmos su\u017ealojim\u0173 gydymas Mir\u0161tamumas ir komplikacijos L\u0117tin\u0117s diafragmos i\u0161var\u017eos Gydyt\u0173 ligoni\u0173 aptarimas Literat\u016bra","robots":{"index":"index","follow":"follow","max-snippet":"max-snippet:-1","max-image-preview":"max-image-preview:large","max-video-preview":"max-video-preview:-1"},"canonical":"https:\/\/skaitytaknyga.lt\/en\/produktas\/diafragmos-suzalojimai\/","og_locale":"en_GB","og_type":"article","og_title":"Diafragmos su\u017ealojimai - Skaitytaknyga","og_description":"Knygoje apra\u0161oma diafragmos su\u017ealojim\u0173: istorija, diagnostika, gydymas, komplikacijos. Knyga skirta gydytojams chirurgams.  TURINYS  \u012evadas Diafragmos anatomijos ir fiziologijos ypatumai Istorin\u0117 ap\u017evalga Su\u017ealojim\u0173 da\u017enis Diafragmos su\u017ealojim\u0173 etiologija Gretutiniai su\u017ealojimai Diafragmos su\u017ealojim\u0173 padariniai Diagnostika Diafragmos su\u017ealojim\u0173 gydymas Mir\u0161tamumas ir komplikacijos L\u0117tin\u0117s diafragmos i\u0161var\u017eos Gydyt\u0173 ligoni\u0173 aptarimas Literat\u016bra","og_url":"https:\/\/skaitytaknyga.lt\/en\/produktas\/diafragmos-suzalojimai\/","og_site_name":"Skaitytaknyga","article_publisher":"https:\/\/www.facebook.com\/skaitytaknyga\/","article_modified_time":"2025-06-26T13:09:59+00:00","og_image":[{"width":245,"height":450,"url":"https:\/\/skaitytaknyga.lt\/wp-content\/uploads\/2024\/04\/suzalojimai.jpg","type":"image\/jpeg"}],"twitter_card":"summary_large_image","twitter_misc":{"Estimated reading time":"1 minute"},"schema":{"@context":"https:\/\/schema.org","@graph":[{"@type":"WebPage","@id":"https:\/\/skaitytaknyga.lt\/produktas\/diafragmos-suzalojimai\/","url":"https:\/\/skaitytaknyga.lt\/produktas\/diafragmos-suzalojimai\/","name":"Diafragmos su\u017ealojimai - Skaitytaknyga","isPartOf":{"@id":"https:\/\/skaitytaknyga.lt\/#website"},"primaryImageOfPage":{"@id":"https:\/\/skaitytaknyga.lt\/produktas\/diafragmos-suzalojimai\/#primaryimage"},"image":{"@id":"https:\/\/skaitytaknyga.lt\/produktas\/diafragmos-suzalojimai\/#primaryimage"},"thumbnailUrl":"https:\/\/skaitytaknyga.lt\/wp-content\/uploads\/2024\/04\/suzalojimai.jpg","datePublished":"2024-04-17T13:53:05+00:00","dateModified":"2025-06-26T13:09:59+00:00","description":"Knygoje apra\u0161oma diafragmos su\u017ealojim\u0173: istorija, diagnostika, gydymas, komplikacijos. Knyga skirta gydytojams chirurgams. TURINYS \u012evadas Diafragmos anatomijos ir fiziologijos ypatumai Istorin\u0117 ap\u017evalga Su\u017ealojim\u0173 da\u017enis Diafragmos su\u017ealojim\u0173 etiologija Gretutiniai su\u017ealojimai Diafragmos su\u017ealojim\u0173 padariniai Diagnostika Diafragmos su\u017ealojim\u0173 gydymas Mir\u0161tamumas ir komplikacijos L\u0117tin\u0117s diafragmos i\u0161var\u017eos Gydyt\u0173 ligoni\u0173 aptarimas Literat\u016bra","breadcrumb":{"@id":"https:\/\/skaitytaknyga.lt\/produktas\/diafragmos-suzalojimai\/#breadcrumb"},"inLanguage":"en-GB","potentialAction":[{"@type":"ReadAction","target":["https:\/\/skaitytaknyga.lt\/produktas\/diafragmos-suzalojimai\/"]}]},{"@type":"ImageObject","inLanguage":"en-GB","@id":"https:\/\/skaitytaknyga.lt\/produktas\/diafragmos-suzalojimai\/#primaryimage","url":"https:\/\/skaitytaknyga.lt\/wp-content\/uploads\/2024\/04\/suzalojimai.jpg","contentUrl":"https:\/\/skaitytaknyga.lt\/wp-content\/uploads\/2024\/04\/suzalojimai.jpg","width":245,"height":450},{"@type":"BreadcrumbList","@id":"https:\/\/skaitytaknyga.lt\/produktas\/diafragmos-suzalojimai\/#breadcrumb","itemListElement":[{"@type":"ListItem","position":1,"name":"Home","item":"https:\/\/skaitytaknyga.lt\/"},{"@type":"ListItem","position":2,"name":"Parduotuv\u0117","item":"https:\/\/skaitytaknyga.lt\/knygu-parduotuve\/"},{"@type":"ListItem","position":3,"name":"Diafragmos su\u017ealojimai"}]},{"@type":"WebSite","@id":"https:\/\/skaitytaknyga.lt\/#website","url":"https:\/\/skaitytaknyga.lt\/","name":"skaitytaknyga.lt","description":"Skaitytaknyga.lt \u2013 tai ma\u017eas \u0161eimos verslas, kuris prasid\u0117jo nuo meil\u0117s knygoms ir siekio i\u0161gelb\u0117ti knygas nuo likimo prie konteinerio. Kas vienam nereikalingas daiktas \u2013 kitam lobis, o mes esame tarpininkai, kurie padeda abiems tapti laimingesniems ???? \u017dinome kaip nelengva i\u0161gyventi ma\u017eiems verslams, tad nuo \u0161iol, \u010dia rasite ir kit\u0173, ma\u017e\u0173 \u0161eim\u0173 versl\u0173, rank\u0173 darbo, dovan\u0173 sau ir artimiesiems.","publisher":{"@id":"https:\/\/skaitytaknyga.lt\/#organization"},"potentialAction":[{"@type":"SearchAction","target":{"@type":"EntryPoint","urlTemplate":"https:\/\/skaitytaknyga.lt\/?s={search_term_string}"},"query-input":{"@type":"PropertyValueSpecification","valueRequired":true,"valueName":"search_term_string"}}],"inLanguage":"en-GB"},{"@type":"Organization","@id":"https:\/\/skaitytaknyga.lt\/#organization","name":"skaitytaknyga.lt","url":"https:\/\/skaitytaknyga.lt\/","logo":{"@type":"ImageObject","inLanguage":"en-GB","@id":"https:\/\/skaitytaknyga.lt\/#\/schema\/logo\/image\/","url":"https:\/\/skaitytaknyga.lt\/wp-content\/uploads\/2024\/05\/cropped-cropped-cropped-02_00843_jt3bggkj1j3HLc7SyY6rEUpg.jpeg","contentUrl":"https:\/\/skaitytaknyga.lt\/wp-content\/uploads\/2024\/05\/cropped-cropped-cropped-02_00843_jt3bggkj1j3HLc7SyY6rEUpg.jpeg","width":1600,"height":1600,"caption":"skaitytaknyga.lt"},"image":{"@id":"https:\/\/skaitytaknyga.lt\/#\/schema\/logo\/image\/"},"sameAs":["https:\/\/www.facebook.com\/skaitytaknyga\/"]}]}},"_links":{"self":[{"href":"https:\/\/skaitytaknyga.lt\/en\/wp-json\/wp\/v2\/product\/4693","targetHints":{"allow":["GET"]}}],"collection":[{"href":"https:\/\/skaitytaknyga.lt\/en\/wp-json\/wp\/v2\/product"}],"about":[{"href":"https:\/\/skaitytaknyga.lt\/en\/wp-json\/wp\/v2\/types\/product"}],"replies":[{"embeddable":true,"href":"https:\/\/skaitytaknyga.lt\/en\/wp-json\/wp\/v2\/comments?post=4693"}],"wp:featuredmedia":[{"embeddable":true,"href":"https:\/\/skaitytaknyga.lt\/en\/wp-json\/wp\/v2\/media\/4740"}],"wp:attachment":[{"href":"https:\/\/skaitytaknyga.lt\/en\/wp-json\/wp\/v2\/media?parent=4693"}],"wp:term":[{"taxonomy":"product_brand","embeddable":true,"href":"https:\/\/skaitytaknyga.lt\/en\/wp-json\/wp\/v2\/product_brand?post=4693"},{"taxonomy":"product_cat","embeddable":true,"href":"https:\/\/skaitytaknyga.lt\/en\/wp-json\/wp\/v2\/product_cat?post=4693"},{"taxonomy":"product_tag","embeddable":true,"href":"https:\/\/skaitytaknyga.lt\/en\/wp-json\/wp\/v2\/product_tag?post=4693"}],"curies":[{"name":"wp","href":"https:\/\/api.w.org\/{rel}","templated":true}]}}