{"id":4659,"date":"2024-04-17T13:52:13","date_gmt":"2024-04-17T13:52:13","guid":{"rendered":"https:\/\/skaitytaknyga.lt\/?post_type=product&#038;p=4659"},"modified":"2026-03-18T13:05:29","modified_gmt":"2026-03-18T11:05:29","slug":"geles-siltnamiuose","status":"publish","type":"product","link":"https:\/\/skaitytaknyga.lt\/en\/produktas\/geles-siltnamiuose\/","title":{"rendered":"G\u0117l\u0117s \u0161iltnamiuose"},"content":{"rendered":"<p>Leidinyje aptariama pagrindini\u0173 g\u0117li\u0173 r\u016b\u0161i\u0173 auginimo \u0161iltnamiuose technologija, pasitaikan\u010dios nes\u0117km\u0117s ir kaip j\u0173 i\u0161vengti, ra\u0161oma apie sumed\u0117jusi\u0173 augal\u0173 pra\u017eydinim\u0105, skint\u0173 g\u0117li\u0173 laikym\u0105, pateiktas \u0161iltnamiuose atliekam\u0173 darb\u0173 kalendorius. Skiriama g\u0117lininkams, architektams-interjer\u0173 apipavidalintojams, gamybininkams ir m\u0117g\u0117jams, bei visiems besidominantiems g\u0117l\u0117mis bei gro\u017eiu.<\/p>\n","protected":false},"excerpt":{"rendered":"<p>Leidinyje aptariama pagrindini\u0173 g\u0117li\u0173 r\u016b\u0161i\u0173 auginimo \u0161iltnamiuose technologija, pasitaikan\u010dios nes\u0117km\u0117s ir kaip j\u0173 i\u0161vengti, ra\u0161oma apie sumed\u0117jusi\u0173 augal\u0173 pra\u017eydinim\u0105, skint\u0173 g\u0117li\u0173 laikym\u0105, pateiktas \u0161iltnamiuose atliekam\u0173 darb\u0173 kalendorius. Skiriama g\u0117lininkams, architektams-interjer\u0173 apipavidalintojams, gamybininkams ir m\u0117g\u0117jams, bei visiems besidominantiems g\u0117l\u0117mis bei gro\u017eiu.<\/p>\n","protected":false},"featured_media":4707,"comment_status":"closed","ping_status":"closed","template":"","meta":{"_acf_changed":false,"site-sidebar-layout":"default","site-content-layout":"","ast-site-content-layout":"default","site-content-style":"default","site-sidebar-style":"default","ast-global-header-display":"","ast-banner-title-visibility":"","ast-main-header-display":"","ast-hfb-above-header-display":"","ast-hfb-below-header-display":"","ast-hfb-mobile-header-display":"","site-post-title":"","ast-breadcrumbs-content":"","ast-featured-img":"","footer-sml-layout":"","ast-disable-related-posts":"","theme-transparent-header-meta":"","adv-header-id-meta":"","stick-header-meta":"","header-above-stick-meta":"","header-main-stick-meta":"","header-below-stick-meta":"","astra-migrate-meta-layouts":"default","ast-page-background-enabled":"default","ast-page-background-meta":{"desktop":{"background-color":"","background-image":"","background-repeat":"repeat","background-position":"center center","background-size":"auto","background-attachment":"scroll","background-type":"","background-media":"","overlay-type":"","overlay-color":"","overlay-opacity":"","overlay-gradient":""},"tablet":{"background-color":"","background-image":"","background-repeat":"repeat","background-position":"center center","background-size":"auto","background-attachment":"scroll","background-type":"","background-media":"","overlay-type":"","overlay-color":"","overlay-opacity":"","overlay-gradient":""},"mobile":{"background-color":"","background-image":"","background-repeat":"repeat","background-position":"center center","background-size":"auto","background-attachment":"scroll","background-type":"","background-media":"","overlay-type":"","overlay-color":"","overlay-opacity":"","overlay-gradient":""}},"ast-content-background-meta":{"desktop":{"background-color":"var(--ast-global-color-4)","background-image":"","background-repeat":"repeat","background-position":"center center","background-size":"auto","background-attachment":"scroll","background-type":"","background-media":"","overlay-type":"","overlay-color":"","overlay-opacity":"","overlay-gradient":""},"tablet":{"background-color":"var(--ast-global-color-4)","background-image":"","background-repeat":"repeat","background-position":"center center","background-size":"auto","background-attachment":"scroll","background-type":"","background-media":"","overlay-type":"","overlay-color":"","overlay-opacity":"","overlay-gradient":""},"mobile":{"background-color":"var(--ast-global-color-4)","background-image":"","background-repeat":"repeat","background-position":"center center","background-size":"auto","background-attachment":"scroll","background-type":"","background-media":"","overlay-type":"","overlay-color":"","overlay-opacity":"","overlay-gradient":""}}},"product_brand":[],"product_cat":[9853,74],"product_tag":[1098],"class_list":{"0":"post-4659","1":"product","2":"type-product","3":"status-publish","4":"has-post-thumbnail","6":"product_cat-augalai","7":"product_cat-sodas-darzas-ir-gelynai","8":"product_tag-geliu-auginimas","9":"desktop-align-left","10":"tablet-align-left","11":"mobile-align-left","13":"first","14":"outofstock","15":"shipping-taxable","16":"purchasable","17":"product-type-simple"},"acf":[],"yoast_head":"<!-- This site is optimized with the Yoast SEO plugin v27.0 - https:\/\/yoast.com\/product\/yoast-seo-wordpress\/ -->\n<title>G\u0117l\u0117s \u0161iltnamiuose<\/title>\n<meta name=\"description\" content=\"Leidinyje aptariama pagrindini\u0173 g\u0117li\u0173 r\u016b\u0161i\u0173 auginimo \u0161iltnamiuose technologija, pasitaikan\u010dios nes\u0117km\u0117s ir kaip j\u0173 i\u0161vengti, ra\u0161oma apie sumed\u0117jusi\u0173 augal\u0173 pra\u017eydinim\u0105, skint\u0173 g\u0117li\u0173 laikym\u0105, pateiktas \u0161iltnamiuose atliekam\u0173 darb\u0173 kalendorius. Skiriama g\u0117lininkams, architektams-interjer\u0173 apipavidalintojams, gamybininkams ir m\u0117g\u0117jams, bei visiems besidominantiems g\u0117l\u0117mis bei gro\u017eiu.\" \/>\n<meta name=\"robots\" content=\"index, follow, max-snippet:-1, max-image-preview:large, max-video-preview:-1\" \/>\n<link rel=\"canonical\" href=\"https:\/\/skaitytaknyga.lt\/en\/produktas\/geles-siltnamiuose\/\" \/>\n<meta property=\"og:locale\" content=\"en_GB\" \/>\n<meta property=\"og:locale:alternate\" content=\"lt_LT\" \/>\n<meta property=\"og:type\" content=\"article\" \/>\n<meta property=\"og:title\" content=\"G\u0117l\u0117s \u0161iltnamiuose\" \/>\n<meta property=\"og:description\" content=\"Leidinyje aptariama pagrindini\u0173 g\u0117li\u0173 r\u016b\u0161i\u0173 auginimo \u0161iltnamiuose technologija, pasitaikan\u010dios nes\u0117km\u0117s ir kaip j\u0173 i\u0161vengti, ra\u0161oma apie sumed\u0117jusi\u0173 augal\u0173 pra\u017eydinim\u0105, skint\u0173 g\u0117li\u0173 laikym\u0105, pateiktas \u0161iltnamiuose atliekam\u0173 darb\u0173 kalendorius. Skiriama g\u0117lininkams, architektams-interjer\u0173 apipavidalintojams, gamybininkams ir m\u0117g\u0117jams, bei visiems besidominantiems g\u0117l\u0117mis bei gro\u017eiu.\" \/>\n<meta property=\"og:url\" content=\"https:\/\/skaitytaknyga.lt\/en\/produktas\/geles-siltnamiuose\/\" \/>\n<meta property=\"og:site_name\" content=\"Skaitytaknyga\" \/>\n<meta property=\"article:publisher\" content=\"https:\/\/www.facebook.com\/skaitytaknyga\/\" \/>\n<meta property=\"article:modified_time\" content=\"2026-03-18T11:05:29+00:00\" \/>\n<meta property=\"og:image\" content=\"https:\/\/skaitytaknyga.lt\/wp-content\/uploads\/2024\/04\/andriuskeviciene-b-rugyte-j-geles-siltnamiuose-e1613234188303.jpg\" \/>\n\t<meta property=\"og:image:width\" content=\"237\" \/>\n\t<meta property=\"og:image:height\" content=\"399\" \/>\n\t<meta property=\"og:image:type\" content=\"image\/jpeg\" \/>\n<meta name=\"twitter:card\" content=\"summary_large_image\" \/>\n<meta name=\"twitter:label1\" content=\"Estimated reading time\" \/>\n\t<meta name=\"twitter:data1\" content=\"1 minute\" \/>\n<script type=\"application\/ld+json\" class=\"yoast-schema-graph\">{\"@context\":\"https:\/\/schema.org\",\"@graph\":[{\"@type\":\"WebPage\",\"@id\":\"https:\/\/skaitytaknyga.lt\/produktas\/geles-siltnamiuose\/\",\"url\":\"https:\/\/skaitytaknyga.lt\/produktas\/geles-siltnamiuose\/\",\"name\":\"G\u0117l\u0117s \u0161iltnamiuose\",\"isPartOf\":{\"@id\":\"https:\/\/skaitytaknyga.lt\/#website\"},\"primaryImageOfPage\":{\"@id\":\"https:\/\/skaitytaknyga.lt\/produktas\/geles-siltnamiuose\/#primaryimage\"},\"image\":{\"@id\":\"https:\/\/skaitytaknyga.lt\/produktas\/geles-siltnamiuose\/#primaryimage\"},\"thumbnailUrl\":\"https:\/\/skaitytaknyga.lt\/wp-content\/uploads\/2024\/04\/andriuskeviciene-b-rugyte-j-geles-siltnamiuose-e1613234188303.jpg\",\"datePublished\":\"2024-04-17T13:52:13+00:00\",\"dateModified\":\"2026-03-18T11:05:29+00:00\",\"description\":\"Leidinyje aptariama pagrindini\u0173 g\u0117li\u0173 r\u016b\u0161i\u0173 auginimo \u0161iltnamiuose technologija, pasitaikan\u010dios nes\u0117km\u0117s ir kaip j\u0173 i\u0161vengti, ra\u0161oma apie sumed\u0117jusi\u0173 augal\u0173 pra\u017eydinim\u0105, skint\u0173 g\u0117li\u0173 laikym\u0105, pateiktas \u0161iltnamiuose atliekam\u0173 darb\u0173 kalendorius. Skiriama g\u0117lininkams, architektams-interjer\u0173 apipavidalintojams, gamybininkams ir m\u0117g\u0117jams, bei visiems besidominantiems g\u0117l\u0117mis bei gro\u017eiu.\",\"breadcrumb\":{\"@id\":\"https:\/\/skaitytaknyga.lt\/produktas\/geles-siltnamiuose\/#breadcrumb\"},\"inLanguage\":\"en-GB\",\"potentialAction\":[{\"@type\":\"ReadAction\",\"target\":[\"https:\/\/skaitytaknyga.lt\/produktas\/geles-siltnamiuose\/\"]}]},{\"@type\":\"ImageObject\",\"inLanguage\":\"en-GB\",\"@id\":\"https:\/\/skaitytaknyga.lt\/produktas\/geles-siltnamiuose\/#primaryimage\",\"url\":\"https:\/\/skaitytaknyga.lt\/wp-content\/uploads\/2024\/04\/andriuskeviciene-b-rugyte-j-geles-siltnamiuose-e1613234188303.jpg\",\"contentUrl\":\"https:\/\/skaitytaknyga.lt\/wp-content\/uploads\/2024\/04\/andriuskeviciene-b-rugyte-j-geles-siltnamiuose-e1613234188303.jpg\",\"width\":237,\"height\":399},{\"@type\":\"BreadcrumbList\",\"@id\":\"https:\/\/skaitytaknyga.lt\/produktas\/geles-siltnamiuose\/#breadcrumb\",\"itemListElement\":[{\"@type\":\"ListItem\",\"position\":1,\"name\":\"Home\",\"item\":\"https:\/\/skaitytaknyga.lt\/\"},{\"@type\":\"ListItem\",\"position\":2,\"name\":\"Parduotuv\u0117\",\"item\":\"https:\/\/skaitytaknyga.lt\/knygu-parduotuve\/\"},{\"@type\":\"ListItem\",\"position\":3,\"name\":\"G\u0117l\u0117s \u0161iltnamiuose\"}]},{\"@type\":\"WebSite\",\"@id\":\"https:\/\/skaitytaknyga.lt\/#website\",\"url\":\"https:\/\/skaitytaknyga.lt\/\",\"name\":\"skaitytaknyga.lt\",\"description\":\"Skaitytaknyga.lt \u2013 tai ma\u017eas \u0161eimos verslas, kuris prasid\u0117jo nuo meil\u0117s knygoms ir siekio i\u0161gelb\u0117ti knygas nuo likimo prie konteinerio. Kas vienam nereikalingas daiktas \u2013 kitam lobis, o mes esame tarpininkai, kurie padeda abiems tapti laimingesniems ???? \u017dinome kaip nelengva i\u0161gyventi ma\u017eiems verslams, tad nuo \u0161iol, \u010dia rasite ir kit\u0173, ma\u017e\u0173 \u0161eim\u0173 versl\u0173, rank\u0173 darbo, dovan\u0173 sau ir artimiesiems.\",\"publisher\":{\"@id\":\"https:\/\/skaitytaknyga.lt\/#organization\"},\"potentialAction\":[{\"@type\":\"SearchAction\",\"target\":{\"@type\":\"EntryPoint\",\"urlTemplate\":\"https:\/\/skaitytaknyga.lt\/?s={search_term_string}\"},\"query-input\":{\"@type\":\"PropertyValueSpecification\",\"valueRequired\":true,\"valueName\":\"search_term_string\"}}],\"inLanguage\":\"en-GB\"},{\"@type\":\"Organization\",\"@id\":\"https:\/\/skaitytaknyga.lt\/#organization\",\"name\":\"skaitytaknyga.lt\",\"url\":\"https:\/\/skaitytaknyga.lt\/\",\"logo\":{\"@type\":\"ImageObject\",\"inLanguage\":\"en-GB\",\"@id\":\"https:\/\/skaitytaknyga.lt\/#\/schema\/logo\/image\/\",\"url\":\"https:\/\/skaitytaknyga.lt\/wp-content\/uploads\/2024\/05\/cropped-cropped-cropped-02_00843_jt3bggkj1j3HLc7SyY6rEUpg.jpeg\",\"contentUrl\":\"https:\/\/skaitytaknyga.lt\/wp-content\/uploads\/2024\/05\/cropped-cropped-cropped-02_00843_jt3bggkj1j3HLc7SyY6rEUpg.jpeg\",\"width\":1600,\"height\":1600,\"caption\":\"skaitytaknyga.lt\"},\"image\":{\"@id\":\"https:\/\/skaitytaknyga.lt\/#\/schema\/logo\/image\/\"},\"sameAs\":[\"https:\/\/www.facebook.com\/skaitytaknyga\/\"]}]}<\/script>\n<!-- \/ Yoast SEO plugin. -->","yoast_head_json":{"title":"G\u0117l\u0117s \u0161iltnamiuose","description":"Leidinyje aptariama pagrindini\u0173 g\u0117li\u0173 r\u016b\u0161i\u0173 auginimo \u0161iltnamiuose technologija, pasitaikan\u010dios nes\u0117km\u0117s ir kaip j\u0173 i\u0161vengti, ra\u0161oma apie sumed\u0117jusi\u0173 augal\u0173 pra\u017eydinim\u0105, skint\u0173 g\u0117li\u0173 laikym\u0105, pateiktas \u0161iltnamiuose atliekam\u0173 darb\u0173 kalendorius. Skiriama g\u0117lininkams, architektams-interjer\u0173 apipavidalintojams, gamybininkams ir m\u0117g\u0117jams, bei visiems besidominantiems g\u0117l\u0117mis bei gro\u017eiu.","robots":{"index":"index","follow":"follow","max-snippet":"max-snippet:-1","max-image-preview":"max-image-preview:large","max-video-preview":"max-video-preview:-1"},"canonical":"https:\/\/skaitytaknyga.lt\/en\/produktas\/geles-siltnamiuose\/","og_locale":"en_GB","og_type":"article","og_title":"[:lt]G\u0117l\u0117s \u0161iltnamiuose[:] - Skaitytaknyga","og_description":"Leidinyje aptariama pagrindini\u0173 g\u0117li\u0173 r\u016b\u0161i\u0173 auginimo \u0161iltnamiuose technologija, pasitaikan\u010dios nes\u0117km\u0117s ir kaip j\u0173 i\u0161vengti, ra\u0161oma apie sumed\u0117jusi\u0173 augal\u0173 pra\u017eydinim\u0105, skint\u0173 g\u0117li\u0173 laikym\u0105, pateiktas \u0161iltnamiuose atliekam\u0173 darb\u0173 kalendorius. Skiriama g\u0117lininkams, architektams-interjer\u0173 apipavidalintojams, gamybininkams ir m\u0117g\u0117jams, bei visiems besidominantiems g\u0117l\u0117mis bei gro\u017eiu.","og_url":"https:\/\/skaitytaknyga.lt\/en\/produktas\/geles-siltnamiuose\/","og_site_name":"Skaitytaknyga","article_publisher":"https:\/\/www.facebook.com\/skaitytaknyga\/","article_modified_time":"2026-03-18T11:05:29+00:00","og_image":[{"width":237,"height":399,"url":"https:\/\/skaitytaknyga.lt\/wp-content\/uploads\/2024\/04\/andriuskeviciene-b-rugyte-j-geles-siltnamiuose-e1613234188303.jpg","type":"image\/jpeg"}],"twitter_card":"summary_large_image","twitter_misc":{"Estimated reading time":"1 minute"},"schema":{"@context":"https:\/\/schema.org","@graph":[{"@type":"WebPage","@id":"https:\/\/skaitytaknyga.lt\/produktas\/geles-siltnamiuose\/","url":"https:\/\/skaitytaknyga.lt\/produktas\/geles-siltnamiuose\/","name":"G\u0117l\u0117s \u0161iltnamiuose","isPartOf":{"@id":"https:\/\/skaitytaknyga.lt\/#website"},"primaryImageOfPage":{"@id":"https:\/\/skaitytaknyga.lt\/produktas\/geles-siltnamiuose\/#primaryimage"},"image":{"@id":"https:\/\/skaitytaknyga.lt\/produktas\/geles-siltnamiuose\/#primaryimage"},"thumbnailUrl":"https:\/\/skaitytaknyga.lt\/wp-content\/uploads\/2024\/04\/andriuskeviciene-b-rugyte-j-geles-siltnamiuose-e1613234188303.jpg","datePublished":"2024-04-17T13:52:13+00:00","dateModified":"2026-03-18T11:05:29+00:00","description":"Leidinyje aptariama pagrindini\u0173 g\u0117li\u0173 r\u016b\u0161i\u0173 auginimo \u0161iltnamiuose technologija, pasitaikan\u010dios nes\u0117km\u0117s ir kaip j\u0173 i\u0161vengti, ra\u0161oma apie sumed\u0117jusi\u0173 augal\u0173 pra\u017eydinim\u0105, skint\u0173 g\u0117li\u0173 laikym\u0105, pateiktas \u0161iltnamiuose atliekam\u0173 darb\u0173 kalendorius. Skiriama g\u0117lininkams, architektams-interjer\u0173 apipavidalintojams, gamybininkams ir m\u0117g\u0117jams, bei visiems besidominantiems g\u0117l\u0117mis bei gro\u017eiu.","breadcrumb":{"@id":"https:\/\/skaitytaknyga.lt\/produktas\/geles-siltnamiuose\/#breadcrumb"},"inLanguage":"en-GB","potentialAction":[{"@type":"ReadAction","target":["https:\/\/skaitytaknyga.lt\/produktas\/geles-siltnamiuose\/"]}]},{"@type":"ImageObject","inLanguage":"en-GB","@id":"https:\/\/skaitytaknyga.lt\/produktas\/geles-siltnamiuose\/#primaryimage","url":"https:\/\/skaitytaknyga.lt\/wp-content\/uploads\/2024\/04\/andriuskeviciene-b-rugyte-j-geles-siltnamiuose-e1613234188303.jpg","contentUrl":"https:\/\/skaitytaknyga.lt\/wp-content\/uploads\/2024\/04\/andriuskeviciene-b-rugyte-j-geles-siltnamiuose-e1613234188303.jpg","width":237,"height":399},{"@type":"BreadcrumbList","@id":"https:\/\/skaitytaknyga.lt\/produktas\/geles-siltnamiuose\/#breadcrumb","itemListElement":[{"@type":"ListItem","position":1,"name":"Home","item":"https:\/\/skaitytaknyga.lt\/"},{"@type":"ListItem","position":2,"name":"Parduotuv\u0117","item":"https:\/\/skaitytaknyga.lt\/knygu-parduotuve\/"},{"@type":"ListItem","position":3,"name":"G\u0117l\u0117s \u0161iltnamiuose"}]},{"@type":"WebSite","@id":"https:\/\/skaitytaknyga.lt\/#website","url":"https:\/\/skaitytaknyga.lt\/","name":"skaitytaknyga.lt","description":"Skaitytaknyga.lt \u2013 tai ma\u017eas \u0161eimos verslas, kuris prasid\u0117jo nuo meil\u0117s knygoms ir siekio i\u0161gelb\u0117ti knygas nuo likimo prie konteinerio. Kas vienam nereikalingas daiktas \u2013 kitam lobis, o mes esame tarpininkai, kurie padeda abiems tapti laimingesniems ???? \u017dinome kaip nelengva i\u0161gyventi ma\u017eiems verslams, tad nuo \u0161iol, \u010dia rasite ir kit\u0173, ma\u017e\u0173 \u0161eim\u0173 versl\u0173, rank\u0173 darbo, dovan\u0173 sau ir artimiesiems.","publisher":{"@id":"https:\/\/skaitytaknyga.lt\/#organization"},"potentialAction":[{"@type":"SearchAction","target":{"@type":"EntryPoint","urlTemplate":"https:\/\/skaitytaknyga.lt\/?s={search_term_string}"},"query-input":{"@type":"PropertyValueSpecification","valueRequired":true,"valueName":"search_term_string"}}],"inLanguage":"en-GB"},{"@type":"Organization","@id":"https:\/\/skaitytaknyga.lt\/#organization","name":"skaitytaknyga.lt","url":"https:\/\/skaitytaknyga.lt\/","logo":{"@type":"ImageObject","inLanguage":"en-GB","@id":"https:\/\/skaitytaknyga.lt\/#\/schema\/logo\/image\/","url":"https:\/\/skaitytaknyga.lt\/wp-content\/uploads\/2024\/05\/cropped-cropped-cropped-02_00843_jt3bggkj1j3HLc7SyY6rEUpg.jpeg","contentUrl":"https:\/\/skaitytaknyga.lt\/wp-content\/uploads\/2024\/05\/cropped-cropped-cropped-02_00843_jt3bggkj1j3HLc7SyY6rEUpg.jpeg","width":1600,"height":1600,"caption":"skaitytaknyga.lt"},"image":{"@id":"https:\/\/skaitytaknyga.lt\/#\/schema\/logo\/image\/"},"sameAs":["https:\/\/www.facebook.com\/skaitytaknyga\/"]}]}},"_links":{"self":[{"href":"https:\/\/skaitytaknyga.lt\/en\/wp-json\/wp\/v2\/product\/4659","targetHints":{"allow":["GET"]}}],"collection":[{"href":"https:\/\/skaitytaknyga.lt\/en\/wp-json\/wp\/v2\/product"}],"about":[{"href":"https:\/\/skaitytaknyga.lt\/en\/wp-json\/wp\/v2\/types\/product"}],"replies":[{"embeddable":true,"href":"https:\/\/skaitytaknyga.lt\/en\/wp-json\/wp\/v2\/comments?post=4659"}],"wp:featuredmedia":[{"embeddable":true,"href":"https:\/\/skaitytaknyga.lt\/en\/wp-json\/wp\/v2\/media\/4707"}],"wp:attachment":[{"href":"https:\/\/skaitytaknyga.lt\/en\/wp-json\/wp\/v2\/media?parent=4659"}],"wp:term":[{"taxonomy":"product_brand","embeddable":true,"href":"https:\/\/skaitytaknyga.lt\/en\/wp-json\/wp\/v2\/product_brand?post=4659"},{"taxonomy":"product_cat","embeddable":true,"href":"https:\/\/skaitytaknyga.lt\/en\/wp-json\/wp\/v2\/product_cat?post=4659"},{"taxonomy":"product_tag","embeddable":true,"href":"https:\/\/skaitytaknyga.lt\/en\/wp-json\/wp\/v2\/product_tag?post=4659"}],"curies":[{"name":"wp","href":"https:\/\/api.w.org\/{rel}","templated":true}]}}