{"id":4599,"date":"2024-04-17T13:51:20","date_gmt":"2024-04-17T13:51:20","guid":{"rendered":"https:\/\/skaitytaknyga.lt\/?post_type=product&#038;p=4599"},"modified":"2026-03-05T16:13:07","modified_gmt":"2026-03-05T14:13:07","slug":"lape-ir-liutas","status":"publish","type":"product","link":"https:\/\/skaitytaknyga.lt\/en\/produktas\/lape-ir-liutas\/","title":{"rendered":"Lap\u0117 ir li\u016btas"},"content":{"rendered":"<p>\u012e knyg\u0105 sud\u0117ta nedidel\u0117 dalis Afrikos taut\u0173 ir \u0161ali\u0173 pasak\u0173 apie gyv\u016bnus. Gausus ir spalvingas Afrikos gyv\u016bnijos pasaulis, tad ir pasak\u0173 herojai skiriasi nuo m\u016bsi\u0161ki\u0173 gyvulini\u0173 pasak\u0173 veik\u0117j\u0173; antai stipruolis dramblys da\u017eniausiai kvailas, \u017ev\u0117ri\u0173 valdovas li\u016btas naivus ir patiklus, o ma\u017eieji \u017ev\u0117reliai, pvz. ki\u0161kis, gudr\u016bs, dr\u0105s\u016bs ir net klastingi. Pasakose atsispindi juodojo \u017eemyno taut\u0173 gyvenimas ir papro\u010diai.<\/p>\n<p>I\u0161 serijos &#8220;Pasaulio pasakos&#8221;. Afrikos pasakos<\/p>\n","protected":false},"excerpt":{"rendered":"<p>\u012e knyg\u0105 sud\u0117ta nedidel\u0117 dalis Afrikos taut\u0173 ir \u0161ali\u0173 pasak\u0173 apie gyv\u016bnus. Gausus ir spalvingas Afrikos gyv\u016bnijos pasaulis, tad ir pasak\u0173 herojai skiriasi nuo m\u016bsi\u0161ki\u0173 gyvulini\u0173 pasak\u0173 veik\u0117j\u0173; antai stipruolis dramblys da\u017eniausiai kvailas, \u017ev\u0117ri\u0173 valdovas li\u016btas naivus ir patiklus, o ma\u017eieji \u017ev\u0117reliai, pvz. ki\u0161kis, gudr\u016bs, dr\u0105s\u016bs ir net klastingi. Pasakose atsispindi juodojo \u017eemyno taut\u0173 gyvenimas ir papro\u010diai.<\/p>\n<p>I\u0161 serijos &#8220;Pasaulio pasakos&#8221;. Afrikos pasakos<\/p>\n","protected":false},"featured_media":4634,"comment_status":"closed","ping_status":"closed","template":"","meta":{"_acf_changed":false,"site-sidebar-layout":"default","site-content-layout":"","ast-site-content-layout":"default","site-content-style":"default","site-sidebar-style":"default","ast-global-header-display":"","ast-banner-title-visibility":"","ast-main-header-display":"","ast-hfb-above-header-display":"","ast-hfb-below-header-display":"","ast-hfb-mobile-header-display":"","site-post-title":"","ast-breadcrumbs-content":"","ast-featured-img":"","footer-sml-layout":"","ast-disable-related-posts":"","theme-transparent-header-meta":"","adv-header-id-meta":"","stick-header-meta":"","header-above-stick-meta":"","header-main-stick-meta":"","header-below-stick-meta":"","astra-migrate-meta-layouts":"default","ast-page-background-enabled":"default","ast-page-background-meta":{"desktop":{"background-color":"","background-image":"","background-repeat":"repeat","background-position":"center center","background-size":"auto","background-attachment":"scroll","background-type":"","background-media":"","overlay-type":"","overlay-color":"","overlay-opacity":"","overlay-gradient":""},"tablet":{"background-color":"","background-image":"","background-repeat":"repeat","background-position":"center center","background-size":"auto","background-attachment":"scroll","background-type":"","background-media":"","overlay-type":"","overlay-color":"","overlay-opacity":"","overlay-gradient":""},"mobile":{"background-color":"","background-image":"","background-repeat":"repeat","background-position":"center center","background-size":"auto","background-attachment":"scroll","background-type":"","background-media":"","overlay-type":"","overlay-color":"","overlay-opacity":"","overlay-gradient":""}},"ast-content-background-meta":{"desktop":{"background-color":"var(--ast-global-color-4)","background-image":"","background-repeat":"repeat","background-position":"center center","background-size":"auto","background-attachment":"scroll","background-type":"","background-media":"","overlay-type":"","overlay-color":"","overlay-opacity":"","overlay-gradient":""},"tablet":{"background-color":"var(--ast-global-color-4)","background-image":"","background-repeat":"repeat","background-position":"center center","background-size":"auto","background-attachment":"scroll","background-type":"","background-media":"","overlay-type":"","overlay-color":"","overlay-opacity":"","overlay-gradient":""},"mobile":{"background-color":"var(--ast-global-color-4)","background-image":"","background-repeat":"repeat","background-position":"center center","background-size":"auto","background-attachment":"scroll","background-type":"","background-media":"","overlay-type":"","overlay-color":"","overlay-opacity":"","overlay-gradient":""}}},"product_brand":[],"product_cat":[9672],"product_tag":[434],"class_list":{"0":"post-4599","1":"product","2":"type-product","3":"status-publish","4":"has-post-thumbnail","6":"product_cat-pasakos","7":"product_tag-pasaulio-pasakos","8":"desktop-align-left","9":"tablet-align-left","10":"mobile-align-left","12":"first","13":"instock","14":"shipping-taxable","15":"purchasable","16":"product-type-simple"},"acf":[],"yoast_head":"<!-- This site is optimized with the Yoast SEO plugin v27.0 - https:\/\/yoast.com\/product\/yoast-seo-wordpress\/ -->\n<title>Lap\u0117 ir li\u016btas<\/title>\n<meta name=\"description\" content=\"\u012e knyg\u0105 sud\u0117ta nedidel\u0117 dalis Afrikos taut\u0173 ir \u0161ali\u0173 pasak\u0173 apie gyv\u016bnus. Gausus ir spalvingas Afrikos gyv\u016bnijos pasaulis, tad ir pasak\u0173 herojai skiriasi nuo m\u016bsi\u0161ki\u0173 gyvulini\u0173 pasak\u0173 veik\u0117j\u0173; antai stipruolis dramblys da\u017eniausiai kvailas, \u017ev\u0117ri\u0173 valdovas li\u016btas naivus ir patiklus, o ma\u017eieji \u017ev\u0117reliai, pvz. ki\u0161kis, gudr\u016bs, dr\u0105s\u016bs ir net klastingi. Pasakose atsispindi juodojo \u017eemyno taut\u0173 gyvenimas ir papro\u010diai.  I\u0161 serijos &quot;Pasaulio pasakos&quot;. Afrikos pasakos\" \/>\n<meta name=\"robots\" content=\"index, follow, max-snippet:-1, max-image-preview:large, max-video-preview:-1\" \/>\n<link rel=\"canonical\" href=\"https:\/\/skaitytaknyga.lt\/en\/produktas\/lape-ir-liutas\/\" \/>\n<meta property=\"og:locale\" content=\"en_GB\" \/>\n<meta property=\"og:locale:alternate\" content=\"lt_LT\" \/>\n<meta property=\"og:type\" content=\"article\" \/>\n<meta property=\"og:title\" content=\"Lap\u0117 ir li\u016btas\" \/>\n<meta property=\"og:description\" content=\"\u012e knyg\u0105 sud\u0117ta nedidel\u0117 dalis Afrikos taut\u0173 ir \u0161ali\u0173 pasak\u0173 apie gyv\u016bnus. Gausus ir spalvingas Afrikos gyv\u016bnijos pasaulis, tad ir pasak\u0173 herojai skiriasi nuo m\u016bsi\u0161ki\u0173 gyvulini\u0173 pasak\u0173 veik\u0117j\u0173; antai stipruolis dramblys da\u017eniausiai kvailas, \u017ev\u0117ri\u0173 valdovas li\u016btas naivus ir patiklus, o ma\u017eieji \u017ev\u0117reliai, pvz. ki\u0161kis, gudr\u016bs, dr\u0105s\u016bs ir net klastingi. Pasakose atsispindi juodojo \u017eemyno taut\u0173 gyvenimas ir papro\u010diai.  I\u0161 serijos &quot;Pasaulio pasakos&quot;. Afrikos pasakos\" \/>\n<meta property=\"og:url\" content=\"https:\/\/skaitytaknyga.lt\/en\/produktas\/lape-ir-liutas\/\" \/>\n<meta property=\"og:site_name\" content=\"Skaitytaknyga\" \/>\n<meta property=\"article:publisher\" content=\"https:\/\/www.facebook.com\/skaitytaknyga\/\" \/>\n<meta property=\"article:modified_time\" content=\"2026-03-05T14:13:07+00:00\" \/>\n<meta property=\"og:image\" content=\"https:\/\/skaitytaknyga.lt\/wp-content\/uploads\/2024\/04\/000924-img-20180201-200224.jpg\" \/>\n\t<meta property=\"og:image:width\" content=\"270\" \/>\n\t<meta property=\"og:image:height\" content=\"430\" \/>\n\t<meta property=\"og:image:type\" content=\"image\/jpeg\" \/>\n<meta name=\"twitter:card\" content=\"summary_large_image\" \/>\n<meta name=\"twitter:label1\" content=\"Estimated reading time\" \/>\n\t<meta name=\"twitter:data1\" content=\"1 minute\" \/>\n<script type=\"application\/ld+json\" class=\"yoast-schema-graph\">{\"@context\":\"https:\/\/schema.org\",\"@graph\":[{\"@type\":\"WebPage\",\"@id\":\"https:\/\/skaitytaknyga.lt\/produktas\/lape-ir-liutas\/\",\"url\":\"https:\/\/skaitytaknyga.lt\/produktas\/lape-ir-liutas\/\",\"name\":\"Lap\u0117 ir li\u016btas\",\"isPartOf\":{\"@id\":\"https:\/\/skaitytaknyga.lt\/#website\"},\"primaryImageOfPage\":{\"@id\":\"https:\/\/skaitytaknyga.lt\/produktas\/lape-ir-liutas\/#primaryimage\"},\"image\":{\"@id\":\"https:\/\/skaitytaknyga.lt\/produktas\/lape-ir-liutas\/#primaryimage\"},\"thumbnailUrl\":\"https:\/\/skaitytaknyga.lt\/wp-content\/uploads\/2024\/04\/000924-img-20180201-200224.jpg\",\"datePublished\":\"2024-04-17T13:51:20+00:00\",\"dateModified\":\"2026-03-05T14:13:07+00:00\",\"description\":\"\u012e knyg\u0105 sud\u0117ta nedidel\u0117 dalis Afrikos taut\u0173 ir \u0161ali\u0173 pasak\u0173 apie gyv\u016bnus. Gausus ir spalvingas Afrikos gyv\u016bnijos pasaulis, tad ir pasak\u0173 herojai skiriasi nuo m\u016bsi\u0161ki\u0173 gyvulini\u0173 pasak\u0173 veik\u0117j\u0173; antai stipruolis dramblys da\u017eniausiai kvailas, \u017ev\u0117ri\u0173 valdovas li\u016btas naivus ir patiklus, o ma\u017eieji \u017ev\u0117reliai, pvz. ki\u0161kis, gudr\u016bs, dr\u0105s\u016bs ir net klastingi. Pasakose atsispindi juodojo \u017eemyno taut\u0173 gyvenimas ir papro\u010diai. I\u0161 serijos \\\"Pasaulio pasakos\\\". Afrikos pasakos\",\"breadcrumb\":{\"@id\":\"https:\/\/skaitytaknyga.lt\/produktas\/lape-ir-liutas\/#breadcrumb\"},\"inLanguage\":\"en-GB\",\"potentialAction\":[{\"@type\":\"ReadAction\",\"target\":[\"https:\/\/skaitytaknyga.lt\/produktas\/lape-ir-liutas\/\"]}]},{\"@type\":\"ImageObject\",\"inLanguage\":\"en-GB\",\"@id\":\"https:\/\/skaitytaknyga.lt\/produktas\/lape-ir-liutas\/#primaryimage\",\"url\":\"https:\/\/skaitytaknyga.lt\/wp-content\/uploads\/2024\/04\/000924-img-20180201-200224.jpg\",\"contentUrl\":\"https:\/\/skaitytaknyga.lt\/wp-content\/uploads\/2024\/04\/000924-img-20180201-200224.jpg\",\"width\":270,\"height\":430},{\"@type\":\"BreadcrumbList\",\"@id\":\"https:\/\/skaitytaknyga.lt\/produktas\/lape-ir-liutas\/#breadcrumb\",\"itemListElement\":[{\"@type\":\"ListItem\",\"position\":1,\"name\":\"Home\",\"item\":\"https:\/\/skaitytaknyga.lt\/\"},{\"@type\":\"ListItem\",\"position\":2,\"name\":\"Parduotuv\u0117\",\"item\":\"https:\/\/skaitytaknyga.lt\/knygu-parduotuve\/\"},{\"@type\":\"ListItem\",\"position\":3,\"name\":\"Lap\u0117 ir li\u016btas\"}]},{\"@type\":\"WebSite\",\"@id\":\"https:\/\/skaitytaknyga.lt\/#website\",\"url\":\"https:\/\/skaitytaknyga.lt\/\",\"name\":\"skaitytaknyga.lt\",\"description\":\"Skaitytaknyga.lt \u2013 tai ma\u017eas \u0161eimos verslas, kuris prasid\u0117jo nuo meil\u0117s knygoms ir siekio i\u0161gelb\u0117ti knygas nuo likimo prie konteinerio. Kas vienam nereikalingas daiktas \u2013 kitam lobis, o mes esame tarpininkai, kurie padeda abiems tapti laimingesniems ???? \u017dinome kaip nelengva i\u0161gyventi ma\u017eiems verslams, tad nuo \u0161iol, \u010dia rasite ir kit\u0173, ma\u017e\u0173 \u0161eim\u0173 versl\u0173, rank\u0173 darbo, dovan\u0173 sau ir artimiesiems.\",\"publisher\":{\"@id\":\"https:\/\/skaitytaknyga.lt\/#organization\"},\"potentialAction\":[{\"@type\":\"SearchAction\",\"target\":{\"@type\":\"EntryPoint\",\"urlTemplate\":\"https:\/\/skaitytaknyga.lt\/?s={search_term_string}\"},\"query-input\":{\"@type\":\"PropertyValueSpecification\",\"valueRequired\":true,\"valueName\":\"search_term_string\"}}],\"inLanguage\":\"en-GB\"},{\"@type\":\"Organization\",\"@id\":\"https:\/\/skaitytaknyga.lt\/#organization\",\"name\":\"skaitytaknyga.lt\",\"url\":\"https:\/\/skaitytaknyga.lt\/\",\"logo\":{\"@type\":\"ImageObject\",\"inLanguage\":\"en-GB\",\"@id\":\"https:\/\/skaitytaknyga.lt\/#\/schema\/logo\/image\/\",\"url\":\"https:\/\/skaitytaknyga.lt\/wp-content\/uploads\/2024\/05\/cropped-cropped-cropped-02_00843_jt3bggkj1j3HLc7SyY6rEUpg.jpeg\",\"contentUrl\":\"https:\/\/skaitytaknyga.lt\/wp-content\/uploads\/2024\/05\/cropped-cropped-cropped-02_00843_jt3bggkj1j3HLc7SyY6rEUpg.jpeg\",\"width\":1600,\"height\":1600,\"caption\":\"skaitytaknyga.lt\"},\"image\":{\"@id\":\"https:\/\/skaitytaknyga.lt\/#\/schema\/logo\/image\/\"},\"sameAs\":[\"https:\/\/www.facebook.com\/skaitytaknyga\/\"]}]}<\/script>\n<!-- \/ Yoast SEO plugin. -->","yoast_head_json":{"title":"Lap\u0117 ir li\u016btas","description":"\u012e knyg\u0105 sud\u0117ta nedidel\u0117 dalis Afrikos taut\u0173 ir \u0161ali\u0173 pasak\u0173 apie gyv\u016bnus. Gausus ir spalvingas Afrikos gyv\u016bnijos pasaulis, tad ir pasak\u0173 herojai skiriasi nuo m\u016bsi\u0161ki\u0173 gyvulini\u0173 pasak\u0173 veik\u0117j\u0173; antai stipruolis dramblys da\u017eniausiai kvailas, \u017ev\u0117ri\u0173 valdovas li\u016btas naivus ir patiklus, o ma\u017eieji \u017ev\u0117reliai, pvz. ki\u0161kis, gudr\u016bs, dr\u0105s\u016bs ir net klastingi. Pasakose atsispindi juodojo \u017eemyno taut\u0173 gyvenimas ir papro\u010diai.  I\u0161 serijos \"Pasaulio pasakos\". Afrikos pasakos","robots":{"index":"index","follow":"follow","max-snippet":"max-snippet:-1","max-image-preview":"max-image-preview:large","max-video-preview":"max-video-preview:-1"},"canonical":"https:\/\/skaitytaknyga.lt\/en\/produktas\/lape-ir-liutas\/","og_locale":"en_GB","og_type":"article","og_title":"[:lt]Lap\u0117 ir li\u016btas[:] - Skaitytaknyga","og_description":"\u012e knyg\u0105 sud\u0117ta nedidel\u0117 dalis Afrikos taut\u0173 ir \u0161ali\u0173 pasak\u0173 apie gyv\u016bnus. Gausus ir spalvingas Afrikos gyv\u016bnijos pasaulis, tad ir pasak\u0173 herojai skiriasi nuo m\u016bsi\u0161ki\u0173 gyvulini\u0173 pasak\u0173 veik\u0117j\u0173; antai stipruolis dramblys da\u017eniausiai kvailas, \u017ev\u0117ri\u0173 valdovas li\u016btas naivus ir patiklus, o ma\u017eieji \u017ev\u0117reliai, pvz. ki\u0161kis, gudr\u016bs, dr\u0105s\u016bs ir net klastingi. Pasakose atsispindi juodojo \u017eemyno taut\u0173 gyvenimas ir papro\u010diai.  I\u0161 serijos \"Pasaulio pasakos\". Afrikos pasakos","og_url":"https:\/\/skaitytaknyga.lt\/en\/produktas\/lape-ir-liutas\/","og_site_name":"Skaitytaknyga","article_publisher":"https:\/\/www.facebook.com\/skaitytaknyga\/","article_modified_time":"2026-03-05T14:13:07+00:00","og_image":[{"width":270,"height":430,"url":"https:\/\/skaitytaknyga.lt\/wp-content\/uploads\/2024\/04\/000924-img-20180201-200224.jpg","type":"image\/jpeg"}],"twitter_card":"summary_large_image","twitter_misc":{"Estimated reading time":"1 minute"},"schema":{"@context":"https:\/\/schema.org","@graph":[{"@type":"WebPage","@id":"https:\/\/skaitytaknyga.lt\/produktas\/lape-ir-liutas\/","url":"https:\/\/skaitytaknyga.lt\/produktas\/lape-ir-liutas\/","name":"Lap\u0117 ir li\u016btas","isPartOf":{"@id":"https:\/\/skaitytaknyga.lt\/#website"},"primaryImageOfPage":{"@id":"https:\/\/skaitytaknyga.lt\/produktas\/lape-ir-liutas\/#primaryimage"},"image":{"@id":"https:\/\/skaitytaknyga.lt\/produktas\/lape-ir-liutas\/#primaryimage"},"thumbnailUrl":"https:\/\/skaitytaknyga.lt\/wp-content\/uploads\/2024\/04\/000924-img-20180201-200224.jpg","datePublished":"2024-04-17T13:51:20+00:00","dateModified":"2026-03-05T14:13:07+00:00","description":"\u012e knyg\u0105 sud\u0117ta nedidel\u0117 dalis Afrikos taut\u0173 ir \u0161ali\u0173 pasak\u0173 apie gyv\u016bnus. Gausus ir spalvingas Afrikos gyv\u016bnijos pasaulis, tad ir pasak\u0173 herojai skiriasi nuo m\u016bsi\u0161ki\u0173 gyvulini\u0173 pasak\u0173 veik\u0117j\u0173; antai stipruolis dramblys da\u017eniausiai kvailas, \u017ev\u0117ri\u0173 valdovas li\u016btas naivus ir patiklus, o ma\u017eieji \u017ev\u0117reliai, pvz. ki\u0161kis, gudr\u016bs, dr\u0105s\u016bs ir net klastingi. Pasakose atsispindi juodojo \u017eemyno taut\u0173 gyvenimas ir papro\u010diai. I\u0161 serijos \"Pasaulio pasakos\". Afrikos pasakos","breadcrumb":{"@id":"https:\/\/skaitytaknyga.lt\/produktas\/lape-ir-liutas\/#breadcrumb"},"inLanguage":"en-GB","potentialAction":[{"@type":"ReadAction","target":["https:\/\/skaitytaknyga.lt\/produktas\/lape-ir-liutas\/"]}]},{"@type":"ImageObject","inLanguage":"en-GB","@id":"https:\/\/skaitytaknyga.lt\/produktas\/lape-ir-liutas\/#primaryimage","url":"https:\/\/skaitytaknyga.lt\/wp-content\/uploads\/2024\/04\/000924-img-20180201-200224.jpg","contentUrl":"https:\/\/skaitytaknyga.lt\/wp-content\/uploads\/2024\/04\/000924-img-20180201-200224.jpg","width":270,"height":430},{"@type":"BreadcrumbList","@id":"https:\/\/skaitytaknyga.lt\/produktas\/lape-ir-liutas\/#breadcrumb","itemListElement":[{"@type":"ListItem","position":1,"name":"Home","item":"https:\/\/skaitytaknyga.lt\/"},{"@type":"ListItem","position":2,"name":"Parduotuv\u0117","item":"https:\/\/skaitytaknyga.lt\/knygu-parduotuve\/"},{"@type":"ListItem","position":3,"name":"Lap\u0117 ir li\u016btas"}]},{"@type":"WebSite","@id":"https:\/\/skaitytaknyga.lt\/#website","url":"https:\/\/skaitytaknyga.lt\/","name":"skaitytaknyga.lt","description":"Skaitytaknyga.lt \u2013 tai ma\u017eas \u0161eimos verslas, kuris prasid\u0117jo nuo meil\u0117s knygoms ir siekio i\u0161gelb\u0117ti knygas nuo likimo prie konteinerio. Kas vienam nereikalingas daiktas \u2013 kitam lobis, o mes esame tarpininkai, kurie padeda abiems tapti laimingesniems ???? \u017dinome kaip nelengva i\u0161gyventi ma\u017eiems verslams, tad nuo \u0161iol, \u010dia rasite ir kit\u0173, ma\u017e\u0173 \u0161eim\u0173 versl\u0173, rank\u0173 darbo, dovan\u0173 sau ir artimiesiems.","publisher":{"@id":"https:\/\/skaitytaknyga.lt\/#organization"},"potentialAction":[{"@type":"SearchAction","target":{"@type":"EntryPoint","urlTemplate":"https:\/\/skaitytaknyga.lt\/?s={search_term_string}"},"query-input":{"@type":"PropertyValueSpecification","valueRequired":true,"valueName":"search_term_string"}}],"inLanguage":"en-GB"},{"@type":"Organization","@id":"https:\/\/skaitytaknyga.lt\/#organization","name":"skaitytaknyga.lt","url":"https:\/\/skaitytaknyga.lt\/","logo":{"@type":"ImageObject","inLanguage":"en-GB","@id":"https:\/\/skaitytaknyga.lt\/#\/schema\/logo\/image\/","url":"https:\/\/skaitytaknyga.lt\/wp-content\/uploads\/2024\/05\/cropped-cropped-cropped-02_00843_jt3bggkj1j3HLc7SyY6rEUpg.jpeg","contentUrl":"https:\/\/skaitytaknyga.lt\/wp-content\/uploads\/2024\/05\/cropped-cropped-cropped-02_00843_jt3bggkj1j3HLc7SyY6rEUpg.jpeg","width":1600,"height":1600,"caption":"skaitytaknyga.lt"},"image":{"@id":"https:\/\/skaitytaknyga.lt\/#\/schema\/logo\/image\/"},"sameAs":["https:\/\/www.facebook.com\/skaitytaknyga\/"]}]}},"_links":{"self":[{"href":"https:\/\/skaitytaknyga.lt\/en\/wp-json\/wp\/v2\/product\/4599","targetHints":{"allow":["GET"]}}],"collection":[{"href":"https:\/\/skaitytaknyga.lt\/en\/wp-json\/wp\/v2\/product"}],"about":[{"href":"https:\/\/skaitytaknyga.lt\/en\/wp-json\/wp\/v2\/types\/product"}],"replies":[{"embeddable":true,"href":"https:\/\/skaitytaknyga.lt\/en\/wp-json\/wp\/v2\/comments?post=4599"}],"wp:featuredmedia":[{"embeddable":true,"href":"https:\/\/skaitytaknyga.lt\/en\/wp-json\/wp\/v2\/media\/4634"}],"wp:attachment":[{"href":"https:\/\/skaitytaknyga.lt\/en\/wp-json\/wp\/v2\/media?parent=4599"}],"wp:term":[{"taxonomy":"product_brand","embeddable":true,"href":"https:\/\/skaitytaknyga.lt\/en\/wp-json\/wp\/v2\/product_brand?post=4599"},{"taxonomy":"product_cat","embeddable":true,"href":"https:\/\/skaitytaknyga.lt\/en\/wp-json\/wp\/v2\/product_cat?post=4599"},{"taxonomy":"product_tag","embeddable":true,"href":"https:\/\/skaitytaknyga.lt\/en\/wp-json\/wp\/v2\/product_tag?post=4599"}],"curies":[{"name":"wp","href":"https:\/\/api.w.org\/{rel}","templated":true}]}}