{"id":4581,"date":"2024-04-17T16:50:52","date_gmt":"2024-04-17T13:50:52","guid":{"rendered":"https:\/\/skaitytaknyga.lt\/?post_type=product&#038;p=4581"},"modified":"2024-06-29T18:06:18","modified_gmt":"2024-06-29T15:06:18","slug":"bilen-1930-1950-historia-konstruktion-utveckling-bilen-1930-1950-historia-konstruktion","status":"publish","type":"product","link":"https:\/\/skaitytaknyga.lt\/en\/produktas\/bilen-1930-1950-historia-konstruktion-utveckling-bilen-1930-1950-historia-konstruktion\/","title":{"rendered":"Bilen 1930-1950 : historia, konstruktion, utveckling (patrinti kampai)"},"content":{"rendered":"<p>1 Arvet fran 1920-talet<\/p>\n<p>Bakgrunden till motorindustrins utveck-ling tr\u1ea3n ar 1919 och fram till Wall Street-kraschen ar 1929. En kort aterblick p\u1ea3 periodens viktiga tekniska framsteg: fyr-hjulsbromsar, ballongdack, billiga, t\u00e4ckta<\/p>\n<p>karosser, elektriska startmotorer, de f\u00f6rsta h\u00f6gvarviga motorerna. En j\u00e4mf\u00f6relse<\/p>\n<p>mellan 1919 och 1929 ars bilar. Masspro-duktionstekniken sprids fr\u00e0n F\u00f6renta<\/p>\n<p>staterna till Europa. Grunden till ett auto-stradan\u00e4t l\u00e4ggs i italien.<\/p>\n","protected":false},"excerpt":{"rendered":"<p>1 Arvet fran 1920-talet Bakgrunden till motorindustrins utveck-ling tr\u1ea3n ar 1919 och fram till Wall Street-kraschen ar 1929. En kort aterblick p\u1ea3 periodens viktiga tekniska framsteg: fyr-hjulsbromsar, ballongdack, billiga, t\u00e4ckta karosser, elektriska startmotorer, de f\u00f6rsta h\u00f6gvarviga motorerna. En j\u00e4mf\u00f6relse mellan 1919 och 1929 ars bilar. Masspro-duktionstekniken sprids fr\u00e0n F\u00f6renta staterna till Europa. Grunden till ett auto-stradan\u00e4t l\u00e4ggs i italien.<\/p>\n","protected":false},"featured_media":4627,"comment_status":"closed","ping_status":"closed","template":"","meta":{"_acf_changed":false,"site-sidebar-layout":"default","site-content-layout":"","ast-site-content-layout":"default","site-content-style":"default","site-sidebar-style":"default","ast-global-header-display":"","ast-banner-title-visibility":"","ast-main-header-display":"","ast-hfb-above-header-display":"","ast-hfb-below-header-display":"","ast-hfb-mobile-header-display":"","site-post-title":"","ast-breadcrumbs-content":"","ast-featured-img":"","footer-sml-layout":"","ast-disable-related-posts":"","theme-transparent-header-meta":"default","adv-header-id-meta":"","stick-header-meta":"","header-above-stick-meta":"","header-main-stick-meta":"","header-below-stick-meta":"","astra-migrate-meta-layouts":"set","ast-page-background-enabled":"default","ast-page-background-meta":{"desktop":{"background-color":"","background-image":"","background-repeat":"repeat","background-position":"center center","background-size":"auto","background-attachment":"scroll","background-type":"","background-media":"","overlay-type":"","overlay-color":"","overlay-opacity":"","overlay-gradient":""},"tablet":{"background-color":"","background-image":"","background-repeat":"repeat","background-position":"center center","background-size":"auto","background-attachment":"scroll","background-type":"","background-media":"","overlay-type":"","overlay-color":"","overlay-opacity":"","overlay-gradient":""},"mobile":{"background-color":"","background-image":"","background-repeat":"repeat","background-position":"center center","background-size":"auto","background-attachment":"scroll","background-type":"","background-media":"","overlay-type":"","overlay-color":"","overlay-opacity":"","overlay-gradient":""}},"ast-content-background-meta":{"desktop":{"background-color":"var(--ast-global-color-4)","background-image":"","background-repeat":"repeat","background-position":"center center","background-size":"auto","background-attachment":"scroll","background-type":"","background-media":"","overlay-type":"","overlay-color":"","overlay-opacity":"","overlay-gradient":""},"tablet":{"background-color":"var(--ast-global-color-4)","background-image":"","background-repeat":"repeat","background-position":"center center","background-size":"auto","background-attachment":"scroll","background-type":"","background-media":"","overlay-type":"","overlay-color":"","overlay-opacity":"","overlay-gradient":""},"mobile":{"background-color":"var(--ast-global-color-4)","background-image":"","background-repeat":"repeat","background-position":"center center","background-size":"auto","background-attachment":"scroll","background-type":"","background-media":"","overlay-type":"","overlay-color":"","overlay-opacity":"","overlay-gradient":""}}},"product_brand":[],"product_cat":[174,395],"product_tag":[],"class_list":{"0":"post-4581","1":"product","2":"type-product","3":"status-publish","4":"has-post-thumbnail","6":"product_cat-istorija-ir-politologija","7":"product_cat-statyba-technika","8":"pa_leidimo-metai-642","9":"pa_virselis-kietas","10":"desktop-align-left","11":"tablet-align-left","12":"mobile-align-left","14":"first","15":"instock","16":"shipping-taxable","17":"purchasable","18":"product-type-simple"},"acf":[],"yoast_head":"<!-- This site is optimized with the Yoast SEO plugin v27.0 - https:\/\/yoast.com\/product\/yoast-seo-wordpress\/ -->\n<title>Bilen 1930-1950 : historia, konstruktion, utveckling (patrinti kampai)<\/title>\n<meta name=\"description\" content=\"1 Arvet fran 1920-talet Bakgrunden till motorindustrins utveck-ling tr\u1ea3n ar 1919 och fram till Wall Street-kraschen ar 1929. En kort aterblick p\u1ea3\" \/>\n<meta name=\"robots\" content=\"index, follow, max-snippet:-1, max-image-preview:large, max-video-preview:-1\" \/>\n<link rel=\"canonical\" href=\"https:\/\/skaitytaknyga.lt\/en\/produktas\/bilen-1930-1950-historia-konstruktion-utveckling-bilen-1930-1950-historia-konstruktion\/\" \/>\n<meta property=\"og:locale\" content=\"en_GB\" \/>\n<meta property=\"og:locale:alternate\" content=\"lt_LT\" \/>\n<meta property=\"og:type\" content=\"article\" \/>\n<meta property=\"og:title\" content=\"Bilen 1930-1950 : historia, konstruktion, utveckling (patrinti kampai)\" \/>\n<meta property=\"og:description\" content=\"1 Arvet fran 1920-talet Bakgrunden till motorindustrins utveck-ling tr\u1ea3n ar 1919 och fram till Wall Street-kraschen ar 1929. En kort aterblick p\u1ea3\" \/>\n<meta property=\"og:url\" content=\"https:\/\/skaitytaknyga.lt\/en\/produktas\/bilen-1930-1950-historia-konstruktion-utveckling-bilen-1930-1950-historia-konstruktion\/\" \/>\n<meta property=\"og:site_name\" content=\"Skaitytaknyga\" \/>\n<meta property=\"article:publisher\" content=\"https:\/\/www.facebook.com\/skaitytaknyga\/\" \/>\n<meta property=\"article:modified_time\" content=\"2024-06-29T15:06:18+00:00\" \/>\n<meta property=\"og:image\" content=\"https:\/\/skaitytaknyga.lt\/wp-content\/uploads\/2024\/04\/5ab65b34a5710.jpg\" \/>\n\t<meta property=\"og:image:width\" content=\"875\" \/>\n\t<meta property=\"og:image:height\" content=\"1024\" \/>\n\t<meta property=\"og:image:type\" content=\"image\/jpeg\" \/>\n<meta name=\"twitter:card\" content=\"summary_large_image\" \/>\n<meta name=\"twitter:label1\" content=\"Estimated reading time\" \/>\n\t<meta name=\"twitter:data1\" content=\"1 minute\" \/>\n<script type=\"application\/ld+json\" class=\"yoast-schema-graph\">{\"@context\":\"https:\/\/schema.org\",\"@graph\":[{\"@type\":\"WebPage\",\"@id\":\"https:\/\/skaitytaknyga.lt\/produktas\/bilen-1930-1950-historia-konstruktion-utveckling-bilen-1930-1950-historia-konstruktion\/\",\"url\":\"https:\/\/skaitytaknyga.lt\/produktas\/bilen-1930-1950-historia-konstruktion-utveckling-bilen-1930-1950-historia-konstruktion\/\",\"name\":\"Bilen 1930-1950 : historia, konstruktion, utveckling (patrinti kampai)\",\"isPartOf\":{\"@id\":\"https:\/\/skaitytaknyga.lt\/#website\"},\"primaryImageOfPage\":{\"@id\":\"https:\/\/skaitytaknyga.lt\/produktas\/bilen-1930-1950-historia-konstruktion-utveckling-bilen-1930-1950-historia-konstruktion\/#primaryimage\"},\"image\":{\"@id\":\"https:\/\/skaitytaknyga.lt\/produktas\/bilen-1930-1950-historia-konstruktion-utveckling-bilen-1930-1950-historia-konstruktion\/#primaryimage\"},\"thumbnailUrl\":\"https:\/\/skaitytaknyga.lt\/wp-content\/uploads\/2024\/04\/5ab65b34a5710.jpg\",\"datePublished\":\"2024-04-17T13:50:52+00:00\",\"dateModified\":\"2024-06-29T15:06:18+00:00\",\"description\":\"1 Arvet fran 1920-talet Bakgrunden till motorindustrins utveck-ling tr\u1ea3n ar 1919 och fram till Wall Street-kraschen ar 1929. En kort aterblick p\u1ea3\",\"breadcrumb\":{\"@id\":\"https:\/\/skaitytaknyga.lt\/produktas\/bilen-1930-1950-historia-konstruktion-utveckling-bilen-1930-1950-historia-konstruktion\/#breadcrumb\"},\"inLanguage\":\"en-GB\",\"potentialAction\":[{\"@type\":\"ReadAction\",\"target\":[\"https:\/\/skaitytaknyga.lt\/produktas\/bilen-1930-1950-historia-konstruktion-utveckling-bilen-1930-1950-historia-konstruktion\/\"]}]},{\"@type\":\"ImageObject\",\"inLanguage\":\"en-GB\",\"@id\":\"https:\/\/skaitytaknyga.lt\/produktas\/bilen-1930-1950-historia-konstruktion-utveckling-bilen-1930-1950-historia-konstruktion\/#primaryimage\",\"url\":\"https:\/\/skaitytaknyga.lt\/wp-content\/uploads\/2024\/04\/5ab65b34a5710.jpg\",\"contentUrl\":\"https:\/\/skaitytaknyga.lt\/wp-content\/uploads\/2024\/04\/5ab65b34a5710.jpg\",\"width\":875,\"height\":1024},{\"@type\":\"BreadcrumbList\",\"@id\":\"https:\/\/skaitytaknyga.lt\/produktas\/bilen-1930-1950-historia-konstruktion-utveckling-bilen-1930-1950-historia-konstruktion\/#breadcrumb\",\"itemListElement\":[{\"@type\":\"ListItem\",\"position\":1,\"name\":\"Home\",\"item\":\"https:\/\/skaitytaknyga.lt\/\"},{\"@type\":\"ListItem\",\"position\":2,\"name\":\"Parduotuv\u0117\",\"item\":\"https:\/\/skaitytaknyga.lt\/knygu-parduotuve\/\"},{\"@type\":\"ListItem\",\"position\":3,\"name\":\"Bilen 1930-1950 : historia, konstruktion, utveckling (patrinti kampai)\"}]},{\"@type\":\"WebSite\",\"@id\":\"https:\/\/skaitytaknyga.lt\/#website\",\"url\":\"https:\/\/skaitytaknyga.lt\/\",\"name\":\"skaitytaknyga.lt\",\"description\":\"Skaitytaknyga.lt \u2013 tai ma\u017eas \u0161eimos verslas, kuris prasid\u0117jo nuo meil\u0117s knygoms ir siekio i\u0161gelb\u0117ti knygas nuo likimo prie konteinerio. Kas vienam nereikalingas daiktas \u2013 kitam lobis, o mes esame tarpininkai, kurie padeda abiems tapti laimingesniems ???? \u017dinome kaip nelengva i\u0161gyventi ma\u017eiems verslams, tad nuo \u0161iol, \u010dia rasite ir kit\u0173, ma\u017e\u0173 \u0161eim\u0173 versl\u0173, rank\u0173 darbo, dovan\u0173 sau ir artimiesiems.\",\"publisher\":{\"@id\":\"https:\/\/skaitytaknyga.lt\/#organization\"},\"potentialAction\":[{\"@type\":\"SearchAction\",\"target\":{\"@type\":\"EntryPoint\",\"urlTemplate\":\"https:\/\/skaitytaknyga.lt\/?s={search_term_string}\"},\"query-input\":{\"@type\":\"PropertyValueSpecification\",\"valueRequired\":true,\"valueName\":\"search_term_string\"}}],\"inLanguage\":\"en-GB\"},{\"@type\":\"Organization\",\"@id\":\"https:\/\/skaitytaknyga.lt\/#organization\",\"name\":\"skaitytaknyga.lt\",\"url\":\"https:\/\/skaitytaknyga.lt\/\",\"logo\":{\"@type\":\"ImageObject\",\"inLanguage\":\"en-GB\",\"@id\":\"https:\/\/skaitytaknyga.lt\/#\/schema\/logo\/image\/\",\"url\":\"https:\/\/skaitytaknyga.lt\/wp-content\/uploads\/2024\/05\/cropped-cropped-cropped-02_00843_jt3bggkj1j3HLc7SyY6rEUpg.jpeg\",\"contentUrl\":\"https:\/\/skaitytaknyga.lt\/wp-content\/uploads\/2024\/05\/cropped-cropped-cropped-02_00843_jt3bggkj1j3HLc7SyY6rEUpg.jpeg\",\"width\":1600,\"height\":1600,\"caption\":\"skaitytaknyga.lt\"},\"image\":{\"@id\":\"https:\/\/skaitytaknyga.lt\/#\/schema\/logo\/image\/\"},\"sameAs\":[\"https:\/\/www.facebook.com\/skaitytaknyga\/\"]}]}<\/script>\n<!-- \/ Yoast SEO plugin. -->","yoast_head_json":{"title":"Bilen 1930-1950 : historia, konstruktion, utveckling (patrinti kampai)","description":"1 Arvet fran 1920-talet Bakgrunden till motorindustrins utveck-ling tr\u1ea3n ar 1919 och fram till Wall Street-kraschen ar 1929. En kort aterblick p\u1ea3","robots":{"index":"index","follow":"follow","max-snippet":"max-snippet:-1","max-image-preview":"max-image-preview:large","max-video-preview":"max-video-preview:-1"},"canonical":"https:\/\/skaitytaknyga.lt\/en\/produktas\/bilen-1930-1950-historia-konstruktion-utveckling-bilen-1930-1950-historia-konstruktion\/","og_locale":"en_GB","og_type":"article","og_title":"[:lt]Bilen 1930-1950 : historia, konstruktion, utveckling (patrinti kampai)[:] - Skaitytaknyga","og_description":"1 Arvet fran 1920-talet Bakgrunden till motorindustrins utveck-ling tr\u1ea3n ar 1919 och fram till Wall Street-kraschen ar 1929. En kort aterblick p\u1ea3","og_url":"https:\/\/skaitytaknyga.lt\/en\/produktas\/bilen-1930-1950-historia-konstruktion-utveckling-bilen-1930-1950-historia-konstruktion\/","og_site_name":"Skaitytaknyga","article_publisher":"https:\/\/www.facebook.com\/skaitytaknyga\/","article_modified_time":"2024-06-29T15:06:18+00:00","og_image":[{"width":875,"height":1024,"url":"https:\/\/skaitytaknyga.lt\/wp-content\/uploads\/2024\/04\/5ab65b34a5710.jpg","type":"image\/jpeg"}],"twitter_card":"summary_large_image","twitter_misc":{"Estimated reading time":"1 minute"},"schema":{"@context":"https:\/\/schema.org","@graph":[{"@type":"WebPage","@id":"https:\/\/skaitytaknyga.lt\/produktas\/bilen-1930-1950-historia-konstruktion-utveckling-bilen-1930-1950-historia-konstruktion\/","url":"https:\/\/skaitytaknyga.lt\/produktas\/bilen-1930-1950-historia-konstruktion-utveckling-bilen-1930-1950-historia-konstruktion\/","name":"Bilen 1930-1950 : historia, konstruktion, utveckling (patrinti kampai)","isPartOf":{"@id":"https:\/\/skaitytaknyga.lt\/#website"},"primaryImageOfPage":{"@id":"https:\/\/skaitytaknyga.lt\/produktas\/bilen-1930-1950-historia-konstruktion-utveckling-bilen-1930-1950-historia-konstruktion\/#primaryimage"},"image":{"@id":"https:\/\/skaitytaknyga.lt\/produktas\/bilen-1930-1950-historia-konstruktion-utveckling-bilen-1930-1950-historia-konstruktion\/#primaryimage"},"thumbnailUrl":"https:\/\/skaitytaknyga.lt\/wp-content\/uploads\/2024\/04\/5ab65b34a5710.jpg","datePublished":"2024-04-17T13:50:52+00:00","dateModified":"2024-06-29T15:06:18+00:00","description":"1 Arvet fran 1920-talet Bakgrunden till motorindustrins utveck-ling tr\u1ea3n ar 1919 och fram till Wall Street-kraschen ar 1929. En kort aterblick p\u1ea3","breadcrumb":{"@id":"https:\/\/skaitytaknyga.lt\/produktas\/bilen-1930-1950-historia-konstruktion-utveckling-bilen-1930-1950-historia-konstruktion\/#breadcrumb"},"inLanguage":"en-GB","potentialAction":[{"@type":"ReadAction","target":["https:\/\/skaitytaknyga.lt\/produktas\/bilen-1930-1950-historia-konstruktion-utveckling-bilen-1930-1950-historia-konstruktion\/"]}]},{"@type":"ImageObject","inLanguage":"en-GB","@id":"https:\/\/skaitytaknyga.lt\/produktas\/bilen-1930-1950-historia-konstruktion-utveckling-bilen-1930-1950-historia-konstruktion\/#primaryimage","url":"https:\/\/skaitytaknyga.lt\/wp-content\/uploads\/2024\/04\/5ab65b34a5710.jpg","contentUrl":"https:\/\/skaitytaknyga.lt\/wp-content\/uploads\/2024\/04\/5ab65b34a5710.jpg","width":875,"height":1024},{"@type":"BreadcrumbList","@id":"https:\/\/skaitytaknyga.lt\/produktas\/bilen-1930-1950-historia-konstruktion-utveckling-bilen-1930-1950-historia-konstruktion\/#breadcrumb","itemListElement":[{"@type":"ListItem","position":1,"name":"Home","item":"https:\/\/skaitytaknyga.lt\/"},{"@type":"ListItem","position":2,"name":"Parduotuv\u0117","item":"https:\/\/skaitytaknyga.lt\/knygu-parduotuve\/"},{"@type":"ListItem","position":3,"name":"Bilen 1930-1950 : historia, konstruktion, utveckling (patrinti kampai)"}]},{"@type":"WebSite","@id":"https:\/\/skaitytaknyga.lt\/#website","url":"https:\/\/skaitytaknyga.lt\/","name":"skaitytaknyga.lt","description":"Skaitytaknyga.lt \u2013 tai ma\u017eas \u0161eimos verslas, kuris prasid\u0117jo nuo meil\u0117s knygoms ir siekio i\u0161gelb\u0117ti knygas nuo likimo prie konteinerio. Kas vienam nereikalingas daiktas \u2013 kitam lobis, o mes esame tarpininkai, kurie padeda abiems tapti laimingesniems ???? \u017dinome kaip nelengva i\u0161gyventi ma\u017eiems verslams, tad nuo \u0161iol, \u010dia rasite ir kit\u0173, ma\u017e\u0173 \u0161eim\u0173 versl\u0173, rank\u0173 darbo, dovan\u0173 sau ir artimiesiems.","publisher":{"@id":"https:\/\/skaitytaknyga.lt\/#organization"},"potentialAction":[{"@type":"SearchAction","target":{"@type":"EntryPoint","urlTemplate":"https:\/\/skaitytaknyga.lt\/?s={search_term_string}"},"query-input":{"@type":"PropertyValueSpecification","valueRequired":true,"valueName":"search_term_string"}}],"inLanguage":"en-GB"},{"@type":"Organization","@id":"https:\/\/skaitytaknyga.lt\/#organization","name":"skaitytaknyga.lt","url":"https:\/\/skaitytaknyga.lt\/","logo":{"@type":"ImageObject","inLanguage":"en-GB","@id":"https:\/\/skaitytaknyga.lt\/#\/schema\/logo\/image\/","url":"https:\/\/skaitytaknyga.lt\/wp-content\/uploads\/2024\/05\/cropped-cropped-cropped-02_00843_jt3bggkj1j3HLc7SyY6rEUpg.jpeg","contentUrl":"https:\/\/skaitytaknyga.lt\/wp-content\/uploads\/2024\/05\/cropped-cropped-cropped-02_00843_jt3bggkj1j3HLc7SyY6rEUpg.jpeg","width":1600,"height":1600,"caption":"skaitytaknyga.lt"},"image":{"@id":"https:\/\/skaitytaknyga.lt\/#\/schema\/logo\/image\/"},"sameAs":["https:\/\/www.facebook.com\/skaitytaknyga\/"]}]}},"_links":{"self":[{"href":"https:\/\/skaitytaknyga.lt\/en\/wp-json\/wp\/v2\/product\/4581","targetHints":{"allow":["GET"]}}],"collection":[{"href":"https:\/\/skaitytaknyga.lt\/en\/wp-json\/wp\/v2\/product"}],"about":[{"href":"https:\/\/skaitytaknyga.lt\/en\/wp-json\/wp\/v2\/types\/product"}],"replies":[{"embeddable":true,"href":"https:\/\/skaitytaknyga.lt\/en\/wp-json\/wp\/v2\/comments?post=4581"}],"wp:featuredmedia":[{"embeddable":true,"href":"https:\/\/skaitytaknyga.lt\/en\/wp-json\/wp\/v2\/media\/4627"}],"wp:attachment":[{"href":"https:\/\/skaitytaknyga.lt\/en\/wp-json\/wp\/v2\/media?parent=4581"}],"wp:term":[{"taxonomy":"product_brand","embeddable":true,"href":"https:\/\/skaitytaknyga.lt\/en\/wp-json\/wp\/v2\/product_brand?post=4581"},{"taxonomy":"product_cat","embeddable":true,"href":"https:\/\/skaitytaknyga.lt\/en\/wp-json\/wp\/v2\/product_cat?post=4581"},{"taxonomy":"product_tag","embeddable":true,"href":"https:\/\/skaitytaknyga.lt\/en\/wp-json\/wp\/v2\/product_tag?post=4581"}],"curies":[{"name":"wp","href":"https:\/\/api.w.org\/{rel}","templated":true}]}}