{"id":4572,"date":"2024-06-14T16:50:51","date_gmt":"2024-06-14T13:50:51","guid":{"rendered":"https:\/\/skaitytaknyga.lt\/?post_type=product&#038;p=4572"},"modified":"2026-01-28T17:49:20","modified_gmt":"2026-01-28T15:49:20","slug":"e-m-remarque-vakaru-fronte-nieko-naujo","status":"publish","type":"product","link":"https:\/\/skaitytaknyga.lt\/en\/produktas\/e-m-remarque-vakaru-fronte-nieko-naujo\/","title":{"rendered":"E. M. Remarque \u201eVakar\u0173 fronte nieko naujo\u201c"},"content":{"rendered":"<p><strong>Jis \u017euvo 1918 met\u0173 spalio m\u0117nes\u012f, vien\u0105 i\u0161 t\u0173 dien\u0173, kai visame fronte buvo taip ramu ir tylu, jog kariuomen\u0117s prane\u0161im\u0105 sudar\u0117 tiktai vienas sakinys: \u201eVakar\u0173 fronte nieko naujo&#8221;<\/strong><\/p>\n<p>Romane \u201eVakar\u0173 fronte nieko naujo&#8221; pasakojama apie Pirmojo pasaulinio karo tikrov\u0119, apie k\u00e1rt\u0173 kareivi\u0173 gyvenim\u0105. Ta\u010diau vis\u0173 pirma &#8211; tai pasakojimas apie jaunus \u017emones, i\u0161 kuri\u0173 \u017eiaurus likimas at\u0117m\u0117 ateities planus ir svajones&#8230;<\/p>\n<p>Paulius Boimeris kartu su klas\u0117s draugais tiesiai i\u0161 mokyklos suolo patenka \u012f front\u0105, kuriame susiduria su \u0161iurk\u0161\u010dia karo realybe. Ne\u017emoni\u0161kas kapralo Himel\u0161toso mu\u0161tras, pavojai fronto linijose, vienas po kito m\u016b\u0161io lauke krintantys likimo draugai yra dar besiformuojan\u010di\u0173 jaunuoli\u0173, ta\u010diau jau kareivi\u0173, kasdienyb\u0117. Karo \u017eiaurumui ir beprasmybei n\u0117ra rib\u0173. Jaunuolius i\u0161 \u0161io ko\u0161maro gelbsti tik tvirta draugyst\u0117, kuri yra vienintel\u0117 atsvara visa naikinan\u010diam karui.<\/p>\n","protected":false},"excerpt":{"rendered":"<p><strong>Jis \u017euvo 1918 met\u0173 spalio m\u0117nes\u012f, vien\u0105 i\u0161 t\u0173 dien\u0173, kai visame fronte buvo taip ramu ir tylu, jog kariuomen\u0117s prane\u0161im\u0105 sudar\u0117 tiktai vienas sakinys: \u201eVakar\u0173 fronte nieko naujo&#8221;<\/strong><\/p>\n<p>Romane \u201eVakar\u0173 fronte nieko naujo&#8221; pasakojama apie Pirmojo pasaulinio karo tikrov\u0119, apie k\u00e1rt\u0173 kareivi\u0173 gyvenim\u0105. Ta\u010diau vis\u0173 pirma &#8211; tai pasakojimas apie jaunus \u017emones, i\u0161 kuri\u0173 \u017eiaurus likimas at\u0117m\u0117 ateities planus ir svajones&#8230;<\/p>\n<p>Paulius Boimeris kartu su klas\u0117s draugais tiesiai i\u0161 mokyklos suolo patenka \u012f front\u0105, kuriame susiduria su \u0161iurk\u0161\u010dia karo realybe. Ne\u017emoni\u0161kas kapralo Himel\u0161toso mu\u0161tras, pavojai fronto linijose, vienas po kito m\u016b\u0161io lauke krintantys likimo draugai yra dar besiformuojan\u010di\u0173 jaunuoli\u0173, ta\u010diau jau kareivi\u0173, kasdienyb\u0117. Karo \u017eiaurumui ir beprasmybei n\u0117ra rib\u0173. Jaunuolius i\u0161 \u0161io ko\u0161maro gelbsti tik tvirta draugyst\u0117, kuri yra vienintel\u0117 atsvara visa naikinan\u010diam karui.<\/p>\n","protected":false},"featured_media":4611,"comment_status":"closed","ping_status":"closed","template":"","meta":{"_acf_changed":false,"site-sidebar-layout":"default","site-content-layout":"","ast-site-content-layout":"default","site-content-style":"default","site-sidebar-style":"default","ast-global-header-display":"","ast-banner-title-visibility":"","ast-main-header-display":"","ast-hfb-above-header-display":"","ast-hfb-below-header-display":"","ast-hfb-mobile-header-display":"","site-post-title":"","ast-breadcrumbs-content":"","ast-featured-img":"","footer-sml-layout":"","ast-disable-related-posts":"","theme-transparent-header-meta":"","adv-header-id-meta":"","stick-header-meta":"","header-above-stick-meta":"","header-main-stick-meta":"","header-below-stick-meta":"","astra-migrate-meta-layouts":"default","ast-page-background-enabled":"default","ast-page-background-meta":{"desktop":{"background-color":"","background-image":"","background-repeat":"repeat","background-position":"center center","background-size":"auto","background-attachment":"scroll","background-type":"","background-media":"","overlay-type":"","overlay-color":"","overlay-opacity":"","overlay-gradient":""},"tablet":{"background-color":"","background-image":"","background-repeat":"repeat","background-position":"center center","background-size":"auto","background-attachment":"scroll","background-type":"","background-media":"","overlay-type":"","overlay-color":"","overlay-opacity":"","overlay-gradient":""},"mobile":{"background-color":"","background-image":"","background-repeat":"repeat","background-position":"center center","background-size":"auto","background-attachment":"scroll","background-type":"","background-media":"","overlay-type":"","overlay-color":"","overlay-opacity":"","overlay-gradient":""}},"ast-content-background-meta":{"desktop":{"background-color":"var(--ast-global-color-4)","background-image":"","background-repeat":"repeat","background-position":"center center","background-size":"auto","background-attachment":"scroll","background-type":"","background-media":"","overlay-type":"","overlay-color":"","overlay-opacity":"","overlay-gradient":""},"tablet":{"background-color":"var(--ast-global-color-4)","background-image":"","background-repeat":"repeat","background-position":"center center","background-size":"auto","background-attachment":"scroll","background-type":"","background-media":"","overlay-type":"","overlay-color":"","overlay-opacity":"","overlay-gradient":""},"mobile":{"background-color":"var(--ast-global-color-4)","background-image":"","background-repeat":"repeat","background-position":"center center","background-size":"auto","background-attachment":"scroll","background-type":"","background-media":"","overlay-type":"","overlay-color":"","overlay-opacity":"","overlay-gradient":""}}},"product_brand":[],"product_cat":[31,28],"product_tag":[],"class_list":{"0":"post-4572","1":"product","2":"type-product","3":"status-publish","4":"has-post-thumbnail","6":"product_cat-grozine-literatura","7":"product_cat-klasika","8":"desktop-align-left","9":"tablet-align-left","10":"mobile-align-left","12":"first","13":"outofstock","14":"shipping-taxable","15":"purchasable","16":"product-type-simple"},"acf":[],"yoast_head":"<!-- This site is optimized with the Yoast SEO plugin v27.0 - https:\/\/yoast.com\/product\/yoast-seo-wordpress\/ -->\n<title>E. M. Remarque \u201eVakar\u0173 fronte nieko naujo\u201c<\/title>\n<meta name=\"description\" content=\"Jis \u017euvo 1918 met\u0173 spalio m\u0117nes\u012f, vien\u0105 i\u0161 t\u0173 dien\u0173, kai visame fronte buvo taip ramu ir tylu, jog kariuomen\u0117s prane\u0161im\u0105 sudar\u0117 tiktai vienas sakinys: \u201eVakar\u0173 fronte nieko naujo&quot;  Romane \u201eVakar\u0173 fronte nieko naujo&quot; pasakojama apie Pirmojo pasaulinio karo tikrov\u0119, apie k\u00e1rt\u0173 kareivi\u0173 gyvenim\u0105. Ta\u010diau vis\u0173 pirma - tai pasakojimas apie jaunus \u017emones, i\u0161 kuri\u0173 \u017eiaurus likimas at\u0117m\u0117 ateities planus ir svajones...  Paulius Boimeris kartu su klas\u0117s draugais tiesiai i\u0161 mokyklos suolo patenka \u012f front\u0105, kuriame susiduria su \u0161iurk\u0161\u010dia karo realybe. Ne\u017emoni\u0161kas kapralo Himel\u0161toso mu\u0161tras, pavojai fronto linijose, vienas po kito m\u016b\u0161io lauke krintantys likimo draugai yra dar besiformuojan\u010di\u0173 jaunuoli\u0173, ta\u010diau jau kareivi\u0173, kasdienyb\u0117. Karo \u017eiaurumui ir beprasmybei n\u0117ra rib\u0173. Jaunuolius i\u0161 \u0161io ko\u0161maro gelbsti tik tvirta draugyst\u0117, kuri yra vienintel\u0117 atsvara visa naikinan\u010diam karui.\" \/>\n<meta name=\"robots\" content=\"index, follow, max-snippet:-1, max-image-preview:large, max-video-preview:-1\" \/>\n<link rel=\"canonical\" href=\"https:\/\/skaitytaknyga.lt\/en\/produktas\/e-m-remarque-vakaru-fronte-nieko-naujo\/\" \/>\n<meta property=\"og:locale\" content=\"en_GB\" \/>\n<meta property=\"og:locale:alternate\" content=\"lt_LT\" \/>\n<meta property=\"og:type\" content=\"article\" \/>\n<meta property=\"og:title\" content=\"E. M. Remarque \u201eVakar\u0173 fronte nieko naujo\u201c\" \/>\n<meta property=\"og:description\" content=\"Jis \u017euvo 1918 met\u0173 spalio m\u0117nes\u012f, vien\u0105 i\u0161 t\u0173 dien\u0173, kai visame fronte buvo taip ramu ir tylu, jog kariuomen\u0117s prane\u0161im\u0105 sudar\u0117 tiktai vienas sakinys: \u201eVakar\u0173 fronte nieko naujo&quot;  Romane \u201eVakar\u0173 fronte nieko naujo&quot; pasakojama apie Pirmojo pasaulinio karo tikrov\u0119, apie k\u00e1rt\u0173 kareivi\u0173 gyvenim\u0105. Ta\u010diau vis\u0173 pirma - tai pasakojimas apie jaunus \u017emones, i\u0161 kuri\u0173 \u017eiaurus likimas at\u0117m\u0117 ateities planus ir svajones...  Paulius Boimeris kartu su klas\u0117s draugais tiesiai i\u0161 mokyklos suolo patenka \u012f front\u0105, kuriame susiduria su \u0161iurk\u0161\u010dia karo realybe. Ne\u017emoni\u0161kas kapralo Himel\u0161toso mu\u0161tras, pavojai fronto linijose, vienas po kito m\u016b\u0161io lauke krintantys likimo draugai yra dar besiformuojan\u010di\u0173 jaunuoli\u0173, ta\u010diau jau kareivi\u0173, kasdienyb\u0117. Karo \u017eiaurumui ir beprasmybei n\u0117ra rib\u0173. Jaunuolius i\u0161 \u0161io ko\u0161maro gelbsti tik tvirta draugyst\u0117, kuri yra vienintel\u0117 atsvara visa naikinan\u010diam karui.\" \/>\n<meta property=\"og:url\" content=\"https:\/\/skaitytaknyga.lt\/en\/produktas\/e-m-remarque-vakaru-fronte-nieko-naujo\/\" \/>\n<meta property=\"og:site_name\" content=\"Skaitytaknyga\" \/>\n<meta property=\"article:publisher\" content=\"https:\/\/www.facebook.com\/skaitytaknyga\/\" \/>\n<meta property=\"article:modified_time\" content=\"2026-01-28T15:49:20+00:00\" \/>\n<meta property=\"og:image\" content=\"https:\/\/skaitytaknyga.lt\/wp-content\/uploads\/2024\/04\/003819-a-12.jpg\" \/>\n\t<meta property=\"og:image:width\" content=\"267\" \/>\n\t<meta property=\"og:image:height\" content=\"430\" \/>\n\t<meta property=\"og:image:type\" content=\"image\/jpeg\" \/>\n<meta name=\"twitter:card\" content=\"summary_large_image\" \/>\n<meta name=\"twitter:label1\" content=\"Estimated reading time\" \/>\n\t<meta name=\"twitter:data1\" content=\"1 minute\" \/>\n<script type=\"application\/ld+json\" class=\"yoast-schema-graph\">{\"@context\":\"https:\/\/schema.org\",\"@graph\":[{\"@type\":\"WebPage\",\"@id\":\"https:\/\/skaitytaknyga.lt\/produktas\/e-m-remarque-vakaru-fronte-nieko-naujo\/\",\"url\":\"https:\/\/skaitytaknyga.lt\/produktas\/e-m-remarque-vakaru-fronte-nieko-naujo\/\",\"name\":\"E. M. Remarque \u201eVakar\u0173 fronte nieko naujo\u201c\",\"isPartOf\":{\"@id\":\"https:\/\/skaitytaknyga.lt\/#website\"},\"primaryImageOfPage\":{\"@id\":\"https:\/\/skaitytaknyga.lt\/produktas\/e-m-remarque-vakaru-fronte-nieko-naujo\/#primaryimage\"},\"image\":{\"@id\":\"https:\/\/skaitytaknyga.lt\/produktas\/e-m-remarque-vakaru-fronte-nieko-naujo\/#primaryimage\"},\"thumbnailUrl\":\"https:\/\/skaitytaknyga.lt\/wp-content\/uploads\/2024\/04\/003819-a-12.jpg\",\"datePublished\":\"2024-06-14T13:50:51+00:00\",\"dateModified\":\"2026-01-28T15:49:20+00:00\",\"description\":\"Jis \u017euvo 1918 met\u0173 spalio m\u0117nes\u012f, vien\u0105 i\u0161 t\u0173 dien\u0173, kai visame fronte buvo taip ramu ir tylu, jog kariuomen\u0117s prane\u0161im\u0105 sudar\u0117 tiktai vienas sakinys: \u201eVakar\u0173 fronte nieko naujo\\\" Romane \u201eVakar\u0173 fronte nieko naujo\\\" pasakojama apie Pirmojo pasaulinio karo tikrov\u0119, apie k\u00e1rt\u0173 kareivi\u0173 gyvenim\u0105. Ta\u010diau vis\u0173 pirma - tai pasakojimas apie jaunus \u017emones, i\u0161 kuri\u0173 \u017eiaurus likimas at\u0117m\u0117 ateities planus ir svajones... Paulius Boimeris kartu su klas\u0117s draugais tiesiai i\u0161 mokyklos suolo patenka \u012f front\u0105, kuriame susiduria su \u0161iurk\u0161\u010dia karo realybe. Ne\u017emoni\u0161kas kapralo Himel\u0161toso mu\u0161tras, pavojai fronto linijose, vienas po kito m\u016b\u0161io lauke krintantys likimo draugai yra dar besiformuojan\u010di\u0173 jaunuoli\u0173, ta\u010diau jau kareivi\u0173, kasdienyb\u0117. Karo \u017eiaurumui ir beprasmybei n\u0117ra rib\u0173. Jaunuolius i\u0161 \u0161io ko\u0161maro gelbsti tik tvirta draugyst\u0117, kuri yra vienintel\u0117 atsvara visa naikinan\u010diam karui.\",\"breadcrumb\":{\"@id\":\"https:\/\/skaitytaknyga.lt\/produktas\/e-m-remarque-vakaru-fronte-nieko-naujo\/#breadcrumb\"},\"inLanguage\":\"en-GB\",\"potentialAction\":[{\"@type\":\"ReadAction\",\"target\":[\"https:\/\/skaitytaknyga.lt\/produktas\/e-m-remarque-vakaru-fronte-nieko-naujo\/\"]}]},{\"@type\":\"ImageObject\",\"inLanguage\":\"en-GB\",\"@id\":\"https:\/\/skaitytaknyga.lt\/produktas\/e-m-remarque-vakaru-fronte-nieko-naujo\/#primaryimage\",\"url\":\"https:\/\/skaitytaknyga.lt\/wp-content\/uploads\/2024\/04\/003819-a-12.jpg\",\"contentUrl\":\"https:\/\/skaitytaknyga.lt\/wp-content\/uploads\/2024\/04\/003819-a-12.jpg\",\"width\":267,\"height\":430},{\"@type\":\"BreadcrumbList\",\"@id\":\"https:\/\/skaitytaknyga.lt\/produktas\/e-m-remarque-vakaru-fronte-nieko-naujo\/#breadcrumb\",\"itemListElement\":[{\"@type\":\"ListItem\",\"position\":1,\"name\":\"Home\",\"item\":\"https:\/\/skaitytaknyga.lt\/\"},{\"@type\":\"ListItem\",\"position\":2,\"name\":\"Parduotuv\u0117\",\"item\":\"https:\/\/skaitytaknyga.lt\/knygu-parduotuve\/\"},{\"@type\":\"ListItem\",\"position\":3,\"name\":\"E. M. Remarque \u201eVakar\u0173 fronte nieko naujo\u201c\"}]},{\"@type\":\"WebSite\",\"@id\":\"https:\/\/skaitytaknyga.lt\/#website\",\"url\":\"https:\/\/skaitytaknyga.lt\/\",\"name\":\"skaitytaknyga.lt\",\"description\":\"Skaitytaknyga.lt \u2013 tai ma\u017eas \u0161eimos verslas, kuris prasid\u0117jo nuo meil\u0117s knygoms ir siekio i\u0161gelb\u0117ti knygas nuo likimo prie konteinerio. Kas vienam nereikalingas daiktas \u2013 kitam lobis, o mes esame tarpininkai, kurie padeda abiems tapti laimingesniems ???? \u017dinome kaip nelengva i\u0161gyventi ma\u017eiems verslams, tad nuo \u0161iol, \u010dia rasite ir kit\u0173, ma\u017e\u0173 \u0161eim\u0173 versl\u0173, rank\u0173 darbo, dovan\u0173 sau ir artimiesiems.\",\"publisher\":{\"@id\":\"https:\/\/skaitytaknyga.lt\/#organization\"},\"potentialAction\":[{\"@type\":\"SearchAction\",\"target\":{\"@type\":\"EntryPoint\",\"urlTemplate\":\"https:\/\/skaitytaknyga.lt\/?s={search_term_string}\"},\"query-input\":{\"@type\":\"PropertyValueSpecification\",\"valueRequired\":true,\"valueName\":\"search_term_string\"}}],\"inLanguage\":\"en-GB\"},{\"@type\":\"Organization\",\"@id\":\"https:\/\/skaitytaknyga.lt\/#organization\",\"name\":\"skaitytaknyga.lt\",\"url\":\"https:\/\/skaitytaknyga.lt\/\",\"logo\":{\"@type\":\"ImageObject\",\"inLanguage\":\"en-GB\",\"@id\":\"https:\/\/skaitytaknyga.lt\/#\/schema\/logo\/image\/\",\"url\":\"https:\/\/skaitytaknyga.lt\/wp-content\/uploads\/2024\/05\/cropped-cropped-cropped-02_00843_jt3bggkj1j3HLc7SyY6rEUpg.jpeg\",\"contentUrl\":\"https:\/\/skaitytaknyga.lt\/wp-content\/uploads\/2024\/05\/cropped-cropped-cropped-02_00843_jt3bggkj1j3HLc7SyY6rEUpg.jpeg\",\"width\":1600,\"height\":1600,\"caption\":\"skaitytaknyga.lt\"},\"image\":{\"@id\":\"https:\/\/skaitytaknyga.lt\/#\/schema\/logo\/image\/\"},\"sameAs\":[\"https:\/\/www.facebook.com\/skaitytaknyga\/\"]}]}<\/script>\n<!-- \/ Yoast SEO plugin. -->","yoast_head_json":{"title":"E. M. Remarque \u201eVakar\u0173 fronte nieko naujo\u201c","description":"Jis \u017euvo 1918 met\u0173 spalio m\u0117nes\u012f, vien\u0105 i\u0161 t\u0173 dien\u0173, kai visame fronte buvo taip ramu ir tylu, jog kariuomen\u0117s prane\u0161im\u0105 sudar\u0117 tiktai vienas sakinys: \u201eVakar\u0173 fronte nieko naujo\"  Romane \u201eVakar\u0173 fronte nieko naujo\" pasakojama apie Pirmojo pasaulinio karo tikrov\u0119, apie k\u00e1rt\u0173 kareivi\u0173 gyvenim\u0105. Ta\u010diau vis\u0173 pirma - tai pasakojimas apie jaunus \u017emones, i\u0161 kuri\u0173 \u017eiaurus likimas at\u0117m\u0117 ateities planus ir svajones...  Paulius Boimeris kartu su klas\u0117s draugais tiesiai i\u0161 mokyklos suolo patenka \u012f front\u0105, kuriame susiduria su \u0161iurk\u0161\u010dia karo realybe. Ne\u017emoni\u0161kas kapralo Himel\u0161toso mu\u0161tras, pavojai fronto linijose, vienas po kito m\u016b\u0161io lauke krintantys likimo draugai yra dar besiformuojan\u010di\u0173 jaunuoli\u0173, ta\u010diau jau kareivi\u0173, kasdienyb\u0117. Karo \u017eiaurumui ir beprasmybei n\u0117ra rib\u0173. Jaunuolius i\u0161 \u0161io ko\u0161maro gelbsti tik tvirta draugyst\u0117, kuri yra vienintel\u0117 atsvara visa naikinan\u010diam karui.","robots":{"index":"index","follow":"follow","max-snippet":"max-snippet:-1","max-image-preview":"max-image-preview:large","max-video-preview":"max-video-preview:-1"},"canonical":"https:\/\/skaitytaknyga.lt\/en\/produktas\/e-m-remarque-vakaru-fronte-nieko-naujo\/","og_locale":"en_GB","og_type":"article","og_title":"[:lt]E. M. Remarque \u201eVakar\u0173 fronte nieko naujo\u201c[:] - Skaitytaknyga","og_description":"Jis \u017euvo 1918 met\u0173 spalio m\u0117nes\u012f, vien\u0105 i\u0161 t\u0173 dien\u0173, kai visame fronte buvo taip ramu ir tylu, jog kariuomen\u0117s prane\u0161im\u0105 sudar\u0117 tiktai vienas sakinys: \u201eVakar\u0173 fronte nieko naujo\"  Romane \u201eVakar\u0173 fronte nieko naujo\" pasakojama apie Pirmojo pasaulinio karo tikrov\u0119, apie k\u00e1rt\u0173 kareivi\u0173 gyvenim\u0105. Ta\u010diau vis\u0173 pirma - tai pasakojimas apie jaunus \u017emones, i\u0161 kuri\u0173 \u017eiaurus likimas at\u0117m\u0117 ateities planus ir svajones...  Paulius Boimeris kartu su klas\u0117s draugais tiesiai i\u0161 mokyklos suolo patenka \u012f front\u0105, kuriame susiduria su \u0161iurk\u0161\u010dia karo realybe. Ne\u017emoni\u0161kas kapralo Himel\u0161toso mu\u0161tras, pavojai fronto linijose, vienas po kito m\u016b\u0161io lauke krintantys likimo draugai yra dar besiformuojan\u010di\u0173 jaunuoli\u0173, ta\u010diau jau kareivi\u0173, kasdienyb\u0117. Karo \u017eiaurumui ir beprasmybei n\u0117ra rib\u0173. Jaunuolius i\u0161 \u0161io ko\u0161maro gelbsti tik tvirta draugyst\u0117, kuri yra vienintel\u0117 atsvara visa naikinan\u010diam karui.","og_url":"https:\/\/skaitytaknyga.lt\/en\/produktas\/e-m-remarque-vakaru-fronte-nieko-naujo\/","og_site_name":"Skaitytaknyga","article_publisher":"https:\/\/www.facebook.com\/skaitytaknyga\/","article_modified_time":"2026-01-28T15:49:20+00:00","og_image":[{"width":267,"height":430,"url":"https:\/\/skaitytaknyga.lt\/wp-content\/uploads\/2024\/04\/003819-a-12.jpg","type":"image\/jpeg"}],"twitter_card":"summary_large_image","twitter_misc":{"Estimated reading time":"1 minute"},"schema":{"@context":"https:\/\/schema.org","@graph":[{"@type":"WebPage","@id":"https:\/\/skaitytaknyga.lt\/produktas\/e-m-remarque-vakaru-fronte-nieko-naujo\/","url":"https:\/\/skaitytaknyga.lt\/produktas\/e-m-remarque-vakaru-fronte-nieko-naujo\/","name":"E. M. Remarque \u201eVakar\u0173 fronte nieko naujo\u201c","isPartOf":{"@id":"https:\/\/skaitytaknyga.lt\/#website"},"primaryImageOfPage":{"@id":"https:\/\/skaitytaknyga.lt\/produktas\/e-m-remarque-vakaru-fronte-nieko-naujo\/#primaryimage"},"image":{"@id":"https:\/\/skaitytaknyga.lt\/produktas\/e-m-remarque-vakaru-fronte-nieko-naujo\/#primaryimage"},"thumbnailUrl":"https:\/\/skaitytaknyga.lt\/wp-content\/uploads\/2024\/04\/003819-a-12.jpg","datePublished":"2024-06-14T13:50:51+00:00","dateModified":"2026-01-28T15:49:20+00:00","description":"Jis \u017euvo 1918 met\u0173 spalio m\u0117nes\u012f, vien\u0105 i\u0161 t\u0173 dien\u0173, kai visame fronte buvo taip ramu ir tylu, jog kariuomen\u0117s prane\u0161im\u0105 sudar\u0117 tiktai vienas sakinys: \u201eVakar\u0173 fronte nieko naujo\" Romane \u201eVakar\u0173 fronte nieko naujo\" pasakojama apie Pirmojo pasaulinio karo tikrov\u0119, apie k\u00e1rt\u0173 kareivi\u0173 gyvenim\u0105. Ta\u010diau vis\u0173 pirma - tai pasakojimas apie jaunus \u017emones, i\u0161 kuri\u0173 \u017eiaurus likimas at\u0117m\u0117 ateities planus ir svajones... Paulius Boimeris kartu su klas\u0117s draugais tiesiai i\u0161 mokyklos suolo patenka \u012f front\u0105, kuriame susiduria su \u0161iurk\u0161\u010dia karo realybe. Ne\u017emoni\u0161kas kapralo Himel\u0161toso mu\u0161tras, pavojai fronto linijose, vienas po kito m\u016b\u0161io lauke krintantys likimo draugai yra dar besiformuojan\u010di\u0173 jaunuoli\u0173, ta\u010diau jau kareivi\u0173, kasdienyb\u0117. Karo \u017eiaurumui ir beprasmybei n\u0117ra rib\u0173. Jaunuolius i\u0161 \u0161io ko\u0161maro gelbsti tik tvirta draugyst\u0117, kuri yra vienintel\u0117 atsvara visa naikinan\u010diam karui.","breadcrumb":{"@id":"https:\/\/skaitytaknyga.lt\/produktas\/e-m-remarque-vakaru-fronte-nieko-naujo\/#breadcrumb"},"inLanguage":"en-GB","potentialAction":[{"@type":"ReadAction","target":["https:\/\/skaitytaknyga.lt\/produktas\/e-m-remarque-vakaru-fronte-nieko-naujo\/"]}]},{"@type":"ImageObject","inLanguage":"en-GB","@id":"https:\/\/skaitytaknyga.lt\/produktas\/e-m-remarque-vakaru-fronte-nieko-naujo\/#primaryimage","url":"https:\/\/skaitytaknyga.lt\/wp-content\/uploads\/2024\/04\/003819-a-12.jpg","contentUrl":"https:\/\/skaitytaknyga.lt\/wp-content\/uploads\/2024\/04\/003819-a-12.jpg","width":267,"height":430},{"@type":"BreadcrumbList","@id":"https:\/\/skaitytaknyga.lt\/produktas\/e-m-remarque-vakaru-fronte-nieko-naujo\/#breadcrumb","itemListElement":[{"@type":"ListItem","position":1,"name":"Home","item":"https:\/\/skaitytaknyga.lt\/"},{"@type":"ListItem","position":2,"name":"Parduotuv\u0117","item":"https:\/\/skaitytaknyga.lt\/knygu-parduotuve\/"},{"@type":"ListItem","position":3,"name":"E. M. Remarque \u201eVakar\u0173 fronte nieko naujo\u201c"}]},{"@type":"WebSite","@id":"https:\/\/skaitytaknyga.lt\/#website","url":"https:\/\/skaitytaknyga.lt\/","name":"skaitytaknyga.lt","description":"Skaitytaknyga.lt \u2013 tai ma\u017eas \u0161eimos verslas, kuris prasid\u0117jo nuo meil\u0117s knygoms ir siekio i\u0161gelb\u0117ti knygas nuo likimo prie konteinerio. Kas vienam nereikalingas daiktas \u2013 kitam lobis, o mes esame tarpininkai, kurie padeda abiems tapti laimingesniems ???? \u017dinome kaip nelengva i\u0161gyventi ma\u017eiems verslams, tad nuo \u0161iol, \u010dia rasite ir kit\u0173, ma\u017e\u0173 \u0161eim\u0173 versl\u0173, rank\u0173 darbo, dovan\u0173 sau ir artimiesiems.","publisher":{"@id":"https:\/\/skaitytaknyga.lt\/#organization"},"potentialAction":[{"@type":"SearchAction","target":{"@type":"EntryPoint","urlTemplate":"https:\/\/skaitytaknyga.lt\/?s={search_term_string}"},"query-input":{"@type":"PropertyValueSpecification","valueRequired":true,"valueName":"search_term_string"}}],"inLanguage":"en-GB"},{"@type":"Organization","@id":"https:\/\/skaitytaknyga.lt\/#organization","name":"skaitytaknyga.lt","url":"https:\/\/skaitytaknyga.lt\/","logo":{"@type":"ImageObject","inLanguage":"en-GB","@id":"https:\/\/skaitytaknyga.lt\/#\/schema\/logo\/image\/","url":"https:\/\/skaitytaknyga.lt\/wp-content\/uploads\/2024\/05\/cropped-cropped-cropped-02_00843_jt3bggkj1j3HLc7SyY6rEUpg.jpeg","contentUrl":"https:\/\/skaitytaknyga.lt\/wp-content\/uploads\/2024\/05\/cropped-cropped-cropped-02_00843_jt3bggkj1j3HLc7SyY6rEUpg.jpeg","width":1600,"height":1600,"caption":"skaitytaknyga.lt"},"image":{"@id":"https:\/\/skaitytaknyga.lt\/#\/schema\/logo\/image\/"},"sameAs":["https:\/\/www.facebook.com\/skaitytaknyga\/"]}]}},"_links":{"self":[{"href":"https:\/\/skaitytaknyga.lt\/en\/wp-json\/wp\/v2\/product\/4572","targetHints":{"allow":["GET"]}}],"collection":[{"href":"https:\/\/skaitytaknyga.lt\/en\/wp-json\/wp\/v2\/product"}],"about":[{"href":"https:\/\/skaitytaknyga.lt\/en\/wp-json\/wp\/v2\/types\/product"}],"replies":[{"embeddable":true,"href":"https:\/\/skaitytaknyga.lt\/en\/wp-json\/wp\/v2\/comments?post=4572"}],"wp:featuredmedia":[{"embeddable":true,"href":"https:\/\/skaitytaknyga.lt\/en\/wp-json\/wp\/v2\/media\/4611"}],"wp:attachment":[{"href":"https:\/\/skaitytaknyga.lt\/en\/wp-json\/wp\/v2\/media?parent=4572"}],"wp:term":[{"taxonomy":"product_brand","embeddable":true,"href":"https:\/\/skaitytaknyga.lt\/en\/wp-json\/wp\/v2\/product_brand?post=4572"},{"taxonomy":"product_cat","embeddable":true,"href":"https:\/\/skaitytaknyga.lt\/en\/wp-json\/wp\/v2\/product_cat?post=4572"},{"taxonomy":"product_tag","embeddable":true,"href":"https:\/\/skaitytaknyga.lt\/en\/wp-json\/wp\/v2\/product_tag?post=4572"}],"curies":[{"name":"wp","href":"https:\/\/api.w.org\/{rel}","templated":true}]}}