{"id":4546,"date":"2024-04-17T13:50:22","date_gmt":"2024-04-17T13:50:22","guid":{"rendered":"https:\/\/skaitytaknyga.lt\/?post_type=product&#038;p=4546"},"modified":"2026-01-30T12:54:27","modified_gmt":"2026-01-30T10:54:27","slug":"z-vernas-aplink-zeme-per-80-dienu-padile-kampai","status":"publish","type":"product","link":"https:\/\/skaitytaknyga.lt\/en\/produktas\/z-vernas-aplink-zeme-per-80-dienu-padile-kampai\/","title":{"rendered":"\u017d. Vernas \u201eAplink \u017eem\u0119 per 80 dien\u0173\u201c (vir\u0161elio defektas)"},"content":{"rendered":"<p>GALIN\u0116JE NUGAR\u0116L\u0116JE YRA DEFEKTAS<\/p>\n<p>Tada dar nebuvo l\u0117ktuv\u0173 ir kit\u0173 greito keliavimo priemoni\u0173, kai angl\u0173 d\u017eentelmenas Filijus Fogas susila\u017eino i\u0161 20000 svar\u0173 sterling\u0173, kad jis apkeliaus pasaul\u012f per 80 dien\u0173. Savo kelion\u0117je jis sutinka gra\u017euol\u0119 ind\u0173 princes\u0119, apsirinka patik\u0117j\u0119s pagars\u0117jusiu nusikalt\u0117liu, yra persekiojamas leidim\u0105 j\u012f are\u0161tuoti turin\u010dio detektyvo.<\/p>\n<p>Pasekite jo fantasti\u0161k\u0105 kelion\u0119 per keturis \u017eemynus, dr\u0105siai \u012fveikiant laiko sp\u0105stus. Tai kupina veiksmo, nuotyki\u0173 ir pavoj\u0173, \u012ftempta ir labai romanti\u0161ka kelion\u0117.<\/p>\n","protected":false},"excerpt":{"rendered":"<p>GALIN\u0116JE NUGAR\u0116L\u0116JE YRA DEFEKTAS<\/p>\n<p>Tada dar nebuvo l\u0117ktuv\u0173 ir kit\u0173 greito keliavimo priemoni\u0173, kai angl\u0173 d\u017eentelmenas Filijus Fogas susila\u017eino i\u0161 20000 svar\u0173 sterling\u0173, kad jis apkeliaus pasaul\u012f per 80 dien\u0173. Savo kelion\u0117je jis sutinka gra\u017euol\u0119 ind\u0173 princes\u0119, apsirinka patik\u0117j\u0119s pagars\u0117jusiu nusikalt\u0117liu, yra persekiojamas leidim\u0105 j\u012f are\u0161tuoti turin\u010dio detektyvo.<\/p>\n<p>Pasekite jo fantasti\u0161k\u0105 kelion\u0119 per keturis \u017eemynus, dr\u0105siai \u012fveikiant laiko sp\u0105stus. Tai kupina veiksmo, nuotyki\u0173 ir pavoj\u0173, \u012ftempta ir labai romanti\u0161ka kelion\u0117.<\/p>\n","protected":false},"featured_media":4596,"comment_status":"closed","ping_status":"closed","template":"","meta":{"_acf_changed":false,"site-sidebar-layout":"default","site-content-layout":"","ast-site-content-layout":"default","site-content-style":"default","site-sidebar-style":"default","ast-global-header-display":"","ast-banner-title-visibility":"","ast-main-header-display":"","ast-hfb-above-header-display":"","ast-hfb-below-header-display":"","ast-hfb-mobile-header-display":"","site-post-title":"","ast-breadcrumbs-content":"","ast-featured-img":"","footer-sml-layout":"","ast-disable-related-posts":"","theme-transparent-header-meta":"","adv-header-id-meta":"","stick-header-meta":"","header-above-stick-meta":"","header-main-stick-meta":"","header-below-stick-meta":"","astra-migrate-meta-layouts":"default","ast-page-background-enabled":"default","ast-page-background-meta":{"desktop":{"background-color":"","background-image":"","background-repeat":"repeat","background-position":"center center","background-size":"auto","background-attachment":"scroll","background-type":"","background-media":"","overlay-type":"","overlay-color":"","overlay-opacity":"","overlay-gradient":""},"tablet":{"background-color":"","background-image":"","background-repeat":"repeat","background-position":"center center","background-size":"auto","background-attachment":"scroll","background-type":"","background-media":"","overlay-type":"","overlay-color":"","overlay-opacity":"","overlay-gradient":""},"mobile":{"background-color":"","background-image":"","background-repeat":"repeat","background-position":"center center","background-size":"auto","background-attachment":"scroll","background-type":"","background-media":"","overlay-type":"","overlay-color":"","overlay-opacity":"","overlay-gradient":""}},"ast-content-background-meta":{"desktop":{"background-color":"var(--ast-global-color-4)","background-image":"","background-repeat":"repeat","background-position":"center center","background-size":"auto","background-attachment":"scroll","background-type":"","background-media":"","overlay-type":"","overlay-color":"","overlay-opacity":"","overlay-gradient":""},"tablet":{"background-color":"var(--ast-global-color-4)","background-image":"","background-repeat":"repeat","background-position":"center center","background-size":"auto","background-attachment":"scroll","background-type":"","background-media":"","overlay-type":"","overlay-color":"","overlay-opacity":"","overlay-gradient":""},"mobile":{"background-color":"var(--ast-global-color-4)","background-image":"","background-repeat":"repeat","background-position":"center center","background-size":"auto","background-attachment":"scroll","background-type":"","background-media":"","overlay-type":"","overlay-color":"","overlay-opacity":"","overlay-gradient":""}}},"product_brand":[],"product_cat":[28],"product_tag":[],"class_list":{"0":"post-4546","1":"product","2":"type-product","3":"status-publish","4":"has-post-thumbnail","6":"product_cat-klasika","7":"desktop-align-left","8":"tablet-align-left","9":"mobile-align-left","11":"first","12":"instock","13":"shipping-taxable","14":"purchasable","15":"product-type-simple"},"acf":[],"yoast_head":"<!-- This site is optimized with the Yoast SEO plugin v27.0 - https:\/\/yoast.com\/product\/yoast-seo-wordpress\/ -->\n<title>\u017d. Vernas \u201eAplink \u017eem\u0119 per 80 dien\u0173\u201c (vir\u0161elio defektas)<\/title>\n<meta name=\"description\" content=\"GALIN\u0116JE NUGAR\u0116L\u0116JE YRA DEFEKTAS  Tada dar nebuvo l\u0117ktuv\u0173 ir kit\u0173 greito keliavimo priemoni\u0173, kai angl\u0173 d\u017eentelmenas Filijus Fogas susila\u017eino i\u0161 20000 svar\u0173 sterling\u0173, kad jis apkeliaus pasaul\u012f per 80 dien\u0173. Savo kelion\u0117je jis sutinka gra\u017euol\u0119 ind\u0173 princes\u0119, apsirinka patik\u0117j\u0119s pagars\u0117jusiu nusikalt\u0117liu, yra persekiojamas leidim\u0105 j\u012f are\u0161tuoti turin\u010dio detektyvo.  Pasekite jo fantasti\u0161k\u0105 kelion\u0119 per keturis \u017eemynus, dr\u0105siai \u012fveikiant laiko sp\u0105stus. Tai kupina veiksmo, nuotyki\u0173 ir pavoj\u0173, \u012ftempta ir labai romanti\u0161ka kelion\u0117.\" \/>\n<meta name=\"robots\" content=\"index, follow, max-snippet:-1, max-image-preview:large, max-video-preview:-1\" \/>\n<link rel=\"canonical\" href=\"https:\/\/skaitytaknyga.lt\/en\/produktas\/z-vernas-aplink-zeme-per-80-dienu-padile-kampai\/\" \/>\n<meta property=\"og:locale\" content=\"en_GB\" \/>\n<meta property=\"og:locale:alternate\" content=\"lt_LT\" \/>\n<meta property=\"og:type\" content=\"article\" \/>\n<meta property=\"og:title\" content=\"\u017d. Vernas \u201eAplink \u017eem\u0119 per 80 dien\u0173\u201c (vir\u0161elio defektas)\" \/>\n<meta property=\"og:description\" content=\"GALIN\u0116JE NUGAR\u0116L\u0116JE YRA DEFEKTAS  Tada dar nebuvo l\u0117ktuv\u0173 ir kit\u0173 greito keliavimo priemoni\u0173, kai angl\u0173 d\u017eentelmenas Filijus Fogas susila\u017eino i\u0161 20000 svar\u0173 sterling\u0173, kad jis apkeliaus pasaul\u012f per 80 dien\u0173. Savo kelion\u0117je jis sutinka gra\u017euol\u0119 ind\u0173 princes\u0119, apsirinka patik\u0117j\u0119s pagars\u0117jusiu nusikalt\u0117liu, yra persekiojamas leidim\u0105 j\u012f are\u0161tuoti turin\u010dio detektyvo.  Pasekite jo fantasti\u0161k\u0105 kelion\u0119 per keturis \u017eemynus, dr\u0105siai \u012fveikiant laiko sp\u0105stus. Tai kupina veiksmo, nuotyki\u0173 ir pavoj\u0173, \u012ftempta ir labai romanti\u0161ka kelion\u0117.\" \/>\n<meta property=\"og:url\" content=\"https:\/\/skaitytaknyga.lt\/en\/produktas\/z-vernas-aplink-zeme-per-80-dienu-padile-kampai\/\" \/>\n<meta property=\"og:site_name\" content=\"Skaitytaknyga\" \/>\n<meta property=\"article:publisher\" content=\"https:\/\/www.facebook.com\/skaitytaknyga\/\" \/>\n<meta property=\"article:modified_time\" content=\"2026-01-30T10:54:27+00:00\" \/>\n<meta property=\"og:image\" content=\"https:\/\/skaitytaknyga.lt\/wp-content\/uploads\/2024\/04\/003819-a-9.jpg\" \/>\n\t<meta property=\"og:image:width\" content=\"267\" \/>\n\t<meta property=\"og:image:height\" content=\"430\" \/>\n\t<meta property=\"og:image:type\" content=\"image\/jpeg\" \/>\n<meta name=\"twitter:card\" content=\"summary_large_image\" \/>\n<meta name=\"twitter:label1\" content=\"Estimated reading time\" \/>\n\t<meta name=\"twitter:data1\" content=\"1 minute\" \/>\n<script type=\"application\/ld+json\" class=\"yoast-schema-graph\">{\"@context\":\"https:\/\/schema.org\",\"@graph\":[{\"@type\":\"WebPage\",\"@id\":\"https:\/\/skaitytaknyga.lt\/produktas\/z-vernas-aplink-zeme-per-80-dienu-padile-kampai\/\",\"url\":\"https:\/\/skaitytaknyga.lt\/produktas\/z-vernas-aplink-zeme-per-80-dienu-padile-kampai\/\",\"name\":\"\u017d. Vernas \u201eAplink \u017eem\u0119 per 80 dien\u0173\u201c (vir\u0161elio defektas)\",\"isPartOf\":{\"@id\":\"https:\/\/skaitytaknyga.lt\/#website\"},\"primaryImageOfPage\":{\"@id\":\"https:\/\/skaitytaknyga.lt\/produktas\/z-vernas-aplink-zeme-per-80-dienu-padile-kampai\/#primaryimage\"},\"image\":{\"@id\":\"https:\/\/skaitytaknyga.lt\/produktas\/z-vernas-aplink-zeme-per-80-dienu-padile-kampai\/#primaryimage\"},\"thumbnailUrl\":\"https:\/\/skaitytaknyga.lt\/wp-content\/uploads\/2024\/04\/003819-a-9.jpg\",\"datePublished\":\"2024-04-17T13:50:22+00:00\",\"dateModified\":\"2026-01-30T10:54:27+00:00\",\"description\":\"GALIN\u0116JE NUGAR\u0116L\u0116JE YRA DEFEKTAS Tada dar nebuvo l\u0117ktuv\u0173 ir kit\u0173 greito keliavimo priemoni\u0173, kai angl\u0173 d\u017eentelmenas Filijus Fogas susila\u017eino i\u0161 20000 svar\u0173 sterling\u0173, kad jis apkeliaus pasaul\u012f per 80 dien\u0173. Savo kelion\u0117je jis sutinka gra\u017euol\u0119 ind\u0173 princes\u0119, apsirinka patik\u0117j\u0119s pagars\u0117jusiu nusikalt\u0117liu, yra persekiojamas leidim\u0105 j\u012f are\u0161tuoti turin\u010dio detektyvo. Pasekite jo fantasti\u0161k\u0105 kelion\u0119 per keturis \u017eemynus, dr\u0105siai \u012fveikiant laiko sp\u0105stus. Tai kupina veiksmo, nuotyki\u0173 ir pavoj\u0173, \u012ftempta ir labai romanti\u0161ka kelion\u0117.\",\"breadcrumb\":{\"@id\":\"https:\/\/skaitytaknyga.lt\/produktas\/z-vernas-aplink-zeme-per-80-dienu-padile-kampai\/#breadcrumb\"},\"inLanguage\":\"en-GB\",\"potentialAction\":[{\"@type\":\"ReadAction\",\"target\":[\"https:\/\/skaitytaknyga.lt\/produktas\/z-vernas-aplink-zeme-per-80-dienu-padile-kampai\/\"]}]},{\"@type\":\"ImageObject\",\"inLanguage\":\"en-GB\",\"@id\":\"https:\/\/skaitytaknyga.lt\/produktas\/z-vernas-aplink-zeme-per-80-dienu-padile-kampai\/#primaryimage\",\"url\":\"https:\/\/skaitytaknyga.lt\/wp-content\/uploads\/2024\/04\/003819-a-9.jpg\",\"contentUrl\":\"https:\/\/skaitytaknyga.lt\/wp-content\/uploads\/2024\/04\/003819-a-9.jpg\",\"width\":267,\"height\":430},{\"@type\":\"BreadcrumbList\",\"@id\":\"https:\/\/skaitytaknyga.lt\/produktas\/z-vernas-aplink-zeme-per-80-dienu-padile-kampai\/#breadcrumb\",\"itemListElement\":[{\"@type\":\"ListItem\",\"position\":1,\"name\":\"Home\",\"item\":\"https:\/\/skaitytaknyga.lt\/\"},{\"@type\":\"ListItem\",\"position\":2,\"name\":\"Parduotuv\u0117\",\"item\":\"https:\/\/skaitytaknyga.lt\/knygu-parduotuve\/\"},{\"@type\":\"ListItem\",\"position\":3,\"name\":\"\u017d. Vernas \u201eAplink \u017eem\u0119 per 80 dien\u0173\u201c (vir\u0161elio defektas)\"}]},{\"@type\":\"WebSite\",\"@id\":\"https:\/\/skaitytaknyga.lt\/#website\",\"url\":\"https:\/\/skaitytaknyga.lt\/\",\"name\":\"skaitytaknyga.lt\",\"description\":\"Skaitytaknyga.lt \u2013 tai ma\u017eas \u0161eimos verslas, kuris prasid\u0117jo nuo meil\u0117s knygoms ir siekio i\u0161gelb\u0117ti knygas nuo likimo prie konteinerio. Kas vienam nereikalingas daiktas \u2013 kitam lobis, o mes esame tarpininkai, kurie padeda abiems tapti laimingesniems ???? \u017dinome kaip nelengva i\u0161gyventi ma\u017eiems verslams, tad nuo \u0161iol, \u010dia rasite ir kit\u0173, ma\u017e\u0173 \u0161eim\u0173 versl\u0173, rank\u0173 darbo, dovan\u0173 sau ir artimiesiems.\",\"publisher\":{\"@id\":\"https:\/\/skaitytaknyga.lt\/#organization\"},\"potentialAction\":[{\"@type\":\"SearchAction\",\"target\":{\"@type\":\"EntryPoint\",\"urlTemplate\":\"https:\/\/skaitytaknyga.lt\/?s={search_term_string}\"},\"query-input\":{\"@type\":\"PropertyValueSpecification\",\"valueRequired\":true,\"valueName\":\"search_term_string\"}}],\"inLanguage\":\"en-GB\"},{\"@type\":\"Organization\",\"@id\":\"https:\/\/skaitytaknyga.lt\/#organization\",\"name\":\"skaitytaknyga.lt\",\"url\":\"https:\/\/skaitytaknyga.lt\/\",\"logo\":{\"@type\":\"ImageObject\",\"inLanguage\":\"en-GB\",\"@id\":\"https:\/\/skaitytaknyga.lt\/#\/schema\/logo\/image\/\",\"url\":\"https:\/\/skaitytaknyga.lt\/wp-content\/uploads\/2024\/05\/cropped-cropped-cropped-02_00843_jt3bggkj1j3HLc7SyY6rEUpg.jpeg\",\"contentUrl\":\"https:\/\/skaitytaknyga.lt\/wp-content\/uploads\/2024\/05\/cropped-cropped-cropped-02_00843_jt3bggkj1j3HLc7SyY6rEUpg.jpeg\",\"width\":1600,\"height\":1600,\"caption\":\"skaitytaknyga.lt\"},\"image\":{\"@id\":\"https:\/\/skaitytaknyga.lt\/#\/schema\/logo\/image\/\"},\"sameAs\":[\"https:\/\/www.facebook.com\/skaitytaknyga\/\"]}]}<\/script>\n<!-- \/ Yoast SEO plugin. -->","yoast_head_json":{"title":"\u017d. Vernas \u201eAplink \u017eem\u0119 per 80 dien\u0173\u201c (vir\u0161elio defektas)","description":"GALIN\u0116JE NUGAR\u0116L\u0116JE YRA DEFEKTAS  Tada dar nebuvo l\u0117ktuv\u0173 ir kit\u0173 greito keliavimo priemoni\u0173, kai angl\u0173 d\u017eentelmenas Filijus Fogas susila\u017eino i\u0161 20000 svar\u0173 sterling\u0173, kad jis apkeliaus pasaul\u012f per 80 dien\u0173. Savo kelion\u0117je jis sutinka gra\u017euol\u0119 ind\u0173 princes\u0119, apsirinka patik\u0117j\u0119s pagars\u0117jusiu nusikalt\u0117liu, yra persekiojamas leidim\u0105 j\u012f are\u0161tuoti turin\u010dio detektyvo.  Pasekite jo fantasti\u0161k\u0105 kelion\u0119 per keturis \u017eemynus, dr\u0105siai \u012fveikiant laiko sp\u0105stus. Tai kupina veiksmo, nuotyki\u0173 ir pavoj\u0173, \u012ftempta ir labai romanti\u0161ka kelion\u0117.","robots":{"index":"index","follow":"follow","max-snippet":"max-snippet:-1","max-image-preview":"max-image-preview:large","max-video-preview":"max-video-preview:-1"},"canonical":"https:\/\/skaitytaknyga.lt\/en\/produktas\/z-vernas-aplink-zeme-per-80-dienu-padile-kampai\/","og_locale":"en_GB","og_type":"article","og_title":"[:lt]\u017d. Vernas \u201eAplink \u017eem\u0119 per 80 dien\u0173\u201c (vir\u0161elio defektas)[:] - Skaitytaknyga","og_description":"GALIN\u0116JE NUGAR\u0116L\u0116JE YRA DEFEKTAS  Tada dar nebuvo l\u0117ktuv\u0173 ir kit\u0173 greito keliavimo priemoni\u0173, kai angl\u0173 d\u017eentelmenas Filijus Fogas susila\u017eino i\u0161 20000 svar\u0173 sterling\u0173, kad jis apkeliaus pasaul\u012f per 80 dien\u0173. Savo kelion\u0117je jis sutinka gra\u017euol\u0119 ind\u0173 princes\u0119, apsirinka patik\u0117j\u0119s pagars\u0117jusiu nusikalt\u0117liu, yra persekiojamas leidim\u0105 j\u012f are\u0161tuoti turin\u010dio detektyvo.  Pasekite jo fantasti\u0161k\u0105 kelion\u0119 per keturis \u017eemynus, dr\u0105siai \u012fveikiant laiko sp\u0105stus. Tai kupina veiksmo, nuotyki\u0173 ir pavoj\u0173, \u012ftempta ir labai romanti\u0161ka kelion\u0117.","og_url":"https:\/\/skaitytaknyga.lt\/en\/produktas\/z-vernas-aplink-zeme-per-80-dienu-padile-kampai\/","og_site_name":"Skaitytaknyga","article_publisher":"https:\/\/www.facebook.com\/skaitytaknyga\/","article_modified_time":"2026-01-30T10:54:27+00:00","og_image":[{"width":267,"height":430,"url":"https:\/\/skaitytaknyga.lt\/wp-content\/uploads\/2024\/04\/003819-a-9.jpg","type":"image\/jpeg"}],"twitter_card":"summary_large_image","twitter_misc":{"Estimated reading time":"1 minute"},"schema":{"@context":"https:\/\/schema.org","@graph":[{"@type":"WebPage","@id":"https:\/\/skaitytaknyga.lt\/produktas\/z-vernas-aplink-zeme-per-80-dienu-padile-kampai\/","url":"https:\/\/skaitytaknyga.lt\/produktas\/z-vernas-aplink-zeme-per-80-dienu-padile-kampai\/","name":"\u017d. Vernas \u201eAplink \u017eem\u0119 per 80 dien\u0173\u201c (vir\u0161elio defektas)","isPartOf":{"@id":"https:\/\/skaitytaknyga.lt\/#website"},"primaryImageOfPage":{"@id":"https:\/\/skaitytaknyga.lt\/produktas\/z-vernas-aplink-zeme-per-80-dienu-padile-kampai\/#primaryimage"},"image":{"@id":"https:\/\/skaitytaknyga.lt\/produktas\/z-vernas-aplink-zeme-per-80-dienu-padile-kampai\/#primaryimage"},"thumbnailUrl":"https:\/\/skaitytaknyga.lt\/wp-content\/uploads\/2024\/04\/003819-a-9.jpg","datePublished":"2024-04-17T13:50:22+00:00","dateModified":"2026-01-30T10:54:27+00:00","description":"GALIN\u0116JE NUGAR\u0116L\u0116JE YRA DEFEKTAS Tada dar nebuvo l\u0117ktuv\u0173 ir kit\u0173 greito keliavimo priemoni\u0173, kai angl\u0173 d\u017eentelmenas Filijus Fogas susila\u017eino i\u0161 20000 svar\u0173 sterling\u0173, kad jis apkeliaus pasaul\u012f per 80 dien\u0173. Savo kelion\u0117je jis sutinka gra\u017euol\u0119 ind\u0173 princes\u0119, apsirinka patik\u0117j\u0119s pagars\u0117jusiu nusikalt\u0117liu, yra persekiojamas leidim\u0105 j\u012f are\u0161tuoti turin\u010dio detektyvo. Pasekite jo fantasti\u0161k\u0105 kelion\u0119 per keturis \u017eemynus, dr\u0105siai \u012fveikiant laiko sp\u0105stus. Tai kupina veiksmo, nuotyki\u0173 ir pavoj\u0173, \u012ftempta ir labai romanti\u0161ka kelion\u0117.","breadcrumb":{"@id":"https:\/\/skaitytaknyga.lt\/produktas\/z-vernas-aplink-zeme-per-80-dienu-padile-kampai\/#breadcrumb"},"inLanguage":"en-GB","potentialAction":[{"@type":"ReadAction","target":["https:\/\/skaitytaknyga.lt\/produktas\/z-vernas-aplink-zeme-per-80-dienu-padile-kampai\/"]}]},{"@type":"ImageObject","inLanguage":"en-GB","@id":"https:\/\/skaitytaknyga.lt\/produktas\/z-vernas-aplink-zeme-per-80-dienu-padile-kampai\/#primaryimage","url":"https:\/\/skaitytaknyga.lt\/wp-content\/uploads\/2024\/04\/003819-a-9.jpg","contentUrl":"https:\/\/skaitytaknyga.lt\/wp-content\/uploads\/2024\/04\/003819-a-9.jpg","width":267,"height":430},{"@type":"BreadcrumbList","@id":"https:\/\/skaitytaknyga.lt\/produktas\/z-vernas-aplink-zeme-per-80-dienu-padile-kampai\/#breadcrumb","itemListElement":[{"@type":"ListItem","position":1,"name":"Home","item":"https:\/\/skaitytaknyga.lt\/"},{"@type":"ListItem","position":2,"name":"Parduotuv\u0117","item":"https:\/\/skaitytaknyga.lt\/knygu-parduotuve\/"},{"@type":"ListItem","position":3,"name":"\u017d. Vernas \u201eAplink \u017eem\u0119 per 80 dien\u0173\u201c (vir\u0161elio defektas)"}]},{"@type":"WebSite","@id":"https:\/\/skaitytaknyga.lt\/#website","url":"https:\/\/skaitytaknyga.lt\/","name":"skaitytaknyga.lt","description":"Skaitytaknyga.lt \u2013 tai ma\u017eas \u0161eimos verslas, kuris prasid\u0117jo nuo meil\u0117s knygoms ir siekio i\u0161gelb\u0117ti knygas nuo likimo prie konteinerio. Kas vienam nereikalingas daiktas \u2013 kitam lobis, o mes esame tarpininkai, kurie padeda abiems tapti laimingesniems ???? \u017dinome kaip nelengva i\u0161gyventi ma\u017eiems verslams, tad nuo \u0161iol, \u010dia rasite ir kit\u0173, ma\u017e\u0173 \u0161eim\u0173 versl\u0173, rank\u0173 darbo, dovan\u0173 sau ir artimiesiems.","publisher":{"@id":"https:\/\/skaitytaknyga.lt\/#organization"},"potentialAction":[{"@type":"SearchAction","target":{"@type":"EntryPoint","urlTemplate":"https:\/\/skaitytaknyga.lt\/?s={search_term_string}"},"query-input":{"@type":"PropertyValueSpecification","valueRequired":true,"valueName":"search_term_string"}}],"inLanguage":"en-GB"},{"@type":"Organization","@id":"https:\/\/skaitytaknyga.lt\/#organization","name":"skaitytaknyga.lt","url":"https:\/\/skaitytaknyga.lt\/","logo":{"@type":"ImageObject","inLanguage":"en-GB","@id":"https:\/\/skaitytaknyga.lt\/#\/schema\/logo\/image\/","url":"https:\/\/skaitytaknyga.lt\/wp-content\/uploads\/2024\/05\/cropped-cropped-cropped-02_00843_jt3bggkj1j3HLc7SyY6rEUpg.jpeg","contentUrl":"https:\/\/skaitytaknyga.lt\/wp-content\/uploads\/2024\/05\/cropped-cropped-cropped-02_00843_jt3bggkj1j3HLc7SyY6rEUpg.jpeg","width":1600,"height":1600,"caption":"skaitytaknyga.lt"},"image":{"@id":"https:\/\/skaitytaknyga.lt\/#\/schema\/logo\/image\/"},"sameAs":["https:\/\/www.facebook.com\/skaitytaknyga\/"]}]}},"_links":{"self":[{"href":"https:\/\/skaitytaknyga.lt\/en\/wp-json\/wp\/v2\/product\/4546","targetHints":{"allow":["GET"]}}],"collection":[{"href":"https:\/\/skaitytaknyga.lt\/en\/wp-json\/wp\/v2\/product"}],"about":[{"href":"https:\/\/skaitytaknyga.lt\/en\/wp-json\/wp\/v2\/types\/product"}],"replies":[{"embeddable":true,"href":"https:\/\/skaitytaknyga.lt\/en\/wp-json\/wp\/v2\/comments?post=4546"}],"wp:featuredmedia":[{"embeddable":true,"href":"https:\/\/skaitytaknyga.lt\/en\/wp-json\/wp\/v2\/media\/4596"}],"wp:attachment":[{"href":"https:\/\/skaitytaknyga.lt\/en\/wp-json\/wp\/v2\/media?parent=4546"}],"wp:term":[{"taxonomy":"product_brand","embeddable":true,"href":"https:\/\/skaitytaknyga.lt\/en\/wp-json\/wp\/v2\/product_brand?post=4546"},{"taxonomy":"product_cat","embeddable":true,"href":"https:\/\/skaitytaknyga.lt\/en\/wp-json\/wp\/v2\/product_cat?post=4546"},{"taxonomy":"product_tag","embeddable":true,"href":"https:\/\/skaitytaknyga.lt\/en\/wp-json\/wp\/v2\/product_tag?post=4546"}],"curies":[{"name":"wp","href":"https:\/\/api.w.org\/{rel}","templated":true}]}}