{"id":4517,"date":"2024-04-17T13:49:52","date_gmt":"2024-04-17T13:49:52","guid":{"rendered":"https:\/\/skaitytaknyga.lt\/?post_type=product&#038;p=4517"},"modified":"2025-06-26T16:09:59","modified_gmt":"2025-06-26T13:09:59","slug":"ausra-maldeikiene-ismokite-skaiciuoti-savo-pinigus","status":"publish","type":"product","link":"https:\/\/skaitytaknyga.lt\/en\/produktas\/ausra-maldeikiene-ismokite-skaiciuoti-savo-pinigus\/","title":{"rendered":"I\u0161mokite skai\u010diuoti savo pinigus"},"content":{"rendered":"<p><strong>Au\u0161ra Maldeikien\u0117<\/strong>, docent\u0117, moksl\u0173 daktar\u0117 \u2013 ry\u0161ki fig\u016bra Lietuvos ekonomikos padang\u0117je. Baigusi Maskvos universitete politin\u0117s ekonomijos studijas ir aspirant\u016br\u0105, paskutin\u012f de\u0161imtmet\u012f i\u0161populiar\u0117jo kaip \u017eurnaliste, dirbo spaudos atstove Vilniaus banke, dabar d\u0117sto Vilniaus universitete. I\u0161leido kelet\u0105 ekonomikos vadov\u0117li\u0173 (\u201ePratyb\u0173 s\u0105siuvinis 9-10 klasi\u0173 mokiniams&#8221;, \u201eEkonomika: Mokytojo knyga&#8221;, vadov\u0117liai 9-10, 11-12 klas\u0117ms ir kt.).<\/p>\n<p>Tai jau antrasis knygos leidimas (pirmasis i\u0161leistas 2002 m.). Antrasis leidimas pataisytas i\u0161 esm\u0117s (atsi\u017evelgta \u012f pakitusius \u012fstatymus, pasikeitimus mokes\u010di\u0173 sistemoje, atsiradusius ir pensij\u0173 kaupimo b\u016bdus). Ta\u010diau nagrin\u0117jamos problemos i\u0161liko tos pa\u010dios, tod\u0117l patariama, kaip \u012fveikti kasdien\u012f galvos skausm\u0105, vadinam\u0105 pinigais.<\/p>\n","protected":false},"excerpt":{"rendered":"<p><strong>Au\u0161ra Maldeikien\u0117<\/strong>, docent\u0117, moksl\u0173 daktar\u0117 \u2013 ry\u0161ki fig\u016bra Lietuvos ekonomikos padang\u0117je. Baigusi Maskvos universitete politin\u0117s ekonomijos studijas ir aspirant\u016br\u0105, paskutin\u012f de\u0161imtmet\u012f i\u0161populiar\u0117jo kaip \u017eurnaliste, dirbo spaudos atstove Vilniaus banke, dabar d\u0117sto Vilniaus universitete. I\u0161leido kelet\u0105 ekonomikos vadov\u0117li\u0173 (\u201ePratyb\u0173 s\u0105siuvinis 9-10 klasi\u0173 mokiniams&#8221;, \u201eEkonomika: Mokytojo knyga&#8221;, vadov\u0117liai 9-10, 11-12 klas\u0117ms ir kt.).<\/p>\n<p>Tai jau antrasis knygos leidimas (pirmasis i\u0161leistas 2002 m.). Antrasis leidimas pataisytas i\u0161 esm\u0117s (atsi\u017evelgta \u012f pakitusius \u012fstatymus, pasikeitimus mokes\u010di\u0173 sistemoje, atsiradusius ir pensij\u0173 kaupimo b\u016bdus). Ta\u010diau nagrin\u0117jamos problemos i\u0161liko tos pa\u010dios, tod\u0117l patariama, kaip \u012fveikti kasdien\u012f galvos skausm\u0105, vadinam\u0105 pinigais.<\/p>\n","protected":false},"featured_media":4558,"comment_status":"closed","ping_status":"closed","template":"","meta":{"_acf_changed":false,"site-sidebar-layout":"default","site-content-layout":"","ast-site-content-layout":"default","site-content-style":"default","site-sidebar-style":"default","ast-global-header-display":"","ast-banner-title-visibility":"","ast-main-header-display":"","ast-hfb-above-header-display":"","ast-hfb-below-header-display":"","ast-hfb-mobile-header-display":"","site-post-title":"","ast-breadcrumbs-content":"","ast-featured-img":"","footer-sml-layout":"","ast-disable-related-posts":"","theme-transparent-header-meta":"","adv-header-id-meta":"","stick-header-meta":"","header-above-stick-meta":"","header-main-stick-meta":"","header-below-stick-meta":"","astra-migrate-meta-layouts":"default","ast-page-background-enabled":"default","ast-page-background-meta":{"desktop":{"background-color":"","background-image":"","background-repeat":"repeat","background-position":"center center","background-size":"auto","background-attachment":"scroll","background-type":"","background-media":"","overlay-type":"","overlay-color":"","overlay-opacity":"","overlay-gradient":""},"tablet":{"background-color":"","background-image":"","background-repeat":"repeat","background-position":"center center","background-size":"auto","background-attachment":"scroll","background-type":"","background-media":"","overlay-type":"","overlay-color":"","overlay-opacity":"","overlay-gradient":""},"mobile":{"background-color":"","background-image":"","background-repeat":"repeat","background-position":"center center","background-size":"auto","background-attachment":"scroll","background-type":"","background-media":"","overlay-type":"","overlay-color":"","overlay-opacity":"","overlay-gradient":""}},"ast-content-background-meta":{"desktop":{"background-color":"var(--ast-global-color-4)","background-image":"","background-repeat":"repeat","background-position":"center center","background-size":"auto","background-attachment":"scroll","background-type":"","background-media":"","overlay-type":"","overlay-color":"","overlay-opacity":"","overlay-gradient":""},"tablet":{"background-color":"var(--ast-global-color-4)","background-image":"","background-repeat":"repeat","background-position":"center center","background-size":"auto","background-attachment":"scroll","background-type":"","background-media":"","overlay-type":"","overlay-color":"","overlay-opacity":"","overlay-gradient":""},"mobile":{"background-color":"var(--ast-global-color-4)","background-image":"","background-repeat":"repeat","background-position":"center center","background-size":"auto","background-attachment":"scroll","background-type":"","background-media":"","overlay-type":"","overlay-color":"","overlay-opacity":"","overlay-gradient":""}}},"product_brand":[],"product_cat":[26],"product_tag":[5975,1529,2301,5976,2625],"class_list":{"0":"post-4517","1":"product","2":"type-product","3":"status-publish","4":"has-post-thumbnail","6":"product_cat-verslas-vadyba-ir-finansai","7":"product_tag-ausra-maldeikiene","8":"product_tag-ekonomika","9":"product_tag-finansai","10":"product_tag-ismokite-skaiciuoti-savo-pinigus","11":"product_tag-lietuva","12":"pa_leidimo-metai-636","13":"desktop-align-left","14":"tablet-align-left","15":"mobile-align-left","17":"first","18":"instock","19":"shipping-taxable","20":"purchasable","21":"product-type-simple"},"acf":[],"yoast_head":"<!-- This site is optimized with the Yoast SEO plugin v27.0 - https:\/\/yoast.com\/product\/yoast-seo-wordpress\/ -->\n<title>I\u0161mokite skai\u010diuoti savo pinigus<\/title>\n<meta name=\"description\" content=\"Au\u0161ra Maldeikien\u0117, docent\u0117, moksl\u0173 daktar\u0117 \u2013 ry\u0161ki fig\u016bra Lietuvos ekonomikos padang\u0117je. Baigusi Maskvos universitete politin\u0117s ekonomijos studijas ir aspirant\u016br\u0105, paskutin\u012f de\u0161imtmet\u012f i\u0161populiar\u0117jo kaip \u017eurnaliste, dirbo spaudos atstove Vilniaus banke, dabar d\u0117sto Vilniaus universitete. I\u0161leido kelet\u0105 ekonomikos vadov\u0117li\u0173 (\u201ePratyb\u0173 s\u0105siuvinis 9-10 klasi\u0173 mokiniams&quot;, \u201eEkonomika: Mokytojo knyga&quot;, vadov\u0117liai 9-10, 11-12 klas\u0117ms ir kt.).  Tai jau antrasis knygos leidimas (pirmasis i\u0161leistas 2002 m.). Antrasis leidimas pataisytas i\u0161 esm\u0117s (atsi\u017evelgta \u012f pakitusius \u012fstatymus, pasikeitimus mokes\u010di\u0173 sistemoje, atsiradusius ir pensij\u0173 kaupimo b\u016bdus). Ta\u010diau nagrin\u0117jamos problemos i\u0161liko tos pa\u010dios, tod\u0117l patariama, kaip \u012fveikti kasdien\u012f galvos skausm\u0105, vadinam\u0105 pinigais.\" \/>\n<meta name=\"robots\" content=\"index, follow, max-snippet:-1, max-image-preview:large, max-video-preview:-1\" \/>\n<link rel=\"canonical\" href=\"https:\/\/skaitytaknyga.lt\/en\/produktas\/ausra-maldeikiene-ismokite-skaiciuoti-savo-pinigus\/\" \/>\n<meta property=\"og:locale\" content=\"en_GB\" \/>\n<meta property=\"og:locale:alternate\" content=\"lt_LT\" \/>\n<meta property=\"og:type\" content=\"article\" \/>\n<meta property=\"og:title\" content=\"I\u0161mokite skai\u010diuoti savo pinigus\" \/>\n<meta property=\"og:description\" content=\"Au\u0161ra Maldeikien\u0117, docent\u0117, moksl\u0173 daktar\u0117 \u2013 ry\u0161ki fig\u016bra Lietuvos ekonomikos padang\u0117je. Baigusi Maskvos universitete politin\u0117s ekonomijos studijas ir aspirant\u016br\u0105, paskutin\u012f de\u0161imtmet\u012f i\u0161populiar\u0117jo kaip \u017eurnaliste, dirbo spaudos atstove Vilniaus banke, dabar d\u0117sto Vilniaus universitete. I\u0161leido kelet\u0105 ekonomikos vadov\u0117li\u0173 (\u201ePratyb\u0173 s\u0105siuvinis 9-10 klasi\u0173 mokiniams&quot;, \u201eEkonomika: Mokytojo knyga&quot;, vadov\u0117liai 9-10, 11-12 klas\u0117ms ir kt.).  Tai jau antrasis knygos leidimas (pirmasis i\u0161leistas 2002 m.). Antrasis leidimas pataisytas i\u0161 esm\u0117s (atsi\u017evelgta \u012f pakitusius \u012fstatymus, pasikeitimus mokes\u010di\u0173 sistemoje, atsiradusius ir pensij\u0173 kaupimo b\u016bdus). Ta\u010diau nagrin\u0117jamos problemos i\u0161liko tos pa\u010dios, tod\u0117l patariama, kaip \u012fveikti kasdien\u012f galvos skausm\u0105, vadinam\u0105 pinigais.\" \/>\n<meta property=\"og:url\" content=\"https:\/\/skaitytaknyga.lt\/en\/produktas\/ausra-maldeikiene-ismokite-skaiciuoti-savo-pinigus\/\" \/>\n<meta property=\"og:site_name\" content=\"Skaitytaknyga\" \/>\n<meta property=\"article:publisher\" content=\"https:\/\/www.facebook.com\/skaitytaknyga\/\" \/>\n<meta property=\"article:modified_time\" content=\"2025-06-26T13:09:59+00:00\" \/>\n<meta property=\"og:image\" content=\"https:\/\/skaitytaknyga.lt\/wp-content\/uploads\/2024\/04\/maldeikiene-ausra-ismokite-skaiciuoti-savo-pinigus-e1612645752470.jpg\" \/>\n\t<meta property=\"og:image:width\" content=\"535\" \/>\n\t<meta property=\"og:image:height\" content=\"780\" \/>\n\t<meta property=\"og:image:type\" content=\"image\/jpeg\" \/>\n<meta name=\"twitter:card\" content=\"summary_large_image\" \/>\n<meta name=\"twitter:label1\" content=\"Estimated reading time\" \/>\n\t<meta name=\"twitter:data1\" content=\"1 minute\" \/>\n<script type=\"application\/ld+json\" class=\"yoast-schema-graph\">{\"@context\":\"https:\/\/schema.org\",\"@graph\":[{\"@type\":\"WebPage\",\"@id\":\"https:\/\/skaitytaknyga.lt\/produktas\/ausra-maldeikiene-ismokite-skaiciuoti-savo-pinigus\/\",\"url\":\"https:\/\/skaitytaknyga.lt\/produktas\/ausra-maldeikiene-ismokite-skaiciuoti-savo-pinigus\/\",\"name\":\"I\u0161mokite skai\u010diuoti savo pinigus\",\"isPartOf\":{\"@id\":\"https:\/\/skaitytaknyga.lt\/#website\"},\"primaryImageOfPage\":{\"@id\":\"https:\/\/skaitytaknyga.lt\/produktas\/ausra-maldeikiene-ismokite-skaiciuoti-savo-pinigus\/#primaryimage\"},\"image\":{\"@id\":\"https:\/\/skaitytaknyga.lt\/produktas\/ausra-maldeikiene-ismokite-skaiciuoti-savo-pinigus\/#primaryimage\"},\"thumbnailUrl\":\"https:\/\/skaitytaknyga.lt\/wp-content\/uploads\/2024\/04\/maldeikiene-ausra-ismokite-skaiciuoti-savo-pinigus-e1612645752470.jpg\",\"datePublished\":\"2024-04-17T13:49:52+00:00\",\"dateModified\":\"2025-06-26T13:09:59+00:00\",\"description\":\"Au\u0161ra Maldeikien\u0117, docent\u0117, moksl\u0173 daktar\u0117 \u2013 ry\u0161ki fig\u016bra Lietuvos ekonomikos padang\u0117je. Baigusi Maskvos universitete politin\u0117s ekonomijos studijas ir aspirant\u016br\u0105, paskutin\u012f de\u0161imtmet\u012f i\u0161populiar\u0117jo kaip \u017eurnaliste, dirbo spaudos atstove Vilniaus banke, dabar d\u0117sto Vilniaus universitete. I\u0161leido kelet\u0105 ekonomikos vadov\u0117li\u0173 (\u201ePratyb\u0173 s\u0105siuvinis 9-10 klasi\u0173 mokiniams\\\", \u201eEkonomika: Mokytojo knyga\\\", vadov\u0117liai 9-10, 11-12 klas\u0117ms ir kt.). Tai jau antrasis knygos leidimas (pirmasis i\u0161leistas 2002 m.). Antrasis leidimas pataisytas i\u0161 esm\u0117s (atsi\u017evelgta \u012f pakitusius \u012fstatymus, pasikeitimus mokes\u010di\u0173 sistemoje, atsiradusius ir pensij\u0173 kaupimo b\u016bdus). Ta\u010diau nagrin\u0117jamos problemos i\u0161liko tos pa\u010dios, tod\u0117l patariama, kaip \u012fveikti kasdien\u012f galvos skausm\u0105, vadinam\u0105 pinigais.\",\"breadcrumb\":{\"@id\":\"https:\/\/skaitytaknyga.lt\/produktas\/ausra-maldeikiene-ismokite-skaiciuoti-savo-pinigus\/#breadcrumb\"},\"inLanguage\":\"en-GB\",\"potentialAction\":[{\"@type\":\"ReadAction\",\"target\":[\"https:\/\/skaitytaknyga.lt\/produktas\/ausra-maldeikiene-ismokite-skaiciuoti-savo-pinigus\/\"]}]},{\"@type\":\"ImageObject\",\"inLanguage\":\"en-GB\",\"@id\":\"https:\/\/skaitytaknyga.lt\/produktas\/ausra-maldeikiene-ismokite-skaiciuoti-savo-pinigus\/#primaryimage\",\"url\":\"https:\/\/skaitytaknyga.lt\/wp-content\/uploads\/2024\/04\/maldeikiene-ausra-ismokite-skaiciuoti-savo-pinigus-e1612645752470.jpg\",\"contentUrl\":\"https:\/\/skaitytaknyga.lt\/wp-content\/uploads\/2024\/04\/maldeikiene-ausra-ismokite-skaiciuoti-savo-pinigus-e1612645752470.jpg\",\"width\":535,\"height\":780},{\"@type\":\"BreadcrumbList\",\"@id\":\"https:\/\/skaitytaknyga.lt\/produktas\/ausra-maldeikiene-ismokite-skaiciuoti-savo-pinigus\/#breadcrumb\",\"itemListElement\":[{\"@type\":\"ListItem\",\"position\":1,\"name\":\"Home\",\"item\":\"https:\/\/skaitytaknyga.lt\/\"},{\"@type\":\"ListItem\",\"position\":2,\"name\":\"Parduotuv\u0117\",\"item\":\"https:\/\/skaitytaknyga.lt\/knygu-parduotuve\/\"},{\"@type\":\"ListItem\",\"position\":3,\"name\":\"I\u0161mokite skai\u010diuoti savo pinigus\"}]},{\"@type\":\"WebSite\",\"@id\":\"https:\/\/skaitytaknyga.lt\/#website\",\"url\":\"https:\/\/skaitytaknyga.lt\/\",\"name\":\"skaitytaknyga.lt\",\"description\":\"Skaitytaknyga.lt \u2013 tai ma\u017eas \u0161eimos verslas, kuris prasid\u0117jo nuo meil\u0117s knygoms ir siekio i\u0161gelb\u0117ti knygas nuo likimo prie konteinerio. Kas vienam nereikalingas daiktas \u2013 kitam lobis, o mes esame tarpininkai, kurie padeda abiems tapti laimingesniems ???? \u017dinome kaip nelengva i\u0161gyventi ma\u017eiems verslams, tad nuo \u0161iol, \u010dia rasite ir kit\u0173, ma\u017e\u0173 \u0161eim\u0173 versl\u0173, rank\u0173 darbo, dovan\u0173 sau ir artimiesiems.\",\"publisher\":{\"@id\":\"https:\/\/skaitytaknyga.lt\/#organization\"},\"potentialAction\":[{\"@type\":\"SearchAction\",\"target\":{\"@type\":\"EntryPoint\",\"urlTemplate\":\"https:\/\/skaitytaknyga.lt\/?s={search_term_string}\"},\"query-input\":{\"@type\":\"PropertyValueSpecification\",\"valueRequired\":true,\"valueName\":\"search_term_string\"}}],\"inLanguage\":\"en-GB\"},{\"@type\":\"Organization\",\"@id\":\"https:\/\/skaitytaknyga.lt\/#organization\",\"name\":\"skaitytaknyga.lt\",\"url\":\"https:\/\/skaitytaknyga.lt\/\",\"logo\":{\"@type\":\"ImageObject\",\"inLanguage\":\"en-GB\",\"@id\":\"https:\/\/skaitytaknyga.lt\/#\/schema\/logo\/image\/\",\"url\":\"https:\/\/skaitytaknyga.lt\/wp-content\/uploads\/2024\/05\/cropped-cropped-cropped-02_00843_jt3bggkj1j3HLc7SyY6rEUpg.jpeg\",\"contentUrl\":\"https:\/\/skaitytaknyga.lt\/wp-content\/uploads\/2024\/05\/cropped-cropped-cropped-02_00843_jt3bggkj1j3HLc7SyY6rEUpg.jpeg\",\"width\":1600,\"height\":1600,\"caption\":\"skaitytaknyga.lt\"},\"image\":{\"@id\":\"https:\/\/skaitytaknyga.lt\/#\/schema\/logo\/image\/\"},\"sameAs\":[\"https:\/\/www.facebook.com\/skaitytaknyga\/\"]}]}<\/script>\n<!-- \/ Yoast SEO plugin. -->","yoast_head_json":{"title":"I\u0161mokite skai\u010diuoti savo pinigus","description":"Au\u0161ra Maldeikien\u0117, docent\u0117, moksl\u0173 daktar\u0117 \u2013 ry\u0161ki fig\u016bra Lietuvos ekonomikos padang\u0117je. Baigusi Maskvos universitete politin\u0117s ekonomijos studijas ir aspirant\u016br\u0105, paskutin\u012f de\u0161imtmet\u012f i\u0161populiar\u0117jo kaip \u017eurnaliste, dirbo spaudos atstove Vilniaus banke, dabar d\u0117sto Vilniaus universitete. I\u0161leido kelet\u0105 ekonomikos vadov\u0117li\u0173 (\u201ePratyb\u0173 s\u0105siuvinis 9-10 klasi\u0173 mokiniams\", \u201eEkonomika: Mokytojo knyga\", vadov\u0117liai 9-10, 11-12 klas\u0117ms ir kt.).  Tai jau antrasis knygos leidimas (pirmasis i\u0161leistas 2002 m.). Antrasis leidimas pataisytas i\u0161 esm\u0117s (atsi\u017evelgta \u012f pakitusius \u012fstatymus, pasikeitimus mokes\u010di\u0173 sistemoje, atsiradusius ir pensij\u0173 kaupimo b\u016bdus). Ta\u010diau nagrin\u0117jamos problemos i\u0161liko tos pa\u010dios, tod\u0117l patariama, kaip \u012fveikti kasdien\u012f galvos skausm\u0105, vadinam\u0105 pinigais.","robots":{"index":"index","follow":"follow","max-snippet":"max-snippet:-1","max-image-preview":"max-image-preview:large","max-video-preview":"max-video-preview:-1"},"canonical":"https:\/\/skaitytaknyga.lt\/en\/produktas\/ausra-maldeikiene-ismokite-skaiciuoti-savo-pinigus\/","og_locale":"en_GB","og_type":"article","og_title":"[:lt]I\u0161mokite skai\u010diuoti savo pinigus[:] - Skaitytaknyga","og_description":"Au\u0161ra Maldeikien\u0117, docent\u0117, moksl\u0173 daktar\u0117 \u2013 ry\u0161ki fig\u016bra Lietuvos ekonomikos padang\u0117je. Baigusi Maskvos universitete politin\u0117s ekonomijos studijas ir aspirant\u016br\u0105, paskutin\u012f de\u0161imtmet\u012f i\u0161populiar\u0117jo kaip \u017eurnaliste, dirbo spaudos atstove Vilniaus banke, dabar d\u0117sto Vilniaus universitete. I\u0161leido kelet\u0105 ekonomikos vadov\u0117li\u0173 (\u201ePratyb\u0173 s\u0105siuvinis 9-10 klasi\u0173 mokiniams\", \u201eEkonomika: Mokytojo knyga\", vadov\u0117liai 9-10, 11-12 klas\u0117ms ir kt.).  Tai jau antrasis knygos leidimas (pirmasis i\u0161leistas 2002 m.). Antrasis leidimas pataisytas i\u0161 esm\u0117s (atsi\u017evelgta \u012f pakitusius \u012fstatymus, pasikeitimus mokes\u010di\u0173 sistemoje, atsiradusius ir pensij\u0173 kaupimo b\u016bdus). Ta\u010diau nagrin\u0117jamos problemos i\u0161liko tos pa\u010dios, tod\u0117l patariama, kaip \u012fveikti kasdien\u012f galvos skausm\u0105, vadinam\u0105 pinigais.","og_url":"https:\/\/skaitytaknyga.lt\/en\/produktas\/ausra-maldeikiene-ismokite-skaiciuoti-savo-pinigus\/","og_site_name":"Skaitytaknyga","article_publisher":"https:\/\/www.facebook.com\/skaitytaknyga\/","article_modified_time":"2025-06-26T13:09:59+00:00","og_image":[{"width":535,"height":780,"url":"https:\/\/skaitytaknyga.lt\/wp-content\/uploads\/2024\/04\/maldeikiene-ausra-ismokite-skaiciuoti-savo-pinigus-e1612645752470.jpg","type":"image\/jpeg"}],"twitter_card":"summary_large_image","twitter_misc":{"Estimated reading time":"1 minute"},"schema":{"@context":"https:\/\/schema.org","@graph":[{"@type":"WebPage","@id":"https:\/\/skaitytaknyga.lt\/produktas\/ausra-maldeikiene-ismokite-skaiciuoti-savo-pinigus\/","url":"https:\/\/skaitytaknyga.lt\/produktas\/ausra-maldeikiene-ismokite-skaiciuoti-savo-pinigus\/","name":"I\u0161mokite skai\u010diuoti savo pinigus","isPartOf":{"@id":"https:\/\/skaitytaknyga.lt\/#website"},"primaryImageOfPage":{"@id":"https:\/\/skaitytaknyga.lt\/produktas\/ausra-maldeikiene-ismokite-skaiciuoti-savo-pinigus\/#primaryimage"},"image":{"@id":"https:\/\/skaitytaknyga.lt\/produktas\/ausra-maldeikiene-ismokite-skaiciuoti-savo-pinigus\/#primaryimage"},"thumbnailUrl":"https:\/\/skaitytaknyga.lt\/wp-content\/uploads\/2024\/04\/maldeikiene-ausra-ismokite-skaiciuoti-savo-pinigus-e1612645752470.jpg","datePublished":"2024-04-17T13:49:52+00:00","dateModified":"2025-06-26T13:09:59+00:00","description":"Au\u0161ra Maldeikien\u0117, docent\u0117, moksl\u0173 daktar\u0117 \u2013 ry\u0161ki fig\u016bra Lietuvos ekonomikos padang\u0117je. Baigusi Maskvos universitete politin\u0117s ekonomijos studijas ir aspirant\u016br\u0105, paskutin\u012f de\u0161imtmet\u012f i\u0161populiar\u0117jo kaip \u017eurnaliste, dirbo spaudos atstove Vilniaus banke, dabar d\u0117sto Vilniaus universitete. I\u0161leido kelet\u0105 ekonomikos vadov\u0117li\u0173 (\u201ePratyb\u0173 s\u0105siuvinis 9-10 klasi\u0173 mokiniams\", \u201eEkonomika: Mokytojo knyga\", vadov\u0117liai 9-10, 11-12 klas\u0117ms ir kt.). Tai jau antrasis knygos leidimas (pirmasis i\u0161leistas 2002 m.). Antrasis leidimas pataisytas i\u0161 esm\u0117s (atsi\u017evelgta \u012f pakitusius \u012fstatymus, pasikeitimus mokes\u010di\u0173 sistemoje, atsiradusius ir pensij\u0173 kaupimo b\u016bdus). Ta\u010diau nagrin\u0117jamos problemos i\u0161liko tos pa\u010dios, tod\u0117l patariama, kaip \u012fveikti kasdien\u012f galvos skausm\u0105, vadinam\u0105 pinigais.","breadcrumb":{"@id":"https:\/\/skaitytaknyga.lt\/produktas\/ausra-maldeikiene-ismokite-skaiciuoti-savo-pinigus\/#breadcrumb"},"inLanguage":"en-GB","potentialAction":[{"@type":"ReadAction","target":["https:\/\/skaitytaknyga.lt\/produktas\/ausra-maldeikiene-ismokite-skaiciuoti-savo-pinigus\/"]}]},{"@type":"ImageObject","inLanguage":"en-GB","@id":"https:\/\/skaitytaknyga.lt\/produktas\/ausra-maldeikiene-ismokite-skaiciuoti-savo-pinigus\/#primaryimage","url":"https:\/\/skaitytaknyga.lt\/wp-content\/uploads\/2024\/04\/maldeikiene-ausra-ismokite-skaiciuoti-savo-pinigus-e1612645752470.jpg","contentUrl":"https:\/\/skaitytaknyga.lt\/wp-content\/uploads\/2024\/04\/maldeikiene-ausra-ismokite-skaiciuoti-savo-pinigus-e1612645752470.jpg","width":535,"height":780},{"@type":"BreadcrumbList","@id":"https:\/\/skaitytaknyga.lt\/produktas\/ausra-maldeikiene-ismokite-skaiciuoti-savo-pinigus\/#breadcrumb","itemListElement":[{"@type":"ListItem","position":1,"name":"Home","item":"https:\/\/skaitytaknyga.lt\/"},{"@type":"ListItem","position":2,"name":"Parduotuv\u0117","item":"https:\/\/skaitytaknyga.lt\/knygu-parduotuve\/"},{"@type":"ListItem","position":3,"name":"I\u0161mokite skai\u010diuoti savo pinigus"}]},{"@type":"WebSite","@id":"https:\/\/skaitytaknyga.lt\/#website","url":"https:\/\/skaitytaknyga.lt\/","name":"skaitytaknyga.lt","description":"Skaitytaknyga.lt \u2013 tai ma\u017eas \u0161eimos verslas, kuris prasid\u0117jo nuo meil\u0117s knygoms ir siekio i\u0161gelb\u0117ti knygas nuo likimo prie konteinerio. Kas vienam nereikalingas daiktas \u2013 kitam lobis, o mes esame tarpininkai, kurie padeda abiems tapti laimingesniems ???? \u017dinome kaip nelengva i\u0161gyventi ma\u017eiems verslams, tad nuo \u0161iol, \u010dia rasite ir kit\u0173, ma\u017e\u0173 \u0161eim\u0173 versl\u0173, rank\u0173 darbo, dovan\u0173 sau ir artimiesiems.","publisher":{"@id":"https:\/\/skaitytaknyga.lt\/#organization"},"potentialAction":[{"@type":"SearchAction","target":{"@type":"EntryPoint","urlTemplate":"https:\/\/skaitytaknyga.lt\/?s={search_term_string}"},"query-input":{"@type":"PropertyValueSpecification","valueRequired":true,"valueName":"search_term_string"}}],"inLanguage":"en-GB"},{"@type":"Organization","@id":"https:\/\/skaitytaknyga.lt\/#organization","name":"skaitytaknyga.lt","url":"https:\/\/skaitytaknyga.lt\/","logo":{"@type":"ImageObject","inLanguage":"en-GB","@id":"https:\/\/skaitytaknyga.lt\/#\/schema\/logo\/image\/","url":"https:\/\/skaitytaknyga.lt\/wp-content\/uploads\/2024\/05\/cropped-cropped-cropped-02_00843_jt3bggkj1j3HLc7SyY6rEUpg.jpeg","contentUrl":"https:\/\/skaitytaknyga.lt\/wp-content\/uploads\/2024\/05\/cropped-cropped-cropped-02_00843_jt3bggkj1j3HLc7SyY6rEUpg.jpeg","width":1600,"height":1600,"caption":"skaitytaknyga.lt"},"image":{"@id":"https:\/\/skaitytaknyga.lt\/#\/schema\/logo\/image\/"},"sameAs":["https:\/\/www.facebook.com\/skaitytaknyga\/"]}]}},"_links":{"self":[{"href":"https:\/\/skaitytaknyga.lt\/en\/wp-json\/wp\/v2\/product\/4517","targetHints":{"allow":["GET"]}}],"collection":[{"href":"https:\/\/skaitytaknyga.lt\/en\/wp-json\/wp\/v2\/product"}],"about":[{"href":"https:\/\/skaitytaknyga.lt\/en\/wp-json\/wp\/v2\/types\/product"}],"replies":[{"embeddable":true,"href":"https:\/\/skaitytaknyga.lt\/en\/wp-json\/wp\/v2\/comments?post=4517"}],"wp:featuredmedia":[{"embeddable":true,"href":"https:\/\/skaitytaknyga.lt\/en\/wp-json\/wp\/v2\/media\/4558"}],"wp:attachment":[{"href":"https:\/\/skaitytaknyga.lt\/en\/wp-json\/wp\/v2\/media?parent=4517"}],"wp:term":[{"taxonomy":"product_brand","embeddable":true,"href":"https:\/\/skaitytaknyga.lt\/en\/wp-json\/wp\/v2\/product_brand?post=4517"},{"taxonomy":"product_cat","embeddable":true,"href":"https:\/\/skaitytaknyga.lt\/en\/wp-json\/wp\/v2\/product_cat?post=4517"},{"taxonomy":"product_tag","embeddable":true,"href":"https:\/\/skaitytaknyga.lt\/en\/wp-json\/wp\/v2\/product_tag?post=4517"}],"curies":[{"name":"wp","href":"https:\/\/api.w.org\/{rel}","templated":true}]}}